{"id":8425,"date":"2023-12-07T09:57:50","date_gmt":"2023-12-07T09:57:50","guid":{"rendered":"https:\/\/www.whitesmh.co.uk\/products\/rastrillos-de-tierra\/"},"modified":"2024-11-19T09:19:19","modified_gmt":"2024-11-19T09:19:19","slug":"rastrillos-de-tierra","status":"publish","type":"product","link":"https:\/\/www.whitesmh.co.uk\/es\/producto\/rastrillos-de-tierra\/","title":{"rendered":"Rastrillos de tierra"},"content":{"rendered":"\n<div class=\"wp-block-columns is-layout-flex wp-container-core-columns-is-layout-28f84493 wp-block-columns-is-layout-flex\">\n<div class=\"wp-block-column is-vertically-aligned-center is-layout-flow wp-block-column-is-layout-flow\">\n<figure class=\"wp-block-image size-full\"><img loading=\"lazy\" decoding=\"async\" width=\"640\" height=\"480\" src=\"https:\/\/www.whitesmh.co.uk\/wp-content\/uploads\/257-edited.jpg\" alt=\"\" class=\"wp-image-1824\" srcset=\"https:\/\/www.whitesmh.co.uk\/wp-content\/uploads\/257-edited.jpg 640w, https:\/\/www.whitesmh.co.uk\/wp-content\/uploads\/257-edited-600x450.jpg 600w\" sizes=\"auto, (max-width: 640px) 100vw, 640px\" \/><\/figure>\n<\/div>\n\n\n\n<div class=\"wp-block-column is-layout-flow wp-block-column-is-layout-flow\">\n<h2 class=\"wp-block-heading\" style=\"text-transform:uppercase\">RASTRILLOS DE TIERRA<\/h2>\n\n\n\n<p>El rastrillo de tierra WHITES es una soluci\u00f3n perfecta para la limpieza de sitios y la recuperaci\u00f3n de tierras. Sus perfiles de alta resistencia permiten la clasificaci\u00f3n de rocas y suelos.  <\/p>\n\n\n\n<ul class=\"wp-block-list\">\n<li>Muy adecuado para el paisajismo y la recuperaci\u00f3n de tierras<\/li>\n\n\n\n<li>Clasifique rocas, demoliciones y residuos con facilidad<\/li>\n\n\n\n<li>Recoge rocas grandes mientras dejas atr\u00e1s la tierra<\/li>\n\n\n\n<li>Dise\u00f1o de alta resistencia para una larga vida \u00fatil del accesorio<\/li>\n\n\n\n<li>Tama\u00f1os est\u00e1ndar a continuaci\u00f3n, rastrillos construidos seg\u00fan las especificaciones a pedido<\/li>\n<\/ul>\n\n\n\n<div class=\"wp-block-columns is-layout-flex wp-container-core-columns-is-layout-28f84493 wp-block-columns-is-layout-flex\">\n<div class=\"wp-block-column is-layout-flow wp-block-column-is-layout-flow\" style=\"flex-basis:100%\">\n<figure class=\"wp-block-image size-full is-resized\"><img loading=\"lazy\" decoding=\"async\" width=\"626\" height=\"149\" src=\"https:\/\/www.whitesmh.co.uk\/wp-content\/uploads\/image.png\" alt=\"\" class=\"wp-image-635\" style=\"width:268px;height:auto\" srcset=\"https:\/\/www.whitesmh.co.uk\/wp-content\/uploads\/image.png 626w, https:\/\/www.whitesmh.co.uk\/wp-content\/uploads\/image-600x143.png 600w\" sizes=\"auto, (max-width: 626px) 100vw, 626px\" \/><\/figure>\n<\/div>\n<\/div>\n\n\n\n<div class=\"wp-block-buttons is-layout-flex wp-block-buttons-is-layout-flex\">\n<div class=\"wp-block-button\"><a class=\"wp-block-button__link wp-element-button\" href=\"https:\/\/www.whitesmh.co.uk\/es\/contacto\/\">CONT\u00c1CTENOS<\/a><\/div>\n\n\n\n<div class=\"wp-block-button\"><a class=\"wp-block-button__link wp-element-button\" href=\"https:\/\/drive.google.com\/file\/d\/167DB59HKg3x_YkzHnHLDmk8a76Ll38U6\/view?usp=sharing\" target=\"_blank\" rel=\"noopener\">FICHA T\u00c9CNICA<\/a><\/div>\n<\/div>\n<\/div>\n<\/div>\n\n<div class=\"wp-block-group has-primary-background-color has-background is-layout-flow wp-block-group-is-layout-flow\" style=\"margin-top:30px;margin-bottom:30px;padding-top:var(--wp--preset--spacing--40);padding-right:var(--wp--preset--spacing--40);padding-bottom:var(--wp--preset--spacing--40);padding-left:var(--wp--preset--spacing--40)\">\n<h3 class=\"wp-block-heading\">MODELOS<\/h3>\n<\/div>\n\n<div class=\"wp-block-group is-layout-constrained wp-block-group-is-layout-constrained\"><\/div>\n\n<figure class=\"wp-block-table\"><table><tbody><tr><td class=\"has-text-align-center\" data-align=\"center\"><strong>N\u00famero de pieza<\/strong><\/td><td class=\"has-text-align-center\" data-align=\"center\"><strong>Ancho (mm)<\/strong><\/td><td class=\"has-text-align-center\" data-align=\"center\"><strong>Ancho (pulgadas)<\/strong><\/td><td class=\"has-text-align-center\" data-align=\"center\"><strong>Tama\u00f1o de la m\u00e1quina<\/strong><\/td><\/tr><tr><td class=\"has-text-align-center\" data-align=\"center\">EK1524<\/td><td class=\"has-text-align-center\" data-align=\"center\">600mm<\/td><td class=\"has-text-align-center\" data-align=\"center\">24\u00bb<\/td><td class=\"has-text-align-center\" data-align=\"center\">1.50T<\/td><\/tr><tr><td class=\"has-text-align-center\" data-align=\"center\">EK3024<\/td><td class=\"has-text-align-center\" data-align=\"center\">600mm<\/td><td class=\"has-text-align-center\" data-align=\"center\">24\u00bb<\/td><td class=\"has-text-align-center\" data-align=\"center\">3.0T<\/td><\/tr><tr><td class=\"has-text-align-center\" data-align=\"center\">EK3036<\/td><td class=\"has-text-align-center\" data-align=\"center\">900mm<\/td><td class=\"has-text-align-center\" data-align=\"center\">36\u00bb<\/td><td class=\"has-text-align-center\" data-align=\"center\">3.0T<\/td><\/tr><tr><td class=\"has-text-align-center\" data-align=\"center\">EK5548<\/td><td class=\"has-text-align-center\" data-align=\"center\">1200mm<\/td><td class=\"has-text-align-center\" data-align=\"center\">48\u00bb<\/td><td class=\"has-text-align-center\" data-align=\"center\">4.0T &#8211; 5.50T<\/td><\/tr><tr><td class=\"has-text-align-center\" data-align=\"center\">EK5560<\/td><td class=\"has-text-align-center\" data-align=\"center\">1500mm<\/td><td class=\"has-text-align-center\" data-align=\"center\">60\u00bb<\/td><td class=\"has-text-align-center\" data-align=\"center\">7.0T &#8211; 9.0T<\/td><\/tr><tr><td class=\"has-text-align-center\" data-align=\"center\">EK7060<\/td><td class=\"has-text-align-center\" data-align=\"center\">1500mm<\/td><td class=\"has-text-align-center\" data-align=\"center\">60\u00bb<\/td><td class=\"has-text-align-center\" data-align=\"center\">7.0T &#8211; 9.0T<\/td><\/tr><tr><td class=\"has-text-align-center\" data-align=\"center\">EK1372<\/td><td class=\"has-text-align-center\" data-align=\"center\">1850mm<\/td><td class=\"has-text-align-center\" data-align=\"center\">72\u00bb<\/td><td class=\"has-text-align-center\" data-align=\"center\">13.0T<\/td><\/tr><\/tbody><\/table><\/figure>\n\n<div class=\"wp-block-group is-layout-flow wp-block-group-is-layout-flow\">\n<div class=\"wp-block-group has-primary-background-color has-background is-layout-flow wp-block-group-is-layout-flow\" style=\"margin-top:30px;margin-bottom:30px;padding-top:var(--wp--preset--spacing--40);padding-right:var(--wp--preset--spacing--40);padding-bottom:var(--wp--preset--spacing--40);padding-left:var(--wp--preset--spacing--40)\">\n<h3 class=\"wp-block-heading\">GALER\u00cdA<\/h3>\n<\/div>\n\n\n\n<figure class=\"wp-block-gallery has-nested-images columns-4 is-cropped wp-block-gallery-1 is-layout-flex wp-block-gallery-is-layout-flex\">\n<figure class=\"wp-block-image size-thumbnail\"><a href=\"https:\/\/www.whitesmh.co.uk\/wp-content\/uploads\/257-edited.jpg\"><img loading=\"lazy\" decoding=\"async\" width=\"400\" height=\"400\" data-id=\"1824\" src=\"https:\/\/www.whitesmh.co.uk\/wp-content\/uploads\/257-edited-400x400.jpg\" alt=\"\" class=\"wp-image-1824\" srcset=\"https:\/\/www.whitesmh.co.uk\/wp-content\/uploads\/257-edited-400x400.jpg 400w, https:\/\/www.whitesmh.co.uk\/wp-content\/uploads\/257-edited-300x300.jpg 300w, https:\/\/www.whitesmh.co.uk\/wp-content\/uploads\/257-edited-100x100.jpg 100w\" sizes=\"auto, (max-width: 400px) 100vw, 400px\" \/><\/a><\/figure>\n\n\n\n<figure class=\"wp-block-image size-thumbnail\"><a href=\"https:\/\/www.whitesmh.co.uk\/wp-content\/uploads\/254-scaled.jpg\"><img loading=\"lazy\" decoding=\"async\" width=\"400\" height=\"400\" data-id=\"1825\" src=\"https:\/\/www.whitesmh.co.uk\/wp-content\/uploads\/254-400x400.jpg\" alt=\"\" class=\"wp-image-1825\" srcset=\"https:\/\/www.whitesmh.co.uk\/wp-content\/uploads\/254-400x400.jpg 400w, https:\/\/www.whitesmh.co.uk\/wp-content\/uploads\/254-scaled-300x300.jpg 300w, https:\/\/www.whitesmh.co.uk\/wp-content\/uploads\/254-scaled-100x100.jpg 100w\" sizes=\"auto, (max-width: 400px) 100vw, 400px\" \/><\/a><\/figure>\n\n\n\n<figure class=\"wp-block-image size-thumbnail\"><a href=\"https:\/\/www.whitesmh.co.uk\/wp-content\/uploads\/256.jpg\"><img loading=\"lazy\" decoding=\"async\" width=\"400\" height=\"400\" data-id=\"1826\" src=\"https:\/\/www.whitesmh.co.uk\/wp-content\/uploads\/256-400x400.jpg\" alt=\"\" class=\"wp-image-1826\" srcset=\"https:\/\/www.whitesmh.co.uk\/wp-content\/uploads\/256-400x400.jpg 400w, https:\/\/www.whitesmh.co.uk\/wp-content\/uploads\/256-300x300.jpg 300w, https:\/\/www.whitesmh.co.uk\/wp-content\/uploads\/256-100x100.jpg 100w\" sizes=\"auto, (max-width: 400px) 100vw, 400px\" \/><\/a><\/figure>\n\n\n\n<figure class=\"wp-block-image size-thumbnail\"><a href=\"https:\/\/www.whitesmh.co.uk\/wp-content\/uploads\/338.jpg\"><img loading=\"lazy\" decoding=\"async\" width=\"400\" height=\"400\" data-id=\"1828\" src=\"https:\/\/www.whitesmh.co.uk\/wp-content\/uploads\/338-400x400.jpg\" alt=\"\" class=\"wp-image-1828\" srcset=\"https:\/\/www.whitesmh.co.uk\/wp-content\/uploads\/338-400x400.jpg 400w, https:\/\/www.whitesmh.co.uk\/wp-content\/uploads\/338-300x300.jpg 300w, https:\/\/www.whitesmh.co.uk\/wp-content\/uploads\/338-100x100.jpg 100w\" sizes=\"auto, (max-width: 400px) 100vw, 400px\" \/><\/a><\/figure>\n<\/figure>\n<\/div>\n","protected":false},"excerpt":{"rendered":"<p>RASTRILLOS DE TIERRA El rastrillo de tierra WHITES es una soluci\u00f3n perfecta para la limpieza de sitios y la recuperaci\u00f3n de tierras. Sus perfiles de alta resistencia permiten la clasificaci\u00f3n de rocas y suelos. MODELOS N\u00famero de pieza Ancho (mm) Ancho (pulgadas) Tama\u00f1o de la m\u00e1quina EK1524 600mm 24\u00bb 1.50T EK3024 600mm 24\u00bb 3.0T EK3036&hellip;<\/p>\n","protected":false},"featured_media":10526,"template":"","meta":{"_acf_changed":false},"product_brand":[],"product_cat":[293,322],"product_tag":[],"class_list":{"2":"type-product","8":"product","9":"first","10":"instock","11":"taxable","12":"shipping-taxable","13":"product-type-simple"},"acf":[],"_links":{"self":[{"href":"https:\/\/www.whitesmh.co.uk\/es\/wp-json\/wp\/v2\/product\/8425","targetHints":{"allow":["GET"]}}],"collection":[{"href":"https:\/\/www.whitesmh.co.uk\/es\/wp-json\/wp\/v2\/product"}],"about":[{"href":"https:\/\/www.whitesmh.co.uk\/es\/wp-json\/wp\/v2\/types\/product"}],"wp:featuredmedia":[{"embeddable":true,"href":"https:\/\/www.whitesmh.co.uk\/es\/wp-json\/wp\/v2\/media\/10526"}],"wp:attachment":[{"href":"https:\/\/www.whitesmh.co.uk\/es\/wp-json\/wp\/v2\/media?parent=8425"}],"wp:term":[{"taxonomy":"product_brand","embeddable":true,"href":"https:\/\/www.whitesmh.co.uk\/es\/wp-json\/wp\/v2\/product_brand?post=8425"},{"taxonomy":"product_cat","embeddable":true,"href":"https:\/\/www.whitesmh.co.uk\/es\/wp-json\/wp\/v2\/product_cat?post=8425"},{"taxonomy":"product_tag","embeddable":true,"href":"https:\/\/www.whitesmh.co.uk\/es\/wp-json\/wp\/v2\/product_tag?post=8425"}],"curies":[{"name":"wp","href":"https:\/\/api.w.org\/{rel}","templated":true}]}}