{"id":8324,"date":"2023-11-20T18:47:34","date_gmt":"2023-11-20T18:47:34","guid":{"rendered":"https:\/\/www.whitesmh.co.uk\/products\/empujadores-de-grano-ag-x\/"},"modified":"2024-11-19T09:25:09","modified_gmt":"2024-11-19T09:25:09","slug":"empujadores-de-grano-ag-x","status":"publish","type":"product","link":"https:\/\/www.whitesmh.co.uk\/es\/producto\/empujadores-de-grano-ag-x\/","title":{"rendered":"Empujadores de grano AG-X"},"content":{"rendered":"\n<div class=\"wp-block-columns is-layout-flex wp-container-core-columns-is-layout-28f84493 wp-block-columns-is-layout-flex\">\n<div class=\"wp-block-column is-layout-flow wp-block-column-is-layout-flow\">\n<h2 class=\"wp-block-heading\" style=\"text-transform:uppercase\">EMPUJADORES DE GRANO AG-X<\/h2>\n\n\n\n<p>El bulldozer de grano WHITES AG-X se basa en un dise\u00f1o modular en el que la longitud se puede agregar f\u00e1cilmente si es necesario insertando pernos en extensiones. El dise\u00f1o tubular significa menos lugares para atrapar el grano.  <\/p>\n\n\n\n<ul class=\"wp-block-list\">\n<li>Modelos de 10 pies, 12 pies y 14 pies<\/li>\n\n\n\n<li>Dise\u00f1o atornillado: se puede agregar longitud<\/li>\n\n\n\n<li>Pernos opcionales de 3&#8242; y 6&#8242; en extensiones  <\/li>\n\n\n\n<li>Dise\u00f1o de un solo tubo: menos trampas de grano<\/li>\n\n\n\n<li>Hoja delantera de 2450 mm x 1000 mm<\/li>\n\n\n\n<li>Tira de desgaste de nailon<\/li>\n\n\n\n<li>Opciones de soporte atornillado<\/li>\n<\/ul>\n\n\n\n<div class=\"wp-block-columns is-layout-flex wp-container-core-columns-is-layout-28f84493 wp-block-columns-is-layout-flex\">\n<div class=\"wp-block-column is-layout-flow wp-block-column-is-layout-flow\" style=\"flex-basis:100%\">\n<figure class=\"wp-block-image size-medium is-resized\"><img loading=\"lazy\" decoding=\"async\" width=\"800\" height=\"135\" src=\"https:\/\/www.whitesmh.co.uk\/wp-content\/uploads\/MIB-AGX-800x135.jpg\" alt=\"\" class=\"wp-image-1173\" style=\"width:268px;height:auto\" srcset=\"https:\/\/www.whitesmh.co.uk\/wp-content\/uploads\/MIB-AGX-800x135.jpg 800w, https:\/\/www.whitesmh.co.uk\/wp-content\/uploads\/MIB-AGX-600x101.jpg 600w, https:\/\/www.whitesmh.co.uk\/wp-content\/uploads\/MIB-AGX-768x129.jpg 768w, https:\/\/www.whitesmh.co.uk\/wp-content\/uploads\/MIB-AGX.jpg 1046w\" sizes=\"auto, (max-width: 800px) 100vw, 800px\" \/><\/figure>\n<\/div>\n<\/div>\n\n\n\n<div class=\"wp-block-buttons is-layout-flex wp-block-buttons-is-layout-flex\">\n<div class=\"wp-block-button\"><a class=\"wp-block-button__link wp-element-button\" href=\"https:\/\/www.whitesmh.co.uk\/es\/contacto\/\">CONT\u00c1CTENOS<\/a><\/div>\n\n\n\n<div class=\"wp-block-button\"><a class=\"wp-block-button__link wp-element-button\" href=\"https:\/\/www.whitesmh.co.uk\/wp-content\/uploads\/WMH-Data-Sheet-Grain-Pushers.pptx\" target=\"_blank\" rel=\"noreferrer noopener\">FICHA T\u00c9CNICA<\/a><\/div>\n<\/div>\n<\/div>\n\n\n\n<div class=\"wp-block-column is-vertically-aligned-center is-layout-flow wp-block-column-is-layout-flow\">\n<figure class=\"wp-block-image size-full\"><img loading=\"lazy\" decoding=\"async\" width=\"2000\" height=\"1500\" src=\"https:\/\/www.whitesmh.co.uk\/wp-content\/uploads\/IMG_3463-1-scaled.jpeg\" alt=\"\" class=\"wp-image-1163\" srcset=\"https:\/\/www.whitesmh.co.uk\/wp-content\/uploads\/IMG_3463-1-scaled.jpeg 2000w, https:\/\/www.whitesmh.co.uk\/wp-content\/uploads\/IMG_3463-1-scaled-600x450.jpeg 600w, https:\/\/www.whitesmh.co.uk\/wp-content\/uploads\/IMG_3463-1-800x600.jpeg 800w, https:\/\/www.whitesmh.co.uk\/wp-content\/uploads\/IMG_3463-1-768x576.jpeg 768w\" sizes=\"auto, (max-width: 800px) 100vw, 800px\" \/><\/figure>\n<\/div>\n<\/div>\n\n<div class=\"wp-block-group has-primary-background-color has-background is-layout-flow wp-block-group-is-layout-flow\" style=\"margin-top:30px;margin-bottom:30px;padding-top:var(--wp--preset--spacing--40);padding-right:var(--wp--preset--spacing--40);padding-bottom:var(--wp--preset--spacing--40);padding-left:var(--wp--preset--spacing--40)\">\n<h3 class=\"wp-block-heading\">MODELOS<\/h3>\n<\/div>\n\n<figure class=\"wp-block-table is-style-regular\"><table><tbody><tr><td class=\"has-text-align-center\" data-align=\"center\"><strong>Modelo<\/strong><\/td><td class=\"has-text-align-center\" data-align=\"center\"><strong>Longitud (mm)<\/strong><\/td><td class=\"has-text-align-center\" data-align=\"center\"><strong>Longitud (pies)<\/strong><\/td><td class=\"has-text-align-center\" data-align=\"center\"><strong>Ancho (pies)<\/strong><\/td><\/tr><tr><td class=\"has-text-align-center\" data-align=\"center\">GD0810<\/td><td class=\"has-text-align-center\" data-align=\"center\">3000mm<\/td><td class=\"has-text-align-center\" data-align=\"center\">10&#8242;<\/td><td class=\"has-text-align-center\" data-align=\"center\">8&#8242;<\/td><\/tr><tr><td class=\"has-text-align-center\" data-align=\"center\">GD0812<\/td><td class=\"has-text-align-center\" data-align=\"center\">3650mm<\/td><td class=\"has-text-align-center\" data-align=\"center\">12&#8242;<\/td><td class=\"has-text-align-center\" data-align=\"center\">8&#8242;<\/td><\/tr><tr><td class=\"has-text-align-center\" data-align=\"center\">GD0814<\/td><td class=\"has-text-align-center\" data-align=\"center\">4250mm<\/td><td class=\"has-text-align-center\" data-align=\"center\">14&#8242;<\/td><td class=\"has-text-align-center\" data-align=\"center\">8&#8242;<\/td><\/tr><tr><td class=\"has-text-align-center\" data-align=\"center\">GD0816<\/td><td class=\"has-text-align-center\" data-align=\"center\">4850mm<\/td><td class=\"has-text-align-center\" data-align=\"center\">16&#8242;<\/td><td class=\"has-text-align-center\" data-align=\"center\">8&#8242;<\/td><\/tr><tr><td class=\"has-text-align-center\" data-align=\"center\"><strong>Extensiones<\/strong><\/td><td class=\"has-text-align-center\" data-align=\"center\"><strong>Longitud (mm)<\/strong><\/td><td class=\"has-text-align-center\" data-align=\"center\"><strong>Longitud (pies)<\/strong><\/td><td class=\"has-text-align-center\" data-align=\"center\"><strong>Ancho (pies)<\/strong><\/td><\/tr><tr><td class=\"has-text-align-center\" data-align=\"center\">GDEXT3<\/td><td class=\"has-text-align-center\" data-align=\"center\">915mm<\/td><td class=\"has-text-align-center\" data-align=\"center\">3&#8242;<\/td><td class=\"has-text-align-center\" data-align=\"center\">N\/A<\/td><\/tr><tr><td class=\"has-text-align-center\" data-align=\"center\">GDEXT6<\/td><td class=\"has-text-align-center\" data-align=\"center\">1830mm<\/td><td class=\"has-text-align-center\" data-align=\"center\">6&#8242;<\/td><td class=\"has-text-align-center\" data-align=\"center\">N\/A<\/td><\/tr><\/tbody><\/table><\/figure>\n\n<div class=\"wp-block-group has-primary-background-color has-background is-layout-flow wp-block-group-is-layout-flow\" style=\"margin-top:30px;margin-bottom:30px;padding-top:var(--wp--preset--spacing--40);padding-right:var(--wp--preset--spacing--40);padding-bottom:var(--wp--preset--spacing--40);padding-left:var(--wp--preset--spacing--40)\">\n<h3 class=\"wp-block-heading\">MANIPULADOR TELESC\u00d3PICO<\/h3>\n<\/div>\n\n<div class=\"wp-block-group is-layout-flow wp-block-group-is-layout-flow\">\n<figure class=\"wp-block-gallery has-nested-images columns-4 is-cropped wp-block-gallery-1 is-layout-flex wp-block-gallery-is-layout-flex\">\n<figure class=\"wp-block-image size-thumbnail\"><a href=\"https:\/\/www.whitesmh.co.uk\/wp-content\/uploads\/IMG_3491-2-scaled.jpeg\"><img loading=\"lazy\" decoding=\"async\" width=\"400\" height=\"400\" data-id=\"1185\" src=\"https:\/\/www.whitesmh.co.uk\/wp-content\/uploads\/IMG_3491-2-400x400.jpeg\" alt=\"\" class=\"wp-image-1185\" srcset=\"https:\/\/www.whitesmh.co.uk\/wp-content\/uploads\/IMG_3491-2-400x400.jpeg 400w, https:\/\/www.whitesmh.co.uk\/wp-content\/uploads\/IMG_3491-2-scaled-300x300.jpeg 300w, https:\/\/www.whitesmh.co.uk\/wp-content\/uploads\/IMG_3491-2-scaled-100x100.jpeg 100w\" sizes=\"auto, (max-width: 400px) 100vw, 400px\" \/><\/a><\/figure>\n\n\n\n<figure class=\"wp-block-image size-thumbnail\"><a href=\"https:\/\/www.whitesmh.co.uk\/wp-content\/uploads\/IMG_3462-scaled.jpeg\"><img loading=\"lazy\" decoding=\"async\" width=\"400\" height=\"400\" data-id=\"1180\" src=\"https:\/\/www.whitesmh.co.uk\/wp-content\/uploads\/IMG_3462-400x400.jpeg\" alt=\"\" class=\"wp-image-1180\" srcset=\"https:\/\/www.whitesmh.co.uk\/wp-content\/uploads\/IMG_3462-400x400.jpeg 400w, https:\/\/www.whitesmh.co.uk\/wp-content\/uploads\/IMG_3462-scaled-300x300.jpeg 300w, https:\/\/www.whitesmh.co.uk\/wp-content\/uploads\/IMG_3462-scaled-100x100.jpeg 100w\" sizes=\"auto, (max-width: 400px) 100vw, 400px\" \/><\/a><\/figure>\n\n\n\n<figure class=\"wp-block-image size-thumbnail\"><a href=\"https:\/\/www.whitesmh.co.uk\/wp-content\/uploads\/IMG_3468-scaled.jpeg\"><img loading=\"lazy\" decoding=\"async\" width=\"400\" height=\"400\" data-id=\"1183\" src=\"https:\/\/www.whitesmh.co.uk\/wp-content\/uploads\/IMG_3468-400x400.jpeg\" alt=\"\" class=\"wp-image-1183\" srcset=\"https:\/\/www.whitesmh.co.uk\/wp-content\/uploads\/IMG_3468-400x400.jpeg 400w, https:\/\/www.whitesmh.co.uk\/wp-content\/uploads\/IMG_3468-scaled-300x300.jpeg 300w, https:\/\/www.whitesmh.co.uk\/wp-content\/uploads\/IMG_3468-scaled-100x100.jpeg 100w\" sizes=\"auto, (max-width: 400px) 100vw, 400px\" \/><\/a><\/figure>\n\n\n\n<figure class=\"wp-block-image size-thumbnail\"><a href=\"https:\/\/www.whitesmh.co.uk\/wp-content\/uploads\/IMG_3458-scaled.jpeg\"><img loading=\"lazy\" decoding=\"async\" width=\"400\" height=\"400\" data-id=\"1179\" src=\"https:\/\/www.whitesmh.co.uk\/wp-content\/uploads\/IMG_3458-400x400.jpeg\" alt=\"\" class=\"wp-image-1179\" srcset=\"https:\/\/www.whitesmh.co.uk\/wp-content\/uploads\/IMG_3458-400x400.jpeg 400w, https:\/\/www.whitesmh.co.uk\/wp-content\/uploads\/IMG_3458-scaled-300x300.jpeg 300w, https:\/\/www.whitesmh.co.uk\/wp-content\/uploads\/IMG_3458-scaled-100x100.jpeg 100w\" sizes=\"auto, (max-width: 400px) 100vw, 400px\" \/><\/a><\/figure>\n\n\n\n<figure class=\"wp-block-image size-thumbnail\"><a href=\"https:\/\/www.whitesmh.co.uk\/wp-content\/uploads\/IMG_3466-scaled.jpeg\"><img loading=\"lazy\" decoding=\"async\" width=\"400\" height=\"400\" data-id=\"1182\" src=\"https:\/\/www.whitesmh.co.uk\/wp-content\/uploads\/IMG_3466-400x400.jpeg\" alt=\"\" class=\"wp-image-1182\" srcset=\"https:\/\/www.whitesmh.co.uk\/wp-content\/uploads\/IMG_3466-400x400.jpeg 400w, https:\/\/www.whitesmh.co.uk\/wp-content\/uploads\/IMG_3466-scaled-300x300.jpeg 300w, https:\/\/www.whitesmh.co.uk\/wp-content\/uploads\/IMG_3466-scaled-100x100.jpeg 100w\" sizes=\"auto, (max-width: 400px) 100vw, 400px\" \/><\/a><\/figure>\n\n\n\n<figure class=\"wp-block-image size-thumbnail\"><a href=\"https:\/\/www.whitesmh.co.uk\/wp-content\/uploads\/IMG_3464-scaled.jpeg\"><img loading=\"lazy\" decoding=\"async\" width=\"400\" height=\"400\" data-id=\"1181\" src=\"https:\/\/www.whitesmh.co.uk\/wp-content\/uploads\/IMG_3464-400x400.jpeg\" alt=\"\" class=\"wp-image-1181\" srcset=\"https:\/\/www.whitesmh.co.uk\/wp-content\/uploads\/IMG_3464-400x400.jpeg 400w, https:\/\/www.whitesmh.co.uk\/wp-content\/uploads\/IMG_3464-scaled-300x300.jpeg 300w, https:\/\/www.whitesmh.co.uk\/wp-content\/uploads\/IMG_3464-scaled-100x100.jpeg 100w\" sizes=\"auto, (max-width: 400px) 100vw, 400px\" \/><\/a><\/figure>\n\n\n\n<figure class=\"wp-block-image size-thumbnail\"><a href=\"https:\/\/www.whitesmh.co.uk\/wp-content\/uploads\/IMG_3469-scaled.jpeg\"><img loading=\"lazy\" decoding=\"async\" width=\"400\" height=\"400\" data-id=\"1184\" src=\"https:\/\/www.whitesmh.co.uk\/wp-content\/uploads\/IMG_3469-400x400.jpeg\" alt=\"\" class=\"wp-image-1184\" srcset=\"https:\/\/www.whitesmh.co.uk\/wp-content\/uploads\/IMG_3469-400x400.jpeg 400w, https:\/\/www.whitesmh.co.uk\/wp-content\/uploads\/IMG_3469-scaled-300x300.jpeg 300w, https:\/\/www.whitesmh.co.uk\/wp-content\/uploads\/IMG_3469-scaled-100x100.jpeg 100w\" sizes=\"auto, (max-width: 400px) 100vw, 400px\" \/><\/a><\/figure>\n\n\n\n<figure class=\"wp-block-image size-thumbnail\"><a href=\"https:\/\/www.whitesmh.co.uk\/wp-content\/uploads\/IMG_3456-scaled.jpeg\"><img loading=\"lazy\" decoding=\"async\" width=\"400\" height=\"400\" data-id=\"1178\" src=\"https:\/\/www.whitesmh.co.uk\/wp-content\/uploads\/IMG_3456-400x400.jpeg\" alt=\"\" class=\"wp-image-1178\" srcset=\"https:\/\/www.whitesmh.co.uk\/wp-content\/uploads\/IMG_3456-400x400.jpeg 400w, https:\/\/www.whitesmh.co.uk\/wp-content\/uploads\/IMG_3456-scaled-300x300.jpeg 300w, https:\/\/www.whitesmh.co.uk\/wp-content\/uploads\/IMG_3456-scaled-100x100.jpeg 100w\" sizes=\"auto, (max-width: 400px) 100vw, 400px\" \/><\/a><\/figure>\n<\/figure>\n<\/div>\n\n<div class=\"wp-block-group has-primary-background-color has-background is-layout-flow wp-block-group-is-layout-flow\" style=\"margin-top:30px;margin-bottom:30px;padding-top:var(--wp--preset--spacing--40);padding-right:var(--wp--preset--spacing--40);padding-bottom:var(--wp--preset--spacing--40);padding-left:var(--wp--preset--spacing--40)\">\n<h3 class=\"wp-block-heading\">CARGADORA DE RUEDAS<\/h3>\n<\/div>\n\n<figure class=\"wp-block-gallery has-nested-images columns-4 is-cropped wp-block-gallery-2 is-layout-flex wp-block-gallery-is-layout-flex\">\n<figure class=\"wp-block-image size-large\"><img loading=\"lazy\" decoding=\"async\" width=\"1400\" height=\"1400\" data-id=\"3070\" src=\"https:\/\/www.whitesmh.co.uk\/wp-content\/uploads\/GF0816-16-FOOT-7-1400x1400.jpg\" alt=\"\" class=\"wp-image-3070\" srcset=\"https:\/\/www.whitesmh.co.uk\/wp-content\/uploads\/GF0816-16-FOOT-7-1400x1400.jpg 1400w, https:\/\/www.whitesmh.co.uk\/wp-content\/uploads\/GF0816-16-FOOT-7-scaled-300x300.jpg 300w, https:\/\/www.whitesmh.co.uk\/wp-content\/uploads\/GF0816-16-FOOT-7-scaled-100x100.jpg 100w, https:\/\/www.whitesmh.co.uk\/wp-content\/uploads\/GF0816-16-FOOT-7-scaled-600x600.jpg 600w, https:\/\/www.whitesmh.co.uk\/wp-content\/uploads\/GF0816-16-FOOT-7-400x400.jpg 400w, https:\/\/www.whitesmh.co.uk\/wp-content\/uploads\/GF0816-16-FOOT-7-800x800.jpg 800w, https:\/\/www.whitesmh.co.uk\/wp-content\/uploads\/GF0816-16-FOOT-7-768x768.jpg 768w\" sizes=\"auto, (max-width: 800px) 100vw, 800px\" \/><\/figure>\n\n\n\n<figure class=\"wp-block-image size-large\"><img loading=\"lazy\" decoding=\"async\" width=\"1400\" height=\"1400\" data-id=\"3067\" src=\"https:\/\/www.whitesmh.co.uk\/wp-content\/uploads\/GF0816-16-FOOT-4-1400x1400.jpg\" alt=\"\" class=\"wp-image-3067\" srcset=\"https:\/\/www.whitesmh.co.uk\/wp-content\/uploads\/GF0816-16-FOOT-4-1400x1400.jpg 1400w, https:\/\/www.whitesmh.co.uk\/wp-content\/uploads\/GF0816-16-FOOT-4-scaled-300x300.jpg 300w, https:\/\/www.whitesmh.co.uk\/wp-content\/uploads\/GF0816-16-FOOT-4-scaled-100x100.jpg 100w, https:\/\/www.whitesmh.co.uk\/wp-content\/uploads\/GF0816-16-FOOT-4-scaled-600x600.jpg 600w, https:\/\/www.whitesmh.co.uk\/wp-content\/uploads\/GF0816-16-FOOT-4-400x400.jpg 400w, https:\/\/www.whitesmh.co.uk\/wp-content\/uploads\/GF0816-16-FOOT-4-800x800.jpg 800w, https:\/\/www.whitesmh.co.uk\/wp-content\/uploads\/GF0816-16-FOOT-4-768x768.jpg 768w\" sizes=\"auto, (max-width: 800px) 100vw, 800px\" \/><\/figure>\n\n\n\n<figure class=\"wp-block-image size-large\"><img loading=\"lazy\" decoding=\"async\" width=\"1400\" height=\"1400\" data-id=\"3066\" src=\"https:\/\/www.whitesmh.co.uk\/wp-content\/uploads\/GF0816-16-FOOT-3-1400x1400.jpg\" alt=\"\" class=\"wp-image-3066\" srcset=\"https:\/\/www.whitesmh.co.uk\/wp-content\/uploads\/GF0816-16-FOOT-3-1400x1400.jpg 1400w, https:\/\/www.whitesmh.co.uk\/wp-content\/uploads\/GF0816-16-FOOT-3-scaled-300x300.jpg 300w, https:\/\/www.whitesmh.co.uk\/wp-content\/uploads\/GF0816-16-FOOT-3-scaled-100x100.jpg 100w, https:\/\/www.whitesmh.co.uk\/wp-content\/uploads\/GF0816-16-FOOT-3-scaled-600x600.jpg 600w, https:\/\/www.whitesmh.co.uk\/wp-content\/uploads\/GF0816-16-FOOT-3-400x400.jpg 400w, https:\/\/www.whitesmh.co.uk\/wp-content\/uploads\/GF0816-16-FOOT-3-800x800.jpg 800w, https:\/\/www.whitesmh.co.uk\/wp-content\/uploads\/GF0816-16-FOOT-3-768x768.jpg 768w\" sizes=\"auto, (max-width: 800px) 100vw, 800px\" \/><\/figure>\n\n\n\n<figure class=\"wp-block-image size-large\"><img loading=\"lazy\" decoding=\"async\" width=\"1400\" height=\"1400\" data-id=\"3064\" src=\"https:\/\/www.whitesmh.co.uk\/wp-content\/uploads\/GF0816-16-FOOT-2-1400x1400.jpg\" alt=\"\" class=\"wp-image-3064\" srcset=\"https:\/\/www.whitesmh.co.uk\/wp-content\/uploads\/GF0816-16-FOOT-2-1400x1400.jpg 1400w, https:\/\/www.whitesmh.co.uk\/wp-content\/uploads\/GF0816-16-FOOT-2-scaled-300x300.jpg 300w, https:\/\/www.whitesmh.co.uk\/wp-content\/uploads\/GF0816-16-FOOT-2-scaled-100x100.jpg 100w, https:\/\/www.whitesmh.co.uk\/wp-content\/uploads\/GF0816-16-FOOT-2-scaled-600x600.jpg 600w, https:\/\/www.whitesmh.co.uk\/wp-content\/uploads\/GF0816-16-FOOT-2-400x400.jpg 400w, https:\/\/www.whitesmh.co.uk\/wp-content\/uploads\/GF0816-16-FOOT-2-800x800.jpg 800w, https:\/\/www.whitesmh.co.uk\/wp-content\/uploads\/GF0816-16-FOOT-2-768x768.jpg 768w\" sizes=\"auto, (max-width: 800px) 100vw, 800px\" \/><\/figure>\n<\/figure>\n\n<div class=\"wp-block-group has-primary-background-color has-background is-layout-flow wp-block-group-is-layout-flow\" style=\"margin-top:30px;margin-bottom:30px;padding-top:var(--wp--preset--spacing--40);padding-right:var(--wp--preset--spacing--40);padding-bottom:var(--wp--preset--spacing--40);padding-left:var(--wp--preset--spacing--40)\">\n<h3 class=\"wp-block-heading\">VIDEOS<\/h3>\n<\/div>\n\n<figure class=\"wp-block-embed is-type-video is-provider-youtube wp-block-embed-youtube wp-embed-aspect-16-9 wp-has-aspect-ratio\"><div class=\"wp-block-embed__wrapper\">\n<iframe loading=\"lazy\" title=\"Whites Material Handling - Grain Pushers\" width=\"800\" height=\"450\" src=\"https:\/\/www.youtube.com\/embed\/BkTowyLUFJc?feature=oembed\" frameborder=\"0\" allow=\"accelerometer; autoplay; clipboard-write; encrypted-media; gyroscope; picture-in-picture; web-share\" referrerpolicy=\"strict-origin-when-cross-origin\" allowfullscreen><\/iframe>\n<\/div><\/figure>\n","protected":false},"excerpt":{"rendered":"<p>EMPUJADORES DE GRANO AG-X El bulldozer de grano WHITES AG-X se basa en un dise\u00f1o modular en el que la longitud se puede agregar f\u00e1cilmente si es necesario insertando pernos en extensiones. El dise\u00f1o tubular significa menos lugares para atrapar el grano. MODELOS Modelo Longitud (mm) Longitud (pies) Ancho (pies) GD0810 3000mm 10&#8242; 8&#8242; GD0812&hellip;<\/p>\n","protected":false},"featured_media":8341,"template":"","meta":{"_acf_changed":false},"product_brand":[],"product_cat":[296],"product_tag":[],"class_list":{"2":"type-product","7":"product","8":"first","9":"instock","10":"taxable","11":"shipping-taxable","12":"product-type-simple"},"acf":[],"_links":{"self":[{"href":"https:\/\/www.whitesmh.co.uk\/es\/wp-json\/wp\/v2\/product\/8324","targetHints":{"allow":["GET"]}}],"collection":[{"href":"https:\/\/www.whitesmh.co.uk\/es\/wp-json\/wp\/v2\/product"}],"about":[{"href":"https:\/\/www.whitesmh.co.uk\/es\/wp-json\/wp\/v2\/types\/product"}],"wp:featuredmedia":[{"embeddable":true,"href":"https:\/\/www.whitesmh.co.uk\/es\/wp-json\/wp\/v2\/media\/8341"}],"wp:attachment":[{"href":"https:\/\/www.whitesmh.co.uk\/es\/wp-json\/wp\/v2\/media?parent=8324"}],"wp:term":[{"taxonomy":"product_brand","embeddable":true,"href":"https:\/\/www.whitesmh.co.uk\/es\/wp-json\/wp\/v2\/product_brand?post=8324"},{"taxonomy":"product_cat","embeddable":true,"href":"https:\/\/www.whitesmh.co.uk\/es\/wp-json\/wp\/v2\/product_cat?post=8324"},{"taxonomy":"product_tag","embeddable":true,"href":"https:\/\/www.whitesmh.co.uk\/es\/wp-json\/wp\/v2\/product_tag?post=8324"}],"curies":[{"name":"wp","href":"https:\/\/api.w.org\/{rel}","templated":true}]}}