{"id":8279,"date":"2023-11-21T10:44:23","date_gmt":"2023-11-21T10:44:23","guid":{"rendered":"https:\/\/www.whitesmh.co.uk\/products\/elevadores-de-sacos-ag-x\/"},"modified":"2024-11-19T09:24:34","modified_gmt":"2024-11-19T09:24:34","slug":"elevadores-de-sacos-ag-x","status":"publish","type":"product","link":"https:\/\/www.whitesmh.co.uk\/es\/producto\/elevadores-de-sacos-ag-x\/","title":{"rendered":"Elevadores de sacos AG-X"},"content":{"rendered":"\n<div class=\"wp-block-columns is-layout-flex wp-container-core-columns-is-layout-28f84493 wp-block-columns-is-layout-flex\">\n<div class=\"wp-block-column is-vertically-aligned-center is-layout-flow wp-block-column-is-layout-flow\">\n<figure class=\"wp-block-image size-full\"><img loading=\"lazy\" decoding=\"async\" width=\"2560\" height=\"1920\" src=\"https:\/\/www.whitesmh.co.uk\/wp-content\/uploads\/IMG_2045-scaled.jpeg\" alt=\"\" class=\"wp-image-1428\" srcset=\"https:\/\/www.whitesmh.co.uk\/wp-content\/uploads\/IMG_2045-scaled.jpeg 2560w, https:\/\/www.whitesmh.co.uk\/wp-content\/uploads\/IMG_2045-scaled-600x450.jpeg 600w, https:\/\/www.whitesmh.co.uk\/wp-content\/uploads\/IMG_2045-800x600.jpeg 800w, https:\/\/www.whitesmh.co.uk\/wp-content\/uploads\/IMG_2045-768x576.jpeg 768w\" sizes=\"auto, (max-width: 800px) 100vw, 800px\" \/><\/figure>\n<\/div>\n\n\n\n<div class=\"wp-block-column is-layout-flow wp-block-column-is-layout-flow\">\n<h2 class=\"wp-block-heading\" style=\"text-transform:uppercase\">ELEVADORES DE BOLSAS AG-X<\/h2>\n\n\n\n<p>El elevador de bolsas WHITES AG-X est\u00e1 dise\u00f1ado para facilitar el trabajo de mover y cargar bolsas de fertilizante. Los espacios entre los brazos permiten un apilamiento ajustado, mientras que la barra antioscilaci\u00f3n proporciona un tr\u00e1nsito constante.  <\/p>\n\n\n\n<ul class=\"wp-block-list\">\n<li>Adecuado para 4 bolsas de fertilizante de 600 kg  <\/li>\n\n\n\n<li>Espaciado de brazos dise\u00f1ado para una carga\/descarga\/apilamiento r\u00e1pido y seguro<\/li>\n\n\n\n<li>Brazos de tubo redondo<\/li>\n\n\n\n<li>Brazo de 1400 mm de largo<\/li>\n\n\n\n<li>Centros de brazo de 950 mm<\/li>\n\n\n\n<li>Topes de brazo para ayudar a evitar que las bolsas se resbalen  <\/li>\n\n\n\n<li>Barra anti-swing<\/li>\n\n\n\n<li>Soportes incluidos<\/li>\n<\/ul>\n\n\n\n<div class=\"wp-block-columns is-layout-flex wp-container-core-columns-is-layout-28f84493 wp-block-columns-is-layout-flex\">\n<div class=\"wp-block-column is-layout-flow wp-block-column-is-layout-flow\" style=\"flex-basis:100%\">\n<figure class=\"wp-block-image size-medium is-resized\"><img loading=\"lazy\" decoding=\"async\" width=\"800\" height=\"135\" src=\"https:\/\/www.whitesmh.co.uk\/wp-content\/uploads\/MIB-AGX-800x135.jpg\" alt=\"\" class=\"wp-image-1173\" style=\"width:268px;height:auto\" srcset=\"https:\/\/www.whitesmh.co.uk\/wp-content\/uploads\/MIB-AGX-800x135.jpg 800w, https:\/\/www.whitesmh.co.uk\/wp-content\/uploads\/MIB-AGX-600x101.jpg 600w, https:\/\/www.whitesmh.co.uk\/wp-content\/uploads\/MIB-AGX-768x129.jpg 768w, https:\/\/www.whitesmh.co.uk\/wp-content\/uploads\/MIB-AGX.jpg 1046w\" sizes=\"auto, (max-width: 800px) 100vw, 800px\" \/><\/figure>\n<\/div>\n<\/div>\n\n\n\n<div class=\"wp-block-buttons is-layout-flex wp-block-buttons-is-layout-flex\">\n<div class=\"wp-block-button\"><a class=\"wp-block-button__link wp-element-button\" href=\"https:\/\/www.whitesmh.co.uk\/es\/contacto\/\">CONT\u00c1CTENOS<\/a><\/div>\n\n\n\n<div class=\"wp-block-button\"><a class=\"wp-block-button__link wp-element-button\" href=\"https:\/\/www.whitesmh.co.uk\/wp-content\/uploads\/WMH-Data-Sheet-Bag-Lifters.pptx\" target=\"_blank\" rel=\"noreferrer noopener\">FICHA T\u00c9CNICA<\/a><\/div>\n<\/div>\n<\/div>\n<\/div>\n\n<div class=\"wp-block-group has-primary-background-color has-background is-layout-flow wp-block-group-is-layout-flow\" style=\"margin-top:30px;margin-bottom:30px;padding-top:var(--wp--preset--spacing--40);padding-right:var(--wp--preset--spacing--40);padding-bottom:var(--wp--preset--spacing--40);padding-left:var(--wp--preset--spacing--40)\">\n<h3 class=\"wp-block-heading\">MODELOS<\/h3>\n<\/div>\n\n<figure class=\"wp-block-table is-style-regular\"><table><tbody><tr><td class=\"has-text-align-center\" data-align=\"center\"><strong>Modelo<\/strong><\/td><td class=\"has-text-align-center\" data-align=\"center\"><strong>Bolsas<\/strong><\/td><td class=\"has-text-align-center\" data-align=\"center\"><strong>Centros de brazo<\/strong><\/td><\/tr><tr><td class=\"has-text-align-center\" data-align=\"center\">BLF4600<\/td><td class=\"has-text-align-center\" data-align=\"center\">4 x 600kg<\/td><td class=\"has-text-align-center\" data-align=\"center\">950mm<\/td><\/tr><\/tbody><\/table><\/figure>\n\n<div class=\"wp-block-group is-layout-flow wp-block-group-is-layout-flow\">\n<div class=\"wp-block-group has-primary-background-color has-background is-layout-flow wp-block-group-is-layout-flow\" style=\"margin-top:30px;margin-bottom:30px;padding-top:var(--wp--preset--spacing--40);padding-right:var(--wp--preset--spacing--40);padding-bottom:var(--wp--preset--spacing--40);padding-left:var(--wp--preset--spacing--40)\">\n<h3 class=\"wp-block-heading\">GALER\u00cdA<\/h3>\n<\/div>\n\n\n\n<figure class=\"wp-block-gallery has-nested-images columns-4 is-cropped wp-block-gallery-1 is-layout-flex wp-block-gallery-is-layout-flex\">\n<figure class=\"wp-block-image size-thumbnail\"><a href=\"https:\/\/www.whitesmh.co.uk\/wp-content\/uploads\/IMG_2049-scaled.jpeg\"><img loading=\"lazy\" decoding=\"async\" width=\"400\" height=\"400\" data-id=\"1431\" src=\"https:\/\/www.whitesmh.co.uk\/wp-content\/uploads\/IMG_2049-400x400.jpeg\" alt=\"\" class=\"wp-image-1431\" srcset=\"https:\/\/www.whitesmh.co.uk\/wp-content\/uploads\/IMG_2049-400x400.jpeg 400w, https:\/\/www.whitesmh.co.uk\/wp-content\/uploads\/IMG_2049-scaled-300x300.jpeg 300w, https:\/\/www.whitesmh.co.uk\/wp-content\/uploads\/IMG_2049-scaled-100x100.jpeg 100w\" sizes=\"auto, (max-width: 400px) 100vw, 400px\" \/><\/a><\/figure>\n\n\n\n<figure class=\"wp-block-image size-thumbnail\"><a href=\"https:\/\/www.whitesmh.co.uk\/wp-content\/uploads\/IMG_2053-scaled.jpeg\"><img loading=\"lazy\" decoding=\"async\" width=\"400\" height=\"400\" data-id=\"1435\" src=\"https:\/\/www.whitesmh.co.uk\/wp-content\/uploads\/IMG_2053-400x400.jpeg\" alt=\"\" class=\"wp-image-1435\" srcset=\"https:\/\/www.whitesmh.co.uk\/wp-content\/uploads\/IMG_2053-400x400.jpeg 400w, https:\/\/www.whitesmh.co.uk\/wp-content\/uploads\/IMG_2053-scaled-300x300.jpeg 300w, https:\/\/www.whitesmh.co.uk\/wp-content\/uploads\/IMG_2053-scaled-100x100.jpeg 100w\" sizes=\"auto, (max-width: 400px) 100vw, 400px\" \/><\/a><\/figure>\n\n\n\n<figure class=\"wp-block-image size-thumbnail\"><a href=\"https:\/\/www.whitesmh.co.uk\/wp-content\/uploads\/IMG_2050-scaled.jpeg\"><img loading=\"lazy\" decoding=\"async\" width=\"400\" height=\"400\" data-id=\"1432\" src=\"https:\/\/www.whitesmh.co.uk\/wp-content\/uploads\/IMG_2050-400x400.jpeg\" alt=\"\" class=\"wp-image-1432\" srcset=\"https:\/\/www.whitesmh.co.uk\/wp-content\/uploads\/IMG_2050-400x400.jpeg 400w, https:\/\/www.whitesmh.co.uk\/wp-content\/uploads\/IMG_2050-scaled-300x300.jpeg 300w, https:\/\/www.whitesmh.co.uk\/wp-content\/uploads\/IMG_2050-scaled-100x100.jpeg 100w\" sizes=\"auto, (max-width: 400px) 100vw, 400px\" \/><\/a><\/figure>\n\n\n\n<figure class=\"wp-block-image size-thumbnail\"><a href=\"https:\/\/www.whitesmh.co.uk\/wp-content\/uploads\/IMG_2047-scaled.jpeg\"><img loading=\"lazy\" decoding=\"async\" width=\"400\" height=\"400\" data-id=\"1430\" src=\"https:\/\/www.whitesmh.co.uk\/wp-content\/uploads\/IMG_2047-400x400.jpeg\" alt=\"\" class=\"wp-image-1430\" srcset=\"https:\/\/www.whitesmh.co.uk\/wp-content\/uploads\/IMG_2047-400x400.jpeg 400w, https:\/\/www.whitesmh.co.uk\/wp-content\/uploads\/IMG_2047-scaled-300x300.jpeg 300w, https:\/\/www.whitesmh.co.uk\/wp-content\/uploads\/IMG_2047-scaled-100x100.jpeg 100w\" sizes=\"auto, (max-width: 400px) 100vw, 400px\" \/><\/a><\/figure>\n\n\n\n<figure class=\"wp-block-image size-thumbnail\"><a href=\"https:\/\/www.whitesmh.co.uk\/wp-content\/uploads\/IMG_2046-scaled.jpeg\"><img loading=\"lazy\" decoding=\"async\" width=\"400\" height=\"400\" data-id=\"1429\" src=\"https:\/\/www.whitesmh.co.uk\/wp-content\/uploads\/IMG_2046-400x400.jpeg\" alt=\"\" class=\"wp-image-1429\" srcset=\"https:\/\/www.whitesmh.co.uk\/wp-content\/uploads\/IMG_2046-400x400.jpeg 400w, https:\/\/www.whitesmh.co.uk\/wp-content\/uploads\/IMG_2046-scaled-300x300.jpeg 300w, https:\/\/www.whitesmh.co.uk\/wp-content\/uploads\/IMG_2046-scaled-100x100.jpeg 100w\" sizes=\"auto, (max-width: 400px) 100vw, 400px\" \/><\/a><\/figure>\n\n\n\n<figure class=\"wp-block-image size-thumbnail\"><a href=\"https:\/\/www.whitesmh.co.uk\/wp-content\/uploads\/IMG_2054-scaled.jpeg\"><img loading=\"lazy\" decoding=\"async\" width=\"400\" height=\"400\" data-id=\"1436\" src=\"https:\/\/www.whitesmh.co.uk\/wp-content\/uploads\/IMG_2054-400x400.jpeg\" alt=\"\" class=\"wp-image-1436\" srcset=\"https:\/\/www.whitesmh.co.uk\/wp-content\/uploads\/IMG_2054-400x400.jpeg 400w, https:\/\/www.whitesmh.co.uk\/wp-content\/uploads\/IMG_2054-scaled-300x300.jpeg 300w, https:\/\/www.whitesmh.co.uk\/wp-content\/uploads\/IMG_2054-scaled-100x100.jpeg 100w\" sizes=\"auto, (max-width: 400px) 100vw, 400px\" \/><\/a><\/figure>\n\n\n\n<figure class=\"wp-block-image size-thumbnail\"><a href=\"https:\/\/www.whitesmh.co.uk\/wp-content\/uploads\/IMG_2052-scaled.jpeg\"><img loading=\"lazy\" decoding=\"async\" width=\"400\" height=\"400\" data-id=\"1434\" src=\"https:\/\/www.whitesmh.co.uk\/wp-content\/uploads\/IMG_2052-400x400.jpeg\" alt=\"\" class=\"wp-image-1434\" srcset=\"https:\/\/www.whitesmh.co.uk\/wp-content\/uploads\/IMG_2052-400x400.jpeg 400w, https:\/\/www.whitesmh.co.uk\/wp-content\/uploads\/IMG_2052-scaled-300x300.jpeg 300w, https:\/\/www.whitesmh.co.uk\/wp-content\/uploads\/IMG_2052-scaled-100x100.jpeg 100w\" sizes=\"auto, (max-width: 400px) 100vw, 400px\" \/><\/a><\/figure>\n\n\n\n<figure class=\"wp-block-image size-thumbnail\"><a href=\"https:\/\/www.whitesmh.co.uk\/wp-content\/uploads\/IMG_2051-scaled.jpeg\"><img loading=\"lazy\" decoding=\"async\" width=\"400\" height=\"400\" data-id=\"1433\" src=\"https:\/\/www.whitesmh.co.uk\/wp-content\/uploads\/IMG_2051-400x400.jpeg\" alt=\"\" class=\"wp-image-1433\" srcset=\"https:\/\/www.whitesmh.co.uk\/wp-content\/uploads\/IMG_2051-400x400.jpeg 400w, https:\/\/www.whitesmh.co.uk\/wp-content\/uploads\/IMG_2051-scaled-300x300.jpeg 300w, https:\/\/www.whitesmh.co.uk\/wp-content\/uploads\/IMG_2051-scaled-100x100.jpeg 100w\" sizes=\"auto, (max-width: 400px) 100vw, 400px\" \/><\/a><\/figure>\n<\/figure>\n<\/div>\n","protected":false},"excerpt":{"rendered":"<p>ELEVADORES DE BOLSAS AG-X El elevador de bolsas WHITES AG-X est\u00e1 dise\u00f1ado para facilitar el trabajo de mover y cargar bolsas de fertilizante. Los espacios entre los brazos permiten un apilamiento ajustado, mientras que la barra antioscilaci\u00f3n proporciona un tr\u00e1nsito constante. MODELOS Modelo Bolsas Centros de brazo BLF4600 4 x 600kg 950mm GALER\u00cdA<\/p>\n","protected":false},"featured_media":8289,"template":"","meta":{"_acf_changed":false},"product_brand":[],"product_cat":[320,324],"product_tag":[],"class_list":{"2":"type-product","8":"product","9":"first","10":"instock","11":"taxable","12":"shipping-taxable","13":"product-type-simple"},"acf":[],"_links":{"self":[{"href":"https:\/\/www.whitesmh.co.uk\/es\/wp-json\/wp\/v2\/product\/8279","targetHints":{"allow":["GET"]}}],"collection":[{"href":"https:\/\/www.whitesmh.co.uk\/es\/wp-json\/wp\/v2\/product"}],"about":[{"href":"https:\/\/www.whitesmh.co.uk\/es\/wp-json\/wp\/v2\/types\/product"}],"wp:featuredmedia":[{"embeddable":true,"href":"https:\/\/www.whitesmh.co.uk\/es\/wp-json\/wp\/v2\/media\/8289"}],"wp:attachment":[{"href":"https:\/\/www.whitesmh.co.uk\/es\/wp-json\/wp\/v2\/media?parent=8279"}],"wp:term":[{"taxonomy":"product_brand","embeddable":true,"href":"https:\/\/www.whitesmh.co.uk\/es\/wp-json\/wp\/v2\/product_brand?post=8279"},{"taxonomy":"product_cat","embeddable":true,"href":"https:\/\/www.whitesmh.co.uk\/es\/wp-json\/wp\/v2\/product_cat?post=8279"},{"taxonomy":"product_tag","embeddable":true,"href":"https:\/\/www.whitesmh.co.uk\/es\/wp-json\/wp\/v2\/product_tag?post=8279"}],"curies":[{"name":"wp","href":"https:\/\/api.w.org\/{rel}","templated":true}]}}