{"id":8277,"date":"2024-02-13T08:52:55","date_gmt":"2024-02-13T08:52:55","guid":{"rendered":"https:\/\/www.whitesmh.co.uk\/products\/divisor-de-troncos\/"},"modified":"2024-11-19T09:25:03","modified_gmt":"2024-11-19T09:25:03","slug":"divisor-de-troncos","status":"publish","type":"product","link":"https:\/\/www.whitesmh.co.uk\/es\/producto\/divisor-de-troncos\/","title":{"rendered":"DIVISOR DE TRONCOS"},"content":{"rendered":"\n<div class=\"wp-block-columns is-layout-flex wp-container-core-columns-is-layout-28f84493 wp-block-columns-is-layout-flex\">\n<div class=\"wp-block-column is-vertically-aligned-center is-layout-flow wp-block-column-is-layout-flow\">\n<figure class=\"wp-block-image size-full\"><img decoding=\"async\" src=\"https:\/\/www.whitesmh.co.uk\/wp-content\/uploads\/FEND-PELLE5275-700.jpg\" alt=\"\" class=\"wp-image-2663\"\/><\/figure>\n<\/div>\n\n\n\n<div class=\"wp-block-column is-layout-flow wp-block-column-is-layout-flow\">\n<h2 class=\"wp-block-heading\" style=\"text-transform:uppercase\">DIVISOR DE TRONCOS<\/h2>\n\n\n\n<p>La cortadora de troncos montada en excavadora WHITES es una soluci\u00f3n ideal para agregar versatilidad a su m\u00e1quina de carga.  <\/p>\n\n\n\n<ul class=\"wp-block-list\">\n<li>Modelos adaptados a excavadoras de 3,0T &#8211; 9,5T<\/li>\n\n\n\n<li>Se pueden cortar de 2 a 4 piezas en una sola operaci\u00f3n<\/li>\n\n\n\n<li>Operaci\u00f3n segura; No se requiere manipulaci\u00f3n manual<\/li>\n\n\n\n<li>Cuchillas Hardox intercambiables<\/li>\n<\/ul>\n\n\n\n<div class=\"wp-block-columns is-layout-flex wp-container-core-columns-is-layout-28f84493 wp-block-columns-is-layout-flex\">\n<div class=\"wp-block-column is-layout-flow wp-block-column-is-layout-flow\" style=\"flex-basis:100%\"><\/div>\n<\/div>\n\n\n\n<div class=\"wp-block-buttons is-layout-flex wp-block-buttons-is-layout-flex\">\n<div class=\"wp-block-button\"><a class=\"wp-block-button__link wp-element-button\" href=\"https:\/\/www.whitesmh.co.uk\/es\/contacto\/\">CONT\u00c1CTENOS<\/a><\/div>\n<\/div>\n<\/div>\n<\/div>\n\n<div class=\"wp-block-group is-layout-constrained wp-block-group-is-layout-constrained\">\n<div class=\"wp-block-group alignfull has-primary-background-color has-background is-layout-flow wp-block-group-is-layout-flow\" style=\"margin-top:30px;margin-bottom:30px;padding-top:var(--wp--preset--spacing--40);padding-right:var(--wp--preset--spacing--40);padding-bottom:var(--wp--preset--spacing--40);padding-left:var(--wp--preset--spacing--40)\">\n<h3 class=\"wp-block-heading alignfull\">MODELOS<\/h3>\n<\/div>\n<\/div>\n\n<figure class=\"wp-block-table\"><table><tbody><tr><td class=\"has-text-align-center\" data-align=\"center\"><strong>Modelo<\/strong><\/td><td class=\"has-text-align-center\" data-align=\"center\"><strong>Di\u00e1metro m\u00e1ximo del tronco<\/strong><\/td><td class=\"has-text-align-center\" data-align=\"center\"><strong>Longitud m\u00e1xima del tronco<\/strong><\/td><td class=\"has-text-align-center\" data-align=\"center\"><strong>Tama\u00f1o de la m\u00e1quina<\/strong><\/td><\/tr><tr><td class=\"has-text-align-center\" data-align=\"center\">LS3255-700<\/td><td class=\"has-text-align-center\" data-align=\"center\">600mm<\/td><td class=\"has-text-align-center\" data-align=\"center\">700mm<\/td><td class=\"has-text-align-center\" data-align=\"center\">3.0T &#8211; 5.5T<\/td><\/tr><tr><td class=\"has-text-align-center\" data-align=\"center\">LS3255-1000<\/td><td class=\"has-text-align-center\" data-align=\"center\">900mm<\/td><td class=\"has-text-align-center\" data-align=\"center\">1000mm<\/td><td class=\"has-text-align-center\" data-align=\"center\">3.0T &#8211; 5.5T<\/td><\/tr><tr><td class=\"has-text-align-center\" data-align=\"center\">LS5275-700<\/td><td class=\"has-text-align-center\" data-align=\"center\">600mm<\/td><td class=\"has-text-align-center\" data-align=\"center\">700mm<\/td><td class=\"has-text-align-center\" data-align=\"center\">5.0T &#8211; 7.5T<\/td><\/tr><tr><td class=\"has-text-align-center\" data-align=\"center\">LS5275-1000<\/td><td class=\"has-text-align-center\" data-align=\"center\">900mm<\/td><td class=\"has-text-align-center\" data-align=\"center\">1000mm<\/td><td class=\"has-text-align-center\" data-align=\"center\">5.0T &#8211; 7.5T<\/td><\/tr><tr><td class=\"has-text-align-center\" data-align=\"center\">LS7295-700<\/td><td class=\"has-text-align-center\" data-align=\"center\">600mm<\/td><td class=\"has-text-align-center\" data-align=\"center\">700mm<\/td><td class=\"has-text-align-center\" data-align=\"center\">7.0T &#8211; 9.5T<\/td><\/tr><tr><td class=\"has-text-align-center\" data-align=\"center\">LS7295-1000<\/td><td class=\"has-text-align-center\" data-align=\"center\">900mm<\/td><td class=\"has-text-align-center\" data-align=\"center\">1000mm<\/td><td class=\"has-text-align-center\" data-align=\"center\">7.0T &#8211; 9.5T<\/td><\/tr><\/tbody><\/table><\/figure>\n","protected":false},"excerpt":{"rendered":"<p>DIVISOR DE TRONCOS La cortadora de troncos montada en excavadora WHITES es una soluci\u00f3n ideal para agregar versatilidad a su m\u00e1quina de carga. MODELOS Modelo Di\u00e1metro m\u00e1ximo del tronco Longitud m\u00e1xima del tronco Tama\u00f1o de la m\u00e1quina LS3255-700 600mm 700mm 3.0T &#8211; 5.5T LS3255-1000 900mm 1000mm 3.0T &#8211; 5.5T LS5275-700 600mm 700mm 5.0T &#8211; 7.5T&hellip;<\/p>\n","protected":false},"featured_media":8278,"template":"","meta":{"_acf_changed":false},"product_brand":[],"product_cat":[322],"product_tag":[],"class_list":{"2":"type-product","7":"product","8":"first","9":"instock","10":"taxable","11":"shipping-taxable","12":"product-type-simple"},"acf":[],"_links":{"self":[{"href":"https:\/\/www.whitesmh.co.uk\/es\/wp-json\/wp\/v2\/product\/8277","targetHints":{"allow":["GET"]}}],"collection":[{"href":"https:\/\/www.whitesmh.co.uk\/es\/wp-json\/wp\/v2\/product"}],"about":[{"href":"https:\/\/www.whitesmh.co.uk\/es\/wp-json\/wp\/v2\/types\/product"}],"wp:featuredmedia":[{"embeddable":true,"href":"https:\/\/www.whitesmh.co.uk\/es\/wp-json\/wp\/v2\/media\/8278"}],"wp:attachment":[{"href":"https:\/\/www.whitesmh.co.uk\/es\/wp-json\/wp\/v2\/media?parent=8277"}],"wp:term":[{"taxonomy":"product_brand","embeddable":true,"href":"https:\/\/www.whitesmh.co.uk\/es\/wp-json\/wp\/v2\/product_brand?post=8277"},{"taxonomy":"product_cat","embeddable":true,"href":"https:\/\/www.whitesmh.co.uk\/es\/wp-json\/wp\/v2\/product_cat?post=8277"},{"taxonomy":"product_tag","embeddable":true,"href":"https:\/\/www.whitesmh.co.uk\/es\/wp-json\/wp\/v2\/product_tag?post=8277"}],"curies":[{"name":"wp","href":"https:\/\/api.w.org\/{rel}","templated":true}]}}