{"id":8242,"date":"2023-12-07T09:33:36","date_gmt":"2023-12-07T09:33:36","guid":{"rendered":"https:\/\/www.whitesmh.co.uk\/products\/palas-de-barro\/"},"modified":"2024-11-19T09:22:42","modified_gmt":"2024-11-19T09:22:42","slug":"palas-de-barro","status":"publish","type":"product","link":"https:\/\/www.whitesmh.co.uk\/es\/producto\/palas-de-barro\/","title":{"rendered":"Palas de barro"},"content":{"rendered":"\n<div class=\"wp-block-columns is-layout-flex wp-container-core-columns-is-layout-28f84493 wp-block-columns-is-layout-flex\">\n<div class=\"wp-block-column is-vertically-aligned-center is-layout-flow wp-block-column-is-layout-flow\">\n<figure class=\"wp-block-image size-full\"><img loading=\"lazy\" decoding=\"async\" width=\"1600\" height=\"1600\" src=\"https:\/\/www.whitesmh.co.uk\/wp-content\/uploads\/PSX_20240425_181819-edited-scaled.jpg\" alt=\"\" class=\"wp-image-3168\" srcset=\"https:\/\/www.whitesmh.co.uk\/wp-content\/uploads\/PSX_20240425_181819-edited-scaled.jpg 1600w, https:\/\/www.whitesmh.co.uk\/wp-content\/uploads\/PSX_20240425_181819-edited-scaled-300x300.jpg 300w, https:\/\/www.whitesmh.co.uk\/wp-content\/uploads\/PSX_20240425_181819-edited-scaled-100x100.jpg 100w, https:\/\/www.whitesmh.co.uk\/wp-content\/uploads\/PSX_20240425_181819-edited-scaled-600x600.jpg 600w, https:\/\/www.whitesmh.co.uk\/wp-content\/uploads\/PSX_20240425_181819-edited-800x800.jpg 800w, https:\/\/www.whitesmh.co.uk\/wp-content\/uploads\/PSX_20240425_181819-edited-400x400.jpg 400w, https:\/\/www.whitesmh.co.uk\/wp-content\/uploads\/PSX_20240425_181819-edited-768x768.jpg 768w\" sizes=\"auto, (max-width: 800px) 100vw, 800px\" \/><\/figure>\n<\/div>\n\n\n\n<div class=\"wp-block-column is-layout-flow wp-block-column-is-layout-flow\">\n<h2 class=\"wp-block-heading\" style=\"text-transform:uppercase\">ESP\u00c1TULAS DE ARCILLA<\/h2>\n\n\n\n<p>Con lados recortados, la pala de arcilla WHITES es un cubo perfecto para cavar tramos estrechos en entornos m\u00e1s pegajosos.  <\/p>\n\n\n\n<ul class=\"wp-block-list\">\n<li>Dise\u00f1ado para trabajar en suelos arcillosos o muy h\u00famedos<\/li>\n\n\n\n<li>Disponible para m\u00e1quinas de 0,75 a 9,0 T<\/li>\n\n\n\n<li>Las opciones de soldadura en pasador, pasador suelto y KLAC est\u00e1n disponibles<\/li>\n\n\n\n<li>Perfil bajo de la placa lateral, elimina la obstrucci\u00f3n del material en el cuchar\u00f3n<\/li>\n<\/ul>\n\n\n\n<div class=\"wp-block-columns is-layout-flex wp-container-core-columns-is-layout-28f84493 wp-block-columns-is-layout-flex\">\n<div class=\"wp-block-column is-layout-flow wp-block-column-is-layout-flow\" style=\"flex-basis:100%\">\n<figure class=\"wp-block-image size-full is-resized\"><img loading=\"lazy\" decoding=\"async\" width=\"626\" height=\"149\" src=\"https:\/\/www.whitesmh.co.uk\/wp-content\/uploads\/image.png\" alt=\"\" class=\"wp-image-635\" style=\"width:268px;height:auto\" srcset=\"https:\/\/www.whitesmh.co.uk\/wp-content\/uploads\/image.png 626w, https:\/\/www.whitesmh.co.uk\/wp-content\/uploads\/image-600x143.png 600w\" sizes=\"auto, (max-width: 626px) 100vw, 626px\" \/><\/figure>\n<\/div>\n<\/div>\n\n\n\n<div class=\"wp-block-buttons is-layout-flex wp-block-buttons-is-layout-flex\">\n<div class=\"wp-block-button\"><a class=\"wp-block-button__link wp-element-button\" href=\"https:\/\/www.whitesmh.co.uk\/es\/contacto\/\">CONT\u00c1CTENOS<\/a><\/div>\n\n\n\n<div class=\"wp-block-button\"><a class=\"wp-block-button__link wp-element-button\" href=\"https:\/\/www.whitesmh.co.uk\/support\/buckets-product-support\/\">SOPORTE DE PRODUCTO<\/a><\/div>\n<\/div>\n<\/div>\n<\/div>\n\n<div class=\"wp-block-group is-layout-constrained wp-block-group-is-layout-constrained\">\n<div class=\"wp-block-group alignfull has-primary-background-color has-background is-layout-flow wp-block-group-is-layout-flow\" style=\"margin-top:30px;margin-bottom:30px;padding-top:var(--wp--preset--spacing--40);padding-right:var(--wp--preset--spacing--40);padding-bottom:var(--wp--preset--spacing--40);padding-left:var(--wp--preset--spacing--40)\">\n<h3 class=\"wp-block-heading\">MODELOS<\/h3>\n<\/div>\n<\/div>\n\n<figure class=\"wp-block-table\"><table><tbody><tr><td class=\"has-text-align-center\" data-align=\"center\"><strong>N\u00famero de pieza<\/strong><\/td><td class=\"has-text-align-center\" data-align=\"center\"><strong>Ancho (mm)<\/strong><\/td><td class=\"has-text-align-center\" data-align=\"center\"><strong>Ancho (pulgadas)<\/strong><\/td><td class=\"has-text-align-center\" data-align=\"center\"><strong>Tama\u00f1o de la m\u00e1quina<\/strong><\/td><\/tr><tr><td class=\"has-text-align-center\" data-align=\"center\">EC1506<\/td><td class=\"has-text-align-center\" data-align=\"center\">150mm<\/td><td class=\"has-text-align-center\" data-align=\"center\">6\u00bb<\/td><td class=\"has-text-align-center\" data-align=\"center\">1.5T<\/td><\/tr><tr><td class=\"has-text-align-center\" data-align=\"center\">EC1508<\/td><td class=\"has-text-align-center\" data-align=\"center\">200mm<\/td><td class=\"has-text-align-center\" data-align=\"center\">8\u00bb<\/td><td class=\"has-text-align-center\" data-align=\"center\">1.5T<\/td><\/tr><tr><td class=\"has-text-align-center\" data-align=\"center\">EC1509<\/td><td class=\"has-text-align-center\" data-align=\"center\">230mm<\/td><td class=\"has-text-align-center\" data-align=\"center\">9\u00bb<\/td><td class=\"has-text-align-center\" data-align=\"center\">1.5T<\/td><\/tr><tr><td class=\"has-text-align-center\" data-align=\"center\">EC1510<\/td><td class=\"has-text-align-center\" data-align=\"center\">250mm<\/td><td class=\"has-text-align-center\" data-align=\"center\">10\u00bb<\/td><td class=\"has-text-align-center\" data-align=\"center\">1.5T<\/td><\/tr><tr><td class=\"has-text-align-center\" data-align=\"center\">EC1512<\/td><td class=\"has-text-align-center\" data-align=\"center\">300mm<\/td><td class=\"has-text-align-center\" data-align=\"center\">12\u00bb<\/td><td class=\"has-text-align-center\" data-align=\"center\">1.5T<\/td><\/tr><tr><td class=\"has-text-align-center\" data-align=\"center\">EC1518<\/td><td class=\"has-text-align-center\" data-align=\"center\">450mm<\/td><td class=\"has-text-align-center\" data-align=\"center\">18\u00bb<\/td><td class=\"has-text-align-center\" data-align=\"center\">1.5T<\/td><\/tr><tr><td class=\"has-text-align-center\" data-align=\"center\">EC3009<\/td><td class=\"has-text-align-center\" data-align=\"center\">230mm<\/td><td class=\"has-text-align-center\" data-align=\"center\">9\u00bb<\/td><td class=\"has-text-align-center\" data-align=\"center\">3.0T<\/td><\/tr><tr><td class=\"has-text-align-center\" data-align=\"center\">EC3010<\/td><td class=\"has-text-align-center\" data-align=\"center\">250mm<\/td><td class=\"has-text-align-center\" data-align=\"center\">10\u00bb<\/td><td class=\"has-text-align-center\" data-align=\"center\">3.0T<\/td><\/tr><tr><td class=\"has-text-align-center\" data-align=\"center\">EC3012<\/td><td class=\"has-text-align-center\" data-align=\"center\">300mm<\/td><td class=\"has-text-align-center\" data-align=\"center\">12\u00bb<\/td><td class=\"has-text-align-center\" data-align=\"center\">3.0T<\/td><\/tr><tr><td class=\"has-text-align-center\" data-align=\"center\">EC3018<\/td><td class=\"has-text-align-center\" data-align=\"center\">450mm<\/td><td class=\"has-text-align-center\" data-align=\"center\">18\u00bb<\/td><td class=\"has-text-align-center\" data-align=\"center\">3.0T<\/td><\/tr><tr><td class=\"has-text-align-center\" data-align=\"center\">EC4010<\/td><td class=\"has-text-align-center\" data-align=\"center\">250mm<\/td><td class=\"has-text-align-center\" data-align=\"center\">10\u00bb<\/td><td class=\"has-text-align-center\" data-align=\"center\">4.0T<\/td><\/tr><tr><td class=\"has-text-align-center\" data-align=\"center\">EC4012<\/td><td class=\"has-text-align-center\" data-align=\"center\">300mm<\/td><td class=\"has-text-align-center\" data-align=\"center\">12\u00bb<\/td><td class=\"has-text-align-center\" data-align=\"center\">4.0T<\/td><\/tr><tr><td class=\"has-text-align-center\" data-align=\"center\">EC4018<\/td><td class=\"has-text-align-center\" data-align=\"center\">450mm<\/td><td class=\"has-text-align-center\" data-align=\"center\">18\u00bb<\/td><td class=\"has-text-align-center\" data-align=\"center\">4.0T<\/td><\/tr><\/tbody><\/table><\/figure>\n\n<div class=\"wp-block-group is-layout-flow wp-block-group-is-layout-flow\">\n<div class=\"wp-block-group has-primary-background-color has-background is-layout-flow wp-block-group-is-layout-flow\" style=\"margin-top:30px;margin-bottom:30px;padding-top:var(--wp--preset--spacing--40);padding-right:var(--wp--preset--spacing--40);padding-bottom:var(--wp--preset--spacing--40);padding-left:var(--wp--preset--spacing--40)\">\n<h3 class=\"wp-block-heading\">GALER\u00cdA<\/h3>\n<\/div>\n\n\n\n<figure class=\"wp-block-gallery has-nested-images columns-4 is-cropped wp-block-gallery-1 is-layout-flex wp-block-gallery-is-layout-flex\">\n<figure class=\"wp-block-image size-thumbnail\"><a href=\"https:\/\/www.whitesmh.co.uk\/wp-content\/uploads\/Whites-Clay-Spade-3-scaled.jpg\"><img loading=\"lazy\" decoding=\"async\" width=\"400\" height=\"400\" data-id=\"3179\" src=\"https:\/\/www.whitesmh.co.uk\/wp-content\/uploads\/Whites-Clay-Spade-3-400x400.jpg\" alt=\"\" class=\"wp-image-3179\" srcset=\"https:\/\/www.whitesmh.co.uk\/wp-content\/uploads\/Whites-Clay-Spade-3-400x400.jpg 400w, https:\/\/www.whitesmh.co.uk\/wp-content\/uploads\/Whites-Clay-Spade-3-scaled-300x300.jpg 300w, https:\/\/www.whitesmh.co.uk\/wp-content\/uploads\/Whites-Clay-Spade-3-scaled-100x100.jpg 100w\" sizes=\"auto, (max-width: 400px) 100vw, 400px\" \/><\/a><\/figure>\n\n\n\n<figure class=\"wp-block-image size-thumbnail\"><a href=\"https:\/\/www.whitesmh.co.uk\/wp-content\/uploads\/PSX_20240425_181328-scaled.jpg\"><img loading=\"lazy\" decoding=\"async\" width=\"400\" height=\"400\" data-id=\"3167\" src=\"https:\/\/www.whitesmh.co.uk\/wp-content\/uploads\/PSX_20240425_181328-400x400.jpg\" alt=\"\" class=\"wp-image-3167\" srcset=\"https:\/\/www.whitesmh.co.uk\/wp-content\/uploads\/PSX_20240425_181328-400x400.jpg 400w, https:\/\/www.whitesmh.co.uk\/wp-content\/uploads\/PSX_20240425_181328-scaled-300x300.jpg 300w, https:\/\/www.whitesmh.co.uk\/wp-content\/uploads\/PSX_20240425_181328-scaled-100x100.jpg 100w\" sizes=\"auto, (max-width: 400px) 100vw, 400px\" \/><\/a><\/figure>\n\n\n\n<figure class=\"wp-block-image size-thumbnail\"><a href=\"https:\/\/www.whitesmh.co.uk\/wp-content\/uploads\/Clay-spade-rear.jpg\"><img loading=\"lazy\" decoding=\"async\" width=\"400\" height=\"400\" data-id=\"3281\" src=\"https:\/\/www.whitesmh.co.uk\/wp-content\/uploads\/Clay-spade-rear-400x400.jpg\" alt=\"\" class=\"wp-image-3281\" srcset=\"https:\/\/www.whitesmh.co.uk\/wp-content\/uploads\/Clay-spade-rear-400x400.jpg 400w, https:\/\/www.whitesmh.co.uk\/wp-content\/uploads\/Clay-spade-rear-scaled-300x300.jpg 300w, https:\/\/www.whitesmh.co.uk\/wp-content\/uploads\/Clay-spade-rear-scaled-100x100.jpg 100w\" sizes=\"auto, (max-width: 400px) 100vw, 400px\" \/><\/a><\/figure>\n\n\n\n<figure class=\"wp-block-image size-thumbnail\"><a href=\"https:\/\/www.whitesmh.co.uk\/wp-content\/uploads\/Side-on-clay-spade-2-scaled.jpg\"><img loading=\"lazy\" decoding=\"async\" width=\"400\" height=\"400\" data-id=\"3173\" src=\"https:\/\/www.whitesmh.co.uk\/wp-content\/uploads\/Side-on-clay-spade-2-400x400.jpg\" alt=\"\" class=\"wp-image-3173\" srcset=\"https:\/\/www.whitesmh.co.uk\/wp-content\/uploads\/Side-on-clay-spade-2-400x400.jpg 400w, https:\/\/www.whitesmh.co.uk\/wp-content\/uploads\/Side-on-clay-spade-2-scaled-300x300.jpg 300w, https:\/\/www.whitesmh.co.uk\/wp-content\/uploads\/Side-on-clay-spade-2-scaled-100x100.jpg 100w\" sizes=\"auto, (max-width: 400px) 100vw, 400px\" \/><\/a><\/figure>\n\n\n\n<figure class=\"wp-block-image size-thumbnail\"><a href=\"https:\/\/www.whitesmh.co.uk\/wp-content\/uploads\/PSX_20240425_190123-scaled.jpg\"><img loading=\"lazy\" decoding=\"async\" width=\"400\" height=\"400\" data-id=\"3165\" src=\"https:\/\/www.whitesmh.co.uk\/wp-content\/uploads\/PSX_20240425_190123-400x400.jpg\" alt=\"\" class=\"wp-image-3165\" srcset=\"https:\/\/www.whitesmh.co.uk\/wp-content\/uploads\/PSX_20240425_190123-400x400.jpg 400w, https:\/\/www.whitesmh.co.uk\/wp-content\/uploads\/PSX_20240425_190123-scaled-300x300.jpg 300w, https:\/\/www.whitesmh.co.uk\/wp-content\/uploads\/PSX_20240425_190123-scaled-100x100.jpg 100w\" sizes=\"auto, (max-width: 400px) 100vw, 400px\" \/><\/a><\/figure>\n\n\n\n<figure class=\"wp-block-image size-thumbnail\"><a href=\"https:\/\/www.whitesmh.co.uk\/wp-content\/uploads\/Clay-spade-rear-pair-scaled.jpg\"><img loading=\"lazy\" decoding=\"async\" width=\"400\" height=\"400\" data-id=\"3286\" src=\"https:\/\/www.whitesmh.co.uk\/wp-content\/uploads\/Clay-spade-rear-pair-400x400.jpg\" alt=\"\" class=\"wp-image-3286\" srcset=\"https:\/\/www.whitesmh.co.uk\/wp-content\/uploads\/Clay-spade-rear-pair-400x400.jpg 400w, https:\/\/www.whitesmh.co.uk\/wp-content\/uploads\/Clay-spade-rear-pair-scaled-300x300.jpg 300w, https:\/\/www.whitesmh.co.uk\/wp-content\/uploads\/Clay-spade-rear-pair-scaled-100x100.jpg 100w\" sizes=\"auto, (max-width: 400px) 100vw, 400px\" \/><\/a><\/figure>\n\n\n\n<figure class=\"wp-block-image size-thumbnail\"><a href=\"https:\/\/www.whitesmh.co.uk\/wp-content\/uploads\/Clay-Spade-back-to-back-2-scaled.jpg\"><img loading=\"lazy\" decoding=\"async\" width=\"400\" height=\"400\" data-id=\"3284\" src=\"https:\/\/www.whitesmh.co.uk\/wp-content\/uploads\/Clay-Spade-back-to-back-2-400x400.jpg\" alt=\"\" class=\"wp-image-3284\" srcset=\"https:\/\/www.whitesmh.co.uk\/wp-content\/uploads\/Clay-Spade-back-to-back-2-400x400.jpg 400w, https:\/\/www.whitesmh.co.uk\/wp-content\/uploads\/Clay-Spade-back-to-back-2-scaled-300x300.jpg 300w, https:\/\/www.whitesmh.co.uk\/wp-content\/uploads\/Clay-Spade-back-to-back-2-scaled-100x100.jpg 100w\" sizes=\"auto, (max-width: 400px) 100vw, 400px\" \/><\/a><\/figure>\n\n\n\n<figure class=\"wp-block-image size-thumbnail\"><a href=\"https:\/\/www.whitesmh.co.uk\/wp-content\/uploads\/Clay-Spade-side-on-pair-scaled.jpg\"><img loading=\"lazy\" decoding=\"async\" width=\"400\" height=\"400\" data-id=\"3285\" src=\"https:\/\/www.whitesmh.co.uk\/wp-content\/uploads\/Clay-Spade-side-on-pair-400x400.jpg\" alt=\"\" class=\"wp-image-3285\" srcset=\"https:\/\/www.whitesmh.co.uk\/wp-content\/uploads\/Clay-Spade-side-on-pair-400x400.jpg 400w, https:\/\/www.whitesmh.co.uk\/wp-content\/uploads\/Clay-Spade-side-on-pair-scaled-300x300.jpg 300w, https:\/\/www.whitesmh.co.uk\/wp-content\/uploads\/Clay-Spade-side-on-pair-scaled-100x100.jpg 100w\" sizes=\"auto, (max-width: 400px) 100vw, 400px\" \/><\/a><\/figure>\n<\/figure>\n<\/div>\n","protected":false},"excerpt":{"rendered":"<p>ESP\u00c1TULAS DE ARCILLA Con lados recortados, la pala de arcilla WHITES es un cubo perfecto para cavar tramos estrechos en entornos m\u00e1s pegajosos. MODELOS N\u00famero de pieza Ancho (mm) Ancho (pulgadas) Tama\u00f1o de la m\u00e1quina EC1506 150mm 6\u00bb 1.5T EC1508 200mm 8\u00bb 1.5T EC1509 230mm 9\u00bb 1.5T EC1510 250mm 10\u00bb 1.5T EC1512 300mm 12\u00bb 1.5T&hellip;<\/p>\n","protected":false},"featured_media":10557,"template":"","meta":{"_acf_changed":false},"product_brand":[],"product_cat":[322],"product_tag":[],"class_list":{"2":"type-product","7":"product","8":"first","9":"instock","10":"taxable","11":"shipping-taxable","12":"product-type-simple"},"acf":[],"_links":{"self":[{"href":"https:\/\/www.whitesmh.co.uk\/es\/wp-json\/wp\/v2\/product\/8242","targetHints":{"allow":["GET"]}}],"collection":[{"href":"https:\/\/www.whitesmh.co.uk\/es\/wp-json\/wp\/v2\/product"}],"about":[{"href":"https:\/\/www.whitesmh.co.uk\/es\/wp-json\/wp\/v2\/types\/product"}],"wp:featuredmedia":[{"embeddable":true,"href":"https:\/\/www.whitesmh.co.uk\/es\/wp-json\/wp\/v2\/media\/10557"}],"wp:attachment":[{"href":"https:\/\/www.whitesmh.co.uk\/es\/wp-json\/wp\/v2\/media?parent=8242"}],"wp:term":[{"taxonomy":"product_brand","embeddable":true,"href":"https:\/\/www.whitesmh.co.uk\/es\/wp-json\/wp\/v2\/product_brand?post=8242"},{"taxonomy":"product_cat","embeddable":true,"href":"https:\/\/www.whitesmh.co.uk\/es\/wp-json\/wp\/v2\/product_cat?post=8242"},{"taxonomy":"product_tag","embeddable":true,"href":"https:\/\/www.whitesmh.co.uk\/es\/wp-json\/wp\/v2\/product_tag?post=8242"}],"curies":[{"name":"wp","href":"https:\/\/api.w.org\/{rel}","templated":true}]}}