{"id":8230,"date":"2023-11-21T09:53:03","date_gmt":"2023-11-21T09:53:03","guid":{"rendered":"https:\/\/www.whitesmh.co.uk\/products\/cubos-hd-x-jcb-teletruk-gp\/"},"modified":"2024-11-19T09:25:31","modified_gmt":"2024-11-19T09:25:31","slug":"cubos-hd-x-jcb-teletruk-gp","status":"publish","type":"product","link":"https:\/\/www.whitesmh.co.uk\/es\/producto\/cubos-hd-x-jcb-teletruk-gp\/","title":{"rendered":"Cubos HD-X jcb teletruk gp"},"content":{"rendered":"\n<div class=\"wp-block-columns is-layout-flex wp-container-core-columns-is-layout-28f84493 wp-block-columns-is-layout-flex\">\n<div class=\"wp-block-column is-vertically-aligned-center is-layout-flow wp-block-column-is-layout-flow\">\n<figure class=\"wp-block-image size-full\"><img loading=\"lazy\" decoding=\"async\" width=\"1600\" height=\"1200\" src=\"https:\/\/www.whitesmh.co.uk\/wp-content\/uploads\/71mUT2zQwilaIdehXTO2EH_VxakbcJH8HzEJTynHMUs_plaintext_638211995731409339.jpg\" alt=\"\" class=\"wp-image-1409\" srcset=\"https:\/\/www.whitesmh.co.uk\/wp-content\/uploads\/71mUT2zQwilaIdehXTO2EH_VxakbcJH8HzEJTynHMUs_plaintext_638211995731409339.jpg 1600w, https:\/\/www.whitesmh.co.uk\/wp-content\/uploads\/71mUT2zQwilaIdehXTO2EH_VxakbcJH8HzEJTynHMUs_plaintext_638211995731409339-600x450.jpg 600w, https:\/\/www.whitesmh.co.uk\/wp-content\/uploads\/71mUT2zQwilaIdehXTO2EH_VxakbcJH8HzEJTynHMUs_plaintext_638211995731409339-800x600.jpg 800w, https:\/\/www.whitesmh.co.uk\/wp-content\/uploads\/71mUT2zQwilaIdehXTO2EH_VxakbcJH8HzEJTynHMUs_plaintext_638211995731409339-768x576.jpg 768w\" sizes=\"auto, (max-width: 800px) 100vw, 800px\" \/><\/figure>\n<\/div>\n\n\n\n<div class=\"wp-block-column is-layout-flow wp-block-column-is-layout-flow\">\n<h2 class=\"wp-block-heading\" style=\"text-transform:uppercase\">CUCHARAS HD-X JCB TELETRUK GP<\/h2>\n\n\n\n<p>El cuchar\u00f3n WHITES HD-X JCB Teletruk GP est\u00e1 dise\u00f1ado espec\u00edficamente para manejar residuos y otros materiales reciclables.  <\/p>\n\n\n\n<ul class=\"wp-block-list\">\n<li>Dise\u00f1ado espec\u00edficamente para JCB Teletruk<\/li>\n\n\n\n<li>Modelo de 1525 mm \/ 5&#8242; de ancho \/ 0,60 m3<\/li>\n\n\n\n<li>Modelo de 1830 mm \/ 6&#8242; de ancho \/ 1,00 m3<\/li>\n\n\n\n<li>Disponible con soportes Clase 3 o Changeeze<\/li>\n\n\n\n<li>HB500 almohadillas de corte y tal\u00f3n<\/li>\n\n\n\n<li>Tornillo opcional en la placa de puntera reversible<\/li>\n<\/ul>\n\n\n\n<div class=\"wp-block-columns is-layout-flex wp-container-core-columns-is-layout-28f84493 wp-block-columns-is-layout-flex\">\n<div class=\"wp-block-column is-layout-flow wp-block-column-is-layout-flow\" style=\"flex-basis:100%\">\n<figure class=\"wp-block-image size-medium is-resized\"><img loading=\"lazy\" decoding=\"async\" width=\"800\" height=\"128\" src=\"https:\/\/www.whitesmh.co.uk\/wp-content\/uploads\/MIB-HDX-2-800x128.jpg\" alt=\"\" class=\"wp-image-1262\" style=\"width:268px;height:auto\" srcset=\"https:\/\/www.whitesmh.co.uk\/wp-content\/uploads\/MIB-HDX-2-800x128.jpg 800w, https:\/\/www.whitesmh.co.uk\/wp-content\/uploads\/MIB-HDX-2-600x96.jpg 600w, https:\/\/www.whitesmh.co.uk\/wp-content\/uploads\/MIB-HDX-2-768x123.jpg 768w\" sizes=\"auto, (max-width: 800px) 100vw, 800px\" \/><\/figure>\n<\/div>\n<\/div>\n\n\n\n<div class=\"wp-block-buttons is-layout-flex wp-block-buttons-is-layout-flex\">\n<div class=\"wp-block-button\"><a class=\"wp-block-button__link wp-element-button\" href=\"https:\/\/www.whitesmh.co.uk\/es\/contacto\/\">CONT\u00c1CTENOS<\/a><\/div>\n\n\n\n<div class=\"wp-block-button\"><a class=\"wp-block-button__link wp-element-button\" href=\"https:\/\/www.whitesmh.co.uk\/support\/buckets-product-support\/\">SOPORTE DE PRODUCTO<\/a><\/div>\n\n\n\n<div class=\"wp-block-button\"><a class=\"wp-block-button__link wp-element-button\" href=\"https:\/\/www.whitesmh.co.uk\/wp-content\/uploads\/WMH-Data-Sheet-JCB-Teletruk-GP-Bucket.pptx\" target=\"_blank\" rel=\"noreferrer noopener\">FICHA T\u00c9CNICA<\/a><\/div>\n<\/div>\n<\/div>\n<\/div>\n\n<div class=\"wp-block-group has-primary-background-color has-background is-layout-flow wp-block-group-is-layout-flow\" style=\"margin-top:30px;margin-bottom:30px;padding-top:var(--wp--preset--spacing--40);padding-right:var(--wp--preset--spacing--40);padding-bottom:var(--wp--preset--spacing--40);padding-left:var(--wp--preset--spacing--40)\">\n<h3 class=\"wp-block-heading\">MODELOS<\/h3>\n<\/div>\n\n<figure class=\"wp-block-table\"><table><tbody><tr><td class=\"has-text-align-center\" data-align=\"center\"><strong>Modelo<\/strong><\/td><td class=\"has-text-align-center\" data-align=\"center\"><strong>Ancho (mm)<\/strong><\/td><td class=\"has-text-align-center\" data-align=\"center\"><strong>Capacidad<\/strong><\/td><\/tr><tr><td class=\"has-text-align-center\" data-align=\"center\">GP0650X3<\/td><td class=\"has-text-align-center\" data-align=\"center\">1525mm<\/td><td class=\"has-text-align-center\" data-align=\"center\">0.60m3<\/td><\/tr><tr><td class=\"has-text-align-center\" data-align=\"center\">GP1060X3<\/td><td class=\"has-text-align-center\" data-align=\"center\">1830mm<\/td><td class=\"has-text-align-center\" data-align=\"center\">1.00m3<\/td><\/tr><\/tbody><\/table><\/figure>\n\n<div class=\"wp-block-group is-layout-flow wp-block-group-is-layout-flow\">\n<div class=\"wp-block-group has-primary-background-color has-background is-layout-flow wp-block-group-is-layout-flow\" style=\"margin-top:30px;margin-bottom:30px;padding-top:var(--wp--preset--spacing--40);padding-right:var(--wp--preset--spacing--40);padding-bottom:var(--wp--preset--spacing--40);padding-left:var(--wp--preset--spacing--40)\">\n<h3 class=\"wp-block-heading\">GALER\u00cdA<\/h3>\n<\/div>\n\n\n\n<figure class=\"wp-block-gallery has-nested-images columns-4 is-cropped wp-block-gallery-1 is-layout-flex wp-block-gallery-is-layout-flex\">\n<figure class=\"wp-block-image size-thumbnail\"><a href=\"https:\/\/www.whitesmh.co.uk\/wp-content\/uploads\/WcWOpTIaWtj3j_9MQOvrYifC5LJ8Cxzzye4uvJUI66A_plaintext_638211995731346544.jpg\"><img loading=\"lazy\" decoding=\"async\" width=\"400\" height=\"400\" data-id=\"1411\" src=\"https:\/\/www.whitesmh.co.uk\/wp-content\/uploads\/WcWOpTIaWtj3j_9MQOvrYifC5LJ8Cxzzye4uvJUI66A_plaintext_638211995731346544-400x400.jpg\" alt=\"\" class=\"wp-image-1411\" srcset=\"https:\/\/www.whitesmh.co.uk\/wp-content\/uploads\/WcWOpTIaWtj3j_9MQOvrYifC5LJ8Cxzzye4uvJUI66A_plaintext_638211995731346544-400x400.jpg 400w, https:\/\/www.whitesmh.co.uk\/wp-content\/uploads\/WcWOpTIaWtj3j_9MQOvrYifC5LJ8Cxzzye4uvJUI66A_plaintext_638211995731346544-300x300.jpg 300w, https:\/\/www.whitesmh.co.uk\/wp-content\/uploads\/WcWOpTIaWtj3j_9MQOvrYifC5LJ8Cxzzye4uvJUI66A_plaintext_638211995731346544-100x100.jpg 100w\" sizes=\"auto, (max-width: 400px) 100vw, 400px\" \/><\/a><\/figure>\n\n\n\n<figure class=\"wp-block-image size-thumbnail\"><a href=\"https:\/\/www.whitesmh.co.uk\/wp-content\/uploads\/sRSqHPlvfM3M9TglOLcSn4tVkOiOdMFd0UoivvnPliY_plaintext_638211995732124449.jpg\"><img loading=\"lazy\" decoding=\"async\" width=\"400\" height=\"400\" data-id=\"1410\" src=\"https:\/\/www.whitesmh.co.uk\/wp-content\/uploads\/sRSqHPlvfM3M9TglOLcSn4tVkOiOdMFd0UoivvnPliY_plaintext_638211995732124449-400x400.jpg\" alt=\"\" class=\"wp-image-1410\" srcset=\"https:\/\/www.whitesmh.co.uk\/wp-content\/uploads\/sRSqHPlvfM3M9TglOLcSn4tVkOiOdMFd0UoivvnPliY_plaintext_638211995732124449-400x400.jpg 400w, https:\/\/www.whitesmh.co.uk\/wp-content\/uploads\/sRSqHPlvfM3M9TglOLcSn4tVkOiOdMFd0UoivvnPliY_plaintext_638211995732124449-300x300.jpg 300w, https:\/\/www.whitesmh.co.uk\/wp-content\/uploads\/sRSqHPlvfM3M9TglOLcSn4tVkOiOdMFd0UoivvnPliY_plaintext_638211995732124449-100x100.jpg 100w\" sizes=\"auto, (max-width: 400px) 100vw, 400px\" \/><\/a><\/figure>\n\n\n\n<figure class=\"wp-block-image size-thumbnail\"><a href=\"https:\/\/www.whitesmh.co.uk\/wp-content\/uploads\/9dMEOiNyTYIZ3BoiSzOYG1RpCyaoyAYg8PoHLEskf2A_plaintext_638211995731465902.jpg\"><img loading=\"lazy\" decoding=\"async\" width=\"400\" height=\"400\" data-id=\"1408\" src=\"https:\/\/www.whitesmh.co.uk\/wp-content\/uploads\/9dMEOiNyTYIZ3BoiSzOYG1RpCyaoyAYg8PoHLEskf2A_plaintext_638211995731465902-400x400.jpg\" alt=\"\" class=\"wp-image-1408\" srcset=\"https:\/\/www.whitesmh.co.uk\/wp-content\/uploads\/9dMEOiNyTYIZ3BoiSzOYG1RpCyaoyAYg8PoHLEskf2A_plaintext_638211995731465902-400x400.jpg 400w, https:\/\/www.whitesmh.co.uk\/wp-content\/uploads\/9dMEOiNyTYIZ3BoiSzOYG1RpCyaoyAYg8PoHLEskf2A_plaintext_638211995731465902-300x300.jpg 300w, https:\/\/www.whitesmh.co.uk\/wp-content\/uploads\/9dMEOiNyTYIZ3BoiSzOYG1RpCyaoyAYg8PoHLEskf2A_plaintext_638211995731465902-100x100.jpg 100w\" sizes=\"auto, (max-width: 400px) 100vw, 400px\" \/><\/a><\/figure>\n\n\n\n<figure class=\"wp-block-image size-thumbnail\"><a href=\"https:\/\/www.whitesmh.co.uk\/wp-content\/uploads\/7oJnC2vaEoYsDil6fFZHL8ulpZjAIEHvBFbTancLlz0_plaintext_638211995731287751.jpg\"><img loading=\"lazy\" decoding=\"async\" width=\"400\" height=\"400\" data-id=\"1407\" src=\"https:\/\/www.whitesmh.co.uk\/wp-content\/uploads\/7oJnC2vaEoYsDil6fFZHL8ulpZjAIEHvBFbTancLlz0_plaintext_638211995731287751-400x400.jpg\" alt=\"\" class=\"wp-image-1407\" srcset=\"https:\/\/www.whitesmh.co.uk\/wp-content\/uploads\/7oJnC2vaEoYsDil6fFZHL8ulpZjAIEHvBFbTancLlz0_plaintext_638211995731287751-400x400.jpg 400w, https:\/\/www.whitesmh.co.uk\/wp-content\/uploads\/7oJnC2vaEoYsDil6fFZHL8ulpZjAIEHvBFbTancLlz0_plaintext_638211995731287751-300x300.jpg 300w, https:\/\/www.whitesmh.co.uk\/wp-content\/uploads\/7oJnC2vaEoYsDil6fFZHL8ulpZjAIEHvBFbTancLlz0_plaintext_638211995731287751-100x100.jpg 100w\" sizes=\"auto, (max-width: 400px) 100vw, 400px\" \/><\/a><\/figure>\n<\/figure>\n<\/div>\n\n<div class=\"wp-block-group is-layout-constrained wp-block-group-is-layout-constrained\">\n<div class=\"wp-block-group alignfull has-primary-background-color has-background is-layout-flow wp-block-group-is-layout-flow\" style=\"margin-top:30px;margin-bottom:30px;padding-top:var(--wp--preset--spacing--40);padding-right:var(--wp--preset--spacing--40);padding-bottom:var(--wp--preset--spacing--40);padding-left:var(--wp--preset--spacing--40)\">\n<h3 class=\"wp-block-heading\">PRODUCTOS RELACIONADOS<\/h3>\n<\/div>\n\n\n\n<div class=\"product-grid flex\">\n\t\t<div class=\"col-25 padBottom\">\n\t\t<a href=\"https:\/\/www.whitesmh.co.uk\/es\/producto\/cucharon-de-garra-teletruk-hd-x-jcb\/\" title=\"Cuchar\u00f3n de garra teletruk HD-X jcb\" class=\"block radius\">\n\t\t\t\t\t\t<div class=\"thumb\">\n\t\t\t\t<img loading=\"lazy\" decoding=\"async\" width=\"400\" height=\"400\" src=\"https:\/\/www.whitesmh.co.uk\/wp-content\/uploads\/JCB-TLT-Grab-Bucket1-400x400.jpg\" class=\"attachment-thumbnail size-thumbnail wp-post-image\" alt=\"\" srcset=\"https:\/\/www.whitesmh.co.uk\/wp-content\/uploads\/JCB-TLT-Grab-Bucket1-400x400.jpg 400w, https:\/\/www.whitesmh.co.uk\/wp-content\/uploads\/JCB-TLT-Grab-Bucket1-300x300.jpg 300w, https:\/\/www.whitesmh.co.uk\/wp-content\/uploads\/JCB-TLT-Grab-Bucket1-100x100.jpg 100w\" sizes=\"auto, (max-width: 400px) 100vw, 400px\" \/>\t\t\t\t\t\t\t\t\t\n\t\t\t<\/div>\n\t\t\t\t\t\t<div class=\"meta smlPadAll\">\n\t\t\t\t<h4 class=\"no-margin\">Cuchar\u00f3n de garra teletruk HD-X jcb<\/h4>\n\t\t\t\t<span class=\"blue button marTop\">Find out more <i class=\"fa-solid fa-chevron-right\"><\/i><\/span>\n\t\t\t<\/div>\n\t\t<\/a>\n\t<\/div>\n\t<\/div>\n<\/div>\n","protected":false},"excerpt":{"rendered":"<p>CUCHARAS HD-X JCB TELETRUK GP El cuchar\u00f3n WHITES HD-X JCB Teletruk GP est\u00e1 dise\u00f1ado espec\u00edficamente para manejar residuos y otros materiales reciclables. MODELOS Modelo Ancho (mm) Capacidad GP0650X3 1525mm 0.60m3 GP1060X3 1830mm 1.00m3 GALER\u00cdA PRODUCTOS RELACIONADOS<\/p>\n","protected":false},"featured_media":8236,"template":"","meta":{"_acf_changed":false},"product_brand":[],"product_cat":[294],"product_tag":[],"class_list":{"2":"type-product","7":"product","8":"first","9":"instock","10":"taxable","11":"shipping-taxable","12":"product-type-simple"},"acf":[],"_links":{"self":[{"href":"https:\/\/www.whitesmh.co.uk\/es\/wp-json\/wp\/v2\/product\/8230","targetHints":{"allow":["GET"]}}],"collection":[{"href":"https:\/\/www.whitesmh.co.uk\/es\/wp-json\/wp\/v2\/product"}],"about":[{"href":"https:\/\/www.whitesmh.co.uk\/es\/wp-json\/wp\/v2\/types\/product"}],"wp:featuredmedia":[{"embeddable":true,"href":"https:\/\/www.whitesmh.co.uk\/es\/wp-json\/wp\/v2\/media\/8236"}],"wp:attachment":[{"href":"https:\/\/www.whitesmh.co.uk\/es\/wp-json\/wp\/v2\/media?parent=8230"}],"wp:term":[{"taxonomy":"product_brand","embeddable":true,"href":"https:\/\/www.whitesmh.co.uk\/es\/wp-json\/wp\/v2\/product_brand?post=8230"},{"taxonomy":"product_cat","embeddable":true,"href":"https:\/\/www.whitesmh.co.uk\/es\/wp-json\/wp\/v2\/product_cat?post=8230"},{"taxonomy":"product_tag","embeddable":true,"href":"https:\/\/www.whitesmh.co.uk\/es\/wp-json\/wp\/v2\/product_tag?post=8230"}],"curies":[{"name":"wp","href":"https:\/\/api.w.org\/{rel}","templated":true}]}}