{"id":8217,"date":"2023-11-21T08:20:09","date_gmt":"2023-11-21T08:20:09","guid":{"rendered":"https:\/\/www.whitesmh.co.uk\/products\/pinza-de-pacas-de-compresion-lateral-ag-x\/"},"modified":"2024-11-19T09:24:16","modified_gmt":"2024-11-19T09:24:16","slug":"pinza-de-pacas-de-compresion-lateral-ag-x","status":"publish","type":"product","link":"https:\/\/www.whitesmh.co.uk\/es\/producto\/pinza-de-pacas-de-compresion-lateral-ag-x\/","title":{"rendered":"Pinza de pacas de compresi\u00f3n lateral AG-X"},"content":{"rendered":"\n<div class=\"wp-block-columns is-layout-flex wp-container-core-columns-is-layout-28f84493 wp-block-columns-is-layout-flex\">\n<div class=\"wp-block-column is-layout-flow wp-block-column-is-layout-flow\">\n<h2 class=\"wp-block-heading\" style=\"text-transform:uppercase\">PINZA PARA PACAS DE COMPRESI\u00d3N LATERAL AG-X<\/h2>\n\n\n\n<p>La cuchara para pacas de compresi\u00f3n lateral WHITES AG-X es adecuada para pacas envueltas redondas y cuadradas. Un segundo bastidor de pacas est\u00e1 equipado de serie.  <\/p>\n\n\n\n<ul class=\"wp-block-list\">\n<li>Adecuado para manipuladores telesc\u00f3picos o cargadoras de tractores<\/li>\n\n\n\n<li>Adecuado para manipular y apilar pacas cuadradas y redondas<\/li>\n\n\n\n<li>Gire las pacas en su extremo para \u00abapilar la tina\u00bb<\/li>\n\n\n\n<li>Los brazos de tubo redondo protegen la envoltura de la paca<\/li>\n\n\n\n<li>Se abre hasta 2144 mm<\/li>\n\n\n\n<li>Cierra a 744 mm<\/li>\n\n\n\n<li>Segundo protector contra derrames de pacas<\/li>\n\n\n\n<li>Pasadores de pivote de alta calidad para una m\u00e1xima vida \u00fatil<\/li>\n\n\n\n<li>Cilindros de alta capacidad y v\u00e1lvula de retenci\u00f3n<\/li>\n\n\n\n<li>Acabado de pintura WHITES de alta calidad<\/li>\n\n\n\n<li>Soportes atornillados opcionales<\/li>\n<\/ul>\n\n\n\n<div class=\"wp-block-columns is-layout-flex wp-container-core-columns-is-layout-28f84493 wp-block-columns-is-layout-flex\">\n<div class=\"wp-block-column is-layout-flow wp-block-column-is-layout-flow\" style=\"flex-basis:100%\">\n<figure class=\"wp-block-image size-medium is-resized\"><img loading=\"lazy\" decoding=\"async\" width=\"800\" height=\"135\" src=\"https:\/\/www.whitesmh.co.uk\/wp-content\/uploads\/MIB-AGX-800x135.jpg\" alt=\"\" class=\"wp-image-1173\" style=\"width:268px;height:auto\" srcset=\"https:\/\/www.whitesmh.co.uk\/wp-content\/uploads\/MIB-AGX-800x135.jpg 800w, https:\/\/www.whitesmh.co.uk\/wp-content\/uploads\/MIB-AGX-600x101.jpg 600w, https:\/\/www.whitesmh.co.uk\/wp-content\/uploads\/MIB-AGX-768x129.jpg 768w, https:\/\/www.whitesmh.co.uk\/wp-content\/uploads\/MIB-AGX.jpg 1046w\" sizes=\"auto, (max-width: 800px) 100vw, 800px\" \/><\/figure>\n<\/div>\n<\/div>\n\n\n\n<div class=\"wp-block-buttons is-layout-flex wp-block-buttons-is-layout-flex\">\n<div class=\"wp-block-button\"><a class=\"wp-block-button__link wp-element-button\" href=\"https:\/\/www.whitesmh.co.uk\/es\/contacto\/\">CONT\u00c1CTENOS<\/a><\/div>\n\n\n\n<div class=\"wp-block-button\"><a class=\"wp-block-button__link wp-element-button\" href=\"https:\/\/www.whitesmh.co.uk\/es\/soporte-de-producto\/\">SOPORTE DE PRODUCTO<\/a><\/div>\n\n\n\n<div class=\"wp-block-button\"><a class=\"wp-block-button__link wp-element-button\" href=\"https:\/\/www.whitesmh.co.uk\/wp-content\/uploads\/WMH-Data-Sheet-Side-Squeeze-Bale-Handler.pptx\" target=\"_blank\" rel=\"noreferrer noopener\">FICHA T\u00c9CNICA<\/a><\/div>\n<\/div>\n<\/div>\n\n\n\n<div class=\"wp-block-column is-vertically-aligned-center is-layout-flow wp-block-column-is-layout-flow\">\n<figure class=\"wp-block-image size-full\"><img loading=\"lazy\" decoding=\"async\" width=\"2000\" height=\"1500\" src=\"https:\/\/www.whitesmh.co.uk\/wp-content\/uploads\/IMG_1765-scaled.jpg\" alt=\"\" class=\"wp-image-1337\" srcset=\"https:\/\/www.whitesmh.co.uk\/wp-content\/uploads\/IMG_1765-scaled.jpg 2000w, https:\/\/www.whitesmh.co.uk\/wp-content\/uploads\/IMG_1765-scaled-600x450.jpg 600w, https:\/\/www.whitesmh.co.uk\/wp-content\/uploads\/IMG_1765-800x600.jpg 800w, https:\/\/www.whitesmh.co.uk\/wp-content\/uploads\/IMG_1765-768x576.jpg 768w\" sizes=\"auto, (max-width: 800px) 100vw, 800px\" \/><\/figure>\n<\/div>\n<\/div>\n\n<div class=\"wp-block-group has-primary-background-color has-background is-layout-flow wp-block-group-is-layout-flow\" style=\"margin-top:30px;margin-bottom:30px;padding-top:var(--wp--preset--spacing--40);padding-right:var(--wp--preset--spacing--40);padding-bottom:var(--wp--preset--spacing--40);padding-left:var(--wp--preset--spacing--40)\">\n<h3 class=\"wp-block-heading\">MODELOS<\/h3>\n<\/div>\n\n<figure class=\"wp-block-table\"><table><tbody><tr><td class=\"has-text-align-center\" data-align=\"center\"><strong>Modelo<\/strong><\/td><td class=\"has-text-align-center\" data-align=\"center\"><strong>Ancho abierto (mm)<\/strong><\/td><td class=\"has-text-align-center\" data-align=\"center\"><strong>Ancho cerrado (mm)<\/strong><\/td><td class=\"has-text-align-center\" data-align=\"center\"><strong>Manijas  <\/strong><\/td><\/tr><tr><td class=\"has-text-align-center\" data-align=\"center\">SSB-CCL<\/td><td class=\"has-text-align-center\" data-align=\"center\">2144mm<\/td><td class=\"has-text-align-center\" data-align=\"center\">744mm<\/td><td class=\"has-text-align-center\" data-align=\"center\">1 x Redondo \/ 2 x Cuadrado<\/td><\/tr><\/tbody><\/table><\/figure>\n\n<div class=\"wp-block-group is-layout-flow wp-block-group-is-layout-flow\">\n<div class=\"wp-block-group has-primary-background-color has-background is-layout-flow wp-block-group-is-layout-flow\" style=\"margin-top:30px;margin-bottom:30px;padding-top:var(--wp--preset--spacing--40);padding-right:var(--wp--preset--spacing--40);padding-bottom:var(--wp--preset--spacing--40);padding-left:var(--wp--preset--spacing--40)\">\n<h3 class=\"wp-block-heading\">GALER\u00cdA<\/h3>\n<\/div>\n\n\n\n<figure class=\"wp-block-gallery has-nested-images columns-4 is-cropped wp-block-gallery-1 is-layout-flex wp-block-gallery-is-layout-flex\">\n<figure class=\"wp-block-image size-thumbnail\"><a href=\"https:\/\/www.whitesmh.co.uk\/wp-content\/uploads\/IMG_1771-scaled.jpg\"><img loading=\"lazy\" decoding=\"async\" width=\"400\" height=\"400\" data-id=\"1341\" src=\"https:\/\/www.whitesmh.co.uk\/wp-content\/uploads\/IMG_1771-400x400.jpg\" alt=\"\" class=\"wp-image-1341\" srcset=\"https:\/\/www.whitesmh.co.uk\/wp-content\/uploads\/IMG_1771-400x400.jpg 400w, https:\/\/www.whitesmh.co.uk\/wp-content\/uploads\/IMG_1771-scaled-300x300.jpg 300w, https:\/\/www.whitesmh.co.uk\/wp-content\/uploads\/IMG_1771-scaled-100x100.jpg 100w\" sizes=\"auto, (max-width: 400px) 100vw, 400px\" \/><\/a><\/figure>\n\n\n\n<figure class=\"wp-block-image size-thumbnail\"><a href=\"https:\/\/www.whitesmh.co.uk\/wp-content\/uploads\/IMG_1769-scaled.jpg\"><img loading=\"lazy\" decoding=\"async\" width=\"400\" height=\"400\" data-id=\"1339\" src=\"https:\/\/www.whitesmh.co.uk\/wp-content\/uploads\/IMG_1769-400x400.jpg\" alt=\"\" class=\"wp-image-1339\" srcset=\"https:\/\/www.whitesmh.co.uk\/wp-content\/uploads\/IMG_1769-400x400.jpg 400w, https:\/\/www.whitesmh.co.uk\/wp-content\/uploads\/IMG_1769-scaled-300x300.jpg 300w, https:\/\/www.whitesmh.co.uk\/wp-content\/uploads\/IMG_1769-scaled-100x100.jpg 100w\" sizes=\"auto, (max-width: 400px) 100vw, 400px\" \/><\/a><\/figure>\n\n\n\n<figure class=\"wp-block-image size-thumbnail\"><a href=\"https:\/\/www.whitesmh.co.uk\/wp-content\/uploads\/IMG_1770-scaled.jpg\"><img loading=\"lazy\" decoding=\"async\" width=\"400\" height=\"400\" data-id=\"1340\" src=\"https:\/\/www.whitesmh.co.uk\/wp-content\/uploads\/IMG_1770-400x400.jpg\" alt=\"\" class=\"wp-image-1340\" srcset=\"https:\/\/www.whitesmh.co.uk\/wp-content\/uploads\/IMG_1770-400x400.jpg 400w, https:\/\/www.whitesmh.co.uk\/wp-content\/uploads\/IMG_1770-scaled-300x300.jpg 300w, https:\/\/www.whitesmh.co.uk\/wp-content\/uploads\/IMG_1770-scaled-100x100.jpg 100w\" sizes=\"auto, (max-width: 400px) 100vw, 400px\" \/><\/a><\/figure>\n\n\n\n<figure class=\"wp-block-image size-thumbnail\"><a href=\"https:\/\/www.whitesmh.co.uk\/wp-content\/uploads\/IMG_1768-scaled.jpg\"><img loading=\"lazy\" decoding=\"async\" width=\"400\" height=\"400\" data-id=\"1338\" src=\"https:\/\/www.whitesmh.co.uk\/wp-content\/uploads\/IMG_1768-400x400.jpg\" alt=\"\" class=\"wp-image-1338\" srcset=\"https:\/\/www.whitesmh.co.uk\/wp-content\/uploads\/IMG_1768-400x400.jpg 400w, https:\/\/www.whitesmh.co.uk\/wp-content\/uploads\/IMG_1768-scaled-300x300.jpg 300w, https:\/\/www.whitesmh.co.uk\/wp-content\/uploads\/IMG_1768-scaled-100x100.jpg 100w\" sizes=\"auto, (max-width: 400px) 100vw, 400px\" \/><\/a><\/figure>\n\n\n\n<figure class=\"wp-block-image size-thumbnail\"><a href=\"https:\/\/www.whitesmh.co.uk\/wp-content\/uploads\/IMG_6145-scaled.jpeg\"><img loading=\"lazy\" decoding=\"async\" width=\"400\" height=\"400\" data-id=\"2269\" src=\"https:\/\/www.whitesmh.co.uk\/wp-content\/uploads\/IMG_6145-400x400.jpeg\" alt=\"\" class=\"wp-image-2269\" srcset=\"https:\/\/www.whitesmh.co.uk\/wp-content\/uploads\/IMG_6145-400x400.jpeg 400w, https:\/\/www.whitesmh.co.uk\/wp-content\/uploads\/IMG_6145-scaled-300x300.jpeg 300w, https:\/\/www.whitesmh.co.uk\/wp-content\/uploads\/IMG_6145-scaled-100x100.jpeg 100w\" sizes=\"auto, (max-width: 400px) 100vw, 400px\" \/><\/a><\/figure>\n\n\n\n<figure class=\"wp-block-image size-thumbnail\"><a href=\"https:\/\/www.whitesmh.co.uk\/wp-content\/uploads\/IMG_6150-scaled.jpeg\"><img loading=\"lazy\" decoding=\"async\" width=\"400\" height=\"400\" data-id=\"2267\" src=\"https:\/\/www.whitesmh.co.uk\/wp-content\/uploads\/IMG_6150-400x400.jpeg\" alt=\"\" class=\"wp-image-2267\" srcset=\"https:\/\/www.whitesmh.co.uk\/wp-content\/uploads\/IMG_6150-400x400.jpeg 400w, https:\/\/www.whitesmh.co.uk\/wp-content\/uploads\/IMG_6150-scaled-300x300.jpeg 300w, https:\/\/www.whitesmh.co.uk\/wp-content\/uploads\/IMG_6150-scaled-100x100.jpeg 100w\" sizes=\"auto, (max-width: 400px) 100vw, 400px\" \/><\/a><\/figure>\n\n\n\n<figure class=\"wp-block-image size-thumbnail\"><a href=\"https:\/\/www.whitesmh.co.uk\/wp-content\/uploads\/IMG_6151-scaled.jpeg\"><img loading=\"lazy\" decoding=\"async\" width=\"400\" height=\"400\" data-id=\"2268\" src=\"https:\/\/www.whitesmh.co.uk\/wp-content\/uploads\/IMG_6151-400x400.jpeg\" alt=\"\" class=\"wp-image-2268\" srcset=\"https:\/\/www.whitesmh.co.uk\/wp-content\/uploads\/IMG_6151-400x400.jpeg 400w, https:\/\/www.whitesmh.co.uk\/wp-content\/uploads\/IMG_6151-scaled-300x300.jpeg 300w, https:\/\/www.whitesmh.co.uk\/wp-content\/uploads\/IMG_6151-scaled-100x100.jpeg 100w\" sizes=\"auto, (max-width: 400px) 100vw, 400px\" \/><\/a><\/figure>\n\n\n\n<figure class=\"wp-block-image size-thumbnail\"><a href=\"https:\/\/www.whitesmh.co.uk\/wp-content\/uploads\/IMG_6146-scaled.jpeg\"><img loading=\"lazy\" decoding=\"async\" width=\"400\" height=\"400\" data-id=\"2265\" src=\"https:\/\/www.whitesmh.co.uk\/wp-content\/uploads\/IMG_6146-400x400.jpeg\" alt=\"\" class=\"wp-image-2265\" srcset=\"https:\/\/www.whitesmh.co.uk\/wp-content\/uploads\/IMG_6146-400x400.jpeg 400w, https:\/\/www.whitesmh.co.uk\/wp-content\/uploads\/IMG_6146-scaled-300x300.jpeg 300w, https:\/\/www.whitesmh.co.uk\/wp-content\/uploads\/IMG_6146-scaled-100x100.jpeg 100w\" sizes=\"auto, (max-width: 400px) 100vw, 400px\" \/><\/a><\/figure>\n<\/figure>\n<\/div>\n","protected":false},"excerpt":{"rendered":"<p>PINZA PARA PACAS DE COMPRESI\u00d3N LATERAL AG-X La cuchara para pacas de compresi\u00f3n lateral WHITES AG-X es adecuada para pacas envueltas redondas y cuadradas. Un segundo bastidor de pacas est\u00e1 equipado de serie. MODELOS Modelo Ancho abierto (mm) Ancho cerrado (mm) Manijas SSB-CCL 2144mm 744mm 1 x Redondo \/ 2 x Cuadrado GALER\u00cdA<\/p>\n","protected":false},"featured_media":8229,"template":"","meta":{"_acf_changed":false},"product_brand":[],"product_cat":[320,324,321],"product_tag":[],"class_list":{"2":"type-product","9":"product","10":"first","11":"instock","12":"taxable","13":"shipping-taxable","14":"product-type-simple"},"acf":[],"_links":{"self":[{"href":"https:\/\/www.whitesmh.co.uk\/es\/wp-json\/wp\/v2\/product\/8217","targetHints":{"allow":["GET"]}}],"collection":[{"href":"https:\/\/www.whitesmh.co.uk\/es\/wp-json\/wp\/v2\/product"}],"about":[{"href":"https:\/\/www.whitesmh.co.uk\/es\/wp-json\/wp\/v2\/types\/product"}],"wp:featuredmedia":[{"embeddable":true,"href":"https:\/\/www.whitesmh.co.uk\/es\/wp-json\/wp\/v2\/media\/8229"}],"wp:attachment":[{"href":"https:\/\/www.whitesmh.co.uk\/es\/wp-json\/wp\/v2\/media?parent=8217"}],"wp:term":[{"taxonomy":"product_brand","embeddable":true,"href":"https:\/\/www.whitesmh.co.uk\/es\/wp-json\/wp\/v2\/product_brand?post=8217"},{"taxonomy":"product_cat","embeddable":true,"href":"https:\/\/www.whitesmh.co.uk\/es\/wp-json\/wp\/v2\/product_cat?post=8217"},{"taxonomy":"product_tag","embeddable":true,"href":"https:\/\/www.whitesmh.co.uk\/es\/wp-json\/wp\/v2\/product_tag?post=8217"}],"curies":[{"name":"wp","href":"https:\/\/api.w.org\/{rel}","templated":true}]}}