{"id":8186,"date":"2023-12-07T09:14:31","date_gmt":"2023-12-07T09:14:31","guid":{"rendered":"https:\/\/www.whitesmh.co.uk\/products\/cucharones-de-zanja-en-v\/"},"modified":"2024-11-19T09:21:14","modified_gmt":"2024-11-19T09:21:14","slug":"cucharones-de-zanja-en-v","status":"publish","type":"product","link":"https:\/\/www.whitesmh.co.uk\/es\/producto\/cucharones-de-zanja-en-v\/","title":{"rendered":"Cucharones de zanja en V"},"content":{"rendered":"\n<div class=\"wp-block-columns is-layout-flex wp-container-core-columns-is-layout-28f84493 wp-block-columns-is-layout-flex\">\n<div class=\"wp-block-column is-vertically-aligned-center is-layout-flow wp-block-column-is-layout-flow\">\n<figure class=\"wp-block-image size-full\"><img loading=\"lazy\" decoding=\"async\" width=\"1600\" height=\"1600\" src=\"https:\/\/www.whitesmh.co.uk\/wp-content\/uploads\/1000002565-edited-1.jpg\" alt=\"\" class=\"wp-image-3229\" srcset=\"https:\/\/www.whitesmh.co.uk\/wp-content\/uploads\/1000002565-edited-1.jpg 1600w, https:\/\/www.whitesmh.co.uk\/wp-content\/uploads\/1000002565-edited-1-300x300.jpg 300w, https:\/\/www.whitesmh.co.uk\/wp-content\/uploads\/1000002565-edited-1-100x100.jpg 100w, https:\/\/www.whitesmh.co.uk\/wp-content\/uploads\/1000002565-edited-1-600x600.jpg 600w, https:\/\/www.whitesmh.co.uk\/wp-content\/uploads\/1000002565-edited-1-800x800.jpg 800w, https:\/\/www.whitesmh.co.uk\/wp-content\/uploads\/1000002565-edited-1-400x400.jpg 400w, https:\/\/www.whitesmh.co.uk\/wp-content\/uploads\/1000002565-edited-1-768x768.jpg 768w\" sizes=\"auto, (max-width: 800px) 100vw, 800px\" \/><\/figure>\n<\/div>\n\n\n\n<div class=\"wp-block-column is-layout-flow wp-block-column-is-layout-flow\">\n<h2 class=\"wp-block-heading\" style=\"text-transform:uppercase\">CUCHARONES DE ZANJA EN V<\/h2>\n\n\n\n<p>La cuchara WHITES V-Dutch es el producto ideal para la formaci\u00f3n y el mantenimiento de zanjas rectas. Su dise\u00f1o \u00fanico permite a los usuarios ahorrar tiempo mientras zanjan.  <\/p>\n\n\n\n<ul class=\"wp-block-list\">\n<li>Tama\u00f1os est\u00e1ndar disponibles para adaptarse a m\u00e1quinas de 1,5 a 25 toneladas<\/li>\n\n\n\n<li>Tama\u00f1os a medida disponibles bajo pedido<\/li>\n\n\n\n<li>Varias opciones de dientes<\/li>\n\n\n\n<li>Bordes de corte laterales tratados t\u00e9rmicamente<\/li>\n<\/ul>\n\n\n\n<div class=\"wp-block-columns is-layout-flex wp-container-core-columns-is-layout-28f84493 wp-block-columns-is-layout-flex\">\n<div class=\"wp-block-column is-layout-flow wp-block-column-is-layout-flow\" style=\"flex-basis:100%\">\n<figure class=\"wp-block-image size-full is-resized\"><img loading=\"lazy\" decoding=\"async\" width=\"626\" height=\"149\" src=\"https:\/\/www.whitesmh.co.uk\/wp-content\/uploads\/image.png\" alt=\"\" class=\"wp-image-635\" style=\"width:268px;height:auto\" srcset=\"https:\/\/www.whitesmh.co.uk\/wp-content\/uploads\/image.png 626w, https:\/\/www.whitesmh.co.uk\/wp-content\/uploads\/image-600x143.png 600w\" sizes=\"auto, (max-width: 626px) 100vw, 626px\" \/><\/figure>\n<\/div>\n<\/div>\n\n\n\n<div class=\"wp-block-buttons is-layout-flex wp-block-buttons-is-layout-flex\">\n<div class=\"wp-block-button\"><a class=\"wp-block-button__link wp-element-button\" href=\"https:\/\/www.whitesmh.co.uk\/es\/contacto\/\">CONT\u00c1CTENOS<\/a><\/div>\n\n\n\n<div class=\"wp-block-button\"><a class=\"wp-block-button__link wp-element-button\" href=\"https:\/\/www.whitesmh.co.uk\/es\/soporte-de-producto\/\">SOPORTE DE PRODUCTO<\/a><\/div>\n<\/div>\n<\/div>\n<\/div>\n\n<div class=\"wp-block-group is-layout-flow wp-block-group-is-layout-flow\">\n<div class=\"wp-block-group has-primary-background-color has-background is-layout-flow wp-block-group-is-layout-flow\" style=\"margin-top:30px;margin-bottom:30px;padding-top:var(--wp--preset--spacing--40);padding-right:var(--wp--preset--spacing--40);padding-bottom:var(--wp--preset--spacing--40);padding-left:var(--wp--preset--spacing--40)\">\n<h3 class=\"wp-block-heading\">GALER\u00cdA<\/h3>\n<\/div>\n<\/div>\n\n<figure class=\"wp-block-gallery has-nested-images columns-4 is-cropped wp-block-gallery-1 is-layout-flex wp-block-gallery-is-layout-flex\">\n<figure class=\"wp-block-image size-large\"><a href=\"https:\/\/www.whitesmh.co.uk\/wp-content\/uploads\/1000002565-scaled.jpg\"><img loading=\"lazy\" decoding=\"async\" width=\"1050\" height=\"1400\" data-id=\"3224\" src=\"https:\/\/www.whitesmh.co.uk\/wp-content\/uploads\/1000002565-1050x1400.jpg\" alt=\"\" class=\"wp-image-3224\" srcset=\"https:\/\/www.whitesmh.co.uk\/wp-content\/uploads\/1000002565-1050x1400.jpg 1050w, https:\/\/www.whitesmh.co.uk\/wp-content\/uploads\/1000002565-600x800.jpg 600w, https:\/\/www.whitesmh.co.uk\/wp-content\/uploads\/1000002565-768x1024.jpg 768w, https:\/\/www.whitesmh.co.uk\/wp-content\/uploads\/1000002565-1152x1536.jpg 1152w, https:\/\/www.whitesmh.co.uk\/wp-content\/uploads\/1000002565-scaled.jpg 1200w\" sizes=\"auto, (max-width: 800px) 100vw, 800px\" \/><\/a><figcaption class=\"wp-element-caption\">Para adaptarse a una m\u00e1quina de 3 toneladas: 12&#8243; de fondo, 39&#8243; de arriba, 22&#8243; de alto<\/figcaption><\/figure>\n\n\n\n<figure class=\"wp-block-image size-large\"><a href=\"https:\/\/www.whitesmh.co.uk\/wp-content\/uploads\/1000002566-scaled.jpg\"><img loading=\"lazy\" decoding=\"async\" width=\"1050\" height=\"1400\" data-id=\"3222\" src=\"https:\/\/www.whitesmh.co.uk\/wp-content\/uploads\/1000002566-1050x1400.jpg\" alt=\"\" class=\"wp-image-3222\" srcset=\"https:\/\/www.whitesmh.co.uk\/wp-content\/uploads\/1000002566-1050x1400.jpg 1050w, https:\/\/www.whitesmh.co.uk\/wp-content\/uploads\/1000002566-600x800.jpg 600w, https:\/\/www.whitesmh.co.uk\/wp-content\/uploads\/1000002566-768x1024.jpg 768w, https:\/\/www.whitesmh.co.uk\/wp-content\/uploads\/1000002566-1152x1536.jpg 1152w, https:\/\/www.whitesmh.co.uk\/wp-content\/uploads\/1000002566-scaled.jpg 1200w\" sizes=\"auto, (max-width: 800px) 100vw, 800px\" \/><\/a><\/figure>\n\n\n\n<figure class=\"wp-block-image size-large\"><a href=\"https:\/\/www.whitesmh.co.uk\/wp-content\/uploads\/1000002568-scaled.jpg\"><img loading=\"lazy\" decoding=\"async\" width=\"1050\" height=\"1400\" data-id=\"3223\" src=\"https:\/\/www.whitesmh.co.uk\/wp-content\/uploads\/1000002568-1050x1400.jpg\" alt=\"\" class=\"wp-image-3223\" srcset=\"https:\/\/www.whitesmh.co.uk\/wp-content\/uploads\/1000002568-1050x1400.jpg 1050w, https:\/\/www.whitesmh.co.uk\/wp-content\/uploads\/1000002568-600x800.jpg 600w, https:\/\/www.whitesmh.co.uk\/wp-content\/uploads\/1000002568-768x1024.jpg 768w, https:\/\/www.whitesmh.co.uk\/wp-content\/uploads\/1000002568-1152x1536.jpg 1152w, https:\/\/www.whitesmh.co.uk\/wp-content\/uploads\/1000002568-scaled.jpg 1200w\" sizes=\"auto, (max-width: 800px) 100vw, 800px\" \/><\/a><\/figure>\n\n\n\n<figure class=\"wp-block-image size-large\"><img loading=\"lazy\" decoding=\"async\" width=\"1050\" height=\"1400\" data-id=\"3235\" src=\"https:\/\/www.whitesmh.co.uk\/wp-content\/uploads\/1000002570-1050x1400.jpg\" alt=\"\" class=\"wp-image-3235\" srcset=\"https:\/\/www.whitesmh.co.uk\/wp-content\/uploads\/1000002570-1050x1400.jpg 1050w, https:\/\/www.whitesmh.co.uk\/wp-content\/uploads\/1000002570-600x800.jpg 600w, https:\/\/www.whitesmh.co.uk\/wp-content\/uploads\/1000002570-768x1024.jpg 768w, https:\/\/www.whitesmh.co.uk\/wp-content\/uploads\/1000002570-1152x1536.jpg 1152w, https:\/\/www.whitesmh.co.uk\/wp-content\/uploads\/1000002570-scaled.jpg 1200w\" sizes=\"auto, (max-width: 800px) 100vw, 800px\" \/><\/figure>\n\n\n\n<figure class=\"wp-block-image size-large\"><a href=\"https:\/\/www.whitesmh.co.uk\/wp-content\/uploads\/1000002567-scaled.jpg\"><img loading=\"lazy\" decoding=\"async\" width=\"1050\" height=\"1400\" data-id=\"3225\" src=\"https:\/\/www.whitesmh.co.uk\/wp-content\/uploads\/1000002567-1050x1400.jpg\" alt=\"\" class=\"wp-image-3225\" srcset=\"https:\/\/www.whitesmh.co.uk\/wp-content\/uploads\/1000002567-1050x1400.jpg 1050w, https:\/\/www.whitesmh.co.uk\/wp-content\/uploads\/1000002567-600x800.jpg 600w, https:\/\/www.whitesmh.co.uk\/wp-content\/uploads\/1000002567-768x1024.jpg 768w, https:\/\/www.whitesmh.co.uk\/wp-content\/uploads\/1000002567-1152x1536.jpg 1152w, https:\/\/www.whitesmh.co.uk\/wp-content\/uploads\/1000002567-scaled.jpg 1200w\" sizes=\"auto, (max-width: 800px) 100vw, 800px\" \/><\/a><\/figure>\n\n\n\n<figure class=\"wp-block-image size-large\"><a href=\"https:\/\/www.whitesmh.co.uk\/wp-content\/uploads\/1000002377.jpg\"><img loading=\"lazy\" decoding=\"async\" width=\"1050\" height=\"1400\" data-id=\"3230\" src=\"https:\/\/www.whitesmh.co.uk\/wp-content\/uploads\/1000002377-1050x1400.jpg\" alt=\"\" class=\"wp-image-3230\" srcset=\"https:\/\/www.whitesmh.co.uk\/wp-content\/uploads\/1000002377-1050x1400.jpg 1050w, https:\/\/www.whitesmh.co.uk\/wp-content\/uploads\/1000002377-600x800.jpg 600w, https:\/\/www.whitesmh.co.uk\/wp-content\/uploads\/1000002377-768x1024.jpg 768w, https:\/\/www.whitesmh.co.uk\/wp-content\/uploads\/1000002377-1152x1536.jpg 1152w, https:\/\/www.whitesmh.co.uk\/wp-content\/uploads\/1000002377.jpg 1200w\" sizes=\"auto, (max-width: 800px) 100vw, 800px\" \/><\/a><\/figure>\n\n\n\n<figure class=\"wp-block-image size-large\"><a href=\"https:\/\/www.whitesmh.co.uk\/wp-content\/uploads\/1000002396.jpg\"><img loading=\"lazy\" decoding=\"async\" width=\"1050\" height=\"1400\" data-id=\"3231\" src=\"https:\/\/www.whitesmh.co.uk\/wp-content\/uploads\/1000002396-1050x1400.jpg\" alt=\"\" class=\"wp-image-3231\" srcset=\"https:\/\/www.whitesmh.co.uk\/wp-content\/uploads\/1000002396-1050x1400.jpg 1050w, https:\/\/www.whitesmh.co.uk\/wp-content\/uploads\/1000002396-600x800.jpg 600w, https:\/\/www.whitesmh.co.uk\/wp-content\/uploads\/1000002396-768x1024.jpg 768w, https:\/\/www.whitesmh.co.uk\/wp-content\/uploads\/1000002396-1152x1536.jpg 1152w, https:\/\/www.whitesmh.co.uk\/wp-content\/uploads\/1000002396.jpg 1200w\" sizes=\"auto, (max-width: 800px) 100vw, 800px\" \/><\/a><\/figure>\n\n\n\n<figure class=\"wp-block-image size-large\"><a href=\"https:\/\/www.whitesmh.co.uk\/wp-content\/uploads\/1000002400.jpg\"><img loading=\"lazy\" decoding=\"async\" width=\"1050\" height=\"1400\" data-id=\"3232\" src=\"https:\/\/www.whitesmh.co.uk\/wp-content\/uploads\/1000002400-1050x1400.jpg\" alt=\"\" class=\"wp-image-3232\" srcset=\"https:\/\/www.whitesmh.co.uk\/wp-content\/uploads\/1000002400-1050x1400.jpg 1050w, https:\/\/www.whitesmh.co.uk\/wp-content\/uploads\/1000002400-600x800.jpg 600w, https:\/\/www.whitesmh.co.uk\/wp-content\/uploads\/1000002400-768x1024.jpg 768w, https:\/\/www.whitesmh.co.uk\/wp-content\/uploads\/1000002400-1152x1536.jpg 1152w, https:\/\/www.whitesmh.co.uk\/wp-content\/uploads\/1000002400.jpg 1200w\" sizes=\"auto, (max-width: 800px) 100vw, 800px\" \/><\/a><\/figure>\n<\/figure>\n","protected":false},"excerpt":{"rendered":"<p>CUCHARONES DE ZANJA EN V La cuchara WHITES V-Dutch es el producto ideal para la formaci\u00f3n y el mantenimiento de zanjas rectas. Su dise\u00f1o \u00fanico permite a los usuarios ahorrar tiempo mientras zanjan. GALER\u00cdA<\/p>\n","protected":false},"featured_media":10504,"template":"","meta":{"_acf_changed":false},"product_brand":[],"product_cat":[293,322],"product_tag":[],"class_list":{"2":"type-product","8":"product","9":"first","10":"instock","11":"taxable","12":"shipping-taxable","13":"product-type-simple"},"acf":[],"_links":{"self":[{"href":"https:\/\/www.whitesmh.co.uk\/es\/wp-json\/wp\/v2\/product\/8186","targetHints":{"allow":["GET"]}}],"collection":[{"href":"https:\/\/www.whitesmh.co.uk\/es\/wp-json\/wp\/v2\/product"}],"about":[{"href":"https:\/\/www.whitesmh.co.uk\/es\/wp-json\/wp\/v2\/types\/product"}],"wp:featuredmedia":[{"embeddable":true,"href":"https:\/\/www.whitesmh.co.uk\/es\/wp-json\/wp\/v2\/media\/10504"}],"wp:attachment":[{"href":"https:\/\/www.whitesmh.co.uk\/es\/wp-json\/wp\/v2\/media?parent=8186"}],"wp:term":[{"taxonomy":"product_brand","embeddable":true,"href":"https:\/\/www.whitesmh.co.uk\/es\/wp-json\/wp\/v2\/product_brand?post=8186"},{"taxonomy":"product_cat","embeddable":true,"href":"https:\/\/www.whitesmh.co.uk\/es\/wp-json\/wp\/v2\/product_cat?post=8186"},{"taxonomy":"product_tag","embeddable":true,"href":"https:\/\/www.whitesmh.co.uk\/es\/wp-json\/wp\/v2\/product_tag?post=8186"}],"curies":[{"name":"wp","href":"https:\/\/api.w.org\/{rel}","templated":true}]}}