{"id":8160,"date":"2023-12-07T09:30:02","date_gmt":"2023-12-07T09:30:02","guid":{"rendered":"https:\/\/www.whitesmh.co.uk\/products\/cubos-para-cavar-tumbas\/"},"modified":"2024-11-19T09:22:32","modified_gmt":"2024-11-19T09:22:32","slug":"cubos-para-cavar-tumbas","status":"publish","type":"product","link":"https:\/\/www.whitesmh.co.uk\/es\/producto\/cubos-para-cavar-tumbas\/","title":{"rendered":"Cubos para cavar tumbas"},"content":{"rendered":"\n<div class=\"wp-block-columns is-layout-flex wp-container-core-columns-is-layout-28f84493 wp-block-columns-is-layout-flex\">\n<div class=\"wp-block-column is-vertically-aligned-center is-layout-flow wp-block-column-is-layout-flow\">\n<figure class=\"wp-block-image size-full\"><img loading=\"lazy\" decoding=\"async\" width=\"1600\" height=\"1600\" src=\"https:\/\/www.whitesmh.co.uk\/wp-content\/uploads\/1000002575-edited-1-scaled.jpg\" alt=\"\" class=\"wp-image-3248\" srcset=\"https:\/\/www.whitesmh.co.uk\/wp-content\/uploads\/1000002575-edited-1-scaled.jpg 1600w, https:\/\/www.whitesmh.co.uk\/wp-content\/uploads\/1000002575-edited-1-scaled-300x300.jpg 300w, https:\/\/www.whitesmh.co.uk\/wp-content\/uploads\/1000002575-edited-1-scaled-100x100.jpg 100w, https:\/\/www.whitesmh.co.uk\/wp-content\/uploads\/1000002575-edited-1-scaled-600x600.jpg 600w, https:\/\/www.whitesmh.co.uk\/wp-content\/uploads\/1000002575-edited-1-800x800.jpg 800w, https:\/\/www.whitesmh.co.uk\/wp-content\/uploads\/1000002575-edited-1-400x400.jpg 400w, https:\/\/www.whitesmh.co.uk\/wp-content\/uploads\/1000002575-edited-1-768x768.jpg 768w\" sizes=\"auto, (max-width: 800px) 100vw, 800px\" \/><\/figure>\n<\/div>\n\n\n\n<div class=\"wp-block-column is-layout-flow wp-block-column-is-layout-flow\">\n<h2 class=\"wp-block-heading\" style=\"text-transform:uppercase\">CUBOS PARA CAVAR TUMBAS<\/h2>\n\n\n\n<p>El cuchar\u00f3n de excavaci\u00f3n de tumbas WHITES est\u00e1 perfectamente dise\u00f1ado para cavar tumbas de forma r\u00e1pida y eficiente con un rendimiento m\u00ednimo de la m\u00e1quina.  <\/p>\n\n\n\n<ul class=\"wp-block-list\">\n<li>Dise\u00f1ado para aplicaciones de excavaci\u00f3n de tumbas<\/li>\n\n\n\n<li>Opciones est\u00e1ndar de clavija y soldadura de clavijas disponibles<\/li>\n\n\n\n<li>Se suministra con dientes<\/li>\n\n\n\n<li>Dise\u00f1o de alta resistencia<\/li>\n<\/ul>\n\n\n\n<div class=\"wp-block-columns is-layout-flex wp-container-core-columns-is-layout-28f84493 wp-block-columns-is-layout-flex\">\n<div class=\"wp-block-column is-layout-flow wp-block-column-is-layout-flow\" style=\"flex-basis:100%\">\n<figure class=\"wp-block-image size-full is-resized\"><img loading=\"lazy\" decoding=\"async\" width=\"626\" height=\"149\" src=\"https:\/\/www.whitesmh.co.uk\/wp-content\/uploads\/image.png\" alt=\"\" class=\"wp-image-635\" style=\"width:268px;height:auto\" srcset=\"https:\/\/www.whitesmh.co.uk\/wp-content\/uploads\/image.png 626w, https:\/\/www.whitesmh.co.uk\/wp-content\/uploads\/image-600x143.png 600w\" sizes=\"auto, (max-width: 626px) 100vw, 626px\" \/><\/figure>\n<\/div>\n<\/div>\n\n\n\n<div class=\"wp-block-buttons is-layout-flex wp-block-buttons-is-layout-flex\">\n<div class=\"wp-block-button\"><a class=\"wp-block-button__link wp-element-button\" href=\"https:\/\/www.whitesmh.co.uk\/es\/contacto\/\">CONT\u00c1CTENOS<\/a><\/div>\n\n\n\n<div class=\"wp-block-button\"><a class=\"wp-block-button__link wp-element-button\" href=\"https:\/\/www.whitesmh.co.uk\/es\/soporte-de-producto\/\">SOPORTE DE PRODUCTO<\/a><\/div>\n<\/div>\n<\/div>\n<\/div>\n\n<div class=\"wp-block-group is-layout-constrained wp-block-group-is-layout-constrained\">\n<div class=\"wp-block-group alignfull has-primary-background-color has-background is-layout-flow wp-block-group-is-layout-flow\" style=\"margin-top:30px;margin-bottom:30px;padding-top:var(--wp--preset--spacing--40);padding-right:var(--wp--preset--spacing--40);padding-bottom:var(--wp--preset--spacing--40);padding-left:var(--wp--preset--spacing--40)\">\n<h3 class=\"wp-block-heading\">MODELOS<\/h3>\n<\/div>\n<\/div>\n\n<figure class=\"wp-block-table\"><table><tbody><tr><td class=\"has-text-align-center\" data-align=\"center\"><strong>N\u00famero de pieza<\/strong><\/td><td class=\"has-text-align-center\" data-align=\"center\"><strong>Ancho (mm)<\/strong><\/td><td class=\"has-text-align-center\" data-align=\"center\"><strong>Ancho (pulgadas)<\/strong><\/td><td class=\"has-text-align-center\" data-align=\"center\"><strong>Tama\u00f1o de la m\u00e1quina<\/strong><\/td><\/tr><tr><td class=\"has-text-align-center\" data-align=\"center\">EV4012<\/td><td class=\"has-text-align-center\" data-align=\"center\">300mm<\/td><td class=\"has-text-align-center\" data-align=\"center\">12\u00bb<\/td><td class=\"has-text-align-center\" data-align=\"center\">1.50T<\/td><\/tr><tr><td class=\"has-text-align-center\" data-align=\"center\">EV4016<\/td><td class=\"has-text-align-center\" data-align=\"center\">400mm<\/td><td class=\"has-text-align-center\" data-align=\"center\">16\u00bb<\/td><td class=\"has-text-align-center\" data-align=\"center\">1.50T<\/td><\/tr><tr><td class=\"has-text-align-center\" data-align=\"center\">EV4018<\/td><td class=\"has-text-align-center\" data-align=\"center\">450mm<\/td><td class=\"has-text-align-center\" data-align=\"center\">18\u00bb<\/td><td class=\"has-text-align-center\" data-align=\"center\">1.50T<\/td><\/tr><tr><td class=\"has-text-align-center\" data-align=\"center\">EV4024<\/td><td class=\"has-text-align-center\" data-align=\"center\">600mm<\/td><td class=\"has-text-align-center\" data-align=\"center\">24\u00bb<\/td><td class=\"has-text-align-center\" data-align=\"center\">1.50T<\/td><\/tr><tr><td class=\"has-text-align-center\" data-align=\"center\">EV4012<\/td><td class=\"has-text-align-center\" data-align=\"center\">300mm<\/td><td class=\"has-text-align-center\" data-align=\"center\">12\u00bb<\/td><td class=\"has-text-align-center\" data-align=\"center\">3.0T<\/td><\/tr><tr><td class=\"has-text-align-center\" data-align=\"center\">EV4016<\/td><td class=\"has-text-align-center\" data-align=\"center\">400mm<\/td><td class=\"has-text-align-center\" data-align=\"center\">16\u00bb<\/td><td class=\"has-text-align-center\" data-align=\"center\">3.0T<\/td><\/tr><tr><td class=\"has-text-align-center\" data-align=\"center\">EV4018<\/td><td class=\"has-text-align-center\" data-align=\"center\">450mm<\/td><td class=\"has-text-align-center\" data-align=\"center\">18\u00bb<\/td><td class=\"has-text-align-center\" data-align=\"center\">3.0T<\/td><\/tr><tr><td class=\"has-text-align-center\" data-align=\"center\">EV4024<\/td><td class=\"has-text-align-center\" data-align=\"center\">600mm<\/td><td class=\"has-text-align-center\" data-align=\"center\">24\u00bb<\/td><td class=\"has-text-align-center\" data-align=\"center\">3.0T<\/td><\/tr><tr><td class=\"has-text-align-center\" data-align=\"center\">EV4030<\/td><td class=\"has-text-align-center\" data-align=\"center\">750mm<\/td><td class=\"has-text-align-center\" data-align=\"center\">30\u00bb<\/td><td class=\"has-text-align-center\" data-align=\"center\">3.0T<\/td><\/tr><tr><td class=\"has-text-align-center\" data-align=\"center\">EV4012<\/td><td class=\"has-text-align-center\" data-align=\"center\">300mm<\/td><td class=\"has-text-align-center\" data-align=\"center\">12\u00bb<\/td><td class=\"has-text-align-center\" data-align=\"center\">4.0T<\/td><\/tr><tr><td class=\"has-text-align-center\" data-align=\"center\">EV4016<\/td><td class=\"has-text-align-center\" data-align=\"center\">400mm<\/td><td class=\"has-text-align-center\" data-align=\"center\">16\u00bb<\/td><td class=\"has-text-align-center\" data-align=\"center\">4.0T<\/td><\/tr><tr><td class=\"has-text-align-center\" data-align=\"center\">EV4018<\/td><td class=\"has-text-align-center\" data-align=\"center\">450mm<\/td><td class=\"has-text-align-center\" data-align=\"center\">18\u00bb<\/td><td class=\"has-text-align-center\" data-align=\"center\">4.0T<\/td><\/tr><tr><td class=\"has-text-align-center\" data-align=\"center\">EV4024<\/td><td class=\"has-text-align-center\" data-align=\"center\">600mm<\/td><td class=\"has-text-align-center\" data-align=\"center\">24\u00bb<\/td><td class=\"has-text-align-center\" data-align=\"center\">4.0T<\/td><\/tr><tr><td class=\"has-text-align-center\" data-align=\"center\">EV4030<\/td><td class=\"has-text-align-center\" data-align=\"center\">750mm<\/td><td class=\"has-text-align-center\" data-align=\"center\">30\u00bb<\/td><td class=\"has-text-align-center\" data-align=\"center\">4.0T<\/td><\/tr><\/tbody><\/table><\/figure>\n\n<div class=\"wp-block-group is-layout-flow wp-block-group-is-layout-flow\">\n<div class=\"wp-block-group has-primary-background-color has-background is-layout-flow wp-block-group-is-layout-flow\" style=\"margin-top:30px;margin-bottom:30px;padding-top:var(--wp--preset--spacing--40);padding-right:var(--wp--preset--spacing--40);padding-bottom:var(--wp--preset--spacing--40);padding-left:var(--wp--preset--spacing--40)\">\n<h3 class=\"wp-block-heading\">GALER\u00cdA<\/h3>\n<\/div>\n\n\n\n<figure class=\"wp-block-gallery has-nested-images columns-4 is-cropped wp-block-gallery-1 is-layout-flex wp-block-gallery-is-layout-flex\">\n<figure class=\"wp-block-image size-thumbnail\"><a href=\"https:\/\/www.whitesmh.co.uk\/wp-content\/uploads\/1000002575-scaled.jpg\"><img loading=\"lazy\" decoding=\"async\" width=\"400\" height=\"400\" data-id=\"3243\" src=\"https:\/\/www.whitesmh.co.uk\/wp-content\/uploads\/1000002575-400x400.jpg\" alt=\"\" class=\"wp-image-3243\" srcset=\"https:\/\/www.whitesmh.co.uk\/wp-content\/uploads\/1000002575-400x400.jpg 400w, https:\/\/www.whitesmh.co.uk\/wp-content\/uploads\/1000002575-scaled-300x300.jpg 300w, https:\/\/www.whitesmh.co.uk\/wp-content\/uploads\/1000002575-scaled-100x100.jpg 100w\" sizes=\"auto, (max-width: 400px) 100vw, 400px\" \/><\/a><\/figure>\n\n\n\n<figure class=\"wp-block-image size-thumbnail\"><a href=\"https:\/\/www.whitesmh.co.uk\/wp-content\/uploads\/Bladed-angle-3.jpg\"><img loading=\"lazy\" decoding=\"async\" width=\"400\" height=\"400\" data-id=\"3273\" src=\"https:\/\/www.whitesmh.co.uk\/wp-content\/uploads\/Bladed-angle-3-400x400.jpg\" alt=\"\" class=\"wp-image-3273\" srcset=\"https:\/\/www.whitesmh.co.uk\/wp-content\/uploads\/Bladed-angle-3-400x400.jpg 400w, https:\/\/www.whitesmh.co.uk\/wp-content\/uploads\/Bladed-angle-3-scaled-300x300.jpg 300w, https:\/\/www.whitesmh.co.uk\/wp-content\/uploads\/Bladed-angle-3-scaled-100x100.jpg 100w\" sizes=\"auto, (max-width: 400px) 100vw, 400px\" \/><\/a><\/figure>\n\n\n\n<figure class=\"wp-block-image size-thumbnail\"><a href=\"https:\/\/www.whitesmh.co.uk\/wp-content\/uploads\/Tooth-side-on.jpg\"><img loading=\"lazy\" decoding=\"async\" width=\"400\" height=\"400\" data-id=\"3274\" src=\"https:\/\/www.whitesmh.co.uk\/wp-content\/uploads\/Tooth-side-on-400x400.jpg\" alt=\"\" class=\"wp-image-3274\" srcset=\"https:\/\/www.whitesmh.co.uk\/wp-content\/uploads\/Tooth-side-on-400x400.jpg 400w, https:\/\/www.whitesmh.co.uk\/wp-content\/uploads\/Tooth-side-on-scaled-300x300.jpg 300w, https:\/\/www.whitesmh.co.uk\/wp-content\/uploads\/Tooth-side-on-scaled-100x100.jpg 100w\" sizes=\"auto, (max-width: 400px) 100vw, 400px\" \/><\/a><\/figure>\n\n\n\n<figure class=\"wp-block-image size-thumbnail\"><a href=\"https:\/\/www.whitesmh.co.uk\/wp-content\/uploads\/Rear-GD-Bucket.jpg\"><img loading=\"lazy\" decoding=\"async\" width=\"400\" height=\"400\" data-id=\"3275\" src=\"https:\/\/www.whitesmh.co.uk\/wp-content\/uploads\/Rear-GD-Bucket-400x400.jpg\" alt=\"\" class=\"wp-image-3275\" srcset=\"https:\/\/www.whitesmh.co.uk\/wp-content\/uploads\/Rear-GD-Bucket-400x400.jpg 400w, https:\/\/www.whitesmh.co.uk\/wp-content\/uploads\/Rear-GD-Bucket-scaled-300x300.jpg 300w, https:\/\/www.whitesmh.co.uk\/wp-content\/uploads\/Rear-GD-Bucket-scaled-100x100.jpg 100w\" sizes=\"auto, (max-width: 400px) 100vw, 400px\" \/><\/a><\/figure>\n\n\n\n<figure class=\"wp-block-image size-thumbnail\"><a href=\"https:\/\/www.whitesmh.co.uk\/wp-content\/uploads\/Front-tooth.jpg\"><img loading=\"lazy\" decoding=\"async\" width=\"400\" height=\"400\" data-id=\"3276\" src=\"https:\/\/www.whitesmh.co.uk\/wp-content\/uploads\/Front-tooth-400x400.jpg\" alt=\"\" class=\"wp-image-3276\" srcset=\"https:\/\/www.whitesmh.co.uk\/wp-content\/uploads\/Front-tooth-400x400.jpg 400w, https:\/\/www.whitesmh.co.uk\/wp-content\/uploads\/Front-tooth-scaled-300x300.jpg 300w, https:\/\/www.whitesmh.co.uk\/wp-content\/uploads\/Front-tooth-scaled-100x100.jpg 100w\" sizes=\"auto, (max-width: 400px) 100vw, 400px\" \/><\/a><\/figure>\n\n\n\n<figure class=\"wp-block-image size-thumbnail\"><a href=\"https:\/\/www.whitesmh.co.uk\/wp-content\/uploads\/Front-Bladed-2.jpg\"><img loading=\"lazy\" decoding=\"async\" width=\"400\" height=\"400\" data-id=\"3279\" src=\"https:\/\/www.whitesmh.co.uk\/wp-content\/uploads\/Front-Bladed-2-400x400.jpg\" alt=\"\" class=\"wp-image-3279\" srcset=\"https:\/\/www.whitesmh.co.uk\/wp-content\/uploads\/Front-Bladed-2-400x400.jpg 400w, https:\/\/www.whitesmh.co.uk\/wp-content\/uploads\/Front-Bladed-2-scaled-300x300.jpg 300w, https:\/\/www.whitesmh.co.uk\/wp-content\/uploads\/Front-Bladed-2-scaled-100x100.jpg 100w\" sizes=\"auto, (max-width: 400px) 100vw, 400px\" \/><\/a><\/figure>\n\n\n\n<figure class=\"wp-block-image size-thumbnail\"><a href=\"https:\/\/www.whitesmh.co.uk\/wp-content\/uploads\/Grave-Digging-Bucket-2.jpg\"><img loading=\"lazy\" decoding=\"async\" width=\"400\" height=\"400\" data-id=\"1801\" src=\"https:\/\/www.whitesmh.co.uk\/wp-content\/uploads\/Grave-Digging-Bucket-2-400x400.jpg\" alt=\"\" class=\"wp-image-1801\" srcset=\"https:\/\/www.whitesmh.co.uk\/wp-content\/uploads\/Grave-Digging-Bucket-2-400x400.jpg 400w, https:\/\/www.whitesmh.co.uk\/wp-content\/uploads\/Grave-Digging-Bucket-2-300x300.jpg 300w, https:\/\/www.whitesmh.co.uk\/wp-content\/uploads\/Grave-Digging-Bucket-2-100x100.jpg 100w\" sizes=\"auto, (max-width: 400px) 100vw, 400px\" \/><\/a><\/figure>\n\n\n\n<figure class=\"wp-block-image size-thumbnail\"><a href=\"https:\/\/www.whitesmh.co.uk\/wp-content\/uploads\/Grave-Digging-Bucket-3.jpg\"><img loading=\"lazy\" decoding=\"async\" width=\"400\" height=\"400\" data-id=\"1802\" src=\"https:\/\/www.whitesmh.co.uk\/wp-content\/uploads\/Grave-Digging-Bucket-3-400x400.jpg\" alt=\"\" class=\"wp-image-1802\" srcset=\"https:\/\/www.whitesmh.co.uk\/wp-content\/uploads\/Grave-Digging-Bucket-3-400x400.jpg 400w, https:\/\/www.whitesmh.co.uk\/wp-content\/uploads\/Grave-Digging-Bucket-3-300x300.jpg 300w, https:\/\/www.whitesmh.co.uk\/wp-content\/uploads\/Grave-Digging-Bucket-3-100x100.jpg 100w\" sizes=\"auto, (max-width: 400px) 100vw, 400px\" \/><\/a><\/figure>\n<\/figure>\n<\/div>\n","protected":false},"excerpt":{"rendered":"<p>CUBOS PARA CAVAR TUMBAS El cuchar\u00f3n de excavaci\u00f3n de tumbas WHITES est\u00e1 perfectamente dise\u00f1ado para cavar tumbas de forma r\u00e1pida y eficiente con un rendimiento m\u00ednimo de la m\u00e1quina. MODELOS N\u00famero de pieza Ancho (mm) Ancho (pulgadas) Tama\u00f1o de la m\u00e1quina EV4012 300mm 12\u00bb 1.50T EV4016 400mm 16\u00bb 1.50T EV4018 450mm 18\u00bb 1.50T EV4024 600mm&hellip;<\/p>\n","protected":false},"featured_media":10547,"template":"","meta":{"_acf_changed":false},"product_brand":[],"product_cat":[322],"product_tag":[],"class_list":{"2":"type-product","7":"product","8":"first","9":"instock","10":"taxable","11":"shipping-taxable","12":"product-type-simple"},"acf":[],"_links":{"self":[{"href":"https:\/\/www.whitesmh.co.uk\/es\/wp-json\/wp\/v2\/product\/8160","targetHints":{"allow":["GET"]}}],"collection":[{"href":"https:\/\/www.whitesmh.co.uk\/es\/wp-json\/wp\/v2\/product"}],"about":[{"href":"https:\/\/www.whitesmh.co.uk\/es\/wp-json\/wp\/v2\/types\/product"}],"wp:featuredmedia":[{"embeddable":true,"href":"https:\/\/www.whitesmh.co.uk\/es\/wp-json\/wp\/v2\/media\/10547"}],"wp:attachment":[{"href":"https:\/\/www.whitesmh.co.uk\/es\/wp-json\/wp\/v2\/media?parent=8160"}],"wp:term":[{"taxonomy":"product_brand","embeddable":true,"href":"https:\/\/www.whitesmh.co.uk\/es\/wp-json\/wp\/v2\/product_brand?post=8160"},{"taxonomy":"product_cat","embeddable":true,"href":"https:\/\/www.whitesmh.co.uk\/es\/wp-json\/wp\/v2\/product_cat?post=8160"},{"taxonomy":"product_tag","embeddable":true,"href":"https:\/\/www.whitesmh.co.uk\/es\/wp-json\/wp\/v2\/product_tag?post=8160"}],"curies":[{"name":"wp","href":"https:\/\/api.w.org\/{rel}","templated":true}]}}