{"id":8125,"date":"2024-01-05T13:49:19","date_gmt":"2024-01-05T13:49:19","guid":{"rendered":"https:\/\/www.whitesmh.co.uk\/products\/pinza-de-cucharon-de-servicio-mediano\/"},"modified":"2024-11-19T09:17:20","modified_gmt":"2024-11-19T09:17:20","slug":"pinza-de-cucharon-de-servicio-mediano","status":"publish","type":"product","link":"https:\/\/www.whitesmh.co.uk\/es\/producto\/pinza-de-cucharon-de-servicio-mediano\/","title":{"rendered":"Pinza de cuchar\u00f3n de servicio mediano"},"content":{"rendered":"\n<div class=\"wp-block-columns is-layout-flex wp-container-core-columns-is-layout-28f84493 wp-block-columns-is-layout-flex\">\n<div class=\"wp-block-column is-vertically-aligned-center is-layout-flow wp-block-column-is-layout-flow\">\n<figure class=\"wp-block-image size-full\"><img loading=\"lazy\" decoding=\"async\" width=\"1241\" height=\"1241\" src=\"https:\/\/www.whitesmh.co.uk\/wp-content\/uploads\/Skidsteer-Light-Duty-Bucket-Grapple.jpg\" alt=\"\" class=\"wp-image-2445\" srcset=\"https:\/\/www.whitesmh.co.uk\/wp-content\/uploads\/Skidsteer-Light-Duty-Bucket-Grapple.jpg 1241w, https:\/\/www.whitesmh.co.uk\/wp-content\/uploads\/Skidsteer-Light-Duty-Bucket-Grapple-300x300.jpg 300w, https:\/\/www.whitesmh.co.uk\/wp-content\/uploads\/Skidsteer-Light-Duty-Bucket-Grapple-100x100.jpg 100w, https:\/\/www.whitesmh.co.uk\/wp-content\/uploads\/Skidsteer-Light-Duty-Bucket-Grapple-600x600.jpg 600w, https:\/\/www.whitesmh.co.uk\/wp-content\/uploads\/Skidsteer-Light-Duty-Bucket-Grapple-400x400.jpg 400w, https:\/\/www.whitesmh.co.uk\/wp-content\/uploads\/Skidsteer-Light-Duty-Bucket-Grapple-800x800.jpg 800w, https:\/\/www.whitesmh.co.uk\/wp-content\/uploads\/Skidsteer-Light-Duty-Bucket-Grapple-768x768.jpg 768w\" sizes=\"auto, (max-width: 800px) 100vw, 800px\" \/><\/figure>\n<\/div>\n\n\n\n<div class=\"wp-block-column is-layout-flow wp-block-column-is-layout-flow\">\n<h2 class=\"wp-block-heading\" style=\"text-transform:uppercase\">PINZA DE CUCHAR\u00d3N DE SERVICIO MEDIANO<\/h2>\n\n\n\n<p>La pinza de cuchar\u00f3n de servicio mediano WHITES es una soluci\u00f3n fant\u00e1stica para los clientes con una minicargadora de hasta 600 kg de capacidad de elevaci\u00f3n.<\/p>\n\n\n\n<ul class=\"wp-block-list\">\n<li>Adecuado para minicargadoras medianas<\/li>\n\n\n\n<li>Ideal para el esti\u00e9rcol, la manipulaci\u00f3n de pacas y las tareas agr\u00edcolas en general<\/li>\n\n\n\n<li>Cilindro hidr\u00e1ulico simple<\/li>\n\n\n\n<li>P\u00faas forjadas con alto contenido de carbono reemplazables para resistir el desgaste<\/li>\n\n\n\n<li>Pasadores de bisagra engrasados<\/li>\n\n\n\n<li>P\u00faas de garra superior soldadas<\/li>\n\n\n\n<li>Amplia abertura de la pinza<\/li>\n\n\n\n<li>Placas de borde atornilladas opcionales<\/li>\n\n\n\n<li>Capacidad operativa de 400kgs a 650kgs<\/li>\n<\/ul>\n\n\n\n<div class=\"wp-block-columns is-layout-flex wp-container-core-columns-is-layout-28f84493 wp-block-columns-is-layout-flex\">\n<div class=\"wp-block-column is-layout-flow wp-block-column-is-layout-flow\" style=\"flex-basis:100%\">\n<figure class=\"wp-block-image size-full is-resized\"><img loading=\"lazy\" decoding=\"async\" width=\"626\" height=\"149\" src=\"https:\/\/www.whitesmh.co.uk\/wp-content\/uploads\/image.png\" alt=\"\" class=\"wp-image-635\" style=\"width:268px;height:auto\" srcset=\"https:\/\/www.whitesmh.co.uk\/wp-content\/uploads\/image.png 626w, https:\/\/www.whitesmh.co.uk\/wp-content\/uploads\/image-600x143.png 600w\" sizes=\"auto, (max-width: 626px) 100vw, 626px\" \/><\/figure>\n<\/div>\n<\/div>\n\n\n\n<div class=\"wp-block-buttons is-layout-flex wp-block-buttons-is-layout-flex\">\n<div class=\"wp-block-button\"><a class=\"wp-block-button__link wp-element-button\" href=\"https:\/\/www.whitesmh.co.uk\/es\/contacto\/\">CONT\u00c1CTENOS<\/a><\/div>\n\n\n\n<div class=\"wp-block-button\"><a class=\"wp-block-button__link wp-element-button\" href=\"https:\/\/www.whitesmh.co.uk\/support\/grapples-product-support\/\">SOPORTE DE PRODUCTO<\/a><\/div>\n<\/div>\n<\/div>\n<\/div>\n\n<div class=\"wp-block-group is-layout-flow wp-block-group-is-layout-flow\">\n<div class=\"wp-block-group has-primary-background-color has-background is-layout-flow wp-block-group-is-layout-flow\" style=\"margin-top:30px;margin-bottom:30px;padding-top:var(--wp--preset--spacing--40);padding-right:var(--wp--preset--spacing--40);padding-bottom:var(--wp--preset--spacing--40);padding-left:var(--wp--preset--spacing--40)\">\n<h3 class=\"wp-block-heading\">MODELOS<\/h3>\n<\/div>\n<\/div>\n\n<figure class=\"wp-block-table\"><table><tbody><tr><td class=\"has-text-align-center\" data-align=\"center\"><strong>N\u00famero de pieza<\/strong><\/td><td class=\"has-text-align-center\" data-align=\"center\"><strong>Ancho (mm)<\/strong><\/td><td class=\"has-text-align-center\" data-align=\"center\"><strong>Ancho (pulgadas)<\/strong><\/td><td class=\"has-text-align-center\" data-align=\"center\"><strong>Carneros<\/strong><\/td><td class=\"has-text-align-center\" data-align=\"center\"><strong>P\u00faas de agarre<\/strong><\/td><\/tr><tr><td class=\"has-text-align-center\" data-align=\"center\">GB-4C-0900<\/td><td class=\"has-text-align-center\" data-align=\"center\">900<\/td><td class=\"has-text-align-center\" data-align=\"center\">36<\/td><td class=\"has-text-align-center\" data-align=\"center\">1<\/td><td class=\"has-text-align-center\" data-align=\"center\">Perfilado<\/td><\/tr><tr><td class=\"has-text-align-center\" data-align=\"center\">GB-4C-1000<\/td><td class=\"has-text-align-center\" data-align=\"center\">1000<\/td><td class=\"has-text-align-center\" data-align=\"center\">39<\/td><td class=\"has-text-align-center\" data-align=\"center\">1<\/td><td class=\"has-text-align-center\" data-align=\"center\">Perfilado<\/td><\/tr><tr><td class=\"has-text-align-center\" data-align=\"center\">GB-4C-1100<\/td><td class=\"has-text-align-center\" data-align=\"center\">1100<\/td><td class=\"has-text-align-center\" data-align=\"center\">43<\/td><td class=\"has-text-align-center\" data-align=\"center\">1<\/td><td class=\"has-text-align-center\" data-align=\"center\">Perfilado<\/td><\/tr><tr><td class=\"has-text-align-center\" data-align=\"center\">GB-4C-1200<\/td><td class=\"has-text-align-center\" data-align=\"center\">1200<\/td><td class=\"has-text-align-center\" data-align=\"center\">48<\/td><td class=\"has-text-align-center\" data-align=\"center\">1<\/td><td class=\"has-text-align-center\" data-align=\"center\">Perfilado<\/td><\/tr><tr><td class=\"has-text-align-center\" data-align=\"center\">GB-4C-1300<\/td><td class=\"has-text-align-center\" data-align=\"center\">1300<\/td><td class=\"has-text-align-center\" data-align=\"center\">52<\/td><td class=\"has-text-align-center\" data-align=\"center\">1<\/td><td class=\"has-text-align-center\" data-align=\"center\">Perfilado<\/td><\/tr><tr><td class=\"has-text-align-center\" data-align=\"center\">GB-4C-1400<\/td><td class=\"has-text-align-center\" data-align=\"center\">1400<\/td><td class=\"has-text-align-center\" data-align=\"center\">55<\/td><td class=\"has-text-align-center\" data-align=\"center\">1<\/td><td class=\"has-text-align-center\" data-align=\"center\">Perfilado<\/td><\/tr><tr><td class=\"has-text-align-center\" data-align=\"center\">GB-4C-1500<\/td><td class=\"has-text-align-center\" data-align=\"center\">1500<\/td><td class=\"has-text-align-center\" data-align=\"center\">60<\/td><td class=\"has-text-align-center\" data-align=\"center\">1<\/td><td class=\"has-text-align-center\" data-align=\"center\">Perfilado<\/td><\/tr><\/tbody><\/table><\/figure>\n","protected":false},"excerpt":{"rendered":"<p>PINZA DE CUCHAR\u00d3N DE SERVICIO MEDIANO La pinza de cuchar\u00f3n de servicio mediano WHITES es una soluci\u00f3n fant\u00e1stica para los clientes con una minicargadora de hasta 600 kg de capacidad de elevaci\u00f3n. MODELOS N\u00famero de pieza Ancho (mm) Ancho (pulgadas) Carneros P\u00faas de agarre GB-4C-0900 900 36 1 Perfilado GB-4C-1000 1000 39 1 Perfilado GB-4C-1100&hellip;<\/p>\n","protected":false},"featured_media":8126,"template":"","meta":{"_acf_changed":false},"product_brand":[],"product_cat":[321],"product_tag":[],"class_list":{"2":"type-product","7":"product","8":"first","9":"instock","10":"taxable","11":"shipping-taxable","12":"product-type-simple"},"acf":[],"_links":{"self":[{"href":"https:\/\/www.whitesmh.co.uk\/es\/wp-json\/wp\/v2\/product\/8125","targetHints":{"allow":["GET"]}}],"collection":[{"href":"https:\/\/www.whitesmh.co.uk\/es\/wp-json\/wp\/v2\/product"}],"about":[{"href":"https:\/\/www.whitesmh.co.uk\/es\/wp-json\/wp\/v2\/types\/product"}],"wp:featuredmedia":[{"embeddable":true,"href":"https:\/\/www.whitesmh.co.uk\/es\/wp-json\/wp\/v2\/media\/8126"}],"wp:attachment":[{"href":"https:\/\/www.whitesmh.co.uk\/es\/wp-json\/wp\/v2\/media?parent=8125"}],"wp:term":[{"taxonomy":"product_brand","embeddable":true,"href":"https:\/\/www.whitesmh.co.uk\/es\/wp-json\/wp\/v2\/product_brand?post=8125"},{"taxonomy":"product_cat","embeddable":true,"href":"https:\/\/www.whitesmh.co.uk\/es\/wp-json\/wp\/v2\/product_cat?post=8125"},{"taxonomy":"product_tag","embeddable":true,"href":"https:\/\/www.whitesmh.co.uk\/es\/wp-json\/wp\/v2\/product_tag?post=8125"}],"curies":[{"name":"wp","href":"https:\/\/api.w.org\/{rel}","templated":true}]}}