{"id":8104,"date":"2023-11-20T19:58:58","date_gmt":"2023-11-20T19:58:58","guid":{"rendered":"https:\/\/www.whitesmh.co.uk\/products\/cepillos-de-cubo-ag-x\/"},"modified":"2024-11-19T09:16:37","modified_gmt":"2024-11-19T09:16:37","slug":"cepillos-de-cubo-ag-x","status":"publish","type":"product","link":"https:\/\/www.whitesmh.co.uk\/es\/producto\/cepillos-de-cubo-ag-x\/","title":{"rendered":"Cepillos de cubo AG-X"},"content":{"rendered":"\n<div class=\"wp-block-columns is-layout-flex wp-container-core-columns-is-layout-28f84493 wp-block-columns-is-layout-flex\">\n<div class=\"wp-block-column is-vertically-aligned-center is-layout-flow wp-block-column-is-layout-flow\">\n<figure class=\"wp-block-image size-full\"><img loading=\"lazy\" decoding=\"async\" width=\"2000\" height=\"1500\" src=\"https:\/\/www.whitesmh.co.uk\/wp-content\/uploads\/IMG_1302-scaled.jpeg\" alt=\"\" class=\"wp-image-747\" srcset=\"https:\/\/www.whitesmh.co.uk\/wp-content\/uploads\/IMG_1302-scaled.jpeg 2000w, https:\/\/www.whitesmh.co.uk\/wp-content\/uploads\/IMG_1302-scaled-600x450.jpeg 600w, https:\/\/www.whitesmh.co.uk\/wp-content\/uploads\/IMG_1302-scaled-800x600.jpeg 800w, https:\/\/www.whitesmh.co.uk\/wp-content\/uploads\/IMG_1302-scaled-768x576.jpeg 768w\" sizes=\"auto, (max-width: 800px) 100vw, 800px\" \/><\/figure>\n<\/div>\n\n\n\n<div class=\"wp-block-column is-layout-flow wp-block-column-is-layout-flow\">\n<h2 class=\"wp-block-heading\" style=\"text-transform:uppercase\">CEPILLOS DE CUBO AG-X<\/h2>\n\n\n\n<p>La gama de cepillos de cubo WHITES AG-X se destaca como un verdadero l\u00edder del mercado en cuanto a especificaciones y calidad de construcci\u00f3n. Un dise\u00f1o aprobado por OEM viene con una serie de caracter\u00edsticas inigualables.  <\/p>\n\n\n\n<ul class=\"wp-block-list\">\n<li>Construcci\u00f3n de alta resistencia<\/li>\n\n\n\n<li>Acabado galvanizado<\/li>\n\n\n\n<li>Potente motor de accionamiento directo<\/li>\n\n\n\n<li>V\u00e1lvula de protecci\u00f3n del motor<\/li>\n\n\n\n<li>Brazos y piernas ajustables  <\/li>\n\n\n\n<li>Ejes y cojinetes de gran di\u00e1metro<\/li>\n\n\n\n<li>Protector de caucho contra residuos<\/li>\n\n\n\n<li>Se puede almacenar verticalmente<\/li>\n\n\n\n<li>Kit opcional de patas de almacenamiento con pasador disponible<\/li>\n\n\n\n<li>Se suministra con cerdas de polipropileno de serie<\/li>\n\n\n\n<li>Altura m\u00ednima requerida del cuchar\u00f3n: 780 mm<\/li>\n\n\n\n<li>Profundidad m\u00ednima requerida del cuchar\u00f3n: 850 mm<\/li>\n\n\n\n<li>Modelos populares disponibles en stock<\/li>\n<\/ul>\n\n\n\n<div class=\"wp-block-columns is-layout-flex wp-container-core-columns-is-layout-28f84493 wp-block-columns-is-layout-flex\">\n<div class=\"wp-block-column is-layout-flow wp-block-column-is-layout-flow\" style=\"flex-basis:100%\">\n<figure class=\"wp-block-image size-medium is-resized\"><img loading=\"lazy\" decoding=\"async\" width=\"800\" height=\"135\" src=\"https:\/\/www.whitesmh.co.uk\/wp-content\/uploads\/MIB-AGX-800x135.jpg\" alt=\"\" class=\"wp-image-1173\" style=\"width:268px;height:auto\" srcset=\"https:\/\/www.whitesmh.co.uk\/wp-content\/uploads\/MIB-AGX-800x135.jpg 800w, https:\/\/www.whitesmh.co.uk\/wp-content\/uploads\/MIB-AGX-600x101.jpg 600w, https:\/\/www.whitesmh.co.uk\/wp-content\/uploads\/MIB-AGX-768x129.jpg 768w, https:\/\/www.whitesmh.co.uk\/wp-content\/uploads\/MIB-AGX.jpg 1046w\" sizes=\"auto, (max-width: 800px) 100vw, 800px\" \/><\/figure>\n<\/div>\n<\/div>\n\n\n\n<div class=\"wp-block-buttons is-layout-flex wp-block-buttons-is-layout-flex\">\n<div class=\"wp-block-button\"><a class=\"wp-block-button__link wp-element-button\" href=\"https:\/\/www.whitesmh.co.uk\/es\/contacto\/\">CONT\u00c1CTENOS<\/a><\/div>\n\n\n\n<div class=\"wp-block-button\"><a class=\"wp-block-button__link wp-element-button\" href=\"https:\/\/www.whitesmh.co.uk\/docs\/bucket-brush-product-support\/\">SOPORTE DE PRODUCTO<\/a><\/div>\n\n\n\n<div class=\"wp-block-button\"><a class=\"wp-block-button__link wp-element-button\" href=\"https:\/\/www.whitesmh.co.uk\/wp-content\/uploads\/WMH-Data-Sheet-Bucket-Brushes.pptx\" target=\"_blank\" rel=\"noreferrer noopener\">FICHA T\u00c9CNICA<\/a><\/div>\n<\/div>\n<\/div>\n<\/div>\n\n<div class=\"wp-block-group has-primary-background-color has-background is-layout-flow wp-block-group-is-layout-flow\" style=\"margin-top:30px;margin-bottom:30px;padding-top:var(--wp--preset--spacing--40);padding-right:var(--wp--preset--spacing--40);padding-bottom:var(--wp--preset--spacing--40);padding-left:var(--wp--preset--spacing--40)\">\n<h3 class=\"wp-block-heading\">MODELOS<\/h3>\n<\/div>\n\n<figure class=\"wp-block-table\"><table><tbody><tr><td class=\"has-text-align-center\" data-align=\"center\"><strong>Modelo<\/strong><\/td><td class=\"has-text-align-center\" data-align=\"center\"><strong>Ancho (mm)<\/strong><\/td><td class=\"has-text-align-center\" data-align=\"center\"><strong>Ancho (pies)<\/strong><\/td><td class=\"has-text-align-center\" data-align=\"center\"><strong>Cerdas<\/strong><\/td><\/tr><tr><td class=\"has-text-align-center\" data-align=\"center\">BBS56<\/td><td class=\"has-text-align-center\" data-align=\"center\">1680mm<\/td><td class=\"has-text-align-center\" data-align=\"center\">5&#8217;6\u00bb<\/td><td class=\"has-text-align-center\" data-align=\"center\">Poli<\/td><\/tr><tr><td class=\"has-text-align-center\" data-align=\"center\">BBS66<\/td><td class=\"has-text-align-center\" data-align=\"center\">1830mm<\/td><td class=\"has-text-align-center\" data-align=\"center\">6&#8217;6\u00bb<\/td><td class=\"has-text-align-center\" data-align=\"center\">Poli<\/td><\/tr><tr><td class=\"has-text-align-center\" data-align=\"center\">BBS76<\/td><td class=\"has-text-align-center\" data-align=\"center\">2290mm<\/td><td class=\"has-text-align-center\" data-align=\"center\">7&#8217;6\u00bb<\/td><td class=\"has-text-align-center\" data-align=\"center\">Poli<\/td><\/tr><tr><td class=\"has-text-align-center\" data-align=\"center\">BBS80<\/td><td class=\"has-text-align-center\" data-align=\"center\">2450mm<\/td><td class=\"has-text-align-center\" data-align=\"center\">8&#8242;<\/td><td class=\"has-text-align-center\" data-align=\"center\">Poli<\/td><\/tr><\/tbody><\/table><\/figure>\n\n<div class=\"wp-block-group is-layout-flow wp-block-group-is-layout-flow\">\n<div class=\"wp-block-group has-primary-background-color has-background is-layout-flow wp-block-group-is-layout-flow\" style=\"margin-top:30px;margin-bottom:30px;padding-top:var(--wp--preset--spacing--40);padding-right:var(--wp--preset--spacing--40);padding-bottom:var(--wp--preset--spacing--40);padding-left:var(--wp--preset--spacing--40)\">\n<h3 class=\"wp-block-heading\">GALER\u00cdA<\/h3>\n<\/div>\n\n\n\n<figure class=\"wp-block-gallery has-nested-images columns-4 is-cropped wp-block-gallery-1 is-layout-flex wp-block-gallery-is-layout-flex\">\n<figure class=\"wp-block-image size-thumbnail\"><a href=\"https:\/\/www.whitesmh.co.uk\/wp-content\/uploads\/Facetune_04-10-2023-16-07-54-1-scaled.jpeg\"><img loading=\"lazy\" decoding=\"async\" width=\"400\" height=\"400\" data-id=\"1226\" src=\"https:\/\/www.whitesmh.co.uk\/wp-content\/uploads\/Facetune_04-10-2023-16-07-54-1-400x400.jpeg\" alt=\"Pincel de cubo blanco\" class=\"wp-image-1226\" srcset=\"https:\/\/www.whitesmh.co.uk\/wp-content\/uploads\/Facetune_04-10-2023-16-07-54-1-400x400.jpeg 400w, https:\/\/www.whitesmh.co.uk\/wp-content\/uploads\/Facetune_04-10-2023-16-07-54-1-scaled-300x300.jpeg 300w, https:\/\/www.whitesmh.co.uk\/wp-content\/uploads\/Facetune_04-10-2023-16-07-54-1-scaled-100x100.jpeg 100w\" sizes=\"auto, (max-width: 400px) 100vw, 400px\" \/><\/a><\/figure>\n\n\n\n<figure class=\"wp-block-image size-thumbnail\"><a href=\"https:\/\/www.whitesmh.co.uk\/wp-content\/uploads\/IMG_0209-scaled.jpeg\"><img loading=\"lazy\" decoding=\"async\" width=\"400\" height=\"400\" data-id=\"1234\" src=\"https:\/\/www.whitesmh.co.uk\/wp-content\/uploads\/IMG_0209-400x400.jpeg\" alt=\"Pincel de cubo blanco\" class=\"wp-image-1234\" srcset=\"https:\/\/www.whitesmh.co.uk\/wp-content\/uploads\/IMG_0209-400x400.jpeg 400w, https:\/\/www.whitesmh.co.uk\/wp-content\/uploads\/IMG_0209-scaled-300x300.jpeg 300w, https:\/\/www.whitesmh.co.uk\/wp-content\/uploads\/IMG_0209-scaled-100x100.jpeg 100w\" sizes=\"auto, (max-width: 400px) 100vw, 400px\" \/><\/a><\/figure>\n\n\n\n<figure class=\"wp-block-image size-thumbnail\"><a href=\"https:\/\/www.whitesmh.co.uk\/wp-content\/uploads\/IMG_1305-scaled.jpeg\"><img loading=\"lazy\" decoding=\"async\" width=\"400\" height=\"400\" data-id=\"1229\" src=\"https:\/\/www.whitesmh.co.uk\/wp-content\/uploads\/IMG_1305-400x400.jpeg\" alt=\"Pincel de cubo blanco\" class=\"wp-image-1229\" srcset=\"https:\/\/www.whitesmh.co.uk\/wp-content\/uploads\/IMG_1305-400x400.jpeg 400w, https:\/\/www.whitesmh.co.uk\/wp-content\/uploads\/IMG_1305-scaled-300x300.jpeg 300w, https:\/\/www.whitesmh.co.uk\/wp-content\/uploads\/IMG_1305-scaled-100x100.jpeg 100w\" sizes=\"auto, (max-width: 400px) 100vw, 400px\" \/><\/a><\/figure>\n\n\n\n<figure class=\"wp-block-image size-thumbnail\"><a href=\"https:\/\/www.whitesmh.co.uk\/wp-content\/uploads\/e22b5ec2-f372-4195-9126-5f0435fd7f40-scaled.jpeg\"><img loading=\"lazy\" decoding=\"async\" width=\"400\" height=\"400\" data-id=\"1238\" src=\"https:\/\/www.whitesmh.co.uk\/wp-content\/uploads\/e22b5ec2-f372-4195-9126-5f0435fd7f40-400x400.jpeg\" alt=\"Culata de cepillo de cubo blanco\" class=\"wp-image-1238\" srcset=\"https:\/\/www.whitesmh.co.uk\/wp-content\/uploads\/e22b5ec2-f372-4195-9126-5f0435fd7f40-400x400.jpeg 400w, https:\/\/www.whitesmh.co.uk\/wp-content\/uploads\/e22b5ec2-f372-4195-9126-5f0435fd7f40-scaled-300x300.jpeg 300w, https:\/\/www.whitesmh.co.uk\/wp-content\/uploads\/e22b5ec2-f372-4195-9126-5f0435fd7f40-scaled-100x100.jpeg 100w\" sizes=\"auto, (max-width: 400px) 100vw, 400px\" \/><\/a><\/figure>\n\n\n\n<figure class=\"wp-block-image size-thumbnail\"><a href=\"https:\/\/www.whitesmh.co.uk\/wp-content\/uploads\/IMG_0206-scaled.jpeg\"><img loading=\"lazy\" decoding=\"async\" width=\"400\" height=\"400\" data-id=\"1227\" src=\"https:\/\/www.whitesmh.co.uk\/wp-content\/uploads\/IMG_0206-400x400.jpeg\" alt=\"Pincel de cubo blanco\" class=\"wp-image-1227\" srcset=\"https:\/\/www.whitesmh.co.uk\/wp-content\/uploads\/IMG_0206-400x400.jpeg 400w, https:\/\/www.whitesmh.co.uk\/wp-content\/uploads\/IMG_0206-scaled-300x300.jpeg 300w, https:\/\/www.whitesmh.co.uk\/wp-content\/uploads\/IMG_0206-scaled-100x100.jpeg 100w\" sizes=\"auto, (max-width: 400px) 100vw, 400px\" \/><\/a><\/figure>\n\n\n\n<figure class=\"wp-block-image size-thumbnail\"><a href=\"https:\/\/www.whitesmh.co.uk\/wp-content\/uploads\/IMG_1312-scaled.jpeg\"><img loading=\"lazy\" decoding=\"async\" width=\"400\" height=\"400\" data-id=\"1231\" src=\"https:\/\/www.whitesmh.co.uk\/wp-content\/uploads\/IMG_1312-400x400.jpeg\" alt=\"Gancho para cepillo de cubo blanco\" class=\"wp-image-1231\" srcset=\"https:\/\/www.whitesmh.co.uk\/wp-content\/uploads\/IMG_1312-400x400.jpeg 400w, https:\/\/www.whitesmh.co.uk\/wp-content\/uploads\/IMG_1312-scaled-300x300.jpeg 300w, https:\/\/www.whitesmh.co.uk\/wp-content\/uploads\/IMG_1312-scaled-100x100.jpeg 100w\" sizes=\"auto, (max-width: 400px) 100vw, 400px\" \/><\/a><\/figure>\n\n\n\n<figure class=\"wp-block-image size-thumbnail\"><a href=\"https:\/\/www.whitesmh.co.uk\/wp-content\/uploads\/IMG_1306-scaled.jpeg\"><img loading=\"lazy\" decoding=\"async\" width=\"400\" height=\"400\" data-id=\"1235\" src=\"https:\/\/www.whitesmh.co.uk\/wp-content\/uploads\/IMG_1306-400x400.jpeg\" alt=\"Pincel de cubo blanco\" class=\"wp-image-1235\" srcset=\"https:\/\/www.whitesmh.co.uk\/wp-content\/uploads\/IMG_1306-400x400.jpeg 400w, https:\/\/www.whitesmh.co.uk\/wp-content\/uploads\/IMG_1306-scaled-300x300.jpeg 300w, https:\/\/www.whitesmh.co.uk\/wp-content\/uploads\/IMG_1306-scaled-100x100.jpeg 100w\" sizes=\"auto, (max-width: 400px) 100vw, 400px\" \/><\/a><\/figure>\n\n\n\n<figure class=\"wp-block-image size-thumbnail\"><a href=\"https:\/\/www.whitesmh.co.uk\/wp-content\/uploads\/IMG_1311-scaled.jpeg\"><img loading=\"lazy\" decoding=\"async\" width=\"400\" height=\"400\" data-id=\"1230\" src=\"https:\/\/www.whitesmh.co.uk\/wp-content\/uploads\/IMG_1311-400x400.jpeg\" alt=\"Pata de cepillo de cubo blanco\" class=\"wp-image-1230\" srcset=\"https:\/\/www.whitesmh.co.uk\/wp-content\/uploads\/IMG_1311-400x400.jpeg 400w, https:\/\/www.whitesmh.co.uk\/wp-content\/uploads\/IMG_1311-scaled-300x300.jpeg 300w, https:\/\/www.whitesmh.co.uk\/wp-content\/uploads\/IMG_1311-scaled-100x100.jpeg 100w\" sizes=\"auto, (max-width: 400px) 100vw, 400px\" \/><\/a><\/figure>\n<\/figure>\n<\/div>\n\n<div class=\"wp-block-group has-primary-background-color has-background is-layout-flow wp-block-group-is-layout-flow\" style=\"margin-top:30px;margin-bottom:30px;padding-top:var(--wp--preset--spacing--40);padding-right:var(--wp--preset--spacing--40);padding-bottom:var(--wp--preset--spacing--40);padding-left:var(--wp--preset--spacing--40)\">\n<h3 class=\"wp-block-heading\">EXTRAS OPCIONALES<\/h3>\n<\/div>\n\n<figure class=\"wp-block-table\"><table><tbody><tr><td class=\"has-text-align-center\" data-align=\"center\"><strong>N\u00famero de pieza<\/strong><\/td><td class=\"has-text-align-center\" data-align=\"center\"><strong>Descripci\u00f3n<\/strong><\/td><\/tr><tr><td class=\"has-text-align-center\" data-align=\"center\">-BBSWK<\/td><td class=\"has-text-align-center\" data-align=\"center\">Kit de agua alimentada por gravedad<\/td><\/tr><tr><td class=\"has-text-align-center\" data-align=\"center\">-BBSF-KIT<\/td><td class=\"has-text-align-center\" data-align=\"center\">Soporte para cepillos<\/td><\/tr><\/tbody><\/table><\/figure>\n\n<p><\/p>\n\n<div class=\"wp-block-group is-layout-constrained wp-block-group-is-layout-constrained\">\n<figure class=\"wp-block-gallery alignfull has-nested-images columns-4 is-cropped wp-block-gallery-2 is-layout-flex wp-block-gallery-is-layout-flex\">\n<figure class=\"wp-block-image size-thumbnail\"><a href=\"https:\/\/www.whitesmh.co.uk\/wp-content\/uploads\/279425714_1401100560362556_6561695757003964426_n.jpg\"><img loading=\"lazy\" decoding=\"async\" width=\"400\" height=\"400\" data-id=\"2691\" src=\"https:\/\/www.whitesmh.co.uk\/wp-content\/uploads\/279425714_1401100560362556_6561695757003964426_n-400x400.jpg\" alt=\"\" class=\"wp-image-2691\" srcset=\"https:\/\/www.whitesmh.co.uk\/wp-content\/uploads\/279425714_1401100560362556_6561695757003964426_n-400x400.jpg 400w, https:\/\/www.whitesmh.co.uk\/wp-content\/uploads\/279425714_1401100560362556_6561695757003964426_n-300x300.jpg 300w, https:\/\/www.whitesmh.co.uk\/wp-content\/uploads\/279425714_1401100560362556_6561695757003964426_n-100x100.jpg 100w\" sizes=\"auto, (max-width: 400px) 100vw, 400px\" \/><\/a><figcaption class=\"wp-element-caption\">Soporte para cepillos<\/figcaption><\/figure>\n\n\n\n<figure class=\"wp-block-image size-thumbnail\"><a href=\"https:\/\/www.whitesmh.co.uk\/wp-content\/uploads\/280074042_1401100563695889_3369285343773787789_n.jpg\"><img loading=\"lazy\" decoding=\"async\" width=\"400\" height=\"400\" data-id=\"2692\" src=\"https:\/\/www.whitesmh.co.uk\/wp-content\/uploads\/280074042_1401100563695889_3369285343773787789_n-400x400.jpg\" alt=\"\" class=\"wp-image-2692\" srcset=\"https:\/\/www.whitesmh.co.uk\/wp-content\/uploads\/280074042_1401100563695889_3369285343773787789_n-400x400.jpg 400w, https:\/\/www.whitesmh.co.uk\/wp-content\/uploads\/280074042_1401100563695889_3369285343773787789_n-300x300.jpg 300w, https:\/\/www.whitesmh.co.uk\/wp-content\/uploads\/280074042_1401100563695889_3369285343773787789_n-100x100.jpg 100w\" sizes=\"auto, (max-width: 400px) 100vw, 400px\" \/><\/a><figcaption class=\"wp-element-caption\">Soporte para cepillos<\/figcaption><\/figure>\n\n\n\n<figure class=\"wp-block-image size-thumbnail\"><a href=\"https:\/\/www.whitesmh.co.uk\/wp-content\/uploads\/Water-Fed-Kit.jpg\"><img loading=\"lazy\" decoding=\"async\" width=\"400\" height=\"400\" data-id=\"2693\" src=\"https:\/\/www.whitesmh.co.uk\/wp-content\/uploads\/Water-Fed-Kit-400x400.jpg\" alt=\"\" class=\"wp-image-2693\" srcset=\"https:\/\/www.whitesmh.co.uk\/wp-content\/uploads\/Water-Fed-Kit-400x400.jpg 400w, https:\/\/www.whitesmh.co.uk\/wp-content\/uploads\/Water-Fed-Kit-300x300.jpg 300w, https:\/\/www.whitesmh.co.uk\/wp-content\/uploads\/Water-Fed-Kit-100x100.jpg 100w\" sizes=\"auto, (max-width: 400px) 100vw, 400px\" \/><\/a><figcaption class=\"wp-element-caption\">Kit de agua<\/figcaption><\/figure>\n<\/figure>\n<\/div>\n\n<div class=\"wp-block-group has-primary-background-color has-background is-layout-flow wp-block-group-is-layout-flow\" style=\"margin-top:30px;margin-bottom:30px;padding-top:var(--wp--preset--spacing--40);padding-right:var(--wp--preset--spacing--40);padding-bottom:var(--wp--preset--spacing--40);padding-left:var(--wp--preset--spacing--40)\">\n<h3 class=\"wp-block-heading\">VIDEOS<\/h3>\n<\/div>\n\n<figure class=\"wp-block-embed is-type-video is-provider-youtube wp-block-embed-youtube wp-embed-aspect-16-9 wp-has-aspect-ratio\"><div class=\"wp-block-embed__wrapper\">\n<iframe loading=\"lazy\" title=\"Whites Material Handling - Bucket Brushes\" width=\"800\" height=\"450\" src=\"https:\/\/www.youtube.com\/embed\/Xwu9f5nao1w?feature=oembed\" frameborder=\"0\" allow=\"accelerometer; autoplay; clipboard-write; encrypted-media; gyroscope; picture-in-picture; web-share\" referrerpolicy=\"strict-origin-when-cross-origin\" allowfullscreen><\/iframe>\n<\/div><\/figure>\n\n<div class=\"wp-block-group is-layout-constrained wp-block-group-is-layout-constrained\">\n<div class=\"wp-block-group alignfull has-primary-background-color has-background is-layout-flow wp-block-group-is-layout-flow\" style=\"margin-top:30px;margin-bottom:30px;padding-top:var(--wp--preset--spacing--40);padding-right:var(--wp--preset--spacing--40);padding-bottom:var(--wp--preset--spacing--40);padding-left:var(--wp--preset--spacing--40)\">\n<h3 class=\"wp-block-heading\">PRODUCTOS RELACIONADOS<\/h3>\n<\/div>\n\n\n\n<div class=\"product-grid flex\">\n\t\t<div class=\"col-25 padBottom\">\n\t\t<a href=\"https:\/\/www.whitesmh.co.uk\/es\/producto\/escoba-acodada-ag-x\/\" title=\"Escoba acodada AG-X\" class=\"block radius\">\n\t\t\t\t\t\t<div class=\"thumb\">\n\t\t\t\t<img loading=\"lazy\" decoding=\"async\" width=\"400\" height=\"400\" src=\"https:\/\/www.whitesmh.co.uk\/wp-content\/uploads\/Anlged-Broom-2-1-400x400.jpg\" class=\"attachment-thumbnail size-thumbnail wp-post-image\" alt=\"\" srcset=\"https:\/\/www.whitesmh.co.uk\/wp-content\/uploads\/Anlged-Broom-2-1-400x400.jpg 400w, https:\/\/www.whitesmh.co.uk\/wp-content\/uploads\/Anlged-Broom-2-1-300x300.jpg 300w, https:\/\/www.whitesmh.co.uk\/wp-content\/uploads\/Anlged-Broom-2-1-100x100.jpg 100w\" sizes=\"auto, (max-width: 400px) 100vw, 400px\" \/>\t\t\t\t\t\t\t\t\t\n\t\t\t<\/div>\n\t\t\t\t\t\t<div class=\"meta smlPadAll\">\n\t\t\t\t<h4 class=\"no-margin\">Escoba acodada AG-X<\/h4>\n\t\t\t\t<span class=\"blue button marTop\">Find out more <i class=\"fa-solid fa-chevron-right\"><\/i><\/span>\n\t\t\t<\/div>\n\t\t<\/a>\n\t<\/div>\n\t\t<div class=\"col-25 padBottom\">\n\t\t<a href=\"https:\/\/www.whitesmh.co.uk\/es\/producto\/recogedor-barredora-ag-x\/\" title=\"Recogedor barredora AG-X\" class=\"block radius\">\n\t\t\t\t\t\t<div class=\"thumb\">\n\t\t\t\t<img loading=\"lazy\" decoding=\"async\" width=\"400\" height=\"400\" src=\"https:\/\/www.whitesmh.co.uk\/wp-content\/uploads\/Sweeper-Collector-400x400.jpg\" class=\"attachment-thumbnail size-thumbnail wp-post-image\" alt=\"\" srcset=\"https:\/\/www.whitesmh.co.uk\/wp-content\/uploads\/Sweeper-Collector-400x400.jpg 400w, https:\/\/www.whitesmh.co.uk\/wp-content\/uploads\/Sweeper-Collector-300x300.jpg 300w, https:\/\/www.whitesmh.co.uk\/wp-content\/uploads\/Sweeper-Collector-100x100.jpg 100w\" sizes=\"auto, (max-width: 400px) 100vw, 400px\" \/>\t\t\t\t\t\t\t\t\t\n\t\t\t<\/div>\n\t\t\t\t\t\t<div class=\"meta smlPadAll\">\n\t\t\t\t<h4 class=\"no-margin\">Recogedor barredora AG-X<\/h4>\n\t\t\t\t<span class=\"blue button marTop\">Find out more <i class=\"fa-solid fa-chevron-right\"><\/i><\/span>\n\t\t\t<\/div>\n\t\t<\/a>\n\t<\/div>\n\t<\/div>\n<\/div>\n","protected":false},"excerpt":{"rendered":"<p>CEPILLOS DE CUBO AG-X La gama de cepillos de cubo WHITES AG-X se destaca como un verdadero l\u00edder del mercado en cuanto a especificaciones y calidad de construcci\u00f3n. Un dise\u00f1o aprobado por OEM viene con una serie de caracter\u00edsticas inigualables. MODELOS Modelo Ancho (mm) Ancho (pies) Cerdas BBS56 1680mm 5&#8217;6\u00bb Poli BBS66 1830mm 6&#8217;6\u00bb Poli&hellip;<\/p>\n","protected":false},"featured_media":8120,"template":"","meta":{"_acf_changed":false},"product_brand":[],"product_cat":[320,324],"product_tag":[],"class_list":{"2":"type-product","8":"product","9":"first","10":"instock","11":"taxable","12":"shipping-taxable","13":"product-type-simple"},"acf":[],"_links":{"self":[{"href":"https:\/\/www.whitesmh.co.uk\/es\/wp-json\/wp\/v2\/product\/8104","targetHints":{"allow":["GET"]}}],"collection":[{"href":"https:\/\/www.whitesmh.co.uk\/es\/wp-json\/wp\/v2\/product"}],"about":[{"href":"https:\/\/www.whitesmh.co.uk\/es\/wp-json\/wp\/v2\/types\/product"}],"wp:featuredmedia":[{"embeddable":true,"href":"https:\/\/www.whitesmh.co.uk\/es\/wp-json\/wp\/v2\/media\/8120"}],"wp:attachment":[{"href":"https:\/\/www.whitesmh.co.uk\/es\/wp-json\/wp\/v2\/media?parent=8104"}],"wp:term":[{"taxonomy":"product_brand","embeddable":true,"href":"https:\/\/www.whitesmh.co.uk\/es\/wp-json\/wp\/v2\/product_brand?post=8104"},{"taxonomy":"product_cat","embeddable":true,"href":"https:\/\/www.whitesmh.co.uk\/es\/wp-json\/wp\/v2\/product_cat?post=8104"},{"taxonomy":"product_tag","embeddable":true,"href":"https:\/\/www.whitesmh.co.uk\/es\/wp-json\/wp\/v2\/product_tag?post=8104"}],"curies":[{"name":"wp","href":"https:\/\/api.w.org\/{rel}","templated":true}]}}