{"id":8048,"date":"2023-12-10T14:35:25","date_gmt":"2023-12-10T14:35:25","guid":{"rendered":"https:\/\/www.whitesmh.co.uk\/products\/horquillas-para-pales\/"},"modified":"2024-11-19T09:06:36","modified_gmt":"2024-11-19T09:06:36","slug":"horquillas-para-pales","status":"publish","type":"product","link":"https:\/\/www.whitesmh.co.uk\/es\/producto\/horquillas-para-pales\/","title":{"rendered":"Horquillas para pal\u00e9s"},"content":{"rendered":"\n<div class=\"wp-block-columns is-layout-flex wp-container-core-columns-is-layout-28f84493 wp-block-columns-is-layout-flex\">\n<div class=\"wp-block-column is-vertically-aligned-center is-layout-flow wp-block-column-is-layout-flow\">\n<figure class=\"wp-block-image size-full\"><img loading=\"lazy\" decoding=\"async\" width=\"1422\" height=\"1066\" src=\"https:\/\/www.whitesmh.co.uk\/wp-content\/uploads\/Pallet-Forks.jpg\" alt=\"\" class=\"wp-image-1990\" srcset=\"https:\/\/www.whitesmh.co.uk\/wp-content\/uploads\/Pallet-Forks.jpg 1422w, https:\/\/www.whitesmh.co.uk\/wp-content\/uploads\/Pallet-Forks-600x450.jpg 600w\" sizes=\"auto, (max-width: 800px) 100vw, 800px\" \/><\/figure>\n<\/div>\n\n\n\n<div class=\"wp-block-column is-layout-flow wp-block-column-is-layout-flow\">\n<h2 class=\"wp-block-heading\" style=\"text-transform:uppercase\">HORQUILLAS PARA PALETAS<\/h2>\n\n\n\n<p>Las horquillas para paletas WHITES vienen de serie en un carro de horquillas para paletas, lo que significa que el usuario puede cambiarlas r\u00e1pida y f\u00e1cilmente cuando se requiere un accesorio alternativo.  <\/p>\n\n\n\n<ul class=\"wp-block-list\">\n<li>Adecuado para una amplia gama de marcas y modelos de minicargadoras<\/li>\n\n\n\n<li>Viene con carro de horquillas para paletas y horquillas para paletas<\/li>\n\n\n\n<li>Protector de carga de serie<\/li>\n\n\n\n<li>Soportes para minicargadoras  <\/li>\n<\/ul>\n\n\n\n<div class=\"wp-block-columns is-layout-flex wp-container-core-columns-is-layout-28f84493 wp-block-columns-is-layout-flex\">\n<div class=\"wp-block-column is-layout-flow wp-block-column-is-layout-flow\" style=\"flex-basis:100%\">\n<figure class=\"wp-block-image size-full is-resized\"><img loading=\"lazy\" decoding=\"async\" width=\"626\" height=\"149\" src=\"https:\/\/www.whitesmh.co.uk\/wp-content\/uploads\/image.png\" alt=\"\" class=\"wp-image-635\" style=\"width:268px;height:auto\" srcset=\"https:\/\/www.whitesmh.co.uk\/wp-content\/uploads\/image.png 626w, https:\/\/www.whitesmh.co.uk\/wp-content\/uploads\/image-600x143.png 600w\" sizes=\"auto, (max-width: 626px) 100vw, 626px\" \/><\/figure>\n<\/div>\n<\/div>\n\n\n\n<div class=\"wp-block-buttons is-layout-flex wp-block-buttons-is-layout-flex\">\n<div class=\"wp-block-button\"><a class=\"wp-block-button__link wp-element-button\" href=\"https:\/\/www.whitesmh.co.uk\/es\/contacto\/\">CONT\u00c1CTENOS<\/a><\/div>\n\n\n\n<div class=\"wp-block-button\"><a class=\"wp-block-button__link wp-element-button\" href=\"https:\/\/www.whitesmh.co.uk\/docs\/pallet-forks-product-support\/\">SOPORTE DE PRODUCTO<\/a><\/div>\n<\/div>\n<\/div>\n<\/div>\n\n<div class=\"wp-block-group is-layout-flow wp-block-group-is-layout-flow\">\n<div class=\"wp-block-group has-primary-background-color has-background is-layout-flow wp-block-group-is-layout-flow\" style=\"margin-top:30px;margin-bottom:30px;padding-top:var(--wp--preset--spacing--40);padding-right:var(--wp--preset--spacing--40);padding-bottom:var(--wp--preset--spacing--40);padding-left:var(--wp--preset--spacing--40)\">\n<h3 class=\"wp-block-heading\">MODELOS<\/h3>\n<\/div>\n<\/div>\n\n<figure class=\"wp-block-table\"><table><tbody><tr><td class=\"has-text-align-center\" data-align=\"center\"><strong>N\u00famero de pieza<\/strong><\/td><td class=\"has-text-align-center\" data-align=\"center\"><strong>Longitud de la horquilla (mm)<\/strong><\/td><td class=\"has-text-align-center\" data-align=\"center\"><strong>Longitud de la horquilla (pulgadas)<\/strong><\/td><\/tr><tr><td class=\"has-text-align-center\" data-align=\"center\">PF-3V-0800<\/td><td class=\"has-text-align-center\" data-align=\"center\">800<\/td><td class=\"has-text-align-center\" data-align=\"center\">31<\/td><\/tr><tr><td class=\"has-text-align-center\" data-align=\"center\">PF-3W-1000<\/td><td class=\"has-text-align-center\" data-align=\"center\">1000<\/td><td class=\"has-text-align-center\" data-align=\"center\">39<\/td><\/tr><tr><td class=\"has-text-align-center\" data-align=\"center\">PF-3W-1100<\/td><td class=\"has-text-align-center\" data-align=\"center\">1100<\/td><td class=\"has-text-align-center\" data-align=\"center\">43<\/td><\/tr><tr><td class=\"has-text-align-center\" data-align=\"center\">PF-3W-1200<\/td><td class=\"has-text-align-center\" data-align=\"center\">1200<\/td><td class=\"has-text-align-center\" data-align=\"center\">47<\/td><\/tr><tr><td class=\"has-text-align-center\" data-align=\"center\">PF-3Y-1200<\/td><td class=\"has-text-align-center\" data-align=\"center\">1200<\/td><td class=\"has-text-align-center\" data-align=\"center\">47<\/td><\/tr><\/tbody><\/table><\/figure>\n\n<div class=\"wp-block-group is-layout-constrained wp-block-group-is-layout-constrained\">\n<div class=\"wp-block-group alignfull has-primary-background-color has-background is-layout-flow wp-block-group-is-layout-flow\" style=\"margin-top:30px;margin-bottom:30px;padding-top:var(--wp--preset--spacing--40);padding-right:var(--wp--preset--spacing--40);padding-bottom:var(--wp--preset--spacing--40);padding-left:var(--wp--preset--spacing--40)\">\n<h3 class=\"wp-block-heading alignfull\">GALER\u00cdA<\/h3>\n<\/div>\n\n\n\n<figure class=\"wp-block-gallery alignfull has-nested-images columns-4 is-cropped wp-block-gallery-1 is-layout-flex wp-block-gallery-is-layout-flex\">\n<figure class=\"wp-block-image alignfull size-thumbnail\"><a href=\"https:\/\/www.whitesmh.co.uk\/wp-content\/uploads\/PF3Y1200.jpg\"><img loading=\"lazy\" decoding=\"async\" width=\"400\" height=\"400\" data-id=\"2397\" src=\"https:\/\/www.whitesmh.co.uk\/wp-content\/uploads\/PF3Y1200-400x400.jpg\" alt=\"\" class=\"wp-image-2397\" srcset=\"https:\/\/www.whitesmh.co.uk\/wp-content\/uploads\/PF3Y1200-400x400.jpg 400w, https:\/\/www.whitesmh.co.uk\/wp-content\/uploads\/PF3Y1200-300x300.jpg 300w, https:\/\/www.whitesmh.co.uk\/wp-content\/uploads\/PF3Y1200-100x100.jpg 100w\" sizes=\"auto, (max-width: 400px) 100vw, 400px\" \/><\/a><\/figure>\n\n\n\n<figure class=\"wp-block-image size-thumbnail\"><a href=\"https:\/\/www.whitesmh.co.uk\/wp-content\/uploads\/eyJidWNrZXQiOiJkb25lZGVhbC5pZS1waG90b3MiLCJlZGl0cyI6eyJ0b0Zvcm1hdCI6IndlYnAiLCJyZXNpemUiOnsiZml0IjoiaW5zaWRlIiwid2lkdG.webp\"><img loading=\"lazy\" decoding=\"async\" width=\"400\" height=\"400\" data-id=\"2400\" src=\"https:\/\/www.whitesmh.co.uk\/wp-content\/uploads\/eyJidWNrZXQiOiJkb25lZGVhbC5pZS1waG90b3MiLCJlZGl0cyI6eyJ0b0Zvcm1hdCI6IndlYnAiLCJyZXNpemUiOnsiZml0IjoiaW5zaWRlIiwid2lkdG-400x400.webp\" alt=\"\" class=\"wp-image-2400\" srcset=\"https:\/\/www.whitesmh.co.uk\/wp-content\/uploads\/eyJidWNrZXQiOiJkb25lZGVhbC5pZS1waG90b3MiLCJlZGl0cyI6eyJ0b0Zvcm1hdCI6IndlYnAiLCJyZXNpemUiOnsiZml0IjoiaW5zaWRlIiwid2lkdG-400x400.webp 400w, https:\/\/www.whitesmh.co.uk\/wp-content\/uploads\/eyJidWNrZXQiOiJkb25lZGVhbC5pZS1waG90b3MiLCJlZGl0cyI6eyJ0b0Zvcm1hdCI6IndlYnAiLCJyZXNpemUiOnsiZml0IjoiaW5zaWRlIiwid2lkdG-300x300.webp 300w, https:\/\/www.whitesmh.co.uk\/wp-content\/uploads\/eyJidWNrZXQiOiJkb25lZGVhbC5pZS1waG90b3MiLCJlZGl0cyI6eyJ0b0Zvcm1hdCI6IndlYnAiLCJyZXNpemUiOnsiZml0IjoiaW5zaWRlIiwid2lkdG-100x100.webp 100w\" sizes=\"auto, (max-width: 400px) 100vw, 400px\" \/><\/a><\/figure>\n\n\n\n<figure class=\"wp-block-image size-thumbnail\"><a href=\"https:\/\/www.whitesmh.co.uk\/wp-content\/uploads\/PALLET-FORK-FRAME-1.jpg\"><img loading=\"lazy\" decoding=\"async\" width=\"400\" height=\"400\" data-id=\"2395\" src=\"https:\/\/www.whitesmh.co.uk\/wp-content\/uploads\/PALLET-FORK-FRAME-1-400x400.jpg\" alt=\"\" class=\"wp-image-2395\" srcset=\"https:\/\/www.whitesmh.co.uk\/wp-content\/uploads\/PALLET-FORK-FRAME-1-400x400.jpg 400w, https:\/\/www.whitesmh.co.uk\/wp-content\/uploads\/PALLET-FORK-FRAME-1-300x300.jpg 300w, https:\/\/www.whitesmh.co.uk\/wp-content\/uploads\/PALLET-FORK-FRAME-1-100x100.jpg 100w\" sizes=\"auto, (max-width: 400px) 100vw, 400px\" \/><\/a><\/figure>\n\n\n\n<figure class=\"wp-block-image size-thumbnail\"><a href=\"https:\/\/www.whitesmh.co.uk\/wp-content\/uploads\/FullSizeRender-1.jpg\"><img loading=\"lazy\" decoding=\"async\" width=\"400\" height=\"400\" data-id=\"2393\" src=\"https:\/\/www.whitesmh.co.uk\/wp-content\/uploads\/FullSizeRender-1-400x400.jpg\" alt=\"\" class=\"wp-image-2393\" srcset=\"https:\/\/www.whitesmh.co.uk\/wp-content\/uploads\/FullSizeRender-1-400x400.jpg 400w, https:\/\/www.whitesmh.co.uk\/wp-content\/uploads\/FullSizeRender-1-300x300.jpg 300w, https:\/\/www.whitesmh.co.uk\/wp-content\/uploads\/FullSizeRender-1-100x100.jpg 100w\" sizes=\"auto, (max-width: 400px) 100vw, 400px\" \/><\/a><\/figure>\n<\/figure>\n<\/div>\n","protected":false},"excerpt":{"rendered":"<p>HORQUILLAS PARA PALETAS Las horquillas para paletas WHITES vienen de serie en un carro de horquillas para paletas, lo que significa que el usuario puede cambiarlas r\u00e1pida y f\u00e1cilmente cuando se requiere un accesorio alternativo. MODELOS N\u00famero de pieza Longitud de la horquilla (mm) Longitud de la horquilla (pulgadas) PF-3V-0800 800 31 PF-3W-1000 1000 39&hellip;<\/p>\n","protected":false},"featured_media":8063,"template":"","meta":{"_acf_changed":false},"product_brand":[],"product_cat":[321],"product_tag":[],"class_list":{"2":"type-product","7":"product","8":"first","9":"instock","10":"taxable","11":"shipping-taxable","12":"product-type-simple"},"acf":[],"_links":{"self":[{"href":"https:\/\/www.whitesmh.co.uk\/es\/wp-json\/wp\/v2\/product\/8048","targetHints":{"allow":["GET"]}}],"collection":[{"href":"https:\/\/www.whitesmh.co.uk\/es\/wp-json\/wp\/v2\/product"}],"about":[{"href":"https:\/\/www.whitesmh.co.uk\/es\/wp-json\/wp\/v2\/types\/product"}],"wp:featuredmedia":[{"embeddable":true,"href":"https:\/\/www.whitesmh.co.uk\/es\/wp-json\/wp\/v2\/media\/8063"}],"wp:attachment":[{"href":"https:\/\/www.whitesmh.co.uk\/es\/wp-json\/wp\/v2\/media?parent=8048"}],"wp:term":[{"taxonomy":"product_brand","embeddable":true,"href":"https:\/\/www.whitesmh.co.uk\/es\/wp-json\/wp\/v2\/product_brand?post=8048"},{"taxonomy":"product_cat","embeddable":true,"href":"https:\/\/www.whitesmh.co.uk\/es\/wp-json\/wp\/v2\/product_cat?post=8048"},{"taxonomy":"product_tag","embeddable":true,"href":"https:\/\/www.whitesmh.co.uk\/es\/wp-json\/wp\/v2\/product_tag?post=8048"}],"curies":[{"name":"wp","href":"https:\/\/api.w.org\/{rel}","templated":true}]}}