{"id":8012,"date":"2023-11-21T07:58:01","date_gmt":"2023-11-21T07:58:01","guid":{"rendered":"https:\/\/www.whitesmh.co.uk\/products\/pinzas-de-cizalla-ag-x\/"},"modified":"2024-11-19T08:58:04","modified_gmt":"2024-11-19T08:58:04","slug":"pinzas-de-cizalla-ag-x","status":"publish","type":"product","link":"https:\/\/www.whitesmh.co.uk\/es\/producto\/pinzas-de-cizalla-ag-x\/","title":{"rendered":"Pinzas de cizalla AG-X"},"content":{"rendered":"\n<div class=\"wp-block-columns is-layout-flex wp-container-core-columns-is-layout-28f84493 wp-block-columns-is-layout-flex\">\n<div class=\"wp-block-column is-vertically-aligned-center is-layout-flow wp-block-column-is-layout-flow\">\n<figure class=\"wp-block-image size-full\"><img loading=\"lazy\" decoding=\"async\" width=\"2000\" height=\"1500\" src=\"https:\/\/www.whitesmh.co.uk\/wp-content\/uploads\/IMG_6156-scaled.jpeg\" alt=\"\" class=\"wp-image-2270\" srcset=\"https:\/\/www.whitesmh.co.uk\/wp-content\/uploads\/IMG_6156-scaled.jpeg 2000w, https:\/\/www.whitesmh.co.uk\/wp-content\/uploads\/IMG_6156-scaled-600x450.jpeg 600w, https:\/\/www.whitesmh.co.uk\/wp-content\/uploads\/IMG_6156-800x600.jpeg 800w, https:\/\/www.whitesmh.co.uk\/wp-content\/uploads\/IMG_6156-768x576.jpeg 768w\" sizes=\"auto, (max-width: 800px) 100vw, 800px\" \/><\/figure>\n<\/div>\n\n\n\n<div class=\"wp-block-column is-layout-flow wp-block-column-is-layout-flow\">\n<h2 class=\"wp-block-heading has-foreground-color has-text-color has-link-color wp-elements-3edac29f897e6ef4ab7ad3869d291cf1\" style=\"text-transform:uppercase\">PINZAS DE CIZALLA AG-X  <\/h2>\n\n\n\n<p>La gama de cucharas de cizalla WHITES AG-X no tiene rival por sus especificaciones y calidad de construcci\u00f3n. Con p\u00faas, dientes y cuchillas Hardox, la gama est\u00e1 dise\u00f1ada para satisfacer las duras necesidades de los ganaderos.  <\/p>\n\n\n\n<ul class=\"wp-block-list\">\n<li>Excelente acabado de corte y abrazadera<\/li>\n\n\n\n<li>P\u00faas Hardox de 40 mm de espesor<\/li>\n\n\n\n<li>Dientes y cuchillas laterales Hardox<\/li>\n\n\n\n<li>Opciones de 2 y 3 RAM<\/li>\n\n\n\n<li>Ruta de manguera protegida<\/li>\n\n\n\n<li>1900 mm \/ 2200 mm vienen con cuchilla de corte central<\/li>\n\n\n\n<li>Acabado de pintura de alta calidad<\/li>\n\n\n\n<li>Pasador de pivote de 50 mm de di\u00e1metro<\/li>\n\n\n\n<li>Pines de alta calidad<\/li>\n\n\n\n<li>Cilindros con casquillo de gran tama\u00f1o<\/li>\n\n\n\n<li>Apertura de 817 mm<\/li>\n\n\n\n<li>Soportes atornillados incluidos<\/li>\n<\/ul>\n\n\n\n<div class=\"wp-block-columns is-layout-flex wp-container-core-columns-is-layout-28f84493 wp-block-columns-is-layout-flex\">\n<div class=\"wp-block-column is-layout-flow wp-block-column-is-layout-flow\" style=\"flex-basis:100%\">\n<figure class=\"wp-block-image size-medium is-resized\"><img loading=\"lazy\" decoding=\"async\" width=\"800\" height=\"135\" src=\"https:\/\/www.whitesmh.co.uk\/wp-content\/uploads\/MIB-AGX-800x135.jpg\" alt=\"\" class=\"wp-image-1173\" style=\"width:268px;height:auto\" srcset=\"https:\/\/www.whitesmh.co.uk\/wp-content\/uploads\/MIB-AGX-800x135.jpg 800w, https:\/\/www.whitesmh.co.uk\/wp-content\/uploads\/MIB-AGX-600x101.jpg 600w, https:\/\/www.whitesmh.co.uk\/wp-content\/uploads\/MIB-AGX-768x129.jpg 768w, https:\/\/www.whitesmh.co.uk\/wp-content\/uploads\/MIB-AGX.jpg 1046w\" sizes=\"auto, (max-width: 800px) 100vw, 800px\" \/><\/figure>\n<\/div>\n<\/div>\n\n\n\n<div class=\"wp-block-buttons is-layout-flex wp-block-buttons-is-layout-flex\">\n<div class=\"wp-block-button\"><a class=\"wp-block-button__link wp-element-button\" href=\"https:\/\/www.whitesmh.co.uk\/es\/contacto\/\">CONT\u00c1CTENOS<\/a><\/div>\n\n\n\n<div class=\"wp-block-button\"><a class=\"wp-block-button__link wp-element-button\" href=\"https:\/\/www.whitesmh.co.uk\/docs\/shear-grab\">SOPORTE DE PRODUCTO<\/a><\/div>\n\n\n\n<div class=\"wp-block-button\"><a class=\"wp-block-button__link wp-element-button\" href=\"https:\/\/www.whitesmh.co.uk\/wp-content\/uploads\/WMH-Data-Sheet-Shear-Grabs.pptx\" target=\"_blank\" rel=\"noreferrer noopener\">FICHA T\u00c9CNICA<\/a><\/div>\n<\/div>\n<\/div>\n<\/div>\n\n<div class=\"wp-block-group has-primary-background-color has-background is-layout-flow wp-block-group-is-layout-flow\" style=\"margin-top:30px;margin-bottom:30px;padding-top:var(--wp--preset--spacing--40);padding-right:var(--wp--preset--spacing--40);padding-bottom:var(--wp--preset--spacing--40);padding-left:var(--wp--preset--spacing--40)\">\n<h3 class=\"wp-block-heading\">MODELOS<\/h3>\n<\/div>\n\n<figure class=\"wp-block-table\"><table><tbody><tr><td class=\"has-text-align-center\" data-align=\"center\"><strong>Modelo<\/strong><\/td><td class=\"has-text-align-center\" data-align=\"center\"><strong>Ancho (mm)<\/strong><\/td><td class=\"has-text-align-center\" data-align=\"center\"><strong>Carneros<\/strong><\/td><td class=\"has-text-align-center\" data-align=\"center\"><strong>Capacidad<\/strong><\/td><\/tr><tr><td class=\"has-text-align-center\" data-align=\"center\">SHGX1300<\/td><td class=\"has-text-align-center\" data-align=\"center\">1300mm<\/td><td class=\"has-text-align-center\" data-align=\"center\">2<\/td><td class=\"has-text-align-center\" data-align=\"center\">0.70m3<\/td><\/tr><tr><td class=\"has-text-align-center\" data-align=\"center\">SHGX1600<\/td><td class=\"has-text-align-center\" data-align=\"center\">1600mm<\/td><td class=\"has-text-align-center\" data-align=\"center\">2<\/td><td class=\"has-text-align-center\" data-align=\"center\">0.85m3<\/td><\/tr><tr><td class=\"has-text-align-center\" data-align=\"center\">SHGX1900<\/td><td class=\"has-text-align-center\" data-align=\"center\">1900mm<\/td><td class=\"has-text-align-center\" data-align=\"center\">3<\/td><td class=\"has-text-align-center\" data-align=\"center\">1.00m3<\/td><\/tr><tr><td class=\"has-text-align-center\" data-align=\"center\">SHGX2200<\/td><td class=\"has-text-align-center\" data-align=\"center\">2200mm<\/td><td class=\"has-text-align-center\" data-align=\"center\">3<\/td><td class=\"has-text-align-center\" data-align=\"center\">1.15m3<\/td><\/tr><\/tbody><\/table><\/figure>\n\n<div class=\"wp-block-group is-layout-flow wp-block-group-is-layout-flow\">\n<div class=\"wp-block-group has-primary-background-color has-background is-layout-flow wp-block-group-is-layout-flow\" style=\"margin-top:30px;margin-bottom:30px;padding-top:var(--wp--preset--spacing--40);padding-right:var(--wp--preset--spacing--40);padding-bottom:var(--wp--preset--spacing--40);padding-left:var(--wp--preset--spacing--40)\">\n<h3 class=\"wp-block-heading\">GALER\u00cdA<\/h3>\n<\/div>\n\n\n\n<figure class=\"wp-block-gallery has-nested-images columns-4 is-cropped wp-block-gallery-1 is-layout-flex wp-block-gallery-is-layout-flex\">\n<figure class=\"wp-block-image size-thumbnail\"><a href=\"https:\/\/www.whitesmh.co.uk\/wp-content\/uploads\/IMG_0032-1-scaled.jpeg\"><img loading=\"lazy\" decoding=\"async\" width=\"400\" height=\"400\" data-id=\"1281\" src=\"https:\/\/www.whitesmh.co.uk\/wp-content\/uploads\/IMG_0032-1-400x400.jpeg\" alt=\"\" class=\"wp-image-1281\" srcset=\"https:\/\/www.whitesmh.co.uk\/wp-content\/uploads\/IMG_0032-1-400x400.jpeg 400w, https:\/\/www.whitesmh.co.uk\/wp-content\/uploads\/IMG_0032-1-scaled-300x300.jpeg 300w, https:\/\/www.whitesmh.co.uk\/wp-content\/uploads\/IMG_0032-1-scaled-100x100.jpeg 100w\" sizes=\"auto, (max-width: 400px) 100vw, 400px\" \/><\/a><\/figure>\n\n\n\n<figure class=\"wp-block-image size-thumbnail\"><a href=\"https:\/\/www.whitesmh.co.uk\/wp-content\/uploads\/fb8dc8d8-b0fc-44be-9713-15e9b77019d4.jpg\"><img loading=\"lazy\" decoding=\"async\" width=\"400\" height=\"400\" data-id=\"1744\" src=\"https:\/\/www.whitesmh.co.uk\/wp-content\/uploads\/fb8dc8d8-b0fc-44be-9713-15e9b77019d4-400x400.jpg\" alt=\"\" class=\"wp-image-1744\" srcset=\"https:\/\/www.whitesmh.co.uk\/wp-content\/uploads\/fb8dc8d8-b0fc-44be-9713-15e9b77019d4-400x400.jpg 400w, https:\/\/www.whitesmh.co.uk\/wp-content\/uploads\/fb8dc8d8-b0fc-44be-9713-15e9b77019d4-300x300.jpg 300w, https:\/\/www.whitesmh.co.uk\/wp-content\/uploads\/fb8dc8d8-b0fc-44be-9713-15e9b77019d4-100x100.jpg 100w\" sizes=\"auto, (max-width: 400px) 100vw, 400px\" \/><\/a><\/figure>\n\n\n\n<figure class=\"wp-block-image size-thumbnail\"><a href=\"https:\/\/www.whitesmh.co.uk\/wp-content\/uploads\/IMG_0022-scaled.jpeg\"><img loading=\"lazy\" decoding=\"async\" width=\"400\" height=\"400\" data-id=\"1279\" src=\"https:\/\/www.whitesmh.co.uk\/wp-content\/uploads\/IMG_0022-400x400.jpeg\" alt=\"\" class=\"wp-image-1279\" srcset=\"https:\/\/www.whitesmh.co.uk\/wp-content\/uploads\/IMG_0022-400x400.jpeg 400w, https:\/\/www.whitesmh.co.uk\/wp-content\/uploads\/IMG_0022-scaled-300x300.jpeg 300w, https:\/\/www.whitesmh.co.uk\/wp-content\/uploads\/IMG_0022-scaled-100x100.jpeg 100w\" sizes=\"auto, (max-width: 400px) 100vw, 400px\" \/><\/a><\/figure>\n\n\n\n<figure class=\"wp-block-image size-thumbnail\"><a href=\"https:\/\/www.whitesmh.co.uk\/wp-content\/uploads\/0b0437c3-9a8f-4456-95cd-6c367bf23f54-scaled.jpeg\"><img loading=\"lazy\" decoding=\"async\" width=\"400\" height=\"400\" data-id=\"1278\" src=\"https:\/\/www.whitesmh.co.uk\/wp-content\/uploads\/0b0437c3-9a8f-4456-95cd-6c367bf23f54-400x400.jpeg\" alt=\"\" class=\"wp-image-1278\" srcset=\"https:\/\/www.whitesmh.co.uk\/wp-content\/uploads\/0b0437c3-9a8f-4456-95cd-6c367bf23f54-400x400.jpeg 400w, https:\/\/www.whitesmh.co.uk\/wp-content\/uploads\/0b0437c3-9a8f-4456-95cd-6c367bf23f54-scaled-300x300.jpeg 300w, https:\/\/www.whitesmh.co.uk\/wp-content\/uploads\/0b0437c3-9a8f-4456-95cd-6c367bf23f54-scaled-100x100.jpeg 100w\" sizes=\"auto, (max-width: 400px) 100vw, 400px\" \/><\/a><\/figure>\n\n\n\n<figure class=\"wp-block-image size-thumbnail\"><a href=\"https:\/\/www.whitesmh.co.uk\/wp-content\/uploads\/IMG_4505-scaled.jpeg\"><img loading=\"lazy\" decoding=\"async\" width=\"400\" height=\"400\" data-id=\"1285\" src=\"https:\/\/www.whitesmh.co.uk\/wp-content\/uploads\/IMG_4505-400x400.jpeg\" alt=\"\" class=\"wp-image-1285\" srcset=\"https:\/\/www.whitesmh.co.uk\/wp-content\/uploads\/IMG_4505-400x400.jpeg 400w, https:\/\/www.whitesmh.co.uk\/wp-content\/uploads\/IMG_4505-scaled-300x300.jpeg 300w, https:\/\/www.whitesmh.co.uk\/wp-content\/uploads\/IMG_4505-scaled-100x100.jpeg 100w\" sizes=\"auto, (max-width: 400px) 100vw, 400px\" \/><\/a><\/figure>\n\n\n\n<figure class=\"wp-block-image size-thumbnail\"><a href=\"https:\/\/www.whitesmh.co.uk\/wp-content\/uploads\/IMG_6126-scaled.jpeg\"><img loading=\"lazy\" decoding=\"async\" width=\"400\" height=\"400\" data-id=\"2246\" src=\"https:\/\/www.whitesmh.co.uk\/wp-content\/uploads\/IMG_6126-400x400.jpeg\" alt=\"\" class=\"wp-image-2246\" srcset=\"https:\/\/www.whitesmh.co.uk\/wp-content\/uploads\/IMG_6126-400x400.jpeg 400w, https:\/\/www.whitesmh.co.uk\/wp-content\/uploads\/IMG_6126-scaled-300x300.jpeg 300w, https:\/\/www.whitesmh.co.uk\/wp-content\/uploads\/IMG_6126-scaled-100x100.jpeg 100w\" sizes=\"auto, (max-width: 400px) 100vw, 400px\" \/><\/a><\/figure>\n\n\n\n<figure class=\"wp-block-image size-thumbnail\"><a href=\"https:\/\/www.whitesmh.co.uk\/wp-content\/uploads\/IMG_4501-scaled.jpeg\"><img loading=\"lazy\" decoding=\"async\" width=\"400\" height=\"400\" data-id=\"1283\" src=\"https:\/\/www.whitesmh.co.uk\/wp-content\/uploads\/IMG_4501-400x400.jpeg\" alt=\"\" class=\"wp-image-1283\" srcset=\"https:\/\/www.whitesmh.co.uk\/wp-content\/uploads\/IMG_4501-400x400.jpeg 400w, https:\/\/www.whitesmh.co.uk\/wp-content\/uploads\/IMG_4501-scaled-300x300.jpeg 300w, https:\/\/www.whitesmh.co.uk\/wp-content\/uploads\/IMG_4501-scaled-100x100.jpeg 100w\" sizes=\"auto, (max-width: 400px) 100vw, 400px\" \/><\/a><\/figure>\n\n\n\n<figure class=\"wp-block-image size-thumbnail\"><a href=\"https:\/\/www.whitesmh.co.uk\/wp-content\/uploads\/IMG_4500-scaled.jpeg\"><img loading=\"lazy\" decoding=\"async\" width=\"400\" height=\"400\" data-id=\"1282\" src=\"https:\/\/www.whitesmh.co.uk\/wp-content\/uploads\/IMG_4500-400x400.jpeg\" alt=\"\" class=\"wp-image-1282\" srcset=\"https:\/\/www.whitesmh.co.uk\/wp-content\/uploads\/IMG_4500-400x400.jpeg 400w, https:\/\/www.whitesmh.co.uk\/wp-content\/uploads\/IMG_4500-scaled-300x300.jpeg 300w, https:\/\/www.whitesmh.co.uk\/wp-content\/uploads\/IMG_4500-scaled-100x100.jpeg 100w\" sizes=\"auto, (max-width: 400px) 100vw, 400px\" \/><\/a><\/figure>\n\n\n\n<figure class=\"wp-block-image size-thumbnail\"><a href=\"https:\/\/www.whitesmh.co.uk\/wp-content\/uploads\/IMG_6160-scaled.jpeg\"><img loading=\"lazy\" decoding=\"async\" width=\"400\" height=\"400\" data-id=\"2272\" src=\"https:\/\/www.whitesmh.co.uk\/wp-content\/uploads\/IMG_6160-400x400.jpeg\" alt=\"\" class=\"wp-image-2272\" srcset=\"https:\/\/www.whitesmh.co.uk\/wp-content\/uploads\/IMG_6160-400x400.jpeg 400w, https:\/\/www.whitesmh.co.uk\/wp-content\/uploads\/IMG_6160-scaled-300x300.jpeg 300w, https:\/\/www.whitesmh.co.uk\/wp-content\/uploads\/IMG_6160-scaled-100x100.jpeg 100w\" sizes=\"auto, (max-width: 400px) 100vw, 400px\" \/><\/a><\/figure>\n\n\n\n<figure class=\"wp-block-image size-thumbnail\"><a href=\"https:\/\/www.whitesmh.co.uk\/wp-content\/uploads\/IMG_6174-scaled.jpeg\"><img loading=\"lazy\" decoding=\"async\" width=\"400\" height=\"400\" data-id=\"2273\" src=\"https:\/\/www.whitesmh.co.uk\/wp-content\/uploads\/IMG_6174-400x400.jpeg\" alt=\"\" class=\"wp-image-2273\" srcset=\"https:\/\/www.whitesmh.co.uk\/wp-content\/uploads\/IMG_6174-400x400.jpeg 400w, https:\/\/www.whitesmh.co.uk\/wp-content\/uploads\/IMG_6174-scaled-300x300.jpeg 300w, https:\/\/www.whitesmh.co.uk\/wp-content\/uploads\/IMG_6174-scaled-100x100.jpeg 100w\" sizes=\"auto, (max-width: 400px) 100vw, 400px\" \/><\/a><\/figure>\n\n\n\n<figure class=\"wp-block-image size-thumbnail\"><a href=\"https:\/\/www.whitesmh.co.uk\/wp-content\/uploads\/IMG_6176-scaled.jpeg\"><img loading=\"lazy\" decoding=\"async\" width=\"400\" height=\"400\" data-id=\"2274\" src=\"https:\/\/www.whitesmh.co.uk\/wp-content\/uploads\/IMG_6176-400x400.jpeg\" alt=\"\" class=\"wp-image-2274\" srcset=\"https:\/\/www.whitesmh.co.uk\/wp-content\/uploads\/IMG_6176-400x400.jpeg 400w, https:\/\/www.whitesmh.co.uk\/wp-content\/uploads\/IMG_6176-scaled-300x300.jpeg 300w, https:\/\/www.whitesmh.co.uk\/wp-content\/uploads\/IMG_6176-scaled-100x100.jpeg 100w\" sizes=\"auto, (max-width: 400px) 100vw, 400px\" \/><\/a><\/figure>\n\n\n\n<figure class=\"wp-block-image size-thumbnail\"><a href=\"https:\/\/www.whitesmh.co.uk\/wp-content\/uploads\/IMG_6177-scaled.jpeg\"><img loading=\"lazy\" decoding=\"async\" width=\"400\" height=\"400\" data-id=\"2275\" src=\"https:\/\/www.whitesmh.co.uk\/wp-content\/uploads\/IMG_6177-400x400.jpeg\" alt=\"\" class=\"wp-image-2275\" srcset=\"https:\/\/www.whitesmh.co.uk\/wp-content\/uploads\/IMG_6177-400x400.jpeg 400w, https:\/\/www.whitesmh.co.uk\/wp-content\/uploads\/IMG_6177-scaled-300x300.jpeg 300w, https:\/\/www.whitesmh.co.uk\/wp-content\/uploads\/IMG_6177-scaled-100x100.jpeg 100w\" sizes=\"auto, (max-width: 400px) 100vw, 400px\" \/><\/a><\/figure>\n<\/figure>\n<\/div>\n\n<div class=\"wp-block-group has-primary-background-color has-background is-layout-flow wp-block-group-is-layout-flow\" style=\"margin-top:30px;margin-bottom:30px;padding-top:var(--wp--preset--spacing--40);padding-right:var(--wp--preset--spacing--40);padding-bottom:var(--wp--preset--spacing--40);padding-left:var(--wp--preset--spacing--40)\">\n<h3 class=\"wp-block-heading\">VIDEOS<\/h3>\n<\/div>\n\n<figure class=\"wp-block-embed is-type-video is-provider-youtube wp-block-embed-youtube wp-embed-aspect-16-9 wp-has-aspect-ratio\"><div class=\"wp-block-embed__wrapper\">\n<iframe loading=\"lazy\" title=\"Whites Material Handling - Shear Grabs\" width=\"800\" height=\"450\" src=\"https:\/\/www.youtube.com\/embed\/Tjuz2p7S7HI?start=4&#038;feature=oembed\" frameborder=\"0\" allow=\"accelerometer; autoplay; clipboard-write; encrypted-media; gyroscope; picture-in-picture; web-share\" referrerpolicy=\"strict-origin-when-cross-origin\" allowfullscreen><\/iframe>\n<\/div><\/figure>\n","protected":false},"excerpt":{"rendered":"<p>PINZAS DE CIZALLA AG-X La gama de cucharas de cizalla WHITES AG-X no tiene rival por sus especificaciones y calidad de construcci\u00f3n. Con p\u00faas, dientes y cuchillas Hardox, la gama est\u00e1 dise\u00f1ada para satisfacer las duras necesidades de los ganaderos. MODELOS Modelo Ancho (mm) Carneros Capacidad SHGX1300 1300mm 2 0.70m3 SHGX1600 1600mm 2 0.85m3 SHGX1900&hellip;<\/p>\n","protected":false},"featured_media":8040,"template":"","meta":{"_acf_changed":false},"product_brand":[],"product_cat":[324,322,325],"product_tag":[],"class_list":{"2":"type-product","9":"product","10":"first","11":"instock","12":"taxable","13":"shipping-taxable","14":"product-type-simple"},"acf":[],"_links":{"self":[{"href":"https:\/\/www.whitesmh.co.uk\/es\/wp-json\/wp\/v2\/product\/8012","targetHints":{"allow":["GET"]}}],"collection":[{"href":"https:\/\/www.whitesmh.co.uk\/es\/wp-json\/wp\/v2\/product"}],"about":[{"href":"https:\/\/www.whitesmh.co.uk\/es\/wp-json\/wp\/v2\/types\/product"}],"wp:featuredmedia":[{"embeddable":true,"href":"https:\/\/www.whitesmh.co.uk\/es\/wp-json\/wp\/v2\/media\/8040"}],"wp:attachment":[{"href":"https:\/\/www.whitesmh.co.uk\/es\/wp-json\/wp\/v2\/media?parent=8012"}],"wp:term":[{"taxonomy":"product_brand","embeddable":true,"href":"https:\/\/www.whitesmh.co.uk\/es\/wp-json\/wp\/v2\/product_brand?post=8012"},{"taxonomy":"product_cat","embeddable":true,"href":"https:\/\/www.whitesmh.co.uk\/es\/wp-json\/wp\/v2\/product_cat?post=8012"},{"taxonomy":"product_tag","embeddable":true,"href":"https:\/\/www.whitesmh.co.uk\/es\/wp-json\/wp\/v2\/product_tag?post=8012"}],"curies":[{"name":"wp","href":"https:\/\/api.w.org\/{rel}","templated":true}]}}