{"id":7963,"date":"2023-12-09T22:10:17","date_gmt":"2023-12-09T22:10:17","guid":{"rendered":"https:\/\/www.whitesmh.co.uk\/products\/cubos-de-arena-para-aves-de-corral\/"},"modified":"2024-11-19T09:04:48","modified_gmt":"2024-11-19T09:04:48","slug":"cubos-de-arena-para-aves-de-corral","status":"publish","type":"product","link":"https:\/\/www.whitesmh.co.uk\/es\/producto\/cubos-de-arena-para-aves-de-corral\/","title":{"rendered":"Cubos de arena para aves de corral"},"content":{"rendered":"\n<div class=\"wp-block-columns is-layout-flex wp-container-core-columns-is-layout-28f84493 wp-block-columns-is-layout-flex\">\n<div class=\"wp-block-column is-vertically-aligned-center is-layout-flow wp-block-column-is-layout-flow\">\n<figure class=\"wp-block-image size-full\"><img loading=\"lazy\" decoding=\"async\" width=\"1173\" height=\"1173\" src=\"https:\/\/www.whitesmh.co.uk\/wp-content\/uploads\/Skidsteer-Poultry.jpg\" alt=\"\" class=\"wp-image-2355\" srcset=\"https:\/\/www.whitesmh.co.uk\/wp-content\/uploads\/Skidsteer-Poultry.jpg 1173w, https:\/\/www.whitesmh.co.uk\/wp-content\/uploads\/Skidsteer-Poultry-300x300.jpg 300w, https:\/\/www.whitesmh.co.uk\/wp-content\/uploads\/Skidsteer-Poultry-100x100.jpg 100w, https:\/\/www.whitesmh.co.uk\/wp-content\/uploads\/Skidsteer-Poultry-600x600.jpg 600w, https:\/\/www.whitesmh.co.uk\/wp-content\/uploads\/Skidsteer-Poultry-400x400.jpg 400w, https:\/\/www.whitesmh.co.uk\/wp-content\/uploads\/Skidsteer-Poultry-800x800.jpg 800w, https:\/\/www.whitesmh.co.uk\/wp-content\/uploads\/Skidsteer-Poultry-768x768.jpg 768w\" sizes=\"auto, (max-width: 800px) 100vw, 800px\" \/><\/figure>\n<\/div>\n\n\n\n<div class=\"wp-block-column is-layout-flow wp-block-column-is-layout-flow\">\n<h2 class=\"wp-block-heading\" style=\"text-transform:uppercase\">CUBOS DE ARENA PARA AVES DE CORRAL<\/h2>\n\n\n\n<p>El cubo de arena para aves de corral WHITES Skid Steer es una opci\u00f3n fant\u00e1stica para los usuarios que desean limpiar los cobertizos av\u00edcolas. El perfil de la cuchara permite al usuario pasar por debajo de las unidades bajas y, al mismo tiempo, mantener una capacidad relativamente alta en comparaci\u00f3n con la cuchara est\u00e1ndar.  <\/p>\n\n\n\n<ul class=\"wp-block-list\">\n<li>Perfecto para la limpieza de naves av\u00edcolas<\/li>\n\n\n\n<li>Construcci\u00f3n pesada<\/li>\n\n\n\n<li>Capacidad muy grande<\/li>\n\n\n\n<li>Tornillo opcional en filo de corte reversible<\/li>\n<\/ul>\n\n\n\n<div class=\"wp-block-columns is-layout-flex wp-container-core-columns-is-layout-28f84493 wp-block-columns-is-layout-flex\">\n<div class=\"wp-block-column is-layout-flow wp-block-column-is-layout-flow\" style=\"flex-basis:100%\">\n<figure class=\"wp-block-image size-full is-resized\"><img loading=\"lazy\" decoding=\"async\" width=\"626\" height=\"149\" src=\"https:\/\/www.whitesmh.co.uk\/wp-content\/uploads\/image.png\" alt=\"\" class=\"wp-image-635\" style=\"width:268px;height:auto\" srcset=\"https:\/\/www.whitesmh.co.uk\/wp-content\/uploads\/image.png 626w, https:\/\/www.whitesmh.co.uk\/wp-content\/uploads\/image-600x143.png 600w\" sizes=\"auto, (max-width: 626px) 100vw, 626px\" \/><\/figure>\n<\/div>\n<\/div>\n\n\n\n<div class=\"wp-block-buttons is-layout-flex wp-block-buttons-is-layout-flex\">\n<div class=\"wp-block-button\"><a class=\"wp-block-button__link wp-element-button\" href=\"https:\/\/www.whitesmh.co.uk\/es\/contacto\/\">CONT\u00c1CTENOS<\/a><\/div>\n\n\n\n<div class=\"wp-block-button\"><a class=\"wp-block-button__link wp-element-button\">SOPORTE DE PRODUCTO<\/a><\/div>\n<\/div>\n<\/div>\n<\/div>\n\n<div class=\"wp-block-group is-layout-flow wp-block-group-is-layout-flow\">\n<div class=\"wp-block-group has-primary-background-color has-background is-layout-flow wp-block-group-is-layout-flow\" style=\"margin-top:30px;margin-bottom:30px;padding-top:var(--wp--preset--spacing--40);padding-right:var(--wp--preset--spacing--40);padding-bottom:var(--wp--preset--spacing--40);padding-left:var(--wp--preset--spacing--40)\">\n<h3 class=\"wp-block-heading\">MODELOS<\/h3>\n<\/div>\n<\/div>\n\n<figure class=\"wp-block-table\"><table><tbody><tr><td class=\"has-text-align-center\" data-align=\"center\"><strong>N\u00famero de pieza<\/strong><\/td><td class=\"has-text-align-center\" data-align=\"center\"><strong>Ancho (mm)<\/strong><\/td><td class=\"has-text-align-center\" data-align=\"center\"><strong>Ancho (pulgadas)<\/strong><\/td><td class=\"has-text-align-center\" data-align=\"center\"><strong>Capacidad (m3)<\/strong><\/td><\/tr><tr><td class=\"has-text-align-center\" data-align=\"center\">PL-1220<\/td><td class=\"has-text-align-center\" data-align=\"center\">1220<\/td><td class=\"has-text-align-center\" data-align=\"center\">48<\/td><td class=\"has-text-align-center\" data-align=\"center\">0.34m3<\/td><\/tr><tr><td class=\"has-text-align-center\" data-align=\"center\">PL-1380<\/td><td class=\"has-text-align-center\" data-align=\"center\">1380<\/td><td class=\"has-text-align-center\" data-align=\"center\">54<\/td><td class=\"has-text-align-center\" data-align=\"center\">0.47m3<\/td><\/tr><tr><td class=\"has-text-align-center\" data-align=\"center\">PL-1525<\/td><td class=\"has-text-align-center\" data-align=\"center\">1525<\/td><td class=\"has-text-align-center\" data-align=\"center\">60<\/td><td class=\"has-text-align-center\" data-align=\"center\">0.62m3<\/td><\/tr><tr><td class=\"has-text-align-center\" data-align=\"center\">PL-1575<\/td><td class=\"has-text-align-center\" data-align=\"center\">1575<\/td><td class=\"has-text-align-center\" data-align=\"center\">62<\/td><td class=\"has-text-align-center\" data-align=\"center\">0.71m3<\/td><\/tr><tr><td class=\"has-text-align-center\" data-align=\"center\">PL-1680<\/td><td class=\"has-text-align-center\" data-align=\"center\">1680<\/td><td class=\"has-text-align-center\" data-align=\"center\">66<\/td><td class=\"has-text-align-center\" data-align=\"center\">0.83m3<\/td><\/tr><tr><td class=\"has-text-align-center\" data-align=\"center\">PL-1850<\/td><td class=\"has-text-align-center\" data-align=\"center\">1850<\/td><td class=\"has-text-align-center\" data-align=\"center\">73<\/td><td class=\"has-text-align-center\" data-align=\"center\">1.10m3<\/td><\/tr><tr><td class=\"has-text-align-center\" data-align=\"center\">PL-2080<\/td><td class=\"has-text-align-center\" data-align=\"center\">2080<\/td><td class=\"has-text-align-center\" data-align=\"center\">82<\/td><td class=\"has-text-align-center\" data-align=\"center\">1.31m3<\/td><\/tr><tr><td class=\"has-text-align-center\" data-align=\"center\">PL-2140<\/td><td class=\"has-text-align-center\" data-align=\"center\">2140<\/td><td class=\"has-text-align-center\" data-align=\"center\">84<\/td><td class=\"has-text-align-center\" data-align=\"center\">1.43m3<\/td><\/tr><tr><td class=\"has-text-align-center\" data-align=\"center\">PL-2290<\/td><td class=\"has-text-align-center\" data-align=\"center\">2290<\/td><td class=\"has-text-align-center\" data-align=\"center\">90<\/td><td class=\"has-text-align-center\" data-align=\"center\">1.46m3<\/td><\/tr><\/tbody><\/table><\/figure>\n\n<div class=\"wp-block-group alignfull is-layout-constrained wp-block-group-is-layout-constrained\">\n<div class=\"wp-block-group has-primary-background-color has-background is-layout-flow wp-block-group-is-layout-flow\" style=\"margin-top:30px;margin-bottom:30px;padding-top:var(--wp--preset--spacing--40);padding-right:var(--wp--preset--spacing--40);padding-bottom:var(--wp--preset--spacing--40);padding-left:var(--wp--preset--spacing--40)\">\n<h3 class=\"wp-block-heading alignfull\">GALER\u00cdA<\/h3>\n<\/div>\n\n\n\n<figure class=\"wp-block-gallery alignfull has-nested-images columns-4 is-cropped wp-block-gallery-1 is-layout-flex wp-block-gallery-is-layout-flex\">\n<figure class=\"wp-block-image size-thumbnail\"><a href=\"https:\/\/www.whitesmh.co.uk\/wp-content\/uploads\/IMG_6223.jpeg\"><img loading=\"lazy\" decoding=\"async\" width=\"400\" height=\"400\" data-id=\"2323\" src=\"https:\/\/www.whitesmh.co.uk\/wp-content\/uploads\/IMG_6223-400x400.jpeg\" alt=\"\" class=\"wp-image-2323\" srcset=\"https:\/\/www.whitesmh.co.uk\/wp-content\/uploads\/IMG_6223-400x400.jpeg 400w, https:\/\/www.whitesmh.co.uk\/wp-content\/uploads\/IMG_6223-300x300.jpeg 300w, https:\/\/www.whitesmh.co.uk\/wp-content\/uploads\/IMG_6223-100x100.jpeg 100w\" sizes=\"auto, (max-width: 400px) 100vw, 400px\" \/><\/a><\/figure>\n\n\n\n<figure class=\"wp-block-image size-thumbnail\"><a href=\"https:\/\/www.whitesmh.co.uk\/wp-content\/uploads\/IMG_6222.jpeg\"><img loading=\"lazy\" decoding=\"async\" width=\"400\" height=\"400\" data-id=\"2322\" src=\"https:\/\/www.whitesmh.co.uk\/wp-content\/uploads\/IMG_6222-400x400.jpeg\" alt=\"\" class=\"wp-image-2322\" srcset=\"https:\/\/www.whitesmh.co.uk\/wp-content\/uploads\/IMG_6222-400x400.jpeg 400w, https:\/\/www.whitesmh.co.uk\/wp-content\/uploads\/IMG_6222-300x300.jpeg 300w, https:\/\/www.whitesmh.co.uk\/wp-content\/uploads\/IMG_6222-100x100.jpeg 100w\" sizes=\"auto, (max-width: 400px) 100vw, 400px\" \/><\/a><\/figure>\n\n\n\n<figure class=\"wp-block-image size-thumbnail\"><a href=\"https:\/\/www.whitesmh.co.uk\/wp-content\/uploads\/IMG_6221.jpeg\"><img loading=\"lazy\" decoding=\"async\" width=\"400\" height=\"400\" data-id=\"2321\" src=\"https:\/\/www.whitesmh.co.uk\/wp-content\/uploads\/IMG_6221-400x400.jpeg\" alt=\"\" class=\"wp-image-2321\" srcset=\"https:\/\/www.whitesmh.co.uk\/wp-content\/uploads\/IMG_6221-400x400.jpeg 400w, https:\/\/www.whitesmh.co.uk\/wp-content\/uploads\/IMG_6221-300x300.jpeg 300w, https:\/\/www.whitesmh.co.uk\/wp-content\/uploads\/IMG_6221-100x100.jpeg 100w\" sizes=\"auto, (max-width: 400px) 100vw, 400px\" \/><\/a><\/figure>\n<\/figure>\n<\/div>\n","protected":false},"excerpt":{"rendered":"<p>CUBOS DE ARENA PARA AVES DE CORRAL El cubo de arena para aves de corral WHITES Skid Steer es una opci\u00f3n fant\u00e1stica para los usuarios que desean limpiar los cobertizos av\u00edcolas. El perfil de la cuchara permite al usuario pasar por debajo de las unidades bajas y, al mismo tiempo, mantener una capacidad relativamente alta&hellip;<\/p>\n","protected":false},"featured_media":7998,"template":"","meta":{"_acf_changed":false},"product_brand":[],"product_cat":[321],"product_tag":[],"class_list":{"2":"type-product","7":"product","8":"first","9":"instock","10":"taxable","11":"shipping-taxable","12":"product-type-simple"},"acf":[],"_links":{"self":[{"href":"https:\/\/www.whitesmh.co.uk\/es\/wp-json\/wp\/v2\/product\/7963","targetHints":{"allow":["GET"]}}],"collection":[{"href":"https:\/\/www.whitesmh.co.uk\/es\/wp-json\/wp\/v2\/product"}],"about":[{"href":"https:\/\/www.whitesmh.co.uk\/es\/wp-json\/wp\/v2\/types\/product"}],"wp:featuredmedia":[{"embeddable":true,"href":"https:\/\/www.whitesmh.co.uk\/es\/wp-json\/wp\/v2\/media\/7998"}],"wp:attachment":[{"href":"https:\/\/www.whitesmh.co.uk\/es\/wp-json\/wp\/v2\/media?parent=7963"}],"wp:term":[{"taxonomy":"product_brand","embeddable":true,"href":"https:\/\/www.whitesmh.co.uk\/es\/wp-json\/wp\/v2\/product_brand?post=7963"},{"taxonomy":"product_cat","embeddable":true,"href":"https:\/\/www.whitesmh.co.uk\/es\/wp-json\/wp\/v2\/product_cat?post=7963"},{"taxonomy":"product_tag","embeddable":true,"href":"https:\/\/www.whitesmh.co.uk\/es\/wp-json\/wp\/v2\/product_tag?post=7963"}],"curies":[{"name":"wp","href":"https:\/\/api.w.org\/{rel}","templated":true}]}}