{"id":7958,"date":"2023-12-07T08:36:05","date_gmt":"2023-12-07T08:36:05","guid":{"rendered":"https:\/\/www.whitesmh.co.uk\/products\/cucharones-basculantes-hidraulicos\/"},"modified":"2024-11-19T09:02:21","modified_gmt":"2024-11-19T09:02:21","slug":"cucharones-basculantes-hidraulicos","status":"publish","type":"product","link":"https:\/\/www.whitesmh.co.uk\/es\/producto\/cucharones-basculantes-hidraulicos\/","title":{"rendered":"Cucharones basculantes hidr\u00e1ulicos"},"content":{"rendered":"\n<div class=\"wp-block-columns is-layout-flex wp-container-core-columns-is-layout-28f84493 wp-block-columns-is-layout-flex\">\n<div class=\"wp-block-column is-vertically-aligned-center is-layout-flow wp-block-column-is-layout-flow\">\n<figure class=\"wp-block-image size-full\"><img loading=\"lazy\" decoding=\"async\" width=\"2000\" height=\"1500\" src=\"https:\/\/www.whitesmh.co.uk\/wp-content\/uploads\/551-1-edited.jpg\" alt=\"\" class=\"wp-image-1749\" srcset=\"https:\/\/www.whitesmh.co.uk\/wp-content\/uploads\/551-1-edited.jpg 2000w, https:\/\/www.whitesmh.co.uk\/wp-content\/uploads\/551-1-edited-600x450.jpg 600w, https:\/\/www.whitesmh.co.uk\/wp-content\/uploads\/551-1-edited-800x600.jpg 800w, https:\/\/www.whitesmh.co.uk\/wp-content\/uploads\/551-1-edited-768x576.jpg 768w\" sizes=\"auto, (max-width: 800px) 100vw, 800px\" \/><\/figure>\n<\/div>\n\n\n\n<div class=\"wp-block-column is-layout-flow wp-block-column-is-layout-flow\">\n<h2 class=\"wp-block-heading\" style=\"text-transform:uppercase\">CUCHARAS BASCULANTES HIDR\u00c1ULICAS<\/h2>\n\n\n\n<p>El cuchar\u00f3n basculante hidr\u00e1ulico WHITES es una soluci\u00f3n rentable para aumentar la eficiencia y la productividad del sitio.  <\/p>\n\n\n\n<ul class=\"wp-block-list\">\n<li>45&#8242; Rotaci\u00f3n izquierda y derecha<\/li>\n\n\n\n<li>Los grandes cilindros hidr\u00e1ulicos proporcionan un funcionamiento suave<\/li>\n\n\n\n<li>Casquillos endurecidos para pivote principal<\/li>\n\n\n\n<li>V\u00e1lvula de retenci\u00f3n instalada de serie para detener la fluencia hidr\u00e1ulica<\/li>\n\n\n\n<li>Mangueras suministradas \u00fanicamente a los accesorios del mamparo<\/li>\n\n\n\n<li>Cuchilla reversible de perno opcional<\/li>\n<\/ul>\n\n\n\n<div class=\"wp-block-columns is-layout-flex wp-container-core-columns-is-layout-28f84493 wp-block-columns-is-layout-flex\">\n<div class=\"wp-block-column is-layout-flow wp-block-column-is-layout-flow\" style=\"flex-basis:100%\">\n<figure class=\"wp-block-image size-full is-resized\"><img loading=\"lazy\" decoding=\"async\" width=\"626\" height=\"149\" src=\"https:\/\/www.whitesmh.co.uk\/wp-content\/uploads\/image.png\" alt=\"\" class=\"wp-image-635\" style=\"width:268px;height:auto\" srcset=\"https:\/\/www.whitesmh.co.uk\/wp-content\/uploads\/image.png 626w, https:\/\/www.whitesmh.co.uk\/wp-content\/uploads\/image-600x143.png 600w\" sizes=\"auto, (max-width: 626px) 100vw, 626px\" \/><\/figure>\n<\/div>\n<\/div>\n\n\n\n<div class=\"wp-block-buttons is-layout-flex wp-block-buttons-is-layout-flex\">\n<div class=\"wp-block-button\"><a class=\"wp-block-button__link wp-element-button\" href=\"https:\/\/www.whitesmh.co.uk\/es\/contacto\/\">CONT\u00c1CTENOS<\/a><\/div>\n\n\n\n<div class=\"wp-block-button\"><a class=\"wp-block-button__link wp-element-button\" href=\"https:\/\/www.whitesmh.co.uk\/es\/soporte-de-producto\/\">SOPORTE DE PRODUCTO<\/a><\/div>\n\n\n\n<div class=\"wp-block-button\"><a class=\"wp-block-button__link wp-element-button\" href=\"https:\/\/www.whitesmh.co.uk\/wp-content\/uploads\/WMH-Data-Sheet-Hydraulic-Tilt-Ditching-Bucket.pptx\">FICHA T\u00c9CNICA<\/a><\/div>\n<\/div>\n<\/div>\n<\/div>\n\n<div class=\"wp-block-group is-layout-constrained wp-block-group-is-layout-constrained\">\n<div class=\"wp-block-group alignfull has-primary-background-color has-background is-layout-flow wp-block-group-is-layout-flow\" style=\"margin-top:30px;margin-bottom:30px;padding-top:var(--wp--preset--spacing--40);padding-right:var(--wp--preset--spacing--40);padding-bottom:var(--wp--preset--spacing--40);padding-left:var(--wp--preset--spacing--40)\">\n<h3 class=\"wp-block-heading\">MODELOS<\/h3>\n<\/div>\n<\/div>\n\n<figure class=\"wp-block-table\"><table><tbody><tr><td class=\"has-text-align-center\" data-align=\"center\"><strong>N\u00famero de pieza<\/strong><\/td><td class=\"has-text-align-center\" data-align=\"center\"><strong>Ancho (mm)<\/strong><\/td><td class=\"has-text-align-center\" data-align=\"center\"><strong>Ancho (pulgadas)<\/strong><\/td><td class=\"has-text-align-center\" data-align=\"center\"><strong>Tama\u00f1o de la m\u00e1quina<\/strong><\/td><\/tr><tr><td class=\"has-text-align-center\" data-align=\"center\">EWST1536<\/td><td class=\"has-text-align-center\" data-align=\"center\">900mm<\/td><td class=\"has-text-align-center\" data-align=\"center\">36\u00bb<\/td><td class=\"has-text-align-center\" data-align=\"center\">1.50T<\/td><\/tr><tr><td class=\"has-text-align-center\" data-align=\"center\">EWST1539<\/td><td class=\"has-text-align-center\" data-align=\"center\">1000mm<\/td><td class=\"has-text-align-center\" data-align=\"center\">39\u00bb<\/td><td class=\"has-text-align-center\" data-align=\"center\">1.50T<\/td><\/tr><tr><td class=\"has-text-align-center\" data-align=\"center\">EWST3039<\/td><td class=\"has-text-align-center\" data-align=\"center\">1000mm<\/td><td class=\"has-text-align-center\" data-align=\"center\">39\u00bb<\/td><td class=\"has-text-align-center\" data-align=\"center\">3.0T<\/td><\/tr><tr><td class=\"has-text-align-center\" data-align=\"center\">EWST3048<\/td><td class=\"has-text-align-center\" data-align=\"center\">1200mm<\/td><td class=\"has-text-align-center\" data-align=\"center\">48\u00bb<\/td><td class=\"has-text-align-center\" data-align=\"center\">3.0T<\/td><\/tr><tr><td class=\"has-text-align-center\" data-align=\"center\">EWST4048<\/td><td class=\"has-text-align-center\" data-align=\"center\">1200mm<\/td><td class=\"has-text-align-center\" data-align=\"center\">48\u00bb<\/td><td class=\"has-text-align-center\" data-align=\"center\">4.0T<\/td><\/tr><tr><td class=\"has-text-align-center\" data-align=\"center\">EWST4054<\/td><td class=\"has-text-align-center\" data-align=\"center\">1370mm<\/td><td class=\"has-text-align-center\" data-align=\"center\">54\u00bb<\/td><td class=\"has-text-align-center\" data-align=\"center\">4.0T<\/td><\/tr><tr><td class=\"has-text-align-center\" data-align=\"center\">EWST5548<\/td><td class=\"has-text-align-center\" data-align=\"center\">1200mm<\/td><td class=\"has-text-align-center\" data-align=\"center\">48\u00bb<\/td><td class=\"has-text-align-center\" data-align=\"center\">5.50T<\/td><\/tr><tr><td class=\"has-text-align-center\" data-align=\"center\">EWST5560<\/td><td class=\"has-text-align-center\" data-align=\"center\">1500mm<\/td><td class=\"has-text-align-center\" data-align=\"center\">60\u00bb<\/td><td class=\"has-text-align-center\" data-align=\"center\">5.50T<\/td><\/tr><tr><td class=\"has-text-align-center\" data-align=\"center\">EWST7060<\/td><td class=\"has-text-align-center\" data-align=\"center\">1500mm<\/td><td class=\"has-text-align-center\" data-align=\"center\">60\u00bb<\/td><td class=\"has-text-align-center\" data-align=\"center\">7.0T &#8211; 9.0T<\/td><\/tr><tr><td class=\"has-text-align-center\" data-align=\"center\">EWST7072<\/td><td class=\"has-text-align-center\" data-align=\"center\">1850mm<\/td><td class=\"has-text-align-center\" data-align=\"center\">72\u00bb<\/td><td class=\"has-text-align-center\" data-align=\"center\">7.0T &#8211; 9.0T<\/td><\/tr><\/tbody><\/table><\/figure>\n\n<div class=\"wp-block-group is-layout-flow wp-block-group-is-layout-flow\">\n<div class=\"wp-block-group has-primary-background-color has-background is-layout-flow wp-block-group-is-layout-flow\" style=\"margin-top:30px;margin-bottom:30px;padding-top:var(--wp--preset--spacing--40);padding-right:var(--wp--preset--spacing--40);padding-bottom:var(--wp--preset--spacing--40);padding-left:var(--wp--preset--spacing--40)\">\n<h3 class=\"wp-block-heading\">GALER\u00cdA<\/h3>\n<\/div>\n\n\n\n<figure class=\"wp-block-gallery has-nested-images columns-4 is-cropped wp-block-gallery-1 is-layout-flex wp-block-gallery-is-layout-flex\">\n<figure class=\"wp-block-image size-thumbnail\"><a href=\"https:\/\/www.whitesmh.co.uk\/wp-content\/uploads\/IMG_2162-scaled.jpeg\"><img loading=\"lazy\" decoding=\"async\" width=\"400\" height=\"400\" data-id=\"1757\" src=\"https:\/\/www.whitesmh.co.uk\/wp-content\/uploads\/IMG_2162-400x400.jpeg\" alt=\"\" class=\"wp-image-1757\" srcset=\"https:\/\/www.whitesmh.co.uk\/wp-content\/uploads\/IMG_2162-400x400.jpeg 400w, https:\/\/www.whitesmh.co.uk\/wp-content\/uploads\/IMG_2162-scaled-300x300.jpeg 300w, https:\/\/www.whitesmh.co.uk\/wp-content\/uploads\/IMG_2162-scaled-100x100.jpeg 100w\" sizes=\"auto, (max-width: 400px) 100vw, 400px\" \/><\/a><\/figure>\n\n\n\n<figure class=\"wp-block-image size-thumbnail\"><a href=\"https:\/\/www.whitesmh.co.uk\/wp-content\/uploads\/IMG_2100-scaled.jpeg\"><img loading=\"lazy\" decoding=\"async\" width=\"400\" height=\"400\" data-id=\"1754\" src=\"https:\/\/www.whitesmh.co.uk\/wp-content\/uploads\/IMG_2100-400x400.jpeg\" alt=\"\" class=\"wp-image-1754\" srcset=\"https:\/\/www.whitesmh.co.uk\/wp-content\/uploads\/IMG_2100-400x400.jpeg 400w, https:\/\/www.whitesmh.co.uk\/wp-content\/uploads\/IMG_2100-scaled-300x300.jpeg 300w, https:\/\/www.whitesmh.co.uk\/wp-content\/uploads\/IMG_2100-scaled-100x100.jpeg 100w\" sizes=\"auto, (max-width: 400px) 100vw, 400px\" \/><\/a><\/figure>\n\n\n\n<figure class=\"wp-block-image size-thumbnail\"><a href=\"https:\/\/www.whitesmh.co.uk\/wp-content\/uploads\/IMG_1007-scaled.jpeg\"><img loading=\"lazy\" decoding=\"async\" width=\"400\" height=\"400\" data-id=\"1752\" src=\"https:\/\/www.whitesmh.co.uk\/wp-content\/uploads\/IMG_1007-400x400.jpeg\" alt=\"\" class=\"wp-image-1752\" srcset=\"https:\/\/www.whitesmh.co.uk\/wp-content\/uploads\/IMG_1007-400x400.jpeg 400w, https:\/\/www.whitesmh.co.uk\/wp-content\/uploads\/IMG_1007-scaled-300x300.jpeg 300w, https:\/\/www.whitesmh.co.uk\/wp-content\/uploads\/IMG_1007-scaled-100x100.jpeg 100w\" sizes=\"auto, (max-width: 400px) 100vw, 400px\" \/><\/a><\/figure>\n\n\n\n<figure class=\"wp-block-image size-thumbnail\"><a href=\"https:\/\/www.whitesmh.co.uk\/wp-content\/uploads\/IMG_0996-scaled.jpeg\"><img loading=\"lazy\" decoding=\"async\" width=\"400\" height=\"400\" data-id=\"1750\" src=\"https:\/\/www.whitesmh.co.uk\/wp-content\/uploads\/IMG_0996-400x400.jpeg\" alt=\"\" class=\"wp-image-1750\" srcset=\"https:\/\/www.whitesmh.co.uk\/wp-content\/uploads\/IMG_0996-400x400.jpeg 400w, https:\/\/www.whitesmh.co.uk\/wp-content\/uploads\/IMG_0996-scaled-300x300.jpeg 300w, https:\/\/www.whitesmh.co.uk\/wp-content\/uploads\/IMG_0996-scaled-100x100.jpeg 100w\" sizes=\"auto, (max-width: 400px) 100vw, 400px\" \/><\/a><\/figure>\n\n\n\n<figure class=\"wp-block-image size-thumbnail\"><a href=\"https:\/\/www.whitesmh.co.uk\/wp-content\/uploads\/IMG_2160-scaled.jpeg\"><img loading=\"lazy\" decoding=\"async\" width=\"400\" height=\"400\" data-id=\"1756\" src=\"https:\/\/www.whitesmh.co.uk\/wp-content\/uploads\/IMG_2160-400x400.jpeg\" alt=\"\" class=\"wp-image-1756\" srcset=\"https:\/\/www.whitesmh.co.uk\/wp-content\/uploads\/IMG_2160-400x400.jpeg 400w, https:\/\/www.whitesmh.co.uk\/wp-content\/uploads\/IMG_2160-scaled-300x300.jpeg 300w, https:\/\/www.whitesmh.co.uk\/wp-content\/uploads\/IMG_2160-scaled-100x100.jpeg 100w\" sizes=\"auto, (max-width: 400px) 100vw, 400px\" \/><\/a><\/figure>\n\n\n\n<figure class=\"wp-block-image size-thumbnail\"><a href=\"https:\/\/www.whitesmh.co.uk\/wp-content\/uploads\/IMG_1004-scaled.jpeg\"><img loading=\"lazy\" decoding=\"async\" width=\"400\" height=\"400\" data-id=\"1751\" src=\"https:\/\/www.whitesmh.co.uk\/wp-content\/uploads\/IMG_1004-400x400.jpeg\" alt=\"\" class=\"wp-image-1751\" srcset=\"https:\/\/www.whitesmh.co.uk\/wp-content\/uploads\/IMG_1004-400x400.jpeg 400w, https:\/\/www.whitesmh.co.uk\/wp-content\/uploads\/IMG_1004-scaled-300x300.jpeg 300w, https:\/\/www.whitesmh.co.uk\/wp-content\/uploads\/IMG_1004-scaled-100x100.jpeg 100w\" sizes=\"auto, (max-width: 400px) 100vw, 400px\" \/><\/a><\/figure>\n\n\n\n<figure class=\"wp-block-image size-thumbnail\"><a href=\"https:\/\/www.whitesmh.co.uk\/wp-content\/uploads\/Tilting-Bucket-1.jpg\"><img loading=\"lazy\" decoding=\"async\" width=\"400\" height=\"400\" data-id=\"1758\" src=\"https:\/\/www.whitesmh.co.uk\/wp-content\/uploads\/Tilting-Bucket-1-400x400.jpg\" alt=\"\" class=\"wp-image-1758\" srcset=\"https:\/\/www.whitesmh.co.uk\/wp-content\/uploads\/Tilting-Bucket-1-400x400.jpg 400w, https:\/\/www.whitesmh.co.uk\/wp-content\/uploads\/Tilting-Bucket-1-300x300.jpg 300w, https:\/\/www.whitesmh.co.uk\/wp-content\/uploads\/Tilting-Bucket-1-100x100.jpg 100w\" sizes=\"auto, (max-width: 400px) 100vw, 400px\" \/><\/a><\/figure>\n\n\n\n<figure class=\"wp-block-image size-thumbnail\"><a href=\"https:\/\/www.whitesmh.co.uk\/wp-content\/uploads\/IMG_2159-scaled.jpeg\"><img loading=\"lazy\" decoding=\"async\" width=\"400\" height=\"400\" data-id=\"1755\" src=\"https:\/\/www.whitesmh.co.uk\/wp-content\/uploads\/IMG_2159-400x400.jpeg\" alt=\"\" class=\"wp-image-1755\" srcset=\"https:\/\/www.whitesmh.co.uk\/wp-content\/uploads\/IMG_2159-400x400.jpeg 400w, https:\/\/www.whitesmh.co.uk\/wp-content\/uploads\/IMG_2159-scaled-300x300.jpeg 300w, https:\/\/www.whitesmh.co.uk\/wp-content\/uploads\/IMG_2159-scaled-100x100.jpeg 100w\" sizes=\"auto, (max-width: 400px) 100vw, 400px\" \/><\/a><\/figure>\n<\/figure>\n\n\n\n<div class=\"wp-block-group has-primary-background-color has-background is-layout-flow wp-block-group-is-layout-flow\" style=\"margin-top:30px;margin-bottom:30px;padding-top:var(--wp--preset--spacing--40);padding-right:var(--wp--preset--spacing--40);padding-bottom:var(--wp--preset--spacing--40);padding-left:var(--wp--preset--spacing--40)\">\n<h3 class=\"wp-block-heading\">VIDEOS<\/h3>\n<\/div>\n<\/div>\n\n<figure class=\"wp-block-embed is-type-video is-provider-youtube wp-block-embed-youtube wp-embed-aspect-16-9 wp-has-aspect-ratio\"><div class=\"wp-block-embed__wrapper\">\n<iframe loading=\"lazy\" title=\"Whites Material Handling - Hydraulic Tilting Bucket\" width=\"800\" height=\"450\" src=\"https:\/\/www.youtube.com\/embed\/OYWyOfYYBJY?feature=oembed\" frameborder=\"0\" allow=\"accelerometer; autoplay; clipboard-write; encrypted-media; gyroscope; picture-in-picture; web-share\" referrerpolicy=\"strict-origin-when-cross-origin\" allowfullscreen><\/iframe>\n<\/div><\/figure>\n\n<div class=\"wp-block-group has-primary-background-color has-background is-layout-flow wp-block-group-is-layout-flow\" style=\"margin-top:30px;margin-bottom:30px;padding-top:var(--wp--preset--spacing--40);padding-right:var(--wp--preset--spacing--40);padding-bottom:var(--wp--preset--spacing--40);padding-left:var(--wp--preset--spacing--40)\">\n<h3 class=\"wp-block-heading\">PRODUCTOS RELACIONADOS<\/h3>\n<\/div>\n\n<div class=\"product-grid flex\">\n\t\t<div class=\"col-25 padBottom\">\n\t\t<a href=\"https:\/\/www.whitesmh.co.uk\/es\/producto\/acopladores-basculantes-totaltilt\/\" title=\"Acopladores basculantes Totaltilt\" class=\"block radius\">\n\t\t\t\t\t\t<div class=\"thumb\">\n\t\t\t\t<img loading=\"lazy\" decoding=\"async\" width=\"400\" height=\"400\" src=\"https:\/\/www.whitesmh.co.uk\/wp-content\/uploads\/Totatilt-PT0480-01-400x400.jpg\" class=\"attachment-thumbnail size-thumbnail wp-post-image\" alt=\"\" srcset=\"https:\/\/www.whitesmh.co.uk\/wp-content\/uploads\/Totatilt-PT0480-01-400x400.jpg 400w, https:\/\/www.whitesmh.co.uk\/wp-content\/uploads\/Totatilt-PT0480-01-300x300.jpg 300w, https:\/\/www.whitesmh.co.uk\/wp-content\/uploads\/Totatilt-PT0480-01-100x100.jpg 100w\" sizes=\"auto, (max-width: 400px) 100vw, 400px\" \/>\t\t\t\t\t\t\t\t\t\n\t\t\t<\/div>\n\t\t\t\t\t\t<div class=\"meta smlPadAll\">\n\t\t\t\t<h4 class=\"no-margin\">Acopladores basculantes Totaltilt<\/h4>\n\t\t\t\t<span class=\"blue button marTop\">Find out more <i class=\"fa-solid fa-chevron-right\"><\/i><\/span>\n\t\t\t<\/div>\n\t\t<\/a>\n\t<\/div>\n\t\t<div class=\"col-25 padBottom\">\n\t\t<a href=\"https:\/\/www.whitesmh.co.uk\/es\/producto\/cubos-de-clasificacion\/\" title=\"Cubos de clasificaci\u00f3n\" class=\"block radius\">\n\t\t\t\t\t\t<div class=\"thumb\">\n\t\t\t\t<img loading=\"lazy\" decoding=\"async\" width=\"400\" height=\"400\" src=\"https:\/\/www.whitesmh.co.uk\/wp-content\/uploads\/Grading-Bucket-1-400x400.jpg\" class=\"attachment-thumbnail size-thumbnail wp-post-image\" alt=\"\" srcset=\"https:\/\/www.whitesmh.co.uk\/wp-content\/uploads\/Grading-Bucket-1-400x400.jpg 400w, https:\/\/www.whitesmh.co.uk\/wp-content\/uploads\/Grading-Bucket-1-300x300.jpg 300w, https:\/\/www.whitesmh.co.uk\/wp-content\/uploads\/Grading-Bucket-1-100x100.jpg 100w\" sizes=\"auto, (max-width: 400px) 100vw, 400px\" \/>\t\t\t\t\t\t\t\t\t\n\t\t\t<\/div>\n\t\t\t\t\t\t<div class=\"meta smlPadAll\">\n\t\t\t\t<h4 class=\"no-margin\">Cubos de clasificaci\u00f3n<\/h4>\n\t\t\t\t<span class=\"blue button marTop\">Find out more <i class=\"fa-solid fa-chevron-right\"><\/i><\/span>\n\t\t\t<\/div>\n\t\t<\/a>\n\t<\/div>\n\t\t<div class=\"col-25 padBottom\">\n\t\t<a href=\"https:\/\/www.whitesmh.co.uk\/es\/producto\/cucharas-de-excavacion\/\" title=\"Cucharas de excavaci\u00f3n\" class=\"block radius\">\n\t\t\t\t\t\t<div class=\"thumb\">\n\t\t\t\t<img loading=\"lazy\" decoding=\"async\" width=\"400\" height=\"400\" src=\"https:\/\/www.whitesmh.co.uk\/wp-content\/uploads\/ES042724-1-400x400.jpg\" class=\"attachment-thumbnail size-thumbnail wp-post-image\" alt=\"\" srcset=\"https:\/\/www.whitesmh.co.uk\/wp-content\/uploads\/ES042724-1-400x400.jpg 400w, https:\/\/www.whitesmh.co.uk\/wp-content\/uploads\/ES042724-1-300x300.jpg 300w, https:\/\/www.whitesmh.co.uk\/wp-content\/uploads\/ES042724-1-100x100.jpg 100w\" sizes=\"auto, (max-width: 400px) 100vw, 400px\" \/>\t\t\t\t\t\t\t\t\t\n\t\t\t<\/div>\n\t\t\t\t\t\t<div class=\"meta smlPadAll\">\n\t\t\t\t<h4 class=\"no-margin\">Cucharas de excavaci\u00f3n<\/h4>\n\t\t\t\t<span class=\"blue button marTop\">Find out more <i class=\"fa-solid fa-chevron-right\"><\/i><\/span>\n\t\t\t<\/div>\n\t\t<\/a>\n\t<\/div>\n\t\t<div class=\"col-25 padBottom\">\n\t\t<a href=\"https:\/\/www.whitesmh.co.uk\/es\/producto\/cucharones-tipo-s\/\" title=\"Cucharones tipo S\" class=\"block radius\">\n\t\t\t\t\t\t<div class=\"thumb\">\n\t\t\t\t<img loading=\"lazy\" decoding=\"async\" width=\"400\" height=\"400\" src=\"https:\/\/www.whitesmh.co.uk\/wp-content\/uploads\/Scandinavian-Bucket-400x400.jpg\" class=\"attachment-thumbnail size-thumbnail wp-post-image\" alt=\"\" srcset=\"https:\/\/www.whitesmh.co.uk\/wp-content\/uploads\/Scandinavian-Bucket-400x400.jpg 400w, https:\/\/www.whitesmh.co.uk\/wp-content\/uploads\/Scandinavian-Bucket-300x300.jpg 300w, https:\/\/www.whitesmh.co.uk\/wp-content\/uploads\/Scandinavian-Bucket-100x100.jpg 100w\" sizes=\"auto, (max-width: 400px) 100vw, 400px\" \/>\t\t\t\t\t\t\t\t\t\n\t\t\t<\/div>\n\t\t\t\t\t\t<div class=\"meta smlPadAll\">\n\t\t\t\t<h4 class=\"no-margin\">Cucharones tipo S<\/h4>\n\t\t\t\t<span class=\"blue button marTop\">Find out more <i class=\"fa-solid fa-chevron-right\"><\/i><\/span>\n\t\t\t<\/div>\n\t\t<\/a>\n\t<\/div>\n\t<\/div>\n","protected":false},"excerpt":{"rendered":"<p>CUCHARAS BASCULANTES HIDR\u00c1ULICAS El cuchar\u00f3n basculante hidr\u00e1ulico WHITES es una soluci\u00f3n rentable para aumentar la eficiencia y la productividad del sitio. MODELOS N\u00famero de pieza Ancho (mm) Ancho (pulgadas) Tama\u00f1o de la m\u00e1quina EWST1536 900mm 36\u00bb 1.50T EWST1539 1000mm 39\u00bb 1.50T EWST3039 1000mm 39\u00bb 3.0T EWST3048 1200mm 48\u00bb 3.0T EWST4048 1200mm 48\u00bb 4.0T EWST4054 1370mm&hellip;<\/p>\n","protected":false},"featured_media":7980,"template":"","meta":{"_acf_changed":false},"product_brand":[],"product_cat":[322],"product_tag":[],"class_list":{"2":"type-product","7":"product","8":"first","9":"instock","10":"taxable","11":"shipping-taxable","12":"product-type-simple"},"acf":[],"_links":{"self":[{"href":"https:\/\/www.whitesmh.co.uk\/es\/wp-json\/wp\/v2\/product\/7958","targetHints":{"allow":["GET"]}}],"collection":[{"href":"https:\/\/www.whitesmh.co.uk\/es\/wp-json\/wp\/v2\/product"}],"about":[{"href":"https:\/\/www.whitesmh.co.uk\/es\/wp-json\/wp\/v2\/types\/product"}],"wp:featuredmedia":[{"embeddable":true,"href":"https:\/\/www.whitesmh.co.uk\/es\/wp-json\/wp\/v2\/media\/7980"}],"wp:attachment":[{"href":"https:\/\/www.whitesmh.co.uk\/es\/wp-json\/wp\/v2\/media?parent=7958"}],"wp:term":[{"taxonomy":"product_brand","embeddable":true,"href":"https:\/\/www.whitesmh.co.uk\/es\/wp-json\/wp\/v2\/product_brand?post=7958"},{"taxonomy":"product_cat","embeddable":true,"href":"https:\/\/www.whitesmh.co.uk\/es\/wp-json\/wp\/v2\/product_cat?post=7958"},{"taxonomy":"product_tag","embeddable":true,"href":"https:\/\/www.whitesmh.co.uk\/es\/wp-json\/wp\/v2\/product_tag?post=7958"}],"curies":[{"name":"wp","href":"https:\/\/api.w.org\/{rel}","templated":true}]}}