{"id":7957,"date":"2024-02-13T10:43:17","date_gmt":"2024-02-13T10:43:17","guid":{"rendered":"https:\/\/www.whitesmh.co.uk\/products\/quitanieves\/"},"modified":"2024-11-19T09:26:21","modified_gmt":"2024-11-19T09:26:21","slug":"quitanieves","status":"publish","type":"product","link":"https:\/\/www.whitesmh.co.uk\/es\/producto\/quitanieves\/","title":{"rendered":"QUITANIEVES"},"content":{"rendered":"\n<div class=\"wp-block-columns is-layout-flex wp-container-core-columns-is-layout-28f84493 wp-block-columns-is-layout-flex\">\n<div class=\"wp-block-column is-vertically-aligned-center is-layout-flow wp-block-column-is-layout-flow\">\n<figure class=\"wp-block-image size-full\"><img loading=\"lazy\" decoding=\"async\" width=\"1197\" height=\"1197\" src=\"https:\/\/www.whitesmh.co.uk\/wp-content\/uploads\/Skidsteer-Snow-Plough.jpg\" alt=\"\" class=\"wp-image-2806\" srcset=\"https:\/\/www.whitesmh.co.uk\/wp-content\/uploads\/Skidsteer-Snow-Plough.jpg 1197w, https:\/\/www.whitesmh.co.uk\/wp-content\/uploads\/Skidsteer-Snow-Plough-300x300.jpg 300w, https:\/\/www.whitesmh.co.uk\/wp-content\/uploads\/Skidsteer-Snow-Plough-100x100.jpg 100w, https:\/\/www.whitesmh.co.uk\/wp-content\/uploads\/Skidsteer-Snow-Plough-600x600.jpg 600w, https:\/\/www.whitesmh.co.uk\/wp-content\/uploads\/Skidsteer-Snow-Plough-400x400.jpg 400w, https:\/\/www.whitesmh.co.uk\/wp-content\/uploads\/Skidsteer-Snow-Plough-800x800.jpg 800w, https:\/\/www.whitesmh.co.uk\/wp-content\/uploads\/Skidsteer-Snow-Plough-768x768.jpg 768w\" sizes=\"auto, (max-width: 800px) 100vw, 800px\" \/><\/figure>\n<\/div>\n\n\n\n<div class=\"wp-block-column is-layout-flow wp-block-column-is-layout-flow\">\n<h2 class=\"wp-block-heading\" style=\"text-transform:uppercase\">QUITANIEVES<\/h2>\n\n\n\n<p>El quitanieves WHITES es una excelente opci\u00f3n para limpiar la nieve con su minicargadora. La hoja se puede inclinar hacia la izquierda o hacia la derecha para despejar seg\u00fan sea necesario.  <\/p>\n\n\n\n<ul class=\"wp-block-list\">\n<li>Las tablas de suspensi\u00f3n se pliegan hacia atr\u00e1s en el impacto<\/li>\n\n\n\n<li>Dise\u00f1o de \u00e1ngulo de 4 v\u00edas<\/li>\n\n\n\n<li>Opciones de giro hidr\u00e1ulico o manual<\/li>\n\n\n\n<li>Borde de desgaste reemplazable<\/li>\n<\/ul>\n\n\n\n<div class=\"wp-block-columns is-layout-flex wp-container-core-columns-is-layout-28f84493 wp-block-columns-is-layout-flex\">\n<div class=\"wp-block-column is-layout-flow wp-block-column-is-layout-flow\" style=\"flex-basis:100%\">\n<figure class=\"wp-block-image size-full is-resized\"><img loading=\"lazy\" decoding=\"async\" width=\"626\" height=\"149\" src=\"https:\/\/www.whitesmh.co.uk\/wp-content\/uploads\/image.png\" alt=\"\" class=\"wp-image-635\" style=\"width:268px;height:auto\" srcset=\"https:\/\/www.whitesmh.co.uk\/wp-content\/uploads\/image.png 626w, https:\/\/www.whitesmh.co.uk\/wp-content\/uploads\/image-600x143.png 600w\" sizes=\"auto, (max-width: 626px) 100vw, 626px\" \/><\/figure>\n<\/div>\n<\/div>\n\n\n\n<div class=\"wp-block-buttons is-layout-flex wp-block-buttons-is-layout-flex\">\n<div class=\"wp-block-button\"><a class=\"wp-block-button__link wp-element-button\" href=\"https:\/\/www.whitesmh.co.uk\/es\/contacto\/\">CONT\u00c1CTENOS<\/a><\/div>\n\n\n\n<div class=\"wp-block-button\"><a class=\"wp-block-button__link wp-element-button\" href=\"https:\/\/www.whitesmh.co.uk\/docs\/snow-ploughs-product-support\/\">SOPORTE DE PRODUCTO<\/a><\/div>\n<\/div>\n<\/div>\n<\/div>\n\n<div class=\"wp-block-group is-layout-flow wp-block-group-is-layout-flow\">\n<div class=\"wp-block-group has-primary-background-color has-background is-layout-flow wp-block-group-is-layout-flow\" style=\"margin-top:30px;margin-bottom:30px;padding-top:var(--wp--preset--spacing--40);padding-right:var(--wp--preset--spacing--40);padding-bottom:var(--wp--preset--spacing--40);padding-left:var(--wp--preset--spacing--40)\">\n<h3 class=\"wp-block-heading\">MODELOS<\/h3>\n<\/div>\n<\/div>\n\n<figure class=\"wp-block-table\"><table><tbody><tr><td class=\"has-text-align-center\" data-align=\"center\"><strong>N\u00famero de pieza<\/strong><\/td><td class=\"has-text-align-center\" data-align=\"center\"><strong>Ancho (mm)<\/strong><\/td><td class=\"has-text-align-center\" data-align=\"center\"><strong>Ancho (pulgadas)<\/strong><\/td><td class=\"has-text-align-center\" data-align=\"center\"><strong>Idoneidad<\/strong><\/td><\/tr><tr><td class=\"has-text-align-center\" data-align=\"center\">DO-3H-1400<\/td><td class=\"has-text-align-center\" data-align=\"center\">1400<\/td><td class=\"has-text-align-center\" data-align=\"center\">55<\/td><td class=\"has-text-align-center\" data-align=\"center\">Minicargadora<\/td><\/tr><tr><td class=\"has-text-align-center\" data-align=\"center\">DO-3H-1525<\/td><td class=\"has-text-align-center\" data-align=\"center\">1525<\/td><td class=\"has-text-align-center\" data-align=\"center\">60<\/td><td class=\"has-text-align-center\" data-align=\"center\">Minicargadora<\/td><\/tr><tr><td class=\"has-text-align-center\" data-align=\"center\">DO-3H-1680<\/td><td class=\"has-text-align-center\" data-align=\"center\">1680<\/td><td class=\"has-text-align-center\" data-align=\"center\">66<\/td><td class=\"has-text-align-center\" data-align=\"center\">Minicargadora<\/td><\/tr><tr><td class=\"has-text-align-center\" data-align=\"center\">DO-3H-1780<\/td><td class=\"has-text-align-center\" data-align=\"center\">1780<\/td><td class=\"has-text-align-center\" data-align=\"center\">70<\/td><td class=\"has-text-align-center\" data-align=\"center\">Minicargadora<\/td><\/tr><tr><td class=\"has-text-align-center\" data-align=\"center\">DO-3H-1850<\/td><td class=\"has-text-align-center\" data-align=\"center\">1850<\/td><td class=\"has-text-align-center\" data-align=\"center\">73<\/td><td class=\"has-text-align-center\" data-align=\"center\">Minicargadora<\/td><\/tr><tr><td class=\"has-text-align-center\" data-align=\"center\">DO-3H-1980<\/td><td class=\"has-text-align-center\" data-align=\"center\">1980<\/td><td class=\"has-text-align-center\" data-align=\"center\">78<\/td><td class=\"has-text-align-center\" data-align=\"center\">Minicargadora<\/td><\/tr><tr><td class=\"has-text-align-center\" data-align=\"center\">DO-3H-2135<\/td><td class=\"has-text-align-center\" data-align=\"center\">2135<\/td><td class=\"has-text-align-center\" data-align=\"center\">84<\/td><td class=\"has-text-align-center\" data-align=\"center\">Minicargadora<\/td><\/tr><tr><td class=\"has-text-align-center\" data-align=\"center\">DO-3H-2365<\/td><td class=\"has-text-align-center\" data-align=\"center\">2365<\/td><td class=\"has-text-align-center\" data-align=\"center\">93<\/td><td class=\"has-text-align-center\" data-align=\"center\">Minicargadora<\/td><\/tr><\/tbody><\/table><\/figure>\n","protected":false},"excerpt":{"rendered":"<p>QUITANIEVES El quitanieves WHITES es una excelente opci\u00f3n para limpiar la nieve con su minicargadora. La hoja se puede inclinar hacia la izquierda o hacia la derecha para despejar seg\u00fan sea necesario. MODELOS N\u00famero de pieza Ancho (mm) Ancho (pulgadas) Idoneidad DO-3H-1400 1400 55 Minicargadora DO-3H-1525 1525 60 Minicargadora DO-3H-1680 1680 66 Minicargadora DO-3H-1780 1780&hellip;<\/p>\n","protected":false},"featured_media":7977,"template":"","meta":{"_acf_changed":false},"product_brand":[],"product_cat":[295],"product_tag":[],"class_list":{"2":"type-product","7":"product","8":"first","9":"instock","10":"taxable","11":"shipping-taxable","12":"product-type-simple"},"acf":[],"_links":{"self":[{"href":"https:\/\/www.whitesmh.co.uk\/es\/wp-json\/wp\/v2\/product\/7957","targetHints":{"allow":["GET"]}}],"collection":[{"href":"https:\/\/www.whitesmh.co.uk\/es\/wp-json\/wp\/v2\/product"}],"about":[{"href":"https:\/\/www.whitesmh.co.uk\/es\/wp-json\/wp\/v2\/types\/product"}],"wp:featuredmedia":[{"embeddable":true,"href":"https:\/\/www.whitesmh.co.uk\/es\/wp-json\/wp\/v2\/media\/7977"}],"wp:attachment":[{"href":"https:\/\/www.whitesmh.co.uk\/es\/wp-json\/wp\/v2\/media?parent=7957"}],"wp:term":[{"taxonomy":"product_brand","embeddable":true,"href":"https:\/\/www.whitesmh.co.uk\/es\/wp-json\/wp\/v2\/product_brand?post=7957"},{"taxonomy":"product_cat","embeddable":true,"href":"https:\/\/www.whitesmh.co.uk\/es\/wp-json\/wp\/v2\/product_cat?post=7957"},{"taxonomy":"product_tag","embeddable":true,"href":"https:\/\/www.whitesmh.co.uk\/es\/wp-json\/wp\/v2\/product_tag?post=7957"}],"curies":[{"name":"wp","href":"https:\/\/api.w.org\/{rel}","templated":true}]}}