{"id":7871,"date":"2023-11-21T08:28:25","date_gmt":"2023-11-21T08:28:25","guid":{"rendered":"https:\/\/www.whitesmh.co.uk\/products\/cabezales-competitivos\/"},"modified":"2024-11-19T09:09:06","modified_gmt":"2024-11-19T09:09:06","slug":"cabezales-competitivos","status":"publish","type":"product","link":"https:\/\/www.whitesmh.co.uk\/es\/producto\/cabezales-competitivos\/","title":{"rendered":"Cabezales competitivos"},"content":{"rendered":"\n<div class=\"wp-block-columns is-layout-flex wp-container-core-columns-is-layout-28f84493 wp-block-columns-is-layout-flex\">\n<div class=\"wp-block-column is-layout-flow wp-block-column-is-layout-flow\">\n<h2 class=\"wp-block-heading\" style=\"text-transform:uppercase\">CLAVIJEROS COMPETITIVOS  <\/h2>\n\n\n\n<p>La gama de cabezales competitivos WHITES AG-X est\u00e1 dise\u00f1ada para trabajar en armon\u00eda con los esquemas de la m\u00e1quina anfitriona, lo que permite el uso de cualquier marca de implementos.  <\/p>\n\n\n\n<ul class=\"wp-block-list\">\n<li>Construido para adaptarse a la geometr\u00eda OEM<\/li>\n\n\n\n<li>Permite la conexi\u00f3n de accesorios \/ soportes de la competencia a la m\u00e1quina anfitriona<\/li>\n\n\n\n<li>Por ejemplo, la m\u00e1quina Merlo para recoger accesorios de pasador y cono<\/li>\n\n\n\n<li>Suministrado a OEM de la industria  <\/li>\n\n\n\n<li>Opciones de bloqueo hidr\u00e1ulico \/ manual<\/li>\n\n\n\n<li>Mangueras de enlace final no incluidas<\/li>\n<\/ul>\n\n\n\n<div class=\"wp-block-columns is-layout-flex wp-container-core-columns-is-layout-28f84493 wp-block-columns-is-layout-flex\">\n<div class=\"wp-block-column is-layout-flow wp-block-column-is-layout-flow\" style=\"flex-basis:100%\">\n<figure class=\"wp-block-image size-medium is-resized\"><img loading=\"lazy\" decoding=\"async\" width=\"800\" height=\"135\" src=\"https:\/\/www.whitesmh.co.uk\/wp-content\/uploads\/MIB-AGX-800x135.jpg\" alt=\"\" class=\"wp-image-1173\" style=\"width:268px;height:auto\" srcset=\"https:\/\/www.whitesmh.co.uk\/wp-content\/uploads\/MIB-AGX-800x135.jpg 800w, https:\/\/www.whitesmh.co.uk\/wp-content\/uploads\/MIB-AGX-600x101.jpg 600w, https:\/\/www.whitesmh.co.uk\/wp-content\/uploads\/MIB-AGX-768x129.jpg 768w, https:\/\/www.whitesmh.co.uk\/wp-content\/uploads\/MIB-AGX.jpg 1046w\" sizes=\"auto, (max-width: 800px) 100vw, 800px\" \/><\/figure>\n<\/div>\n<\/div>\n\n\n\n<div class=\"wp-block-buttons is-layout-flex wp-block-buttons-is-layout-flex\">\n<div class=\"wp-block-button\"><a class=\"wp-block-button__link wp-element-button\" href=\"https:\/\/www.whitesmh.co.uk\/es\/contacto\/\">CONT\u00c1CTENOS<\/a><\/div>\n\n\n\n<div class=\"wp-block-button\"><a class=\"wp-block-button__link wp-element-button\" href=\"https:\/\/www.whitesmh.co.uk\/wp-content\/uploads\/WMH-Data-Sheet-Headstocks-Adaptor-Plates.pptx\" target=\"_blank\" rel=\"noreferrer noopener\">FICHA T\u00c9CNICA<\/a><\/div>\n<\/div>\n<\/div>\n\n\n\n<div class=\"wp-block-column is-vertically-aligned-center is-layout-flow wp-block-column-is-layout-flow\">\n<figure class=\"wp-block-image size-full\"><img loading=\"lazy\" decoding=\"async\" width=\"768\" height=\"576\" src=\"https:\/\/www.whitesmh.co.uk\/wp-content\/uploads\/Merlo-to-Scorpion-5.jpeg\" alt=\"\" class=\"wp-image-1684\" srcset=\"https:\/\/www.whitesmh.co.uk\/wp-content\/uploads\/Merlo-to-Scorpion-5.jpeg 768w, https:\/\/www.whitesmh.co.uk\/wp-content\/uploads\/Merlo-to-Scorpion-5-600x450.jpeg 600w\" sizes=\"auto, (max-width: 768px) 100vw, 768px\" \/><\/figure>\n<\/div>\n<\/div>\n\n<div class=\"wp-block-group is-layout-flow wp-block-group-is-layout-flow\">\n<div class=\"wp-block-group has-primary-background-color has-background is-layout-flow wp-block-group-is-layout-flow\" style=\"margin-top:30px;margin-bottom:30px;padding-top:var(--wp--preset--spacing--40);padding-right:var(--wp--preset--spacing--40);padding-bottom:var(--wp--preset--spacing--40);padding-left:var(--wp--preset--spacing--40)\">\n<h3 class=\"wp-block-heading\">M\u00c1QUINAS MERLO<\/h3>\n<\/div>\n\n\n\n<figure class=\"wp-block-gallery has-nested-images columns-4 is-cropped wp-block-gallery-1 is-layout-flex wp-block-gallery-is-layout-flex\">\n<figure class=\"wp-block-image size-thumbnail\"><a href=\"https:\/\/www.whitesmh.co.uk\/wp-content\/uploads\/IMG_6551.jpeg\"><img loading=\"lazy\" decoding=\"async\" width=\"400\" height=\"400\" data-id=\"2967\" src=\"https:\/\/www.whitesmh.co.uk\/wp-content\/uploads\/IMG_6551-400x400.jpeg\" alt=\"\" class=\"wp-image-2967\" srcset=\"https:\/\/www.whitesmh.co.uk\/wp-content\/uploads\/IMG_6551-400x400.jpeg 400w, https:\/\/www.whitesmh.co.uk\/wp-content\/uploads\/IMG_6551-300x300.jpeg 300w, https:\/\/www.whitesmh.co.uk\/wp-content\/uploads\/IMG_6551-100x100.jpeg 100w\" sizes=\"auto, (max-width: 400px) 100vw, 400px\" \/><\/a><figcaption class=\"wp-element-caption\">Merlo 35.7 a Pin &amp; Cone<\/figcaption><\/figure>\n\n\n\n<figure class=\"wp-block-image size-thumbnail\"><a href=\"https:\/\/www.whitesmh.co.uk\/wp-content\/uploads\/IMG_6548-1.jpeg\"><img loading=\"lazy\" decoding=\"async\" width=\"400\" height=\"400\" data-id=\"2966\" src=\"https:\/\/www.whitesmh.co.uk\/wp-content\/uploads\/IMG_6548-1-400x400.jpeg\" alt=\"\" class=\"wp-image-2966\" srcset=\"https:\/\/www.whitesmh.co.uk\/wp-content\/uploads\/IMG_6548-1-400x400.jpeg 400w, https:\/\/www.whitesmh.co.uk\/wp-content\/uploads\/IMG_6548-1-300x300.jpeg 300w, https:\/\/www.whitesmh.co.uk\/wp-content\/uploads\/IMG_6548-1-100x100.jpeg 100w\" sizes=\"auto, (max-width: 400px) 100vw, 400px\" \/><\/a><figcaption class=\"wp-element-caption\">Merlo 35.7 a Pin &amp; Cone<\/figcaption><\/figure>\n\n\n\n<figure class=\"wp-block-image size-thumbnail\"><a href=\"https:\/\/www.whitesmh.co.uk\/wp-content\/uploads\/IMG_2754-scaled.jpeg\"><img loading=\"lazy\" decoding=\"async\" width=\"400\" height=\"400\" data-id=\"2964\" src=\"https:\/\/www.whitesmh.co.uk\/wp-content\/uploads\/IMG_2754-400x400.jpeg\" alt=\"\" class=\"wp-image-2964\" srcset=\"https:\/\/www.whitesmh.co.uk\/wp-content\/uploads\/IMG_2754-400x400.jpeg 400w, https:\/\/www.whitesmh.co.uk\/wp-content\/uploads\/IMG_2754-scaled-300x300.jpeg 300w, https:\/\/www.whitesmh.co.uk\/wp-content\/uploads\/IMG_2754-scaled-100x100.jpeg 100w\" sizes=\"auto, (max-width: 400px) 100vw, 400px\" \/><\/a><figcaption class=\"wp-element-caption\">Merlo 33.7 a Manitou<\/figcaption><\/figure>\n\n\n\n<figure class=\"wp-block-image size-thumbnail\"><a href=\"https:\/\/www.whitesmh.co.uk\/wp-content\/uploads\/IMG_2752-scaled.jpeg\"><img loading=\"lazy\" decoding=\"async\" width=\"400\" height=\"400\" data-id=\"2963\" src=\"https:\/\/www.whitesmh.co.uk\/wp-content\/uploads\/IMG_2752-400x400.jpeg\" alt=\"\" class=\"wp-image-2963\" srcset=\"https:\/\/www.whitesmh.co.uk\/wp-content\/uploads\/IMG_2752-400x400.jpeg 400w, https:\/\/www.whitesmh.co.uk\/wp-content\/uploads\/IMG_2752-scaled-300x300.jpeg 300w, https:\/\/www.whitesmh.co.uk\/wp-content\/uploads\/IMG_2752-scaled-100x100.jpeg 100w\" sizes=\"auto, (max-width: 400px) 100vw, 400px\" \/><\/a><figcaption class=\"wp-element-caption\">Merlo 33.7 a Manitou<\/figcaption><\/figure>\n\n\n\n<figure class=\"wp-block-image size-thumbnail\"><a href=\"https:\/\/www.whitesmh.co.uk\/wp-content\/uploads\/Merlo-to-Scorpion-5-1.jpeg\"><img loading=\"lazy\" decoding=\"async\" width=\"400\" height=\"400\" data-id=\"2970\" src=\"https:\/\/www.whitesmh.co.uk\/wp-content\/uploads\/Merlo-to-Scorpion-5-1-400x400.jpeg\" alt=\"\" class=\"wp-image-2970\" srcset=\"https:\/\/www.whitesmh.co.uk\/wp-content\/uploads\/Merlo-to-Scorpion-5-1-400x400.jpeg 400w, https:\/\/www.whitesmh.co.uk\/wp-content\/uploads\/Merlo-to-Scorpion-5-1-300x300.jpeg 300w, https:\/\/www.whitesmh.co.uk\/wp-content\/uploads\/Merlo-to-Scorpion-5-1-100x100.jpeg 100w\" sizes=\"auto, (max-width: 400px) 100vw, 400px\" \/><\/a><figcaption class=\"wp-element-caption\">Merlo 35.7 a Kramer\/Scorpion<\/figcaption><\/figure>\n\n\n\n<figure class=\"wp-block-image size-thumbnail\"><a href=\"https:\/\/www.whitesmh.co.uk\/wp-content\/uploads\/Merlo-to-Scorpion-2.jpeg\"><img loading=\"lazy\" decoding=\"async\" width=\"400\" height=\"400\" data-id=\"2968\" src=\"https:\/\/www.whitesmh.co.uk\/wp-content\/uploads\/Merlo-to-Scorpion-2-400x400.jpeg\" alt=\"\" class=\"wp-image-2968\" srcset=\"https:\/\/www.whitesmh.co.uk\/wp-content\/uploads\/Merlo-to-Scorpion-2-400x400.jpeg 400w, https:\/\/www.whitesmh.co.uk\/wp-content\/uploads\/Merlo-to-Scorpion-2-300x300.jpeg 300w, https:\/\/www.whitesmh.co.uk\/wp-content\/uploads\/Merlo-to-Scorpion-2-100x100.jpeg 100w\" sizes=\"auto, (max-width: 400px) 100vw, 400px\" \/><\/a><figcaption class=\"wp-element-caption\">Merlo 35.7 a Kramer\/Scorpion<\/figcaption><\/figure>\n\n\n\n<figure class=\"wp-block-image size-thumbnail\"><a href=\"https:\/\/www.whitesmh.co.uk\/wp-content\/uploads\/757f1738-5c0d-4802-89d5-2ff72bd8c5fb.jpeg\"><img loading=\"lazy\" decoding=\"async\" width=\"400\" height=\"400\" data-id=\"2982\" src=\"https:\/\/www.whitesmh.co.uk\/wp-content\/uploads\/757f1738-5c0d-4802-89d5-2ff72bd8c5fb-400x400.jpeg\" alt=\"\" class=\"wp-image-2982\" srcset=\"https:\/\/www.whitesmh.co.uk\/wp-content\/uploads\/757f1738-5c0d-4802-89d5-2ff72bd8c5fb-400x400.jpeg 400w, https:\/\/www.whitesmh.co.uk\/wp-content\/uploads\/757f1738-5c0d-4802-89d5-2ff72bd8c5fb-300x300.jpeg 300w, https:\/\/www.whitesmh.co.uk\/wp-content\/uploads\/757f1738-5c0d-4802-89d5-2ff72bd8c5fb-100x100.jpeg 100w\" sizes=\"auto, (max-width: 400px) 100vw, 400px\" \/><\/a><figcaption class=\"wp-element-caption\">Merlo 42.7 a JCB Q Fit<\/figcaption><\/figure>\n\n\n\n<figure class=\"wp-block-image size-thumbnail\"><a href=\"https:\/\/www.whitesmh.co.uk\/wp-content\/uploads\/431080194_1156985599048621_2491306452279153945_n.jpg\"><img loading=\"lazy\" decoding=\"async\" width=\"400\" height=\"400\" data-id=\"3022\" src=\"https:\/\/www.whitesmh.co.uk\/wp-content\/uploads\/431080194_1156985599048621_2491306452279153945_n-400x400.jpg\" alt=\"\" class=\"wp-image-3022\" srcset=\"https:\/\/www.whitesmh.co.uk\/wp-content\/uploads\/431080194_1156985599048621_2491306452279153945_n-400x400.jpg 400w, https:\/\/www.whitesmh.co.uk\/wp-content\/uploads\/431080194_1156985599048621_2491306452279153945_n-300x300.jpg 300w, https:\/\/www.whitesmh.co.uk\/wp-content\/uploads\/431080194_1156985599048621_2491306452279153945_n-100x100.jpg 100w\" sizes=\"auto, (max-width: 400px) 100vw, 400px\" \/><\/a><figcaption class=\"wp-element-caption\">Merlo 35.7 a JCB Q Fit<\/figcaption><\/figure>\n<\/figure>\n\n\n\n<div class=\"wp-block-group has-primary-background-color has-background is-layout-flow wp-block-group-is-layout-flow\" style=\"margin-top:30px;margin-bottom:30px;padding-top:var(--wp--preset--spacing--40);padding-right:var(--wp--preset--spacing--40);padding-bottom:var(--wp--preset--spacing--40);padding-left:var(--wp--preset--spacing--40)\">\n<h3 class=\"wp-block-heading\">M\u00c1QUINAS MANITOU<\/h3>\n<\/div>\n\n\n\n<figure class=\"wp-block-gallery has-nested-images columns-5 is-cropped wp-block-gallery-2 is-layout-flex wp-block-gallery-is-layout-flex\">\n<figure class=\"wp-block-image size-thumbnail\"><a href=\"https:\/\/www.whitesmh.co.uk\/wp-content\/uploads\/415180203_878862194247347_3514613162394964105_n.jpg\"><img loading=\"lazy\" decoding=\"async\" width=\"400\" height=\"400\" data-id=\"2972\" src=\"https:\/\/www.whitesmh.co.uk\/wp-content\/uploads\/415180203_878862194247347_3514613162394964105_n-400x400.jpg\" alt=\"\" class=\"wp-image-2972\" srcset=\"https:\/\/www.whitesmh.co.uk\/wp-content\/uploads\/415180203_878862194247347_3514613162394964105_n-400x400.jpg 400w, https:\/\/www.whitesmh.co.uk\/wp-content\/uploads\/415180203_878862194247347_3514613162394964105_n-300x300.jpg 300w, https:\/\/www.whitesmh.co.uk\/wp-content\/uploads\/415180203_878862194247347_3514613162394964105_n-100x100.jpg 100w\" sizes=\"auto, (max-width: 400px) 100vw, 400px\" \/><\/a><figcaption class=\"wp-element-caption\">Manitou 625 y 741 seg\u00fan JCB Q Fit<\/figcaption><\/figure>\n\n\n\n<figure class=\"wp-block-image size-thumbnail\"><a href=\"https:\/\/www.whitesmh.co.uk\/wp-content\/uploads\/Manitou-to-Merlo-1.jpg\"><img loading=\"lazy\" decoding=\"async\" width=\"400\" height=\"400\" data-id=\"2974\" src=\"https:\/\/www.whitesmh.co.uk\/wp-content\/uploads\/Manitou-to-Merlo-1-400x400.jpg\" alt=\"\" class=\"wp-image-2974\" srcset=\"https:\/\/www.whitesmh.co.uk\/wp-content\/uploads\/Manitou-to-Merlo-1-400x400.jpg 400w, https:\/\/www.whitesmh.co.uk\/wp-content\/uploads\/Manitou-to-Merlo-1-300x300.jpg 300w, https:\/\/www.whitesmh.co.uk\/wp-content\/uploads\/Manitou-to-Merlo-1-100x100.jpg 100w\" sizes=\"auto, (max-width: 400px) 100vw, 400px\" \/><\/a><figcaption class=\"wp-element-caption\">Manitou MLT737 a Merlo<\/figcaption><\/figure>\n\n\n\n<figure class=\"wp-block-image size-thumbnail\"><a href=\"https:\/\/www.whitesmh.co.uk\/wp-content\/uploads\/397-1.jpg\"><img loading=\"lazy\" decoding=\"async\" width=\"400\" height=\"400\" data-id=\"2971\" src=\"https:\/\/www.whitesmh.co.uk\/wp-content\/uploads\/397-1-400x400.jpg\" alt=\"\" class=\"wp-image-2971\" srcset=\"https:\/\/www.whitesmh.co.uk\/wp-content\/uploads\/397-1-400x400.jpg 400w, https:\/\/www.whitesmh.co.uk\/wp-content\/uploads\/397-1-300x300.jpg 300w, https:\/\/www.whitesmh.co.uk\/wp-content\/uploads\/397-1-100x100.jpg 100w\" sizes=\"auto, (max-width: 400px) 100vw, 400px\" \/><\/a><figcaption class=\"wp-element-caption\">Manitou MLA-T 516 a Manitou<\/figcaption><\/figure>\n\n\n\n<figure class=\"wp-block-image size-thumbnail\"><a href=\"https:\/\/www.whitesmh.co.uk\/wp-content\/uploads\/Manitou-to-Bobcat-1.jpg\"><img loading=\"lazy\" decoding=\"async\" width=\"400\" height=\"400\" data-id=\"2973\" src=\"https:\/\/www.whitesmh.co.uk\/wp-content\/uploads\/Manitou-to-Bobcat-1-400x400.jpg\" alt=\"\" class=\"wp-image-2973\" srcset=\"https:\/\/www.whitesmh.co.uk\/wp-content\/uploads\/Manitou-to-Bobcat-1-400x400.jpg 400w, https:\/\/www.whitesmh.co.uk\/wp-content\/uploads\/Manitou-to-Bobcat-1-300x300.jpg 300w, https:\/\/www.whitesmh.co.uk\/wp-content\/uploads\/Manitou-to-Bobcat-1-100x100.jpg 100w\" sizes=\"auto, (max-width: 400px) 100vw, 400px\" \/><\/a><figcaption class=\"wp-element-caption\">Manitou MLT 741 a manipulador telesc\u00f3pico Bobcat<\/figcaption><\/figure>\n\n\n\n<figure class=\"wp-block-image size-full\"><a href=\"https:\/\/www.whitesmh.co.uk\/wp-content\/uploads\/MLT630-PIN-CONE.jpg\"><img loading=\"lazy\" decoding=\"async\" width=\"1280\" height=\"960\" data-id=\"3036\" src=\"https:\/\/www.whitesmh.co.uk\/wp-content\/uploads\/MLT630-PIN-CONE.jpg\" alt=\"\" class=\"wp-image-3036\" srcset=\"https:\/\/www.whitesmh.co.uk\/wp-content\/uploads\/MLT630-PIN-CONE.jpg 1280w, https:\/\/www.whitesmh.co.uk\/wp-content\/uploads\/MLT630-PIN-CONE-600x450.jpg 600w, https:\/\/www.whitesmh.co.uk\/wp-content\/uploads\/MLT630-PIN-CONE-800x600.jpg 800w, https:\/\/www.whitesmh.co.uk\/wp-content\/uploads\/MLT630-PIN-CONE-768x576.jpg 768w\" sizes=\"auto, (max-width: 800px) 100vw, 800px\" \/><\/a><figcaption class=\"wp-element-caption\">MLT 630 &#8211; Pin &amp; Cone<\/figcaption><\/figure>\n<\/figure>\n\n\n\n<div class=\"wp-block-group has-primary-background-color has-background is-layout-flow wp-block-group-is-layout-flow\" style=\"margin-top:30px;margin-bottom:30px;padding-top:var(--wp--preset--spacing--40);padding-right:var(--wp--preset--spacing--40);padding-bottom:var(--wp--preset--spacing--40);padding-left:var(--wp--preset--spacing--40)\">\n<h3 class=\"wp-block-heading\">M\u00c1QUINAS JCB<\/h3>\n<\/div>\n\n\n\n<figure class=\"wp-block-gallery has-nested-images columns-4 is-cropped wp-block-gallery-3 is-layout-flex wp-block-gallery-is-layout-flex\">\n<figure class=\"wp-block-image size-thumbnail\"><a href=\"https:\/\/www.whitesmh.co.uk\/wp-content\/uploads\/11309cfd-f5b7-41be-81bc-a74abae816c5.jpeg\"><img loading=\"lazy\" decoding=\"async\" width=\"400\" height=\"400\" data-id=\"2976\" src=\"https:\/\/www.whitesmh.co.uk\/wp-content\/uploads\/11309cfd-f5b7-41be-81bc-a74abae816c5-400x400.jpeg\" alt=\"\" class=\"wp-image-2976\" srcset=\"https:\/\/www.whitesmh.co.uk\/wp-content\/uploads\/11309cfd-f5b7-41be-81bc-a74abae816c5-400x400.jpeg 400w, https:\/\/www.whitesmh.co.uk\/wp-content\/uploads\/11309cfd-f5b7-41be-81bc-a74abae816c5-300x300.jpeg 300w, https:\/\/www.whitesmh.co.uk\/wp-content\/uploads\/11309cfd-f5b7-41be-81bc-a74abae816c5-100x100.jpeg 100w\" sizes=\"auto, (max-width: 400px) 100vw, 400px\" \/><\/a><figcaption class=\"wp-element-caption\">JCB TM320s a Manitou<\/figcaption><\/figure>\n\n\n\n<figure class=\"wp-block-image size-thumbnail\"><a href=\"https:\/\/www.whitesmh.co.uk\/wp-content\/uploads\/5bb7df3e-0839-40f9-89a9-c46bb2c9673a.jpeg\"><img loading=\"lazy\" decoding=\"async\" width=\"400\" height=\"400\" data-id=\"2975\" src=\"https:\/\/www.whitesmh.co.uk\/wp-content\/uploads\/5bb7df3e-0839-40f9-89a9-c46bb2c9673a-400x400.jpeg\" alt=\"\" class=\"wp-image-2975\" srcset=\"https:\/\/www.whitesmh.co.uk\/wp-content\/uploads\/5bb7df3e-0839-40f9-89a9-c46bb2c9673a-400x400.jpeg 400w, https:\/\/www.whitesmh.co.uk\/wp-content\/uploads\/5bb7df3e-0839-40f9-89a9-c46bb2c9673a-300x300.jpeg 300w, https:\/\/www.whitesmh.co.uk\/wp-content\/uploads\/5bb7df3e-0839-40f9-89a9-c46bb2c9673a-100x100.jpeg 100w\" sizes=\"auto, (max-width: 400px) 100vw, 400px\" \/><\/a><figcaption class=\"wp-element-caption\">JCB TM320s a Manitou<\/figcaption><\/figure>\n\n\n\n<figure class=\"wp-block-image size-thumbnail\"><a href=\"https:\/\/www.whitesmh.co.uk\/wp-content\/uploads\/IMG_1409-1-scaled.jpeg\"><img loading=\"lazy\" decoding=\"async\" width=\"400\" height=\"400\" data-id=\"2977\" src=\"https:\/\/www.whitesmh.co.uk\/wp-content\/uploads\/IMG_1409-1-400x400.jpeg\" alt=\"\" class=\"wp-image-2977\" srcset=\"https:\/\/www.whitesmh.co.uk\/wp-content\/uploads\/IMG_1409-1-400x400.jpeg 400w, https:\/\/www.whitesmh.co.uk\/wp-content\/uploads\/IMG_1409-1-scaled-300x300.jpeg 300w, https:\/\/www.whitesmh.co.uk\/wp-content\/uploads\/IMG_1409-1-scaled-100x100.jpeg 100w\" sizes=\"auto, (max-width: 400px) 100vw, 400px\" \/><\/a><figcaption class=\"wp-element-caption\">JCB 560-80 a Kramer\/Scorpion<\/figcaption><\/figure>\n\n\n\n<figure class=\"wp-block-image size-thumbnail\"><a href=\"https:\/\/www.whitesmh.co.uk\/wp-content\/uploads\/IMG_3116-scaled.jpg\"><img loading=\"lazy\" decoding=\"async\" width=\"400\" height=\"400\" data-id=\"2978\" src=\"https:\/\/www.whitesmh.co.uk\/wp-content\/uploads\/IMG_3116-400x400.jpg\" alt=\"\" class=\"wp-image-2978\" srcset=\"https:\/\/www.whitesmh.co.uk\/wp-content\/uploads\/IMG_3116-400x400.jpg 400w, https:\/\/www.whitesmh.co.uk\/wp-content\/uploads\/IMG_3116-scaled-300x300.jpg 300w, https:\/\/www.whitesmh.co.uk\/wp-content\/uploads\/IMG_3116-scaled-100x100.jpg 100w\" sizes=\"auto, (max-width: 400px) 100vw, 400px\" \/><\/a><figcaption class=\"wp-element-caption\">JCB TM320s a Kramer\/Scorpion<\/figcaption><\/figure>\n<\/figure>\n<\/div>\n\n<div class=\"wp-block-group has-primary-background-color has-background is-layout-flow wp-block-group-is-layout-flow\" style=\"margin-top:30px;margin-bottom:30px;padding-top:var(--wp--preset--spacing--40);padding-right:var(--wp--preset--spacing--40);padding-bottom:var(--wp--preset--spacing--40);padding-left:var(--wp--preset--spacing--40)\">\n<h3 class=\"wp-block-heading\">VIDEOS<\/h3>\n<\/div>\n\n<figure class=\"wp-block-embed is-type-video is-provider-youtube wp-block-embed-youtube wp-embed-aspect-4-3 wp-has-aspect-ratio\"><div class=\"wp-block-embed__wrapper\">\n<iframe loading=\"lazy\" title=\"Whites Material Handling - Competitive Headstocks\" width=\"800\" height=\"600\" src=\"https:\/\/www.youtube.com\/embed\/25IBTx89Mx8?feature=oembed\" frameborder=\"0\" allow=\"accelerometer; autoplay; clipboard-write; encrypted-media; gyroscope; picture-in-picture; web-share\" referrerpolicy=\"strict-origin-when-cross-origin\" allowfullscreen><\/iframe>\n<\/div><\/figure>\n\n<div class=\"wp-block-group is-layout-constrained wp-block-group-is-layout-constrained\">\n<div class=\"wp-block-group alignfull has-primary-background-color has-background is-layout-flow wp-block-group-is-layout-flow\" style=\"margin-top:30px;margin-bottom:30px;padding-top:var(--wp--preset--spacing--40);padding-right:var(--wp--preset--spacing--40);padding-bottom:var(--wp--preset--spacing--40);padding-left:var(--wp--preset--spacing--40)\">\n<h3 class=\"wp-block-heading\">PRODUCTOS RELACIONADOS<\/h3>\n<\/div>\n\n\n\n<div class=\"product-grid flex\">\n\t\t<div class=\"col-25 padBottom\">\n\t\t<a href=\"https:\/\/www.whitesmh.co.uk\/es\/producto\/placas-adaptadoras\/\" title=\"Placas adaptadoras\" class=\"block radius\">\n\t\t\t\t\t\t<div class=\"thumb\">\n\t\t\t\t<img loading=\"lazy\" decoding=\"async\" width=\"400\" height=\"400\" src=\"https:\/\/www.whitesmh.co.uk\/wp-content\/uploads\/Manitou-JCB-Q-Fit-Adaptor-1-400x400.jpg\" class=\"attachment-thumbnail size-thumbnail wp-post-image\" alt=\"\" srcset=\"https:\/\/www.whitesmh.co.uk\/wp-content\/uploads\/Manitou-JCB-Q-Fit-Adaptor-1-400x400.jpg 400w, https:\/\/www.whitesmh.co.uk\/wp-content\/uploads\/Manitou-JCB-Q-Fit-Adaptor-1-300x300.jpg 300w, https:\/\/www.whitesmh.co.uk\/wp-content\/uploads\/Manitou-JCB-Q-Fit-Adaptor-1-100x100.jpg 100w\" sizes=\"auto, (max-width: 400px) 100vw, 400px\" \/>\t\t\t\t\t\t\t\t\t\n\t\t\t<\/div>\n\t\t\t\t\t\t<div class=\"meta smlPadAll\">\n\t\t\t\t<h4 class=\"no-margin\">Placas adaptadoras<\/h4>\n\t\t\t\t<span class=\"blue button marTop\">Find out more <i class=\"fa-solid fa-chevron-right\"><\/i><\/span>\n\t\t\t<\/div>\n\t\t<\/a>\n\t<\/div>\n\t<\/div>\n<\/div>\n","protected":false},"excerpt":{"rendered":"<p>CLAVIJEROS COMPETITIVOS La gama de cabezales competitivos WHITES AG-X est\u00e1 dise\u00f1ada para trabajar en armon\u00eda con los esquemas de la m\u00e1quina anfitriona, lo que permite el uso de cualquier marca de implementos. M\u00c1QUINAS MERLO M\u00c1QUINAS MANITOU M\u00c1QUINAS JCB VIDEOS PRODUCTOS RELACIONADOS<\/p>\n","protected":false},"featured_media":7885,"template":"","meta":{"_acf_changed":false},"product_brand":[],"product_cat":[324],"product_tag":[],"class_list":{"2":"type-product","7":"product","8":"first","9":"instock","10":"taxable","11":"shipping-taxable","12":"product-type-simple"},"acf":[],"_links":{"self":[{"href":"https:\/\/www.whitesmh.co.uk\/es\/wp-json\/wp\/v2\/product\/7871","targetHints":{"allow":["GET"]}}],"collection":[{"href":"https:\/\/www.whitesmh.co.uk\/es\/wp-json\/wp\/v2\/product"}],"about":[{"href":"https:\/\/www.whitesmh.co.uk\/es\/wp-json\/wp\/v2\/types\/product"}],"wp:featuredmedia":[{"embeddable":true,"href":"https:\/\/www.whitesmh.co.uk\/es\/wp-json\/wp\/v2\/media\/7885"}],"wp:attachment":[{"href":"https:\/\/www.whitesmh.co.uk\/es\/wp-json\/wp\/v2\/media?parent=7871"}],"wp:term":[{"taxonomy":"product_brand","embeddable":true,"href":"https:\/\/www.whitesmh.co.uk\/es\/wp-json\/wp\/v2\/product_brand?post=7871"},{"taxonomy":"product_cat","embeddable":true,"href":"https:\/\/www.whitesmh.co.uk\/es\/wp-json\/wp\/v2\/product_cat?post=7871"},{"taxonomy":"product_tag","embeddable":true,"href":"https:\/\/www.whitesmh.co.uk\/es\/wp-json\/wp\/v2\/product_tag?post=7871"}],"curies":[{"name":"wp","href":"https:\/\/api.w.org\/{rel}","templated":true}]}}