{"id":7844,"date":"2023-12-09T22:07:10","date_gmt":"2023-12-09T22:07:10","guid":{"rendered":"https:\/\/www.whitesmh.co.uk\/products\/cubos-de-servicios-publicos\/"},"modified":"2024-11-19T09:04:26","modified_gmt":"2024-11-19T09:04:26","slug":"cubos-de-servicios-publicos","status":"publish","type":"product","link":"https:\/\/www.whitesmh.co.uk\/es\/producto\/cubos-de-servicios-publicos\/","title":{"rendered":"Cubos de servicios p\u00fablicos"},"content":{"rendered":"\n<div class=\"wp-block-columns is-layout-flex wp-container-core-columns-is-layout-28f84493 wp-block-columns-is-layout-flex\">\n<div class=\"wp-block-column is-vertically-aligned-center is-layout-flow wp-block-column-is-layout-flow\">\n<figure class=\"wp-block-image size-full\"><img loading=\"lazy\" decoding=\"async\" width=\"1196\" height=\"1196\" src=\"https:\/\/www.whitesmh.co.uk\/wp-content\/uploads\/Skidsteer-Light-Materials.jpg\" alt=\"\" class=\"wp-image-2353\" srcset=\"https:\/\/www.whitesmh.co.uk\/wp-content\/uploads\/Skidsteer-Light-Materials.jpg 1196w, https:\/\/www.whitesmh.co.uk\/wp-content\/uploads\/Skidsteer-Light-Materials-300x300.jpg 300w, https:\/\/www.whitesmh.co.uk\/wp-content\/uploads\/Skidsteer-Light-Materials-100x100.jpg 100w, https:\/\/www.whitesmh.co.uk\/wp-content\/uploads\/Skidsteer-Light-Materials-600x600.jpg 600w, https:\/\/www.whitesmh.co.uk\/wp-content\/uploads\/Skidsteer-Light-Materials-400x400.jpg 400w, https:\/\/www.whitesmh.co.uk\/wp-content\/uploads\/Skidsteer-Light-Materials-800x800.jpg 800w, https:\/\/www.whitesmh.co.uk\/wp-content\/uploads\/Skidsteer-Light-Materials-768x768.jpg 768w\" sizes=\"auto, (max-width: 800px) 100vw, 800px\" \/><\/figure>\n<\/div>\n\n\n\n<div class=\"wp-block-column is-layout-flow wp-block-column-is-layout-flow\">\n<h2 class=\"wp-block-heading\" style=\"text-transform:uppercase\">CUBOS de servicios p\u00fablicos<\/h2>\n\n\n\n<p>El cuchar\u00f3n de minicargadora utilitaria WHITES es una soluci\u00f3n ideal para aquellos que buscan el todoterreno para su minicargadora. Ideal para flotas de alquiler, tambi\u00e9n funciona bien para materiales m\u00e1s ligeros, ya que tiene una mayor capacidad en comparaci\u00f3n con un cuchar\u00f3n est\u00e1ndar.<\/p>\n\n\n\n<ul class=\"wp-block-list\">\n<li>Muy popular en la industria del alquiler<\/li>\n\n\n\n<li>Cuchar\u00f3n de uso general<\/li>\n\n\n\n<li>Mayor capacidad que un cuchar\u00f3n est\u00e1ndar<\/li>\n\n\n\n<li>Tornillo opcional en filo de corte reversible<\/li>\n<\/ul>\n\n\n\n<div class=\"wp-block-columns is-layout-flex wp-container-core-columns-is-layout-28f84493 wp-block-columns-is-layout-flex\">\n<div class=\"wp-block-column is-layout-flow wp-block-column-is-layout-flow\" style=\"flex-basis:100%\">\n<figure class=\"wp-block-image size-full is-resized\"><img loading=\"lazy\" decoding=\"async\" width=\"626\" height=\"149\" src=\"https:\/\/www.whitesmh.co.uk\/wp-content\/uploads\/image.png\" alt=\"\" class=\"wp-image-635\" style=\"width:268px;height:auto\" srcset=\"https:\/\/www.whitesmh.co.uk\/wp-content\/uploads\/image.png 626w, https:\/\/www.whitesmh.co.uk\/wp-content\/uploads\/image-600x143.png 600w\" sizes=\"auto, (max-width: 626px) 100vw, 626px\" \/><\/figure>\n<\/div>\n<\/div>\n\n\n\n<div class=\"wp-block-buttons is-layout-flex wp-block-buttons-is-layout-flex\">\n<div class=\"wp-block-button\"><a class=\"wp-block-button__link wp-element-button\" href=\"https:\/\/www.whitesmh.co.uk\/es\/contacto\/\">CONT\u00c1CTENOS<\/a><\/div>\n\n\n\n<div class=\"wp-block-button\"><a class=\"wp-block-button__link wp-element-button\" href=\"https:\/\/www.whitesmh.co.uk\/support\/buckets-product-support\/\">SOPORTE DE PRODUCTO<\/a><\/div>\n<\/div>\n<\/div>\n<\/div>\n\n<div class=\"wp-block-group is-layout-flow wp-block-group-is-layout-flow\">\n<div class=\"wp-block-group has-primary-background-color has-background is-layout-flow wp-block-group-is-layout-flow\" style=\"margin-top:30px;margin-bottom:30px;padding-top:var(--wp--preset--spacing--40);padding-right:var(--wp--preset--spacing--40);padding-bottom:var(--wp--preset--spacing--40);padding-left:var(--wp--preset--spacing--40)\">\n<h3 class=\"wp-block-heading\">MODELOS<\/h3>\n<\/div>\n<\/div>\n\n<figure class=\"wp-block-table\"><table><tbody><tr><td class=\"has-text-align-center\" data-align=\"center\"><strong>N\u00famero de pieza<\/strong><\/td><td class=\"has-text-align-center\" data-align=\"center\"><strong>Ancho (mm)<\/strong><\/td><td class=\"has-text-align-center\" data-align=\"center\"><strong>Ancho (pulgadas)<\/strong><\/td><td class=\"has-text-align-center\" data-align=\"center\"><strong>Capacidad (m3)<\/strong><\/td><\/tr><tr><td class=\"has-text-align-center\" data-align=\"center\">UB-0890<\/td><td class=\"has-text-align-center\" data-align=\"center\">890<\/td><td class=\"has-text-align-center\" data-align=\"center\">35<\/td><td class=\"has-text-align-center\" data-align=\"center\">0.17m3<\/td><\/tr><tr><td class=\"has-text-align-center\" data-align=\"center\">UB-0915<\/td><td class=\"has-text-align-center\" data-align=\"center\">915<\/td><td class=\"has-text-align-center\" data-align=\"center\">36<\/td><td class=\"has-text-align-center\" data-align=\"center\">0.18m3<\/td><\/tr><tr><td class=\"has-text-align-center\" data-align=\"center\">UB-1080<\/td><td class=\"has-text-align-center\" data-align=\"center\">1080<\/td><td class=\"has-text-align-center\" data-align=\"center\">43<\/td><td class=\"has-text-align-center\" data-align=\"center\">0.22m3<\/td><\/tr><tr><td class=\"has-text-align-center\" data-align=\"center\">UB-1120<\/td><td class=\"has-text-align-center\" data-align=\"center\">1120<\/td><td class=\"has-text-align-center\" data-align=\"center\">44<\/td><td class=\"has-text-align-center\" data-align=\"center\">0.23m3<\/td><\/tr><tr><td class=\"has-text-align-center\" data-align=\"center\">UB-1220<\/td><td class=\"has-text-align-center\" data-align=\"center\">1220<\/td><td class=\"has-text-align-center\" data-align=\"center\">48<\/td><td class=\"has-text-align-center\" data-align=\"center\">0.26m3<\/td><\/tr><tr><td class=\"has-text-align-center\" data-align=\"center\">UB-1255<\/td><td class=\"has-text-align-center\" data-align=\"center\">1255<\/td><td class=\"has-text-align-center\" data-align=\"center\">49<\/td><td class=\"has-text-align-center\" data-align=\"center\">0.28m3<\/td><\/tr><tr><td class=\"has-text-align-center\" data-align=\"center\">UB-1380<\/td><td class=\"has-text-align-center\" data-align=\"center\">1380<\/td><td class=\"has-text-align-center\" data-align=\"center\">54<\/td><td class=\"has-text-align-center\" data-align=\"center\">0.37m3<\/td><\/tr><tr><td class=\"has-text-align-center\" data-align=\"center\">UB-1525<\/td><td class=\"has-text-align-center\" data-align=\"center\">1525<\/td><td class=\"has-text-align-center\" data-align=\"center\">60<\/td><td class=\"has-text-align-center\" data-align=\"center\">0.42m3<\/td><\/tr><tr><td class=\"has-text-align-center\" data-align=\"center\">UB-1575<\/td><td class=\"has-text-align-center\" data-align=\"center\">1575<\/td><td class=\"has-text-align-center\" data-align=\"center\">62<\/td><td class=\"has-text-align-center\" data-align=\"center\">0.45m3<\/td><\/tr><tr><td class=\"has-text-align-center\" data-align=\"center\">UB-1680<\/td><td class=\"has-text-align-center\" data-align=\"center\">1680<\/td><td class=\"has-text-align-center\" data-align=\"center\">66<\/td><td class=\"has-text-align-center\" data-align=\"center\">0.47m3<\/td><\/tr><tr><td class=\"has-text-align-center\" data-align=\"center\">UB-1760<\/td><td class=\"has-text-align-center\" data-align=\"center\">1760<\/td><td class=\"has-text-align-center\" data-align=\"center\">69<\/td><td class=\"has-text-align-center\" data-align=\"center\">0.61m3<\/td><\/tr><tr><td class=\"has-text-align-center\" data-align=\"center\">UB-1850<\/td><td class=\"has-text-align-center\" data-align=\"center\">1850<\/td><td class=\"has-text-align-center\" data-align=\"center\">73<\/td><td class=\"has-text-align-center\" data-align=\"center\">0.78m3<\/td><\/tr><tr><td class=\"has-text-align-center\" data-align=\"center\">UB-2080<\/td><td class=\"has-text-align-center\" data-align=\"center\">2080<\/td><td class=\"has-text-align-center\" data-align=\"center\">82<\/td><td class=\"has-text-align-center\" data-align=\"center\">1.10m3<\/td><\/tr><tr><td class=\"has-text-align-center\" data-align=\"center\">UB-2140<\/td><td class=\"has-text-align-center\" data-align=\"center\">2140<\/td><td class=\"has-text-align-center\" data-align=\"center\">84<\/td><td class=\"has-text-align-center\" data-align=\"center\">1.15m3<\/td><\/tr><\/tbody><\/table><\/figure>\n","protected":false},"excerpt":{"rendered":"<p>CUBOS de servicios p\u00fablicos El cuchar\u00f3n de minicargadora utilitaria WHITES es una soluci\u00f3n ideal para aquellos que buscan el todoterreno para su minicargadora. Ideal para flotas de alquiler, tambi\u00e9n funciona bien para materiales m\u00e1s ligeros, ya que tiene una mayor capacidad en comparaci\u00f3n con un cuchar\u00f3n est\u00e1ndar. MODELOS N\u00famero de pieza Ancho (mm) Ancho (pulgadas)&hellip;<\/p>\n","protected":false},"featured_media":7850,"template":"","meta":{"_acf_changed":false},"product_brand":[],"product_cat":[321],"product_tag":[],"class_list":{"2":"type-product","7":"product","8":"first","9":"instock","10":"taxable","11":"shipping-taxable","12":"product-type-simple"},"acf":[],"_links":{"self":[{"href":"https:\/\/www.whitesmh.co.uk\/es\/wp-json\/wp\/v2\/product\/7844","targetHints":{"allow":["GET"]}}],"collection":[{"href":"https:\/\/www.whitesmh.co.uk\/es\/wp-json\/wp\/v2\/product"}],"about":[{"href":"https:\/\/www.whitesmh.co.uk\/es\/wp-json\/wp\/v2\/types\/product"}],"wp:featuredmedia":[{"embeddable":true,"href":"https:\/\/www.whitesmh.co.uk\/es\/wp-json\/wp\/v2\/media\/7850"}],"wp:attachment":[{"href":"https:\/\/www.whitesmh.co.uk\/es\/wp-json\/wp\/v2\/media?parent=7844"}],"wp:term":[{"taxonomy":"product_brand","embeddable":true,"href":"https:\/\/www.whitesmh.co.uk\/es\/wp-json\/wp\/v2\/product_brand?post=7844"},{"taxonomy":"product_cat","embeddable":true,"href":"https:\/\/www.whitesmh.co.uk\/es\/wp-json\/wp\/v2\/product_cat?post=7844"},{"taxonomy":"product_tag","embeddable":true,"href":"https:\/\/www.whitesmh.co.uk\/es\/wp-json\/wp\/v2\/product_tag?post=7844"}],"curies":[{"name":"wp","href":"https:\/\/api.w.org\/{rel}","templated":true}]}}