{"id":7843,"date":"2024-01-30T12:50:45","date_gmt":"2024-01-30T12:50:45","guid":{"rendered":"https:\/\/www.whitesmh.co.uk\/products\/unidades-de-desplazamiento-lateral\/"},"modified":"2024-11-19T09:26:30","modified_gmt":"2024-11-19T09:26:30","slug":"unidades-de-desplazamiento-lateral","status":"publish","type":"product","link":"https:\/\/www.whitesmh.co.uk\/es\/producto\/unidades-de-desplazamiento-lateral\/","title":{"rendered":"UNIDADES DE DESPLAZAMIENTO LATERAL"},"content":{"rendered":"\n<div class=\"wp-block-columns is-layout-flex wp-container-core-columns-is-layout-28f84493 wp-block-columns-is-layout-flex\">\n<div class=\"wp-block-column is-vertically-aligned-center is-layout-flow wp-block-column-is-layout-flow\">\n<figure class=\"wp-block-image size-full\"><img loading=\"lazy\" decoding=\"async\" width=\"1355\" height=\"1016\" src=\"https:\/\/www.whitesmh.co.uk\/wp-content\/uploads\/Side-Shift-No-Forks.jpg\" alt=\"\" class=\"wp-image-2554\" srcset=\"https:\/\/www.whitesmh.co.uk\/wp-content\/uploads\/Side-Shift-No-Forks.jpg 1355w, https:\/\/www.whitesmh.co.uk\/wp-content\/uploads\/Side-Shift-No-Forks-600x450.jpg 600w, https:\/\/www.whitesmh.co.uk\/wp-content\/uploads\/Side-Shift-No-Forks-800x600.jpg 800w, https:\/\/www.whitesmh.co.uk\/wp-content\/uploads\/Side-Shift-No-Forks-768x576.jpg 768w\" sizes=\"auto, (max-width: 800px) 100vw, 800px\" \/><\/figure>\n<\/div>\n\n\n\n<div class=\"wp-block-column is-layout-flow wp-block-column-is-layout-flow\">\n<h2 class=\"wp-block-heading\" style=\"text-transform:uppercase\">UNIDADES DE DESPLAZAMIENTO LATERAL<\/h2>\n\n\n\n<p>La unidad de desplazamiento lateral del manipulador telesc\u00f3pico WHITES es una opci\u00f3n fant\u00e1stica para aquellos que desean una mayor versatilidad de su m\u00e1quina de carga. Sus horquillas para paletas de barra redonda pueden adaptarse a la unidad Side Shift y luego moverse hacia la izquierda o hacia la derecha 200 mm. Ideal para cargas precisas. Para una mayor versatilidad, tambi\u00e9n ofrecemos una unidad combinada de desplazamiento lateral y posicionador de horquillas.  <\/p>\n\n\n\n<ul class=\"wp-block-list\">\n<li>Opciones combinadas de desplazamiento lateral y desplazamiento lateral\/posicionador de horquillas<\/li>\n\n\n\n<li>Desplazamiento lateral de accionamiento hidr\u00e1ulico<\/li>\n\n\n\n<li>Posiciona la carga r\u00e1pidamente desde la comodidad de la cabina<\/li>\n\n\n\n<li>Recorrido de 200 mm  <\/li>\n<\/ul>\n\n\n\n<div class=\"wp-block-columns is-layout-flex wp-container-core-columns-is-layout-28f84493 wp-block-columns-is-layout-flex\">\n<div class=\"wp-block-column is-layout-flow wp-block-column-is-layout-flow\" style=\"flex-basis:100%\">\n<figure class=\"wp-block-image size-medium is-resized\"><img loading=\"lazy\" decoding=\"async\" width=\"300\" height=\"71\" src=\"https:\/\/www.whitesmh.co.uk\/wp-content\/uploads\/2023\/09\/Made-in-Britain2-300x71.png\" alt=\"\" class=\"wp-image-237\" style=\"width:268px;height:auto\" srcset=\"https:\/\/www.whitesmh.co.uk\/wp-content\/uploads\/2023\/09\/Made-in-Britain2-300x71.png 300w, https:\/\/www.whitesmh.co.uk\/wp-content\/uploads\/2023\/09\/Made-in-Britain2-600x143.png 600w, https:\/\/www.whitesmh.co.uk\/wp-content\/uploads\/2023\/09\/Made-in-Britain2.png 626w\" sizes=\"auto, (max-width: 300px) 100vw, 300px\" \/><\/figure>\n<\/div>\n<\/div>\n\n\n\n<div class=\"wp-block-buttons is-layout-flex wp-block-buttons-is-layout-flex\">\n<div class=\"wp-block-button\"><a class=\"wp-block-button__link wp-element-button\" href=\"https:\/\/www.whitesmh.co.uk\/es\/contacto\/\">CONT\u00c1CTENOS<\/a><\/div>\n\n\n\n<div class=\"wp-block-button\"><a class=\"wp-block-button__link wp-element-button\" href=\"https:\/\/www.whitesmh.co.uk\/docs\/fork-positioner-product-support\/\">SOPORTE DE PRODUCTO<\/a><\/div>\n<\/div>\n<\/div>\n<\/div>\n\n<div class=\"wp-block-group is-layout-constrained wp-block-group-is-layout-constrained\">\n<div class=\"wp-block-group alignfull has-primary-background-color has-background is-layout-flow wp-block-group-is-layout-flow\" style=\"margin-top:30px;margin-bottom:30px;padding-top:var(--wp--preset--spacing--40);padding-right:var(--wp--preset--spacing--40);padding-bottom:var(--wp--preset--spacing--40);padding-left:var(--wp--preset--spacing--40)\">\n<h3 class=\"wp-block-heading\">MODELOS<\/h3>\n<\/div>\n<\/div>\n\n<figure class=\"wp-block-table\"><table><tbody><tr><td class=\"has-text-align-center\" data-align=\"center\"><strong>N\u00famero de pieza<\/strong><\/td><td class=\"has-text-align-center\" data-align=\"center\"><strong>Tipo<\/strong><\/td><td class=\"has-text-align-center\" data-align=\"center\"><strong>Tenedores<\/strong><\/td><\/tr><tr><td class=\"has-text-align-center\" data-align=\"center\">SS5A1200<\/td><td class=\"has-text-align-center\" data-align=\"center\">Unidad de desplazamiento lateral<\/td><td class=\"has-text-align-center\" data-align=\"center\">No<\/td><\/tr><tr><td class=\"has-text-align-center\" data-align=\"center\">SSPF5A1200<\/td><td class=\"has-text-align-center\" data-align=\"center\">Unidad de desplazamiento lateral con horquillas  <\/td><td class=\"has-text-align-center\" data-align=\"center\">S\u00ed<\/td><\/tr><tr><td class=\"has-text-align-center\" data-align=\"center\">DPFSS1200<\/td><td class=\"has-text-align-center\" data-align=\"center\">Desplazamiento lateral y posicionador de doble horquilla con horquillas<\/td><td class=\"has-text-align-center\" data-align=\"center\">S\u00ed<\/td><\/tr><\/tbody><\/table><\/figure>\n\n<div class=\"wp-block-group is-layout-flow wp-block-group-is-layout-flow\">\n<div class=\"wp-block-group has-primary-background-color has-background is-layout-flow wp-block-group-is-layout-flow\" style=\"margin-top:30px;margin-bottom:30px;padding-top:var(--wp--preset--spacing--40);padding-right:var(--wp--preset--spacing--40);padding-bottom:var(--wp--preset--spacing--40);padding-left:var(--wp--preset--spacing--40)\">\n<h3 class=\"wp-block-heading\">GALER\u00cdA<\/h3>\n<\/div>\n\n\n\n<figure class=\"wp-block-gallery has-nested-images columns-4 is-cropped wp-block-gallery-1 is-layout-flex wp-block-gallery-is-layout-flex\">\n<figure class=\"wp-block-image size-thumbnail\"><a href=\"https:\/\/www.whitesmh.co.uk\/wp-content\/uploads\/e44350ff-49b4-40a1-aec4-1c8acf668a09.jpeg\"><img loading=\"lazy\" decoding=\"async\" width=\"400\" height=\"400\" data-id=\"2572\" src=\"https:\/\/www.whitesmh.co.uk\/wp-content\/uploads\/e44350ff-49b4-40a1-aec4-1c8acf668a09-400x400.jpeg\" alt=\"\" class=\"wp-image-2572\" srcset=\"https:\/\/www.whitesmh.co.uk\/wp-content\/uploads\/e44350ff-49b4-40a1-aec4-1c8acf668a09-400x400.jpeg 400w, https:\/\/www.whitesmh.co.uk\/wp-content\/uploads\/e44350ff-49b4-40a1-aec4-1c8acf668a09-300x300.jpeg 300w, https:\/\/www.whitesmh.co.uk\/wp-content\/uploads\/e44350ff-49b4-40a1-aec4-1c8acf668a09-100x100.jpeg 100w\" sizes=\"auto, (max-width: 400px) 100vw, 400px\" \/><\/a><\/figure>\n\n\n\n<figure class=\"wp-block-image size-thumbnail\"><a href=\"https:\/\/www.whitesmh.co.uk\/wp-content\/uploads\/4791f755-f1c8-4aa9-aeca-4ddd372f6e3e.jpeg\"><img loading=\"lazy\" decoding=\"async\" width=\"400\" height=\"400\" data-id=\"2571\" src=\"https:\/\/www.whitesmh.co.uk\/wp-content\/uploads\/4791f755-f1c8-4aa9-aeca-4ddd372f6e3e-400x400.jpeg\" alt=\"\" class=\"wp-image-2571\" srcset=\"https:\/\/www.whitesmh.co.uk\/wp-content\/uploads\/4791f755-f1c8-4aa9-aeca-4ddd372f6e3e-400x400.jpeg 400w, https:\/\/www.whitesmh.co.uk\/wp-content\/uploads\/4791f755-f1c8-4aa9-aeca-4ddd372f6e3e-300x300.jpeg 300w, https:\/\/www.whitesmh.co.uk\/wp-content\/uploads\/4791f755-f1c8-4aa9-aeca-4ddd372f6e3e-100x100.jpeg 100w\" sizes=\"auto, (max-width: 400px) 100vw, 400px\" \/><\/a><\/figure>\n\n\n\n<figure class=\"wp-block-image size-thumbnail\"><a href=\"https:\/\/www.whitesmh.co.uk\/wp-content\/uploads\/0cd948bb-553a-49e1-a1f4-ab18aeb8d4c6.jpeg\"><img loading=\"lazy\" decoding=\"async\" width=\"400\" height=\"400\" data-id=\"2570\" src=\"https:\/\/www.whitesmh.co.uk\/wp-content\/uploads\/0cd948bb-553a-49e1-a1f4-ab18aeb8d4c6-400x400.jpeg\" alt=\"\" class=\"wp-image-2570\" srcset=\"https:\/\/www.whitesmh.co.uk\/wp-content\/uploads\/0cd948bb-553a-49e1-a1f4-ab18aeb8d4c6-400x400.jpeg 400w, https:\/\/www.whitesmh.co.uk\/wp-content\/uploads\/0cd948bb-553a-49e1-a1f4-ab18aeb8d4c6-300x300.jpeg 300w, https:\/\/www.whitesmh.co.uk\/wp-content\/uploads\/0cd948bb-553a-49e1-a1f4-ab18aeb8d4c6-100x100.jpeg 100w\" sizes=\"auto, (max-width: 400px) 100vw, 400px\" \/><\/a><\/figure>\n\n\n\n<figure class=\"wp-block-image size-thumbnail\"><a href=\"https:\/\/www.whitesmh.co.uk\/wp-content\/uploads\/0bce3946-95d9-471a-a265-52d6ebe61024.jpeg\"><img loading=\"lazy\" decoding=\"async\" width=\"400\" height=\"400\" data-id=\"2569\" src=\"https:\/\/www.whitesmh.co.uk\/wp-content\/uploads\/0bce3946-95d9-471a-a265-52d6ebe61024-400x400.jpeg\" alt=\"\" class=\"wp-image-2569\" srcset=\"https:\/\/www.whitesmh.co.uk\/wp-content\/uploads\/0bce3946-95d9-471a-a265-52d6ebe61024-400x400.jpeg 400w, https:\/\/www.whitesmh.co.uk\/wp-content\/uploads\/0bce3946-95d9-471a-a265-52d6ebe61024-300x300.jpeg 300w, https:\/\/www.whitesmh.co.uk\/wp-content\/uploads\/0bce3946-95d9-471a-a265-52d6ebe61024-100x100.jpeg 100w\" sizes=\"auto, (max-width: 400px) 100vw, 400px\" \/><\/a><\/figure>\n\n\n\n<figure class=\"wp-block-image size-thumbnail\"><a href=\"https:\/\/www.whitesmh.co.uk\/wp-content\/uploads\/Side-Shift-No-Forks2.jpg\"><img loading=\"lazy\" decoding=\"async\" width=\"400\" height=\"400\" data-id=\"2555\" src=\"https:\/\/www.whitesmh.co.uk\/wp-content\/uploads\/Side-Shift-No-Forks2-400x400.jpg\" alt=\"\" class=\"wp-image-2555\" srcset=\"https:\/\/www.whitesmh.co.uk\/wp-content\/uploads\/Side-Shift-No-Forks2-400x400.jpg 400w, https:\/\/www.whitesmh.co.uk\/wp-content\/uploads\/Side-Shift-No-Forks2-300x300.jpg 300w, https:\/\/www.whitesmh.co.uk\/wp-content\/uploads\/Side-Shift-No-Forks2-100x100.jpg 100w\" sizes=\"auto, (max-width: 400px) 100vw, 400px\" \/><\/a><\/figure>\n\n\n\n<figure class=\"wp-block-image size-thumbnail\"><a href=\"https:\/\/www.whitesmh.co.uk\/wp-content\/uploads\/Side-Shift-No-Forks.jpg\"><img loading=\"lazy\" decoding=\"async\" width=\"400\" height=\"400\" data-id=\"2554\" src=\"https:\/\/www.whitesmh.co.uk\/wp-content\/uploads\/Side-Shift-No-Forks-400x400.jpg\" alt=\"\" class=\"wp-image-2554\" srcset=\"https:\/\/www.whitesmh.co.uk\/wp-content\/uploads\/Side-Shift-No-Forks-400x400.jpg 400w, https:\/\/www.whitesmh.co.uk\/wp-content\/uploads\/Side-Shift-No-Forks-300x300.jpg 300w, https:\/\/www.whitesmh.co.uk\/wp-content\/uploads\/Side-Shift-No-Forks-100x100.jpg 100w\" sizes=\"auto, (max-width: 400px) 100vw, 400px\" \/><\/a><\/figure>\n\n\n\n<figure class=\"wp-block-image size-thumbnail\"><a href=\"https:\/\/www.whitesmh.co.uk\/wp-content\/uploads\/Fork-Positioner-with-Side-Shift-1.jpg\"><img loading=\"lazy\" decoding=\"async\" width=\"400\" height=\"400\" data-id=\"2556\" src=\"https:\/\/www.whitesmh.co.uk\/wp-content\/uploads\/Fork-Positioner-with-Side-Shift-1-400x400.jpg\" alt=\"\" class=\"wp-image-2556\" srcset=\"https:\/\/www.whitesmh.co.uk\/wp-content\/uploads\/Fork-Positioner-with-Side-Shift-1-400x400.jpg 400w, https:\/\/www.whitesmh.co.uk\/wp-content\/uploads\/Fork-Positioner-with-Side-Shift-1-300x300.jpg 300w, https:\/\/www.whitesmh.co.uk\/wp-content\/uploads\/Fork-Positioner-with-Side-Shift-1-100x100.jpg 100w\" sizes=\"auto, (max-width: 400px) 100vw, 400px\" \/><\/a><\/figure>\n<\/figure>\n<\/div>\n\n<div style=\"height:39px\" aria-hidden=\"true\" class=\"wp-block-spacer\"><\/div>\n\n<div class=\"wp-block-group is-layout-constrained wp-block-group-is-layout-constrained\">\n<figure class=\"wp-block-embed is-type-video is-provider-youtube wp-block-embed-youtube wp-embed-aspect-4-3 wp-has-aspect-ratio\"><div class=\"wp-block-embed__wrapper\">\n<iframe loading=\"lazy\" title=\"SIDE SHIFT PALLET FORKS - MANITOU - TELEHANDLER\" width=\"800\" height=\"600\" src=\"https:\/\/www.youtube.com\/embed\/1d_x336VWnc?feature=oembed\" frameborder=\"0\" allow=\"accelerometer; autoplay; clipboard-write; encrypted-media; gyroscope; picture-in-picture; web-share\" referrerpolicy=\"strict-origin-when-cross-origin\" allowfullscreen><\/iframe>\n<\/div><\/figure>\n<\/div>\n","protected":false},"excerpt":{"rendered":"<p>UNIDADES DE DESPLAZAMIENTO LATERAL La unidad de desplazamiento lateral del manipulador telesc\u00f3pico WHITES es una opci\u00f3n fant\u00e1stica para aquellos que desean una mayor versatilidad de su m\u00e1quina de carga. Sus horquillas para paletas de barra redonda pueden adaptarse a la unidad Side Shift y luego moverse hacia la izquierda o hacia la derecha 200 mm.&hellip;<\/p>\n","protected":false},"featured_media":7853,"template":"","meta":{"_acf_changed":false},"product_brand":[],"product_cat":[320,324],"product_tag":[],"class_list":{"2":"type-product","8":"product","9":"first","10":"instock","11":"taxable","12":"shipping-taxable","13":"product-type-simple"},"acf":[],"_links":{"self":[{"href":"https:\/\/www.whitesmh.co.uk\/es\/wp-json\/wp\/v2\/product\/7843","targetHints":{"allow":["GET"]}}],"collection":[{"href":"https:\/\/www.whitesmh.co.uk\/es\/wp-json\/wp\/v2\/product"}],"about":[{"href":"https:\/\/www.whitesmh.co.uk\/es\/wp-json\/wp\/v2\/types\/product"}],"wp:featuredmedia":[{"embeddable":true,"href":"https:\/\/www.whitesmh.co.uk\/es\/wp-json\/wp\/v2\/media\/7853"}],"wp:attachment":[{"href":"https:\/\/www.whitesmh.co.uk\/es\/wp-json\/wp\/v2\/media?parent=7843"}],"wp:term":[{"taxonomy":"product_brand","embeddable":true,"href":"https:\/\/www.whitesmh.co.uk\/es\/wp-json\/wp\/v2\/product_brand?post=7843"},{"taxonomy":"product_cat","embeddable":true,"href":"https:\/\/www.whitesmh.co.uk\/es\/wp-json\/wp\/v2\/product_cat?post=7843"},{"taxonomy":"product_tag","embeddable":true,"href":"https:\/\/www.whitesmh.co.uk\/es\/wp-json\/wp\/v2\/product_tag?post=7843"}],"curies":[{"name":"wp","href":"https:\/\/api.w.org\/{rel}","templated":true}]}}