{"id":7819,"date":"2023-12-07T10:21:19","date_gmt":"2023-12-07T10:21:19","guid":{"rendered":"https:\/\/www.whitesmh.co.uk\/products\/cubos-de-clasificacion\/"},"modified":"2024-11-19T09:02:03","modified_gmt":"2024-11-19T09:02:03","slug":"cubos-de-clasificacion","status":"publish","type":"product","link":"https:\/\/www.whitesmh.co.uk\/es\/producto\/cubos-de-clasificacion\/","title":{"rendered":"Cubos de clasificaci\u00f3n"},"content":{"rendered":"\n<div class=\"wp-block-columns is-layout-flex wp-container-core-columns-is-layout-28f84493 wp-block-columns-is-layout-flex\">\n<div class=\"wp-block-column is-vertically-aligned-center is-layout-flow wp-block-column-is-layout-flow\">\n<figure class=\"wp-block-image size-full\"><img loading=\"lazy\" decoding=\"async\" width=\"1440\" height=\"1085\" src=\"https:\/\/www.whitesmh.co.uk\/wp-content\/uploads\/Whites-Grading-Bucket-7.jpg\" alt=\"\" class=\"wp-image-1769\" srcset=\"https:\/\/www.whitesmh.co.uk\/wp-content\/uploads\/Whites-Grading-Bucket-7.jpg 1440w, https:\/\/www.whitesmh.co.uk\/wp-content\/uploads\/Whites-Grading-Bucket-7-600x452.jpg 600w, https:\/\/www.whitesmh.co.uk\/wp-content\/uploads\/Whites-Grading-Bucket-7-800x603.jpg 800w, https:\/\/www.whitesmh.co.uk\/wp-content\/uploads\/Whites-Grading-Bucket-7-768x579.jpg 768w\" sizes=\"auto, (max-width: 800px) 100vw, 800px\" \/><\/figure>\n<\/div>\n\n\n\n<div class=\"wp-block-column is-layout-flow wp-block-column-is-layout-flow\">\n<h2 class=\"wp-block-heading\" style=\"text-transform:uppercase\">CUCHARAS DE CLASIFICACI\u00d3N<\/h2>\n\n\n\n<p>WHITES es el mayor fabricante de cucharas para excavadoras del Reino Unido, que produce productos aprobados por OEM en todo el mundo.  <\/p>\n\n\n\n<ul class=\"wp-block-list\">\n<li>Compre con confianza: el fabricante m\u00e1s grande del Reino Unido<\/li>\n\n\n\n<li>Sistemas de pasador puesto, pasador soldado, KLAC y cucharones dedicados<\/li>\n\n\n\n<li>Modelos para m\u00e1quinas de 0,75 T a 21,0 T<\/li>\n\n\n\n<li>Fabricado seg\u00fan los est\u00e1ndares OEM<\/li>\n\n\n\n<li>Lados s\u00f3lidos adecuados para grava de guisante<\/li>\n\n\n\n<li>Dise\u00f1ado y fabricado en el Reino Unido por Whites con m\u00e1s de 3000 unidades en stock<\/li>\n<\/ul>\n\n\n\n<div class=\"wp-block-columns is-layout-flex wp-container-core-columns-is-layout-28f84493 wp-block-columns-is-layout-flex\">\n<div class=\"wp-block-column is-layout-flow wp-block-column-is-layout-flow\" style=\"flex-basis:100%\">\n<figure class=\"wp-block-image size-full is-resized\"><img loading=\"lazy\" decoding=\"async\" width=\"626\" height=\"149\" src=\"https:\/\/www.whitesmh.co.uk\/wp-content\/uploads\/image.png\" alt=\"\" class=\"wp-image-635\" style=\"width:268px;height:auto\" srcset=\"https:\/\/www.whitesmh.co.uk\/wp-content\/uploads\/image.png 626w, https:\/\/www.whitesmh.co.uk\/wp-content\/uploads\/image-600x143.png 600w\" sizes=\"auto, (max-width: 626px) 100vw, 626px\" \/><\/figure>\n<\/div>\n<\/div>\n\n\n\n<div class=\"wp-block-buttons is-layout-flex wp-block-buttons-is-layout-flex\">\n<div class=\"wp-block-button\"><a class=\"wp-block-button__link wp-element-button\" href=\"https:\/\/www.whitesmh.co.uk\/es\/contacto\/\">CONT\u00c1CTENOS<\/a><\/div>\n\n\n\n<div class=\"wp-block-button\"><a class=\"wp-block-button__link wp-element-button\" href=\"https:\/\/www.whitesmh.co.uk\/support\/buckets-product-support\/\">SOPORTE DE PRODUCTO<\/a><\/div>\n\n\n\n<div class=\"wp-block-button\"><a class=\"wp-block-button__link wp-element-button\" href=\"https:\/\/www.whitesmh.co.uk\/wp-content\/uploads\/WMH-Data-Sheet-Excavator-Grading-Buckets.pdf\">FICHA T\u00c9CNICA<\/a><\/div>\n<\/div>\n<\/div>\n<\/div>\n\n<div class=\"wp-block-group is-layout-flow wp-block-group-is-layout-flow\">\n<div class=\"wp-block-group has-primary-background-color has-background is-layout-flow wp-block-group-is-layout-flow\" style=\"margin-top:30px;margin-bottom:30px;padding-top:var(--wp--preset--spacing--40);padding-right:var(--wp--preset--spacing--40);padding-bottom:var(--wp--preset--spacing--40);padding-left:var(--wp--preset--spacing--40)\">\n<h3 class=\"wp-block-heading\">GALER\u00cdA<\/h3>\n<\/div>\n\n\n\n<figure class=\"wp-block-gallery has-nested-images columns-4 is-cropped wp-block-gallery-1 is-layout-flex wp-block-gallery-is-layout-flex\">\n<figure class=\"wp-block-image size-thumbnail\"><a href=\"https:\/\/www.whitesmh.co.uk\/wp-content\/uploads\/Whites-Grading-Bucket-4.jpg\"><img loading=\"lazy\" decoding=\"async\" width=\"400\" height=\"400\" data-id=\"1766\" src=\"https:\/\/www.whitesmh.co.uk\/wp-content\/uploads\/Whites-Grading-Bucket-4-400x400.jpg\" alt=\"\" class=\"wp-image-1766\" srcset=\"https:\/\/www.whitesmh.co.uk\/wp-content\/uploads\/Whites-Grading-Bucket-4-400x400.jpg 400w, https:\/\/www.whitesmh.co.uk\/wp-content\/uploads\/Whites-Grading-Bucket-4-300x300.jpg 300w, https:\/\/www.whitesmh.co.uk\/wp-content\/uploads\/Whites-Grading-Bucket-4-100x100.jpg 100w\" sizes=\"auto, (max-width: 400px) 100vw, 400px\" \/><\/a><\/figure>\n\n\n\n<figure class=\"wp-block-image size-thumbnail\"><a href=\"https:\/\/www.whitesmh.co.uk\/wp-content\/uploads\/Whites-Grading-Bucket-3.jpg\"><img loading=\"lazy\" decoding=\"async\" width=\"400\" height=\"400\" data-id=\"1765\" src=\"https:\/\/www.whitesmh.co.uk\/wp-content\/uploads\/Whites-Grading-Bucket-3-400x400.jpg\" alt=\"\" class=\"wp-image-1765\" srcset=\"https:\/\/www.whitesmh.co.uk\/wp-content\/uploads\/Whites-Grading-Bucket-3-400x400.jpg 400w, https:\/\/www.whitesmh.co.uk\/wp-content\/uploads\/Whites-Grading-Bucket-3-300x300.jpg 300w, https:\/\/www.whitesmh.co.uk\/wp-content\/uploads\/Whites-Grading-Bucket-3-100x100.jpg 100w\" sizes=\"auto, (max-width: 400px) 100vw, 400px\" \/><\/a><\/figure>\n\n\n\n<figure class=\"wp-block-image size-thumbnail\"><a href=\"https:\/\/www.whitesmh.co.uk\/wp-content\/uploads\/Whites-Grading-Bucket-5.jpg\"><img loading=\"lazy\" decoding=\"async\" width=\"400\" height=\"400\" data-id=\"1767\" src=\"https:\/\/www.whitesmh.co.uk\/wp-content\/uploads\/Whites-Grading-Bucket-5-400x400.jpg\" alt=\"\" class=\"wp-image-1767\" srcset=\"https:\/\/www.whitesmh.co.uk\/wp-content\/uploads\/Whites-Grading-Bucket-5-400x400.jpg 400w, https:\/\/www.whitesmh.co.uk\/wp-content\/uploads\/Whites-Grading-Bucket-5-300x300.jpg 300w, https:\/\/www.whitesmh.co.uk\/wp-content\/uploads\/Whites-Grading-Bucket-5-100x100.jpg 100w\" sizes=\"auto, (max-width: 400px) 100vw, 400px\" \/><\/a><\/figure>\n\n\n\n<figure class=\"wp-block-image size-thumbnail\"><a href=\"https:\/\/www.whitesmh.co.uk\/wp-content\/uploads\/Whites-Grading-Bucket-9.jpg\"><img loading=\"lazy\" decoding=\"async\" width=\"400\" height=\"400\" data-id=\"1771\" src=\"https:\/\/www.whitesmh.co.uk\/wp-content\/uploads\/Whites-Grading-Bucket-9-400x400.jpg\" alt=\"\" class=\"wp-image-1771\" srcset=\"https:\/\/www.whitesmh.co.uk\/wp-content\/uploads\/Whites-Grading-Bucket-9-400x400.jpg 400w, https:\/\/www.whitesmh.co.uk\/wp-content\/uploads\/Whites-Grading-Bucket-9-300x300.jpg 300w, https:\/\/www.whitesmh.co.uk\/wp-content\/uploads\/Whites-Grading-Bucket-9-100x100.jpg 100w\" sizes=\"auto, (max-width: 400px) 100vw, 400px\" \/><\/a><\/figure>\n\n\n\n<figure class=\"wp-block-image size-thumbnail\"><a href=\"https:\/\/www.whitesmh.co.uk\/wp-content\/uploads\/Whites-Grading-Bucket-8.jpg\"><img loading=\"lazy\" decoding=\"async\" width=\"400\" height=\"400\" data-id=\"1770\" src=\"https:\/\/www.whitesmh.co.uk\/wp-content\/uploads\/Whites-Grading-Bucket-8-400x400.jpg\" alt=\"\" class=\"wp-image-1770\" srcset=\"https:\/\/www.whitesmh.co.uk\/wp-content\/uploads\/Whites-Grading-Bucket-8-400x400.jpg 400w, https:\/\/www.whitesmh.co.uk\/wp-content\/uploads\/Whites-Grading-Bucket-8-300x300.jpg 300w, https:\/\/www.whitesmh.co.uk\/wp-content\/uploads\/Whites-Grading-Bucket-8-100x100.jpg 100w\" sizes=\"auto, (max-width: 400px) 100vw, 400px\" \/><\/a><\/figure>\n\n\n\n<figure class=\"wp-block-image size-thumbnail\"><a href=\"https:\/\/www.whitesmh.co.uk\/wp-content\/uploads\/IMG_2098-scaled.jpeg\"><img loading=\"lazy\" decoding=\"async\" width=\"400\" height=\"400\" data-id=\"1761\" src=\"https:\/\/www.whitesmh.co.uk\/wp-content\/uploads\/IMG_2098-400x400.jpeg\" alt=\"\" class=\"wp-image-1761\" srcset=\"https:\/\/www.whitesmh.co.uk\/wp-content\/uploads\/IMG_2098-400x400.jpeg 400w, https:\/\/www.whitesmh.co.uk\/wp-content\/uploads\/IMG_2098-scaled-300x300.jpeg 300w, https:\/\/www.whitesmh.co.uk\/wp-content\/uploads\/IMG_2098-scaled-100x100.jpeg 100w\" sizes=\"auto, (max-width: 400px) 100vw, 400px\" \/><\/a><\/figure>\n\n\n\n<figure class=\"wp-block-image size-thumbnail\"><a href=\"https:\/\/www.whitesmh.co.uk\/wp-content\/uploads\/Whites-Grading-Bucket-6.jpg\"><img loading=\"lazy\" decoding=\"async\" width=\"400\" height=\"400\" data-id=\"1768\" src=\"https:\/\/www.whitesmh.co.uk\/wp-content\/uploads\/Whites-Grading-Bucket-6-400x400.jpg\" alt=\"\" class=\"wp-image-1768\" srcset=\"https:\/\/www.whitesmh.co.uk\/wp-content\/uploads\/Whites-Grading-Bucket-6-400x400.jpg 400w, https:\/\/www.whitesmh.co.uk\/wp-content\/uploads\/Whites-Grading-Bucket-6-300x300.jpg 300w, https:\/\/www.whitesmh.co.uk\/wp-content\/uploads\/Whites-Grading-Bucket-6-100x100.jpg 100w\" sizes=\"auto, (max-width: 400px) 100vw, 400px\" \/><\/a><\/figure>\n\n\n\n<figure class=\"wp-block-image size-thumbnail\"><a href=\"https:\/\/www.whitesmh.co.uk\/wp-content\/uploads\/Whites-Grading-Bucket-2.jpg\"><img loading=\"lazy\" decoding=\"async\" width=\"400\" height=\"400\" data-id=\"1764\" src=\"https:\/\/www.whitesmh.co.uk\/wp-content\/uploads\/Whites-Grading-Bucket-2-400x400.jpg\" alt=\"\" class=\"wp-image-1764\" srcset=\"https:\/\/www.whitesmh.co.uk\/wp-content\/uploads\/Whites-Grading-Bucket-2-400x400.jpg 400w, https:\/\/www.whitesmh.co.uk\/wp-content\/uploads\/Whites-Grading-Bucket-2-300x300.jpg 300w, https:\/\/www.whitesmh.co.uk\/wp-content\/uploads\/Whites-Grading-Bucket-2-100x100.jpg 100w\" sizes=\"auto, (max-width: 400px) 100vw, 400px\" \/><\/a><\/figure>\n<\/figure>\n<\/div>\n\n<div class=\"wp-block-group is-layout-constrained wp-block-group-is-layout-constrained\">\n<div class=\"wp-block-group alignfull has-primary-background-color has-background is-layout-flow wp-block-group-is-layout-flow\" style=\"margin-top:30px;margin-bottom:30px;padding-top:var(--wp--preset--spacing--40);padding-right:var(--wp--preset--spacing--40);padding-bottom:var(--wp--preset--spacing--40);padding-left:var(--wp--preset--spacing--40)\">\n<h3 class=\"wp-block-heading alignfull\">MODELOS<\/h3>\n<\/div>\n<\/div>\n\n<figure class=\"wp-block-table\"><table><tbody><tr><td class=\"has-text-align-center\" data-align=\"center\"><strong>N\u00famero de pieza<\/strong><\/td><td class=\"has-text-align-center\" data-align=\"center\"><strong>Ancho (mm)<\/strong><\/td><td class=\"has-text-align-center\" data-align=\"center\"><strong>Ancho (pulgadas)<\/strong><\/td><td class=\"has-text-align-center\" data-align=\"center\"><strong>Tama\u00f1o de la m\u00e1quina<\/strong><\/td><\/tr><tr><td class=\"has-text-align-center\" data-align=\"center\">EG0824<\/td><td class=\"has-text-align-center\" data-align=\"center\">600mm<\/td><td class=\"has-text-align-center\" data-align=\"center\">24\u00bb<\/td><td class=\"has-text-align-center\" data-align=\"center\">0.75T<\/td><\/tr><tr><td class=\"has-text-align-center\" data-align=\"center\">EG0830<\/td><td class=\"has-text-align-center\" data-align=\"center\">750mm<\/td><td class=\"has-text-align-center\" data-align=\"center\">30\u00bb<\/td><td class=\"has-text-align-center\" data-align=\"center\">0.75T<\/td><\/tr><tr><td class=\"has-text-align-center\" data-align=\"center\">EG1530<\/td><td class=\"has-text-align-center\" data-align=\"center\">750mm<\/td><td class=\"has-text-align-center\" data-align=\"center\">30\u00bb<\/td><td class=\"has-text-align-center\" data-align=\"center\">1.50T<\/td><\/tr><tr><td class=\"has-text-align-center\" data-align=\"center\">EG1532<\/td><td class=\"has-text-align-center\" data-align=\"center\">800mm<\/td><td class=\"has-text-align-center\" data-align=\"center\">32\u00bb<\/td><td class=\"has-text-align-center\" data-align=\"center\">1.50T<\/td><\/tr><tr><td class=\"has-text-align-center\" data-align=\"center\">EG1536<\/td><td class=\"has-text-align-center\" data-align=\"center\">900mm<\/td><td class=\"has-text-align-center\" data-align=\"center\">36\u00bb<\/td><td class=\"has-text-align-center\" data-align=\"center\">1.50T<\/td><\/tr><tr><td class=\"has-text-align-center\" data-align=\"center\">EG1539<\/td><td class=\"has-text-align-center\" data-align=\"center\">1000mm<\/td><td class=\"has-text-align-center\" data-align=\"center\">39\u00bb<\/td><td class=\"has-text-align-center\" data-align=\"center\">1.50T<\/td><\/tr><tr><td class=\"has-text-align-center\" data-align=\"center\">EG3036<\/td><td class=\"has-text-align-center\" data-align=\"center\">900mm<\/td><td class=\"has-text-align-center\" data-align=\"center\">36\u00bb<\/td><td class=\"has-text-align-center\" data-align=\"center\">3.0T<\/td><\/tr><tr><td class=\"has-text-align-center\" data-align=\"center\">EG3042<\/td><td class=\"has-text-align-center\" data-align=\"center\">1050mm<\/td><td class=\"has-text-align-center\" data-align=\"center\">42\u00bb<\/td><td class=\"has-text-align-center\" data-align=\"center\">3.0T<\/td><\/tr><tr><td class=\"has-text-align-center\" data-align=\"center\">EG3048<\/td><td class=\"has-text-align-center\" data-align=\"center\">1200mm<\/td><td class=\"has-text-align-center\" data-align=\"center\">48\u00bb<\/td><td class=\"has-text-align-center\" data-align=\"center\">3.0T<\/td><\/tr><tr><td class=\"has-text-align-center\" data-align=\"center\">EG4042<\/td><td class=\"has-text-align-center\" data-align=\"center\">1050mm<\/td><td class=\"has-text-align-center\" data-align=\"center\">42\u00bb<\/td><td class=\"has-text-align-center\" data-align=\"center\">4.0T<\/td><\/tr><tr><td class=\"has-text-align-center\" data-align=\"center\">EG4048<\/td><td class=\"has-text-align-center\" data-align=\"center\">1200mm<\/td><td class=\"has-text-align-center\" data-align=\"center\">48\u00bb<\/td><td class=\"has-text-align-center\" data-align=\"center\">4.0T<\/td><\/tr><tr><td class=\"has-text-align-center\" data-align=\"center\">EG5548<\/td><td class=\"has-text-align-center\" data-align=\"center\">1200mm<\/td><td class=\"has-text-align-center\" data-align=\"center\">48\u00bb<\/td><td class=\"has-text-align-center\" data-align=\"center\">5.50T<\/td><\/tr><tr><td class=\"has-text-align-center\" data-align=\"center\">EG5560<\/td><td class=\"has-text-align-center\" data-align=\"center\">1500mm<\/td><td class=\"has-text-align-center\" data-align=\"center\">60\u00bb<\/td><td class=\"has-text-align-center\" data-align=\"center\">5.50T<\/td><\/tr><tr><td class=\"has-text-align-center\" data-align=\"center\">EG7060<\/td><td class=\"has-text-align-center\" data-align=\"center\">1500mm<\/td><td class=\"has-text-align-center\" data-align=\"center\">60\u00bb<\/td><td class=\"has-text-align-center\" data-align=\"center\">7.0T &#8211; 9.0T<\/td><\/tr><tr><td class=\"has-text-align-center\" data-align=\"center\">EG7072<\/td><td class=\"has-text-align-center\" data-align=\"center\">1850mm<\/td><td class=\"has-text-align-center\" data-align=\"center\">72\u00bb<\/td><td class=\"has-text-align-center\" data-align=\"center\">7.0T &#8211; 9.0T<\/td><\/tr><tr><td class=\"has-text-align-center\" data-align=\"center\">QGGP1360<\/td><td class=\"has-text-align-center\" data-align=\"center\">1500mm<\/td><td class=\"has-text-align-center\" data-align=\"center\">60\u00bb<\/td><td class=\"has-text-align-center\" data-align=\"center\">13.0T<\/td><\/tr><tr><td class=\"has-text-align-center\" data-align=\"center\">QGGP1372<\/td><td class=\"has-text-align-center\" data-align=\"center\">1850mm<\/td><td class=\"has-text-align-center\" data-align=\"center\">72\u00bb<\/td><td class=\"has-text-align-center\" data-align=\"center\">13.0T<\/td><\/tr><tr><td class=\"has-text-align-center\" data-align=\"center\">EMGP2184DB<\/td><td class=\"has-text-align-center\" data-align=\"center\">2130mm<\/td><td class=\"has-text-align-center\" data-align=\"center\">84\u00bb<\/td><td class=\"has-text-align-center\" data-align=\"center\">21.0T<\/td><\/tr><\/tbody><\/table><\/figure>\n\n<div class=\"wp-block-group alignfull has-primary-background-color has-background is-layout-flow wp-block-group-is-layout-flow\" style=\"margin-top:30px;margin-bottom:30px;padding-top:var(--wp--preset--spacing--40);padding-right:var(--wp--preset--spacing--40);padding-bottom:var(--wp--preset--spacing--40);padding-left:var(--wp--preset--spacing--40)\">\n<h3 class=\"wp-block-heading alignfull\">PRODUCTOS RELACIONADOS<\/h3>\n<\/div>\n\n<div class=\"product-grid flex\">\n\t\t<div class=\"col-25 padBottom\">\n\t\t<a href=\"https:\/\/www.whitesmh.co.uk\/es\/producto\/cucharas-de-excavacion\/\" title=\"Cucharas de excavaci\u00f3n\" class=\"block radius\">\n\t\t\t\t\t\t<div class=\"thumb\">\n\t\t\t\t<img loading=\"lazy\" decoding=\"async\" width=\"400\" height=\"400\" src=\"https:\/\/www.whitesmh.co.uk\/wp-content\/uploads\/ES042724-1-400x400.jpg\" class=\"attachment-thumbnail size-thumbnail wp-post-image\" alt=\"\" srcset=\"https:\/\/www.whitesmh.co.uk\/wp-content\/uploads\/ES042724-1-400x400.jpg 400w, https:\/\/www.whitesmh.co.uk\/wp-content\/uploads\/ES042724-1-300x300.jpg 300w, https:\/\/www.whitesmh.co.uk\/wp-content\/uploads\/ES042724-1-100x100.jpg 100w\" sizes=\"auto, (max-width: 400px) 100vw, 400px\" \/>\t\t\t\t\t\t\t\t\t\n\t\t\t<\/div>\n\t\t\t\t\t\t<div class=\"meta smlPadAll\">\n\t\t\t\t<h4 class=\"no-margin\">Cucharas de excavaci\u00f3n<\/h4>\n\t\t\t\t<span class=\"blue button marTop\">Find out more <i class=\"fa-solid fa-chevron-right\"><\/i><\/span>\n\t\t\t<\/div>\n\t\t<\/a>\n\t<\/div>\n\t\t<div class=\"col-25 padBottom\">\n\t\t<a href=\"https:\/\/www.whitesmh.co.uk\/es\/producto\/cucharones-basculantes-hidraulicos\/\" title=\"Cucharones basculantes hidr\u00e1ulicos\" class=\"block radius\">\n\t\t\t\t\t\t<div class=\"thumb\">\n\t\t\t\t<img loading=\"lazy\" decoding=\"async\" width=\"400\" height=\"400\" src=\"https:\/\/www.whitesmh.co.uk\/wp-content\/uploads\/EWST922548-1-400x400.jpg\" class=\"attachment-thumbnail size-thumbnail wp-post-image\" alt=\"\" srcset=\"https:\/\/www.whitesmh.co.uk\/wp-content\/uploads\/EWST922548-1-400x400.jpg 400w, https:\/\/www.whitesmh.co.uk\/wp-content\/uploads\/EWST922548-1-300x300.jpg 300w, https:\/\/www.whitesmh.co.uk\/wp-content\/uploads\/EWST922548-1-100x100.jpg 100w\" sizes=\"auto, (max-width: 400px) 100vw, 400px\" \/>\t\t\t\t\t\t\t\t\t\n\t\t\t<\/div>\n\t\t\t\t\t\t<div class=\"meta smlPadAll\">\n\t\t\t\t<h4 class=\"no-margin\">Cucharones basculantes hidr\u00e1ulicos<\/h4>\n\t\t\t\t<span class=\"blue button marTop\">Find out more <i class=\"fa-solid fa-chevron-right\"><\/i><\/span>\n\t\t\t<\/div>\n\t\t<\/a>\n\t<\/div>\n\t\t<div class=\"col-25 padBottom\">\n\t\t<a href=\"https:\/\/www.whitesmh.co.uk\/es\/producto\/cucharones-tipo-s\/\" title=\"Cucharones tipo S\" class=\"block radius\">\n\t\t\t\t\t\t<div class=\"thumb\">\n\t\t\t\t<img loading=\"lazy\" decoding=\"async\" width=\"400\" height=\"400\" src=\"https:\/\/www.whitesmh.co.uk\/wp-content\/uploads\/Scandinavian-Bucket-400x400.jpg\" class=\"attachment-thumbnail size-thumbnail wp-post-image\" alt=\"\" srcset=\"https:\/\/www.whitesmh.co.uk\/wp-content\/uploads\/Scandinavian-Bucket-400x400.jpg 400w, https:\/\/www.whitesmh.co.uk\/wp-content\/uploads\/Scandinavian-Bucket-300x300.jpg 300w, https:\/\/www.whitesmh.co.uk\/wp-content\/uploads\/Scandinavian-Bucket-100x100.jpg 100w\" sizes=\"auto, (max-width: 400px) 100vw, 400px\" \/>\t\t\t\t\t\t\t\t\t\n\t\t\t<\/div>\n\t\t\t\t\t\t<div class=\"meta smlPadAll\">\n\t\t\t\t<h4 class=\"no-margin\">Cucharones tipo S<\/h4>\n\t\t\t\t<span class=\"blue button marTop\">Find out more <i class=\"fa-solid fa-chevron-right\"><\/i><\/span>\n\t\t\t<\/div>\n\t\t<\/a>\n\t<\/div>\n\t\t<div class=\"col-25 padBottom\">\n\t\t<a href=\"https:\/\/www.whitesmh.co.uk\/es\/producto\/cubos-de-roca\/\" title=\"Cubos de roca\" class=\"block radius\">\n\t\t\t\t\t\t<div class=\"thumb\">\n\t\t\t\t<img loading=\"lazy\" decoding=\"async\" width=\"400\" height=\"400\" src=\"https:\/\/www.whitesmh.co.uk\/wp-content\/uploads\/Rock-Bucket-1-400x400.png\" class=\"attachment-thumbnail size-thumbnail wp-post-image\" alt=\"\" srcset=\"https:\/\/www.whitesmh.co.uk\/wp-content\/uploads\/Rock-Bucket-1-400x400.png 400w, https:\/\/www.whitesmh.co.uk\/wp-content\/uploads\/Rock-Bucket-1-300x300.jpg 300w, https:\/\/www.whitesmh.co.uk\/wp-content\/uploads\/Rock-Bucket-1-100x100.jpg 100w, https:\/\/www.whitesmh.co.uk\/wp-content\/uploads\/Rock-Bucket-1-600x600.jpg 600w, https:\/\/www.whitesmh.co.uk\/wp-content\/uploads\/Rock-Bucket-1-800x800.png 800w, https:\/\/www.whitesmh.co.uk\/wp-content\/uploads\/Rock-Bucket-1-768x768.png 768w, https:\/\/www.whitesmh.co.uk\/wp-content\/uploads\/Rock-Bucket-1.jpg 926w\" sizes=\"auto, (max-width: 400px) 100vw, 400px\" \/>\t\t\t\t\t\t\t\t\t\n\t\t\t<\/div>\n\t\t\t\t\t\t<div class=\"meta smlPadAll\">\n\t\t\t\t<h4 class=\"no-margin\">Cubos de roca<\/h4>\n\t\t\t\t<span class=\"blue button marTop\">Find out more <i class=\"fa-solid fa-chevron-right\"><\/i><\/span>\n\t\t\t<\/div>\n\t\t<\/a>\n\t<\/div>\n\t<\/div>\n","protected":false},"excerpt":{"rendered":"<p>CUCHARAS DE CLASIFICACI\u00d3N WHITES es el mayor fabricante de cucharas para excavadoras del Reino Unido, que produce productos aprobados por OEM en todo el mundo. GALER\u00cdA MODELOS N\u00famero de pieza Ancho (mm) Ancho (pulgadas) Tama\u00f1o de la m\u00e1quina EG0824 600mm 24\u00bb 0.75T EG0830 750mm 30\u00bb 0.75T EG1530 750mm 30\u00bb 1.50T EG1532 800mm 32\u00bb 1.50T EG1536&hellip;<\/p>\n","protected":false},"featured_media":7827,"template":"","meta":{"_acf_changed":false},"product_brand":[],"product_cat":[322],"product_tag":[],"class_list":{"2":"type-product","7":"product","8":"first","9":"instock","10":"taxable","11":"shipping-taxable","12":"product-type-simple"},"acf":[],"_links":{"self":[{"href":"https:\/\/www.whitesmh.co.uk\/es\/wp-json\/wp\/v2\/product\/7819","targetHints":{"allow":["GET"]}}],"collection":[{"href":"https:\/\/www.whitesmh.co.uk\/es\/wp-json\/wp\/v2\/product"}],"about":[{"href":"https:\/\/www.whitesmh.co.uk\/es\/wp-json\/wp\/v2\/types\/product"}],"wp:featuredmedia":[{"embeddable":true,"href":"https:\/\/www.whitesmh.co.uk\/es\/wp-json\/wp\/v2\/media\/7827"}],"wp:attachment":[{"href":"https:\/\/www.whitesmh.co.uk\/es\/wp-json\/wp\/v2\/media?parent=7819"}],"wp:term":[{"taxonomy":"product_brand","embeddable":true,"href":"https:\/\/www.whitesmh.co.uk\/es\/wp-json\/wp\/v2\/product_brand?post=7819"},{"taxonomy":"product_cat","embeddable":true,"href":"https:\/\/www.whitesmh.co.uk\/es\/wp-json\/wp\/v2\/product_cat?post=7819"},{"taxonomy":"product_tag","embeddable":true,"href":"https:\/\/www.whitesmh.co.uk\/es\/wp-json\/wp\/v2\/product_tag?post=7819"}],"curies":[{"name":"wp","href":"https:\/\/api.w.org\/{rel}","templated":true}]}}