{"id":7724,"date":"2023-11-20T15:43:07","date_gmt":"2023-11-20T15:43:07","guid":{"rendered":"https:\/\/www.whitesmh.co.uk\/products\/ag-x-cucharas-de-grano-remanipulacion\/"},"modified":"2024-11-19T08:57:45","modified_gmt":"2024-11-19T08:57:45","slug":"ag-x-cucharas-de-grano-remanipulacion","status":"publish","type":"product","link":"https:\/\/www.whitesmh.co.uk\/es\/producto\/ag-x-cucharas-de-grano-remanipulacion\/","title":{"rendered":"AG-X cucharas de grano \/ remanipulaci\u00f3n"},"content":{"rendered":"\n<div class=\"wp-block-columns is-layout-flex wp-container-core-columns-is-layout-28f84493 wp-block-columns-is-layout-flex\">\n<div class=\"wp-block-column is-vertically-aligned-center is-layout-flow wp-block-column-is-layout-flow\">\n<figure class=\"wp-block-image size-full\"><img loading=\"lazy\" decoding=\"async\" width=\"2000\" height=\"1500\" src=\"https:\/\/www.whitesmh.co.uk\/wp-content\/uploads\/IMG_3033-scaled.jpeg\" alt=\"\" class=\"wp-image-2710\" srcset=\"https:\/\/www.whitesmh.co.uk\/wp-content\/uploads\/IMG_3033-scaled.jpeg 2000w, https:\/\/www.whitesmh.co.uk\/wp-content\/uploads\/IMG_3033-scaled-600x450.jpeg 600w, https:\/\/www.whitesmh.co.uk\/wp-content\/uploads\/IMG_3033-scaled-e1710327755200-800x600.jpeg 800w, https:\/\/www.whitesmh.co.uk\/wp-content\/uploads\/IMG_3033-768x576.jpeg 768w\" sizes=\"auto, (max-width: 800px) 100vw, 800px\" \/><\/figure>\n<\/div>\n\n\n\n<div class=\"wp-block-column is-layout-flow wp-block-column-is-layout-flow\">\n<h2 class=\"wp-block-heading\" style=\"text-transform:uppercase\">AG-X Grain \/ CUCHARAS DE REMANIPULACI\u00d3N  <\/h2>\n\n\n\n<p>La gama de cucharas WHITES AG-X destaca como un verdadero l\u00edder del mercado en cuanto a especificaciones y calidad de construcci\u00f3n. Instamos a la industria a comparar nuestras especificaciones con cualquier otra disponible.  <\/p>\n\n\n\n<ul class=\"wp-block-list\">\n<li>Ideal para la manipulaci\u00f3n de materiales de baja densidad<\/li>\n\n\n\n<li>Laterales de acero de alta resistencia Strenx 700mc<\/li>\n\n\n\n<li>Carcasa de 6 mm  <\/li>\n\n\n\n<li>Los paneles laterales enrollados integrados ayudan a la protecci\u00f3n de los cultivos<\/li>\n\n\n\n<li>Cuerpo interno laminado para descarga de material<\/li>\n\n\n\n<li>Filo de corte tratado t\u00e9rmicamente con boro HB500<\/li>\n\n\n\n<li>Almohadillas de desgaste de boro HB500<\/li>\n\n\n\n<li>Soportes de soporte de envoltura completa<\/li>\n\n\n\n<li>Los soportes del cuchar\u00f3n de envoltura completa distribuyen las cargas de manera uniforme<\/li>\n\n\n\n<li>Laterales abovedados\/curvos en modelos m\u00e1s grandes*<\/li>\n\n\n\n<li>Tornillo opcional en filo de corte reversible<\/li>\n<\/ul>\n\n\n\n<div class=\"wp-block-columns is-layout-flex wp-container-core-columns-is-layout-28f84493 wp-block-columns-is-layout-flex\">\n<div class=\"wp-block-column is-layout-flow wp-block-column-is-layout-flow\" style=\"flex-basis:100%\">\n<figure class=\"wp-block-image size-medium is-resized\"><img loading=\"lazy\" decoding=\"async\" width=\"800\" height=\"135\" src=\"https:\/\/www.whitesmh.co.uk\/wp-content\/uploads\/MIB-AGX-800x135.jpg\" alt=\"\" class=\"wp-image-1173\" style=\"width:268px;height:auto\" srcset=\"https:\/\/www.whitesmh.co.uk\/wp-content\/uploads\/MIB-AGX-800x135.jpg 800w, https:\/\/www.whitesmh.co.uk\/wp-content\/uploads\/MIB-AGX-600x101.jpg 600w, https:\/\/www.whitesmh.co.uk\/wp-content\/uploads\/MIB-AGX-768x129.jpg 768w, https:\/\/www.whitesmh.co.uk\/wp-content\/uploads\/MIB-AGX.jpg 1046w\" sizes=\"auto, (max-width: 800px) 100vw, 800px\" \/><\/figure>\n<\/div>\n<\/div>\n\n\n\n<div class=\"wp-block-buttons is-layout-flex wp-block-buttons-is-layout-flex\">\n<div class=\"wp-block-button\"><a class=\"wp-block-button__link wp-element-button\" href=\"https:\/\/www.whitesmh.co.uk\/es\/contacto\/\">CONT\u00c1CTENOS<\/a><\/div>\n\n\n\n<div class=\"wp-block-button\"><a class=\"wp-block-button__link wp-element-button\" href=\"https:\/\/www.whitesmh.co.uk\/support\/buckets-product-support\/\">SOPORTE DE PRODUCTO<\/a><\/div>\n\n\n\n<div class=\"wp-block-button\"><a class=\"wp-block-button__link wp-element-button\" href=\"https:\/\/www.whitesmh.co.uk\/wp-content\/uploads\/WMH-Data-Sheet-Agri-Buckets.pptx\" target=\"_blank\" rel=\"noreferrer noopener\">FICHA T\u00c9CNICA<\/a><\/div>\n<\/div>\n<\/div>\n<\/div>\n\n<div class=\"wp-block-group has-primary-background-color has-background is-layout-flow wp-block-group-is-layout-flow\" style=\"margin-top:30px;margin-bottom:30px;padding-top:var(--wp--preset--spacing--40);padding-right:var(--wp--preset--spacing--40);padding-bottom:var(--wp--preset--spacing--40);padding-left:var(--wp--preset--spacing--40)\">\n<h3 class=\"wp-block-heading\">MODELOS<\/h3>\n<\/div>\n\n<figure class=\"wp-block-table\"><table><tbody><tr><td class=\"has-text-align-center\" data-align=\"center\"><strong>Modelo<\/strong><\/td><td class=\"has-text-align-center\" data-align=\"center\"><strong>Ancho (mm)<\/strong><\/td><td class=\"has-text-align-center\" data-align=\"center\"><strong>Ancho (pies)<\/strong><\/td><td class=\"has-text-align-center\" data-align=\"center\"><strong>Capacidad<\/strong><\/td><\/tr><tr><td class=\"has-text-align-center\" data-align=\"center\">A1576<\/td><td class=\"has-text-align-center\" data-align=\"center\">2290mm<\/td><td class=\"has-text-align-center\" data-align=\"center\">7&#8217;6\u00bb<\/td><td class=\"has-text-align-center\" data-align=\"center\">1.50m3<\/td><\/tr><tr><td class=\"has-text-align-center\" data-align=\"center\">A1776<\/td><td class=\"has-text-align-center\" data-align=\"center\">2290mm<\/td><td class=\"has-text-align-center\" data-align=\"center\">7&#8217;6\u00bb<\/td><td class=\"has-text-align-center\" data-align=\"center\">1.70m3<\/td><\/tr><tr><td class=\"has-text-align-center\" data-align=\"center\">A2076<\/td><td class=\"has-text-align-center\" data-align=\"center\">2290mm<\/td><td class=\"has-text-align-center\" data-align=\"center\">7&#8217;6\u00bb<\/td><td class=\"has-text-align-center\" data-align=\"center\">2.00m3<\/td><\/tr><tr><td class=\"has-text-align-center\" data-align=\"center\">A1580<\/td><td class=\"has-text-align-center\" data-align=\"center\">2450mm<\/td><td class=\"has-text-align-center\" data-align=\"center\">8&#8242;<\/td><td class=\"has-text-align-center\" data-align=\"center\">1.50m3<\/td><\/tr><tr><td class=\"has-text-align-center\" data-align=\"center\">A1780<\/td><td class=\"has-text-align-center\" data-align=\"center\">2450mm<\/td><td class=\"has-text-align-center\" data-align=\"center\">8&#8242;<\/td><td class=\"has-text-align-center\" data-align=\"center\">1.70m3<\/td><\/tr><tr><td class=\"has-text-align-center\" data-align=\"center\">A2080<\/td><td class=\"has-text-align-center\" data-align=\"center\">2450mm<\/td><td class=\"has-text-align-center\" data-align=\"center\">8&#8242;<\/td><td class=\"has-text-align-center\" data-align=\"center\">2.00m3<\/td><\/tr><tr><td class=\"has-text-align-center\" data-align=\"center\">A2580<\/td><td class=\"has-text-align-center\" data-align=\"center\">2450mm<\/td><td class=\"has-text-align-center\" data-align=\"center\">8&#8242;<\/td><td class=\"has-text-align-center\" data-align=\"center\">2.50m3<\/td><\/tr><tr><td class=\"has-text-align-center\" data-align=\"center\">A3080<\/td><td class=\"has-text-align-center\" data-align=\"center\">2450mm<\/td><td class=\"has-text-align-center\" data-align=\"center\">8&#8242;<\/td><td class=\"has-text-align-center\" data-align=\"center\">3.00m3<\/td><\/tr><tr><td class=\"has-text-align-center\" data-align=\"center\">A3580*<\/td><td class=\"has-text-align-center\" data-align=\"center\">2450mm<\/td><td class=\"has-text-align-center\" data-align=\"center\">8&#8242;<\/td><td class=\"has-text-align-center\" data-align=\"center\">3.50m3<\/td><\/tr><tr><td class=\"has-text-align-center\" data-align=\"center\">A4080*<\/td><td class=\"has-text-align-center\" data-align=\"center\">2450mm<\/td><td class=\"has-text-align-center\" data-align=\"center\">8&#8242;<\/td><td class=\"has-text-align-center\" data-align=\"center\">4.00m3<\/td><\/tr><\/tbody><\/table><\/figure>\n\n<div class=\"wp-block-group is-layout-flow wp-block-group-is-layout-flow\">\n<div class=\"wp-block-group has-primary-background-color has-background is-layout-flow wp-block-group-is-layout-flow\" style=\"margin-top:30px;margin-bottom:30px;padding-top:var(--wp--preset--spacing--40);padding-right:var(--wp--preset--spacing--40);padding-bottom:var(--wp--preset--spacing--40);padding-left:var(--wp--preset--spacing--40)\">\n<h3 class=\"wp-block-heading\">GALER\u00cdA<\/h3>\n<\/div>\n\n\n\n<figure class=\"wp-block-gallery has-nested-images columns-4 is-cropped wp-block-gallery-1 is-layout-flex wp-block-gallery-is-layout-flex\">\n<figure class=\"wp-block-image size-thumbnail\"><a href=\"https:\/\/www.whitesmh.co.uk\/wp-content\/uploads\/IMG_1280-scaled.jpg\"><img loading=\"lazy\" decoding=\"async\" width=\"400\" height=\"400\" data-id=\"1154\" src=\"https:\/\/www.whitesmh.co.uk\/wp-content\/uploads\/IMG_1280-400x400.jpg\" alt=\"\" class=\"wp-image-1154\" srcset=\"https:\/\/www.whitesmh.co.uk\/wp-content\/uploads\/IMG_1280-400x400.jpg 400w, https:\/\/www.whitesmh.co.uk\/wp-content\/uploads\/IMG_1280-scaled-300x300.jpg 300w, https:\/\/www.whitesmh.co.uk\/wp-content\/uploads\/IMG_1280-scaled-100x100.jpg 100w\" sizes=\"auto, (max-width: 400px) 100vw, 400px\" \/><\/a><\/figure>\n\n\n\n<figure class=\"wp-block-image size-thumbnail\"><a href=\"https:\/\/www.whitesmh.co.uk\/wp-content\/uploads\/IMG_2040-scaled.jpeg\"><img loading=\"lazy\" decoding=\"async\" width=\"400\" height=\"400\" data-id=\"1147\" src=\"https:\/\/www.whitesmh.co.uk\/wp-content\/uploads\/IMG_2040-400x400.jpeg\" alt=\"\" class=\"wp-image-1147\" srcset=\"https:\/\/www.whitesmh.co.uk\/wp-content\/uploads\/IMG_2040-400x400.jpeg 400w, https:\/\/www.whitesmh.co.uk\/wp-content\/uploads\/IMG_2040-scaled-300x300.jpeg 300w, https:\/\/www.whitesmh.co.uk\/wp-content\/uploads\/IMG_2040-scaled-100x100.jpeg 100w\" sizes=\"auto, (max-width: 400px) 100vw, 400px\" \/><\/a><\/figure>\n\n\n\n<figure class=\"wp-block-image size-thumbnail\"><a href=\"https:\/\/www.whitesmh.co.uk\/wp-content\/uploads\/IMG_2110-scaled.jpeg\"><img loading=\"lazy\" decoding=\"async\" width=\"400\" height=\"400\" data-id=\"1152\" src=\"https:\/\/www.whitesmh.co.uk\/wp-content\/uploads\/IMG_2110-400x400.jpeg\" alt=\"\" class=\"wp-image-1152\" srcset=\"https:\/\/www.whitesmh.co.uk\/wp-content\/uploads\/IMG_2110-400x400.jpeg 400w, https:\/\/www.whitesmh.co.uk\/wp-content\/uploads\/IMG_2110-scaled-300x300.jpeg 300w, https:\/\/www.whitesmh.co.uk\/wp-content\/uploads\/IMG_2110-scaled-100x100.jpeg 100w\" sizes=\"auto, (max-width: 400px) 100vw, 400px\" \/><\/a><\/figure>\n\n\n\n<figure class=\"wp-block-image size-thumbnail\"><a href=\"https:\/\/www.whitesmh.co.uk\/wp-content\/uploads\/IMG_2038-scaled.jpeg\"><img loading=\"lazy\" decoding=\"async\" width=\"400\" height=\"400\" data-id=\"1149\" src=\"https:\/\/www.whitesmh.co.uk\/wp-content\/uploads\/IMG_2038-400x400.jpeg\" alt=\"\" class=\"wp-image-1149\" srcset=\"https:\/\/www.whitesmh.co.uk\/wp-content\/uploads\/IMG_2038-400x400.jpeg 400w, https:\/\/www.whitesmh.co.uk\/wp-content\/uploads\/IMG_2038-scaled-300x300.jpeg 300w, https:\/\/www.whitesmh.co.uk\/wp-content\/uploads\/IMG_2038-scaled-100x100.jpeg 100w\" sizes=\"auto, (max-width: 400px) 100vw, 400px\" \/><\/a><\/figure>\n\n\n\n<figure class=\"wp-block-image size-thumbnail\"><a href=\"https:\/\/www.whitesmh.co.uk\/wp-content\/uploads\/IMG_2043-scaled.jpeg\"><img loading=\"lazy\" decoding=\"async\" width=\"400\" height=\"400\" data-id=\"1148\" src=\"https:\/\/www.whitesmh.co.uk\/wp-content\/uploads\/IMG_2043-400x400.jpeg\" alt=\"\" class=\"wp-image-1148\" srcset=\"https:\/\/www.whitesmh.co.uk\/wp-content\/uploads\/IMG_2043-400x400.jpeg 400w, https:\/\/www.whitesmh.co.uk\/wp-content\/uploads\/IMG_2043-scaled-300x300.jpeg 300w, https:\/\/www.whitesmh.co.uk\/wp-content\/uploads\/IMG_2043-scaled-100x100.jpeg 100w\" sizes=\"auto, (max-width: 400px) 100vw, 400px\" \/><\/a><\/figure>\n\n\n\n<figure class=\"wp-block-image size-thumbnail\"><a href=\"https:\/\/www.whitesmh.co.uk\/wp-content\/uploads\/IMG_2039-scaled.jpeg\"><img loading=\"lazy\" decoding=\"async\" width=\"400\" height=\"400\" data-id=\"1155\" src=\"https:\/\/www.whitesmh.co.uk\/wp-content\/uploads\/IMG_2039-400x400.jpeg\" alt=\"\" class=\"wp-image-1155\" srcset=\"https:\/\/www.whitesmh.co.uk\/wp-content\/uploads\/IMG_2039-400x400.jpeg 400w, https:\/\/www.whitesmh.co.uk\/wp-content\/uploads\/IMG_2039-scaled-300x300.jpeg 300w, https:\/\/www.whitesmh.co.uk\/wp-content\/uploads\/IMG_2039-scaled-100x100.jpeg 100w\" sizes=\"auto, (max-width: 400px) 100vw, 400px\" \/><\/a><\/figure>\n\n\n\n<figure class=\"wp-block-image size-thumbnail\"><a href=\"https:\/\/www.whitesmh.co.uk\/wp-content\/uploads\/IMG_2035-scaled.jpeg\"><img loading=\"lazy\" decoding=\"async\" width=\"400\" height=\"400\" data-id=\"1151\" src=\"https:\/\/www.whitesmh.co.uk\/wp-content\/uploads\/IMG_2035-400x400.jpeg\" alt=\"\" class=\"wp-image-1151\" srcset=\"https:\/\/www.whitesmh.co.uk\/wp-content\/uploads\/IMG_2035-400x400.jpeg 400w, https:\/\/www.whitesmh.co.uk\/wp-content\/uploads\/IMG_2035-scaled-300x300.jpeg 300w, https:\/\/www.whitesmh.co.uk\/wp-content\/uploads\/IMG_2035-scaled-100x100.jpeg 100w\" sizes=\"auto, (max-width: 400px) 100vw, 400px\" \/><\/a><\/figure>\n\n\n\n<figure class=\"wp-block-image size-thumbnail\"><a href=\"https:\/\/www.whitesmh.co.uk\/wp-content\/uploads\/AE3080-JCB-Q-Fit-1.jpeg\"><img loading=\"lazy\" decoding=\"async\" width=\"400\" height=\"400\" data-id=\"1153\" src=\"https:\/\/www.whitesmh.co.uk\/wp-content\/uploads\/AE3080-JCB-Q-Fit-1-400x400.jpeg\" alt=\"\" class=\"wp-image-1153\" srcset=\"https:\/\/www.whitesmh.co.uk\/wp-content\/uploads\/AE3080-JCB-Q-Fit-1-400x400.jpeg 400w, https:\/\/www.whitesmh.co.uk\/wp-content\/uploads\/AE3080-JCB-Q-Fit-1-300x300.jpeg 300w, https:\/\/www.whitesmh.co.uk\/wp-content\/uploads\/AE3080-JCB-Q-Fit-1-100x100.jpeg 100w\" sizes=\"auto, (max-width: 400px) 100vw, 400px\" \/><\/a><\/figure>\n<\/figure>\n<\/div>\n\n<div class=\"wp-block-group has-primary-background-color has-background is-layout-flow wp-block-group-is-layout-flow\" style=\"margin-top:30px;margin-bottom:30px;padding-top:var(--wp--preset--spacing--40);padding-right:var(--wp--preset--spacing--40);padding-bottom:var(--wp--preset--spacing--40);padding-left:var(--wp--preset--spacing--40)\">\n<h3 class=\"wp-block-heading\">EXTRAS OPCIONALES<\/h3>\n<\/div>\n\n<figure class=\"wp-block-table\"><table><tbody><tr><td class=\"has-text-align-center\" data-align=\"center\"><strong>N\u00famero de pieza<\/strong><\/td><td class=\"has-text-align-center\" data-align=\"center\"><strong>Descripci\u00f3n<\/strong><\/td><\/tr><tr><td class=\"has-text-align-center\" data-align=\"center\">-SG<\/td><td class=\"has-text-align-center\" data-align=\"center\">Protecci\u00f3n contra derrames de ancho completo<\/td><\/tr><tr><td class=\"has-text-align-center\" data-align=\"center\">-DB<\/td><td class=\"has-text-align-center\" data-align=\"center\">Tornillo en la puntera reversible<\/td><\/tr><\/tbody><\/table><\/figure>\n\n<p><\/p>\n\n<div class=\"wp-block-group is-layout-constrained wp-block-group-is-layout-constrained\">\n<figure class=\"wp-block-gallery alignfull has-nested-images columns-4 is-cropped wp-block-gallery-2 is-layout-flex wp-block-gallery-is-layout-flex\">\n<figure class=\"wp-block-image size-thumbnail\"><a href=\"https:\/\/www.whitesmh.co.uk\/wp-content\/uploads\/Untitled-5.jpg\"><img loading=\"lazy\" decoding=\"async\" width=\"400\" height=\"400\" data-id=\"2700\" src=\"https:\/\/www.whitesmh.co.uk\/wp-content\/uploads\/Untitled-5-400x400.jpg\" alt=\"\" class=\"wp-image-2700\" srcset=\"https:\/\/www.whitesmh.co.uk\/wp-content\/uploads\/Untitled-5-400x400.jpg 400w, https:\/\/www.whitesmh.co.uk\/wp-content\/uploads\/Untitled-5-300x300.jpg 300w, https:\/\/www.whitesmh.co.uk\/wp-content\/uploads\/Untitled-5-100x100.jpg 100w\" sizes=\"auto, (max-width: 400px) 100vw, 400px\" \/><\/a><figcaption class=\"wp-element-caption\">Protecci\u00f3n contra derrames<\/figcaption><\/figure>\n\n\n\n<figure class=\"wp-block-image size-thumbnail\"><a href=\"https:\/\/www.whitesmh.co.uk\/wp-content\/uploads\/b72da933-ca1f-4934-86de-db22fe6e57e8.jpg\"><img loading=\"lazy\" decoding=\"async\" width=\"400\" height=\"400\" data-id=\"2701\" src=\"https:\/\/www.whitesmh.co.uk\/wp-content\/uploads\/b72da933-ca1f-4934-86de-db22fe6e57e8-400x400.jpg\" alt=\"\" class=\"wp-image-2701\" srcset=\"https:\/\/www.whitesmh.co.uk\/wp-content\/uploads\/b72da933-ca1f-4934-86de-db22fe6e57e8-400x400.jpg 400w, https:\/\/www.whitesmh.co.uk\/wp-content\/uploads\/b72da933-ca1f-4934-86de-db22fe6e57e8-300x300.jpg 300w, https:\/\/www.whitesmh.co.uk\/wp-content\/uploads\/b72da933-ca1f-4934-86de-db22fe6e57e8-100x100.jpg 100w\" sizes=\"auto, (max-width: 400px) 100vw, 400px\" \/><\/a><figcaption class=\"wp-element-caption\">Protecci\u00f3n contra derrames personalizada<\/figcaption><\/figure>\n\n\n\n<figure class=\"wp-block-image size-thumbnail\"><a href=\"https:\/\/www.whitesmh.co.uk\/wp-content\/uploads\/IMG_8957-scaled.jpeg\"><img loading=\"lazy\" decoding=\"async\" width=\"400\" height=\"400\" data-id=\"2699\" src=\"https:\/\/www.whitesmh.co.uk\/wp-content\/uploads\/IMG_8957-400x400.jpeg\" alt=\"\" class=\"wp-image-2699\" srcset=\"https:\/\/www.whitesmh.co.uk\/wp-content\/uploads\/IMG_8957-400x400.jpeg 400w, https:\/\/www.whitesmh.co.uk\/wp-content\/uploads\/IMG_8957-scaled-300x300.jpeg 300w, https:\/\/www.whitesmh.co.uk\/wp-content\/uploads\/IMG_8957-scaled-100x100.jpeg 100w\" sizes=\"auto, (max-width: 400px) 100vw, 400px\" \/><\/a><figcaption class=\"wp-element-caption\">Atornillar en placa reversible  <\/figcaption><\/figure>\n\n\n\n<figure class=\"wp-block-image size-thumbnail\"><a href=\"https:\/\/www.whitesmh.co.uk\/wp-content\/uploads\/1680632231066.jpeg\"><img loading=\"lazy\" decoding=\"async\" width=\"400\" height=\"400\" data-id=\"2695\" src=\"https:\/\/www.whitesmh.co.uk\/wp-content\/uploads\/1680632231066-400x400.jpeg\" alt=\"\" class=\"wp-image-2695\" srcset=\"https:\/\/www.whitesmh.co.uk\/wp-content\/uploads\/1680632231066-400x400.jpeg 400w, https:\/\/www.whitesmh.co.uk\/wp-content\/uploads\/1680632231066-300x300.jpeg 300w, https:\/\/www.whitesmh.co.uk\/wp-content\/uploads\/1680632231066-100x100.jpeg 100w\" sizes=\"auto, (max-width: 400px) 100vw, 400px\" \/><\/a><figcaption class=\"wp-element-caption\">Tornillo en la placa de la puntera reversible<\/figcaption><\/figure>\n<\/figure>\n<\/div>\n\n<div class=\"wp-block-group has-primary-background-color has-background is-layout-flow wp-block-group-is-layout-flow\" style=\"margin-top:30px;margin-bottom:30px;padding-top:var(--wp--preset--spacing--40);padding-right:var(--wp--preset--spacing--40);padding-bottom:var(--wp--preset--spacing--40);padding-left:var(--wp--preset--spacing--40)\">\n<h3 class=\"wp-block-heading\">VIDEOS<\/h3>\n<\/div>\n\n<figure class=\"wp-block-embed is-type-video is-provider-youtube wp-block-embed-youtube wp-embed-aspect-16-9 wp-has-aspect-ratio\"><div class=\"wp-block-embed__wrapper\">\n<iframe loading=\"lazy\" title=\"Whites Material Handling - Agricultural Buckets\" width=\"800\" height=\"450\" src=\"https:\/\/www.youtube.com\/embed\/QzcfxT3JTto?feature=oembed\" frameborder=\"0\" allow=\"accelerometer; autoplay; clipboard-write; encrypted-media; gyroscope; picture-in-picture; web-share\" referrerpolicy=\"strict-origin-when-cross-origin\" allowfullscreen><\/iframe>\n<\/div><\/figure>\n","protected":false},"excerpt":{"rendered":"<p>AG-X Grain \/ CUCHARAS DE REMANIPULACI\u00d3N La gama de cucharas WHITES AG-X destaca como un verdadero l\u00edder del mercado en cuanto a especificaciones y calidad de construcci\u00f3n. Instamos a la industria a comparar nuestras especificaciones con cualquier otra disponible. MODELOS Modelo Ancho (mm) Ancho (pies) Capacidad A1576 2290mm 7&#8217;6\u00bb 1.50m3 A1776 2290mm 7&#8217;6\u00bb 1.70m3 A2076&hellip;<\/p>\n","protected":false},"featured_media":7765,"template":"","meta":{"_acf_changed":false},"product_brand":[],"product_cat":[324],"product_tag":[],"class_list":{"2":"type-product","7":"product","8":"first","9":"instock","10":"taxable","11":"shipping-taxable","12":"product-type-simple"},"acf":[],"_links":{"self":[{"href":"https:\/\/www.whitesmh.co.uk\/es\/wp-json\/wp\/v2\/product\/7724","targetHints":{"allow":["GET"]}}],"collection":[{"href":"https:\/\/www.whitesmh.co.uk\/es\/wp-json\/wp\/v2\/product"}],"about":[{"href":"https:\/\/www.whitesmh.co.uk\/es\/wp-json\/wp\/v2\/types\/product"}],"wp:featuredmedia":[{"embeddable":true,"href":"https:\/\/www.whitesmh.co.uk\/es\/wp-json\/wp\/v2\/media\/7765"}],"wp:attachment":[{"href":"https:\/\/www.whitesmh.co.uk\/es\/wp-json\/wp\/v2\/media?parent=7724"}],"wp:term":[{"taxonomy":"product_brand","embeddable":true,"href":"https:\/\/www.whitesmh.co.uk\/es\/wp-json\/wp\/v2\/product_brand?post=7724"},{"taxonomy":"product_cat","embeddable":true,"href":"https:\/\/www.whitesmh.co.uk\/es\/wp-json\/wp\/v2\/product_cat?post=7724"},{"taxonomy":"product_tag","embeddable":true,"href":"https:\/\/www.whitesmh.co.uk\/es\/wp-json\/wp\/v2\/product_tag?post=7724"}],"curies":[{"name":"wp","href":"https:\/\/api.w.org\/{rel}","templated":true}]}}