{"id":7698,"date":"2023-12-09T21:58:40","date_gmt":"2023-12-09T21:58:40","guid":{"rendered":"https:\/\/www.whitesmh.co.uk\/products\/cucharas-estandar-2\/"},"modified":"2024-11-19T09:03:33","modified_gmt":"2024-11-19T09:03:33","slug":"cucharas-estandar-2","status":"publish","type":"product","link":"https:\/\/www.whitesmh.co.uk\/es\/producto\/cucharas-estandar-2\/","title":{"rendered":"Cucharas est\u00e1ndar"},"content":{"rendered":"\n<div class=\"wp-block-columns is-layout-flex wp-container-core-columns-is-layout-28f84493 wp-block-columns-is-layout-flex\">\n<div class=\"wp-block-column is-vertically-aligned-center is-layout-flow wp-block-column-is-layout-flow\">\n<figure class=\"wp-block-image size-full\"><img loading=\"lazy\" decoding=\"async\" width=\"1596\" height=\"1555\" src=\"https:\/\/www.whitesmh.co.uk\/wp-content\/uploads\/Skidsteer-Standard-Bucket-1.jpg\" alt=\"\" class=\"wp-image-2339\" srcset=\"https:\/\/www.whitesmh.co.uk\/wp-content\/uploads\/Skidsteer-Standard-Bucket-1.jpg 1596w, https:\/\/www.whitesmh.co.uk\/wp-content\/uploads\/Skidsteer-Standard-Bucket-1-600x585.jpg 600w, https:\/\/www.whitesmh.co.uk\/wp-content\/uploads\/Skidsteer-Standard-Bucket-1-800x779.jpg 800w, https:\/\/www.whitesmh.co.uk\/wp-content\/uploads\/Skidsteer-Standard-Bucket-1-768x748.jpg 768w\" sizes=\"auto, (max-width: 800px) 100vw, 800px\" \/><\/figure>\n<\/div>\n\n\n\n<div class=\"wp-block-column is-layout-flow wp-block-column-is-layout-flow\">\n<h2 class=\"wp-block-heading\" style=\"text-transform:uppercase\">CUCHAR\u00d3N EST\u00c1NDAR<\/h2>\n\n\n\n<p><\/p>\n\n\n\n<p>El cuchar\u00f3n de minicargadora est\u00e1ndar de WHITES es un producto universalmente reconocido y de confianza por los fabricantes de equipos originales, que establece el est\u00e1ndar para los cucharones de minicargadora.<\/p>\n\n\n\n<ul class=\"wp-block-list\">\n<li>Ideal para el manejo de materiales de alta densidad<\/li>\n\n\n\n<li>Construcci\u00f3n pesada<\/li>\n\n\n\n<li>Borde de corte tratado t\u00e9rmicamente con boro<\/li>\n\n\n\n<li>Rango de servicio pesado disponible para ctl (HD)<\/li>\n\n\n\n<li>Tornillo opcional en filo de corte reversible<\/li>\n<\/ul>\n\n\n\n<div class=\"wp-block-columns is-layout-flex wp-container-core-columns-is-layout-28f84493 wp-block-columns-is-layout-flex\">\n<div class=\"wp-block-column is-layout-flow wp-block-column-is-layout-flow\" style=\"flex-basis:100%\">\n<figure class=\"wp-block-image size-full is-resized\"><img loading=\"lazy\" decoding=\"async\" width=\"626\" height=\"149\" src=\"https:\/\/www.whitesmh.co.uk\/wp-content\/uploads\/image.png\" alt=\"\" class=\"wp-image-635\" style=\"width:268px;height:auto\" srcset=\"https:\/\/www.whitesmh.co.uk\/wp-content\/uploads\/image.png 626w, https:\/\/www.whitesmh.co.uk\/wp-content\/uploads\/image-600x143.png 600w\" sizes=\"auto, (max-width: 626px) 100vw, 626px\" \/><\/figure>\n<\/div>\n<\/div>\n\n\n\n<div class=\"wp-block-buttons is-layout-flex wp-block-buttons-is-layout-flex\">\n<div class=\"wp-block-button\"><a class=\"wp-block-button__link wp-element-button\" href=\"https:\/\/www.whitesmh.co.uk\/es\/contacto\/\">CONT\u00c1CTENOS<\/a><\/div>\n\n\n\n<div class=\"wp-block-button\"><a class=\"wp-block-button__link wp-element-button\" href=\"https:\/\/www.whitesmh.co.uk\/support\/buckets-product-support\/\">SOPORTE DE PRODUCTO<\/a><\/div>\n<\/div>\n<\/div>\n<\/div>\n\n<div class=\"wp-block-group is-layout-flow wp-block-group-is-layout-flow\">\n<div class=\"wp-block-group has-primary-background-color has-background is-layout-flow wp-block-group-is-layout-flow\" style=\"margin-top:30px;margin-bottom:30px;padding-top:var(--wp--preset--spacing--40);padding-right:var(--wp--preset--spacing--40);padding-bottom:var(--wp--preset--spacing--40);padding-left:var(--wp--preset--spacing--40)\">\n<h3 class=\"wp-block-heading\">MODELOS<\/h3>\n<\/div>\n<\/div>\n\n<figure class=\"wp-block-table\"><table><tbody><tr><td class=\"has-text-align-center\" data-align=\"center\"><strong>N\u00famero de pieza<\/strong><\/td><td class=\"has-text-align-center\" data-align=\"center\"><strong>Ancho (mm)<\/strong><\/td><td class=\"has-text-align-center\" data-align=\"center\"><strong>Ancho (pulgadas)<\/strong><\/td><td class=\"has-text-align-center\" data-align=\"center\"><strong>Capacidad (m3)<\/strong><\/td><\/tr><tr><td class=\"has-text-align-center\" data-align=\"center\">DB-0890<\/td><td class=\"has-text-align-center\" data-align=\"center\">890<\/td><td class=\"has-text-align-center\" data-align=\"center\">35<\/td><td class=\"has-text-align-center\" data-align=\"center\">0.14m3<\/td><\/tr><tr><td class=\"has-text-align-center\" data-align=\"center\">DB-0915<\/td><td class=\"has-text-align-center\" data-align=\"center\">915<\/td><td class=\"has-text-align-center\" data-align=\"center\">36<\/td><td class=\"has-text-align-center\" data-align=\"center\">0.14m3<\/td><\/tr><tr><td class=\"has-text-align-center\" data-align=\"center\">DB-1080<\/td><td class=\"has-text-align-center\" data-align=\"center\">1080<\/td><td class=\"has-text-align-center\" data-align=\"center\">43<\/td><td class=\"has-text-align-center\" data-align=\"center\">0.16m3<\/td><\/tr><tr><td class=\"has-text-align-center\" data-align=\"center\">DB-1120<\/td><td class=\"has-text-align-center\" data-align=\"center\">1120<\/td><td class=\"has-text-align-center\" data-align=\"center\">44<\/td><td class=\"has-text-align-center\" data-align=\"center\">0.17m3<\/td><\/tr><tr><td class=\"has-text-align-center\" data-align=\"center\">DB-1220<\/td><td class=\"has-text-align-center\" data-align=\"center\">1220<\/td><td class=\"has-text-align-center\" data-align=\"center\">48<\/td><td class=\"has-text-align-center\" data-align=\"center\">0.18m3<\/td><\/tr><tr><td class=\"has-text-align-center\" data-align=\"center\">DB-1255<\/td><td class=\"has-text-align-center\" data-align=\"center\">1255<\/td><td class=\"has-text-align-center\" data-align=\"center\">49<\/td><td class=\"has-text-align-center\" data-align=\"center\">0.19m3<\/td><\/tr><tr><td class=\"has-text-align-center\" data-align=\"center\">DB-1380<\/td><td class=\"has-text-align-center\" data-align=\"center\">1380<\/td><td class=\"has-text-align-center\" data-align=\"center\">54<\/td><td class=\"has-text-align-center\" data-align=\"center\">0.25m3<\/td><\/tr><tr><td class=\"has-text-align-center\" data-align=\"center\">DB-1480<\/td><td class=\"has-text-align-center\" data-align=\"center\">1480<\/td><td class=\"has-text-align-center\" data-align=\"center\">58<\/td><td class=\"has-text-align-center\" data-align=\"center\">0.28m3<\/td><\/tr><tr><td class=\"has-text-align-center\" data-align=\"center\">DB-1525<\/td><td class=\"has-text-align-center\" data-align=\"center\">1525<\/td><td class=\"has-text-align-center\" data-align=\"center\">60<\/td><td class=\"has-text-align-center\" data-align=\"center\">0.30m3<\/td><\/tr><tr><td class=\"has-text-align-center\" data-align=\"center\">DB-1575<\/td><td class=\"has-text-align-center\" data-align=\"center\">1575<\/td><td class=\"has-text-align-center\" data-align=\"center\">62<\/td><td class=\"has-text-align-center\" data-align=\"center\">0.35m3<\/td><\/tr><tr><td class=\"has-text-align-center\" data-align=\"center\">DB-1680<\/td><td class=\"has-text-align-center\" data-align=\"center\">1680<\/td><td class=\"has-text-align-center\" data-align=\"center\">66<\/td><td class=\"has-text-align-center\" data-align=\"center\">0.41m3<\/td><\/tr><tr><td class=\"has-text-align-center\" data-align=\"center\">DB-1760<\/td><td class=\"has-text-align-center\" data-align=\"center\">1760<\/td><td class=\"has-text-align-center\" data-align=\"center\">69<\/td><td class=\"has-text-align-center\" data-align=\"center\">0.49m3<\/td><\/tr><tr><td class=\"has-text-align-center\" data-align=\"center\">DB-1850<\/td><td class=\"has-text-align-center\" data-align=\"center\">1850<\/td><td class=\"has-text-align-center\" data-align=\"center\">73<\/td><td class=\"has-text-align-center\" data-align=\"center\">0.56m3<\/td><\/tr><tr><td class=\"has-text-align-center\" data-align=\"center\">DB-HD-1850<\/td><td class=\"has-text-align-center\" data-align=\"center\">1850<\/td><td class=\"has-text-align-center\" data-align=\"center\">73<\/td><td class=\"has-text-align-center\" data-align=\"center\">0.56m3<\/td><\/tr><tr><td class=\"has-text-align-center\" data-align=\"center\">DB-HD-2080<\/td><td class=\"has-text-align-center\" data-align=\"center\">2080<\/td><td class=\"has-text-align-center\" data-align=\"center\">82<\/td><td class=\"has-text-align-center\" data-align=\"center\">0.88m3<\/td><\/tr><tr><td class=\"has-text-align-center\" data-align=\"center\">DB-HD-2140<\/td><td class=\"has-text-align-center\" data-align=\"center\">2140<\/td><td class=\"has-text-align-center\" data-align=\"center\">84<\/td><td class=\"has-text-align-center\" data-align=\"center\">0.91m3<\/td><\/tr><tr><td class=\"has-text-align-center\" data-align=\"center\">DB-HD-2290<\/td><td class=\"has-text-align-center\" data-align=\"center\">2290<\/td><td class=\"has-text-align-center\" data-align=\"center\">90<\/td><td class=\"has-text-align-center\" data-align=\"center\">1.00m3<\/td><\/tr><\/tbody><\/table><\/figure>\n\n<div class=\"wp-block-group is-layout-constrained wp-block-group-is-layout-constrained\">\n<div class=\"wp-block-group alignfull has-primary-background-color has-background is-layout-flow wp-block-group-is-layout-flow\" style=\"margin-top:30px;margin-bottom:30px;padding-top:var(--wp--preset--spacing--40);padding-right:var(--wp--preset--spacing--40);padding-bottom:var(--wp--preset--spacing--40);padding-left:var(--wp--preset--spacing--40)\">\n<h3 class=\"wp-block-heading\">GALER\u00cdA<\/h3>\n<\/div>\n\n\n\n<figure class=\"wp-block-gallery alignfull has-nested-images columns-4 is-cropped wp-block-gallery-1 is-layout-flex wp-block-gallery-is-layout-flex\">\n<figure class=\"wp-block-image size-thumbnail\"><a href=\"https:\/\/www.whitesmh.co.uk\/wp-content\/uploads\/de1af765-cb01-4a06-be5e-26f6514c8cea.jpeg\"><img loading=\"lazy\" decoding=\"async\" width=\"400\" height=\"400\" data-id=\"2088\" src=\"https:\/\/www.whitesmh.co.uk\/wp-content\/uploads\/de1af765-cb01-4a06-be5e-26f6514c8cea-400x400.jpeg\" alt=\"\" class=\"wp-image-2088\" srcset=\"https:\/\/www.whitesmh.co.uk\/wp-content\/uploads\/de1af765-cb01-4a06-be5e-26f6514c8cea-400x400.jpeg 400w, https:\/\/www.whitesmh.co.uk\/wp-content\/uploads\/de1af765-cb01-4a06-be5e-26f6514c8cea-300x300.jpeg 300w, https:\/\/www.whitesmh.co.uk\/wp-content\/uploads\/de1af765-cb01-4a06-be5e-26f6514c8cea-100x100.jpeg 100w\" sizes=\"auto, (max-width: 400px) 100vw, 400px\" \/><\/a><\/figure>\n\n\n\n<figure class=\"wp-block-image size-thumbnail\"><a href=\"https:\/\/www.whitesmh.co.uk\/wp-content\/uploads\/1686678253546.jpg\"><img loading=\"lazy\" decoding=\"async\" width=\"400\" height=\"400\" data-id=\"2033\" src=\"https:\/\/www.whitesmh.co.uk\/wp-content\/uploads\/1686678253546-400x400.jpg\" alt=\"\" class=\"wp-image-2033\" srcset=\"https:\/\/www.whitesmh.co.uk\/wp-content\/uploads\/1686678253546-400x400.jpg 400w, https:\/\/www.whitesmh.co.uk\/wp-content\/uploads\/1686678253546-300x300.jpg 300w, https:\/\/www.whitesmh.co.uk\/wp-content\/uploads\/1686678253546-100x100.jpg 100w\" sizes=\"auto, (max-width: 400px) 100vw, 400px\" \/><\/a><\/figure>\n\n\n\n<figure class=\"wp-block-image size-thumbnail\"><a href=\"https:\/\/www.whitesmh.co.uk\/wp-content\/uploads\/097d81c2-d499-4667-ab00-d02f567aa31d.jpeg\"><img loading=\"lazy\" decoding=\"async\" width=\"400\" height=\"400\" data-id=\"2067\" src=\"https:\/\/www.whitesmh.co.uk\/wp-content\/uploads\/097d81c2-d499-4667-ab00-d02f567aa31d-400x400.jpeg\" alt=\"\" class=\"wp-image-2067\" srcset=\"https:\/\/www.whitesmh.co.uk\/wp-content\/uploads\/097d81c2-d499-4667-ab00-d02f567aa31d-400x400.jpeg 400w, https:\/\/www.whitesmh.co.uk\/wp-content\/uploads\/097d81c2-d499-4667-ab00-d02f567aa31d-300x300.jpeg 300w, https:\/\/www.whitesmh.co.uk\/wp-content\/uploads\/097d81c2-d499-4667-ab00-d02f567aa31d-100x100.jpeg 100w\" sizes=\"auto, (max-width: 400px) 100vw, 400px\" \/><\/a><\/figure>\n\n\n\n<figure class=\"wp-block-image size-thumbnail\"><a href=\"https:\/\/www.whitesmh.co.uk\/wp-content\/uploads\/IMG_2515-scaled.jpeg\"><img loading=\"lazy\" decoding=\"async\" width=\"400\" height=\"400\" data-id=\"2259\" src=\"https:\/\/www.whitesmh.co.uk\/wp-content\/uploads\/IMG_2515-400x400.jpeg\" alt=\"\" class=\"wp-image-2259\" srcset=\"https:\/\/www.whitesmh.co.uk\/wp-content\/uploads\/IMG_2515-400x400.jpeg 400w, https:\/\/www.whitesmh.co.uk\/wp-content\/uploads\/IMG_2515-scaled-300x300.jpeg 300w, https:\/\/www.whitesmh.co.uk\/wp-content\/uploads\/IMG_2515-scaled-100x100.jpeg 100w\" sizes=\"auto, (max-width: 400px) 100vw, 400px\" \/><\/a><\/figure>\n\n\n\n<figure class=\"wp-block-image size-thumbnail\"><a href=\"https:\/\/www.whitesmh.co.uk\/wp-content\/uploads\/71bafb19-fa9d-4402-88b8-34b3c99211b3-1.jpeg\"><img loading=\"lazy\" decoding=\"async\" width=\"400\" height=\"400\" data-id=\"2332\" src=\"https:\/\/www.whitesmh.co.uk\/wp-content\/uploads\/71bafb19-fa9d-4402-88b8-34b3c99211b3-1-400x400.jpeg\" alt=\"\" class=\"wp-image-2332\" srcset=\"https:\/\/www.whitesmh.co.uk\/wp-content\/uploads\/71bafb19-fa9d-4402-88b8-34b3c99211b3-1-400x400.jpeg 400w, https:\/\/www.whitesmh.co.uk\/wp-content\/uploads\/71bafb19-fa9d-4402-88b8-34b3c99211b3-1-300x300.jpeg 300w, https:\/\/www.whitesmh.co.uk\/wp-content\/uploads\/71bafb19-fa9d-4402-88b8-34b3c99211b3-1-100x100.jpeg 100w\" sizes=\"auto, (max-width: 400px) 100vw, 400px\" \/><\/a><\/figure>\n\n\n\n<figure class=\"wp-block-image size-thumbnail\"><a href=\"https:\/\/www.whitesmh.co.uk\/wp-content\/uploads\/IMG_6219.jpg\"><img loading=\"lazy\" decoding=\"async\" width=\"400\" height=\"400\" data-id=\"2327\" src=\"https:\/\/www.whitesmh.co.uk\/wp-content\/uploads\/IMG_6219-400x400.jpg\" alt=\"\" class=\"wp-image-2327\" srcset=\"https:\/\/www.whitesmh.co.uk\/wp-content\/uploads\/IMG_6219-400x400.jpg 400w, https:\/\/www.whitesmh.co.uk\/wp-content\/uploads\/IMG_6219-300x300.jpg 300w, https:\/\/www.whitesmh.co.uk\/wp-content\/uploads\/IMG_6219-100x100.jpg 100w\" sizes=\"auto, (max-width: 400px) 100vw, 400px\" \/><\/a><\/figure>\n\n\n\n<figure class=\"wp-block-image size-thumbnail\"><a href=\"https:\/\/www.whitesmh.co.uk\/wp-content\/uploads\/5b5efe60-f69b-48e6-943d-938892ee5efd-1.jpeg\"><img loading=\"lazy\" decoding=\"async\" width=\"400\" height=\"400\" data-id=\"2331\" src=\"https:\/\/www.whitesmh.co.uk\/wp-content\/uploads\/5b5efe60-f69b-48e6-943d-938892ee5efd-1-400x400.jpeg\" alt=\"\" class=\"wp-image-2331\" srcset=\"https:\/\/www.whitesmh.co.uk\/wp-content\/uploads\/5b5efe60-f69b-48e6-943d-938892ee5efd-1-400x400.jpeg 400w, https:\/\/www.whitesmh.co.uk\/wp-content\/uploads\/5b5efe60-f69b-48e6-943d-938892ee5efd-1-300x300.jpeg 300w, https:\/\/www.whitesmh.co.uk\/wp-content\/uploads\/5b5efe60-f69b-48e6-943d-938892ee5efd-1-100x100.jpeg 100w\" sizes=\"auto, (max-width: 400px) 100vw, 400px\" \/><\/a><\/figure>\n\n\n\n<figure class=\"wp-block-image size-thumbnail\"><a href=\"https:\/\/www.whitesmh.co.uk\/wp-content\/uploads\/325295_353621234657583_59327870_o.jpg\"><img loading=\"lazy\" decoding=\"async\" width=\"400\" height=\"400\" data-id=\"2399\" src=\"https:\/\/www.whitesmh.co.uk\/wp-content\/uploads\/325295_353621234657583_59327870_o-400x400.jpg\" alt=\"\" class=\"wp-image-2399\" srcset=\"https:\/\/www.whitesmh.co.uk\/wp-content\/uploads\/325295_353621234657583_59327870_o-400x400.jpg 400w, https:\/\/www.whitesmh.co.uk\/wp-content\/uploads\/325295_353621234657583_59327870_o-300x300.jpg 300w, https:\/\/www.whitesmh.co.uk\/wp-content\/uploads\/325295_353621234657583_59327870_o-100x100.jpg 100w\" sizes=\"auto, (max-width: 400px) 100vw, 400px\" \/><\/a><\/figure>\n<\/figure>\n<\/div>\n","protected":false},"excerpt":{"rendered":"<p>CUCHAR\u00d3N EST\u00c1NDAR El cuchar\u00f3n de minicargadora est\u00e1ndar de WHITES es un producto universalmente reconocido y de confianza por los fabricantes de equipos originales, que establece el est\u00e1ndar para los cucharones de minicargadora. MODELOS N\u00famero de pieza Ancho (mm) Ancho (pulgadas) Capacidad (m3) DB-0890 890 35 0.14m3 DB-0915 915 36 0.14m3 DB-1080 1080 43 0.16m3 DB-1120&hellip;<\/p>\n","protected":false},"featured_media":7818,"template":"","meta":{"_acf_changed":false},"product_brand":[],"product_cat":[321],"product_tag":[],"class_list":{"2":"type-product","7":"product","8":"first","9":"instock","10":"taxable","11":"shipping-taxable","12":"product-type-simple"},"acf":[],"_links":{"self":[{"href":"https:\/\/www.whitesmh.co.uk\/es\/wp-json\/wp\/v2\/product\/7698","targetHints":{"allow":["GET"]}}],"collection":[{"href":"https:\/\/www.whitesmh.co.uk\/es\/wp-json\/wp\/v2\/product"}],"about":[{"href":"https:\/\/www.whitesmh.co.uk\/es\/wp-json\/wp\/v2\/types\/product"}],"wp:featuredmedia":[{"embeddable":true,"href":"https:\/\/www.whitesmh.co.uk\/es\/wp-json\/wp\/v2\/media\/7818"}],"wp:attachment":[{"href":"https:\/\/www.whitesmh.co.uk\/es\/wp-json\/wp\/v2\/media?parent=7698"}],"wp:term":[{"taxonomy":"product_brand","embeddable":true,"href":"https:\/\/www.whitesmh.co.uk\/es\/wp-json\/wp\/v2\/product_brand?post=7698"},{"taxonomy":"product_cat","embeddable":true,"href":"https:\/\/www.whitesmh.co.uk\/es\/wp-json\/wp\/v2\/product_cat?post=7698"},{"taxonomy":"product_tag","embeddable":true,"href":"https:\/\/www.whitesmh.co.uk\/es\/wp-json\/wp\/v2\/product_tag?post=7698"}],"curies":[{"name":"wp","href":"https:\/\/api.w.org\/{rel}","templated":true}]}}