{"id":7673,"date":"2023-12-10T14:13:49","date_gmt":"2023-12-10T14:13:49","guid":{"rendered":"https:\/\/www.whitesmh.co.uk\/products\/horquilla-y-garfio-industrial\/"},"modified":"2024-11-19T09:16:17","modified_gmt":"2024-11-19T09:16:17","slug":"horquilla-y-garfio-industrial","status":"publish","type":"product","link":"https:\/\/www.whitesmh.co.uk\/es\/producto\/horquilla-y-garfio-industrial\/","title":{"rendered":"Horquilla y garfio industrial"},"content":{"rendered":"\n<div class=\"wp-block-columns is-layout-flex wp-container-core-columns-is-layout-28f84493 wp-block-columns-is-layout-flex\">\n<div class=\"wp-block-column is-vertically-aligned-center is-layout-flow wp-block-column-is-layout-flow\">\n<figure class=\"wp-block-image size-full\"><img loading=\"lazy\" decoding=\"async\" width=\"1147\" height=\"1147\" src=\"https:\/\/www.whitesmh.co.uk\/wp-content\/uploads\/Skidsteer-Industrial-Fork-and-Grapple.jpg\" alt=\"\" class=\"wp-image-2404\" srcset=\"https:\/\/www.whitesmh.co.uk\/wp-content\/uploads\/Skidsteer-Industrial-Fork-and-Grapple.jpg 1147w, https:\/\/www.whitesmh.co.uk\/wp-content\/uploads\/Skidsteer-Industrial-Fork-and-Grapple-300x300.jpg 300w, https:\/\/www.whitesmh.co.uk\/wp-content\/uploads\/Skidsteer-Industrial-Fork-and-Grapple-100x100.jpg 100w, https:\/\/www.whitesmh.co.uk\/wp-content\/uploads\/Skidsteer-Industrial-Fork-and-Grapple-600x600.jpg 600w, https:\/\/www.whitesmh.co.uk\/wp-content\/uploads\/Skidsteer-Industrial-Fork-and-Grapple-400x400.jpg 400w, https:\/\/www.whitesmh.co.uk\/wp-content\/uploads\/Skidsteer-Industrial-Fork-and-Grapple-800x800.jpg 800w, https:\/\/www.whitesmh.co.uk\/wp-content\/uploads\/Skidsteer-Industrial-Fork-and-Grapple-768x768.jpg 768w\" sizes=\"auto, (max-width: 800px) 100vw, 800px\" \/><\/figure>\n<\/div>\n\n\n\n<div class=\"wp-block-column is-layout-flow wp-block-column-is-layout-flow\">\n<h2 class=\"wp-block-heading\" style=\"text-transform:uppercase\">HORQUILLA Y GARFIO INDUSTRIAL<\/h2>\n\n\n\n<p>Para aplicaciones intensas, recomendamos nuestra gama de horquillas y pinzas industriales. Una serie de caracter\u00edsticas destacadas lo convierten en un verdadero l\u00edder del mercado.  <\/p>\n\n\n\n<ul class=\"wp-block-list\">\n<li>Construcci\u00f3n de alta resistencia<\/li>\n\n\n\n<li>Pinza HARDOX de 400 salmueras<\/li>\n\n\n\n<li>P\u00faas de base tipo KV o Hardox<\/li>\n\n\n\n<li>Bicil\u00edndricos con protecci\u00f3n de ariete<\/li>\n\n\n\n<li>Pinzas independientes de dos piezas<\/li>\n\n\n\n<li>La v\u00e1lvula de alivio de presi\u00f3n hidr\u00e1ulica evita la sobrecarga del sistema hidr\u00e1ulico<\/li>\n\n\n\n<li>Casquillos de acero endurecido reemplazables<\/li>\n\n\n\n<li>Clavijas de engrase en todas partes<\/li>\n\n\n\n<li>Protecci\u00f3n del cilindro hidr\u00e1ulico<\/li>\n<\/ul>\n\n\n\n<div class=\"wp-block-columns is-layout-flex wp-container-core-columns-is-layout-28f84493 wp-block-columns-is-layout-flex\">\n<div class=\"wp-block-column is-layout-flow wp-block-column-is-layout-flow\" style=\"flex-basis:100%\">\n<figure class=\"wp-block-image size-full is-resized\"><img loading=\"lazy\" decoding=\"async\" width=\"626\" height=\"149\" src=\"https:\/\/www.whitesmh.co.uk\/wp-content\/uploads\/image.png\" alt=\"\" class=\"wp-image-635\" style=\"width:268px;height:auto\" srcset=\"https:\/\/www.whitesmh.co.uk\/wp-content\/uploads\/image.png 626w, https:\/\/www.whitesmh.co.uk\/wp-content\/uploads\/image-600x143.png 600w\" sizes=\"auto, (max-width: 626px) 100vw, 626px\" \/><\/figure>\n<\/div>\n<\/div>\n\n\n\n<div class=\"wp-block-buttons is-layout-flex wp-block-buttons-is-layout-flex\">\n<div class=\"wp-block-button\"><a class=\"wp-block-button__link wp-element-button\" href=\"https:\/\/www.whitesmh.co.uk\/contact\/\">CONT\u00c1CTENOS<\/a><\/div>\n\n\n\n<div class=\"wp-block-button\"><a class=\"wp-block-button__link wp-element-button\" href=\"https:\/\/www.whitesmh.co.uk\/support\/grapples-product-support\/\">SOPORTE DE PRODUCTO<\/a><\/div>\n<\/div>\n<\/div>\n<\/div>\n\n<div class=\"wp-block-group is-layout-flow wp-block-group-is-layout-flow\">\n<div class=\"wp-block-group has-primary-background-color has-background is-layout-flow wp-block-group-is-layout-flow\" style=\"margin-top:30px;margin-bottom:30px;padding-top:var(--wp--preset--spacing--40);padding-right:var(--wp--preset--spacing--40);padding-bottom:var(--wp--preset--spacing--40);padding-left:var(--wp--preset--spacing--40)\">\n<h3 class=\"wp-block-heading\">MODELOS<\/h3>\n<\/div>\n<\/div>\n\n<figure class=\"wp-block-table\"><table><tbody><tr><td class=\"has-text-align-center\" data-align=\"center\"><strong>N\u00famero de pieza<\/strong><\/td><td class=\"has-text-align-center\" data-align=\"center\"><strong>Ancho (mm)<\/strong><\/td><td class=\"has-text-align-center\" data-align=\"center\"><strong>Ancho (pulgadas)<\/strong><\/td><td class=\"has-text-align-center\" data-align=\"center\"><strong>Carneros<\/strong><\/td><td class=\"has-text-align-center\" data-align=\"center\"><strong>P\u00faas de agarre<\/strong><\/td><td class=\"has-text-align-center\" data-align=\"center\"><strong>P\u00faas de base<\/strong><\/td><\/tr><tr><td class=\"has-text-align-center\" data-align=\"center\">IF-3X-1525<\/td><td class=\"has-text-align-center\" data-align=\"center\">1525<\/td><td class=\"has-text-align-center\" data-align=\"center\">60<\/td><td class=\"has-text-align-center\" data-align=\"center\">2<\/td><td class=\"has-text-align-center\" data-align=\"center\">Hardox<\/td><td class=\"has-text-align-center\" data-align=\"center\">KV o Hardox<\/td><\/tr><tr><td class=\"has-text-align-center\" data-align=\"center\">IF-3X-1680<\/td><td class=\"has-text-align-center\" data-align=\"center\">1680<\/td><td class=\"has-text-align-center\" data-align=\"center\">66<\/td><td class=\"has-text-align-center\" data-align=\"center\">2<\/td><td class=\"has-text-align-center\" data-align=\"center\">Hardox<\/td><td class=\"has-text-align-center\" data-align=\"center\">KV o Hardox<\/td><\/tr><tr><td class=\"has-text-align-center\" data-align=\"center\">IF-3X-1850<\/td><td class=\"has-text-align-center\" data-align=\"center\">1850<\/td><td class=\"has-text-align-center\" data-align=\"center\">73<\/td><td class=\"has-text-align-center\" data-align=\"center\">2<\/td><td class=\"has-text-align-center\" data-align=\"center\">Hardox<\/td><td class=\"has-text-align-center\" data-align=\"center\">KV o Hardox<\/td><\/tr><tr><td class=\"has-text-align-center\" data-align=\"center\">IF-3X-2080<\/td><td class=\"has-text-align-center\" data-align=\"center\">2080<\/td><td class=\"has-text-align-center\" data-align=\"center\">82<\/td><td class=\"has-text-align-center\" data-align=\"center\">2<\/td><td class=\"has-text-align-center\" data-align=\"center\">Hardox<\/td><td class=\"has-text-align-center\" data-align=\"center\">KV o Hardox<\/td><\/tr><tr><td class=\"has-text-align-center\" data-align=\"center\">IF-3X-2140<\/td><td class=\"has-text-align-center\" data-align=\"center\">2140<\/td><td class=\"has-text-align-center\" data-align=\"center\">84<\/td><td class=\"has-text-align-center\" data-align=\"center\">2<\/td><td class=\"has-text-align-center\" data-align=\"center\">Hardox<\/td><td class=\"has-text-align-center\" data-align=\"center\">KV o Hardox<\/td><\/tr><\/tbody><\/table><\/figure>\n","protected":false},"excerpt":{"rendered":"<p>HORQUILLA Y GARFIO INDUSTRIAL Para aplicaciones intensas, recomendamos nuestra gama de horquillas y pinzas industriales. Una serie de caracter\u00edsticas destacadas lo convierten en un verdadero l\u00edder del mercado. MODELOS N\u00famero de pieza Ancho (mm) Ancho (pulgadas) Carneros P\u00faas de agarre P\u00faas de base IF-3X-1525 1525 60 2 Hardox KV o Hardox IF-3X-1680 1680 66 2&hellip;<\/p>\n","protected":false},"featured_media":7682,"template":"","meta":{"_acf_changed":false},"product_brand":[],"product_cat":[321],"product_tag":[],"class_list":{"2":"type-product","7":"product","8":"first","9":"instock","10":"taxable","11":"shipping-taxable","12":"product-type-simple"},"acf":[],"_links":{"self":[{"href":"https:\/\/www.whitesmh.co.uk\/es\/wp-json\/wp\/v2\/product\/7673","targetHints":{"allow":["GET"]}}],"collection":[{"href":"https:\/\/www.whitesmh.co.uk\/es\/wp-json\/wp\/v2\/product"}],"about":[{"href":"https:\/\/www.whitesmh.co.uk\/es\/wp-json\/wp\/v2\/types\/product"}],"wp:featuredmedia":[{"embeddable":true,"href":"https:\/\/www.whitesmh.co.uk\/es\/wp-json\/wp\/v2\/media\/7682"}],"wp:attachment":[{"href":"https:\/\/www.whitesmh.co.uk\/es\/wp-json\/wp\/v2\/media?parent=7673"}],"wp:term":[{"taxonomy":"product_brand","embeddable":true,"href":"https:\/\/www.whitesmh.co.uk\/es\/wp-json\/wp\/v2\/product_brand?post=7673"},{"taxonomy":"product_cat","embeddable":true,"href":"https:\/\/www.whitesmh.co.uk\/es\/wp-json\/wp\/v2\/product_cat?post=7673"},{"taxonomy":"product_tag","embeddable":true,"href":"https:\/\/www.whitesmh.co.uk\/es\/wp-json\/wp\/v2\/product_tag?post=7673"}],"curies":[{"name":"wp","href":"https:\/\/api.w.org\/{rel}","templated":true}]}}