{"id":7672,"date":"2024-02-14T08:32:54","date_gmt":"2024-02-14T08:32:54","guid":{"rendered":"https:\/\/www.whitesmh.co.uk\/products\/posicionador-de-horquillas-con-desplazamiento-lateral\/"},"modified":"2024-11-19T09:26:38","modified_gmt":"2024-11-19T09:26:38","slug":"posicionador-de-horquillas-con-desplazamiento-lateral","status":"publish","type":"product","link":"https:\/\/www.whitesmh.co.uk\/es\/producto\/posicionador-de-horquillas-con-desplazamiento-lateral\/","title":{"rendered":"POSICIONADOR DE HORQUILLAS CON DESPLAZAMIENTO LATERAL"},"content":{"rendered":"\n<div class=\"wp-block-columns is-layout-flex wp-container-core-columns-is-layout-28f84493 wp-block-columns-is-layout-flex\">\n<div class=\"wp-block-column is-vertically-aligned-center is-layout-flow wp-block-column-is-layout-flow\">\n<figure class=\"wp-block-image size-full\"><img loading=\"lazy\" decoding=\"async\" width=\"2000\" height=\"1500\" src=\"https:\/\/www.whitesmh.co.uk\/wp-content\/uploads\/Fork-Positioner-with-Side-Shift-2.jpg\" alt=\"\" class=\"wp-image-2712\" srcset=\"https:\/\/www.whitesmh.co.uk\/wp-content\/uploads\/Fork-Positioner-with-Side-Shift-2.jpg 2000w, https:\/\/www.whitesmh.co.uk\/wp-content\/uploads\/Fork-Positioner-with-Side-Shift-2-600x450.jpg 600w, https:\/\/www.whitesmh.co.uk\/wp-content\/uploads\/Fork-Positioner-with-Side-Shift-2-800x600.jpg 800w, https:\/\/www.whitesmh.co.uk\/wp-content\/uploads\/Fork-Positioner-with-Side-Shift-2-768x576.jpg 768w\" sizes=\"auto, (max-width: 800px) 100vw, 800px\" \/><\/figure>\n<\/div>\n\n\n\n<div class=\"wp-block-column is-layout-flow wp-block-column-is-layout-flow\">\n<h2 class=\"wp-block-heading\" style=\"text-transform:uppercase\">POSICIONADOR DE HORQUILLAS CON DESPLAZAMIENTO LATERAL<\/h2>\n\n\n\n<p>El posicionador de horquillas con manipulador telesc\u00f3pico WHITES con funci\u00f3n de desplazamiento lateral es el accesorio definitivo para mejorar la eficiencia y la productividad de la obra.  <\/p>\n\n\n\n<ul class=\"wp-block-list\">\n<li>Desde la cabina; Mueva las horquillas hacia adentro \/ hacia afuera y de lado a lado<\/li>\n\n\n\n<li>V\u00e1lvula de desv\u00edo el\u00e9ctrica  <\/li>\n\n\n\n<li>Pasadores traseros de amarre de horquilla para un transporte seguro por carretera  <\/li>\n\n\n\n<li>Barra de horquilla flotante: ideal para terrenos irregulares<\/li>\n\n\n\n<li>Barras cromadas  <\/li>\n\n\n\n<li>Adecuado para una variedad de m\u00e1quinas<\/li>\n<\/ul>\n\n\n\n<div class=\"wp-block-columns is-layout-flex wp-container-core-columns-is-layout-28f84493 wp-block-columns-is-layout-flex\">\n<div class=\"wp-block-column is-layout-flow wp-block-column-is-layout-flow\" style=\"flex-basis:100%\">\n<figure class=\"wp-block-image size-medium is-resized\"><img loading=\"lazy\" decoding=\"async\" width=\"300\" height=\"71\" src=\"https:\/\/www.whitesmh.co.uk\/wp-content\/uploads\/2023\/09\/Made-in-Britain2-300x71.png\" alt=\"\" class=\"wp-image-237\" style=\"width:268px;height:auto\" srcset=\"https:\/\/www.whitesmh.co.uk\/wp-content\/uploads\/2023\/09\/Made-in-Britain2-300x71.png 300w, https:\/\/www.whitesmh.co.uk\/wp-content\/uploads\/2023\/09\/Made-in-Britain2-600x143.png 600w, https:\/\/www.whitesmh.co.uk\/wp-content\/uploads\/2023\/09\/Made-in-Britain2.png 626w\" sizes=\"auto, (max-width: 300px) 100vw, 300px\" \/><\/figure>\n<\/div>\n<\/div>\n\n\n\n<div class=\"wp-block-buttons is-layout-flex wp-block-buttons-is-layout-flex\">\n<div class=\"wp-block-button\"><a class=\"wp-block-button__link wp-element-button\" href=\"https:\/\/www.whitesmh.co.uk\/contact\/\">CONT\u00c1CTENOS<\/a><\/div>\n\n\n\n<div class=\"wp-block-button\"><a class=\"wp-block-button__link wp-element-button\" href=\"https:\/\/www.whitesmh.co.uk\/docs\/fork-positioner-product-support\/\">SOPORTE DE PRODUCTO<\/a><\/div>\n<\/div>\n<\/div>\n<\/div>\n\n<div class=\"wp-block-group is-layout-constrained wp-block-group-is-layout-constrained\">\n<div class=\"wp-block-group alignfull has-primary-background-color has-background is-layout-flow wp-block-group-is-layout-flow\" style=\"margin-top:30px;margin-bottom:30px;padding-top:var(--wp--preset--spacing--40);padding-right:var(--wp--preset--spacing--40);padding-bottom:var(--wp--preset--spacing--40);padding-left:var(--wp--preset--spacing--40)\">\n<h3 class=\"wp-block-heading\">MODELOS<\/h3>\n<\/div>\n<\/div>\n\n<figure class=\"wp-block-table\"><table><tbody><tr><td class=\"has-text-align-center\" data-align=\"center\"><strong>N\u00famero de pieza<\/strong><\/td><td class=\"has-text-align-center\" data-align=\"center\"><strong>Tipo<\/strong><\/td><td class=\"has-text-align-center\" data-align=\"center\"><strong>Tenedores<\/strong><\/td><\/tr><tr><td class=\"has-text-align-center\" data-align=\"center\">DPFSS1200<\/td><td class=\"has-text-align-center\" data-align=\"center\">Desplazamiento lateral y posicionador de doble horquilla con horquillas<\/td><td class=\"has-text-align-center\" data-align=\"center\">S\u00ed<\/td><\/tr><\/tbody><\/table><\/figure>\n","protected":false},"excerpt":{"rendered":"<p>POSICIONADOR DE HORQUILLAS CON DESPLAZAMIENTO LATERAL El posicionador de horquillas con manipulador telesc\u00f3pico WHITES con funci\u00f3n de desplazamiento lateral es el accesorio definitivo para mejorar la eficiencia y la productividad de la obra. MODELOS N\u00famero de pieza Tipo Tenedores DPFSS1200 Desplazamiento lateral y posicionador de doble horquilla con horquillas S\u00ed<\/p>\n","protected":false},"featured_media":7680,"template":"","meta":{"_acf_changed":false},"product_brand":[],"product_cat":[320,324],"product_tag":[],"class_list":{"2":"type-product","8":"product","9":"first","10":"instock","11":"taxable","12":"shipping-taxable","13":"product-type-simple"},"acf":[],"_links":{"self":[{"href":"https:\/\/www.whitesmh.co.uk\/es\/wp-json\/wp\/v2\/product\/7672","targetHints":{"allow":["GET"]}}],"collection":[{"href":"https:\/\/www.whitesmh.co.uk\/es\/wp-json\/wp\/v2\/product"}],"about":[{"href":"https:\/\/www.whitesmh.co.uk\/es\/wp-json\/wp\/v2\/types\/product"}],"wp:featuredmedia":[{"embeddable":true,"href":"https:\/\/www.whitesmh.co.uk\/es\/wp-json\/wp\/v2\/media\/7680"}],"wp:attachment":[{"href":"https:\/\/www.whitesmh.co.uk\/es\/wp-json\/wp\/v2\/media?parent=7672"}],"wp:term":[{"taxonomy":"product_brand","embeddable":true,"href":"https:\/\/www.whitesmh.co.uk\/es\/wp-json\/wp\/v2\/product_brand?post=7672"},{"taxonomy":"product_cat","embeddable":true,"href":"https:\/\/www.whitesmh.co.uk\/es\/wp-json\/wp\/v2\/product_cat?post=7672"},{"taxonomy":"product_tag","embeddable":true,"href":"https:\/\/www.whitesmh.co.uk\/es\/wp-json\/wp\/v2\/product_tag?post=7672"}],"curies":[{"name":"wp","href":"https:\/\/api.w.org\/{rel}","templated":true}]}}