{"id":7553,"date":"2023-11-28T10:55:00","date_gmt":"2023-11-28T10:55:00","guid":{"rendered":"https:\/\/www.whitesmh.co.uk\/products\/acopladores-hidraulicos-totalock-2\/"},"modified":"2024-11-19T09:00:37","modified_gmt":"2024-11-19T09:00:37","slug":"acopladores-hidraulicos-totalock-2","status":"publish","type":"product","link":"https:\/\/www.whitesmh.co.uk\/es\/producto\/acopladores-hidraulicos-totalock-2\/","title":{"rendered":"Acopladores hidr\u00e1ulicos Totalock 2"},"content":{"rendered":"\n<div class=\"wp-block-columns is-layout-flex wp-container-core-columns-is-layout-28f84493 wp-block-columns-is-layout-flex\">\n<div class=\"wp-block-column is-vertically-aligned-center is-layout-flow wp-block-column-is-layout-flow\">\n<figure class=\"wp-block-image size-large\"><img loading=\"lazy\" decoding=\"async\" width=\"1400\" height=\"1050\" src=\"https:\/\/www.whitesmh.co.uk\/wp-content\/uploads\/347807352_1853393705024188_4529442118482992565_n-edited-1400x1050.jpg\" alt=\"\" class=\"wp-image-1710\" srcset=\"https:\/\/www.whitesmh.co.uk\/wp-content\/uploads\/347807352_1853393705024188_4529442118482992565_n-edited-1400x1050.jpg 1400w, https:\/\/www.whitesmh.co.uk\/wp-content\/uploads\/347807352_1853393705024188_4529442118482992565_n-edited-600x450.jpg 600w, https:\/\/www.whitesmh.co.uk\/wp-content\/uploads\/347807352_1853393705024188_4529442118482992565_n-edited-800x600.jpg 800w, https:\/\/www.whitesmh.co.uk\/wp-content\/uploads\/347807352_1853393705024188_4529442118482992565_n-edited-768x576.jpg 768w\" sizes=\"auto, (max-width: 800px) 100vw, 800px\" \/><\/figure>\n<\/div>\n\n\n\n<div class=\"wp-block-column is-layout-flow wp-block-column-is-layout-flow\">\n<h2 class=\"wp-block-heading\" style=\"text-transform:uppercase\">TOTALOCK 2 ACOPLADORES HIDR\u00c1ULICOS<\/h2>\n\n\n\n<p>El TOTALOCK 2 proporciona una soluci\u00f3n de ingenier\u00eda simple y efectiva a los problemas nublados de seguridad del acoplador y es una primera opci\u00f3n de ajuste para las principales l\u00edneas de producci\u00f3n de OEM.<\/p>\n\n\n\n<ul class=\"wp-block-list\">\n<li>Centros de clavijas variables para una amplia gama de accesorios OEM<\/li>\n\n\n\n<li>3 a\u00f1os de garant\u00eda<\/li>\n\n\n\n<li>Cumple con ISO13031<\/li>\n\n\n\n<li>No requiere mantenimiento  <\/li>\n\n\n\n<li>Dise\u00f1o compacto para maximizar los esquemas de la m\u00e1quina  <\/li>\n\n\n\n<li>Placas base de acero de alta resistencia RAEX  <\/li>\n\n\n\n<li>Cilindro extra\u00edble \u00fanico y protectores de resorte de seguridad<\/li>\n\n\n\n<li>Argollas de elevaci\u00f3n integrales certificadas<\/li>\n\n\n\n<li>Kits de accesorios hidr\u00e1ulicos a medida disponibles<\/li>\n\n\n\n<li>Compatible en modo frontal\/inverso<\/li>\n<\/ul>\n\n\n\n<div class=\"wp-block-columns is-layout-flex wp-container-core-columns-is-layout-28f84493 wp-block-columns-is-layout-flex\">\n<div class=\"wp-block-column is-layout-flow wp-block-column-is-layout-flow\" style=\"flex-basis:100%\">\n<figure class=\"wp-block-image size-full is-resized\"><img loading=\"lazy\" decoding=\"async\" width=\"626\" height=\"152\" src=\"https:\/\/www.whitesmh.co.uk\/wp-content\/uploads\/Made-in-Britain2.png\" alt=\"\" class=\"wp-image-924\" style=\"width:268px;height:auto\" srcset=\"https:\/\/www.whitesmh.co.uk\/wp-content\/uploads\/Made-in-Britain2.png 626w, https:\/\/www.whitesmh.co.uk\/wp-content\/uploads\/Made-in-Britain2-600x146.png 600w\" sizes=\"auto, (max-width: 626px) 100vw, 626px\" \/><\/figure>\n<\/div>\n<\/div>\n\n\n\n<div class=\"wp-block-buttons is-layout-flex wp-block-buttons-is-layout-flex\">\n<div class=\"wp-block-button\"><a class=\"wp-block-button__link wp-element-button\" href=\"https:\/\/www.whitesmh.co.uk\/contact\/\">CONT\u00c1CTENOS<\/a><\/div>\n\n\n\n<div class=\"wp-block-button\"><a class=\"wp-block-button__link wp-element-button\" href=\"https:\/\/www.whitesmh.co.uk\/support\/couplers-product-support\/\">SOPORTE DE PRODUCTO<\/a><\/div>\n\n\n\n<div class=\"wp-block-button\"><a class=\"wp-block-button__link wp-element-button\" href=\"https:\/\/www.whitesmh.co.uk\/wp-content\/uploads\/WMH-Data-Sheet-Totalock-2.pptx\" target=\"_blank\" rel=\"noreferrer noopener\">FICHA T\u00c9CNICA<\/a><\/div>\n<\/div>\n<\/div>\n<\/div>\n\n<div class=\"wp-block-group is-layout-constrained wp-block-group-is-layout-constrained\">\n<div class=\"wp-block-group alignfull has-primary-background-color has-background is-layout-flow wp-block-group-is-layout-flow\" style=\"margin-top:30px;margin-bottom:30px;padding-top:var(--wp--preset--spacing--40);padding-right:var(--wp--preset--spacing--40);padding-bottom:var(--wp--preset--spacing--40);padding-left:var(--wp--preset--spacing--40)\">\n<h3 class=\"wp-block-heading\">MODELOS<\/h3>\n<\/div>\n<\/div>\n\n<figure class=\"wp-block-table\"><table><tbody><tr><td class=\"has-text-align-center\" data-align=\"center\"><strong>N\u00famero de pieza<\/strong><\/td><td class=\"has-text-align-center\" data-align=\"center\"><strong>Tama\u00f1o de la m\u00e1quina<\/strong><\/td><\/tr><tr><td class=\"has-text-align-center\" data-align=\"center\">PY01<\/td><td class=\"has-text-align-center\" data-align=\"center\">0.75T<\/td><\/tr><tr><td class=\"has-text-align-center\" data-align=\"center\">PY01<\/td><td class=\"has-text-align-center\" data-align=\"center\">1.50T<\/td><\/tr><tr><td class=\"has-text-align-center\" data-align=\"center\">PY3T<\/td><td class=\"has-text-align-center\" data-align=\"center\">3.0T<\/td><\/tr><tr><td class=\"has-text-align-center\" data-align=\"center\">PY4T<\/td><td class=\"has-text-align-center\" data-align=\"center\">4.0T<\/td><\/tr><tr><td class=\"has-text-align-center\" data-align=\"center\">PY4T<\/td><td class=\"has-text-align-center\" data-align=\"center\">5.50T<\/td><\/tr><tr><td class=\"has-text-align-center\" data-align=\"center\">PXYT6<\/td><td class=\"has-text-align-center\" data-align=\"center\">7.0T &#8211; 9.0T<\/td><\/tr><tr><td class=\"has-text-align-center\" data-align=\"center\">PY13T<\/td><td class=\"has-text-align-center\" data-align=\"center\">13.0T<\/td><\/tr><tr><td class=\"has-text-align-center\" data-align=\"center\">PY21T<\/td><td class=\"has-text-align-center\" data-align=\"center\">21.0T<\/td><\/tr><\/tbody><\/table><\/figure>\n\n<div class=\"wp-block-group is-layout-flow wp-block-group-is-layout-flow\">\n<div class=\"wp-block-group has-primary-background-color has-background is-layout-flow wp-block-group-is-layout-flow\" style=\"margin-top:30px;margin-bottom:30px;padding-top:var(--wp--preset--spacing--40);padding-right:var(--wp--preset--spacing--40);padding-bottom:var(--wp--preset--spacing--40);padding-left:var(--wp--preset--spacing--40)\">\n<h3 class=\"wp-block-heading\">GALER\u00cdA<\/h3>\n<\/div>\n\n\n\n<figure class=\"wp-block-gallery has-nested-images columns-4 is-cropped wp-block-gallery-1 is-layout-flex wp-block-gallery-is-layout-flex\">\n<figure class=\"wp-block-image size-thumbnail\"><a href=\"https:\/\/www.whitesmh.co.uk\/wp-content\/uploads\/IMG_2184-1-scaled.jpeg\"><img decoding=\"async\" data-id=\"970\" src=\"https:\/\/www.whitesmh.co.uk\/wp-content\/uploads\/IMG_2184-1-400x400.jpeg\" alt=\"\" class=\"wp-image-970\"\/><\/a><\/figure>\n\n\n\n<figure class=\"wp-block-image size-thumbnail\"><a href=\"https:\/\/www.whitesmh.co.uk\/wp-content\/uploads\/TOTALOCK2-3.jpg\"><img loading=\"lazy\" decoding=\"async\" width=\"400\" height=\"400\" data-id=\"951\" src=\"https:\/\/www.whitesmh.co.uk\/wp-content\/uploads\/TOTALOCK2-3-400x400.jpg\" alt=\"\" class=\"wp-image-951\" srcset=\"https:\/\/www.whitesmh.co.uk\/wp-content\/uploads\/TOTALOCK2-3-400x400.jpg 400w, https:\/\/www.whitesmh.co.uk\/wp-content\/uploads\/TOTALOCK2-3-300x300.jpg 300w, https:\/\/www.whitesmh.co.uk\/wp-content\/uploads\/TOTALOCK2-3-100x100.jpg 100w\" sizes=\"auto, (max-width: 400px) 100vw, 400px\" \/><\/a><\/figure>\n\n\n\n<figure class=\"wp-block-image size-thumbnail\"><a href=\"https:\/\/www.whitesmh.co.uk\/wp-content\/uploads\/TOTALOCK-2.jpg\"><img loading=\"lazy\" decoding=\"async\" width=\"400\" height=\"400\" data-id=\"950\" src=\"https:\/\/www.whitesmh.co.uk\/wp-content\/uploads\/TOTALOCK-2-400x400.jpg\" alt=\"\" class=\"wp-image-950\" srcset=\"https:\/\/www.whitesmh.co.uk\/wp-content\/uploads\/TOTALOCK-2-400x400.jpg 400w, https:\/\/www.whitesmh.co.uk\/wp-content\/uploads\/TOTALOCK-2-300x300.jpg 300w, https:\/\/www.whitesmh.co.uk\/wp-content\/uploads\/TOTALOCK-2-100x100.jpg 100w\" sizes=\"auto, (max-width: 400px) 100vw, 400px\" \/><\/a><\/figure>\n\n\n\n<figure class=\"wp-block-image size-thumbnail\"><a href=\"https:\/\/www.whitesmh.co.uk\/wp-content\/uploads\/IMG_2155-scaled.jpeg\"><img decoding=\"async\" data-id=\"961\" src=\"https:\/\/www.whitesmh.co.uk\/wp-content\/uploads\/IMG_2155-400x400.jpeg\" alt=\"\" class=\"wp-image-961\"\/><\/a><\/figure>\n\n\n\n<figure class=\"wp-block-image size-thumbnail\"><a href=\"https:\/\/www.whitesmh.co.uk\/wp-content\/uploads\/3f205d49-e09c-46a1-8d55-c8b149f1e1b5.jpeg\"><img loading=\"lazy\" decoding=\"async\" width=\"400\" height=\"400\" data-id=\"1858\" src=\"https:\/\/www.whitesmh.co.uk\/wp-content\/uploads\/3f205d49-e09c-46a1-8d55-c8b149f1e1b5-400x400.jpeg\" alt=\"\" class=\"wp-image-1858\" srcset=\"https:\/\/www.whitesmh.co.uk\/wp-content\/uploads\/3f205d49-e09c-46a1-8d55-c8b149f1e1b5-400x400.jpeg 400w, https:\/\/www.whitesmh.co.uk\/wp-content\/uploads\/3f205d49-e09c-46a1-8d55-c8b149f1e1b5-300x300.jpeg 300w, https:\/\/www.whitesmh.co.uk\/wp-content\/uploads\/3f205d49-e09c-46a1-8d55-c8b149f1e1b5-100x100.jpeg 100w\" sizes=\"auto, (max-width: 400px) 100vw, 400px\" \/><\/a><\/figure>\n\n\n\n<figure class=\"wp-block-image size-thumbnail\"><a href=\"https:\/\/www.whitesmh.co.uk\/wp-content\/uploads\/563.jpg\"><img loading=\"lazy\" decoding=\"async\" width=\"400\" height=\"400\" data-id=\"945\" src=\"https:\/\/www.whitesmh.co.uk\/wp-content\/uploads\/563-400x400.jpg\" alt=\"\" class=\"wp-image-945\" srcset=\"https:\/\/www.whitesmh.co.uk\/wp-content\/uploads\/563-400x400.jpg 400w, https:\/\/www.whitesmh.co.uk\/wp-content\/uploads\/563-300x300.jpg 300w, https:\/\/www.whitesmh.co.uk\/wp-content\/uploads\/563-100x100.jpg 100w\" sizes=\"auto, (max-width: 400px) 100vw, 400px\" \/><\/a><\/figure>\n\n\n\n<figure class=\"wp-block-image size-thumbnail\"><a href=\"https:\/\/www.whitesmh.co.uk\/wp-content\/uploads\/IMG_4905.jpeg\"><img loading=\"lazy\" decoding=\"async\" width=\"400\" height=\"400\" data-id=\"948\" src=\"https:\/\/www.whitesmh.co.uk\/wp-content\/uploads\/IMG_4905-400x400.jpeg\" alt=\"\" class=\"wp-image-948\" srcset=\"https:\/\/www.whitesmh.co.uk\/wp-content\/uploads\/IMG_4905-400x400.jpeg 400w, https:\/\/www.whitesmh.co.uk\/wp-content\/uploads\/IMG_4905-300x300.jpeg 300w, https:\/\/www.whitesmh.co.uk\/wp-content\/uploads\/IMG_4905-100x100.jpeg 100w\" sizes=\"auto, (max-width: 400px) 100vw, 400px\" \/><\/a><\/figure>\n\n\n\n<figure class=\"wp-block-image size-thumbnail\"><a href=\"https:\/\/www.whitesmh.co.uk\/wp-content\/uploads\/20231107_110935-scaled.jpg\"><img decoding=\"async\" data-id=\"947\" src=\"https:\/\/www.whitesmh.co.uk\/wp-content\/uploads\/20231107_110935-400x400.jpg\" alt=\"\" class=\"wp-image-947\"\/><\/a><\/figure>\n<\/figure>\n<\/div>\n\n<div class=\"wp-block-group has-primary-background-color has-background is-layout-flow wp-block-group-is-layout-flow\" style=\"margin-top:30px;margin-bottom:30px;padding-top:var(--wp--preset--spacing--40);padding-right:var(--wp--preset--spacing--40);padding-bottom:var(--wp--preset--spacing--40);padding-left:var(--wp--preset--spacing--40)\">\n<h3 class=\"wp-block-heading\">VIDEOS<\/h3>\n<\/div>\n\n<figure class=\"wp-block-embed is-type-video is-provider-youtube wp-block-embed-youtube wp-embed-aspect-16-9 wp-has-aspect-ratio\"><div class=\"wp-block-embed__wrapper\">\n<iframe loading=\"lazy\" title=\"Whites Material Handling - Totalock 2 Hydraulic Coupler\" width=\"800\" height=\"450\" src=\"https:\/\/www.youtube.com\/embed\/GlAdqCLas2E?feature=oembed\" frameborder=\"0\" allow=\"accelerometer; autoplay; clipboard-write; encrypted-media; gyroscope; picture-in-picture; web-share\" referrerpolicy=\"strict-origin-when-cross-origin\" allowfullscreen><\/iframe>\n<\/div><\/figure>\n\n<div class=\"wp-block-group is-layout-constrained wp-block-group-is-layout-constrained\">\n<div class=\"wp-block-group alignfull has-primary-background-color has-background is-layout-flow wp-block-group-is-layout-flow\" style=\"margin-top:30px;margin-bottom:30px;padding-top:var(--wp--preset--spacing--40);padding-right:var(--wp--preset--spacing--40);padding-bottom:var(--wp--preset--spacing--40);padding-left:var(--wp--preset--spacing--40)\">\n<h3 class=\"wp-block-heading\">PRODUCTOS RELACIONADOS<\/h3>\n<\/div>\n<\/div>\n\n<div class=\"product-grid flex\">\n\t\t<div class=\"col-25 padBottom\">\n\t\t<a href=\"https:\/\/www.whitesmh.co.uk\/es\/producto\/acopladores-manuales-springlock\/\" title=\"Acopladores manuales Springlock\" class=\"block radius\">\n\t\t\t\t\t\t<div class=\"thumb\">\n\t\t\t\t<img loading=\"lazy\" decoding=\"async\" width=\"400\" height=\"400\" src=\"https:\/\/www.whitesmh.co.uk\/wp-content\/uploads\/PX2M0443-05-Menu-Image-400x400.jpg\" class=\"attachment-thumbnail size-thumbnail wp-post-image\" alt=\"\" srcset=\"https:\/\/www.whitesmh.co.uk\/wp-content\/uploads\/PX2M0443-05-Menu-Image-400x400.jpg 400w, https:\/\/www.whitesmh.co.uk\/wp-content\/uploads\/PX2M0443-05-Menu-Image-300x300.jpg 300w, https:\/\/www.whitesmh.co.uk\/wp-content\/uploads\/PX2M0443-05-Menu-Image-100x100.jpg 100w\" sizes=\"auto, (max-width: 400px) 100vw, 400px\" \/>\t\t\t\t\t\t\t\t\t\n\t\t\t<\/div>\n\t\t\t\t\t\t<div class=\"meta smlPadAll\">\n\t\t\t\t<h4 class=\"no-margin\">Acopladores manuales Springlock<\/h4>\n\t\t\t\t<span class=\"blue button marTop\">Find out more <i class=\"fa-solid fa-chevron-right\"><\/i><\/span>\n\t\t\t<\/div>\n\t\t<\/a>\n\t<\/div>\n\t\t<div class=\"col-25 padBottom\">\n\t\t<a href=\"https:\/\/www.whitesmh.co.uk\/es\/producto\/acopladores-basculantes-totaltilt\/\" title=\"Acopladores basculantes Totaltilt\" class=\"block radius\">\n\t\t\t\t\t\t<div class=\"thumb\">\n\t\t\t\t<img loading=\"lazy\" decoding=\"async\" width=\"400\" height=\"400\" src=\"https:\/\/www.whitesmh.co.uk\/wp-content\/uploads\/Totatilt-PT0480-01-400x400.jpg\" class=\"attachment-thumbnail size-thumbnail wp-post-image\" alt=\"\" srcset=\"https:\/\/www.whitesmh.co.uk\/wp-content\/uploads\/Totatilt-PT0480-01-400x400.jpg 400w, https:\/\/www.whitesmh.co.uk\/wp-content\/uploads\/Totatilt-PT0480-01-300x300.jpg 300w, https:\/\/www.whitesmh.co.uk\/wp-content\/uploads\/Totatilt-PT0480-01-100x100.jpg 100w\" sizes=\"auto, (max-width: 400px) 100vw, 400px\" \/>\t\t\t\t\t\t\t\t\t\n\t\t\t<\/div>\n\t\t\t\t\t\t<div class=\"meta smlPadAll\">\n\t\t\t\t<h4 class=\"no-margin\">Acopladores basculantes Totaltilt<\/h4>\n\t\t\t\t<span class=\"blue button marTop\">Find out more <i class=\"fa-solid fa-chevron-right\"><\/i><\/span>\n\t\t\t<\/div>\n\t\t<\/a>\n\t<\/div>\n\t\t<div class=\"col-25 padBottom\">\n\t\t<a href=\"https:\/\/www.whitesmh.co.uk\/es\/producto\/acopladores-klac\/\" title=\"Acopladores Klac\" class=\"block radius\">\n\t\t\t\t\t\t<div class=\"thumb\">\n\t\t\t\t<img loading=\"lazy\" decoding=\"async\" width=\"400\" height=\"400\" src=\"https:\/\/www.whitesmh.co.uk\/wp-content\/uploads\/R0A4886-Cropped-2-2-400x400.jpg\" class=\"attachment-thumbnail size-thumbnail wp-post-image\" alt=\"\" srcset=\"https:\/\/www.whitesmh.co.uk\/wp-content\/uploads\/R0A4886-Cropped-2-2-400x400.jpg 400w, https:\/\/www.whitesmh.co.uk\/wp-content\/uploads\/R0A4886-Cropped-2-2-300x300.jpg 300w, https:\/\/www.whitesmh.co.uk\/wp-content\/uploads\/R0A4886-Cropped-2-2-100x100.jpg 100w\" sizes=\"auto, (max-width: 400px) 100vw, 400px\" \/>\t\t\t\t\t\t\t\t\t\n\t\t\t<\/div>\n\t\t\t\t\t\t<div class=\"meta smlPadAll\">\n\t\t\t\t<h4 class=\"no-margin\">Acopladores Klac<\/h4>\n\t\t\t\t<span class=\"blue button marTop\">Find out more <i class=\"fa-solid fa-chevron-right\"><\/i><\/span>\n\t\t\t<\/div>\n\t\t<\/a>\n\t<\/div>\n\t\t<div class=\"col-25 padBottom\">\n\t\t<a href=\"https:\/\/www.whitesmh.co.uk\/es\/producto\/soportes-de-martillo\/\" title=\"Soportes de martillo\" class=\"block radius\">\n\t\t\t\t\t\t<div class=\"thumb\">\n\t\t\t\t<img loading=\"lazy\" decoding=\"async\" width=\"400\" height=\"400\" src=\"https:\/\/www.whitesmh.co.uk\/wp-content\/uploads\/EZ5025R40-Menu-Image-400x400.jpg\" class=\"attachment-thumbnail size-thumbnail wp-post-image\" alt=\"\" srcset=\"https:\/\/www.whitesmh.co.uk\/wp-content\/uploads\/EZ5025R40-Menu-Image-400x400.jpg 400w, https:\/\/www.whitesmh.co.uk\/wp-content\/uploads\/EZ5025R40-Menu-Image-300x300.jpg 300w, https:\/\/www.whitesmh.co.uk\/wp-content\/uploads\/EZ5025R40-Menu-Image-100x100.jpg 100w\" sizes=\"auto, (max-width: 400px) 100vw, 400px\" \/>\t\t\t\t\t\t\t\t\t\n\t\t\t<\/div>\n\t\t\t\t\t\t<div class=\"meta smlPadAll\">\n\t\t\t\t<h4 class=\"no-margin\">Soportes de martillo<\/h4>\n\t\t\t\t<span class=\"blue button marTop\">Find out more <i class=\"fa-solid fa-chevron-right\"><\/i><\/span>\n\t\t\t<\/div>\n\t\t<\/a>\n\t<\/div>\n\t<\/div>\n","protected":false},"excerpt":{"rendered":"<p>TOTALOCK 2 ACOPLADORES HIDR\u00c1ULICOS El TOTALOCK 2 proporciona una soluci\u00f3n de ingenier\u00eda simple y efectiva a los problemas nublados de seguridad del acoplador y es una primera opci\u00f3n de ajuste para las principales l\u00edneas de producci\u00f3n de OEM. MODELOS N\u00famero de pieza Tama\u00f1o de la m\u00e1quina PY01 0.75T PY01 1.50T PY3T 3.0T PY4T 4.0T PY4T&hellip;<\/p>\n","protected":false},"featured_media":11613,"template":"","meta":{"_acf_changed":false},"product_brand":[],"product_cat":[322],"product_tag":[],"class_list":{"2":"type-product","7":"product","8":"first","9":"instock","10":"taxable","11":"shipping-taxable","12":"product-type-simple"},"acf":[],"_links":{"self":[{"href":"https:\/\/www.whitesmh.co.uk\/es\/wp-json\/wp\/v2\/product\/7553","targetHints":{"allow":["GET"]}}],"collection":[{"href":"https:\/\/www.whitesmh.co.uk\/es\/wp-json\/wp\/v2\/product"}],"about":[{"href":"https:\/\/www.whitesmh.co.uk\/es\/wp-json\/wp\/v2\/types\/product"}],"wp:featuredmedia":[{"embeddable":true,"href":"https:\/\/www.whitesmh.co.uk\/es\/wp-json\/wp\/v2\/media\/11613"}],"wp:attachment":[{"href":"https:\/\/www.whitesmh.co.uk\/es\/wp-json\/wp\/v2\/media?parent=7553"}],"wp:term":[{"taxonomy":"product_brand","embeddable":true,"href":"https:\/\/www.whitesmh.co.uk\/es\/wp-json\/wp\/v2\/product_brand?post=7553"},{"taxonomy":"product_cat","embeddable":true,"href":"https:\/\/www.whitesmh.co.uk\/es\/wp-json\/wp\/v2\/product_cat?post=7553"},{"taxonomy":"product_tag","embeddable":true,"href":"https:\/\/www.whitesmh.co.uk\/es\/wp-json\/wp\/v2\/product_tag?post=7553"}],"curies":[{"name":"wp","href":"https:\/\/api.w.org\/{rel}","templated":true}]}}