{"id":7548,"date":"2023-11-20T19:29:42","date_gmt":"2023-11-20T19:29:42","guid":{"rendered":"https:\/\/www.whitesmh.co.uk\/products\/plataformas-de-trabajo-ag-x\/"},"modified":"2024-11-19T09:05:57","modified_gmt":"2024-11-19T09:05:57","slug":"plataformas-de-trabajo-ag-x","status":"publish","type":"product","link":"https:\/\/www.whitesmh.co.uk\/es\/producto\/plataformas-de-trabajo-ag-x\/","title":{"rendered":"Plataformas de trabajo AG-X"},"content":{"rendered":"\n<div class=\"wp-block-columns is-layout-flex wp-container-core-columns-is-layout-28f84493 wp-block-columns-is-layout-flex\">\n<div class=\"wp-block-column is-vertically-aligned-center is-layout-flow wp-block-column-is-layout-flow\">\n<figure class=\"wp-block-image size-full\"><img loading=\"lazy\" decoding=\"async\" width=\"2000\" height=\"1500\" src=\"https:\/\/www.whitesmh.co.uk\/wp-content\/uploads\/IMG_2104-scaled.jpeg\" alt=\"\" class=\"wp-image-1205\" srcset=\"https:\/\/www.whitesmh.co.uk\/wp-content\/uploads\/IMG_2104-scaled.jpeg 2000w, https:\/\/www.whitesmh.co.uk\/wp-content\/uploads\/IMG_2104-scaled-600x450.jpeg 600w, https:\/\/www.whitesmh.co.uk\/wp-content\/uploads\/IMG_2104-800x600.jpeg 800w, https:\/\/www.whitesmh.co.uk\/wp-content\/uploads\/IMG_2104-768x576.jpeg 768w\" sizes=\"auto, (max-width: 800px) 100vw, 800px\" \/><\/figure>\n<\/div>\n\n\n\n<div class=\"wp-block-column is-layout-flow wp-block-column-is-layout-flow\">\n<h2 class=\"wp-block-heading\" style=\"text-transform:uppercase\">PLATAFORMAS DE TRABAJO AG-X<\/h2>\n\n\n\n<p>La plataforma de trabajo WHITES AG-X combina seguridad y practicidad en un dise\u00f1o f\u00e1cil de usar que hace que el trabajo en altura sea c\u00f3modo.  <\/p>\n\n\n\n<ul class=\"wp-block-list\">\n<li>Acabado galvanizado<\/li>\n\n\n\n<li>Capacidad para dos personas<\/li>\n\n\n\n<li>Cumple con las pautas de PM28<\/li>\n\n\n\n<li>Puerta de cierre autom\u00e1tico<\/li>\n\n\n\n<li>Fijaci\u00f3n de la ranura de p\u00faas<\/li>\n\n\n\n<li>Suelo de chapa estriada antideslizante<\/li>\n\n\n\n<li>Estante de herramientas<\/li>\n\n\n\n<li>Puntos de arn\u00e9s<\/li>\n\n\n\n<li>Espalda de malla<\/li>\n\n\n\n<li>500 kg SWL<\/li>\n\n\n\n<li>Soportes de cargador atornillados opcionales<\/li>\n\n\n\n<li>Placa de identificaci\u00f3n personalizada opcional<\/li>\n<\/ul>\n\n\n\n<div class=\"wp-block-columns is-layout-flex wp-container-core-columns-is-layout-28f84493 wp-block-columns-is-layout-flex\">\n<div class=\"wp-block-column is-layout-flow wp-block-column-is-layout-flow\" style=\"flex-basis:100%\">\n<figure class=\"wp-block-image size-medium is-resized\"><img loading=\"lazy\" decoding=\"async\" width=\"800\" height=\"135\" src=\"https:\/\/www.whitesmh.co.uk\/wp-content\/uploads\/MIB-AGX-800x135.jpg\" alt=\"\" class=\"wp-image-1173\" style=\"width:268px;height:auto\" srcset=\"https:\/\/www.whitesmh.co.uk\/wp-content\/uploads\/MIB-AGX-800x135.jpg 800w, https:\/\/www.whitesmh.co.uk\/wp-content\/uploads\/MIB-AGX-600x101.jpg 600w, https:\/\/www.whitesmh.co.uk\/wp-content\/uploads\/MIB-AGX-768x129.jpg 768w, https:\/\/www.whitesmh.co.uk\/wp-content\/uploads\/MIB-AGX.jpg 1046w\" sizes=\"auto, (max-width: 800px) 100vw, 800px\" \/><\/figure>\n<\/div>\n<\/div>\n\n\n\n<div class=\"wp-block-buttons is-layout-flex wp-block-buttons-is-layout-flex\">\n<div class=\"wp-block-button\"><a class=\"wp-block-button__link wp-element-button\" href=\"https:\/\/www.whitesmh.co.uk\/contact\/\">CONT\u00c1CTENOS<\/a><\/div>\n\n\n\n<div class=\"wp-block-button\"><a class=\"wp-block-button__link wp-element-button\" href=\"https:\/\/www.whitesmh.co.uk\/wp-content\/uploads\/WMH-Data-Sheet-Work-Platforms-1.pptx\" target=\"_blank\" rel=\"noreferrer noopener\">FICHA T\u00c9CNICA<\/a><\/div>\n<\/div>\n<\/div>\n<\/div>\n\n<div class=\"wp-block-group has-primary-background-color has-background is-layout-flow wp-block-group-is-layout-flow\" style=\"margin-top:30px;margin-bottom:30px;padding-top:var(--wp--preset--spacing--40);padding-right:var(--wp--preset--spacing--40);padding-bottom:var(--wp--preset--spacing--40);padding-left:var(--wp--preset--spacing--40)\">\n<h3 class=\"wp-block-heading\">MODELOS<\/h3>\n<\/div>\n\n<figure class=\"wp-block-table\"><table><tbody><tr><td class=\"has-text-align-center\" data-align=\"center\"><strong>Modelo<\/strong><\/td><td class=\"has-text-align-center\" data-align=\"center\"><strong>Ancho (pies)<\/strong><\/td><td class=\"has-text-align-center\" data-align=\"center\"><strong>Ancho (mm)<\/strong><\/td><td class=\"has-text-align-center\" data-align=\"center\"><strong>Personas<\/strong><\/td><td class=\"has-text-align-center\" data-align=\"center\"><strong>Capacidad (kg)<\/strong><\/td><\/tr><tr><td class=\"has-text-align-center\" data-align=\"center\">WP2M60<\/td><td class=\"has-text-align-center\" data-align=\"center\">5 pies<\/td><td class=\"has-text-align-center\" data-align=\"center\">1600mm<\/td><td class=\"has-text-align-center\" data-align=\"center\">2<\/td><td class=\"has-text-align-center\" data-align=\"center\">500kg<\/td><\/tr><tr><td class=\"has-text-align-center\" data-align=\"center\">WP2M80<\/td><td class=\"has-text-align-center\" data-align=\"center\">8 pies<\/td><td class=\"has-text-align-center\" data-align=\"center\">2440mm<\/td><td class=\"has-text-align-center\" data-align=\"center\">2<\/td><td class=\"has-text-align-center\" data-align=\"center\">500kg<\/td><\/tr><\/tbody><\/table><\/figure>\n\n<div class=\"wp-block-group is-layout-flow wp-block-group-is-layout-flow\">\n<div class=\"wp-block-group has-primary-background-color has-background is-layout-flow wp-block-group-is-layout-flow\" style=\"margin-top:30px;margin-bottom:30px;padding-top:var(--wp--preset--spacing--40);padding-right:var(--wp--preset--spacing--40);padding-bottom:var(--wp--preset--spacing--40);padding-left:var(--wp--preset--spacing--40)\">\n<h3 class=\"wp-block-heading\">GALER\u00cdA<\/h3>\n<\/div>\n\n\n\n<figure class=\"wp-block-gallery has-nested-images columns-4 is-cropped wp-block-gallery-1 is-layout-flex wp-block-gallery-is-layout-flex\">\n<figure class=\"wp-block-image size-thumbnail\"><a href=\"https:\/\/www.whitesmh.co.uk\/wp-content\/uploads\/IMG_2111-1-scaled.jpeg\"><img loading=\"lazy\" decoding=\"async\" width=\"400\" height=\"400\" data-id=\"3011\" src=\"https:\/\/www.whitesmh.co.uk\/wp-content\/uploads\/IMG_2111-1-400x400.jpeg\" alt=\"\" class=\"wp-image-3011\" srcset=\"https:\/\/www.whitesmh.co.uk\/wp-content\/uploads\/IMG_2111-1-400x400.jpeg 400w, https:\/\/www.whitesmh.co.uk\/wp-content\/uploads\/IMG_2111-1-scaled-300x300.jpeg 300w, https:\/\/www.whitesmh.co.uk\/wp-content\/uploads\/IMG_2111-1-scaled-100x100.jpeg 100w\" sizes=\"auto, (max-width: 400px) 100vw, 400px\" \/><\/a><figcaption class=\"wp-element-caption\">WP2M60<\/figcaption><\/figure>\n\n\n\n<figure class=\"wp-block-image size-thumbnail\"><a href=\"https:\/\/www.whitesmh.co.uk\/wp-content\/uploads\/IMG_2101-1-scaled.jpeg\"><img loading=\"lazy\" decoding=\"async\" width=\"400\" height=\"400\" data-id=\"1208\" src=\"https:\/\/www.whitesmh.co.uk\/wp-content\/uploads\/IMG_2101-1-400x400.jpeg\" alt=\"\" class=\"wp-image-1208\" srcset=\"https:\/\/www.whitesmh.co.uk\/wp-content\/uploads\/IMG_2101-1-400x400.jpeg 400w, https:\/\/www.whitesmh.co.uk\/wp-content\/uploads\/IMG_2101-1-scaled-300x300.jpeg 300w, https:\/\/www.whitesmh.co.uk\/wp-content\/uploads\/IMG_2101-1-scaled-100x100.jpeg 100w\" sizes=\"auto, (max-width: 400px) 100vw, 400px\" \/><\/a><figcaption class=\"wp-element-caption\">WP2M60<\/figcaption><\/figure>\n\n\n\n<figure class=\"wp-block-image size-thumbnail\"><a href=\"https:\/\/www.whitesmh.co.uk\/wp-content\/uploads\/1683107318736.jpeg\"><img loading=\"lazy\" decoding=\"async\" width=\"400\" height=\"400\" data-id=\"1211\" src=\"https:\/\/www.whitesmh.co.uk\/wp-content\/uploads\/1683107318736-400x400.jpeg\" alt=\"\" class=\"wp-image-1211\" srcset=\"https:\/\/www.whitesmh.co.uk\/wp-content\/uploads\/1683107318736-400x400.jpeg 400w, https:\/\/www.whitesmh.co.uk\/wp-content\/uploads\/1683107318736-300x300.jpeg 300w, https:\/\/www.whitesmh.co.uk\/wp-content\/uploads\/1683107318736-100x100.jpeg 100w\" sizes=\"auto, (max-width: 400px) 100vw, 400px\" \/><\/a><figcaption class=\"wp-element-caption\">WP2M80<\/figcaption><\/figure>\n\n\n\n<figure class=\"wp-block-image size-thumbnail\"><a href=\"https:\/\/www.whitesmh.co.uk\/wp-content\/uploads\/397737329_821434066658183_6904509885230218879_n.jpg\"><img loading=\"lazy\" decoding=\"async\" width=\"400\" height=\"400\" data-id=\"1213\" src=\"https:\/\/www.whitesmh.co.uk\/wp-content\/uploads\/397737329_821434066658183_6904509885230218879_n-400x400.jpg\" alt=\"\" class=\"wp-image-1213\" srcset=\"https:\/\/www.whitesmh.co.uk\/wp-content\/uploads\/397737329_821434066658183_6904509885230218879_n-400x400.jpg 400w, https:\/\/www.whitesmh.co.uk\/wp-content\/uploads\/397737329_821434066658183_6904509885230218879_n-300x300.jpg 300w, https:\/\/www.whitesmh.co.uk\/wp-content\/uploads\/397737329_821434066658183_6904509885230218879_n-100x100.jpg 100w\" sizes=\"auto, (max-width: 400px) 100vw, 400px\" \/><\/a><figcaption class=\"wp-element-caption\">WP2M80<\/figcaption><\/figure>\n\n\n\n<figure class=\"wp-block-image size-thumbnail\"><a href=\"https:\/\/www.whitesmh.co.uk\/wp-content\/uploads\/IMG_2614-scaled.jpg\"><img loading=\"lazy\" decoding=\"async\" width=\"400\" height=\"400\" data-id=\"3012\" src=\"https:\/\/www.whitesmh.co.uk\/wp-content\/uploads\/IMG_2614-400x400.jpg\" alt=\"\" class=\"wp-image-3012\" srcset=\"https:\/\/www.whitesmh.co.uk\/wp-content\/uploads\/IMG_2614-400x400.jpg 400w, https:\/\/www.whitesmh.co.uk\/wp-content\/uploads\/IMG_2614-scaled-300x300.jpg 300w, https:\/\/www.whitesmh.co.uk\/wp-content\/uploads\/IMG_2614-scaled-100x100.jpg 100w\" sizes=\"auto, (max-width: 400px) 100vw, 400px\" \/><\/a><figcaption class=\"wp-element-caption\">WP2M60<\/figcaption><\/figure>\n\n\n\n<figure class=\"wp-block-image size-thumbnail\"><a href=\"https:\/\/www.whitesmh.co.uk\/wp-content\/uploads\/1683107325308.jpeg\"><img loading=\"lazy\" decoding=\"async\" width=\"400\" height=\"400\" data-id=\"3005\" src=\"https:\/\/www.whitesmh.co.uk\/wp-content\/uploads\/1683107325308-400x400.jpeg\" alt=\"\" class=\"wp-image-3005\" srcset=\"https:\/\/www.whitesmh.co.uk\/wp-content\/uploads\/1683107325308-400x400.jpeg 400w, https:\/\/www.whitesmh.co.uk\/wp-content\/uploads\/1683107325308-300x300.jpeg 300w, https:\/\/www.whitesmh.co.uk\/wp-content\/uploads\/1683107325308-100x100.jpeg 100w\" sizes=\"auto, (max-width: 400px) 100vw, 400px\" \/><\/a><figcaption class=\"wp-element-caption\">WP2M80<\/figcaption><\/figure>\n\n\n\n<figure class=\"wp-block-image size-thumbnail\"><a href=\"https:\/\/www.whitesmh.co.uk\/wp-content\/uploads\/IMG_1126-1-scaled.jpeg\"><img loading=\"lazy\" decoding=\"async\" width=\"400\" height=\"400\" data-id=\"3007\" src=\"https:\/\/www.whitesmh.co.uk\/wp-content\/uploads\/IMG_1126-1-400x400.jpeg\" alt=\"\" class=\"wp-image-3007\" srcset=\"https:\/\/www.whitesmh.co.uk\/wp-content\/uploads\/IMG_1126-1-400x400.jpeg 400w, https:\/\/www.whitesmh.co.uk\/wp-content\/uploads\/IMG_1126-1-scaled-300x300.jpeg 300w, https:\/\/www.whitesmh.co.uk\/wp-content\/uploads\/IMG_1126-1-scaled-100x100.jpeg 100w\" sizes=\"auto, (max-width: 400px) 100vw, 400px\" \/><\/a><figcaption class=\"wp-element-caption\">Stock de la plataforma de trabajo<\/figcaption><\/figure>\n\n\n\n<figure class=\"wp-block-image size-thumbnail\"><a href=\"https:\/\/www.whitesmh.co.uk\/wp-content\/uploads\/1683125740129.jpeg\"><img loading=\"lazy\" decoding=\"async\" width=\"400\" height=\"400\" data-id=\"3006\" src=\"https:\/\/www.whitesmh.co.uk\/wp-content\/uploads\/1683125740129-400x400.jpeg\" alt=\"\" class=\"wp-image-3006\" srcset=\"https:\/\/www.whitesmh.co.uk\/wp-content\/uploads\/1683125740129-400x400.jpeg 400w, https:\/\/www.whitesmh.co.uk\/wp-content\/uploads\/1683125740129-300x300.jpeg 300w, https:\/\/www.whitesmh.co.uk\/wp-content\/uploads\/1683125740129-100x100.jpeg 100w\" sizes=\"auto, (max-width: 400px) 100vw, 400px\" \/><\/a><figcaption class=\"wp-element-caption\">Stock de la plataforma de trabajo<\/figcaption><\/figure>\n<\/figure>\n<\/div>\n\n<div class=\"wp-block-group alignfull is-layout-constrained wp-block-group-is-layout-constrained\">\n<div class=\"wp-block-group has-primary-background-color has-background is-layout-flow wp-block-group-is-layout-flow\" style=\"margin-top:30px;margin-bottom:30px;padding-top:var(--wp--preset--spacing--40);padding-right:var(--wp--preset--spacing--40);padding-bottom:var(--wp--preset--spacing--40);padding-left:var(--wp--preset--spacing--40)\">\n<h3 class=\"wp-block-heading\">EXTRAS OPCIONALES<\/h3>\n<\/div>\n\n\n\n<figure class=\"wp-block-gallery has-nested-images columns-4 is-cropped wp-block-gallery-2 is-layout-flex wp-block-gallery-is-layout-flex\">\n<figure class=\"wp-block-image size-thumbnail\"><a href=\"https:\/\/www.whitesmh.co.uk\/wp-content\/uploads\/8-Work-Platform-2-scaled.jpeg\"><img loading=\"lazy\" decoding=\"async\" width=\"400\" height=\"400\" data-id=\"3000\" src=\"https:\/\/www.whitesmh.co.uk\/wp-content\/uploads\/8-Work-Platform-2-400x400.jpeg\" alt=\"\" class=\"wp-image-3000\" srcset=\"https:\/\/www.whitesmh.co.uk\/wp-content\/uploads\/8-Work-Platform-2-400x400.jpeg 400w, https:\/\/www.whitesmh.co.uk\/wp-content\/uploads\/8-Work-Platform-2-scaled-300x300.jpeg 300w, https:\/\/www.whitesmh.co.uk\/wp-content\/uploads\/8-Work-Platform-2-scaled-100x100.jpeg 100w\" sizes=\"auto, (max-width: 400px) 100vw, 400px\" \/><\/a><figcaption class=\"wp-element-caption\">Soportes atornillados<\/figcaption><\/figure>\n\n\n\n<figure class=\"wp-block-image size-thumbnail\"><a href=\"https:\/\/www.whitesmh.co.uk\/wp-content\/uploads\/Whites-Work-Platform3.jpg\"><img loading=\"lazy\" decoding=\"async\" width=\"400\" height=\"400\" data-id=\"3013\" src=\"https:\/\/www.whitesmh.co.uk\/wp-content\/uploads\/Whites-Work-Platform3-400x400.jpg\" alt=\"\" class=\"wp-image-3013\" srcset=\"https:\/\/www.whitesmh.co.uk\/wp-content\/uploads\/Whites-Work-Platform3-400x400.jpg 400w, https:\/\/www.whitesmh.co.uk\/wp-content\/uploads\/Whites-Work-Platform3-300x300.jpg 300w, https:\/\/www.whitesmh.co.uk\/wp-content\/uploads\/Whites-Work-Platform3-100x100.jpg 100w\" sizes=\"auto, (max-width: 400px) 100vw, 400px\" \/><\/a><figcaption class=\"wp-element-caption\">Soportes atornillados<\/figcaption><\/figure>\n\n\n\n<figure class=\"wp-block-image size-thumbnail\"><a href=\"https:\/\/www.whitesmh.co.uk\/wp-content\/uploads\/625-1.jpeg\"><img loading=\"lazy\" decoding=\"async\" width=\"400\" height=\"400\" data-id=\"3001\" src=\"https:\/\/www.whitesmh.co.uk\/wp-content\/uploads\/625-1-400x400.jpeg\" alt=\"\" class=\"wp-image-3001\" srcset=\"https:\/\/www.whitesmh.co.uk\/wp-content\/uploads\/625-1-400x400.jpeg 400w, https:\/\/www.whitesmh.co.uk\/wp-content\/uploads\/625-1-300x300.jpeg 300w, https:\/\/www.whitesmh.co.uk\/wp-content\/uploads\/625-1-100x100.jpeg 100w\" sizes=\"auto, (max-width: 400px) 100vw, 400px\" \/><\/a><figcaption class=\"wp-element-caption\">Placa de identificaci\u00f3n personalizada<\/figcaption><\/figure>\n\n\n\n<figure class=\"wp-block-image size-thumbnail\"><a href=\"https:\/\/www.whitesmh.co.uk\/wp-content\/uploads\/Name-Platfe.jpg\"><img loading=\"lazy\" decoding=\"async\" width=\"400\" height=\"400\" data-id=\"3004\" src=\"https:\/\/www.whitesmh.co.uk\/wp-content\/uploads\/Name-Platfe-400x400.jpg\" alt=\"\" class=\"wp-image-3004\" srcset=\"https:\/\/www.whitesmh.co.uk\/wp-content\/uploads\/Name-Platfe-400x400.jpg 400w, https:\/\/www.whitesmh.co.uk\/wp-content\/uploads\/Name-Platfe-300x300.jpg 300w, https:\/\/www.whitesmh.co.uk\/wp-content\/uploads\/Name-Platfe-100x100.jpg 100w\" sizes=\"auto, (max-width: 400px) 100vw, 400px\" \/><\/a><figcaption class=\"wp-element-caption\">Placa de identificaci\u00f3n personalizada<\/figcaption><\/figure>\n<\/figure>\n<\/div>\n\n<div class=\"wp-block-group has-primary-background-color has-background is-layout-flow wp-block-group-is-layout-flow\" style=\"margin-top:30px;margin-bottom:30px;padding-top:var(--wp--preset--spacing--40);padding-right:var(--wp--preset--spacing--40);padding-bottom:var(--wp--preset--spacing--40);padding-left:var(--wp--preset--spacing--40)\">\n<h3 class=\"wp-block-heading\">VIDEOS<\/h3>\n<\/div>\n\n<figure class=\"wp-block-embed is-type-video is-provider-youtube wp-block-embed-youtube wp-embed-aspect-16-9 wp-has-aspect-ratio\"><div class=\"wp-block-embed__wrapper\">\n<iframe loading=\"lazy\" title=\"#WhitesDifference - Work Platforms\" width=\"800\" height=\"450\" src=\"https:\/\/www.youtube.com\/embed\/6uDj2pswPr4?feature=oembed\" frameborder=\"0\" allow=\"accelerometer; autoplay; clipboard-write; encrypted-media; gyroscope; picture-in-picture; web-share\" referrerpolicy=\"strict-origin-when-cross-origin\" allowfullscreen><\/iframe>\n<\/div><\/figure>\n","protected":false},"excerpt":{"rendered":"<p>PLATAFORMAS DE TRABAJO AG-X La plataforma de trabajo WHITES AG-X combina seguridad y practicidad en un dise\u00f1o f\u00e1cil de usar que hace que el trabajo en altura sea c\u00f3modo. MODELOS Modelo Ancho (pies) Ancho (mm) Personas Capacidad (kg) WP2M60 5 pies 1600mm 2 500kg WP2M80 8 pies 2440mm 2 500kg GALER\u00cdA EXTRAS OPCIONALES VIDEOS<\/p>\n","protected":false},"featured_media":7659,"template":"","meta":{"_acf_changed":false},"product_brand":[],"product_cat":[320,324],"product_tag":[],"class_list":{"2":"type-product","8":"product","9":"first","10":"instock","11":"taxable","12":"shipping-taxable","13":"product-type-simple"},"acf":[],"_links":{"self":[{"href":"https:\/\/www.whitesmh.co.uk\/es\/wp-json\/wp\/v2\/product\/7548","targetHints":{"allow":["GET"]}}],"collection":[{"href":"https:\/\/www.whitesmh.co.uk\/es\/wp-json\/wp\/v2\/product"}],"about":[{"href":"https:\/\/www.whitesmh.co.uk\/es\/wp-json\/wp\/v2\/types\/product"}],"wp:featuredmedia":[{"embeddable":true,"href":"https:\/\/www.whitesmh.co.uk\/es\/wp-json\/wp\/v2\/media\/7659"}],"wp:attachment":[{"href":"https:\/\/www.whitesmh.co.uk\/es\/wp-json\/wp\/v2\/media?parent=7548"}],"wp:term":[{"taxonomy":"product_brand","embeddable":true,"href":"https:\/\/www.whitesmh.co.uk\/es\/wp-json\/wp\/v2\/product_brand?post=7548"},{"taxonomy":"product_cat","embeddable":true,"href":"https:\/\/www.whitesmh.co.uk\/es\/wp-json\/wp\/v2\/product_cat?post=7548"},{"taxonomy":"product_tag","embeddable":true,"href":"https:\/\/www.whitesmh.co.uk\/es\/wp-json\/wp\/v2\/product_tag?post=7548"}],"curies":[{"name":"wp","href":"https:\/\/api.w.org\/{rel}","templated":true}]}}