{"id":7524,"date":"2023-12-10T14:15:21","date_gmt":"2023-12-10T14:15:21","guid":{"rendered":"https:\/\/www.whitesmh.co.uk\/products\/horquilla-y-garfio-de-alta-resistencia\/"},"modified":"2024-11-19T09:08:42","modified_gmt":"2024-11-19T09:08:42","slug":"horquilla-y-garfio-de-alta-resistencia","status":"publish","type":"product","link":"https:\/\/www.whitesmh.co.uk\/es\/producto\/horquilla-y-garfio-de-alta-resistencia\/","title":{"rendered":"Horquilla y garfio de alta resistencia"},"content":{"rendered":"\n<div class=\"wp-block-columns is-layout-flex wp-container-core-columns-is-layout-28f84493 wp-block-columns-is-layout-flex\">\n<div class=\"wp-block-column is-vertically-aligned-center is-layout-flow wp-block-column-is-layout-flow\">\n<figure class=\"wp-block-image size-full\"><img loading=\"lazy\" decoding=\"async\" width=\"1110\" height=\"1110\" src=\"https:\/\/www.whitesmh.co.uk\/wp-content\/uploads\/Skidsteer-Grapple.jpg\" alt=\"\" class=\"wp-image-2350\" srcset=\"https:\/\/www.whitesmh.co.uk\/wp-content\/uploads\/Skidsteer-Grapple.jpg 1110w, https:\/\/www.whitesmh.co.uk\/wp-content\/uploads\/Skidsteer-Grapple-300x300.jpg 300w, https:\/\/www.whitesmh.co.uk\/wp-content\/uploads\/Skidsteer-Grapple-100x100.jpg 100w, https:\/\/www.whitesmh.co.uk\/wp-content\/uploads\/Skidsteer-Grapple-600x600.jpg 600w, https:\/\/www.whitesmh.co.uk\/wp-content\/uploads\/Skidsteer-Grapple-400x400.jpg 400w, https:\/\/www.whitesmh.co.uk\/wp-content\/uploads\/Skidsteer-Grapple-800x800.jpg 800w, https:\/\/www.whitesmh.co.uk\/wp-content\/uploads\/Skidsteer-Grapple-768x768.jpg 768w\" sizes=\"auto, (max-width: 800px) 100vw, 800px\" \/><\/figure>\n<\/div>\n\n\n\n<div class=\"wp-block-column is-layout-flow wp-block-column-is-layout-flow\">\n<h2 class=\"wp-block-heading\" style=\"text-transform:uppercase\">HORQUILLA Y GARFIO DE SERVICIO PESADO<\/h2>\n\n\n\n<p>Para los clientes que operan una minicargadora con una elevaci\u00f3n de hasta 1,50 toneladas, la horquilla y pinza de servicio pesado WHITES es el accesorio ideal para aplicaciones agr\u00edcolas generales y de esti\u00e9rcol.  <\/p>\n\n\n\n<ul class=\"wp-block-list\">\n<li>Construcci\u00f3n de alta resistencia<\/li>\n\n\n\n<li>Potente pinza bicil\u00edndrica<\/li>\n\n\n\n<li>P\u00faas forjadas reemplazables tipo KV con alto contenido de carbono<\/li>\n\n\n\n<li>P\u00faas de garfio perfiladas<\/li>\n\n\n\n<li>La garra se abre lo suficiente como para agarrar pacas redondas &#8211; 1220 mm<\/li>\n\n\n\n<li>Clavijas de engrase<\/li>\n\n\n\n<li>Almohadillas de desgaste<\/li>\n\n\n\n<li>Maneja residuos agr\u00edcolas, pacas y ensilado<\/li>\n\n\n\n<li>Adecuado para m\u00e1quinas con una capacidad operativa de hasta 1,5 toneladas<\/li>\n<\/ul>\n\n\n\n<div class=\"wp-block-columns is-layout-flex wp-container-core-columns-is-layout-28f84493 wp-block-columns-is-layout-flex\">\n<div class=\"wp-block-column is-layout-flow wp-block-column-is-layout-flow\" style=\"flex-basis:100%\">\n<figure class=\"wp-block-image size-full is-resized\"><img loading=\"lazy\" decoding=\"async\" width=\"626\" height=\"149\" src=\"https:\/\/www.whitesmh.co.uk\/wp-content\/uploads\/image.png\" alt=\"\" class=\"wp-image-635\" style=\"width:268px;height:auto\" srcset=\"https:\/\/www.whitesmh.co.uk\/wp-content\/uploads\/image.png 626w, https:\/\/www.whitesmh.co.uk\/wp-content\/uploads\/image-600x143.png 600w\" sizes=\"auto, (max-width: 626px) 100vw, 626px\" \/><\/figure>\n<\/div>\n<\/div>\n\n\n\n<div class=\"wp-block-buttons is-layout-flex wp-block-buttons-is-layout-flex\">\n<div class=\"wp-block-button\"><a class=\"wp-block-button__link wp-element-button\" href=\"https:\/\/www.whitesmh.co.uk\/contact\/\">CONT\u00c1CTENOS<\/a><\/div>\n\n\n\n<div class=\"wp-block-button\"><a class=\"wp-block-button__link wp-element-button\" href=\"https:\/\/www.whitesmh.co.uk\/support\/grapples-product-support\/\">SOPORTE DE PRODUCTO<\/a><\/div>\n<\/div>\n<\/div>\n<\/div>\n\n<div class=\"wp-block-group is-layout-flow wp-block-group-is-layout-flow\">\n<div class=\"wp-block-group has-primary-background-color has-background is-layout-flow wp-block-group-is-layout-flow\" style=\"margin-top:30px;margin-bottom:30px;padding-top:var(--wp--preset--spacing--40);padding-right:var(--wp--preset--spacing--40);padding-bottom:var(--wp--preset--spacing--40);padding-left:var(--wp--preset--spacing--40)\">\n<h3 class=\"wp-block-heading\">MODELOS<\/h3>\n<\/div>\n<\/div>\n\n<figure class=\"wp-block-table\"><table><tbody><tr><td class=\"has-text-align-center\" data-align=\"center\"><strong>N\u00famero de pieza<\/strong><\/td><td class=\"has-text-align-center\" data-align=\"center\"><strong>Ancho (mm)<\/strong><\/td><td class=\"has-text-align-center\" data-align=\"center\"><strong>Ancho (pulgadas)<\/strong><\/td><td class=\"has-text-align-center\" data-align=\"center\"><strong>Abertura de la pinza (mm)<\/strong><\/td><td class=\"has-text-align-center\" data-align=\"center\"><strong>Carneros<\/strong><\/td><td class=\"has-text-align-center\" data-align=\"center\"><strong>P\u00faas de agarre<\/strong><\/td><td class=\"has-text-align-center\" data-align=\"center\"><strong>P\u00faas de base<\/strong><\/td><td class=\"has-text-align-center\" data-align=\"center\"><strong>N\u00famero de p\u00faas<\/strong><\/td><td class=\"has-text-align-center\" data-align=\"center\"><strong>Peso aproximado (KG)<\/strong><\/td><\/tr><tr><td class=\"has-text-align-center\" data-align=\"center\">FG-3K-1525<\/td><td class=\"has-text-align-center\" data-align=\"center\">1525<\/td><td class=\"has-text-align-center\" data-align=\"center\">60<\/td><td class=\"has-text-align-center\" data-align=\"center\">1220<\/td><td class=\"has-text-align-center\" data-align=\"center\">2<\/td><td class=\"has-text-align-center\" data-align=\"center\">Perfil<\/td><td class=\"has-text-align-center\" data-align=\"center\">KV<\/td><td class=\"has-text-align-center\" data-align=\"center\">8<\/td><td class=\"has-text-align-center\" data-align=\"center\">260<\/td><\/tr><tr><td class=\"has-text-align-center\" data-align=\"center\">FG-3K-1680<\/td><td class=\"has-text-align-center\" data-align=\"center\">1680<\/td><td class=\"has-text-align-center\" data-align=\"center\">66<\/td><td class=\"has-text-align-center\" data-align=\"center\">1220<\/td><td class=\"has-text-align-center\" data-align=\"center\">2<\/td><td class=\"has-text-align-center\" data-align=\"center\">Perfil<\/td><td class=\"has-text-align-center\" data-align=\"center\">KV<\/td><td class=\"has-text-align-center\" data-align=\"center\">9<\/td><td class=\"has-text-align-center\" data-align=\"center\">278<\/td><\/tr><tr><td class=\"has-text-align-center\" data-align=\"center\">FG-3K-1760<\/td><td class=\"has-text-align-center\" data-align=\"center\">1760<\/td><td class=\"has-text-align-center\" data-align=\"center\">69<\/td><td class=\"has-text-align-center\" data-align=\"center\">1220<\/td><td class=\"has-text-align-center\" data-align=\"center\">2<\/td><td class=\"has-text-align-center\" data-align=\"center\">Perfil<\/td><td class=\"has-text-align-center\" data-align=\"center\">KV<\/td><td class=\"has-text-align-center\" data-align=\"center\">9<\/td><td class=\"has-text-align-center\" data-align=\"center\">317<\/td><\/tr><tr><td class=\"has-text-align-center\" data-align=\"center\">FG-3K-1850<\/td><td class=\"has-text-align-center\" data-align=\"center\">1850<\/td><td class=\"has-text-align-center\" data-align=\"center\">73<\/td><td class=\"has-text-align-center\" data-align=\"center\">1220<\/td><td class=\"has-text-align-center\" data-align=\"center\">2<\/td><td class=\"has-text-align-center\" data-align=\"center\">Perfil<\/td><td class=\"has-text-align-center\" data-align=\"center\">KV<\/td><td class=\"has-text-align-center\" data-align=\"center\">10<\/td><td class=\"has-text-align-center\" data-align=\"center\">331<\/td><\/tr><tr><td class=\"has-text-align-center\" data-align=\"center\">FG-3K-2080<\/td><td class=\"has-text-align-center\" data-align=\"center\">2080<\/td><td class=\"has-text-align-center\" data-align=\"center\">82<\/td><td class=\"has-text-align-center\" data-align=\"center\">1220<\/td><td class=\"has-text-align-center\" data-align=\"center\">2<\/td><td class=\"has-text-align-center\" data-align=\"center\">Perfil<\/td><td class=\"has-text-align-center\" data-align=\"center\">KV<\/td><td class=\"has-text-align-center\" data-align=\"center\">11<\/td><td class=\"has-text-align-center\" data-align=\"center\">358<\/td><\/tr><tr><td class=\"has-text-align-center\" data-align=\"center\">FG-3K-2140<\/td><td class=\"has-text-align-center\" data-align=\"center\">2140<\/td><td class=\"has-text-align-center\" data-align=\"center\">84<\/td><td class=\"has-text-align-center\" data-align=\"center\">1220<\/td><td class=\"has-text-align-center\" data-align=\"center\">2<\/td><td class=\"has-text-align-center\" data-align=\"center\">Perfil<\/td><td class=\"has-text-align-center\" data-align=\"center\">KV<\/td><td class=\"has-text-align-center\" data-align=\"center\">11<\/td><td class=\"has-text-align-center\" data-align=\"center\">374<\/td><\/tr><\/tbody><\/table><\/figure>\n\n<div class=\"wp-block-group is-layout-constrained wp-block-group-is-layout-constrained\">\n<div class=\"wp-block-group alignfull has-primary-background-color has-background is-layout-flow wp-block-group-is-layout-flow\" style=\"margin-top:30px;margin-bottom:30px;padding-top:var(--wp--preset--spacing--40);padding-right:var(--wp--preset--spacing--40);padding-bottom:var(--wp--preset--spacing--40);padding-left:var(--wp--preset--spacing--40)\">\n<h3 class=\"wp-block-heading alignfull\">GALER\u00cdA<\/h3>\n<\/div>\n\n\n\n<figure class=\"wp-block-gallery alignfull has-nested-images columns-4 is-cropped wp-block-gallery-1 is-layout-flex wp-block-gallery-is-layout-flex\">\n<figure class=\"wp-block-image alignfull size-thumbnail\"><a href=\"https:\/\/www.whitesmh.co.uk\/wp-content\/uploads\/IMG_1729-scaled.jpg\"><img loading=\"lazy\" decoding=\"async\" width=\"400\" height=\"400\" data-id=\"2375\" src=\"https:\/\/www.whitesmh.co.uk\/wp-content\/uploads\/IMG_1729-400x400.jpg\" alt=\"\" class=\"wp-image-2375\" srcset=\"https:\/\/www.whitesmh.co.uk\/wp-content\/uploads\/IMG_1729-400x400.jpg 400w, https:\/\/www.whitesmh.co.uk\/wp-content\/uploads\/IMG_1729-scaled-300x300.jpg 300w, https:\/\/www.whitesmh.co.uk\/wp-content\/uploads\/IMG_1729-scaled-100x100.jpg 100w\" sizes=\"auto, (max-width: 400px) 100vw, 400px\" \/><\/a><\/figure>\n\n\n\n<figure class=\"wp-block-image size-thumbnail\"><a href=\"https:\/\/www.whitesmh.co.uk\/wp-content\/uploads\/67-2.jpg\"><img loading=\"lazy\" decoding=\"async\" width=\"400\" height=\"400\" data-id=\"2367\" src=\"https:\/\/www.whitesmh.co.uk\/wp-content\/uploads\/67-2-400x400.jpg\" alt=\"\" class=\"wp-image-2367\" srcset=\"https:\/\/www.whitesmh.co.uk\/wp-content\/uploads\/67-2-400x400.jpg 400w, https:\/\/www.whitesmh.co.uk\/wp-content\/uploads\/67-2-300x300.jpg 300w, https:\/\/www.whitesmh.co.uk\/wp-content\/uploads\/67-2-100x100.jpg 100w\" sizes=\"auto, (max-width: 400px) 100vw, 400px\" \/><\/a><\/figure>\n\n\n\n<figure class=\"wp-block-image size-thumbnail\"><a href=\"https:\/\/www.whitesmh.co.uk\/wp-content\/uploads\/Fork-and-Grapple.jpg\"><img loading=\"lazy\" decoding=\"async\" width=\"400\" height=\"400\" data-id=\"2373\" src=\"https:\/\/www.whitesmh.co.uk\/wp-content\/uploads\/Fork-and-Grapple-400x400.jpg\" alt=\"\" class=\"wp-image-2373\" srcset=\"https:\/\/www.whitesmh.co.uk\/wp-content\/uploads\/Fork-and-Grapple-400x400.jpg 400w, https:\/\/www.whitesmh.co.uk\/wp-content\/uploads\/Fork-and-Grapple-300x300.jpg 300w, https:\/\/www.whitesmh.co.uk\/wp-content\/uploads\/Fork-and-Grapple-100x100.jpg 100w\" sizes=\"auto, (max-width: 400px) 100vw, 400px\" \/><\/a><\/figure>\n\n\n\n<figure class=\"wp-block-image size-thumbnail\"><a href=\"https:\/\/www.whitesmh.co.uk\/wp-content\/uploads\/Fork-and-Grapple2.jpg\"><img loading=\"lazy\" decoding=\"async\" width=\"400\" height=\"400\" data-id=\"2372\" src=\"https:\/\/www.whitesmh.co.uk\/wp-content\/uploads\/Fork-and-Grapple2-400x400.jpg\" alt=\"\" class=\"wp-image-2372\" srcset=\"https:\/\/www.whitesmh.co.uk\/wp-content\/uploads\/Fork-and-Grapple2-400x400.jpg 400w, https:\/\/www.whitesmh.co.uk\/wp-content\/uploads\/Fork-and-Grapple2-300x300.jpg 300w, https:\/\/www.whitesmh.co.uk\/wp-content\/uploads\/Fork-and-Grapple2-100x100.jpg 100w\" sizes=\"auto, (max-width: 400px) 100vw, 400px\" \/><\/a><\/figure>\n\n\n\n<figure class=\"wp-block-image size-thumbnail\"><a href=\"https:\/\/www.whitesmh.co.uk\/wp-content\/uploads\/68-2.jpg\"><img loading=\"lazy\" decoding=\"async\" width=\"400\" height=\"400\" data-id=\"2368\" src=\"https:\/\/www.whitesmh.co.uk\/wp-content\/uploads\/68-2-400x400.jpg\" alt=\"\" class=\"wp-image-2368\" srcset=\"https:\/\/www.whitesmh.co.uk\/wp-content\/uploads\/68-2-400x400.jpg 400w, https:\/\/www.whitesmh.co.uk\/wp-content\/uploads\/68-2-300x300.jpg 300w, https:\/\/www.whitesmh.co.uk\/wp-content\/uploads\/68-2-100x100.jpg 100w\" sizes=\"auto, (max-width: 400px) 100vw, 400px\" \/><\/a><\/figure>\n\n\n\n<figure class=\"wp-block-image size-thumbnail\"><a href=\"https:\/\/www.whitesmh.co.uk\/wp-content\/uploads\/d2efa58a-b50a-484e-938a-6e7d52a1ca28.jpg\"><img loading=\"lazy\" decoding=\"async\" width=\"400\" height=\"400\" data-id=\"2804\" src=\"https:\/\/www.whitesmh.co.uk\/wp-content\/uploads\/d2efa58a-b50a-484e-938a-6e7d52a1ca28-400x400.jpg\" alt=\"\" class=\"wp-image-2804\" srcset=\"https:\/\/www.whitesmh.co.uk\/wp-content\/uploads\/d2efa58a-b50a-484e-938a-6e7d52a1ca28-400x400.jpg 400w, https:\/\/www.whitesmh.co.uk\/wp-content\/uploads\/d2efa58a-b50a-484e-938a-6e7d52a1ca28-300x300.jpg 300w, https:\/\/www.whitesmh.co.uk\/wp-content\/uploads\/d2efa58a-b50a-484e-938a-6e7d52a1ca28-100x100.jpg 100w\" sizes=\"auto, (max-width: 400px) 100vw, 400px\" \/><\/a><\/figure>\n\n\n\n<figure class=\"wp-block-image size-thumbnail\"><a href=\"https:\/\/www.whitesmh.co.uk\/wp-content\/uploads\/IMG_1731-scaled.jpg\"><img loading=\"lazy\" decoding=\"async\" width=\"400\" height=\"400\" data-id=\"2376\" src=\"https:\/\/www.whitesmh.co.uk\/wp-content\/uploads\/IMG_1731-400x400.jpg\" alt=\"\" class=\"wp-image-2376\" srcset=\"https:\/\/www.whitesmh.co.uk\/wp-content\/uploads\/IMG_1731-400x400.jpg 400w, https:\/\/www.whitesmh.co.uk\/wp-content\/uploads\/IMG_1731-scaled-300x300.jpg 300w, https:\/\/www.whitesmh.co.uk\/wp-content\/uploads\/IMG_1731-scaled-100x100.jpg 100w\" sizes=\"auto, (max-width: 400px) 100vw, 400px\" \/><\/a><\/figure>\n\n\n\n<figure class=\"wp-block-image size-thumbnail\"><a href=\"https:\/\/www.whitesmh.co.uk\/wp-content\/uploads\/70-2.jpg\"><img loading=\"lazy\" decoding=\"async\" width=\"400\" height=\"400\" data-id=\"2370\" src=\"https:\/\/www.whitesmh.co.uk\/wp-content\/uploads\/70-2-400x400.jpg\" alt=\"\" class=\"wp-image-2370\" srcset=\"https:\/\/www.whitesmh.co.uk\/wp-content\/uploads\/70-2-400x400.jpg 400w, https:\/\/www.whitesmh.co.uk\/wp-content\/uploads\/70-2-300x300.jpg 300w, https:\/\/www.whitesmh.co.uk\/wp-content\/uploads\/70-2-100x100.jpg 100w\" sizes=\"auto, (max-width: 400px) 100vw, 400px\" \/><\/a><\/figure>\n<\/figure>\n<\/div>\n","protected":false},"excerpt":{"rendered":"<p>HORQUILLA Y GARFIO DE SERVICIO PESADO Para los clientes que operan una minicargadora con una elevaci\u00f3n de hasta 1,50 toneladas, la horquilla y pinza de servicio pesado WHITES es el accesorio ideal para aplicaciones agr\u00edcolas generales y de esti\u00e9rcol. MODELOS N\u00famero de pieza Ancho (mm) Ancho (pulgadas) Abertura de la pinza (mm) Carneros P\u00faas de&hellip;<\/p>\n","protected":false},"featured_media":7536,"template":"","meta":{"_acf_changed":false},"product_brand":[],"product_cat":[320,321],"product_tag":[],"class_list":{"2":"type-product","8":"product","9":"first","10":"instock","11":"taxable","12":"shipping-taxable","13":"product-type-simple"},"acf":[],"_links":{"self":[{"href":"https:\/\/www.whitesmh.co.uk\/es\/wp-json\/wp\/v2\/product\/7524","targetHints":{"allow":["GET"]}}],"collection":[{"href":"https:\/\/www.whitesmh.co.uk\/es\/wp-json\/wp\/v2\/product"}],"about":[{"href":"https:\/\/www.whitesmh.co.uk\/es\/wp-json\/wp\/v2\/types\/product"}],"wp:featuredmedia":[{"embeddable":true,"href":"https:\/\/www.whitesmh.co.uk\/es\/wp-json\/wp\/v2\/media\/7536"}],"wp:attachment":[{"href":"https:\/\/www.whitesmh.co.uk\/es\/wp-json\/wp\/v2\/media?parent=7524"}],"wp:term":[{"taxonomy":"product_brand","embeddable":true,"href":"https:\/\/www.whitesmh.co.uk\/es\/wp-json\/wp\/v2\/product_brand?post=7524"},{"taxonomy":"product_cat","embeddable":true,"href":"https:\/\/www.whitesmh.co.uk\/es\/wp-json\/wp\/v2\/product_cat?post=7524"},{"taxonomy":"product_tag","embeddable":true,"href":"https:\/\/www.whitesmh.co.uk\/es\/wp-json\/wp\/v2\/product_tag?post=7524"}],"curies":[{"name":"wp","href":"https:\/\/api.w.org\/{rel}","templated":true}]}}