{"id":7497,"date":"2023-12-11T21:39:03","date_gmt":"2023-12-11T21:39:03","guid":{"rendered":"https:\/\/www.whitesmh.co.uk\/products\/cucharas-de-excavacion-2\/"},"modified":"2024-11-19T08:59:19","modified_gmt":"2024-11-19T08:59:19","slug":"cucharas-de-excavacion-2","status":"publish","type":"product","link":"https:\/\/www.whitesmh.co.uk\/es\/producto\/cucharas-de-excavacion-2\/","title":{"rendered":"Cucharas de excavaci\u00f3n"},"content":{"rendered":"\n<div class=\"wp-block-columns is-layout-flex wp-container-core-columns-is-layout-28f84493 wp-block-columns-is-layout-flex\">\n<div class=\"wp-block-column is-vertically-aligned-center is-layout-flow wp-block-column-is-layout-flow\">\n<figure class=\"wp-block-image size-full\"><img loading=\"lazy\" decoding=\"async\" width=\"714\" height=\"590\" src=\"https:\/\/www.whitesmh.co.uk\/wp-content\/uploads\/CWL-Digging-Bucket.jpg\" alt=\"\" class=\"wp-image-2109\" srcset=\"https:\/\/www.whitesmh.co.uk\/wp-content\/uploads\/CWL-Digging-Bucket.jpg 714w, https:\/\/www.whitesmh.co.uk\/wp-content\/uploads\/CWL-Digging-Bucket-600x496.jpg 600w\" sizes=\"auto, (max-width: 714px) 100vw, 714px\" \/><\/figure>\n<\/div>\n\n\n\n<div class=\"wp-block-column is-layout-flow wp-block-column-is-layout-flow\">\n<h2 class=\"wp-block-heading\" style=\"text-transform:uppercase\">CUBOS DE EXCAVACI\u00d3N<\/h2>\n\n\n\n<p>El cuchar\u00f3n de excavaci\u00f3n WHITES para una cargadora de ruedas compacta es una opci\u00f3n fuerte, duradera y bien construida para excavar y mover material con su m\u00e1quina.  <\/p>\n\n\n\n<ul class=\"wp-block-list\">\n<li>Ideal para el manejo de materiales de alta densidad<\/li>\n\n\n\n<li>Construcci\u00f3n pesada<\/li>\n\n\n\n<li>Borde de corte tratado t\u00e9rmicamente con boro<\/li>\n\n\n\n<li>Se suministra con un perno en el filo de corte reversible<\/li>\n<\/ul>\n\n\n\n<div class=\"wp-block-columns is-layout-flex wp-container-core-columns-is-layout-28f84493 wp-block-columns-is-layout-flex\">\n<div class=\"wp-block-column is-layout-flow wp-block-column-is-layout-flow\" style=\"flex-basis:100%\">\n<figure class=\"wp-block-image size-full is-resized\"><img loading=\"lazy\" decoding=\"async\" width=\"626\" height=\"152\" src=\"https:\/\/www.whitesmh.co.uk\/wp-content\/uploads\/Made-in-Britain2.png\" alt=\"\" class=\"wp-image-924\" style=\"width:268px;height:auto\" srcset=\"https:\/\/www.whitesmh.co.uk\/wp-content\/uploads\/Made-in-Britain2.png 626w, https:\/\/www.whitesmh.co.uk\/wp-content\/uploads\/Made-in-Britain2-600x146.png 600w\" sizes=\"auto, (max-width: 626px) 100vw, 626px\" \/><\/figure>\n<\/div>\n<\/div>\n\n\n\n<div class=\"wp-block-buttons is-layout-flex wp-block-buttons-is-layout-flex\">\n<div class=\"wp-block-button\"><a class=\"wp-block-button__link wp-element-button\" href=\"https:\/\/www.whitesmh.co.uk\/contact\/\">CONT\u00c1CTENOS<\/a><\/div>\n\n\n\n<div class=\"wp-block-button\"><a class=\"wp-block-button__link wp-element-button\" href=\"https:\/\/www.whitesmh.co.uk\/support\/buckets-product-support\/\">SOPORTE DE PRODUCTO<\/a><\/div>\n<\/div>\n<\/div>\n<\/div>\n","protected":false},"excerpt":{"rendered":"<p>CUBOS DE EXCAVACI\u00d3N El cuchar\u00f3n de excavaci\u00f3n WHITES para una cargadora de ruedas compacta es una opci\u00f3n fuerte, duradera y bien construida para excavar y mover material con su m\u00e1quina.<\/p>\n","protected":false},"featured_media":7498,"template":"","meta":{"_acf_changed":false},"product_brand":[],"product_cat":[320],"product_tag":[],"class_list":{"2":"type-product","7":"product","8":"first","9":"instock","10":"taxable","11":"shipping-taxable","12":"product-type-simple"},"acf":[],"_links":{"self":[{"href":"https:\/\/www.whitesmh.co.uk\/es\/wp-json\/wp\/v2\/product\/7497","targetHints":{"allow":["GET"]}}],"collection":[{"href":"https:\/\/www.whitesmh.co.uk\/es\/wp-json\/wp\/v2\/product"}],"about":[{"href":"https:\/\/www.whitesmh.co.uk\/es\/wp-json\/wp\/v2\/types\/product"}],"wp:featuredmedia":[{"embeddable":true,"href":"https:\/\/www.whitesmh.co.uk\/es\/wp-json\/wp\/v2\/media\/7498"}],"wp:attachment":[{"href":"https:\/\/www.whitesmh.co.uk\/es\/wp-json\/wp\/v2\/media?parent=7497"}],"wp:term":[{"taxonomy":"product_brand","embeddable":true,"href":"https:\/\/www.whitesmh.co.uk\/es\/wp-json\/wp\/v2\/product_brand?post=7497"},{"taxonomy":"product_cat","embeddable":true,"href":"https:\/\/www.whitesmh.co.uk\/es\/wp-json\/wp\/v2\/product_cat?post=7497"},{"taxonomy":"product_tag","embeddable":true,"href":"https:\/\/www.whitesmh.co.uk\/es\/wp-json\/wp\/v2\/product_tag?post=7497"}],"curies":[{"name":"wp","href":"https:\/\/api.w.org\/{rel}","templated":true}]}}