{"id":7415,"date":"2023-12-11T22:09:47","date_gmt":"2023-12-11T22:09:47","guid":{"rendered":"https:\/\/www.whitesmh.co.uk\/products\/dientes-y-puntas\/"},"modified":"2024-11-19T08:58:56","modified_gmt":"2024-11-19T08:58:56","slug":"dientes-y-puntas","status":"publish","type":"product","link":"https:\/\/www.whitesmh.co.uk\/es\/producto\/dientes-y-puntas\/","title":{"rendered":"Dientes y puntas"},"content":{"rendered":"\n<div class=\"wp-block-columns is-layout-flex wp-container-core-columns-is-layout-28f84493 wp-block-columns-is-layout-flex\">\n<div class=\"wp-block-column is-vertically-aligned-center is-layout-flow wp-block-column-is-layout-flow\">\n<figure class=\"wp-block-image size-full\"><img loading=\"lazy\" decoding=\"async\" width=\"1000\" height=\"788\" src=\"https:\/\/www.whitesmh.co.uk\/wp-content\/uploads\/Teeth-and-Tips.jpg\" alt=\"\" class=\"wp-image-2133\" srcset=\"https:\/\/www.whitesmh.co.uk\/wp-content\/uploads\/Teeth-and-Tips.jpg 1000w, https:\/\/www.whitesmh.co.uk\/wp-content\/uploads\/Teeth-and-Tips-600x473.jpg 600w, https:\/\/www.whitesmh.co.uk\/wp-content\/uploads\/Teeth-and-Tips-800x630.jpg 800w, https:\/\/www.whitesmh.co.uk\/wp-content\/uploads\/Teeth-and-Tips-768x605.jpg 768w\" sizes=\"auto, (max-width: 800px) 100vw, 800px\" \/><\/figure>\n<\/div>\n\n\n\n<div class=\"wp-block-column is-layout-flow wp-block-column-is-layout-flow\">\n<h2 class=\"wp-block-heading\" style=\"text-transform:uppercase\">DIENTES Y PUNTAS<\/h2>\n\n\n\n<p>WHITES es uno de los mayores fabricantes europeos de dientes y puntas para accesorios adecuados para todo tipo de m\u00e1quinas de carga, suministrando a la mayor\u00eda de los mayores fabricantes de equipos originales de la industria de la manipulaci\u00f3n de materiales sus requisitos de piezas de desgaste.  <\/p>\n\n\n\n<ul class=\"wp-block-list\">\n<li>Dise\u00f1ado para maximizar la longevidad de su accesorio<\/li>\n\n\n\n<li>Calidad de construcci\u00f3n de alta resistencia<\/li>\n\n\n\n<li>F\u00e1cilmente reemplazable<\/li>\n\n\n\n<li>Viene completo con tuercas y tornillos<\/li>\n<\/ul>\n\n\n\n<div class=\"wp-block-columns is-layout-flex wp-container-core-columns-is-layout-28f84493 wp-block-columns-is-layout-flex\">\n<div class=\"wp-block-column is-layout-flow wp-block-column-is-layout-flow\" style=\"flex-basis:100%\">\n<figure class=\"wp-block-image size-full is-resized\"><img loading=\"lazy\" decoding=\"async\" width=\"626\" height=\"152\" src=\"https:\/\/www.whitesmh.co.uk\/wp-content\/uploads\/Made-in-Britain2.png\" alt=\"\" class=\"wp-image-924\" style=\"width:268px;height:auto\" srcset=\"https:\/\/www.whitesmh.co.uk\/wp-content\/uploads\/Made-in-Britain2.png 626w, https:\/\/www.whitesmh.co.uk\/wp-content\/uploads\/Made-in-Britain2-600x146.png 600w\" sizes=\"auto, (max-width: 626px) 100vw, 626px\" \/><\/figure>\n<\/div>\n<\/div>\n\n\n\n<div class=\"wp-block-buttons is-layout-flex wp-block-buttons-is-layout-flex\">\n<div class=\"wp-block-button\"><a class=\"wp-block-button__link wp-element-button\" href=\"https:\/\/www.whitesmh.co.uk\/contact\/\">CONT\u00c1CTENOS<\/a><\/div>\n<\/div>\n<\/div>\n<\/div>\n\n<div class=\"wp-block-group is-layout-flow wp-block-group-is-layout-flow\">\n<div class=\"wp-block-group has-primary-background-color has-background is-layout-flow wp-block-group-is-layout-flow\" style=\"margin-top:30px;margin-bottom:30px;padding-top:var(--wp--preset--spacing--40);padding-right:var(--wp--preset--spacing--40);padding-bottom:var(--wp--preset--spacing--40);padding-left:var(--wp--preset--spacing--40)\">\n<h3 class=\"wp-block-heading\">GALER\u00cdA<\/h3>\n<\/div>\n\n\n\n<figure class=\"wp-block-gallery has-nested-images columns-4 is-cropped wp-block-gallery-1 is-layout-flex wp-block-gallery-is-layout-flex\">\n<figure class=\"wp-block-image size-thumbnail\"><a href=\"https:\/\/www.whitesmh.co.uk\/wp-content\/uploads\/557.jpg\"><img loading=\"lazy\" decoding=\"async\" width=\"400\" height=\"400\" data-id=\"1832\" src=\"https:\/\/www.whitesmh.co.uk\/wp-content\/uploads\/557-400x400.jpg\" alt=\"\" class=\"wp-image-1832\" srcset=\"https:\/\/www.whitesmh.co.uk\/wp-content\/uploads\/557-400x400.jpg 400w, https:\/\/www.whitesmh.co.uk\/wp-content\/uploads\/557-300x300.jpg 300w, https:\/\/www.whitesmh.co.uk\/wp-content\/uploads\/557-100x100.jpg 100w\" sizes=\"auto, (max-width: 400px) 100vw, 400px\" \/><\/a><\/figure>\n\n\n\n<figure class=\"wp-block-image size-thumbnail\"><a href=\"https:\/\/www.whitesmh.co.uk\/wp-content\/uploads\/WhatsApp-Image-2023-10-30-at-21.06.02.jpeg\"><img loading=\"lazy\" decoding=\"async\" width=\"400\" height=\"400\" data-id=\"904\" src=\"https:\/\/www.whitesmh.co.uk\/wp-content\/uploads\/WhatsApp-Image-2023-10-30-at-21.06.02-400x400.jpeg\" alt=\"\" class=\"wp-image-904\" srcset=\"https:\/\/www.whitesmh.co.uk\/wp-content\/uploads\/WhatsApp-Image-2023-10-30-at-21.06.02-400x400.jpeg 400w, https:\/\/www.whitesmh.co.uk\/wp-content\/uploads\/WhatsApp-Image-2023-10-30-at-21.06.02-300x300.jpeg 300w, https:\/\/www.whitesmh.co.uk\/wp-content\/uploads\/WhatsApp-Image-2023-10-30-at-21.06.02-100x100.jpeg 100w\" sizes=\"auto, (max-width: 400px) 100vw, 400px\" \/><\/a><\/figure>\n\n\n\n<figure class=\"wp-block-image size-thumbnail\"><a href=\"https:\/\/www.whitesmh.co.uk\/wp-content\/uploads\/WhatsApp-Image-2023-10-30-at-21.06.01.jpeg\"><img loading=\"lazy\" decoding=\"async\" width=\"400\" height=\"400\" data-id=\"906\" src=\"https:\/\/www.whitesmh.co.uk\/wp-content\/uploads\/WhatsApp-Image-2023-10-30-at-21.06.01-400x400.jpeg\" alt=\"\" class=\"wp-image-906\" srcset=\"https:\/\/www.whitesmh.co.uk\/wp-content\/uploads\/WhatsApp-Image-2023-10-30-at-21.06.01-400x400.jpeg 400w, https:\/\/www.whitesmh.co.uk\/wp-content\/uploads\/WhatsApp-Image-2023-10-30-at-21.06.01-300x300.jpeg 300w, https:\/\/www.whitesmh.co.uk\/wp-content\/uploads\/WhatsApp-Image-2023-10-30-at-21.06.01-100x100.jpeg 100w\" sizes=\"auto, (max-width: 400px) 100vw, 400px\" \/><\/a><\/figure>\n\n\n\n<figure class=\"wp-block-image size-thumbnail\"><a href=\"https:\/\/www.whitesmh.co.uk\/wp-content\/uploads\/Grave-Digging-Bucket-2.jpg\"><img loading=\"lazy\" decoding=\"async\" width=\"400\" height=\"400\" data-id=\"1801\" src=\"https:\/\/www.whitesmh.co.uk\/wp-content\/uploads\/Grave-Digging-Bucket-2-400x400.jpg\" alt=\"\" class=\"wp-image-1801\" srcset=\"https:\/\/www.whitesmh.co.uk\/wp-content\/uploads\/Grave-Digging-Bucket-2-400x400.jpg 400w, https:\/\/www.whitesmh.co.uk\/wp-content\/uploads\/Grave-Digging-Bucket-2-300x300.jpg 300w, https:\/\/www.whitesmh.co.uk\/wp-content\/uploads\/Grave-Digging-Bucket-2-100x100.jpg 100w\" sizes=\"auto, (max-width: 400px) 100vw, 400px\" \/><\/a><\/figure>\n\n\n\n<figure class=\"wp-block-image size-thumbnail\"><a href=\"https:\/\/www.whitesmh.co.uk\/wp-content\/uploads\/Riddle-Bucket-7.jpg\"><img loading=\"lazy\" decoding=\"async\" width=\"400\" height=\"400\" data-id=\"1794\" src=\"https:\/\/www.whitesmh.co.uk\/wp-content\/uploads\/Riddle-Bucket-7-400x400.jpg\" alt=\"\" class=\"wp-image-1794\" srcset=\"https:\/\/www.whitesmh.co.uk\/wp-content\/uploads\/Riddle-Bucket-7-400x400.jpg 400w, https:\/\/www.whitesmh.co.uk\/wp-content\/uploads\/Riddle-Bucket-7-300x300.jpg 300w, https:\/\/www.whitesmh.co.uk\/wp-content\/uploads\/Riddle-Bucket-7-100x100.jpg 100w\" sizes=\"auto, (max-width: 400px) 100vw, 400px\" \/><\/a><\/figure>\n\n\n\n<figure class=\"wp-block-image size-thumbnail\"><a href=\"https:\/\/www.whitesmh.co.uk\/wp-content\/uploads\/WhatsApp-Image-2023-10-24-at-14.19.35.jpeg\"><img loading=\"lazy\" decoding=\"async\" width=\"400\" height=\"400\" data-id=\"1782\" src=\"https:\/\/www.whitesmh.co.uk\/wp-content\/uploads\/WhatsApp-Image-2023-10-24-at-14.19.35-400x400.jpeg\" alt=\"\" class=\"wp-image-1782\" srcset=\"https:\/\/www.whitesmh.co.uk\/wp-content\/uploads\/WhatsApp-Image-2023-10-24-at-14.19.35-400x400.jpeg 400w, https:\/\/www.whitesmh.co.uk\/wp-content\/uploads\/WhatsApp-Image-2023-10-24-at-14.19.35-300x300.jpeg 300w, https:\/\/www.whitesmh.co.uk\/wp-content\/uploads\/WhatsApp-Image-2023-10-24-at-14.19.35-100x100.jpeg 100w\" sizes=\"auto, (max-width: 400px) 100vw, 400px\" \/><\/a><\/figure>\n\n\n\n<figure class=\"wp-block-image size-thumbnail\"><a href=\"https:\/\/www.whitesmh.co.uk\/wp-content\/uploads\/WhatsApp-Image-2023-10-24-at-14.19.35-3.jpeg\"><img loading=\"lazy\" decoding=\"async\" width=\"400\" height=\"400\" data-id=\"1778\" src=\"https:\/\/www.whitesmh.co.uk\/wp-content\/uploads\/WhatsApp-Image-2023-10-24-at-14.19.35-3-400x400.jpeg\" alt=\"\" class=\"wp-image-1778\" srcset=\"https:\/\/www.whitesmh.co.uk\/wp-content\/uploads\/WhatsApp-Image-2023-10-24-at-14.19.35-3-400x400.jpeg 400w, https:\/\/www.whitesmh.co.uk\/wp-content\/uploads\/WhatsApp-Image-2023-10-24-at-14.19.35-3-300x300.jpeg 300w, https:\/\/www.whitesmh.co.uk\/wp-content\/uploads\/WhatsApp-Image-2023-10-24-at-14.19.35-3-100x100.jpeg 100w\" sizes=\"auto, (max-width: 400px) 100vw, 400px\" \/><\/a><\/figure>\n\n\n\n<figure class=\"wp-block-image size-thumbnail\"><a href=\"https:\/\/www.whitesmh.co.uk\/wp-content\/uploads\/Whites-Grading-Bucket-8.jpg\"><img loading=\"lazy\" decoding=\"async\" width=\"400\" height=\"400\" data-id=\"1770\" src=\"https:\/\/www.whitesmh.co.uk\/wp-content\/uploads\/Whites-Grading-Bucket-8-400x400.jpg\" alt=\"\" class=\"wp-image-1770\" srcset=\"https:\/\/www.whitesmh.co.uk\/wp-content\/uploads\/Whites-Grading-Bucket-8-400x400.jpg 400w, https:\/\/www.whitesmh.co.uk\/wp-content\/uploads\/Whites-Grading-Bucket-8-300x300.jpg 300w, https:\/\/www.whitesmh.co.uk\/wp-content\/uploads\/Whites-Grading-Bucket-8-100x100.jpg 100w\" sizes=\"auto, (max-width: 400px) 100vw, 400px\" \/><\/a><\/figure>\n<\/figure>\n<\/div>\n","protected":false},"excerpt":{"rendered":"<p>DIENTES Y PUNTAS WHITES es uno de los mayores fabricantes europeos de dientes y puntas para accesorios adecuados para todo tipo de m\u00e1quinas de carga, suministrando a la mayor\u00eda de los mayores fabricantes de equipos originales de la industria de la manipulaci\u00f3n de materiales sus requisitos de piezas de desgaste. GALER\u00cdA<\/p>\n","protected":false},"featured_media":7416,"template":"","meta":{"_acf_changed":false},"product_brand":[],"product_cat":[323],"product_tag":[],"class_list":{"2":"type-product","7":"product","8":"first","9":"instock","10":"taxable","11":"shipping-taxable","12":"product-type-simple"},"acf":[],"_links":{"self":[{"href":"https:\/\/www.whitesmh.co.uk\/es\/wp-json\/wp\/v2\/product\/7415","targetHints":{"allow":["GET"]}}],"collection":[{"href":"https:\/\/www.whitesmh.co.uk\/es\/wp-json\/wp\/v2\/product"}],"about":[{"href":"https:\/\/www.whitesmh.co.uk\/es\/wp-json\/wp\/v2\/types\/product"}],"wp:featuredmedia":[{"embeddable":true,"href":"https:\/\/www.whitesmh.co.uk\/es\/wp-json\/wp\/v2\/media\/7416"}],"wp:attachment":[{"href":"https:\/\/www.whitesmh.co.uk\/es\/wp-json\/wp\/v2\/media?parent=7415"}],"wp:term":[{"taxonomy":"product_brand","embeddable":true,"href":"https:\/\/www.whitesmh.co.uk\/es\/wp-json\/wp\/v2\/product_brand?post=7415"},{"taxonomy":"product_cat","embeddable":true,"href":"https:\/\/www.whitesmh.co.uk\/es\/wp-json\/wp\/v2\/product_cat?post=7415"},{"taxonomy":"product_tag","embeddable":true,"href":"https:\/\/www.whitesmh.co.uk\/es\/wp-json\/wp\/v2\/product_tag?post=7415"}],"curies":[{"name":"wp","href":"https:\/\/api.w.org\/{rel}","templated":true}]}}