{"id":7376,"date":"2023-11-21T11:12:58","date_gmt":"2023-11-21T11:12:58","guid":{"rendered":"https:\/\/www.whitesmh.co.uk\/products\/cubos-gp-de-construccion\/"},"modified":"2024-11-19T08:58:22","modified_gmt":"2024-11-19T08:58:22","slug":"cubos-gp-de-construccion","status":"publish","type":"product","link":"https:\/\/www.whitesmh.co.uk\/es\/producto\/cubos-gp-de-construccion\/","title":{"rendered":"Cubos gp de construcci\u00f3n"},"content":{"rendered":"\n<div class=\"wp-block-columns is-layout-flex wp-container-core-columns-is-layout-28f84493 wp-block-columns-is-layout-flex\">\n<div class=\"wp-block-column is-layout-flow wp-block-column-is-layout-flow\">\n<h2 class=\"wp-block-heading\" style=\"text-transform:uppercase\">CUBOS GP DE CONSTRUCCI\u00d3N<\/h2>\n\n\n\n<p>El cuchar\u00f3n GP de construcci\u00f3n WHITES es una soluci\u00f3n ideal para cargar y mover una variedad de materiales alrededor de patios de construcci\u00f3n, sitios o peque\u00f1as propiedades.  <\/p>\n\n\n\n<ul class=\"wp-block-list\">\n<li>Especificaci\u00f3n de construcci\u00f3n l\u00edder en el mercado<\/li>\n\n\n\n<li>Carcasa interna enrollada<\/li>\n\n\n\n<li>HB500 borde de corte y almohadillas de desgaste trasero con tratamiento t\u00e9rmico de boro<\/li>\n\n\n\n<li>Cortador lateral de boro HB500<\/li>\n\n\n\n<li>Almohadillas de soporte de envoltura completa: distribuyen las cargas de manera uniforme<\/li>\n\n\n\n<li>Refuerzos de placa lateral<\/li>\n\n\n\n<li>Refuerzos internos y refuerzo de pliegue superior<\/li>\n\n\n\n<li>La parte superior plana del cubo proporciona un gran indicador visual de nivel<\/li>\n\n\n\n<li>Tornillo opcional en filo de corte reversible &#8211; HB500<\/li>\n<\/ul>\n\n\n\n<div class=\"wp-block-columns is-layout-flex wp-container-core-columns-is-layout-28f84493 wp-block-columns-is-layout-flex\">\n<div class=\"wp-block-column is-layout-flow wp-block-column-is-layout-flow\" style=\"flex-basis:100%\">\n<figure class=\"wp-block-image size-full is-resized\"><img loading=\"lazy\" decoding=\"async\" width=\"626\" height=\"152\" src=\"https:\/\/www.whitesmh.co.uk\/wp-content\/uploads\/Made-in-Britain2.png\" alt=\"\" class=\"wp-image-924\" style=\"width:268px;height:auto\" srcset=\"https:\/\/www.whitesmh.co.uk\/wp-content\/uploads\/Made-in-Britain2.png 626w, https:\/\/www.whitesmh.co.uk\/wp-content\/uploads\/Made-in-Britain2-600x146.png 600w\" sizes=\"auto, (max-width: 626px) 100vw, 626px\" \/><\/figure>\n<\/div>\n<\/div>\n\n\n\n<div class=\"wp-block-buttons is-layout-flex wp-block-buttons-is-layout-flex\">\n<div class=\"wp-block-button\"><a class=\"wp-block-button__link wp-element-button\" href=\"https:\/\/www.whitesmh.co.uk\/contact\/\">CONT\u00c1CTENOS<\/a><\/div>\n\n\n\n<div class=\"wp-block-button\"><a class=\"wp-block-button__link wp-element-button\" href=\"https:\/\/www.whitesmh.co.uk\/support\/buckets-product-support\/\">SOPORTE DE PRODUCTO<\/a><\/div>\n\n\n\n<div class=\"wp-block-button\"><a class=\"wp-block-button__link wp-element-button\" href=\"https:\/\/www.whitesmh.co.uk\/wp-content\/uploads\/WMH-Data-Sheet-Construction-GP-Buckets.pptx\" target=\"_blank\" rel=\"noreferrer noopener\">FICHA T\u00c9CNICA<\/a><\/div>\n<\/div>\n<\/div>\n\n\n\n<div class=\"wp-block-column is-vertically-aligned-center is-layout-flow wp-block-column-is-layout-flow\">\n<figure class=\"wp-block-image size-full\"><img loading=\"lazy\" decoding=\"async\" width=\"2000\" height=\"1334\" src=\"https:\/\/www.whitesmh.co.uk\/wp-content\/uploads\/IMG_2387-scaled.jpeg\" alt=\"\" class=\"wp-image-1503\" srcset=\"https:\/\/www.whitesmh.co.uk\/wp-content\/uploads\/IMG_2387-scaled.jpeg 2000w, https:\/\/www.whitesmh.co.uk\/wp-content\/uploads\/IMG_2387-scaled-600x400.jpeg 600w, https:\/\/www.whitesmh.co.uk\/wp-content\/uploads\/IMG_2387-800x533.jpeg 800w, https:\/\/www.whitesmh.co.uk\/wp-content\/uploads\/IMG_2387-768x512.jpeg 768w\" sizes=\"auto, (max-width: 800px) 100vw, 800px\" \/><\/figure>\n<\/div>\n<\/div>\n\n<div class=\"wp-block-group has-primary-background-color has-background is-layout-flow wp-block-group-is-layout-flow\" style=\"margin-top:30px;margin-bottom:30px;padding-top:var(--wp--preset--spacing--40);padding-right:var(--wp--preset--spacing--40);padding-bottom:var(--wp--preset--spacing--40);padding-left:var(--wp--preset--spacing--40)\">\n<h3 class=\"wp-block-heading\">MODELOS<\/h3>\n<\/div>\n\n<figure class=\"wp-block-table\"><table><tbody><tr><td class=\"has-text-align-center\" data-align=\"center\"><strong>Modelo<\/strong><\/td><td class=\"has-text-align-center\" data-align=\"center\"><strong>Ancho (mm)<\/strong><\/td><td class=\"has-text-align-center\" data-align=\"center\"><strong>Ancho (pies)<\/strong><\/td><td class=\"has-text-align-center\" data-align=\"center\"><strong>Capacidad<\/strong><\/td><\/tr><tr><td class=\"has-text-align-center\" data-align=\"center\">GP0550<\/td><td class=\"has-text-align-center\" data-align=\"center\">1525mm<\/td><td class=\"has-text-align-center\" data-align=\"center\">5 pies<\/td><td class=\"has-text-align-center\" data-align=\"center\">0.50m3<\/td><\/tr><tr><td class=\"has-text-align-center\" data-align=\"center\">GP0660<\/td><td class=\"has-text-align-center\" data-align=\"center\">1830mm<\/td><td class=\"has-text-align-center\" data-align=\"center\">6 pies<\/td><td class=\"has-text-align-center\" data-align=\"center\">0.60m3<\/td><\/tr><tr><td class=\"has-text-align-center\" data-align=\"center\">GP1060<\/td><td class=\"has-text-align-center\" data-align=\"center\">1830mm<\/td><td class=\"has-text-align-center\" data-align=\"center\">6 pies<\/td><td class=\"has-text-align-center\" data-align=\"center\">1.00m3<\/td><\/tr><tr><td class=\"has-text-align-center\" data-align=\"center\">GP1176<\/td><td class=\"has-text-align-center\" data-align=\"center\">2290mm<\/td><td class=\"has-text-align-center\" data-align=\"center\">7&#8217;6\u00bb<\/td><td class=\"has-text-align-center\" data-align=\"center\">1.10m3<\/td><\/tr><tr><td class=\"has-text-align-center\" data-align=\"center\">GP1376<\/td><td class=\"has-text-align-center\" data-align=\"center\">2290mm<\/td><td class=\"has-text-align-center\" data-align=\"center\">7&#8217;6\u00bb<\/td><td class=\"has-text-align-center\" data-align=\"center\">1.30m3<\/td><\/tr><tr><td class=\"has-text-align-center\" data-align=\"center\">GP1576<\/td><td class=\"has-text-align-center\" data-align=\"center\">2290mm<\/td><td class=\"has-text-align-center\" data-align=\"center\">7&#8217;6\u00bb<\/td><td class=\"has-text-align-center\" data-align=\"center\">1.50m3<\/td><\/tr><tr><td class=\"has-text-align-center\" data-align=\"center\">GP1180<\/td><td class=\"has-text-align-center\" data-align=\"center\">2440mm<\/td><td class=\"has-text-align-center\" data-align=\"center\">8 pies<\/td><td class=\"has-text-align-center\" data-align=\"center\">1.10m3<\/td><\/tr><tr><td class=\"has-text-align-center\" data-align=\"center\">GP1380<\/td><td class=\"has-text-align-center\" data-align=\"center\">2440mm<\/td><td class=\"has-text-align-center\" data-align=\"center\">8 pies<\/td><td class=\"has-text-align-center\" data-align=\"center\">1.30m3<\/td><\/tr><tr><td class=\"has-text-align-center\" data-align=\"center\">GP1580<\/td><td class=\"has-text-align-center\" data-align=\"center\">2440mm<\/td><td class=\"has-text-align-center\" data-align=\"center\">8 pies<\/td><td class=\"has-text-align-center\" data-align=\"center\">1.50m3<\/td><\/tr><\/tbody><\/table><\/figure>\n\n<div class=\"wp-block-group is-layout-flow wp-block-group-is-layout-flow\">\n<div class=\"wp-block-group has-primary-background-color has-background is-layout-flow wp-block-group-is-layout-flow\" style=\"margin-top:30px;margin-bottom:30px;padding-top:var(--wp--preset--spacing--40);padding-right:var(--wp--preset--spacing--40);padding-bottom:var(--wp--preset--spacing--40);padding-left:var(--wp--preset--spacing--40)\">\n<h3 class=\"wp-block-heading\">GALER\u00cdA<\/h3>\n<\/div>\n\n\n\n<figure class=\"wp-block-gallery has-nested-images columns-4 is-cropped wp-block-gallery-1 is-layout-flex wp-block-gallery-is-layout-flex\">\n<figure class=\"wp-block-image size-thumbnail\"><a href=\"https:\/\/www.whitesmh.co.uk\/wp-content\/uploads\/566.jpg\"><img loading=\"lazy\" decoding=\"async\" width=\"400\" height=\"400\" data-id=\"1501\" src=\"https:\/\/www.whitesmh.co.uk\/wp-content\/uploads\/566-400x400.jpg\" alt=\"\" class=\"wp-image-1501\" srcset=\"https:\/\/www.whitesmh.co.uk\/wp-content\/uploads\/566-400x400.jpg 400w, https:\/\/www.whitesmh.co.uk\/wp-content\/uploads\/566-300x300.jpg 300w, https:\/\/www.whitesmh.co.uk\/wp-content\/uploads\/566-100x100.jpg 100w\" sizes=\"auto, (max-width: 400px) 100vw, 400px\" \/><\/a><\/figure>\n\n\n\n<figure class=\"wp-block-image size-thumbnail\"><a href=\"https:\/\/www.whitesmh.co.uk\/wp-content\/uploads\/2222.jpg\"><img loading=\"lazy\" decoding=\"async\" width=\"400\" height=\"400\" data-id=\"1500\" src=\"https:\/\/www.whitesmh.co.uk\/wp-content\/uploads\/2222-400x400.jpg\" alt=\"\" class=\"wp-image-1500\" srcset=\"https:\/\/www.whitesmh.co.uk\/wp-content\/uploads\/2222-400x400.jpg 400w, https:\/\/www.whitesmh.co.uk\/wp-content\/uploads\/2222-300x300.jpg 300w, https:\/\/www.whitesmh.co.uk\/wp-content\/uploads\/2222-100x100.jpg 100w\" sizes=\"auto, (max-width: 400px) 100vw, 400px\" \/><\/a><\/figure>\n\n\n\n<figure class=\"wp-block-image size-thumbnail\"><a href=\"https:\/\/www.whitesmh.co.uk\/wp-content\/uploads\/8547.jpg\"><img loading=\"lazy\" decoding=\"async\" width=\"400\" height=\"400\" data-id=\"1497\" src=\"https:\/\/www.whitesmh.co.uk\/wp-content\/uploads\/8547-400x400.jpg\" alt=\"\" class=\"wp-image-1497\" srcset=\"https:\/\/www.whitesmh.co.uk\/wp-content\/uploads\/8547-400x400.jpg 400w, https:\/\/www.whitesmh.co.uk\/wp-content\/uploads\/8547-300x300.jpg 300w, https:\/\/www.whitesmh.co.uk\/wp-content\/uploads\/8547-100x100.jpg 100w\" sizes=\"auto, (max-width: 400px) 100vw, 400px\" \/><\/a><\/figure>\n\n\n\n<figure class=\"wp-block-image size-thumbnail\"><a href=\"https:\/\/www.whitesmh.co.uk\/wp-content\/uploads\/IMG_2612-scaled.jpg\"><img loading=\"lazy\" decoding=\"async\" width=\"400\" height=\"400\" data-id=\"2469\" src=\"https:\/\/www.whitesmh.co.uk\/wp-content\/uploads\/IMG_2612-400x400.jpg\" alt=\"\" class=\"wp-image-2469\" srcset=\"https:\/\/www.whitesmh.co.uk\/wp-content\/uploads\/IMG_2612-400x400.jpg 400w, https:\/\/www.whitesmh.co.uk\/wp-content\/uploads\/IMG_2612-scaled-300x300.jpg 300w, https:\/\/www.whitesmh.co.uk\/wp-content\/uploads\/IMG_2612-scaled-100x100.jpg 100w\" sizes=\"auto, (max-width: 400px) 100vw, 400px\" \/><\/a><\/figure>\n\n\n\n<figure class=\"wp-block-image size-thumbnail\"><a href=\"https:\/\/www.whitesmh.co.uk\/wp-content\/uploads\/IMG_7141-scaled.jpeg\"><img loading=\"lazy\" decoding=\"async\" width=\"400\" height=\"400\" data-id=\"2714\" src=\"https:\/\/www.whitesmh.co.uk\/wp-content\/uploads\/IMG_7141-400x400.jpeg\" alt=\"\" class=\"wp-image-2714\" srcset=\"https:\/\/www.whitesmh.co.uk\/wp-content\/uploads\/IMG_7141-400x400.jpeg 400w, https:\/\/www.whitesmh.co.uk\/wp-content\/uploads\/IMG_7141-scaled-300x300.jpeg 300w, https:\/\/www.whitesmh.co.uk\/wp-content\/uploads\/IMG_7141-scaled-100x100.jpeg 100w\" sizes=\"auto, (max-width: 400px) 100vw, 400px\" \/><\/a><\/figure>\n\n\n\n<figure class=\"wp-block-image size-thumbnail\"><a href=\"https:\/\/www.whitesmh.co.uk\/wp-content\/uploads\/IMG_6210-scaled.jpg\"><img loading=\"lazy\" decoding=\"async\" width=\"400\" height=\"400\" data-id=\"2280\" src=\"https:\/\/www.whitesmh.co.uk\/wp-content\/uploads\/IMG_6210-400x400.jpg\" alt=\"\" class=\"wp-image-2280\" srcset=\"https:\/\/www.whitesmh.co.uk\/wp-content\/uploads\/IMG_6210-400x400.jpg 400w, https:\/\/www.whitesmh.co.uk\/wp-content\/uploads\/IMG_6210-scaled-300x300.jpg 300w, https:\/\/www.whitesmh.co.uk\/wp-content\/uploads\/IMG_6210-scaled-100x100.jpg 100w\" sizes=\"auto, (max-width: 400px) 100vw, 400px\" \/><\/a><\/figure>\n\n\n\n<figure class=\"wp-block-image size-thumbnail\"><a href=\"https:\/\/www.whitesmh.co.uk\/wp-content\/uploads\/342832351_893945245044109_7340214834555762424_n-1.jpg\"><img loading=\"lazy\" decoding=\"async\" width=\"400\" height=\"400\" data-id=\"2242\" src=\"https:\/\/www.whitesmh.co.uk\/wp-content\/uploads\/342832351_893945245044109_7340214834555762424_n-1-400x400.jpg\" alt=\"\" class=\"wp-image-2242\" srcset=\"https:\/\/www.whitesmh.co.uk\/wp-content\/uploads\/342832351_893945245044109_7340214834555762424_n-1-400x400.jpg 400w, https:\/\/www.whitesmh.co.uk\/wp-content\/uploads\/342832351_893945245044109_7340214834555762424_n-1-300x300.jpg 300w, https:\/\/www.whitesmh.co.uk\/wp-content\/uploads\/342832351_893945245044109_7340214834555762424_n-1-100x100.jpg 100w\" sizes=\"auto, (max-width: 400px) 100vw, 400px\" \/><\/a><\/figure>\n\n\n\n<figure class=\"wp-block-image size-thumbnail\"><a href=\"https:\/\/www.whitesmh.co.uk\/wp-content\/uploads\/6dfee992-b302-4374-b754-51f6fe2cdfed-1.jpg\"><img loading=\"lazy\" decoding=\"async\" width=\"400\" height=\"400\" data-id=\"2241\" src=\"https:\/\/www.whitesmh.co.uk\/wp-content\/uploads\/6dfee992-b302-4374-b754-51f6fe2cdfed-1-400x400.jpg\" alt=\"\" class=\"wp-image-2241\" srcset=\"https:\/\/www.whitesmh.co.uk\/wp-content\/uploads\/6dfee992-b302-4374-b754-51f6fe2cdfed-1-400x400.jpg 400w, https:\/\/www.whitesmh.co.uk\/wp-content\/uploads\/6dfee992-b302-4374-b754-51f6fe2cdfed-1-300x300.jpg 300w, https:\/\/www.whitesmh.co.uk\/wp-content\/uploads\/6dfee992-b302-4374-b754-51f6fe2cdfed-1-100x100.jpg 100w\" sizes=\"auto, (max-width: 400px) 100vw, 400px\" \/><\/a><\/figure>\n<\/figure>\n<\/div>\n\n<div class=\"wp-block-group has-primary-background-color has-background is-layout-flow wp-block-group-is-layout-flow\" style=\"margin-top:30px;margin-bottom:30px;padding-top:var(--wp--preset--spacing--40);padding-right:var(--wp--preset--spacing--40);padding-bottom:var(--wp--preset--spacing--40);padding-left:var(--wp--preset--spacing--40)\">\n<h3 class=\"wp-block-heading\">EXTRAS OPCIONALES<\/h3>\n<\/div>\n\n<figure class=\"wp-block-table\"><table><tbody><tr><td class=\"has-text-align-center\" data-align=\"center\"><strong>N\u00famero de pieza<\/strong><\/td><td class=\"has-text-align-center\" data-align=\"center\"><strong>Descripci\u00f3n<\/strong><\/td><\/tr><tr><td class=\"has-text-align-center\" data-align=\"center\">-SG<\/td><td class=\"has-text-align-center\" data-align=\"center\">Protecci\u00f3n contra derrames de ancho completo<\/td><\/tr><tr><td class=\"has-text-align-center\" data-align=\"center\">-DB<\/td><td class=\"has-text-align-center\" data-align=\"center\">Tornillo en la placa de la puntera reversible<\/td><\/tr><tr><td class=\"has-text-align-center\" data-align=\"center\">-FP<\/td><td class=\"has-text-align-center\" data-align=\"center\">Bolsillos para horquillas de paletas<\/td><\/tr><\/tbody><\/table><\/figure>\n\n<p><\/p>\n\n<div class=\"wp-block-group is-layout-constrained wp-block-group-is-layout-constrained\">\n<figure class=\"wp-block-gallery alignfull has-nested-images columns-4 is-cropped wp-block-gallery-2 is-layout-flex wp-block-gallery-is-layout-flex\">\n<figure class=\"wp-block-image size-thumbnail\"><a href=\"https:\/\/www.whitesmh.co.uk\/wp-content\/uploads\/Untitled-5.jpg\"><img loading=\"lazy\" decoding=\"async\" width=\"400\" height=\"400\" data-id=\"2700\" src=\"https:\/\/www.whitesmh.co.uk\/wp-content\/uploads\/Untitled-5-400x400.jpg\" alt=\"\" class=\"wp-image-2700\" srcset=\"https:\/\/www.whitesmh.co.uk\/wp-content\/uploads\/Untitled-5-400x400.jpg 400w, https:\/\/www.whitesmh.co.uk\/wp-content\/uploads\/Untitled-5-300x300.jpg 300w, https:\/\/www.whitesmh.co.uk\/wp-content\/uploads\/Untitled-5-100x100.jpg 100w\" sizes=\"auto, (max-width: 400px) 100vw, 400px\" \/><\/a><figcaption class=\"wp-element-caption\">Protecci\u00f3n contra derrames<\/figcaption><\/figure>\n\n\n\n<figure class=\"wp-block-image size-thumbnail\"><a href=\"https:\/\/www.whitesmh.co.uk\/wp-content\/uploads\/IMG_8957-scaled.jpeg\"><img loading=\"lazy\" decoding=\"async\" width=\"400\" height=\"400\" data-id=\"2699\" src=\"https:\/\/www.whitesmh.co.uk\/wp-content\/uploads\/IMG_8957-400x400.jpeg\" alt=\"\" class=\"wp-image-2699\" srcset=\"https:\/\/www.whitesmh.co.uk\/wp-content\/uploads\/IMG_8957-400x400.jpeg 400w, https:\/\/www.whitesmh.co.uk\/wp-content\/uploads\/IMG_8957-scaled-300x300.jpeg 300w, https:\/\/www.whitesmh.co.uk\/wp-content\/uploads\/IMG_8957-scaled-100x100.jpeg 100w\" sizes=\"auto, (max-width: 400px) 100vw, 400px\" \/><\/a><figcaption class=\"wp-element-caption\">Tornillo en la placa de la puntera reversible<\/figcaption><\/figure>\n\n\n\n<figure class=\"wp-block-image size-thumbnail\"><a href=\"https:\/\/www.whitesmh.co.uk\/wp-content\/uploads\/b42fa954-531e-4ce2-adb3-2781dd1beda6.jpeg\"><img loading=\"lazy\" decoding=\"async\" width=\"400\" height=\"400\" data-id=\"2899\" src=\"https:\/\/www.whitesmh.co.uk\/wp-content\/uploads\/b42fa954-531e-4ce2-adb3-2781dd1beda6-400x400.jpeg\" alt=\"\" class=\"wp-image-2899\" srcset=\"https:\/\/www.whitesmh.co.uk\/wp-content\/uploads\/b42fa954-531e-4ce2-adb3-2781dd1beda6-400x400.jpeg 400w, https:\/\/www.whitesmh.co.uk\/wp-content\/uploads\/b42fa954-531e-4ce2-adb3-2781dd1beda6-300x300.jpeg 300w, https:\/\/www.whitesmh.co.uk\/wp-content\/uploads\/b42fa954-531e-4ce2-adb3-2781dd1beda6-100x100.jpeg 100w\" sizes=\"auto, (max-width: 400px) 100vw, 400px\" \/><\/a><figcaption class=\"wp-element-caption\">Bolsillos para horquillas<\/figcaption><\/figure>\n\n\n\n<figure class=\"wp-block-image size-thumbnail\"><a href=\"https:\/\/www.whitesmh.co.uk\/wp-content\/uploads\/65d68d5b-170a-4db2-97c0-74e5886aa604.jpeg\"><img loading=\"lazy\" decoding=\"async\" width=\"400\" height=\"400\" data-id=\"2898\" src=\"https:\/\/www.whitesmh.co.uk\/wp-content\/uploads\/65d68d5b-170a-4db2-97c0-74e5886aa604-400x400.jpeg\" alt=\"\" class=\"wp-image-2898\" srcset=\"https:\/\/www.whitesmh.co.uk\/wp-content\/uploads\/65d68d5b-170a-4db2-97c0-74e5886aa604-400x400.jpeg 400w, https:\/\/www.whitesmh.co.uk\/wp-content\/uploads\/65d68d5b-170a-4db2-97c0-74e5886aa604-300x300.jpeg 300w, https:\/\/www.whitesmh.co.uk\/wp-content\/uploads\/65d68d5b-170a-4db2-97c0-74e5886aa604-100x100.jpeg 100w\" sizes=\"auto, (max-width: 400px) 100vw, 400px\" \/><\/a><figcaption class=\"wp-element-caption\">Bolsillos para horquillas<\/figcaption><\/figure>\n<\/figure>\n<\/div>\n","protected":false},"excerpt":{"rendered":"<p>CUBOS GP DE CONSTRUCCI\u00d3N El cuchar\u00f3n GP de construcci\u00f3n WHITES es una soluci\u00f3n ideal para cargar y mover una variedad de materiales alrededor de patios de construcci\u00f3n, sitios o peque\u00f1as propiedades. MODELOS Modelo Ancho (mm) Ancho (pies) Capacidad GP0550 1525mm 5 pies 0.50m3 GP0660 1830mm 6 pies 0.60m3 GP1060 1830mm 6 pies 1.00m3 GP1176 2290mm&hellip;<\/p>\n","protected":false},"featured_media":7405,"template":"","meta":{"_acf_changed":false},"product_brand":[],"product_cat":[324],"product_tag":[],"class_list":{"2":"type-product","7":"product","8":"first","9":"instock","10":"taxable","11":"shipping-taxable","12":"product-type-simple"},"acf":[],"_links":{"self":[{"href":"https:\/\/www.whitesmh.co.uk\/es\/wp-json\/wp\/v2\/product\/7376","targetHints":{"allow":["GET"]}}],"collection":[{"href":"https:\/\/www.whitesmh.co.uk\/es\/wp-json\/wp\/v2\/product"}],"about":[{"href":"https:\/\/www.whitesmh.co.uk\/es\/wp-json\/wp\/v2\/types\/product"}],"wp:featuredmedia":[{"embeddable":true,"href":"https:\/\/www.whitesmh.co.uk\/es\/wp-json\/wp\/v2\/media\/7405"}],"wp:attachment":[{"href":"https:\/\/www.whitesmh.co.uk\/es\/wp-json\/wp\/v2\/media?parent=7376"}],"wp:term":[{"taxonomy":"product_brand","embeddable":true,"href":"https:\/\/www.whitesmh.co.uk\/es\/wp-json\/wp\/v2\/product_brand?post=7376"},{"taxonomy":"product_cat","embeddable":true,"href":"https:\/\/www.whitesmh.co.uk\/es\/wp-json\/wp\/v2\/product_cat?post=7376"},{"taxonomy":"product_tag","embeddable":true,"href":"https:\/\/www.whitesmh.co.uk\/es\/wp-json\/wp\/v2\/product_tag?post=7376"}],"curies":[{"name":"wp","href":"https:\/\/api.w.org\/{rel}","templated":true}]}}