{"id":7372,"date":"2023-12-11T21:46:58","date_gmt":"2023-12-11T21:46:58","guid":{"rendered":"https:\/\/www.whitesmh.co.uk\/products\/bordes-de-desgaste\/"},"modified":"2024-11-19T08:58:35","modified_gmt":"2024-11-19T08:58:35","slug":"bordes-de-desgaste","status":"publish","type":"product","link":"https:\/\/www.whitesmh.co.uk\/es\/producto\/bordes-de-desgaste\/","title":{"rendered":"Bordes de desgaste"},"content":{"rendered":"\n<div class=\"wp-block-columns is-layout-flex wp-container-core-columns-is-layout-28f84493 wp-block-columns-is-layout-flex\">\n<div class=\"wp-block-column is-vertically-aligned-center is-layout-flow wp-block-column-is-layout-flow\">\n<figure class=\"wp-block-image size-full\"><img loading=\"lazy\" decoding=\"async\" width=\"1244\" height=\"967\" src=\"https:\/\/www.whitesmh.co.uk\/wp-content\/uploads\/Cutting-Edges-1.jpg\" alt=\"\" class=\"wp-image-2128\" srcset=\"https:\/\/www.whitesmh.co.uk\/wp-content\/uploads\/Cutting-Edges-1.jpg 1244w, https:\/\/www.whitesmh.co.uk\/wp-content\/uploads\/Cutting-Edges-1-600x466.jpg 600w, https:\/\/www.whitesmh.co.uk\/wp-content\/uploads\/Cutting-Edges-1-800x622.jpg 800w, https:\/\/www.whitesmh.co.uk\/wp-content\/uploads\/Cutting-Edges-1-768x597.jpg 768w\" sizes=\"auto, (max-width: 800px) 100vw, 800px\" \/><\/figure>\n<\/div>\n\n\n\n<div class=\"wp-block-column is-layout-flow wp-block-column-is-layout-flow\">\n<h2 class=\"wp-block-heading\" style=\"text-transform:uppercase\">BORDES DE DESGASTE<\/h2>\n\n\n\n<p>WHITES es uno de los mayores fabricantes europeos de bordes de desgaste que se adaptan a todo tipo de m\u00e1quinas de carga, suministrando sus bordes delanteros a la mayor\u00eda de los mayores fabricantes de equipos originales de la industria de la manipulaci\u00f3n de materiales.  <\/p>\n\n\n\n<ul class=\"wp-block-list\">\n<li>Proveedor de la mayor\u00eda de los OEM de la industria<\/li>\n\n\n\n<li>Opciones de soldadura y atornillado<\/li>\n\n\n\n<li>Disponible en acero al boro HB240-HB400-HB500<\/li>\n\n\n\n<li>Se suministra cortado a medida o barras completas<\/li>\n\n\n\n<li>Opciones de borde biselado simple y doble<\/li>\n\n\n\n<li>Mecanizado CNC seg\u00fan sus especificaciones para aceptar pernos avellanados o de arado<\/li>\n\n\n\n<li>Servicio a medida disponible<\/li>\n\n\n\n<li>Conocimiento l\u00edder en la industria de los requisitos de m\u00e1quinas, implementos y aplicaciones<\/li>\n\n\n\n<li>Por favor, rellene el siguiente formulario para obtener un presupuesto<\/li>\n<\/ul>\n\n\n\n<div class=\"wp-block-columns is-layout-flex wp-container-core-columns-is-layout-28f84493 wp-block-columns-is-layout-flex\">\n<div class=\"wp-block-column is-layout-flow wp-block-column-is-layout-flow\" style=\"flex-basis:100%\">\n<figure class=\"wp-block-image size-full is-resized\"><img loading=\"lazy\" decoding=\"async\" width=\"626\" height=\"152\" src=\"https:\/\/www.whitesmh.co.uk\/wp-content\/uploads\/Made-in-Britain2.png\" alt=\"\" class=\"wp-image-924\" style=\"width:268px;height:auto\" srcset=\"https:\/\/www.whitesmh.co.uk\/wp-content\/uploads\/Made-in-Britain2.png 626w, https:\/\/www.whitesmh.co.uk\/wp-content\/uploads\/Made-in-Britain2-600x146.png 600w\" sizes=\"auto, (max-width: 626px) 100vw, 626px\" \/><\/figure>\n<\/div>\n<\/div>\n\n\n\n<div class=\"wp-block-buttons is-layout-flex wp-block-buttons-is-layout-flex\">\n<div class=\"wp-block-button\"><a class=\"wp-block-button__link wp-element-button\" href=\"https:\/\/www.whitesmh.co.uk\/contact\/\">CONT\u00c1CTENOS<\/a><\/div>\n\n\n\n<div class=\"wp-block-button\"><a class=\"wp-block-button__link wp-element-button\" href=\"https:\/\/www.whitesmh.co.uk\/wp-content\/uploads\/Blade-Enquiry-Form-WHITES-LOGO.xlsx\">FORMULARIO DE CONSULTA DE BORDE<\/a><\/div>\n<\/div>\n<\/div>\n<\/div>\n\n<div class=\"wp-block-group is-layout-flow wp-block-group-is-layout-flow\">\n<div class=\"wp-block-group has-primary-background-color has-background is-layout-flow wp-block-group-is-layout-flow\" style=\"margin-top:30px;margin-bottom:30px;padding-top:var(--wp--preset--spacing--40);padding-right:var(--wp--preset--spacing--40);padding-bottom:var(--wp--preset--spacing--40);padding-left:var(--wp--preset--spacing--40)\">\n<h3 class=\"wp-block-heading\">GALER\u00cdA<\/h3>\n<\/div>\n\n\n\n<figure class=\"wp-block-gallery has-nested-images columns-4 is-cropped wp-block-gallery-1 is-layout-flex wp-block-gallery-is-layout-flex\">\n<figure class=\"wp-block-image size-thumbnail\"><a href=\"https:\/\/www.whitesmh.co.uk\/wp-content\/uploads\/735-1.jpeg\"><img loading=\"lazy\" decoding=\"async\" width=\"400\" height=\"400\" data-id=\"2076\" src=\"https:\/\/www.whitesmh.co.uk\/wp-content\/uploads\/735-1-400x400.jpeg\" alt=\"\" class=\"wp-image-2076\" srcset=\"https:\/\/www.whitesmh.co.uk\/wp-content\/uploads\/735-1-400x400.jpeg 400w, https:\/\/www.whitesmh.co.uk\/wp-content\/uploads\/735-1-300x300.jpeg 300w, https:\/\/www.whitesmh.co.uk\/wp-content\/uploads\/735-1-100x100.jpeg 100w\" sizes=\"auto, (max-width: 400px) 100vw, 400px\" \/><\/a><\/figure>\n\n\n\n<figure class=\"wp-block-image size-thumbnail\"><a href=\"https:\/\/www.whitesmh.co.uk\/wp-content\/uploads\/WhatsApp-Image-2023-11-24-at-16.23.42-scaled.jpeg\"><img loading=\"lazy\" decoding=\"async\" width=\"400\" height=\"400\" data-id=\"1675\" src=\"https:\/\/www.whitesmh.co.uk\/wp-content\/uploads\/WhatsApp-Image-2023-11-24-at-16.23.42-400x400.jpeg\" alt=\"\" class=\"wp-image-1675\" srcset=\"https:\/\/www.whitesmh.co.uk\/wp-content\/uploads\/WhatsApp-Image-2023-11-24-at-16.23.42-400x400.jpeg 400w, https:\/\/www.whitesmh.co.uk\/wp-content\/uploads\/WhatsApp-Image-2023-11-24-at-16.23.42-scaled-300x300.jpeg 300w, https:\/\/www.whitesmh.co.uk\/wp-content\/uploads\/WhatsApp-Image-2023-11-24-at-16.23.42-scaled-100x100.jpeg 100w\" sizes=\"auto, (max-width: 400px) 100vw, 400px\" \/><\/a><\/figure>\n\n\n\n<figure class=\"wp-block-image size-thumbnail\"><a href=\"https:\/\/www.whitesmh.co.uk\/wp-content\/uploads\/IMG_1681-scaled.jpeg\"><img loading=\"lazy\" decoding=\"async\" width=\"400\" height=\"400\" data-id=\"1399\" src=\"https:\/\/www.whitesmh.co.uk\/wp-content\/uploads\/IMG_1681-400x400.jpeg\" alt=\"\" class=\"wp-image-1399\" srcset=\"https:\/\/www.whitesmh.co.uk\/wp-content\/uploads\/IMG_1681-400x400.jpeg 400w, https:\/\/www.whitesmh.co.uk\/wp-content\/uploads\/IMG_1681-scaled-300x300.jpeg 300w, https:\/\/www.whitesmh.co.uk\/wp-content\/uploads\/IMG_1681-scaled-100x100.jpeg 100w\" sizes=\"auto, (max-width: 400px) 100vw, 400px\" \/><\/a><\/figure>\n\n\n\n<figure class=\"wp-block-image size-thumbnail\"><a href=\"https:\/\/www.whitesmh.co.uk\/wp-content\/uploads\/1687719393918.jpg\"><img loading=\"lazy\" decoding=\"async\" width=\"400\" height=\"400\" data-id=\"2035\" src=\"https:\/\/www.whitesmh.co.uk\/wp-content\/uploads\/1687719393918-400x400.jpg\" alt=\"\" class=\"wp-image-2035\" srcset=\"https:\/\/www.whitesmh.co.uk\/wp-content\/uploads\/1687719393918-400x400.jpg 400w, https:\/\/www.whitesmh.co.uk\/wp-content\/uploads\/1687719393918-300x300.jpg 300w, https:\/\/www.whitesmh.co.uk\/wp-content\/uploads\/1687719393918-100x100.jpg 100w\" sizes=\"auto, (max-width: 400px) 100vw, 400px\" \/><\/a><\/figure>\n\n\n\n<figure class=\"wp-block-image size-thumbnail\"><a href=\"https:\/\/www.whitesmh.co.uk\/wp-content\/uploads\/SIDE-TIP-INC-CHUTE-1.jpg\"><img loading=\"lazy\" decoding=\"async\" width=\"400\" height=\"400\" data-id=\"1047\" src=\"https:\/\/www.whitesmh.co.uk\/wp-content\/uploads\/SIDE-TIP-INC-CHUTE-1-400x400.jpg\" alt=\"\" class=\"wp-image-1047\" srcset=\"https:\/\/www.whitesmh.co.uk\/wp-content\/uploads\/SIDE-TIP-INC-CHUTE-1-400x400.jpg 400w, https:\/\/www.whitesmh.co.uk\/wp-content\/uploads\/SIDE-TIP-INC-CHUTE-1-300x300.jpg 300w, https:\/\/www.whitesmh.co.uk\/wp-content\/uploads\/SIDE-TIP-INC-CHUTE-1-100x100.jpg 100w\" sizes=\"auto, (max-width: 400px) 100vw, 400px\" \/><\/a><\/figure>\n\n\n\n<figure class=\"wp-block-image size-thumbnail\"><a href=\"https:\/\/www.whitesmh.co.uk\/wp-content\/uploads\/555.jpg\"><img loading=\"lazy\" decoding=\"async\" width=\"400\" height=\"400\" data-id=\"1841\" src=\"https:\/\/www.whitesmh.co.uk\/wp-content\/uploads\/555-400x400.jpg\" alt=\"\" class=\"wp-image-1841\" srcset=\"https:\/\/www.whitesmh.co.uk\/wp-content\/uploads\/555-400x400.jpg 400w, https:\/\/www.whitesmh.co.uk\/wp-content\/uploads\/555-300x300.jpg 300w, https:\/\/www.whitesmh.co.uk\/wp-content\/uploads\/555-100x100.jpg 100w\" sizes=\"auto, (max-width: 400px) 100vw, 400px\" \/><\/a><\/figure>\n\n\n\n<figure class=\"wp-block-image size-thumbnail\"><a href=\"https:\/\/www.whitesmh.co.uk\/wp-content\/uploads\/IMG_1007-scaled.jpeg\"><img loading=\"lazy\" decoding=\"async\" width=\"400\" height=\"400\" data-id=\"1752\" src=\"https:\/\/www.whitesmh.co.uk\/wp-content\/uploads\/IMG_1007-400x400.jpeg\" alt=\"\" class=\"wp-image-1752\" srcset=\"https:\/\/www.whitesmh.co.uk\/wp-content\/uploads\/IMG_1007-400x400.jpeg 400w, https:\/\/www.whitesmh.co.uk\/wp-content\/uploads\/IMG_1007-scaled-300x300.jpeg 300w, https:\/\/www.whitesmh.co.uk\/wp-content\/uploads\/IMG_1007-scaled-100x100.jpeg 100w\" sizes=\"auto, (max-width: 400px) 100vw, 400px\" \/><\/a><\/figure>\n\n\n\n<figure class=\"wp-block-image size-thumbnail\"><a href=\"https:\/\/www.whitesmh.co.uk\/wp-content\/uploads\/IMG_1668-scaled.jpeg\"><img loading=\"lazy\" decoding=\"async\" width=\"400\" height=\"400\" data-id=\"1514\" src=\"https:\/\/www.whitesmh.co.uk\/wp-content\/uploads\/IMG_1668-400x400.jpeg\" alt=\"\" class=\"wp-image-1514\" srcset=\"https:\/\/www.whitesmh.co.uk\/wp-content\/uploads\/IMG_1668-400x400.jpeg 400w, https:\/\/www.whitesmh.co.uk\/wp-content\/uploads\/IMG_1668-scaled-300x300.jpeg 300w, https:\/\/www.whitesmh.co.uk\/wp-content\/uploads\/IMG_1668-scaled-100x100.jpeg 100w\" sizes=\"auto, (max-width: 400px) 100vw, 400px\" \/><\/a><\/figure>\n<\/figure>\n<\/div>\n\n<div class=\"wp-block-file\"><a id=\"wp-block-file--media-1e7ffd3e-4e75-4616-aef8-6222ff9758fb\" href=\"https:\/\/www.whitesmh.co.uk\/wp-content\/uploads\/Blade-Enquiry-Form-WHITES-LOGO.xlsx\">Hoja-Consulta-Forma-BLANCO-LOGO<\/a><a href=\"https:\/\/www.whitesmh.co.uk\/wp-content\/uploads\/Blade-Enquiry-Form-WHITES-LOGO.xlsx\" class=\"wp-block-file__button wp-element-button\" download=\"\" aria-describedby=\"wp-block-file--media-1e7ffd3e-4e75-4616-aef8-6222ff9758fb\">Descargar<\/a><\/div>\n","protected":false},"excerpt":{"rendered":"<p>BORDES DE DESGASTE WHITES es uno de los mayores fabricantes europeos de bordes de desgaste que se adaptan a todo tipo de m\u00e1quinas de carga, suministrando sus bordes delanteros a la mayor\u00eda de los mayores fabricantes de equipos originales de la industria de la manipulaci\u00f3n de materiales. GALER\u00cdA<\/p>\n","protected":false},"featured_media":7374,"template":"","meta":{"_acf_changed":false},"product_brand":[],"product_cat":[323],"product_tag":[],"class_list":{"2":"type-product","7":"product","8":"first","9":"instock","10":"taxable","11":"shipping-taxable","12":"product-type-simple"},"acf":[],"_links":{"self":[{"href":"https:\/\/www.whitesmh.co.uk\/es\/wp-json\/wp\/v2\/product\/7372","targetHints":{"allow":["GET"]}}],"collection":[{"href":"https:\/\/www.whitesmh.co.uk\/es\/wp-json\/wp\/v2\/product"}],"about":[{"href":"https:\/\/www.whitesmh.co.uk\/es\/wp-json\/wp\/v2\/types\/product"}],"wp:featuredmedia":[{"embeddable":true,"href":"https:\/\/www.whitesmh.co.uk\/es\/wp-json\/wp\/v2\/media\/7374"}],"wp:attachment":[{"href":"https:\/\/www.whitesmh.co.uk\/es\/wp-json\/wp\/v2\/media?parent=7372"}],"wp:term":[{"taxonomy":"product_brand","embeddable":true,"href":"https:\/\/www.whitesmh.co.uk\/es\/wp-json\/wp\/v2\/product_brand?post=7372"},{"taxonomy":"product_cat","embeddable":true,"href":"https:\/\/www.whitesmh.co.uk\/es\/wp-json\/wp\/v2\/product_cat?post=7372"},{"taxonomy":"product_tag","embeddable":true,"href":"https:\/\/www.whitesmh.co.uk\/es\/wp-json\/wp\/v2\/product_tag?post=7372"}],"curies":[{"name":"wp","href":"https:\/\/api.w.org\/{rel}","templated":true}]}}