{"id":7370,"date":"2023-12-11T22:01:57","date_gmt":"2023-12-11T22:01:57","guid":{"rendered":"https:\/\/www.whitesmh.co.uk\/products\/tuercas-y-tornillos\/"},"modified":"2024-11-19T08:58:46","modified_gmt":"2024-11-19T08:58:46","slug":"tuercas-y-tornillos","status":"publish","type":"product","link":"https:\/\/www.whitesmh.co.uk\/es\/producto\/tuercas-y-tornillos\/","title":{"rendered":"Tuercas y tornillos"},"content":{"rendered":"\n<div class=\"wp-block-columns is-layout-flex wp-container-core-columns-is-layout-28f84493 wp-block-columns-is-layout-flex\">\n<div class=\"wp-block-column is-vertically-aligned-center is-layout-flow wp-block-column-is-layout-flow\">\n<figure class=\"wp-block-image size-full\"><img loading=\"lazy\" decoding=\"async\" width=\"2000\" height=\"1500\" src=\"https:\/\/www.whitesmh.co.uk\/wp-content\/uploads\/Nuts-and-Bolts-scaled.jpg\" alt=\"\" class=\"wp-image-2131\" srcset=\"https:\/\/www.whitesmh.co.uk\/wp-content\/uploads\/Nuts-and-Bolts-scaled.jpg 2000w, https:\/\/www.whitesmh.co.uk\/wp-content\/uploads\/Nuts-and-Bolts-scaled-600x450.jpg 600w, https:\/\/www.whitesmh.co.uk\/wp-content\/uploads\/Nuts-and-Bolts-800x600.jpg 800w, https:\/\/www.whitesmh.co.uk\/wp-content\/uploads\/Nuts-and-Bolts-768x576.jpg 768w\" sizes=\"auto, (max-width: 800px) 100vw, 800px\" \/><\/figure>\n<\/div>\n\n\n\n<div class=\"wp-block-column is-layout-flow wp-block-column-is-layout-flow\">\n<h2 class=\"wp-block-heading\" style=\"text-transform:uppercase\">TUERCAS Y TORNILLOS<\/h2>\n\n\n\n<p>WHITES es uno de los mayores fabricantes europeos de tuercas y tornillos de borde de desgaste que se adaptan a todo tipo de m\u00e1quinas de carga, suministrando sus bordes delanteros a la mayor\u00eda de los mayores fabricantes de equipos originales de la industria de la manipulaci\u00f3n de materiales.  <\/p>\n\n\n\n<ul class=\"wp-block-list\">\n<li>Tuercas y tornillos de varios tama\u00f1os disponibles<\/li>\n\n\n\n<li>Varios tipos de pernos disponibles<\/li>\n\n\n\n<li>1000 en stock para env\u00edo el mismo d\u00eda<\/li>\n<\/ul>\n\n\n\n<div class=\"wp-block-columns is-layout-flex wp-container-core-columns-is-layout-28f84493 wp-block-columns-is-layout-flex\">\n<div class=\"wp-block-column is-layout-flow wp-block-column-is-layout-flow\" style=\"flex-basis:100%\">\n<figure class=\"wp-block-image size-full is-resized\"><img loading=\"lazy\" decoding=\"async\" width=\"626\" height=\"152\" src=\"https:\/\/www.whitesmh.co.uk\/wp-content\/uploads\/Made-in-Britain2.png\" alt=\"\" class=\"wp-image-924\" style=\"width:268px;height:auto\" srcset=\"https:\/\/www.whitesmh.co.uk\/wp-content\/uploads\/Made-in-Britain2.png 626w, https:\/\/www.whitesmh.co.uk\/wp-content\/uploads\/Made-in-Britain2-600x146.png 600w\" sizes=\"auto, (max-width: 626px) 100vw, 626px\" \/><\/figure>\n<\/div>\n<\/div>\n\n\n\n<div class=\"wp-block-buttons is-layout-flex wp-block-buttons-is-layout-flex\">\n<div class=\"wp-block-button\"><a class=\"wp-block-button__link wp-element-button\" href=\"https:\/\/www.whitesmh.co.uk\/contact\/\">CONT\u00c1CTENOS<\/a><\/div>\n<\/div>\n<\/div>\n<\/div>\n\n<div class=\"wp-block-group is-layout-flow wp-block-group-is-layout-flow\">\n<div class=\"wp-block-group has-primary-background-color has-background is-layout-flow wp-block-group-is-layout-flow\" style=\"margin-top:30px;margin-bottom:30px;padding-top:var(--wp--preset--spacing--40);padding-right:var(--wp--preset--spacing--40);padding-bottom:var(--wp--preset--spacing--40);padding-left:var(--wp--preset--spacing--40)\">\n<h3 class=\"wp-block-heading\">GALER\u00cdA<\/h3>\n<\/div>\n\n\n\n<figure class=\"wp-block-gallery has-nested-images columns-4 is-cropped wp-block-gallery-1 is-layout-flex wp-block-gallery-is-layout-flex\">\n<figure class=\"wp-block-image size-thumbnail\"><a href=\"https:\/\/www.whitesmh.co.uk\/wp-content\/uploads\/735-1.jpeg\"><img loading=\"lazy\" decoding=\"async\" width=\"400\" height=\"400\" data-id=\"2076\" src=\"https:\/\/www.whitesmh.co.uk\/wp-content\/uploads\/735-1-400x400.jpeg\" alt=\"\" class=\"wp-image-2076\" srcset=\"https:\/\/www.whitesmh.co.uk\/wp-content\/uploads\/735-1-400x400.jpeg 400w, https:\/\/www.whitesmh.co.uk\/wp-content\/uploads\/735-1-300x300.jpeg 300w, https:\/\/www.whitesmh.co.uk\/wp-content\/uploads\/735-1-100x100.jpeg 100w\" sizes=\"auto, (max-width: 400px) 100vw, 400px\" \/><\/a><\/figure>\n\n\n\n<figure class=\"wp-block-image size-thumbnail\"><a href=\"https:\/\/www.whitesmh.co.uk\/wp-content\/uploads\/WhatsApp-Image-2023-11-24-at-16.23.42-scaled.jpeg\"><img loading=\"lazy\" decoding=\"async\" width=\"400\" height=\"400\" data-id=\"1675\" src=\"https:\/\/www.whitesmh.co.uk\/wp-content\/uploads\/WhatsApp-Image-2023-11-24-at-16.23.42-400x400.jpeg\" alt=\"\" class=\"wp-image-1675\" srcset=\"https:\/\/www.whitesmh.co.uk\/wp-content\/uploads\/WhatsApp-Image-2023-11-24-at-16.23.42-400x400.jpeg 400w, https:\/\/www.whitesmh.co.uk\/wp-content\/uploads\/WhatsApp-Image-2023-11-24-at-16.23.42-scaled-300x300.jpeg 300w, https:\/\/www.whitesmh.co.uk\/wp-content\/uploads\/WhatsApp-Image-2023-11-24-at-16.23.42-scaled-100x100.jpeg 100w\" sizes=\"auto, (max-width: 400px) 100vw, 400px\" \/><\/a><\/figure>\n\n\n\n<figure class=\"wp-block-image size-thumbnail\"><a href=\"https:\/\/www.whitesmh.co.uk\/wp-content\/uploads\/IMG_1681-scaled.jpeg\"><img loading=\"lazy\" decoding=\"async\" width=\"400\" height=\"400\" data-id=\"1399\" src=\"https:\/\/www.whitesmh.co.uk\/wp-content\/uploads\/IMG_1681-400x400.jpeg\" alt=\"\" class=\"wp-image-1399\" srcset=\"https:\/\/www.whitesmh.co.uk\/wp-content\/uploads\/IMG_1681-400x400.jpeg 400w, https:\/\/www.whitesmh.co.uk\/wp-content\/uploads\/IMG_1681-scaled-300x300.jpeg 300w, https:\/\/www.whitesmh.co.uk\/wp-content\/uploads\/IMG_1681-scaled-100x100.jpeg 100w\" sizes=\"auto, (max-width: 400px) 100vw, 400px\" \/><\/a><\/figure>\n\n\n\n<figure class=\"wp-block-image size-thumbnail\"><a href=\"https:\/\/www.whitesmh.co.uk\/wp-content\/uploads\/1687719393918.jpg\"><img loading=\"lazy\" decoding=\"async\" width=\"400\" height=\"400\" data-id=\"2035\" src=\"https:\/\/www.whitesmh.co.uk\/wp-content\/uploads\/1687719393918-400x400.jpg\" alt=\"\" class=\"wp-image-2035\" srcset=\"https:\/\/www.whitesmh.co.uk\/wp-content\/uploads\/1687719393918-400x400.jpg 400w, https:\/\/www.whitesmh.co.uk\/wp-content\/uploads\/1687719393918-300x300.jpg 300w, https:\/\/www.whitesmh.co.uk\/wp-content\/uploads\/1687719393918-100x100.jpg 100w\" sizes=\"auto, (max-width: 400px) 100vw, 400px\" \/><\/a><\/figure>\n\n\n\n<figure class=\"wp-block-image size-thumbnail\"><a href=\"https:\/\/www.whitesmh.co.uk\/wp-content\/uploads\/IMG_0230-scaled.jpeg\"><img loading=\"lazy\" decoding=\"async\" width=\"400\" height=\"400\" data-id=\"1267\" src=\"https:\/\/www.whitesmh.co.uk\/wp-content\/uploads\/IMG_0230-400x400.jpeg\" alt=\"\" class=\"wp-image-1267\" srcset=\"https:\/\/www.whitesmh.co.uk\/wp-content\/uploads\/IMG_0230-400x400.jpeg 400w, https:\/\/www.whitesmh.co.uk\/wp-content\/uploads\/IMG_0230-scaled-300x300.jpeg 300w, https:\/\/www.whitesmh.co.uk\/wp-content\/uploads\/IMG_0230-scaled-100x100.jpeg 100w\" sizes=\"auto, (max-width: 400px) 100vw, 400px\" \/><\/a><\/figure>\n\n\n\n<figure class=\"wp-block-image size-thumbnail\"><a href=\"https:\/\/www.whitesmh.co.uk\/wp-content\/uploads\/bab633cf-a8a3-43cb-9b25-e4ac5dfc4b74.jpeg\"><img loading=\"lazy\" decoding=\"async\" width=\"400\" height=\"400\" data-id=\"1257\" src=\"https:\/\/www.whitesmh.co.uk\/wp-content\/uploads\/bab633cf-a8a3-43cb-9b25-e4ac5dfc4b74-400x400.jpeg\" alt=\"\" class=\"wp-image-1257\" srcset=\"https:\/\/www.whitesmh.co.uk\/wp-content\/uploads\/bab633cf-a8a3-43cb-9b25-e4ac5dfc4b74-400x400.jpeg 400w, https:\/\/www.whitesmh.co.uk\/wp-content\/uploads\/bab633cf-a8a3-43cb-9b25-e4ac5dfc4b74-300x300.jpeg 300w, https:\/\/www.whitesmh.co.uk\/wp-content\/uploads\/bab633cf-a8a3-43cb-9b25-e4ac5dfc4b74-100x100.jpeg 100w\" sizes=\"auto, (max-width: 400px) 100vw, 400px\" \/><\/a><\/figure>\n\n\n\n<figure class=\"wp-block-image size-thumbnail\"><a href=\"https:\/\/www.whitesmh.co.uk\/wp-content\/uploads\/IMG_1007-scaled.jpeg\"><img loading=\"lazy\" decoding=\"async\" width=\"400\" height=\"400\" data-id=\"1752\" src=\"https:\/\/www.whitesmh.co.uk\/wp-content\/uploads\/IMG_1007-400x400.jpeg\" alt=\"\" class=\"wp-image-1752\" srcset=\"https:\/\/www.whitesmh.co.uk\/wp-content\/uploads\/IMG_1007-400x400.jpeg 400w, https:\/\/www.whitesmh.co.uk\/wp-content\/uploads\/IMG_1007-scaled-300x300.jpeg 300w, https:\/\/www.whitesmh.co.uk\/wp-content\/uploads\/IMG_1007-scaled-100x100.jpeg 100w\" sizes=\"auto, (max-width: 400px) 100vw, 400px\" \/><\/a><\/figure>\n\n\n\n<figure class=\"wp-block-image size-thumbnail\"><a href=\"https:\/\/www.whitesmh.co.uk\/wp-content\/uploads\/IMG_1668-scaled.jpeg\"><img loading=\"lazy\" decoding=\"async\" width=\"400\" height=\"400\" data-id=\"1514\" src=\"https:\/\/www.whitesmh.co.uk\/wp-content\/uploads\/IMG_1668-400x400.jpeg\" alt=\"\" class=\"wp-image-1514\" srcset=\"https:\/\/www.whitesmh.co.uk\/wp-content\/uploads\/IMG_1668-400x400.jpeg 400w, https:\/\/www.whitesmh.co.uk\/wp-content\/uploads\/IMG_1668-scaled-300x300.jpeg 300w, https:\/\/www.whitesmh.co.uk\/wp-content\/uploads\/IMG_1668-scaled-100x100.jpeg 100w\" sizes=\"auto, (max-width: 400px) 100vw, 400px\" \/><\/a><\/figure>\n<\/figure>\n<\/div>\n","protected":false},"excerpt":{"rendered":"<p>TUERCAS Y TORNILLOS WHITES es uno de los mayores fabricantes europeos de tuercas y tornillos de borde de desgaste que se adaptan a todo tipo de m\u00e1quinas de carga, suministrando sus bordes delanteros a la mayor\u00eda de los mayores fabricantes de equipos originales de la industria de la manipulaci\u00f3n de materiales. GALER\u00cdA<\/p>\n","protected":false},"featured_media":7371,"template":"","meta":{"_acf_changed":false},"product_brand":[],"product_cat":[323],"product_tag":[],"class_list":{"2":"type-product","7":"product","8":"first","9":"instock","10":"taxable","11":"shipping-taxable","12":"product-type-simple"},"acf":[],"_links":{"self":[{"href":"https:\/\/www.whitesmh.co.uk\/es\/wp-json\/wp\/v2\/product\/7370","targetHints":{"allow":["GET"]}}],"collection":[{"href":"https:\/\/www.whitesmh.co.uk\/es\/wp-json\/wp\/v2\/product"}],"about":[{"href":"https:\/\/www.whitesmh.co.uk\/es\/wp-json\/wp\/v2\/types\/product"}],"wp:featuredmedia":[{"embeddable":true,"href":"https:\/\/www.whitesmh.co.uk\/es\/wp-json\/wp\/v2\/media\/7371"}],"wp:attachment":[{"href":"https:\/\/www.whitesmh.co.uk\/es\/wp-json\/wp\/v2\/media?parent=7370"}],"wp:term":[{"taxonomy":"product_brand","embeddable":true,"href":"https:\/\/www.whitesmh.co.uk\/es\/wp-json\/wp\/v2\/product_brand?post=7370"},{"taxonomy":"product_cat","embeddable":true,"href":"https:\/\/www.whitesmh.co.uk\/es\/wp-json\/wp\/v2\/product_cat?post=7370"},{"taxonomy":"product_tag","embeddable":true,"href":"https:\/\/www.whitesmh.co.uk\/es\/wp-json\/wp\/v2\/product_tag?post=7370"}],"curies":[{"name":"wp","href":"https:\/\/api.w.org\/{rel}","templated":true}]}}