{"id":7544,"date":"2023-08-17T13:13:48","date_gmt":"2023-08-17T13:13:48","guid":{"rendered":"https:\/\/www.whitesmh.co.uk\/sobre-nosotros\/"},"modified":"2024-05-13T09:01:03","modified_gmt":"2024-05-13T09:01:03","slug":"sobre-nosotros","status":"publish","type":"page","link":"https:\/\/www.whitesmh.co.uk\/es\/sobre-nosotros\/","title":{"rendered":"Sobre nosotros"},"content":{"rendered":"\n<div style=\"height:60px\" aria-hidden=\"true\" class=\"wp-block-spacer\"><\/div>\n\n<div class=\"wp-block-group alignfull is-layout-constrained wp-container-core-group-is-layout-ea8482c2 wp-block-group-is-layout-constrained\" style=\"padding-top:var(--wp--preset--spacing--30);padding-right:0;padding-bottom:var(--wp--preset--spacing--30);padding-left:0\">\n<div class=\"wp-block-columns is-layout-flex wp-container-core-columns-is-layout-cbe57604 wp-block-columns-is-layout-flex\">\n<div class=\"wp-block-column is-layout-flow wp-block-column-is-layout-flow\">\n<h1 class=\"wp-block-heading\">Somos <mark style=\"background-color:rgba(0, 0, 0, 0)\" class=\"has-inline-color has-primary-color\">BLANCOS<\/mark><\/h1>\n\n\n\n<p class=\"has-foreground-color has-text-color has-large-font-size\"><strong>Fundada en <mark style=\"background-color:rgba(0, 0, 0, 0)\" class=\"has-inline-color has-foreground-color\">1924 <\/mark>como una empresa de reparaci\u00f3n de soldadura, WHITES se traslad\u00f3 a la fabricaci\u00f3n de accesorios en 1980.<\/strong> <\/p>\n\n\n\n<p>Desde la adquisici\u00f3n por parte de Precision Profiles en 1992, Whites Material Handling se ha expandido continuamente hasta convertirse en uno de los mayores fabricantes europeos de implementos para maquinaria compacta.<\/p>\n\n\n\n<p>Nos especializamos en implementos para las industrias de la construcci\u00f3n, agr\u00edcola y de residuos y hemos crecido hasta convertirnos en el proveedor preferido de muchos de los principales fabricantes de equipos originales (OEM) del mundo.<\/p>\n\n\n\n<p>Todos nuestros productos cuentan con el marcado CE y se dispone de una declaraci\u00f3n de conformidad cuando corresponda para todos los implementos.<\/p>\n\n\n\n<p>Todos nuestros productos se fabrican internamente de principio a fin. El procesamiento de pedidos, la compra de materiales, la fabricaci\u00f3n, el montaje y el env\u00edo est\u00e1n vinculados para garantizar una trazabilidad completa y que las entregas cumplan con los requisitos de los clientes.<\/p>\n<\/div>\n\n\n\n<div class=\"wp-block-column is-layout-flow wp-block-column-is-layout-flow\">\n<figure class=\"wp-block-image size-large has-custom-border is-style-default\"><img loading=\"lazy\" decoding=\"async\" width=\"1400\" height=\"933\" src=\"https:\/\/www.whitesmh.co.uk\/wp-content\/uploads\/Double-Fork-Positioner-Manitu-1400x933.jpeg\" alt=\"\" class=\"wp-image-1416\" style=\"border-radius:10px\" srcset=\"https:\/\/www.whitesmh.co.uk\/wp-content\/uploads\/Double-Fork-Positioner-Manitu-1400x933.jpeg 1400w, https:\/\/www.whitesmh.co.uk\/wp-content\/uploads\/Double-Fork-Positioner-Manitu-scaled-600x400.jpeg 600w, https:\/\/www.whitesmh.co.uk\/wp-content\/uploads\/Double-Fork-Positioner-Manitu-800x533.jpeg 800w, https:\/\/www.whitesmh.co.uk\/wp-content\/uploads\/Double-Fork-Positioner-Manitu-768x512.jpeg 768w\" sizes=\"auto, (max-width: 800px) 100vw, 800px\" \/><\/figure>\n<\/div>\n<\/div>\n<\/div>\n\n<div class=\"wp-block-group alignfull is-layout-constrained wp-block-group-is-layout-constrained\" style=\"padding-top:var(--wp--preset--spacing--60);padding-bottom:var(--wp--preset--spacing--60)\">\n<div class=\"wp-block-columns is-layout-flex wp-container-core-columns-is-layout-cbe57604 wp-block-columns-is-layout-flex\">\n<div class=\"wp-block-column is-layout-flow wp-container-core-column-is-layout-0ab540ad wp-block-column-is-layout-flow\">\n<figure class=\"wp-block-image size-large has-custom-border is-style-default\"><img decoding=\"async\" src=\"https:\/\/www.whitesmh.co.uk\/wp-content\/uploads\/Totaltilt2-1-1400x1050.jpg\" alt=\"\" class=\"wp-image-905\" style=\"border-radius:10px\"\/><\/figure>\n<\/div>\n\n\n\n<div class=\"wp-block-column is-layout-flow wp-block-column-is-layout-flow\">\n<p>Durante el proceso de fabricaci\u00f3n se utilizan materiales y m\u00e9todos de producci\u00f3n de la m\u00e1s alta calidad, lo que garantiza la m\u00e1xima resistencia y durabilidad del producto. Los productos terminados se prueban para determinar la alineaci\u00f3n, la calidad y, cuando corresponda, la funci\u00f3n hidr\u00e1ulica antes de su env\u00edo para garantizar un ajuste sin problemas y una larga vida \u00fatil de la fijaci\u00f3n.<\/p>\n\n\n\n<p>Todos nuestros productos se fabrican, de principio a fin, en nuestras 5 f\u00e1bricas en Bristol, Reino Unido. Debido a esto, somos un miembro certificado &#8216;MADE IN BRITAIN&#8217;.  <\/p>\n\n\n\n<p>La innovaci\u00f3n y las ideas est\u00e1n en el centro de la filosof\u00eda de Whites Material Handling y trabajamos en estrecha colaboraci\u00f3n con agricultores, contratistas, distribuidores, operadores, empresas de alquiler de plantas y fabricantes de equipos originales para garantizar que nuestros productos maximicen la productividad que pueden lograr con su m\u00e1quina anfitriona. Nuestros dise\u00f1os de preproducci\u00f3n se prueban en el campo antes de que salgan al mercado, lo que garantiza que los nuevos dise\u00f1os sean tan fiables como innovadores.  <\/p>\n\n\n\n<p>Tambi\u00e9n invertimos en la \u00faltima tecnolog\u00eda para fabricar nuestros productos. Dentro de nuestro grupo contamos con tecnolog\u00eda de soldadura rob\u00f3tica y corte por l\u00e1ser, lo que garantiza que nuestros productos est\u00e9n construidos con los m\u00e1s altos est\u00e1ndares.  <\/p>\n\n\n\n<p>Si tiene alguna pregunta sobre cualquiera de nuestros productos, nuestro equipo de expertos est\u00e1 siempre disponible para ayudarlo en todo lo que podamos.  <\/p>\n<\/div>\n<\/div>\n<\/div>\n\n<p><\/p>\n\n<div class=\"wp-block-group alignfull is-layout-constrained wp-container-core-group-is-layout-0706528e wp-block-group-is-layout-constrained\" style=\"padding-top:var(--wp--preset--spacing--60);padding-bottom:var(--wp--preset--spacing--60)\">\n<figure class=\"wp-block-embed is-type-video is-provider-youtube wp-block-embed-youtube wp-embed-aspect-16-9 wp-has-aspect-ratio\"><div class=\"wp-block-embed__wrapper\">\n<iframe loading=\"lazy\" title=\"Whites Material Handling - Company Overview\" width=\"800\" height=\"450\" src=\"https:\/\/www.youtube.com\/embed\/h9nhodQO20E?feature=oembed\" frameborder=\"0\" allow=\"accelerometer; autoplay; clipboard-write; encrypted-media; gyroscope; picture-in-picture; web-share\" referrerpolicy=\"strict-origin-when-cross-origin\" allowfullscreen><\/iframe>\n<\/div><\/figure>\n<\/div>\n\n<div class=\"wp-block-group is-layout-constrained wp-block-group-is-layout-constrained\">\n<div class=\"wp-block-columns is-layout-flex wp-container-core-columns-is-layout-28f84493 wp-block-columns-is-layout-flex\">\n<div class=\"wp-block-column is-layout-flow wp-block-column-is-layout-flow\">\n<figure class=\"wp-block-image aligncenter size-large is-resized is-style-default\"><img loading=\"lazy\" decoding=\"async\" width=\"1400\" height=\"547\" src=\"https:\/\/www.whitesmh.co.uk\/wp-content\/uploads\/AGX-Logo-1400x547.jpg\" alt=\"\" class=\"wp-image-403\" style=\"object-fit:contain;width:200px;height:200px\" srcset=\"https:\/\/www.whitesmh.co.uk\/wp-content\/uploads\/AGX-Logo-1400x547.jpg 1400w, https:\/\/www.whitesmh.co.uk\/wp-content\/uploads\/AGX-Logo-600x234.jpg 600w, https:\/\/www.whitesmh.co.uk\/wp-content\/uploads\/AGX-Logo-800x313.jpg 800w, https:\/\/www.whitesmh.co.uk\/wp-content\/uploads\/AGX-Logo-768x300.jpg 768w\" sizes=\"auto, (max-width: 800px) 100vw, 800px\" \/><\/figure>\n<\/div>\n\n\n\n<div class=\"wp-block-column is-layout-flow wp-block-column-is-layout-flow\">\n<figure class=\"wp-block-image aligncenter size-large is-resized\"><img loading=\"lazy\" decoding=\"async\" width=\"1400\" height=\"554\" src=\"https:\/\/www.whitesmh.co.uk\/wp-content\/uploads\/HDX-Logo-1400x554.jpg\" alt=\"\" class=\"wp-image-402\" style=\"object-fit:contain;width:200px;height:200px\" srcset=\"https:\/\/www.whitesmh.co.uk\/wp-content\/uploads\/HDX-Logo-1400x554.jpg 1400w, https:\/\/www.whitesmh.co.uk\/wp-content\/uploads\/HDX-Logo-600x237.jpg 600w, https:\/\/www.whitesmh.co.uk\/wp-content\/uploads\/HDX-Logo-800x317.jpg 800w, https:\/\/www.whitesmh.co.uk\/wp-content\/uploads\/HDX-Logo-768x304.jpg 768w\" sizes=\"auto, (max-width: 800px) 100vw, 800px\" \/><\/figure>\n<\/div>\n\n\n\n<div class=\"wp-block-column is-layout-flow wp-block-column-is-layout-flow\">\n<figure class=\"wp-block-image aligncenter size-large is-resized\"><img loading=\"lazy\" decoding=\"async\" width=\"1400\" height=\"302\" src=\"https:\/\/www.whitesmh.co.uk\/wp-content\/uploads\/HDX-Waste-1400x302.jpg\" alt=\"\" class=\"wp-image-401\" style=\"object-fit:contain;width:200px;height:200px\" srcset=\"https:\/\/www.whitesmh.co.uk\/wp-content\/uploads\/HDX-Waste-1400x302.jpg 1400w, https:\/\/www.whitesmh.co.uk\/wp-content\/uploads\/HDX-Waste-600x129.jpg 600w, https:\/\/www.whitesmh.co.uk\/wp-content\/uploads\/HDX-Waste-800x172.jpg 800w, https:\/\/www.whitesmh.co.uk\/wp-content\/uploads\/HDX-Waste-768x166.jpg 768w\" sizes=\"auto, (max-width: 800px) 100vw, 800px\" \/><\/figure>\n<\/div>\n\n\n\n<div class=\"wp-block-column is-layout-flow wp-block-column-is-layout-flow\">\n<figure class=\"wp-block-image aligncenter size-large is-resized\"><img loading=\"lazy\" decoding=\"async\" width=\"1400\" height=\"466\" src=\"https:\/\/www.whitesmh.co.uk\/wp-content\/uploads\/BAG-X-Logo1-1-1400x466.jpg\" alt=\"\" class=\"wp-image-2408\" style=\"object-fit:contain;width:200px;height:200px\" srcset=\"https:\/\/www.whitesmh.co.uk\/wp-content\/uploads\/BAG-X-Logo1-1-1400x466.jpg 1400w, https:\/\/www.whitesmh.co.uk\/wp-content\/uploads\/BAG-X-Logo1-1-600x200.jpg 600w, https:\/\/www.whitesmh.co.uk\/wp-content\/uploads\/BAG-X-Logo1-1-800x266.jpg 800w, https:\/\/www.whitesmh.co.uk\/wp-content\/uploads\/BAG-X-Logo1-1-768x256.jpg 768w\" sizes=\"auto, (max-width: 800px) 100vw, 800px\" \/><\/figure>\n<\/div>\n<\/div>\n<\/div>\n\n<div style=\"height:30px\" aria-hidden=\"true\" class=\"wp-block-spacer\"><\/div>\n","protected":false},"excerpt":{"rendered":"<p>Somos BLANCOS Fundada en 1924 como una empresa de reparaci\u00f3n de soldadura, WHITES se traslad\u00f3 a la fabricaci\u00f3n de accesorios en 1980. Desde la adquisici\u00f3n por parte de Precision Profiles en 1992, Whites Material Handling se ha expandido continuamente hasta convertirse en uno de los mayores fabricantes europeos de implementos para maquinaria compacta. Nos especializamos&hellip;<\/p>\n","protected":false},"author":1,"featured_media":0,"parent":0,"menu_order":0,"comment_status":"closed","ping_status":"closed","template":"","meta":{"_acf_changed":false,"footnotes":""},"class_list":{"2":"type-page"},"acf":[],"_links":{"self":[{"href":"https:\/\/www.whitesmh.co.uk\/es\/wp-json\/wp\/v2\/pages\/7544","targetHints":{"allow":["GET"]}}],"collection":[{"href":"https:\/\/www.whitesmh.co.uk\/es\/wp-json\/wp\/v2\/pages"}],"about":[{"href":"https:\/\/www.whitesmh.co.uk\/es\/wp-json\/wp\/v2\/types\/page"}],"author":[{"embeddable":true,"href":"https:\/\/www.whitesmh.co.uk\/es\/wp-json\/wp\/v2\/users\/1"}],"replies":[{"embeddable":true,"href":"https:\/\/www.whitesmh.co.uk\/es\/wp-json\/wp\/v2\/comments?post=7544"}],"version-history":[{"count":0,"href":"https:\/\/www.whitesmh.co.uk\/es\/wp-json\/wp\/v2\/pages\/7544\/revisions"}],"wp:attachment":[{"href":"https:\/\/www.whitesmh.co.uk\/es\/wp-json\/wp\/v2\/media?parent=7544"}],"curies":[{"name":"wp","href":"https:\/\/api.w.org\/{rel}","templated":true}]}}