{"id":7541,"date":"2023-10-24T14:58:23","date_gmt":"2023-10-24T14:58:23","guid":{"rendered":"https:\/\/www.whitesmh.co.uk\/ley-de-esclavitud-moderna\/"},"modified":"2024-05-13T09:00:22","modified_gmt":"2024-05-13T09:00:22","slug":"ley-de-esclavitud-moderna","status":"publish","type":"page","link":"https:\/\/www.whitesmh.co.uk\/es\/ley-de-esclavitud-moderna\/","title":{"rendered":"Ley de esclavitud moderna"},"content":{"rendered":"\n<div class=\"wp-block-group is-layout-constrained wp-container-core-group-is-layout-f91bc924 wp-block-group-is-layout-constrained\" style=\"padding-top:var(--wp--preset--spacing--80);padding-bottom:var(--wp--preset--spacing--80)\">\n<h1 class=\"wp-block-heading has-text-align-center\">Whites Material Handling Ltd<\/h1>\n\n\n\n<div class=\"wp-block-group is-layout-constrained wp-container-core-group-is-layout-f36bc466 wp-block-group-is-layout-constrained\">\n<p class=\"has-text-align-left\">En Whites Material Handling Ltd Declaraci\u00f3n sobre la esclavitud y la trata de personas En Whites Material Handling Ltd, como dise\u00f1ador y fabricante especializado de cubos y accesorios, reconocemos la responsabilidad que compartimos con nuestros proveedores de comprar materias primas y vender nuestros productos de manera \u00e9tica. Como parte de este compromiso, reconocemos nuestra responsabilidad con la Ley de Esclavitud Moderna de 2015 y garantizaremos la transparencia dentro de la organizaci\u00f3n y con nuestros proveedores de bienes y servicios a Whites Material Handling Ltd.  <\/p>\n\n\n\n<p class=\"has-text-align-left\">Queremos que nuestros clientes tengan la confianza de que nuestros socios comerciales tratan a sus empleados de manera justa, con respeto por los derechos humanos y no est\u00e1n expuestos a condiciones de trabajo inseguras ni obligados a trabajar bajo esclavitud. Creemos que cuando se establecen normas \u00e9ticas, esto puede mejorar el bienestar, la productividad y la calidad de los trabajadores, lo que beneficia tanto a nuestros proveedores como a nuestros clientes. Solo los proveedores que compartan nuestros est\u00e1ndares y valores se considerar\u00e1n apropiados para comerciar con Whites Material Handling Ltd y buscamos desarrollar relaciones comerciales a largo plazo con los proveedores basadas en el principio de tratos justos, abiertos y honestos en todo momento.  <\/p>\n\n\n\n<p class=\"has-text-align-left\">Comprobamos a nuestros principales proveedores de forma regular y nuestro objetivo es trabajar solo con organizaciones que tambi\u00e9n se comprometan con la erradicaci\u00f3n de la esclavitud y la trata de personas. Verificamos que nuestros principales proveedores emitan una declaraci\u00f3n anual en la que describan su compromiso y las acciones tomadas para eliminar la esclavitud moderna.  <\/p>\n\n\n\n<p class=\"has-text-align-left\">Los productos importados procedentes de fuera del Reino Unido o de la CE corren un riesgo potencial mayor de sufrir problemas de esclavitud o trata de personas. Si los productos provienen de dichos lugares en vol\u00famenes significativos, nuestro objetivo es visitar a nuestro proveedor con regularidad y establecer una relaci\u00f3n a largo plazo que nos permita evaluar los est\u00e1ndares que mantienen con respecto al compromiso con los derechos humanos, las condiciones de trabajo y la provisi\u00f3n de un salario digno.  <\/p>\n\n\n\n<p class=\"has-text-align-left\">Whites Material Handling Ltd no trabajar\u00e1 con ninguna organizaci\u00f3n que tenga o se descubra que est\u00e1 involucrada a sabiendas con la trata de personas o la esclavitud moderna.  <\/p>\n\n\n\n<p class=\"has-text-align-left\">Los Directores de la Compa\u00f1\u00eda y la Alta Direcci\u00f3n ser\u00e1n responsables de la aplicaci\u00f3n de esta pol\u00edtica y garantizar\u00e1n que todas las actividades cumplan con la Ley de Esclavitud Moderna de 2015. Whites Material Handling Ltd proporcionar\u00e1 los recursos, la formaci\u00f3n y la inversi\u00f3n adecuados para garantizar su aplicaci\u00f3n exitosa a lo largo del pr\u00f3ximo a\u00f1o financiero.  <br\/><\/p>\n<\/div>\n\n\n\n<figure class=\"wp-block-image aligncenter size-full\"><img loading=\"lazy\" decoding=\"async\" width=\"592\" height=\"127\" src=\"https:\/\/www.whitesmh.co.uk\/wp-content\/uploads\/image-3.png\" alt=\"\" class=\"wp-image-707\"\/><\/figure>\n<\/div>\n\n<div style=\"height:30px\" aria-hidden=\"true\" class=\"wp-block-spacer\"><\/div>\n","protected":false},"excerpt":{"rendered":"<p>Whites Material Handling Ltd En Whites Material Handling Ltd Declaraci\u00f3n sobre la esclavitud y la trata de personas En Whites Material Handling Ltd, como dise\u00f1ador y fabricante especializado de cubos y accesorios, reconocemos la responsabilidad que compartimos con nuestros proveedores de comprar materias primas y vender nuestros productos de manera \u00e9tica. Como parte de este&hellip;<\/p>\n","protected":false},"author":1,"featured_media":0,"parent":0,"menu_order":0,"comment_status":"closed","ping_status":"closed","template":"","meta":{"_acf_changed":false,"footnotes":""},"class_list":{"2":"type-page"},"acf":[],"_links":{"self":[{"href":"https:\/\/www.whitesmh.co.uk\/es\/wp-json\/wp\/v2\/pages\/7541","targetHints":{"allow":["GET"]}}],"collection":[{"href":"https:\/\/www.whitesmh.co.uk\/es\/wp-json\/wp\/v2\/pages"}],"about":[{"href":"https:\/\/www.whitesmh.co.uk\/es\/wp-json\/wp\/v2\/types\/page"}],"author":[{"embeddable":true,"href":"https:\/\/www.whitesmh.co.uk\/es\/wp-json\/wp\/v2\/users\/1"}],"replies":[{"embeddable":true,"href":"https:\/\/www.whitesmh.co.uk\/es\/wp-json\/wp\/v2\/comments?post=7541"}],"version-history":[{"count":0,"href":"https:\/\/www.whitesmh.co.uk\/es\/wp-json\/wp\/v2\/pages\/7541\/revisions"}],"wp:attachment":[{"href":"https:\/\/www.whitesmh.co.uk\/es\/wp-json\/wp\/v2\/media?parent=7541"}],"curies":[{"name":"wp","href":"https:\/\/api.w.org\/{rel}","templated":true}]}}