{"id":7539,"date":"2023-08-17T11:23:33","date_gmt":"2023-08-17T11:23:33","guid":{"rendered":"https:\/\/www.whitesmh.co.uk\/politica-de-privacidad\/"},"modified":"2024-05-13T09:00:16","modified_gmt":"2024-05-13T09:00:16","slug":"politica-de-privacidad","status":"publish","type":"page","link":"https:\/\/www.whitesmh.co.uk\/es\/politica-de-privacidad\/","title":{"rendered":"Pol\u00edtica de privacidad"},"content":{"rendered":"\n<div class=\"wp-block-group is-layout-constrained wp-container-core-group-is-layout-82f22f87 wp-block-group-is-layout-constrained\" style=\"margin-top:var(--wp--preset--spacing--70);margin-bottom:var(--wp--preset--spacing--70)\">\n<h1 class=\"wp-block-heading\">POL\u00cdTICA DE PRIVACIDAD<\/h1>\n\n\n\n<h2 class=\"wp-block-heading\">INTRODUCCI\u00d3N<\/h2>\n\n\n\n<p>Esta Pol\u00edtica de Privacidad describe las pr\u00e1cticas de Whites Material Handling Limited (\u00ab<strong>nosotros<\/strong>\u00ab, \u00ab<strong>nuestro<\/strong>\u00bb o \u00ab<strong>la Compa\u00f1\u00eda<\/strong>\u00ab) con respecto a la informaci\u00f3n recopilada de los usuarios que acceden a nuestro sitio web en <a href=\"http:\/\/www.precisionprofiles.co.uk\/\" target=\"_blank\" rel=\"noopener\">www.whitesmh.co.uk<\/a> (\u00ab<strong>Sitio<\/strong>\u00ab) o comparten informaci\u00f3n personal con nosotros (colectivamente: \u00ab<strong>Usuarios<\/strong>\u00ab).  <\/p>\n\n\n\n<h2 class=\"wp-block-heading\">MOTIVOS PARA LA RECOPILACI\u00d3N DE DATOS  <\/h2>\n\n\n\n<p>Procesamiento de su informaci\u00f3n personal (es decir, cualquier informaci\u00f3n que pueda permitir su identificaci\u00f3n a trav\u00e9s de medios razonables; en adelante)<strong>Informaci\u00f3n personal<\/strong>\u00ab) es necesario para el cumplimiento de nuestras obligaciones contractuales con usted y para proporcionarle nuestros servicios, para proteger nuestros intereses leg\u00edtimos y para el cumplimiento de las obligaciones legales y financieras a las que estamos sujetos.<\/p>\n\n\n\n<p>Cuando utiliza el Sitio, da su consentimiento para la recopilaci\u00f3n, el almacenamiento, el uso, la divulgaci\u00f3n y otros usos de su Informaci\u00f3n personal como se describe en esta Pol\u00edtica de privacidad.<\/p>\n\n\n\n<p>Alentamos a nuestros Usuarios a leer atentamente la Pol\u00edtica de Privacidad y utilizarla para tomar decisiones informadas.<\/p>\n\n\n\n<h2 class=\"wp-block-heading\">\u00bfQU\u00c9 INFORMACI\u00d3N RECOPILAMOS?<\/h2>\n\n\n\n<p>Recopilamos dos tipos de datos e informaci\u00f3n de los Usuarios.  <\/p>\n\n\n\n<p>El primer tipo de informaci\u00f3n es la informaci\u00f3n no identificada y no identificable perteneciente a un Usuario(s), que puede estar disponible o recopilada a trav\u00e9s de su uso del Sitio (\u00ab<strong>Informaci\u00f3n no personal<\/strong>\u00ab). No conocemos la identidad de un Usuario del que se recopil\u00f3 la Informaci\u00f3n no personal. La informaci\u00f3n no personal que se recopila puede incluir su informaci\u00f3n de uso agregada e informaci\u00f3n t\u00e9cnica transmitida por su dispositivo, incluida cierta informaci\u00f3n de software y hardware (por ejemplo, el tipo de navegador y sistema operativo que utiliza su dispositivo, preferencia de idioma, tiempo de acceso, etc.) para mejorar la funcionalidad de nuestro Sitio. Tambi\u00e9n podemos recopilar informaci\u00f3n sobre su actividad en el Sitio (e.g. pages de visualizaci\u00f3n, navegaci\u00f3n en l\u00ednea, clics, acciones, etc.).<\/p>\n\n\n\n<p>El segundo tipo de informaci\u00f3n <strong>Informaci\u00f3n personal<\/strong> que es informaci\u00f3n de identificaci\u00f3n individual, es decir, informaci\u00f3n que identifica a un individuo o puede, con un esfuerzo razonable, identificar a un individuo. Dicha informaci\u00f3n incluye:<\/p>\n\n\n\n<ul class=\"wp-block-list\">\n<li>Informaci\u00f3n del dispositivo: Recopilamos informaci\u00f3n personal de su dispositivo. Dicha informaci\u00f3n incluye datos de geolocalizaci\u00f3n, direcci\u00f3n IP, identificadores \u00fanicos (por ejemplo, direcci\u00f3n MAC y UUID) y otra informaci\u00f3n relacionada con su actividad a trav\u00e9s del Sitio:<\/li>\n\n\n\n<li>Nombre y cargo<\/li>\n\n\n\n<li>Informaci\u00f3n de contacto, incluida la direcci\u00f3n de correo electr\u00f3nico<\/li>\n\n\n\n<li>Informaci\u00f3n demogr\u00e1fica como c\u00f3digo postal, preferencias e intereses<\/li>\n\n\n\n<li>Otra informaci\u00f3n relevante para las consultas de los clientes<\/li>\n\n\n\n<li>No almacenamos datos financieros<\/li>\n<\/ul>\n\n\n\n<h2 class=\"wp-block-heading\">\u00bfC\u00d3MO RECIBIMOS INFORMACI\u00d3N SOBRE USTED?<\/h2>\n\n\n\n<p>Recibimos su informaci\u00f3n personal de varias fuentes:<\/p>\n\n\n\n<ul class=\"wp-block-list\">\n<li>Cuando nos proporciona voluntariamente sus datos personales para registrarse en nuestro Sitio;<\/li>\n\n\n\n<li>Cuando utiliza o accede a nuestro Sitio en relaci\u00f3n con su uso de nuestros servicios;<\/li>\n\n\n\n<li>De proveedores externos, servicios y registros p\u00fablicos (por ejemplo, proveedores de an\u00e1lisis de tr\u00e1fico).<\/li>\n<\/ul>\n\n\n\n<h2 class=\"wp-block-heading\">\u00bfQU\u00c9 INFORMACI\u00d3N RECOPILAMOS?<\/h2>\n\n\n\n<p>No alquilamos, vendemos ni compartimos la informaci\u00f3n de los Usuarios con terceros, excepto como se describe en esta Pol\u00edtica de privacidad.<\/p>\n\n\n\n<p>Podemos utilizar la informaci\u00f3n para lo siguiente:<\/p>\n\n\n\n<ul class=\"wp-block-list\">\n<li>Comunicarnos con usted: enviarle avisos sobre nuestros servicios, proporcionarle informaci\u00f3n t\u00e9cnica y responder a cualquier problema de servicio al cliente que pueda tener;<\/li>\n\n\n\n<li>Para comunicarnos con usted y mantenerlo informado sobre nuestras \u00faltimas actualizaciones y servicios;<\/li>\n\n\n\n<li>Para mostrarle anuncios cuando utiliza nuestro Sitio (consulte m\u00e1s informaci\u00f3n en \u00abAnuncios\u00bb);  <\/li>\n\n\n\n<li>Para comercializar nuestros sitios web y productos (ver m\u00e1s en \u00abMarketing\u00bb);  <\/li>\n\n\n\n<li>Podemos utilizar la informaci\u00f3n para mejorar nuestros productos y servicios<\/li>\n\n\n\n<li>Con fines estad\u00edsticos y anal\u00edticos, destinados a mejorar el Sitio<\/li>\n\n\n\n<li>Mantenimiento de registros internos<\/li>\n\n\n\n<li>Para ponernos en contacto con usted en respuesta a una consulta espec\u00edfica<\/li>\n\n\n\n<li>Es posible que nos pongamos en contacto con usted por correo electr\u00f3nico, tel\u00e9fono, fax o correo postal por motivos de investigaci\u00f3n de mercado<\/li>\n<\/ul>\n\n\n\n<p>Adem\u00e1s de los diferentes usos enumerados anteriormente, podemos transferir o divulgar informaci\u00f3n personal a nuestras subsidiarias, empresas afiliadas y subcontratistas.<\/p>\n\n\n\n<p>Adem\u00e1s de los fines enumerados en esta Pol\u00edtica de privacidad, podemos compartir informaci\u00f3n personal con nuestros proveedores externos de confianza, que pueden estar ubicados en diferentes jurisdicciones de todo el mundo, para cualquiera de los siguientes fines:  <\/p>\n\n\n\n<ul class=\"wp-block-list\">\n<li>Alojar y operar nuestro Sitio;<\/li>\n\n\n\n<li>Proporcionarle nuestros servicios, incluida la visualizaci\u00f3n personalizada de nuestro Sitio;<\/li>\n\n\n\n<li>Almacenar y procesar dicha informaci\u00f3n en nuestro nombre;  <\/li>\n\n\n\n<li>Servirle con anuncios y para ayudarnos a evaluar el \u00e9xito de nuestras campa\u00f1as publicitarias y ayudarnos a reorientar a cualquiera de nuestros usuarios;<\/li>\n\n\n\n<li>Proporcionarle ofertas de marketing y materiales promocionales relacionados con nuestro Sitio y servicios;  <\/li>\n\n\n\n<li>Realizaci\u00f3n de investigaciones, diagn\u00f3sticos t\u00e9cnicos o an\u00e1lisis;<\/li>\n<\/ul>\n\n\n\n<p>Tambi\u00e9n podemos divulgar informaci\u00f3n si tenemos buenas razones para creer que la divulgaci\u00f3n de dicha informaci\u00f3n es \u00fatil o razonablemente necesaria para: (i) cumplir con cualquier ley, reglamento, proceso legal o solicitud gubernamental aplicable; (ii) hacer cumplir nuestras pol\u00edticas (incluido nuestro Acuerdo), incluidas las investigaciones de posibles violaciones de las mismas; (iii) investigar, detectar, prevenir o tomar medidas con respecto a actividades ilegales u otras irregularidades, sospechas de fraude o problemas de seguridad; (iv) para establecer o ejercer nuestros derechos de defensa contra reclamaciones legales; (v) evitar da\u00f1os a los derechos, la propiedad o la seguridad de nosotros, de nuestros usuarios, de usted mismo o de cualquier tercero; o (vi) con el fin de colaborar con los organismos encargados de hacer cumplir la ley y\/o en caso de que lo consideremos necesario para hacer cumplir la propiedad intelectual u otros derechos legales.<\/p>\n\n\n\n<h2 class=\"wp-block-heading\">DERECHOS DEL USUARIO<\/h2>\n\n\n\n<p>Usted puede solicitar:  <\/p>\n\n\n\n<ol class=\"wp-block-list\">\n<li>Recibir confirmaci\u00f3n de si se est\u00e1 procesando o no informaci\u00f3n personal que le concierne y acceder a su informaci\u00f3n personal almacenada, junto con informaci\u00f3n complementaria.  <\/li>\n\n\n\n<li>Recibir una copia de la informaci\u00f3n personal que nos proporcione directamente en un formato estructurado, de uso com\u00fan y legible por m\u00e1quina.  <\/li>\n\n\n\n<li>Solicitar la rectificaci\u00f3n de su informaci\u00f3n personal que est\u00e1 bajo nuestro control.<\/li>\n\n\n\n<li>Solicitar la eliminaci\u00f3n de su informaci\u00f3n personal.  <\/li>\n\n\n\n<li>Oponerse al tratamiento de nuestra informaci\u00f3n personal.  <\/li>\n\n\n\n<li>Solicitar que restrinjamos el procesamiento de su informaci\u00f3n personal.<\/li>\n\n\n\n<li>Presentar una queja ante una autoridad supervisora.<\/li>\n<\/ol>\n\n\n\n<p>Sin embargo, tenga en cuenta que estos derechos no son absolutos y pueden estar sujetos a nuestros propios intereses leg\u00edtimos y requisitos reglamentarios.  <\/p>\n\n\n\n<p>Si desea ejercer alguno de los derechos anteriores o recibir m\u00e1s informaci\u00f3n, p\u00f3ngase en contacto con nuestro Delegado de Protecci\u00f3n de Datos (\u00abDPO\u00bb) utilizando los datos que se proporcionan a continuaci\u00f3n:<\/p>\n\n\n\n<p>Lisa Sinclair: lsinclair@precisionprofiles.co.uk<\/p>\n\n\n\n<h2 class=\"wp-block-heading\">RETENCI\u00d3N<\/h2>\n\n\n\n<p>Conservaremos su informaci\u00f3n personal durante el tiempo que sea necesario para proporcionar nuestros servicios, y seg\u00fan sea necesario para cumplir con nuestras obligaciones legales, resolver disputas y hacer cumplir nuestras pol\u00edticas. Los per\u00edodos de retenci\u00f3n se determinar\u00e1n teniendo en cuenta el tipo de informaci\u00f3n que se recopila y el prop\u00f3sito para el que se recopila, teniendo en cuenta los requisitos aplicables a la situaci\u00f3n y la necesidad de destruir la informaci\u00f3n obsoleta y no utilizada lo antes posible y razonable. De acuerdo con las regulaciones aplicables, mantendremos registros que contengan datos personales del cliente, documentos de apertura de cuentas, comunicaciones y cualquier otra cosa que exijan las leyes y regulaciones aplicables.  <\/p>\n\n\n\n<p>Podemos rectificar, reponer o eliminar informaci\u00f3n incompleta o inexacta, en cualquier momento y a nuestra propia discreci\u00f3n.<\/p>\n\n\n\n<h2 class=\"wp-block-heading\">GALLETAS<\/h2>\n\n\n\n<p>Nosotros y nuestros socios de confianza utilizamos cookies y otras tecnolog\u00edas en nuestros servicios relacionados, incluso cuando visita nuestro Sitio o accede a nuestros servicios.  <\/p>\n\n\n\n<p>Una \u00abcookie\u00bb es una peque\u00f1a pieza de informaci\u00f3n que un sitio web asigna a su dispositivo mientras est\u00e1 viendo un sitio web. Las cookies son muy \u00fatiles y se pueden utilizar para diferentes prop\u00f3sitos. Estos prop\u00f3sitos incluyen permitirle navegar entre p\u00e1ginas de manera eficiente, habilitar la activaci\u00f3n autom\u00e1tica de ciertas funciones, recordar sus preferencias y hacer que la interacci\u00f3n entre usted y nuestros Servicios sea m\u00e1s r\u00e1pida y f\u00e1cil. Las cookies tambi\u00e9n se utilizan para ayudar a garantizar que los anuncios que ve sean relevantes para usted y sus intereses y para recopilar datos estad\u00edsticos sobre su uso de nuestros Servicios.  <\/p>\n\n\n\n<p>El Sitio utiliza los siguientes tipos de cookies:<\/p>\n\n\n\n<p><strong>un. &#8216;Cookies de sesi\u00f3n&#8217;<\/strong>  que se almacenan solo temporalmente durante una sesi\u00f3n de navegaci\u00f3n para permitir el uso normal del sistema y se eliminan de su dispositivo cuando se cierra el navegador;  <\/p>\n\n\n\n<p><strong>b. \u00abCookies persistentes<\/strong>&#8216; que son le\u00eddos solo por el Sitio, se guardan en su computadora durante un per\u00edodo fijo y no se eliminan cuando se cierra el navegador. Dichas cookies se utilizan cuando necesitamos saber qui\u00e9n es usted para visitas repetidas, por ejemplo, para permitirnos almacenar sus preferencias para el pr\u00f3ximo inicio de sesi\u00f3n;  <\/p>\n\n\n\n<p><strong>c. &#8216;Cookies de terceros&#8217;<\/strong>  que son establecidas por otros servicios en l\u00ednea que ejecutan contenido en la p\u00e1gina que est\u00e1 viendo, por ejemplo, por empresas de an\u00e1lisis de terceros que monitorean y analizan nuestro acceso a la web.<\/p>\n\n\n\n<p>Las cookies no contienen ninguna informaci\u00f3n que lo identifique personalmente, pero la informaci\u00f3n personal que almacenamos sobre usted puede estar vinculada, por nosotros, a la informaci\u00f3n almacenada y obtenida de las cookies. Puede eliminar las cookies siguiendo las instrucciones de las preferencias de su dispositivo; sin embargo, si elige deshabilitar las cookies, es posible que algunas funciones de nuestro Sitio no funcionen correctamente y que su experiencia en l\u00ednea sea limitada.<\/p>\n\n\n\n<p>Tambi\u00e9n utilizamos una herramienta llamada \u00abGoogle Analytics\u00bb para recopilar informaci\u00f3n sobre su uso del Sitio. Google Analytics recopila informaci\u00f3n como la frecuencia con la que los usuarios acceden al Sitio, qu\u00e9 p\u00e1ginas visitan, cu\u00e1ndo lo hacen, etc. Utilizamos la informaci\u00f3n que obtenemos de Google Analytics solo para mejorar nuestro Sitio y nuestros servicios. Google Analytics recopila la direcci\u00f3n IP que se le asign\u00f3 en la fecha en que visita los sitios, en lugar de su nombre u otra informaci\u00f3n de identificaci\u00f3n. No combinamos la informaci\u00f3n recopilada a trav\u00e9s del uso de Google Analytics con informaci\u00f3n de identificaci\u00f3n personal. La capacidad de Google para usar y compartir la informaci\u00f3n recopilada por Google Analytics sobre sus visitas a este Sitio est\u00e1 restringida por los T\u00e9rminos de uso de Google Analytics y la Pol\u00edtica de privacidad de Google.<\/p>\n\n\n\n<h2 class=\"wp-block-heading\">RECOPILACI\u00d3N DE INFORMACI\u00d3N POR PARTE DE TERCEROS<\/h2>\n\n\n\n<p>Nuestra pol\u00edtica solo aborda el uso y la divulgaci\u00f3n de la informaci\u00f3n que recopilamos de usted. En la medida en que divulgue su informaci\u00f3n a otras partes o sitios a trav\u00e9s de Internet, es posible que se apliquen reglas diferentes al uso o divulgaci\u00f3n de la informaci\u00f3n que les revele. En consecuencia, le recomendamos que lea los t\u00e9rminos y condiciones y la pol\u00edtica de privacidad de cada tercero al que elija divulgar informaci\u00f3n.  <\/p>\n\n\n\n<p>Esta Pol\u00edtica de Privacidad no se aplica a las pr\u00e1cticas de empresas que no son de nuestra propiedad ni controladas, ni a las personas que no empleamos o administramos, incluidos los terceros a los que podemos divulgar informaci\u00f3n seg\u00fan lo establecido en esta Pol\u00edtica de Privacidad.  <\/p>\n\n\n\n<h2 class=\"wp-block-heading\" id=\"1604837267\">\u00bfC\u00d3MO PROTEGEMOS SU INFORMACI\u00d3N?<\/h2>\n\n\n\n<p>Ponemos mucho cuidado en implementar y mantener la seguridad del Sitio y su informaci\u00f3n. Empleamos procedimientos y pol\u00edticas est\u00e1ndar de la industria para garantizar la seguridad de la informaci\u00f3n que recopilamos y conservamos, y evitar el uso no autorizado de dicha informaci\u00f3n, y exigimos a cualquier tercero que cumpla con requisitos de seguridad similares, de acuerdo con esta Pol\u00edtica de privacidad. Aunque tomamos medidas razonables para salvaguardar la informaci\u00f3n, no podemos ser responsables de los actos de aquellos que obtienen acceso no autorizado o abusan de nuestro Sitio, y no ofrecemos ninguna garant\u00eda, expresa, impl\u00edcita o de otro tipo, de que impediremos dicho acceso.<\/p>\n\n\n\n<h2 class=\"wp-block-heading\">TRANSFERENCIA DE DATOS FUERA DEL EEE  <\/h2>\n\n\n\n<p>Tenga en cuenta que algunos destinatarios de datos pueden estar ubicados fuera del EEE. En tales casos, transferiremos sus datos solo a los pa\u00edses aprobados por la Comisi\u00f3n Europea como que proporcionen un nivel adecuado de protecci\u00f3n de datos, o celebraremos acuerdos legales que garanticen un nivel adecuado de protecci\u00f3n de datos.<\/p>\n\n\n\n<h2 class=\"wp-block-heading\">ANUNCIOS<\/h2>\n\n\n\n<p>  Podemos utilizar una tecnolog\u00eda publicitaria de terceros para publicar anuncios cuando acceda al Sitio. Esta tecnolog\u00eda utiliza su informaci\u00f3n con respecto a su uso de los Servicios para mostrarle anuncios (por ejemplo, colocando cookies de terceros en su navegador web).  <\/p>\n\n\n\n<p>Puede optar por no participar en muchas redes publicitarias de terceros, incluidas las operadas por miembros de la Iniciativa de Publicidad en la Red (\u00abNAI\u00bb) y la Alianza de Publicidad Digital (\u00abDAA\u00bb). Para obtener m\u00e1s informaci\u00f3n sobre esta pr\u00e1ctica por parte de los miembros de NAI y DAA, y sus opciones con respecto a que estas compa\u00f1\u00edas utilicen esta informaci\u00f3n, incluida la forma de optar por no participar en redes publicitarias de terceros operadas por miembros de NAI y DAA, visite sus respectivos sitios web: <a href=\"http:\/\/optout.networkadvertising.org\/\" target=\"_blank\" rel=\"noreferrer noopener\">http:\/\/optout.networkadvertising.org<\/a> y <a href=\"http:\/\/optout.aboutads.info\/\" target=\"_blank\" rel=\"noreferrer noopener\">http:\/\/optout.aboutads.info<\/a><\/p>\n\n\n\n<h2 class=\"wp-block-heading\">MARKETING<\/h2>\n\n\n\n<p>Podemos utilizar su informaci\u00f3n personal, como su nombre, direcci\u00f3n de correo electr\u00f3nico, n\u00famero de tel\u00e9fono, etc., nosotros mismos o mediante el uso de nuestros subcontratistas externos, con el fin de proporcionarle materiales promocionales relacionados con nuestros servicios que creemos que pueden interesarle.  <\/p>\n\n\n\n<p>Para respetar su derecho a la privacidad, dentro de dichos materiales de marketing, le proporcionamos los medios para optar por no recibir m\u00e1s ofertas de marketing de nuestra parte. Si cancela la suscripci\u00f3n, eliminaremos su direcci\u00f3n de correo electr\u00f3nico o n\u00famero de tel\u00e9fono de nuestras listas de distribuci\u00f3n de marketing.  <\/p>\n\n\n\n<p>Tenga en cuenta que incluso si se ha dado de baja de la recepci\u00f3n de nuestros correos electr\u00f3nicos de marketing, podemos enviarle otros tipos de comunicaciones importantes por correo electr\u00f3nico sin ofrecerle la oportunidad de optar por no recibirlas. Estos pueden incluir anuncios de servicio al cliente o avisos administrativos.<\/p>\n\n\n\n<h2 class=\"wp-block-heading\">OPERACI\u00d3N SOCIETARIA<\/h2>\n\n\n\n<p>Podemos compartir informaci\u00f3n en el caso de una transacci\u00f3n corporativa (por ejemplo, venta de una parte sustancial de nuestro negocio, fusi\u00f3n, consolidaci\u00f3n o venta de activos). En caso de lo anterior, el cesionario o empresa adquirente asumir\u00e1 los derechos y obligaciones descritos en la presente Pol\u00edtica de Privacidad.<\/p>\n\n\n\n<h2 class=\"wp-block-heading\">MENORES<\/h2>\n\n\n\n<p>Entendemos la importancia de proteger la privacidad de los ni\u00f1os, especialmente en un entorno en l\u00ednea. El Sitio no est\u00e1 dise\u00f1ado ni dirigido a ni\u00f1os. En ning\u00fan caso permitiremos el uso de nuestros servicios por parte de menores de edad sin el previo consentimiento o autorizaci\u00f3n de un padre o tutor legal. No recopilamos a sabiendas informaci\u00f3n personal de menores. Si un padre o tutor se da cuenta de que su hijo nos ha proporcionado informaci\u00f3n personal sin su consentimiento, debe comunicarse con nosotros a <a href=\"mailto:lsinclair@precisionprofiles.co.uk\">lsinclair@precisionprofiles.co.uk<\/a>.<\/p>\n\n\n\n<h2 class=\"wp-block-heading\">ACTUALIZACIONES O MODIFICACIONES DE ESTA POL\u00cdTICA DE PRIVACIDAD<\/h2>\n\n\n\n<p>Nos reservamos el derecho de modificar o revisar peri\u00f3dicamente la Pol\u00edtica de Privacidad; Los cambios sustanciales entrar\u00e1n en vigencia inmediatamente despu\u00e9s de la publicaci\u00f3n de la Pol\u00edtica de privacidad revisada. La \u00faltima revisi\u00f3n se ver\u00e1 reflejada en el apartado \u00ab\u00daltima modificaci\u00f3n\u00bb. Su uso continuado de la Plataforma, despu\u00e9s de la notificaci\u00f3n de dichas modificaciones en nuestro sitio web, constituye su reconocimiento y consentimiento de dichas modificaciones a la Pol\u00edtica de privacidad y su aceptaci\u00f3n de estar sujeto a los t\u00e9rminos de dichas modificaciones.<\/p>\n\n\n\n<h2 class=\"wp-block-heading\">C\u00d3MO CONTACTARNOS<\/h2>\n\n\n\n<p>Si tiene alguna pregunta general sobre el Sitio o la informaci\u00f3n que recopilamos sobre usted y c\u00f3mo la usamos, puede comunicarse con nosotros en igroveswhitesmh.co.uk.<\/p>\n\n\n\n<p>Whites Material Handling Ltd<br\/>Southway Drive<br\/>Bristol<br\/>BS30 5LW<\/p>\n\n\n\n<p>Registro N\u00ba 1248229<\/p>\n\n\n\n<p>\u00daltima modificaci\u00f3n 25 mayo 2018<\/p>\n<\/div>\n","protected":false},"excerpt":{"rendered":"<p>POL\u00cdTICA DE PRIVACIDAD INTRODUCCI\u00d3N Esta Pol\u00edtica de Privacidad describe las pr\u00e1cticas de Whites Material Handling Limited (\u00abnosotros\u00ab, \u00abnuestro\u00bb o \u00abla Compa\u00f1\u00eda\u00ab) con respecto a la informaci\u00f3n recopilada de los usuarios que acceden a nuestro sitio web en www.whitesmh.co.uk (\u00abSitio\u00ab) o comparten informaci\u00f3n personal con nosotros (colectivamente: \u00abUsuarios\u00ab). MOTIVOS PARA LA RECOPILACI\u00d3N DE DATOS Procesamiento de&hellip;<\/p>\n","protected":false},"author":1,"featured_media":0,"parent":0,"menu_order":0,"comment_status":"closed","ping_status":"open","template":"","meta":{"_acf_changed":false,"footnotes":""},"class_list":{"2":"type-page"},"acf":[],"_links":{"self":[{"href":"https:\/\/www.whitesmh.co.uk\/es\/wp-json\/wp\/v2\/pages\/7539","targetHints":{"allow":["GET"]}}],"collection":[{"href":"https:\/\/www.whitesmh.co.uk\/es\/wp-json\/wp\/v2\/pages"}],"about":[{"href":"https:\/\/www.whitesmh.co.uk\/es\/wp-json\/wp\/v2\/types\/page"}],"author":[{"embeddable":true,"href":"https:\/\/www.whitesmh.co.uk\/es\/wp-json\/wp\/v2\/users\/1"}],"replies":[{"embeddable":true,"href":"https:\/\/www.whitesmh.co.uk\/es\/wp-json\/wp\/v2\/comments?post=7539"}],"version-history":[{"count":0,"href":"https:\/\/www.whitesmh.co.uk\/es\/wp-json\/wp\/v2\/pages\/7539\/revisions"}],"wp:attachment":[{"href":"https:\/\/www.whitesmh.co.uk\/es\/wp-json\/wp\/v2\/media?parent=7539"}],"curies":[{"name":"wp","href":"https:\/\/api.w.org\/{rel}","templated":true}]}}