{"id":5904,"date":"2024-03-14T12:39:25","date_gmt":"2024-03-14T12:39:25","guid":{"rendered":"https:\/\/www.whitesmh.co.uk\/products\/gesteinskuebel\/"},"modified":"2024-11-19T11:13:34","modified_gmt":"2024-11-19T11:13:34","slug":"gesteinskuebel","status":"publish","type":"product","link":"https:\/\/www.whitesmh.co.uk\/de\/produkt\/gesteinskuebel\/","title":{"rendered":"Gesteinsk\u00fcbel"},"content":{"rendered":"\n<div class=\"wp-block-columns is-layout-flex wp-container-core-columns-is-layout-28f84493 wp-block-columns-is-layout-flex\">\n<div class=\"wp-block-column is-vertically-aligned-center is-layout-flow wp-block-column-is-layout-flow\">\n<figure class=\"wp-block-image size-full is-style-default\"><img loading=\"lazy\" decoding=\"async\" width=\"1280\" height=\"1280\" src=\"https:\/\/www.whitesmh.co.uk\/wp-content\/uploads\/IMG_2574-edited.jpg\" alt=\"\" class=\"wp-image-3090\" srcset=\"https:\/\/www.whitesmh.co.uk\/wp-content\/uploads\/IMG_2574-edited.jpg 1280w, https:\/\/www.whitesmh.co.uk\/wp-content\/uploads\/IMG_2574-edited-300x300.jpg 300w, https:\/\/www.whitesmh.co.uk\/wp-content\/uploads\/IMG_2574-edited-100x100.jpg 100w, https:\/\/www.whitesmh.co.uk\/wp-content\/uploads\/IMG_2574-edited-600x600.jpg 600w, https:\/\/www.whitesmh.co.uk\/wp-content\/uploads\/IMG_2574-edited-800x800.jpg 800w, https:\/\/www.whitesmh.co.uk\/wp-content\/uploads\/IMG_2574-edited-400x400.jpg 400w, https:\/\/www.whitesmh.co.uk\/wp-content\/uploads\/IMG_2574-edited-768x768.jpg 768w\" sizes=\"auto, (max-width: 800px) 100vw, 800px\" \/><\/figure>\n<\/div>\n\n\n\n<div class=\"wp-block-column is-layout-flow wp-block-column-is-layout-flow\">\n<h2 class=\"wp-block-heading\" style=\"text-transform:uppercase\">STEINEIMER<\/h2>\n\n\n\n<p>WHITES ist der gr\u00f6\u00dfte Hersteller von Baggerschaufeln in Gro\u00dfbritannien und produziert OEM-zugelassene Produkte f\u00fcr Maschinen auf der ganzen Welt.<\/p>\n\n\n\n<ul class=\"wp-block-list\">\n<li>Kaufen Sie mit Vertrauen &#8211; Der gr\u00f6\u00dfte Hersteller Gro\u00dfbritanniens<\/li>\n\n\n\n<li>Ultraschwere Konstruktion und Konstruktion<\/li>\n\n\n\n<li>Futura-Z\u00e4hne<\/li>\n\n\n\n<li>Fersenpolster<\/li>\n\n\n\n<li>Hensley verschraubte Wanten<\/li>\n\n\n\n<li>HARDOX-Rippen  <\/li>\n\n\n\n<li>50mm vordere Verschlei\u00dfkante  <\/li>\n<\/ul>\n\n\n\n<div class=\"wp-block-columns is-layout-flex wp-container-core-columns-is-layout-28f84493 wp-block-columns-is-layout-flex\">\n<div class=\"wp-block-column is-layout-flow wp-block-column-is-layout-flow\" style=\"flex-basis:100%\">\n<figure class=\"wp-block-image size-full is-resized\"><img loading=\"lazy\" decoding=\"async\" width=\"626\" height=\"149\" src=\"https:\/\/www.whitesmh.co.uk\/wp-content\/uploads\/image.png\" alt=\"\" class=\"wp-image-635\" style=\"width:268px;height:auto\" srcset=\"https:\/\/www.whitesmh.co.uk\/wp-content\/uploads\/image.png 626w, https:\/\/www.whitesmh.co.uk\/wp-content\/uploads\/image-600x143.png 600w\" sizes=\"auto, (max-width: 626px) 100vw, 626px\" \/><\/figure>\n<\/div>\n<\/div>\n\n\n\n<div class=\"wp-block-buttons is-layout-flex wp-block-buttons-is-layout-flex\">\n<div class=\"wp-block-button\"><a class=\"wp-block-button__link wp-element-button\" href=\"https:\/\/www.whitesmh.co.uk\/contact\/\">KONTAKTIEREN SIE UNS<\/a><\/div>\n\n\n\n<div class=\"wp-block-button\"><a class=\"wp-block-button__link wp-element-button\" href=\"https:\/\/www.whitesmh.co.uk\/support\/buckets-product-support\/\">PRODUKT-SUPPORT<\/a><\/div>\n<\/div>\n<\/div>\n<\/div>\n\n<div class=\"wp-block-group is-layout-constrained wp-block-group-is-layout-constrained\">\n<div class=\"wp-block-group alignfull has-primary-background-color has-background is-layout-flow wp-block-group-is-layout-flow\" style=\"margin-top:30px;margin-bottom:30px;padding-top:var(--wp--preset--spacing--40);padding-right:var(--wp--preset--spacing--40);padding-bottom:var(--wp--preset--spacing--40);padding-left:var(--wp--preset--spacing--40)\">\n<h3 class=\"wp-block-heading\">MODELLE \/\/ 21.0T<\/h3>\n<\/div>\n<\/div>\n\n<figure class=\"wp-block-table\"><table><tbody><tr><td class=\"has-text-align-center\" data-align=\"center\"><strong>Teilenummer<\/strong><\/td><td class=\"has-text-align-center\" data-align=\"center\"><strong>Breite (mm)<\/strong><\/td><td class=\"has-text-align-center\" data-align=\"center\"><strong>Breite (Zoll)<\/strong><\/td><td class=\"has-text-align-center\" data-align=\"center\"><strong>Maschinengr\u00f6\u00dfe<\/strong><\/td><\/tr><tr><td class=\"has-text-align-center\" data-align=\"center\">QSXGP2148<\/td><td class=\"has-text-align-center\" data-align=\"center\">2148mm<\/td><td class=\"has-text-align-center\" data-align=\"center\">48&#8220;<\/td><td class=\"has-text-align-center\" data-align=\"center\">21,0 T<\/td><\/tr><\/tbody><\/table><\/figure>\n\n<div class=\"wp-block-group is-layout-flow wp-block-group-is-layout-flow\">\n<div class=\"wp-block-group has-primary-background-color has-background is-layout-flow wp-block-group-is-layout-flow\" style=\"margin-top:30px;margin-bottom:30px;padding-top:var(--wp--preset--spacing--40);padding-right:var(--wp--preset--spacing--40);padding-bottom:var(--wp--preset--spacing--40);padding-left:var(--wp--preset--spacing--40)\">\n<h3 class=\"wp-block-heading\">GALERIE<\/h3>\n<\/div>\n\n\n\n<figure class=\"wp-block-gallery has-nested-images columns-4 is-cropped wp-block-gallery-1 is-layout-flex wp-block-gallery-is-layout-flex\">\n<figure class=\"wp-block-image size-thumbnail\"><a href=\"https:\/\/www.whitesmh.co.uk\/wp-content\/uploads\/IMG_2574.jpg\"><img loading=\"lazy\" decoding=\"async\" width=\"400\" height=\"400\" data-id=\"3084\" src=\"https:\/\/www.whitesmh.co.uk\/wp-content\/uploads\/IMG_2574-400x400.jpg\" alt=\"\" class=\"wp-image-3084\" srcset=\"https:\/\/www.whitesmh.co.uk\/wp-content\/uploads\/IMG_2574-400x400.jpg 400w, https:\/\/www.whitesmh.co.uk\/wp-content\/uploads\/IMG_2574-300x300.jpg 300w, https:\/\/www.whitesmh.co.uk\/wp-content\/uploads\/IMG_2574-100x100.jpg 100w\" sizes=\"auto, (max-width: 400px) 100vw, 400px\" \/><\/a><\/figure>\n\n\n\n<figure class=\"wp-block-image size-thumbnail\"><a href=\"https:\/\/www.whitesmh.co.uk\/wp-content\/uploads\/IMG_2575.jpg\"><img loading=\"lazy\" decoding=\"async\" width=\"400\" height=\"400\" data-id=\"3085\" src=\"https:\/\/www.whitesmh.co.uk\/wp-content\/uploads\/IMG_2575-400x400.jpg\" alt=\"\" class=\"wp-image-3085\" srcset=\"https:\/\/www.whitesmh.co.uk\/wp-content\/uploads\/IMG_2575-400x400.jpg 400w, https:\/\/www.whitesmh.co.uk\/wp-content\/uploads\/IMG_2575-300x300.jpg 300w, https:\/\/www.whitesmh.co.uk\/wp-content\/uploads\/IMG_2575-100x100.jpg 100w\" sizes=\"auto, (max-width: 400px) 100vw, 400px\" \/><\/a><\/figure>\n\n\n\n<figure class=\"wp-block-image size-thumbnail\"><a href=\"https:\/\/www.whitesmh.co.uk\/wp-content\/uploads\/IMG_2579.jpg\"><img loading=\"lazy\" decoding=\"async\" width=\"400\" height=\"400\" data-id=\"3086\" src=\"https:\/\/www.whitesmh.co.uk\/wp-content\/uploads\/IMG_2579-400x400.jpg\" alt=\"\" class=\"wp-image-3086\" srcset=\"https:\/\/www.whitesmh.co.uk\/wp-content\/uploads\/IMG_2579-400x400.jpg 400w, https:\/\/www.whitesmh.co.uk\/wp-content\/uploads\/IMG_2579-300x300.jpg 300w, https:\/\/www.whitesmh.co.uk\/wp-content\/uploads\/IMG_2579-100x100.jpg 100w\" sizes=\"auto, (max-width: 400px) 100vw, 400px\" \/><\/a><\/figure>\n\n\n\n<figure class=\"wp-block-image size-thumbnail\"><a href=\"https:\/\/www.whitesmh.co.uk\/wp-content\/uploads\/IMG_2576.jpg\"><img loading=\"lazy\" decoding=\"async\" width=\"400\" height=\"400\" data-id=\"3087\" src=\"https:\/\/www.whitesmh.co.uk\/wp-content\/uploads\/IMG_2576-400x400.jpg\" alt=\"\" class=\"wp-image-3087\" srcset=\"https:\/\/www.whitesmh.co.uk\/wp-content\/uploads\/IMG_2576-400x400.jpg 400w, https:\/\/www.whitesmh.co.uk\/wp-content\/uploads\/IMG_2576-300x300.jpg 300w, https:\/\/www.whitesmh.co.uk\/wp-content\/uploads\/IMG_2576-100x100.jpg 100w\" sizes=\"auto, (max-width: 400px) 100vw, 400px\" \/><\/a><\/figure>\n<\/figure>\n<\/div>\n","protected":false},"excerpt":{"rendered":"<p>STEINEIMER WHITES ist der gr\u00f6\u00dfte Hersteller von Baggerschaufeln in Gro\u00dfbritannien und produziert OEM-zugelassene Produkte f\u00fcr Maschinen auf der ganzen Welt. MODELLE \/\/ 21.0T Teilenummer Breite (mm) Breite (Zoll) Maschinengr\u00f6\u00dfe QSXGP2148 2148mm 48&#8220; 21,0 T GALERIE<\/p>\n","protected":false},"featured_media":5906,"template":"","meta":{"_acf_changed":false},"product_brand":[],"product_cat":[310],"product_tag":[],"class_list":{"2":"type-product","7":"product","8":"first","9":"instock","10":"taxable","11":"shipping-taxable","12":"product-type-simple"},"acf":[],"_links":{"self":[{"href":"https:\/\/www.whitesmh.co.uk\/de\/wp-json\/wp\/v2\/product\/5904","targetHints":{"allow":["GET"]}}],"collection":[{"href":"https:\/\/www.whitesmh.co.uk\/de\/wp-json\/wp\/v2\/product"}],"about":[{"href":"https:\/\/www.whitesmh.co.uk\/de\/wp-json\/wp\/v2\/types\/product"}],"wp:featuredmedia":[{"embeddable":true,"href":"https:\/\/www.whitesmh.co.uk\/de\/wp-json\/wp\/v2\/media\/5906"}],"wp:attachment":[{"href":"https:\/\/www.whitesmh.co.uk\/de\/wp-json\/wp\/v2\/media?parent=5904"}],"wp:term":[{"taxonomy":"product_brand","embeddable":true,"href":"https:\/\/www.whitesmh.co.uk\/de\/wp-json\/wp\/v2\/product_brand?post=5904"},{"taxonomy":"product_cat","embeddable":true,"href":"https:\/\/www.whitesmh.co.uk\/de\/wp-json\/wp\/v2\/product_cat?post=5904"},{"taxonomy":"product_tag","embeddable":true,"href":"https:\/\/www.whitesmh.co.uk\/de\/wp-json\/wp\/v2\/product_tag?post=5904"}],"curies":[{"name":"wp","href":"https:\/\/api.w.org\/{rel}","templated":true}]}}