{"id":5866,"date":"2024-02-14T08:32:54","date_gmt":"2024-02-14T08:32:54","guid":{"rendered":"https:\/\/www.whitesmh.co.uk\/products\/gabelverstellgeraet-mit-seitenverschiebung\/"},"modified":"2024-11-19T11:28:56","modified_gmt":"2024-11-19T11:28:56","slug":"gabelverstellgeraet-mit-seitenverschiebung","status":"publish","type":"product","link":"https:\/\/www.whitesmh.co.uk\/de\/produkt\/gabelverstellgeraet-mit-seitenverschiebung\/","title":{"rendered":"GABELVERSTELLGER\u00c4T MIT SEITENVERSCHIEBUNG"},"content":{"rendered":"\n<div class=\"wp-block-columns is-layout-flex wp-container-core-columns-is-layout-28f84493 wp-block-columns-is-layout-flex\">\n<div class=\"wp-block-column is-vertically-aligned-center is-layout-flow wp-block-column-is-layout-flow\">\n<figure class=\"wp-block-image size-full\"><img loading=\"lazy\" decoding=\"async\" width=\"2000\" height=\"1500\" src=\"https:\/\/www.whitesmh.co.uk\/wp-content\/uploads\/Fork-Positioner-with-Side-Shift-2.jpg\" alt=\"\" class=\"wp-image-2712\" srcset=\"https:\/\/www.whitesmh.co.uk\/wp-content\/uploads\/Fork-Positioner-with-Side-Shift-2.jpg 2000w, https:\/\/www.whitesmh.co.uk\/wp-content\/uploads\/Fork-Positioner-with-Side-Shift-2-600x450.jpg 600w, https:\/\/www.whitesmh.co.uk\/wp-content\/uploads\/Fork-Positioner-with-Side-Shift-2-800x600.jpg 800w, https:\/\/www.whitesmh.co.uk\/wp-content\/uploads\/Fork-Positioner-with-Side-Shift-2-768x576.jpg 768w\" sizes=\"auto, (max-width: 800px) 100vw, 800px\" \/><\/figure>\n<\/div>\n\n\n\n<div class=\"wp-block-column is-layout-flow wp-block-column-is-layout-flow\">\n<h2 class=\"wp-block-heading\" style=\"text-transform:uppercase\">GABELVERSTELLGER\u00c4T MIT SEITENVERSCHIEBUNG<\/h2>\n\n\n\n<p>Das WHITES Teleskoplader-Zinkenverstellger\u00e4t mit Seitenverschiebung ist das ultimative Anbauger\u00e4t zur Verbesserung der Effizienz und Produktivit\u00e4t auf der Baustelle.  <\/p>\n\n\n\n<ul class=\"wp-block-list\">\n<li>Aus der Kabine; Bewegen Sie die Gabeln hinein\/heraus und von einer Seite zur anderen<\/li>\n\n\n\n<li>Elektrisches Umlenkventil  <\/li>\n\n\n\n<li>Gabelr\u00fcckenbolzen f\u00fcr sicheren Stra\u00dfentransport  <\/li>\n\n\n\n<li>Schwimmende Gabelstange &#8211; ideal f\u00fcr unebenes Gel\u00e4nde<\/li>\n\n\n\n<li>Verchromte Stangen  <\/li>\n\n\n\n<li>Geeignet f\u00fcr eine Vielzahl von Maschinen<\/li>\n<\/ul>\n\n\n\n<div class=\"wp-block-columns is-layout-flex wp-container-core-columns-is-layout-28f84493 wp-block-columns-is-layout-flex\">\n<div class=\"wp-block-column is-layout-flow wp-block-column-is-layout-flow\" style=\"flex-basis:100%\">\n<figure class=\"wp-block-image size-medium is-resized\"><img loading=\"lazy\" decoding=\"async\" width=\"300\" height=\"71\" src=\"https:\/\/www.whitesmh.co.uk\/wp-content\/uploads\/2023\/09\/Made-in-Britain2-300x71.png\" alt=\"\" class=\"wp-image-237\" style=\"width:268px;height:auto\" srcset=\"https:\/\/www.whitesmh.co.uk\/wp-content\/uploads\/2023\/09\/Made-in-Britain2-300x71.png 300w, https:\/\/www.whitesmh.co.uk\/wp-content\/uploads\/2023\/09\/Made-in-Britain2-600x143.png 600w, https:\/\/www.whitesmh.co.uk\/wp-content\/uploads\/2023\/09\/Made-in-Britain2.png 626w\" sizes=\"auto, (max-width: 300px) 100vw, 300px\" \/><\/figure>\n<\/div>\n<\/div>\n\n\n\n<div class=\"wp-block-buttons is-layout-flex wp-block-buttons-is-layout-flex\">\n<div class=\"wp-block-button\"><a class=\"wp-block-button__link wp-element-button\" href=\"https:\/\/www.whitesmh.co.uk\/contact\/\">KONTAKTIEREN SIE UNS<\/a><\/div>\n\n\n\n<div class=\"wp-block-button\"><a class=\"wp-block-button__link wp-element-button\" href=\"https:\/\/www.whitesmh.co.uk\/docs\/fork-positioner-product-support\/\">PRODUKT-SUPPORT<\/a><\/div>\n<\/div>\n<\/div>\n<\/div>\n\n<div class=\"wp-block-group is-layout-constrained wp-block-group-is-layout-constrained\">\n<div class=\"wp-block-group alignfull has-primary-background-color has-background is-layout-flow wp-block-group-is-layout-flow\" style=\"margin-top:30px;margin-bottom:30px;padding-top:var(--wp--preset--spacing--40);padding-right:var(--wp--preset--spacing--40);padding-bottom:var(--wp--preset--spacing--40);padding-left:var(--wp--preset--spacing--40)\">\n<h3 class=\"wp-block-heading\">MODELLE<\/h3>\n<\/div>\n<\/div>\n\n<figure class=\"wp-block-table\"><table><tbody><tr><td class=\"has-text-align-center\" data-align=\"center\"><strong>Teilenummer<\/strong><\/td><td class=\"has-text-align-center\" data-align=\"center\"><strong>Art<\/strong><\/td><td class=\"has-text-align-center\" data-align=\"center\"><strong>Gabeln<\/strong><\/td><\/tr><tr><td class=\"has-text-align-center\" data-align=\"center\">DPFSS1200<\/td><td class=\"has-text-align-center\" data-align=\"center\">Seitenschieber und Doppelgabelverstellger\u00e4t mit Gabeln<\/td><td class=\"has-text-align-center\" data-align=\"center\">Ja<\/td><\/tr><\/tbody><\/table><\/figure>\n","protected":false},"excerpt":{"rendered":"<p>GABELVERSTELLGER\u00c4T MIT SEITENVERSCHIEBUNG Das WHITES Teleskoplader-Zinkenverstellger\u00e4t mit Seitenverschiebung ist das ultimative Anbauger\u00e4t zur Verbesserung der Effizienz und Produktivit\u00e4t auf der Baustelle. MODELLE Teilenummer Art Gabeln DPFSS1200 Seitenschieber und Doppelgabelverstellger\u00e4t mit Gabeln Ja<\/p>\n","protected":false},"featured_media":5867,"template":"","meta":{"_acf_changed":false},"product_brand":[],"product_cat":[312,311],"product_tag":[],"class_list":{"2":"type-product","8":"product","9":"first","10":"instock","11":"taxable","12":"shipping-taxable","13":"product-type-simple"},"acf":[],"_links":{"self":[{"href":"https:\/\/www.whitesmh.co.uk\/de\/wp-json\/wp\/v2\/product\/5866","targetHints":{"allow":["GET"]}}],"collection":[{"href":"https:\/\/www.whitesmh.co.uk\/de\/wp-json\/wp\/v2\/product"}],"about":[{"href":"https:\/\/www.whitesmh.co.uk\/de\/wp-json\/wp\/v2\/types\/product"}],"wp:featuredmedia":[{"embeddable":true,"href":"https:\/\/www.whitesmh.co.uk\/de\/wp-json\/wp\/v2\/media\/5867"}],"wp:attachment":[{"href":"https:\/\/www.whitesmh.co.uk\/de\/wp-json\/wp\/v2\/media?parent=5866"}],"wp:term":[{"taxonomy":"product_brand","embeddable":true,"href":"https:\/\/www.whitesmh.co.uk\/de\/wp-json\/wp\/v2\/product_brand?post=5866"},{"taxonomy":"product_cat","embeddable":true,"href":"https:\/\/www.whitesmh.co.uk\/de\/wp-json\/wp\/v2\/product_cat?post=5866"},{"taxonomy":"product_tag","embeddable":true,"href":"https:\/\/www.whitesmh.co.uk\/de\/wp-json\/wp\/v2\/product_tag?post=5866"}],"curies":[{"name":"wp","href":"https:\/\/api.w.org\/{rel}","templated":true}]}}