{"id":5842,"date":"2024-02-13T08:52:55","date_gmt":"2024-02-13T08:52:55","guid":{"rendered":"https:\/\/www.whitesmh.co.uk\/products\/holzspalter\/"},"modified":"2024-11-19T11:27:03","modified_gmt":"2024-11-19T11:27:03","slug":"holzspalter","status":"publish","type":"product","link":"https:\/\/www.whitesmh.co.uk\/de\/produkt\/holzspalter\/","title":{"rendered":"HOLZSPALTER"},"content":{"rendered":"\n<div class=\"wp-block-columns is-layout-flex wp-container-core-columns-is-layout-28f84493 wp-block-columns-is-layout-flex\">\n<div class=\"wp-block-column is-vertically-aligned-center is-layout-flow wp-block-column-is-layout-flow\">\n<figure class=\"wp-block-image size-full\"><img decoding=\"async\" src=\"https:\/\/www.whitesmh.co.uk\/wp-content\/uploads\/FEND-PELLE5275-700.jpg\" alt=\"\" class=\"wp-image-2663\"\/><\/figure>\n<\/div>\n\n\n\n<div class=\"wp-block-column is-layout-flow wp-block-column-is-layout-flow\">\n<h2 class=\"wp-block-heading\" style=\"text-transform:uppercase\">HOLZSPALTER<\/h2>\n\n\n\n<p>Der WHITES Bagger montierte Holzspalter ist eine ideale L\u00f6sung, um Ihrer Lademaschine mehr Vielseitigkeit zu verleihen.  <\/p>\n\n\n\n<ul class=\"wp-block-list\">\n<li>Modelle f\u00fcr 3,0 t &#8211; 9,5 t Bagger<\/li>\n\n\n\n<li>2-4 St\u00fcck k\u00f6nnen in einem Arbeitsgang geschnitten werden<\/li>\n\n\n\n<li>Sicherer Betrieb; keine manuelle Handhabung erforderlich<\/li>\n\n\n\n<li>Austauschbare Hardox-Klingen<\/li>\n<\/ul>\n\n\n\n<div class=\"wp-block-columns is-layout-flex wp-container-core-columns-is-layout-28f84493 wp-block-columns-is-layout-flex\">\n<div class=\"wp-block-column is-layout-flow wp-block-column-is-layout-flow\" style=\"flex-basis:100%\"><\/div>\n<\/div>\n\n\n\n<div class=\"wp-block-buttons is-layout-flex wp-block-buttons-is-layout-flex\">\n<div class=\"wp-block-button\"><a class=\"wp-block-button__link wp-element-button\" href=\"https:\/\/www.whitesmh.co.uk\/contact\/\">KONTAKTIEREN SIE UNS<\/a><\/div>\n<\/div>\n<\/div>\n<\/div>\n\n<div class=\"wp-block-group is-layout-constrained wp-block-group-is-layout-constrained\">\n<div class=\"wp-block-group alignfull has-primary-background-color has-background is-layout-flow wp-block-group-is-layout-flow\" style=\"margin-top:30px;margin-bottom:30px;padding-top:var(--wp--preset--spacing--40);padding-right:var(--wp--preset--spacing--40);padding-bottom:var(--wp--preset--spacing--40);padding-left:var(--wp--preset--spacing--40)\">\n<h3 class=\"wp-block-heading alignfull\">MODELLE<\/h3>\n<\/div>\n<\/div>\n\n<figure class=\"wp-block-table\"><table><tbody><tr><td class=\"has-text-align-center\" data-align=\"center\"><strong>Modell<\/strong><\/td><td class=\"has-text-align-center\" data-align=\"center\"><strong>Maximaler Stammdurchmesser<\/strong><\/td><td class=\"has-text-align-center\" data-align=\"center\"><strong>Maximale Log-L\u00e4nge<\/strong><\/td><td class=\"has-text-align-center\" data-align=\"center\"><strong>Maschinengr\u00f6\u00dfe<\/strong><\/td><\/tr><tr><td class=\"has-text-align-center\" data-align=\"center\">LS3255-700<\/td><td class=\"has-text-align-center\" data-align=\"center\">600mm<\/td><td class=\"has-text-align-center\" data-align=\"center\">700mm<\/td><td class=\"has-text-align-center\" data-align=\"center\">3.0T &#8211; 5.5T<\/td><\/tr><tr><td class=\"has-text-align-center\" data-align=\"center\">LS3255-1000<\/td><td class=\"has-text-align-center\" data-align=\"center\">900mm<\/td><td class=\"has-text-align-center\" data-align=\"center\">1000mm<\/td><td class=\"has-text-align-center\" data-align=\"center\">3.0T &#8211; 5.5T<\/td><\/tr><tr><td class=\"has-text-align-center\" data-align=\"center\">LS5275-700<\/td><td class=\"has-text-align-center\" data-align=\"center\">600mm<\/td><td class=\"has-text-align-center\" data-align=\"center\">700mm<\/td><td class=\"has-text-align-center\" data-align=\"center\">5.0T &#8211; 7.5T<\/td><\/tr><tr><td class=\"has-text-align-center\" data-align=\"center\">LS5275-1000<\/td><td class=\"has-text-align-center\" data-align=\"center\">900mm<\/td><td class=\"has-text-align-center\" data-align=\"center\">1000mm<\/td><td class=\"has-text-align-center\" data-align=\"center\">5.0T &#8211; 7.5T<\/td><\/tr><tr><td class=\"has-text-align-center\" data-align=\"center\">LS7295-700<\/td><td class=\"has-text-align-center\" data-align=\"center\">600mm<\/td><td class=\"has-text-align-center\" data-align=\"center\">700mm<\/td><td class=\"has-text-align-center\" data-align=\"center\">7.0T &#8211; 9.5T<\/td><\/tr><tr><td class=\"has-text-align-center\" data-align=\"center\">LS7295-1000<\/td><td class=\"has-text-align-center\" data-align=\"center\">900mm<\/td><td class=\"has-text-align-center\" data-align=\"center\">1000mm<\/td><td class=\"has-text-align-center\" data-align=\"center\">7.0T &#8211; 9.5T<\/td><\/tr><\/tbody><\/table><\/figure>\n","protected":false},"excerpt":{"rendered":"<p>HOLZSPALTER Der WHITES Bagger montierte Holzspalter ist eine ideale L\u00f6sung, um Ihrer Lademaschine mehr Vielseitigkeit zu verleihen. MODELLE Modell Maximaler Stammdurchmesser Maximale Log-L\u00e4nge Maschinengr\u00f6\u00dfe LS3255-700 600mm 700mm 3.0T &#8211; 5.5T LS3255-1000 900mm 1000mm 3.0T &#8211; 5.5T LS5275-700 600mm 700mm 5.0T &#8211; 7.5T LS5275-1000 900mm 1000mm 5.0T &#8211; 7.5T LS7295-700 600mm 700mm 7.0T &#8211; 9.5T LS7295-1000&hellip;<\/p>\n","protected":false},"featured_media":5843,"template":"","meta":{"_acf_changed":false},"product_brand":[],"product_cat":[310],"product_tag":[],"class_list":{"2":"type-product","7":"product","8":"first","9":"instock","10":"taxable","11":"shipping-taxable","12":"product-type-simple"},"acf":[],"_links":{"self":[{"href":"https:\/\/www.whitesmh.co.uk\/de\/wp-json\/wp\/v2\/product\/5842","targetHints":{"allow":["GET"]}}],"collection":[{"href":"https:\/\/www.whitesmh.co.uk\/de\/wp-json\/wp\/v2\/product"}],"about":[{"href":"https:\/\/www.whitesmh.co.uk\/de\/wp-json\/wp\/v2\/types\/product"}],"wp:featuredmedia":[{"embeddable":true,"href":"https:\/\/www.whitesmh.co.uk\/de\/wp-json\/wp\/v2\/media\/5843"}],"wp:attachment":[{"href":"https:\/\/www.whitesmh.co.uk\/de\/wp-json\/wp\/v2\/media?parent=5842"}],"wp:term":[{"taxonomy":"product_brand","embeddable":true,"href":"https:\/\/www.whitesmh.co.uk\/de\/wp-json\/wp\/v2\/product_brand?post=5842"},{"taxonomy":"product_cat","embeddable":true,"href":"https:\/\/www.whitesmh.co.uk\/de\/wp-json\/wp\/v2\/product_cat?post=5842"},{"taxonomy":"product_tag","embeddable":true,"href":"https:\/\/www.whitesmh.co.uk\/de\/wp-json\/wp\/v2\/product_tag?post=5842"}],"curies":[{"name":"wp","href":"https:\/\/api.w.org\/{rel}","templated":true}]}}