{"id":5840,"date":"2024-02-13T08:44:39","date_gmt":"2024-02-13T08:44:39","guid":{"rendered":"https:\/\/www.whitesmh.co.uk\/products\/heckenschere\/"},"modified":"2024-11-19T11:27:19","modified_gmt":"2024-11-19T11:27:19","slug":"heckenschere","status":"publish","type":"product","link":"https:\/\/www.whitesmh.co.uk\/de\/produkt\/heckenschere\/","title":{"rendered":"HECKENSCHERE"},"content":{"rendered":"\n<div class=\"wp-block-columns is-layout-flex wp-container-core-columns-is-layout-28f84493 wp-block-columns-is-layout-flex\">\n<div class=\"wp-block-column is-vertically-aligned-center is-layout-flow wp-block-column-is-layout-flow\">\n<figure class=\"wp-block-image size-full\"><img decoding=\"async\" src=\"https:\/\/www.whitesmh.co.uk\/wp-content\/uploads\/HAIE5275-180.jpg\" alt=\"\" class=\"wp-image-2660\"\/><\/figure>\n<\/div>\n\n\n\n<div class=\"wp-block-column is-layout-flow wp-block-column-is-layout-flow\">\n<h2 class=\"wp-block-heading\" style=\"text-transform:uppercase\">HECKENSCHERE<\/h2>\n\n\n\n<p>Die Heckenschere WHITES ist ein Werkzeug, das speziell f\u00fcr pr\u00e4zises Schneiden entwickelt wurde. F\u00fchren Sie Ihre Trimm- und M\u00e4harbeiten ohne manuelle Handhabung durch. Die verst\u00e4rkte Stahlkonstruktion garantiert die Steifigkeit und Robustheit des Werkzeugs. Die Schneidabschnitte sind austauschbar, um immer ein optimales Ergebnis zu erzielen.<\/p>\n\n\n\n<ul class=\"wp-block-list\">\n<li>Modelle f\u00fcr Bagger von 1,5 t bis 8,0 t<\/li>\n\n\n\n<li>Erm\u00f6glicht pr\u00e4zises Schneiden von Hecken<\/li>\n\n\n\n<li>Sicherer Betrieb; keine manuelle Handhabung erforderlich<\/li>\n\n\n\n<li>Austauschbare Schneidabschnitte<\/li>\n<\/ul>\n\n\n\n<div class=\"wp-block-columns is-layout-flex wp-container-core-columns-is-layout-28f84493 wp-block-columns-is-layout-flex\">\n<div class=\"wp-block-column is-layout-flow wp-block-column-is-layout-flow\" style=\"flex-basis:100%\"><\/div>\n<\/div>\n\n\n\n<div class=\"wp-block-buttons is-layout-flex wp-block-buttons-is-layout-flex\">\n<div class=\"wp-block-button\"><a class=\"wp-block-button__link wp-element-button\" href=\"https:\/\/www.whitesmh.co.uk\/contact\/\">KONTAKTIEREN SIE UNS<\/a><\/div>\n<\/div>\n<\/div>\n<\/div>\n\n<div class=\"wp-block-group is-layout-constrained wp-block-group-is-layout-constrained\">\n<div class=\"wp-block-group alignfull has-primary-background-color has-background is-layout-flow wp-block-group-is-layout-flow\" style=\"margin-top:30px;margin-bottom:30px;padding-top:var(--wp--preset--spacing--40);padding-right:var(--wp--preset--spacing--40);padding-bottom:var(--wp--preset--spacing--40);padding-left:var(--wp--preset--spacing--40)\">\n<h3 class=\"wp-block-heading alignfull\">MODELLE<\/h3>\n<\/div>\n<\/div>\n\n<figure class=\"wp-block-table\"><table><tbody><tr><td class=\"has-text-align-center\" data-align=\"center\"><strong>Modell<\/strong><\/td><td class=\"has-text-align-center\" data-align=\"center\"><strong>Schnittbreite <\/strong><\/td><td class=\"has-text-align-center\" data-align=\"center\"><strong>Maschinengr\u00f6\u00dfe<\/strong><\/td><\/tr><tr><td class=\"has-text-align-center\" data-align=\"center\">HT1825-150<\/td><td class=\"has-text-align-center\" data-align=\"center\">1500mm<\/td><td class=\"has-text-align-center\" data-align=\"center\">1,5 t &#8211; 2,5 t<\/td><\/tr><tr><td class=\"has-text-align-center\" data-align=\"center\">HT2235-150<\/td><td class=\"has-text-align-center\" data-align=\"center\">1500mm<\/td><td class=\"has-text-align-center\" data-align=\"center\">2.0T &#8211; 3.5T<\/td><\/tr><tr><td class=\"has-text-align-center\" data-align=\"center\">HT3255-180<\/td><td class=\"has-text-align-center\" data-align=\"center\">1800mm<\/td><td class=\"has-text-align-center\" data-align=\"center\">3.0T &#8211; 5.5T<\/td><\/tr><tr><td class=\"has-text-align-center\" data-align=\"center\">HT5275-180<\/td><td class=\"has-text-align-center\" data-align=\"center\">1800mm<\/td><td class=\"has-text-align-center\" data-align=\"center\">5.0T &#8211; 7.5T<\/td><\/tr><tr><td class=\"has-text-align-center\" data-align=\"center\">HT7295-180<\/td><td class=\"has-text-align-center\" data-align=\"center\">1800mm<\/td><td class=\"has-text-align-center\" data-align=\"center\">7.0T &#8211; 9.5T<\/td><\/tr><\/tbody><\/table><\/figure>\n","protected":false},"excerpt":{"rendered":"<p>HECKENSCHERE Die Heckenschere WHITES ist ein Werkzeug, das speziell f\u00fcr pr\u00e4zises Schneiden entwickelt wurde. F\u00fchren Sie Ihre Trimm- und M\u00e4harbeiten ohne manuelle Handhabung durch. Die verst\u00e4rkte Stahlkonstruktion garantiert die Steifigkeit und Robustheit des Werkzeugs. Die Schneidabschnitte sind austauschbar, um immer ein optimales Ergebnis zu erzielen. MODELLE Modell Schnittbreite Maschinengr\u00f6\u00dfe HT1825-150 1500mm 1,5 t &#8211; 2,5&hellip;<\/p>\n","protected":false},"featured_media":5841,"template":"","meta":{"_acf_changed":false},"product_brand":[],"product_cat":[293],"product_tag":[],"class_list":{"2":"type-product","7":"product","8":"first","9":"instock","10":"taxable","11":"shipping-taxable","12":"product-type-simple"},"acf":[],"_links":{"self":[{"href":"https:\/\/www.whitesmh.co.uk\/de\/wp-json\/wp\/v2\/product\/5840","targetHints":{"allow":["GET"]}}],"collection":[{"href":"https:\/\/www.whitesmh.co.uk\/de\/wp-json\/wp\/v2\/product"}],"about":[{"href":"https:\/\/www.whitesmh.co.uk\/de\/wp-json\/wp\/v2\/types\/product"}],"wp:featuredmedia":[{"embeddable":true,"href":"https:\/\/www.whitesmh.co.uk\/de\/wp-json\/wp\/v2\/media\/5841"}],"wp:attachment":[{"href":"https:\/\/www.whitesmh.co.uk\/de\/wp-json\/wp\/v2\/media?parent=5840"}],"wp:term":[{"taxonomy":"product_brand","embeddable":true,"href":"https:\/\/www.whitesmh.co.uk\/de\/wp-json\/wp\/v2\/product_brand?post=5840"},{"taxonomy":"product_cat","embeddable":true,"href":"https:\/\/www.whitesmh.co.uk\/de\/wp-json\/wp\/v2\/product_cat?post=5840"},{"taxonomy":"product_tag","embeddable":true,"href":"https:\/\/www.whitesmh.co.uk\/de\/wp-json\/wp\/v2\/product_tag?post=5840"}],"curies":[{"name":"wp","href":"https:\/\/api.w.org\/{rel}","templated":true}]}}