{"id":5795,"date":"2024-01-30T12:04:53","date_gmt":"2024-01-30T12:04:53","guid":{"rendered":"https:\/\/www.whitesmh.co.uk\/products\/palettengabeln\/"},"modified":"2024-11-19T11:28:44","modified_gmt":"2024-11-19T11:28:44","slug":"palettengabeln","status":"publish","type":"product","link":"https:\/\/www.whitesmh.co.uk\/de\/produkt\/palettengabeln\/","title":{"rendered":"PALETTENGABELN"},"content":{"rendered":"\n<div class=\"wp-block-columns is-layout-flex wp-container-core-columns-is-layout-28f84493 wp-block-columns-is-layout-flex\">\n<div class=\"wp-block-column is-vertically-aligned-center is-layout-flow wp-block-column-is-layout-flow\">\n<figure class=\"wp-block-image size-full\"><img loading=\"lazy\" decoding=\"async\" width=\"1504\" height=\"960\" src=\"https:\/\/www.whitesmh.co.uk\/wp-content\/uploads\/PF6A07FA1200.jpg\" alt=\"\" class=\"wp-image-3293\" srcset=\"https:\/\/www.whitesmh.co.uk\/wp-content\/uploads\/PF6A07FA1200.jpg 1504w, https:\/\/www.whitesmh.co.uk\/wp-content\/uploads\/PF6A07FA1200-600x383.jpg 600w, https:\/\/www.whitesmh.co.uk\/wp-content\/uploads\/PF6A07FA1200-800x511.jpg 800w, https:\/\/www.whitesmh.co.uk\/wp-content\/uploads\/PF6A07FA1200-768x490.jpg 768w\" sizes=\"auto, (max-width: 800px) 100vw, 800px\" \/><\/figure>\n<\/div>\n\n\n\n<div class=\"wp-block-column is-layout-flow wp-block-column-is-layout-flow\">\n<h2 class=\"wp-block-heading\" style=\"text-transform:uppercase\">PALETTENGABELN<\/h2>\n\n\n\n<p>Die WHITES Palettengabeltr\u00e4ger k\u00f6nnen mit oder ohne Gabeln geliefert werden und sind f\u00fcr alle OEM-Palettengabeltypen geeignet. Der Hauptvorteil eines Palettengabeltr\u00e4gersystems besteht darin, dass Palettengabeln ohne manuelle Handhabung in ein Anbauger\u00e4t umgewandelt werden k\u00f6nnen.  <\/p>\n\n\n\n<ul class=\"wp-block-list\">\n<li>Sicheres Entfernen von Gabeln ohne manuelle Handhabung<\/li>\n\n\n\n<li>Modelle f\u00fcr alle OEM-Gabelarten  <\/li>\n\n\n\n<li>Erh\u00e4ltlich mit oder ohne Palettengabeln  <\/li>\n\n\n\n<li>Optionen f\u00fcr den Lastschutz  <\/li>\n\n\n\n<li>Optionen f\u00fcr die Gabelr\u00fcckverankerung; Sicherer Stra\u00dfentransport  <\/li>\n\n\n\n<li>\u00dcbereinstimmung mit der Hubkapazit\u00e4t der Host-Maschine  <\/li>\n\n\n\n<li>OEM-zugelassene Designs  <\/li>\n<\/ul>\n\n\n\n<div class=\"wp-block-columns is-layout-flex wp-container-core-columns-is-layout-28f84493 wp-block-columns-is-layout-flex\">\n<div class=\"wp-block-column is-layout-flow wp-block-column-is-layout-flow\" style=\"flex-basis:100%\">\n<figure class=\"wp-block-image size-medium is-resized\"><img loading=\"lazy\" decoding=\"async\" width=\"300\" height=\"71\" src=\"https:\/\/www.whitesmh.co.uk\/wp-content\/uploads\/2023\/09\/Made-in-Britain2-300x71.png\" alt=\"\" class=\"wp-image-237\" style=\"width:268px;height:auto\" srcset=\"https:\/\/www.whitesmh.co.uk\/wp-content\/uploads\/2023\/09\/Made-in-Britain2-300x71.png 300w, https:\/\/www.whitesmh.co.uk\/wp-content\/uploads\/2023\/09\/Made-in-Britain2-600x143.png 600w, https:\/\/www.whitesmh.co.uk\/wp-content\/uploads\/2023\/09\/Made-in-Britain2.png 626w\" sizes=\"auto, (max-width: 300px) 100vw, 300px\" \/><\/figure>\n<\/div>\n<\/div>\n\n\n\n<div class=\"wp-block-buttons is-layout-flex wp-block-buttons-is-layout-flex\">\n<div class=\"wp-block-button\"><a class=\"wp-block-button__link wp-element-button\" href=\"https:\/\/www.whitesmh.co.uk\/contact\/\">KONTAKTIEREN SIE UNS<\/a><\/div>\n\n\n\n<div class=\"wp-block-button\"><a class=\"wp-block-button__link wp-element-button\" href=\"https:\/\/www.whitesmh.co.uk\/wp-content\/uploads\/Round-Bar-Forks.jpg\">BESONDERHEITEN &#8211; RUNDSTABGABELN<\/a><\/div>\n\n\n\n<div class=\"wp-block-button\"><a class=\"wp-block-button__link wp-element-button\" href=\"https:\/\/www.whitesmh.co.uk\/wp-content\/uploads\/ITA-Forks.pdf\">SPECIALS &#8211; ITA GABELN<\/a><\/div>\n<\/div>\n\n\n\n<p><\/p>\n\n\n\n<p><em>Auf der Suche nach etwas anderem? Klicken Sie oben auf und f\u00fcllen Sie das Formular f\u00fcr Ihre genauen Anforderungen aus.<\/em><\/p>\n<\/div>\n<\/div>\n\n<div class=\"wp-block-group is-layout-constrained wp-block-group-is-layout-constrained\">\n<div class=\"wp-block-group alignfull has-primary-background-color has-background is-layout-flow wp-block-group-is-layout-flow\" style=\"margin-top:30px;margin-bottom:30px;padding-top:var(--wp--preset--spacing--40);padding-right:var(--wp--preset--spacing--40);padding-bottom:var(--wp--preset--spacing--40);padding-left:var(--wp--preset--spacing--40)\">\n<h3 class=\"wp-block-heading\">MODELLE<\/h3>\n<\/div>\n<\/div>\n\n<figure class=\"wp-block-table\"><table><tbody><tr><td class=\"has-text-align-center\" data-align=\"center\"><strong>Art<\/strong><\/td><td class=\"has-text-align-center\" data-align=\"center\"><strong>Teilenummer<\/strong><\/td><td class=\"has-text-align-center\" data-align=\"center\"><strong>Fassungsverm\u00f6gen<\/strong><\/td><td class=\"has-text-align-center\" data-align=\"center\"><strong>Gabeln<\/strong><\/td><td class=\"has-text-align-center\" data-align=\"center\"><strong>Breite<\/strong><\/td><\/tr><tr><td class=\"has-text-align-center\" data-align=\"center\">Schwimmende Gabeln und Rahmen inklusive Gabelr\u00fccken<\/td><td class=\"has-text-align-center\" data-align=\"center\">PF-5A-1200<\/td><td class=\"has-text-align-center\" data-align=\"center\">4500kg<\/td><td class=\"has-text-align-center\" data-align=\"center\">1200mm<\/td><td class=\"has-text-align-center\" data-align=\"center\">1100mm<\/td><\/tr><tr><td class=\"has-text-align-center\" data-align=\"center\">ITA\/FEM2B Fixed-Gabeln mit Rahmen<\/td><td class=\"has-text-align-center\" data-align=\"center\">PFB21200<\/td><td class=\"has-text-align-center\" data-align=\"center\">2000kg<\/td><td class=\"has-text-align-center\" data-align=\"center\">1200mm<\/td><td class=\"has-text-align-center\" data-align=\"center\">1100mm<\/td><\/tr><tr><td class=\"has-text-align-center\" data-align=\"center\">ITA\/FEM2B Fixed-Gabeln mit Rahmen<\/td><td class=\"has-text-align-center\" data-align=\"center\">PF3B1200<\/td><td class=\"has-text-align-center\" data-align=\"center\">3000kg<\/td><td class=\"has-text-align-center\" data-align=\"center\">1200mm<\/td><td class=\"has-text-align-center\" data-align=\"center\">1100mm<\/td><\/tr><tr><td class=\"has-text-align-center\" data-align=\"center\">ITA\/FEM3B Feste Gabeln mit Rahmen<\/td><td class=\"has-text-align-center\" data-align=\"center\">PF3B1200<\/td><td class=\"has-text-align-center\" data-align=\"center\">4500kg<\/td><td class=\"has-text-align-center\" data-align=\"center\">1200mm<\/td><td class=\"has-text-align-center\" data-align=\"center\">1100mm<\/td><\/tr><tr><td class=\"has-text-align-center\" data-align=\"center\">Verschraubter Lastschutz<\/td><td class=\"has-text-align-center\" data-align=\"center\">LG<\/td><td class=\"has-text-align-center\" data-align=\"center\">N\/A<\/td><td class=\"has-text-align-center\" data-align=\"center\">N\/A<\/td><td class=\"has-text-align-center\" data-align=\"center\">1100mm<\/td><\/tr><tr><td class=\"has-text-align-center\" data-align=\"center\">Merlo Gabeltr\u00e4ger f\u00fcr Merlo AG Palettengabeln<\/td><td class=\"has-text-align-center\" data-align=\"center\">CF5428<\/td><td class=\"has-text-align-center\" data-align=\"center\">4200kg<\/td><td class=\"has-text-align-center\" data-align=\"center\">N\/A<\/td><td class=\"has-text-align-center\" data-align=\"center\">1000mm<\/td><\/tr><tr><td class=\"has-text-align-center\" data-align=\"center\">Matbro Gabeltr\u00e4ger f\u00fcr Merlo AG Palettengabeln<\/td><td class=\"has-text-align-center\" data-align=\"center\">CF30015426<\/td><td class=\"has-text-align-center\" data-align=\"center\">4200kg<\/td><td class=\"has-text-align-center\" data-align=\"center\">N\/A<\/td><td class=\"has-text-align-center\" data-align=\"center\">1000mm<\/td><\/tr><tr><td class=\"has-text-align-center\" data-align=\"center\">JCB Q-Fit Gabeltr\u00e4ger f\u00fcr Merlo AG Palettengabeln<\/td><td class=\"has-text-align-center\" data-align=\"center\">CF07FA5426<\/td><td class=\"has-text-align-center\" data-align=\"center\">4200kg<\/td><td class=\"has-text-align-center\" data-align=\"center\">N\/A<\/td><td class=\"has-text-align-center\" data-align=\"center\">1000mm<\/td><\/tr><tr><td class=\"has-text-align-center\" data-align=\"center\">Manitou Gabeltr\u00e4ger f\u00fcr Merlo AG Palettengabeln<\/td><td class=\"has-text-align-center\" data-align=\"center\">CF28ML5426<\/td><td class=\"has-text-align-center\" data-align=\"center\">4200kg<\/td><td class=\"has-text-align-center\" data-align=\"center\">N\/A<\/td><td class=\"has-text-align-center\" data-align=\"center\">1000mm<\/td><\/tr><\/tbody><\/table><\/figure>\n\n<div class=\"wp-block-group is-layout-flow wp-block-group-is-layout-flow\">\n<div class=\"wp-block-group has-primary-background-color has-background is-layout-flow wp-block-group-is-layout-flow\" style=\"margin-top:30px;margin-bottom:30px;padding-top:var(--wp--preset--spacing--40);padding-right:var(--wp--preset--spacing--40);padding-bottom:var(--wp--preset--spacing--40);padding-left:var(--wp--preset--spacing--40)\">\n<h3 class=\"wp-block-heading\">SCHWIMMENDE GABELN<\/h3>\n<\/div>\n\n\n\n<figure class=\"wp-block-gallery has-nested-images columns-4 is-cropped wp-block-gallery-1 is-layout-flex wp-block-gallery-is-layout-flex\">\n<figure class=\"wp-block-image size-large\"><a href=\"https:\/\/www.whitesmh.co.uk\/wp-content\/uploads\/PSX_20240508_084137.jpg\"><img loading=\"lazy\" decoding=\"async\" width=\"1400\" height=\"1050\" data-id=\"3300\" src=\"https:\/\/www.whitesmh.co.uk\/wp-content\/uploads\/PSX_20240508_084137-1400x1050.jpg\" alt=\"\" class=\"wp-image-3300\" srcset=\"https:\/\/www.whitesmh.co.uk\/wp-content\/uploads\/PSX_20240508_084137-1400x1050.jpg 1400w, https:\/\/www.whitesmh.co.uk\/wp-content\/uploads\/PSX_20240508_084137-600x450.jpg 600w, https:\/\/www.whitesmh.co.uk\/wp-content\/uploads\/PSX_20240508_084137-800x600.jpg 800w, https:\/\/www.whitesmh.co.uk\/wp-content\/uploads\/PSX_20240508_084137-768x576.jpg 768w\" sizes=\"auto, (max-width: 800px) 100vw, 800px\" \/><\/a><\/figure>\n\n\n\n<figure class=\"wp-block-image size-large\"><a href=\"https:\/\/www.whitesmh.co.uk\/wp-content\/uploads\/PSX_20240508_084639-scaled.jpg\"><img loading=\"lazy\" decoding=\"async\" width=\"1400\" height=\"1282\" data-id=\"3301\" src=\"https:\/\/www.whitesmh.co.uk\/wp-content\/uploads\/PSX_20240508_084639-1400x1282.jpg\" alt=\"\" class=\"wp-image-3301\" srcset=\"https:\/\/www.whitesmh.co.uk\/wp-content\/uploads\/PSX_20240508_084639-1400x1282.jpg 1400w, https:\/\/www.whitesmh.co.uk\/wp-content\/uploads\/PSX_20240508_084639-scaled-600x550.jpg 600w, https:\/\/www.whitesmh.co.uk\/wp-content\/uploads\/PSX_20240508_084639-800x733.jpg 800w, https:\/\/www.whitesmh.co.uk\/wp-content\/uploads\/PSX_20240508_084639-768x704.jpg 768w\" sizes=\"auto, (max-width: 800px) 100vw, 800px\" \/><\/a><\/figure>\n\n\n\n<figure class=\"wp-block-image size-large\"><a href=\"https:\/\/www.whitesmh.co.uk\/wp-content\/uploads\/PSX_20240508_084924-scaled.jpg\"><img loading=\"lazy\" decoding=\"async\" width=\"1400\" height=\"1050\" data-id=\"3303\" src=\"https:\/\/www.whitesmh.co.uk\/wp-content\/uploads\/PSX_20240508_084924-1400x1050.jpg\" alt=\"\" class=\"wp-image-3303\" srcset=\"https:\/\/www.whitesmh.co.uk\/wp-content\/uploads\/PSX_20240508_084924-1400x1050.jpg 1400w, https:\/\/www.whitesmh.co.uk\/wp-content\/uploads\/PSX_20240508_084924-scaled-600x450.jpg 600w, https:\/\/www.whitesmh.co.uk\/wp-content\/uploads\/PSX_20240508_084924-800x600.jpg 800w, https:\/\/www.whitesmh.co.uk\/wp-content\/uploads\/PSX_20240508_084924-768x576.jpg 768w\" sizes=\"auto, (max-width: 800px) 100vw, 800px\" \/><\/a><\/figure>\n\n\n\n<figure class=\"wp-block-image size-large\"><a href=\"https:\/\/www.whitesmh.co.uk\/wp-content\/uploads\/PSX_20240508_085116-scaled.jpg\"><img loading=\"lazy\" decoding=\"async\" width=\"1400\" height=\"1050\" data-id=\"3302\" src=\"https:\/\/www.whitesmh.co.uk\/wp-content\/uploads\/PSX_20240508_085116-1400x1050.jpg\" alt=\"\" class=\"wp-image-3302\" srcset=\"https:\/\/www.whitesmh.co.uk\/wp-content\/uploads\/PSX_20240508_085116-1400x1050.jpg 1400w, https:\/\/www.whitesmh.co.uk\/wp-content\/uploads\/PSX_20240508_085116-scaled-600x450.jpg 600w, https:\/\/www.whitesmh.co.uk\/wp-content\/uploads\/PSX_20240508_085116-800x600.jpg 800w, https:\/\/www.whitesmh.co.uk\/wp-content\/uploads\/PSX_20240508_085116-768x576.jpg 768w\" sizes=\"auto, (max-width: 800px) 100vw, 800px\" \/><\/a><\/figure>\n<\/figure>\n\n\n\n<div class=\"wp-block-group has-primary-background-color has-background is-layout-flow wp-block-group-is-layout-flow\" style=\"margin-top:30px;margin-bottom:30px;padding-top:var(--wp--preset--spacing--40);padding-right:var(--wp--preset--spacing--40);padding-bottom:var(--wp--preset--spacing--40);padding-left:var(--wp--preset--spacing--40)\">\n<h3 class=\"wp-block-heading\">ITA\/FEM<\/h3>\n<\/div>\n\n\n\n<figure class=\"wp-block-gallery has-nested-images columns-4 is-cropped wp-block-gallery-2 is-layout-flex wp-block-gallery-is-layout-flex\">\n<figure class=\"wp-block-image size-large\"><a href=\"https:\/\/www.whitesmh.co.uk\/wp-content\/uploads\/CF6A07FA.jpg\"><img loading=\"lazy\" decoding=\"async\" width=\"1400\" height=\"894\" data-id=\"3292\" src=\"https:\/\/www.whitesmh.co.uk\/wp-content\/uploads\/CF6A07FA-1400x894.jpg\" alt=\"\" class=\"wp-image-3292\" srcset=\"https:\/\/www.whitesmh.co.uk\/wp-content\/uploads\/CF6A07FA-1400x894.jpg 1400w, https:\/\/www.whitesmh.co.uk\/wp-content\/uploads\/CF6A07FA-600x383.jpg 600w, https:\/\/www.whitesmh.co.uk\/wp-content\/uploads\/CF6A07FA-800x511.jpg 800w, https:\/\/www.whitesmh.co.uk\/wp-content\/uploads\/CF6A07FA-768x490.jpg 768w\" sizes=\"auto, (max-width: 800px) 100vw, 800px\" \/><\/a><figcaption class=\"wp-element-caption\">ITA\/FEM 3 \u2013 QFIT-RAHMEN<\/figcaption><\/figure>\n\n\n\n<figure class=\"wp-block-image size-large\"><a href=\"https:\/\/www.whitesmh.co.uk\/wp-content\/uploads\/CF6AGU.jpg\"><img loading=\"lazy\" decoding=\"async\" width=\"1400\" height=\"894\" data-id=\"3294\" src=\"https:\/\/www.whitesmh.co.uk\/wp-content\/uploads\/CF6AGU-1400x894.jpg\" alt=\"\" class=\"wp-image-3294\" srcset=\"https:\/\/www.whitesmh.co.uk\/wp-content\/uploads\/CF6AGU-1400x894.jpg 1400w, https:\/\/www.whitesmh.co.uk\/wp-content\/uploads\/CF6AGU-600x383.jpg 600w, https:\/\/www.whitesmh.co.uk\/wp-content\/uploads\/CF6AGU-800x511.jpg 800w, https:\/\/www.whitesmh.co.uk\/wp-content\/uploads\/CF6AGU-768x490.jpg 768w\" sizes=\"auto, (max-width: 800px) 100vw, 800px\" \/><\/a><figcaption class=\"wp-element-caption\">VERSCHRAUBTER LASTSCHUTZ<\/figcaption><\/figure>\n\n\n\n<figure class=\"wp-block-image size-large\"><a href=\"https:\/\/www.whitesmh.co.uk\/wp-content\/uploads\/PF6A07FA1200-NO-FORKS.jpg\"><img loading=\"lazy\" decoding=\"async\" width=\"1400\" height=\"894\" data-id=\"3295\" src=\"https:\/\/www.whitesmh.co.uk\/wp-content\/uploads\/PF6A07FA1200-NO-FORKS-1400x894.jpg\" alt=\"\" class=\"wp-image-3295\" srcset=\"https:\/\/www.whitesmh.co.uk\/wp-content\/uploads\/PF6A07FA1200-NO-FORKS-1400x894.jpg 1400w, https:\/\/www.whitesmh.co.uk\/wp-content\/uploads\/PF6A07FA1200-NO-FORKS-600x383.jpg 600w, https:\/\/www.whitesmh.co.uk\/wp-content\/uploads\/PF6A07FA1200-NO-FORKS-800x511.jpg 800w, https:\/\/www.whitesmh.co.uk\/wp-content\/uploads\/PF6A07FA1200-NO-FORKS-768x490.jpg 768w\" sizes=\"auto, (max-width: 800px) 100vw, 800px\" \/><\/a><figcaption class=\"wp-element-caption\">ITA\/FEM 3 \u2013 QFIT RAHMEN- UND LASTSCHUTZ<\/figcaption><\/figure>\n\n\n\n<figure class=\"wp-block-image size-large\"><a href=\"https:\/\/www.whitesmh.co.uk\/wp-content\/uploads\/PF6A07FA1200.jpg\"><img loading=\"lazy\" decoding=\"async\" width=\"1400\" height=\"894\" data-id=\"3293\" src=\"https:\/\/www.whitesmh.co.uk\/wp-content\/uploads\/PF6A07FA1200-1400x894.jpg\" alt=\"\" class=\"wp-image-3293\" srcset=\"https:\/\/www.whitesmh.co.uk\/wp-content\/uploads\/PF6A07FA1200-1400x894.jpg 1400w, https:\/\/www.whitesmh.co.uk\/wp-content\/uploads\/PF6A07FA1200-600x383.jpg 600w, https:\/\/www.whitesmh.co.uk\/wp-content\/uploads\/PF6A07FA1200-800x511.jpg 800w, https:\/\/www.whitesmh.co.uk\/wp-content\/uploads\/PF6A07FA1200-768x490.jpg 768w\" sizes=\"auto, (max-width: 800px) 100vw, 800px\" \/><\/a><figcaption class=\"wp-element-caption\">ITA\/FEM 3 \u2013 QFIT-RAHMEN, GABELN UND LASTSCHUTZ<\/figcaption><\/figure>\n<\/figure>\n\n\n\n<div class=\"wp-block-group has-primary-background-color has-background is-layout-flow wp-block-group-is-layout-flow\" style=\"margin-top:30px;margin-bottom:30px;padding-top:var(--wp--preset--spacing--40);padding-right:var(--wp--preset--spacing--40);padding-bottom:var(--wp--preset--spacing--40);padding-left:var(--wp--preset--spacing--40)\">\n<h3 class=\"wp-block-heading\">MERLO-KUTSCHEN<\/h3>\n<\/div>\n\n\n\n<figure class=\"wp-block-gallery has-nested-images columns-4 is-cropped wp-block-gallery-3 is-layout-flex wp-block-gallery-is-layout-flex\">\n<figure class=\"wp-block-image size-thumbnail\"><a href=\"https:\/\/www.whitesmh.co.uk\/wp-content\/uploads\/4130dfd0-11b8-465d-9f88-281b1a8bef5c.jpeg\"><img loading=\"lazy\" decoding=\"async\" width=\"400\" height=\"400\" data-id=\"2550\" src=\"https:\/\/www.whitesmh.co.uk\/wp-content\/uploads\/4130dfd0-11b8-465d-9f88-281b1a8bef5c-400x400.jpeg\" alt=\"\" class=\"wp-image-2550\" srcset=\"https:\/\/www.whitesmh.co.uk\/wp-content\/uploads\/4130dfd0-11b8-465d-9f88-281b1a8bef5c-400x400.jpeg 400w, https:\/\/www.whitesmh.co.uk\/wp-content\/uploads\/4130dfd0-11b8-465d-9f88-281b1a8bef5c-300x300.jpeg 300w, https:\/\/www.whitesmh.co.uk\/wp-content\/uploads\/4130dfd0-11b8-465d-9f88-281b1a8bef5c-100x100.jpeg 100w\" sizes=\"auto, (max-width: 400px) 100vw, 400px\" \/><\/a><figcaption class=\"wp-element-caption\">JCB Q-Fit Gabeltr\u00e4ger f\u00fcr Merlo AG Palettengabeln<\/figcaption><\/figure>\n\n\n\n<figure class=\"wp-block-image size-thumbnail\"><a href=\"https:\/\/www.whitesmh.co.uk\/wp-content\/uploads\/886bcd2c-192e-4964-9b6e-78c5e0addcd7.jpeg\"><img loading=\"lazy\" decoding=\"async\" width=\"400\" height=\"400\" data-id=\"2549\" src=\"https:\/\/www.whitesmh.co.uk\/wp-content\/uploads\/886bcd2c-192e-4964-9b6e-78c5e0addcd7-400x400.jpeg\" alt=\"\" class=\"wp-image-2549\" srcset=\"https:\/\/www.whitesmh.co.uk\/wp-content\/uploads\/886bcd2c-192e-4964-9b6e-78c5e0addcd7-400x400.jpeg 400w, https:\/\/www.whitesmh.co.uk\/wp-content\/uploads\/886bcd2c-192e-4964-9b6e-78c5e0addcd7-300x300.jpeg 300w, https:\/\/www.whitesmh.co.uk\/wp-content\/uploads\/886bcd2c-192e-4964-9b6e-78c5e0addcd7-100x100.jpeg 100w\" sizes=\"auto, (max-width: 400px) 100vw, 400px\" \/><\/a><figcaption class=\"wp-element-caption\">JCB Q-Fit Gabeltr\u00e4ger f\u00fcr Merlo AG Palettengabeln<\/figcaption><\/figure>\n\n\n\n<figure class=\"wp-block-image size-thumbnail\"><a href=\"https:\/\/www.whitesmh.co.uk\/wp-content\/uploads\/18ea4d83-6b07-4e6e-8dec-6c1b75770141.jpeg\"><img loading=\"lazy\" decoding=\"async\" width=\"400\" height=\"400\" data-id=\"2547\" src=\"https:\/\/www.whitesmh.co.uk\/wp-content\/uploads\/18ea4d83-6b07-4e6e-8dec-6c1b75770141-400x400.jpeg\" alt=\"\" class=\"wp-image-2547\" srcset=\"https:\/\/www.whitesmh.co.uk\/wp-content\/uploads\/18ea4d83-6b07-4e6e-8dec-6c1b75770141-400x400.jpeg 400w, https:\/\/www.whitesmh.co.uk\/wp-content\/uploads\/18ea4d83-6b07-4e6e-8dec-6c1b75770141-300x300.jpeg 300w, https:\/\/www.whitesmh.co.uk\/wp-content\/uploads\/18ea4d83-6b07-4e6e-8dec-6c1b75770141-100x100.jpeg 100w\" sizes=\"auto, (max-width: 400px) 100vw, 400px\" \/><\/a><figcaption class=\"wp-element-caption\">Matbro Gabeltr\u00e4ger f\u00fcr Merlo AG Palettengabeln<\/figcaption><\/figure>\n\n\n\n<figure class=\"wp-block-image size-thumbnail\"><a href=\"https:\/\/www.whitesmh.co.uk\/wp-content\/uploads\/44ee290a-c594-4534-b494-9f596aa79110.jpeg\"><img loading=\"lazy\" decoding=\"async\" width=\"400\" height=\"400\" data-id=\"2548\" src=\"https:\/\/www.whitesmh.co.uk\/wp-content\/uploads\/44ee290a-c594-4534-b494-9f596aa79110-400x400.jpeg\" alt=\"\" class=\"wp-image-2548\" srcset=\"https:\/\/www.whitesmh.co.uk\/wp-content\/uploads\/44ee290a-c594-4534-b494-9f596aa79110-400x400.jpeg 400w, https:\/\/www.whitesmh.co.uk\/wp-content\/uploads\/44ee290a-c594-4534-b494-9f596aa79110-300x300.jpeg 300w, https:\/\/www.whitesmh.co.uk\/wp-content\/uploads\/44ee290a-c594-4534-b494-9f596aa79110-100x100.jpeg 100w\" sizes=\"auto, (max-width: 400px) 100vw, 400px\" \/><\/a><figcaption class=\"wp-element-caption\">Matbro Gabeltr\u00e4ger f\u00fcr Merlo AG Palettengabeln<\/figcaption><\/figure>\n<\/figure>\n<\/div>\n","protected":false},"excerpt":{"rendered":"<p>PALETTENGABELN Die WHITES Palettengabeltr\u00e4ger k\u00f6nnen mit oder ohne Gabeln geliefert werden und sind f\u00fcr alle OEM-Palettengabeltypen geeignet. Der Hauptvorteil eines Palettengabeltr\u00e4gersystems besteht darin, dass Palettengabeln ohne manuelle Handhabung in ein Anbauger\u00e4t umgewandelt werden k\u00f6nnen. Auf der Suche nach etwas anderem? Klicken Sie oben auf und f\u00fcllen Sie das Formular f\u00fcr Ihre genauen Anforderungen aus. MODELLE&hellip;<\/p>\n","protected":false},"featured_media":9198,"template":"","meta":{"_acf_changed":false},"product_brand":[],"product_cat":[312,311],"product_tag":[],"class_list":{"2":"type-product","8":"product","9":"first","10":"instock","11":"taxable","12":"shipping-taxable","13":"product-type-simple"},"acf":[],"_links":{"self":[{"href":"https:\/\/www.whitesmh.co.uk\/de\/wp-json\/wp\/v2\/product\/5795","targetHints":{"allow":["GET"]}}],"collection":[{"href":"https:\/\/www.whitesmh.co.uk\/de\/wp-json\/wp\/v2\/product"}],"about":[{"href":"https:\/\/www.whitesmh.co.uk\/de\/wp-json\/wp\/v2\/types\/product"}],"wp:featuredmedia":[{"embeddable":true,"href":"https:\/\/www.whitesmh.co.uk\/de\/wp-json\/wp\/v2\/media\/9198"}],"wp:attachment":[{"href":"https:\/\/www.whitesmh.co.uk\/de\/wp-json\/wp\/v2\/media?parent=5795"}],"wp:term":[{"taxonomy":"product_brand","embeddable":true,"href":"https:\/\/www.whitesmh.co.uk\/de\/wp-json\/wp\/v2\/product_brand?post=5795"},{"taxonomy":"product_cat","embeddable":true,"href":"https:\/\/www.whitesmh.co.uk\/de\/wp-json\/wp\/v2\/product_cat?post=5795"},{"taxonomy":"product_tag","embeddable":true,"href":"https:\/\/www.whitesmh.co.uk\/de\/wp-json\/wp\/v2\/product_tag?post=5795"}],"curies":[{"name":"wp","href":"https:\/\/api.w.org\/{rel}","templated":true}]}}