{"id":5772,"date":"2024-01-05T14:03:26","date_gmt":"2024-01-05T14:03:26","guid":{"rendered":"https:\/\/www.whitesmh.co.uk\/products\/leichter-greifer\/"},"modified":"2024-11-19T11:21:13","modified_gmt":"2024-11-19T11:21:13","slug":"leichter-greifer","status":"publish","type":"product","link":"https:\/\/www.whitesmh.co.uk\/de\/produkt\/leichter-greifer\/","title":{"rendered":"Leichter Greifer"},"content":{"rendered":"\n<div class=\"wp-block-columns is-layout-flex wp-container-core-columns-is-layout-28f84493 wp-block-columns-is-layout-flex\">\n<div class=\"wp-block-column is-vertically-aligned-center is-layout-flow wp-block-column-is-layout-flow\">\n<figure class=\"wp-block-image size-full\"><img loading=\"lazy\" decoding=\"async\" width=\"1052\" height=\"1052\" src=\"https:\/\/www.whitesmh.co.uk\/wp-content\/uploads\/Skidsteer-Light-Duty-Bucket-Grapple-3.jpg\" alt=\"\" class=\"wp-image-2452\" srcset=\"https:\/\/www.whitesmh.co.uk\/wp-content\/uploads\/Skidsteer-Light-Duty-Bucket-Grapple-3.jpg 1052w, https:\/\/www.whitesmh.co.uk\/wp-content\/uploads\/Skidsteer-Light-Duty-Bucket-Grapple-3-300x300.jpg 300w, https:\/\/www.whitesmh.co.uk\/wp-content\/uploads\/Skidsteer-Light-Duty-Bucket-Grapple-3-100x100.jpg 100w, https:\/\/www.whitesmh.co.uk\/wp-content\/uploads\/Skidsteer-Light-Duty-Bucket-Grapple-3-600x600.jpg 600w, https:\/\/www.whitesmh.co.uk\/wp-content\/uploads\/Skidsteer-Light-Duty-Bucket-Grapple-3-400x400.jpg 400w, https:\/\/www.whitesmh.co.uk\/wp-content\/uploads\/Skidsteer-Light-Duty-Bucket-Grapple-3-800x800.jpg 800w, https:\/\/www.whitesmh.co.uk\/wp-content\/uploads\/Skidsteer-Light-Duty-Bucket-Grapple-3-768x768.jpg 768w\" sizes=\"auto, (max-width: 800px) 100vw, 800px\" \/><\/figure>\n<\/div>\n\n\n\n<div class=\"wp-block-column is-layout-flow wp-block-column-is-layout-flow\">\n<h2 class=\"wp-block-heading\" style=\"text-transform:uppercase\">LEICHTER SCHAUFELGREIFER<\/h2>\n\n\n\n<p>Der leichte Greifer WHITES ist die ideale L\u00f6sung f\u00fcr Kunden mit einem Kompaktlader mit einer Hubkraft von ca. 400 kg.  <\/p>\n\n\n\n<ul class=\"wp-block-list\">\n<li>Geeignet f\u00fcr kleine Kompaktlader<\/li>\n\n\n\n<li>Perfekt f\u00fcr den Umgang mit G\u00fclle und landwirtschaftlichen Abf\u00e4llen<\/li>\n\n\n\n<li>Leicht, aber sehr stark<\/li>\n\n\n\n<li>Einzelner Hydraulikzylinder<\/li>\n\n\n\n<li>Austauschbare geschmiedete Zinken mit hohem Kohlenstoffgehalt, um Verschlei\u00df zu widerstehen<\/li>\n\n\n\n<li>Breite Greifer\u00f6ffnung<\/li>\n\n\n\n<li>Betriebskapazit\u00e4t bis zu 400 kg<\/li>\n<\/ul>\n\n\n\n<div class=\"wp-block-columns is-layout-flex wp-container-core-columns-is-layout-28f84493 wp-block-columns-is-layout-flex\">\n<div class=\"wp-block-column is-layout-flow wp-block-column-is-layout-flow\" style=\"flex-basis:100%\">\n<figure class=\"wp-block-image size-full is-resized\"><img loading=\"lazy\" decoding=\"async\" width=\"626\" height=\"149\" src=\"https:\/\/www.whitesmh.co.uk\/wp-content\/uploads\/image.png\" alt=\"\" class=\"wp-image-635\" style=\"width:268px;height:auto\" srcset=\"https:\/\/www.whitesmh.co.uk\/wp-content\/uploads\/image.png 626w, https:\/\/www.whitesmh.co.uk\/wp-content\/uploads\/image-600x143.png 600w\" sizes=\"auto, (max-width: 626px) 100vw, 626px\" \/><\/figure>\n<\/div>\n<\/div>\n\n\n\n<div class=\"wp-block-buttons is-layout-flex wp-block-buttons-is-layout-flex\">\n<div class=\"wp-block-button\"><a class=\"wp-block-button__link wp-element-button\" href=\"https:\/\/www.whitesmh.co.uk\/contact\/\">KONTAKTIEREN SIE UNS<\/a><\/div>\n\n\n\n<div class=\"wp-block-button\"><a class=\"wp-block-button__link wp-element-button\" href=\"https:\/\/www.whitesmh.co.uk\/support\/grapples-product-support\/\">PRODUKT-SUPPORT<\/a><\/div>\n<\/div>\n<\/div>\n<\/div>\n\n<div class=\"wp-block-group is-layout-flow wp-block-group-is-layout-flow\">\n<div class=\"wp-block-group has-primary-background-color has-background is-layout-flow wp-block-group-is-layout-flow\" style=\"margin-top:30px;margin-bottom:30px;padding-top:var(--wp--preset--spacing--40);padding-right:var(--wp--preset--spacing--40);padding-bottom:var(--wp--preset--spacing--40);padding-left:var(--wp--preset--spacing--40)\">\n<h3 class=\"wp-block-heading\">MODELLE<\/h3>\n<\/div>\n<\/div>\n\n<figure class=\"wp-block-table\"><table><tbody><tr><td class=\"has-text-align-center\" data-align=\"center\"><strong>Teilenummer<\/strong><\/td><td class=\"has-text-align-center\" data-align=\"center\"><strong>Breite (mm)<\/strong><\/td><td class=\"has-text-align-center\" data-align=\"center\"><strong>Breite (Zoll)<\/strong><\/td><td class=\"has-text-align-center\" data-align=\"center\"><strong>Rams<\/strong><\/td><td class=\"has-text-align-center\" data-align=\"center\"><strong>Greifzinken<\/strong><\/td><\/tr><tr><td class=\"has-text-align-center\" data-align=\"center\">IG-1U-0980<\/td><td class=\"has-text-align-center\" data-align=\"center\">980<\/td><td class=\"has-text-align-center\" data-align=\"center\">36<\/td><td class=\"has-text-align-center\" data-align=\"center\">1<\/td><td class=\"has-text-align-center\" data-align=\"center\">Profil<\/td><\/tr><tr><td class=\"has-text-align-center\" data-align=\"center\">IG-1U-1080<\/td><td class=\"has-text-align-center\" data-align=\"center\">1080<\/td><td class=\"has-text-align-center\" data-align=\"center\">43<\/td><td class=\"has-text-align-center\" data-align=\"center\">1<\/td><td class=\"has-text-align-center\" data-align=\"center\">Profil<\/td><\/tr><tr><td class=\"has-text-align-center\" data-align=\"center\">IG-2U-1220<\/td><td class=\"has-text-align-center\" data-align=\"center\">1220<\/td><td class=\"has-text-align-center\" data-align=\"center\">48<\/td><td class=\"has-text-align-center\" data-align=\"center\">1<\/td><td class=\"has-text-align-center\" data-align=\"center\">Profil<\/td><\/tr><\/tbody><\/table><\/figure>\n","protected":false},"excerpt":{"rendered":"<p>LEICHTER SCHAUFELGREIFER Der leichte Greifer WHITES ist die ideale L\u00f6sung f\u00fcr Kunden mit einem Kompaktlader mit einer Hubkraft von ca. 400 kg. MODELLE Teilenummer Breite (mm) Breite (Zoll) Rams Greifzinken IG-1U-0980 980 36 1 Profil IG-1U-1080 1080 43 1 Profil IG-2U-1220 1220 48 1 Profil<\/p>\n","protected":false},"featured_media":5775,"template":"","meta":{"_acf_changed":false},"product_brand":[],"product_cat":[309],"product_tag":[],"class_list":{"2":"type-product","7":"product","8":"first","9":"instock","10":"taxable","11":"shipping-taxable","12":"product-type-simple"},"acf":[],"_links":{"self":[{"href":"https:\/\/www.whitesmh.co.uk\/de\/wp-json\/wp\/v2\/product\/5772","targetHints":{"allow":["GET"]}}],"collection":[{"href":"https:\/\/www.whitesmh.co.uk\/de\/wp-json\/wp\/v2\/product"}],"about":[{"href":"https:\/\/www.whitesmh.co.uk\/de\/wp-json\/wp\/v2\/types\/product"}],"wp:featuredmedia":[{"embeddable":true,"href":"https:\/\/www.whitesmh.co.uk\/de\/wp-json\/wp\/v2\/media\/5775"}],"wp:attachment":[{"href":"https:\/\/www.whitesmh.co.uk\/de\/wp-json\/wp\/v2\/media?parent=5772"}],"wp:term":[{"taxonomy":"product_brand","embeddable":true,"href":"https:\/\/www.whitesmh.co.uk\/de\/wp-json\/wp\/v2\/product_brand?post=5772"},{"taxonomy":"product_cat","embeddable":true,"href":"https:\/\/www.whitesmh.co.uk\/de\/wp-json\/wp\/v2\/product_cat?post=5772"},{"taxonomy":"product_tag","embeddable":true,"href":"https:\/\/www.whitesmh.co.uk\/de\/wp-json\/wp\/v2\/product_tag?post=5772"}],"curies":[{"name":"wp","href":"https:\/\/api.w.org\/{rel}","templated":true}]}}