{"id":5769,"date":"2024-01-05T13:49:19","date_gmt":"2024-01-05T13:49:19","guid":{"rendered":"https:\/\/www.whitesmh.co.uk\/products\/mittelschwerer-greifer\/"},"modified":"2024-11-19T11:21:32","modified_gmt":"2024-11-19T11:21:32","slug":"mittelschwerer-greifer","status":"publish","type":"product","link":"https:\/\/www.whitesmh.co.uk\/de\/produkt\/mittelschwerer-greifer\/","title":{"rendered":"Mittelschwerer Greifer"},"content":{"rendered":"\n<div class=\"wp-block-columns is-layout-flex wp-container-core-columns-is-layout-28f84493 wp-block-columns-is-layout-flex\">\n<div class=\"wp-block-column is-vertically-aligned-center is-layout-flow wp-block-column-is-layout-flow\">\n<figure class=\"wp-block-image size-full\"><img loading=\"lazy\" decoding=\"async\" width=\"1241\" height=\"1241\" src=\"https:\/\/www.whitesmh.co.uk\/wp-content\/uploads\/Skidsteer-Light-Duty-Bucket-Grapple.jpg\" alt=\"\" class=\"wp-image-2445\" srcset=\"https:\/\/www.whitesmh.co.uk\/wp-content\/uploads\/Skidsteer-Light-Duty-Bucket-Grapple.jpg 1241w, https:\/\/www.whitesmh.co.uk\/wp-content\/uploads\/Skidsteer-Light-Duty-Bucket-Grapple-300x300.jpg 300w, https:\/\/www.whitesmh.co.uk\/wp-content\/uploads\/Skidsteer-Light-Duty-Bucket-Grapple-100x100.jpg 100w, https:\/\/www.whitesmh.co.uk\/wp-content\/uploads\/Skidsteer-Light-Duty-Bucket-Grapple-600x600.jpg 600w, https:\/\/www.whitesmh.co.uk\/wp-content\/uploads\/Skidsteer-Light-Duty-Bucket-Grapple-400x400.jpg 400w, https:\/\/www.whitesmh.co.uk\/wp-content\/uploads\/Skidsteer-Light-Duty-Bucket-Grapple-800x800.jpg 800w, https:\/\/www.whitesmh.co.uk\/wp-content\/uploads\/Skidsteer-Light-Duty-Bucket-Grapple-768x768.jpg 768w\" sizes=\"auto, (max-width: 800px) 100vw, 800px\" \/><\/figure>\n<\/div>\n\n\n\n<div class=\"wp-block-column is-layout-flow wp-block-column-is-layout-flow\">\n<h2 class=\"wp-block-heading\" style=\"text-transform:uppercase\">MITTELSCHWERER GREIFER<\/h2>\n\n\n\n<p>Der mittelschwere WHITES-Greifer ist eine fantastische L\u00f6sung f\u00fcr Kunden mit einem Kompaktlader mit einer Hubkapazit\u00e4t von bis zu 600 kg.<\/p>\n\n\n\n<ul class=\"wp-block-list\">\n<li>Geeignet f\u00fcr mittlere Kompaktlader<\/li>\n\n\n\n<li>Ideal zum Ausmisten, Ballenhandling und f\u00fcr allgemeine landwirtschaftliche Aufgaben<\/li>\n\n\n\n<li>Einzelner Hydraulikzylinder<\/li>\n\n\n\n<li>Austauschbare geschmiedete Zinken mit hohem Kohlenstoffgehalt, um Verschlei\u00df zu widerstehen<\/li>\n\n\n\n<li>Gefettete Scharnierstifte<\/li>\n\n\n\n<li>Geschwei\u00dfte obere Greiferzinken<\/li>\n\n\n\n<li>Breite Greifer\u00f6ffnung<\/li>\n\n\n\n<li>Optionale angeschraubte Randplatten<\/li>\n\n\n\n<li>Betriebskapazit\u00e4t von 400 kg bis 650 kg<\/li>\n<\/ul>\n\n\n\n<div class=\"wp-block-columns is-layout-flex wp-container-core-columns-is-layout-28f84493 wp-block-columns-is-layout-flex\">\n<div class=\"wp-block-column is-layout-flow wp-block-column-is-layout-flow\" style=\"flex-basis:100%\">\n<figure class=\"wp-block-image size-full is-resized\"><img loading=\"lazy\" decoding=\"async\" width=\"626\" height=\"149\" src=\"https:\/\/www.whitesmh.co.uk\/wp-content\/uploads\/image.png\" alt=\"\" class=\"wp-image-635\" style=\"width:268px;height:auto\" srcset=\"https:\/\/www.whitesmh.co.uk\/wp-content\/uploads\/image.png 626w, https:\/\/www.whitesmh.co.uk\/wp-content\/uploads\/image-600x143.png 600w\" sizes=\"auto, (max-width: 626px) 100vw, 626px\" \/><\/figure>\n<\/div>\n<\/div>\n\n\n\n<div class=\"wp-block-buttons is-layout-flex wp-block-buttons-is-layout-flex\">\n<div class=\"wp-block-button\"><a class=\"wp-block-button__link wp-element-button\" href=\"https:\/\/www.whitesmh.co.uk\/contact\/\">KONTAKTIEREN SIE UNS<\/a><\/div>\n\n\n\n<div class=\"wp-block-button\"><a class=\"wp-block-button__link wp-element-button\" href=\"https:\/\/www.whitesmh.co.uk\/support\/grapples-product-support\/\">PRODUKT-SUPPORT<\/a><\/div>\n<\/div>\n<\/div>\n<\/div>\n\n<div class=\"wp-block-group is-layout-flow wp-block-group-is-layout-flow\">\n<div class=\"wp-block-group has-primary-background-color has-background is-layout-flow wp-block-group-is-layout-flow\" style=\"margin-top:30px;margin-bottom:30px;padding-top:var(--wp--preset--spacing--40);padding-right:var(--wp--preset--spacing--40);padding-bottom:var(--wp--preset--spacing--40);padding-left:var(--wp--preset--spacing--40)\">\n<h3 class=\"wp-block-heading\">MODELLE<\/h3>\n<\/div>\n<\/div>\n\n<figure class=\"wp-block-table\"><table><tbody><tr><td class=\"has-text-align-center\" data-align=\"center\"><strong>Teilenummer<\/strong><\/td><td class=\"has-text-align-center\" data-align=\"center\"><strong>Breite (mm)<\/strong><\/td><td class=\"has-text-align-center\" data-align=\"center\"><strong>Breite (Zoll)<\/strong><\/td><td class=\"has-text-align-center\" data-align=\"center\"><strong>Rams<\/strong><\/td><td class=\"has-text-align-center\" data-align=\"center\"><strong>Greifzinken<\/strong><\/td><\/tr><tr><td class=\"has-text-align-center\" data-align=\"center\">GB-4C-0900<\/td><td class=\"has-text-align-center\" data-align=\"center\">900<\/td><td class=\"has-text-align-center\" data-align=\"center\">36<\/td><td class=\"has-text-align-center\" data-align=\"center\">1<\/td><td class=\"has-text-align-center\" data-align=\"center\">Profilierte<\/td><\/tr><tr><td class=\"has-text-align-center\" data-align=\"center\">GB-4C-1000<\/td><td class=\"has-text-align-center\" data-align=\"center\">1000<\/td><td class=\"has-text-align-center\" data-align=\"center\">39<\/td><td class=\"has-text-align-center\" data-align=\"center\">1<\/td><td class=\"has-text-align-center\" data-align=\"center\">Profilierte<\/td><\/tr><tr><td class=\"has-text-align-center\" data-align=\"center\">GB-4C-1100<\/td><td class=\"has-text-align-center\" data-align=\"center\">1100<\/td><td class=\"has-text-align-center\" data-align=\"center\">43<\/td><td class=\"has-text-align-center\" data-align=\"center\">1<\/td><td class=\"has-text-align-center\" data-align=\"center\">Profilierte<\/td><\/tr><tr><td class=\"has-text-align-center\" data-align=\"center\">GB-4C-1200<\/td><td class=\"has-text-align-center\" data-align=\"center\">1200<\/td><td class=\"has-text-align-center\" data-align=\"center\">48<\/td><td class=\"has-text-align-center\" data-align=\"center\">1<\/td><td class=\"has-text-align-center\" data-align=\"center\">Profilierte<\/td><\/tr><tr><td class=\"has-text-align-center\" data-align=\"center\">GB-4C-1300<\/td><td class=\"has-text-align-center\" data-align=\"center\">1300<\/td><td class=\"has-text-align-center\" data-align=\"center\">52<\/td><td class=\"has-text-align-center\" data-align=\"center\">1<\/td><td class=\"has-text-align-center\" data-align=\"center\">Profilierte<\/td><\/tr><tr><td class=\"has-text-align-center\" data-align=\"center\">GB-4C-1400<\/td><td class=\"has-text-align-center\" data-align=\"center\">1400<\/td><td class=\"has-text-align-center\" data-align=\"center\">55<\/td><td class=\"has-text-align-center\" data-align=\"center\">1<\/td><td class=\"has-text-align-center\" data-align=\"center\">Profilierte<\/td><\/tr><tr><td class=\"has-text-align-center\" data-align=\"center\">GB-4C-1500<\/td><td class=\"has-text-align-center\" data-align=\"center\">1500<\/td><td class=\"has-text-align-center\" data-align=\"center\">60<\/td><td class=\"has-text-align-center\" data-align=\"center\">1<\/td><td class=\"has-text-align-center\" data-align=\"center\">Profilierte<\/td><\/tr><\/tbody><\/table><\/figure>\n","protected":false},"excerpt":{"rendered":"<p>MITTELSCHWERER GREIFER Der mittelschwere WHITES-Greifer ist eine fantastische L\u00f6sung f\u00fcr Kunden mit einem Kompaktlader mit einer Hubkapazit\u00e4t von bis zu 600 kg. MODELLE Teilenummer Breite (mm) Breite (Zoll) Rams Greifzinken GB-4C-0900 900 36 1 Profilierte GB-4C-1000 1000 39 1 Profilierte GB-4C-1100 1100 43 1 Profilierte GB-4C-1200 1200 48 1 Profilierte GB-4C-1300 1300 52 1 Profilierte&hellip;<\/p>\n","protected":false},"featured_media":5770,"template":"","meta":{"_acf_changed":false},"product_brand":[],"product_cat":[309],"product_tag":[],"class_list":{"2":"type-product","7":"product","8":"first","9":"instock","10":"taxable","11":"shipping-taxable","12":"product-type-simple"},"acf":[],"_links":{"self":[{"href":"https:\/\/www.whitesmh.co.uk\/de\/wp-json\/wp\/v2\/product\/5769","targetHints":{"allow":["GET"]}}],"collection":[{"href":"https:\/\/www.whitesmh.co.uk\/de\/wp-json\/wp\/v2\/product"}],"about":[{"href":"https:\/\/www.whitesmh.co.uk\/de\/wp-json\/wp\/v2\/types\/product"}],"wp:featuredmedia":[{"embeddable":true,"href":"https:\/\/www.whitesmh.co.uk\/de\/wp-json\/wp\/v2\/media\/5770"}],"wp:attachment":[{"href":"https:\/\/www.whitesmh.co.uk\/de\/wp-json\/wp\/v2\/media?parent=5769"}],"wp:term":[{"taxonomy":"product_brand","embeddable":true,"href":"https:\/\/www.whitesmh.co.uk\/de\/wp-json\/wp\/v2\/product_brand?post=5769"},{"taxonomy":"product_cat","embeddable":true,"href":"https:\/\/www.whitesmh.co.uk\/de\/wp-json\/wp\/v2\/product_cat?post=5769"},{"taxonomy":"product_tag","embeddable":true,"href":"https:\/\/www.whitesmh.co.uk\/de\/wp-json\/wp\/v2\/product_tag?post=5769"}],"curies":[{"name":"wp","href":"https:\/\/api.w.org\/{rel}","templated":true}]}}