{"id":5768,"date":"2024-01-05T07:53:35","date_gmt":"2024-01-05T07:53:35","guid":{"rendered":"https:\/\/www.whitesmh.co.uk\/products\/gabel-vom-bauernhof\/"},"modified":"2024-11-19T11:18:53","modified_gmt":"2024-11-19T11:18:53","slug":"gabel-vom-bauernhof","status":"publish","type":"product","link":"https:\/\/www.whitesmh.co.uk\/de\/produkt\/gabel-vom-bauernhof\/","title":{"rendered":"Gabel vom Bauernhof"},"content":{"rendered":"\n<div class=\"wp-block-columns is-layout-flex wp-container-core-columns-is-layout-28f84493 wp-block-columns-is-layout-flex\">\n<div class=\"wp-block-column is-vertically-aligned-center is-layout-flow wp-block-column-is-layout-flow\">\n<figure class=\"wp-block-image size-full\"><img loading=\"lazy\" decoding=\"async\" width=\"1127\" height=\"1127\" src=\"https:\/\/www.whitesmh.co.uk\/wp-content\/uploads\/Skidsteer-Fork.jpg\" alt=\"\" class=\"wp-image-2402\" srcset=\"https:\/\/www.whitesmh.co.uk\/wp-content\/uploads\/Skidsteer-Fork.jpg 1127w, https:\/\/www.whitesmh.co.uk\/wp-content\/uploads\/Skidsteer-Fork-300x300.jpg 300w, https:\/\/www.whitesmh.co.uk\/wp-content\/uploads\/Skidsteer-Fork-100x100.jpg 100w, https:\/\/www.whitesmh.co.uk\/wp-content\/uploads\/Skidsteer-Fork-600x600.jpg 600w, https:\/\/www.whitesmh.co.uk\/wp-content\/uploads\/Skidsteer-Fork-400x400.jpg 400w, https:\/\/www.whitesmh.co.uk\/wp-content\/uploads\/Skidsteer-Fork-800x800.jpg 800w, https:\/\/www.whitesmh.co.uk\/wp-content\/uploads\/Skidsteer-Fork-768x768.jpg 768w\" sizes=\"auto, (max-width: 800px) 100vw, 800px\" \/><\/figure>\n<\/div>\n\n\n\n<div class=\"wp-block-column is-layout-flow wp-block-column-is-layout-flow\">\n<h2 class=\"wp-block-heading\" style=\"text-transform:uppercase\">FARM FORK<\/h2>\n\n\n\n<p>Die WHITES Farm Fork ist eine Standardgabel (ohne Greifer), die f\u00fcr die Handhabung von Ballen und Mist geeignet ist.  <\/p>\n\n\n\n<ul class=\"wp-block-list\">\n<li>Robuste Konstruktion<\/li>\n\n\n\n<li>Austauschbare geschmiedete Zinken mit hohem Kohlenstoffgehalt<\/li>\n\n\n\n<li>Verschlei\u00dfstreifen f\u00fcr verl\u00e4ngerte Produktlebensdauer<\/li>\n\n\n\n<li>Ideal f\u00fcr die Handhabung von G\u00fclle und Ballen<\/li>\n\n\n\n<li>Optionale Seitenzinken<\/li>\n<\/ul>\n\n\n\n<div class=\"wp-block-columns is-layout-flex wp-container-core-columns-is-layout-28f84493 wp-block-columns-is-layout-flex\">\n<div class=\"wp-block-column is-layout-flow wp-block-column-is-layout-flow\" style=\"flex-basis:100%\">\n<figure class=\"wp-block-image size-full is-resized\"><img loading=\"lazy\" decoding=\"async\" width=\"626\" height=\"149\" src=\"https:\/\/www.whitesmh.co.uk\/wp-content\/uploads\/image.png\" alt=\"\" class=\"wp-image-635\" style=\"width:268px;height:auto\" srcset=\"https:\/\/www.whitesmh.co.uk\/wp-content\/uploads\/image.png 626w, https:\/\/www.whitesmh.co.uk\/wp-content\/uploads\/image-600x143.png 600w\" sizes=\"auto, (max-width: 626px) 100vw, 626px\" \/><\/figure>\n<\/div>\n<\/div>\n\n\n\n<div class=\"wp-block-buttons is-layout-flex wp-block-buttons-is-layout-flex\">\n<div class=\"wp-block-button\"><a class=\"wp-block-button__link wp-element-button\" href=\"https:\/\/www.whitesmh.co.uk\/contact\/\">KONTAKTIEREN SIE UNS<\/a><\/div>\n\n\n\n<div class=\"wp-block-button\"><a class=\"wp-block-button__link wp-element-button\" href=\"https:\/\/www.whitesmh.co.uk\/support\/grapples-product-support\/\">PRODUKT-SUPPORT<\/a><\/div>\n<\/div>\n<\/div>\n<\/div>\n\n<div class=\"wp-block-group is-layout-flow wp-block-group-is-layout-flow\">\n<div class=\"wp-block-group has-primary-background-color has-background is-layout-flow wp-block-group-is-layout-flow\" style=\"margin-top:30px;margin-bottom:30px;padding-top:var(--wp--preset--spacing--40);padding-right:var(--wp--preset--spacing--40);padding-bottom:var(--wp--preset--spacing--40);padding-left:var(--wp--preset--spacing--40)\">\n<h3 class=\"wp-block-heading\">MODELLE<\/h3>\n<\/div>\n<\/div>\n\n<figure class=\"wp-block-table\"><table><tbody><tr><td class=\"has-text-align-center\" data-align=\"center\"><strong>Teilenummer<\/strong><\/td><td class=\"has-text-align-center\" data-align=\"center\"><strong>Breite (mm)<\/strong><\/td><td class=\"has-text-align-center\" data-align=\"center\"><strong>Breite (Zoll)<\/strong><\/td><td class=\"has-text-align-center\" data-align=\"center\"><strong>Zinken<\/strong><\/td><td class=\"has-text-align-center\" data-align=\"center\"><strong>Anzahl der Zinken<\/strong><\/td><\/tr><tr><td class=\"has-text-align-center\" data-align=\"center\">FF-1G-0890<\/td><td class=\"has-text-align-center\" data-align=\"center\">890<\/td><td class=\"has-text-align-center\" data-align=\"center\">35<\/td><td class=\"has-text-align-center\" data-align=\"center\">KV<\/td><td class=\"has-text-align-center\" data-align=\"center\">5<\/td><\/tr><tr><td class=\"has-text-align-center\" data-align=\"center\">FF-1G-1080<\/td><td class=\"has-text-align-center\" data-align=\"center\">1080<\/td><td class=\"has-text-align-center\" data-align=\"center\">43<\/td><td class=\"has-text-align-center\" data-align=\"center\">KV<\/td><td class=\"has-text-align-center\" data-align=\"center\">6<\/td><\/tr><tr><td class=\"has-text-align-center\" data-align=\"center\">FF-2G-1380<\/td><td class=\"has-text-align-center\" data-align=\"center\">1380<\/td><td class=\"has-text-align-center\" data-align=\"center\">54<\/td><td class=\"has-text-align-center\" data-align=\"center\">KV<\/td><td class=\"has-text-align-center\" data-align=\"center\">7<\/td><\/tr><tr><td class=\"has-text-align-center\" data-align=\"center\">FF-2G-1525<\/td><td class=\"has-text-align-center\" data-align=\"center\">1525<\/td><td class=\"has-text-align-center\" data-align=\"center\">60<\/td><td class=\"has-text-align-center\" data-align=\"center\">KV<\/td><td class=\"has-text-align-center\" data-align=\"center\">8<\/td><\/tr><tr><td class=\"has-text-align-center\" data-align=\"center\">FF-3K-1575<\/td><td class=\"has-text-align-center\" data-align=\"center\">1575<\/td><td class=\"has-text-align-center\" data-align=\"center\">62<\/td><td class=\"has-text-align-center\" data-align=\"center\">KV<\/td><td class=\"has-text-align-center\" data-align=\"center\">8<\/td><\/tr><tr><td class=\"has-text-align-center\" data-align=\"center\">FF-3K-1680<\/td><td class=\"has-text-align-center\" data-align=\"center\">1680<\/td><td class=\"has-text-align-center\" data-align=\"center\">66<\/td><td class=\"has-text-align-center\" data-align=\"center\">KV<\/td><td class=\"has-text-align-center\" data-align=\"center\">9<\/td><\/tr><tr><td class=\"has-text-align-center\" data-align=\"center\">FF-3K-1850<\/td><td class=\"has-text-align-center\" data-align=\"center\">1850<\/td><td class=\"has-text-align-center\" data-align=\"center\">73<\/td><td class=\"has-text-align-center\" data-align=\"center\">KV<\/td><td class=\"has-text-align-center\" data-align=\"center\">10<\/td><\/tr><\/tbody><\/table><\/figure>\n","protected":false},"excerpt":{"rendered":"<p>FARM FORK Die WHITES Farm Fork ist eine Standardgabel (ohne Greifer), die f\u00fcr die Handhabung von Ballen und Mist geeignet ist. MODELLE Teilenummer Breite (mm) Breite (Zoll) Zinken Anzahl der Zinken FF-1G-0890 890 35 KV 5 FF-1G-1080 1080 43 KV 6 FF-2G-1380 1380 54 KV 7 FF-2G-1525 1525 60 KV 8 FF-3K-1575 1575 62 KV&hellip;<\/p>\n","protected":false},"featured_media":5672,"template":"","meta":{"_acf_changed":false},"product_brand":[],"product_cat":[309],"product_tag":[],"class_list":{"2":"type-product","7":"product","8":"first","9":"instock","10":"taxable","11":"shipping-taxable","12":"product-type-simple"},"acf":[],"_links":{"self":[{"href":"https:\/\/www.whitesmh.co.uk\/de\/wp-json\/wp\/v2\/product\/5768","targetHints":{"allow":["GET"]}}],"collection":[{"href":"https:\/\/www.whitesmh.co.uk\/de\/wp-json\/wp\/v2\/product"}],"about":[{"href":"https:\/\/www.whitesmh.co.uk\/de\/wp-json\/wp\/v2\/types\/product"}],"wp:featuredmedia":[{"embeddable":true,"href":"https:\/\/www.whitesmh.co.uk\/de\/wp-json\/wp\/v2\/media\/5672"}],"wp:attachment":[{"href":"https:\/\/www.whitesmh.co.uk\/de\/wp-json\/wp\/v2\/media?parent=5768"}],"wp:term":[{"taxonomy":"product_brand","embeddable":true,"href":"https:\/\/www.whitesmh.co.uk\/de\/wp-json\/wp\/v2\/product_brand?post=5768"},{"taxonomy":"product_cat","embeddable":true,"href":"https:\/\/www.whitesmh.co.uk\/de\/wp-json\/wp\/v2\/product_cat?post=5768"},{"taxonomy":"product_tag","embeddable":true,"href":"https:\/\/www.whitesmh.co.uk\/de\/wp-json\/wp\/v2\/product_tag?post=5768"}],"curies":[{"name":"wp","href":"https:\/\/api.w.org\/{rel}","templated":true}]}}