{"id":5749,"date":"2023-12-15T10:31:02","date_gmt":"2023-12-15T10:31:02","guid":{"rendered":"https:\/\/www.whitesmh.co.uk\/products\/dachstuhl-handler\/"},"modified":"2024-11-19T11:29:06","modified_gmt":"2024-11-19T11:29:06","slug":"dachstuhl-handler","status":"publish","type":"product","link":"https:\/\/www.whitesmh.co.uk\/de\/produkt\/dachstuhl-handler\/","title":{"rendered":"Dachstuhl-Handler"},"content":{"rendered":"\n<div class=\"wp-block-columns is-layout-flex wp-container-core-columns-is-layout-28f84493 wp-block-columns-is-layout-flex\">\n<div class=\"wp-block-column is-vertically-aligned-center is-layout-flow wp-block-column-is-layout-flow\">\n<figure class=\"wp-block-image size-full\"><img loading=\"lazy\" decoding=\"async\" width=\"2000\" height=\"1550\" src=\"https:\/\/www.whitesmh.co.uk\/wp-content\/uploads\/Roof-Truss-Jib.jpg\" alt=\"\" class=\"wp-image-2235\" srcset=\"https:\/\/www.whitesmh.co.uk\/wp-content\/uploads\/Roof-Truss-Jib.jpg 2000w, https:\/\/www.whitesmh.co.uk\/wp-content\/uploads\/Roof-Truss-Jib-600x465.jpg 600w, https:\/\/www.whitesmh.co.uk\/wp-content\/uploads\/Roof-Truss-Jib-800x620.jpg 800w, https:\/\/www.whitesmh.co.uk\/wp-content\/uploads\/Roof-Truss-Jib-768x595.jpg 768w\" sizes=\"auto, (max-width: 800px) 100vw, 800px\" \/><\/figure>\n<\/div>\n\n\n\n<div class=\"wp-block-column is-layout-flow wp-block-column-is-layout-flow\">\n<h2 class=\"wp-block-heading\" style=\"text-transform:uppercase\">DACHSTUHL-HANDLER<\/h2>\n\n\n\n<p>Der WHITES Dachstuhl-Handler erm\u00f6glicht die sichere Handhabung von Material auf Baustellen &#8211; und bietet Teleskopladern vor Ort eine gro\u00dfe Reichweite.  <\/p>\n\n\n\n<ul class=\"wp-block-list\">\n<li>Lieferung mit Pr\u00fcfzertifikat<\/li>\n\n\n\n<li>Erm\u00f6glicht die sichere Positionierung von Dachst\u00fchlen im Geb\u00e4ude<\/li>\n\n\n\n<li>Einstellbar von 4 Meter &#8211; 6 Meter<\/li>\n\n\n\n<li>Nenntragf\u00e4higkeit 600 kg<\/li>\n\n\n\n<li>Lieferung mit D-Sch\u00e4kel, Karabinerhaken und Traversenhaken<\/li>\n\n\n\n<li>Integrierter Parkfu\u00df<\/li>\n<\/ul>\n\n\n\n<div class=\"wp-block-columns is-layout-flex wp-container-core-columns-is-layout-28f84493 wp-block-columns-is-layout-flex\">\n<div class=\"wp-block-column is-layout-flow wp-block-column-is-layout-flow\" style=\"flex-basis:100%\">\n<figure class=\"wp-block-image size-full is-resized\"><img loading=\"lazy\" decoding=\"async\" width=\"626\" height=\"152\" src=\"https:\/\/www.whitesmh.co.uk\/wp-content\/uploads\/Made-in-Britain2.png\" alt=\"\" class=\"wp-image-924\" style=\"width:268px;height:auto\" srcset=\"https:\/\/www.whitesmh.co.uk\/wp-content\/uploads\/Made-in-Britain2.png 626w, https:\/\/www.whitesmh.co.uk\/wp-content\/uploads\/Made-in-Britain2-600x146.png 600w\" sizes=\"auto, (max-width: 626px) 100vw, 626px\" \/><\/figure>\n<\/div>\n<\/div>\n\n\n\n<div class=\"wp-block-buttons is-layout-flex wp-block-buttons-is-layout-flex\">\n<div class=\"wp-block-button\"><a class=\"wp-block-button__link wp-element-button\" href=\"https:\/\/www.whitesmh.co.uk\/contact\/\">KONTAKTIEREN SIE UNS<\/a><\/div>\n\n\n\n<div class=\"wp-block-button\"><a class=\"wp-block-button__link wp-element-button\" href=\"https:\/\/www.whitesmh.co.uk\/docs\/roof-truss-handler-product-support\/\">PRODUKT-SUPPORT<\/a><\/div>\n\n\n\n<div class=\"wp-block-button\"><a class=\"wp-block-button__link wp-element-button\" href=\"https:\/\/www.whitesmh.co.uk\/wp-content\/uploads\/WMH-Data-Sheet-Roof-Truss-Jib.pptx\" target=\"_blank\" rel=\"noreferrer noopener\">DATENBLATT<\/a><\/div>\n<\/div>\n<\/div>\n<\/div>\n\n<div class=\"wp-block-group is-layout-flow wp-block-group-is-layout-flow\">\n<div class=\"wp-block-group has-primary-background-color has-background is-layout-flow wp-block-group-is-layout-flow\" style=\"margin-top:30px;margin-bottom:30px;padding-top:var(--wp--preset--spacing--40);padding-right:var(--wp--preset--spacing--40);padding-bottom:var(--wp--preset--spacing--40);padding-left:var(--wp--preset--spacing--40)\">\n<h3 class=\"wp-block-heading\">DIAGRAMM LADEN<\/h3>\n<\/div>\n<\/div>\n\n<figure class=\"wp-block-image alignfull size-full\"><img loading=\"lazy\" decoding=\"async\" width=\"728\" height=\"330\" src=\"https:\/\/www.whitesmh.co.uk\/wp-content\/uploads\/Untitled-3.jpg\" alt=\"\" class=\"wp-image-2238\" srcset=\"https:\/\/www.whitesmh.co.uk\/wp-content\/uploads\/Untitled-3.jpg 728w, https:\/\/www.whitesmh.co.uk\/wp-content\/uploads\/Untitled-3-600x272.jpg 600w\" sizes=\"auto, (max-width: 728px) 100vw, 728px\" \/><\/figure>\n","protected":false},"excerpt":{"rendered":"<p>DACHSTUHL-HANDLER Der WHITES Dachstuhl-Handler erm\u00f6glicht die sichere Handhabung von Material auf Baustellen &#8211; und bietet Teleskopladern vor Ort eine gro\u00dfe Reichweite. DIAGRAMM LADEN<\/p>\n","protected":false},"featured_media":5751,"template":"","meta":{"_acf_changed":false},"product_brand":[],"product_cat":[311],"product_tag":[],"class_list":{"2":"type-product","7":"product","8":"first","9":"instock","10":"taxable","11":"shipping-taxable","12":"product-type-simple"},"acf":[],"_links":{"self":[{"href":"https:\/\/www.whitesmh.co.uk\/de\/wp-json\/wp\/v2\/product\/5749","targetHints":{"allow":["GET"]}}],"collection":[{"href":"https:\/\/www.whitesmh.co.uk\/de\/wp-json\/wp\/v2\/product"}],"about":[{"href":"https:\/\/www.whitesmh.co.uk\/de\/wp-json\/wp\/v2\/types\/product"}],"wp:featuredmedia":[{"embeddable":true,"href":"https:\/\/www.whitesmh.co.uk\/de\/wp-json\/wp\/v2\/media\/5751"}],"wp:attachment":[{"href":"https:\/\/www.whitesmh.co.uk\/de\/wp-json\/wp\/v2\/media?parent=5749"}],"wp:term":[{"taxonomy":"product_brand","embeddable":true,"href":"https:\/\/www.whitesmh.co.uk\/de\/wp-json\/wp\/v2\/product_brand?post=5749"},{"taxonomy":"product_cat","embeddable":true,"href":"https:\/\/www.whitesmh.co.uk\/de\/wp-json\/wp\/v2\/product_cat?post=5749"},{"taxonomy":"product_tag","embeddable":true,"href":"https:\/\/www.whitesmh.co.uk\/de\/wp-json\/wp\/v2\/product_tag?post=5749"}],"curies":[{"name":"wp","href":"https:\/\/api.w.org\/{rel}","templated":true}]}}