{"id":5720,"date":"2023-12-10T14:35:59","date_gmt":"2023-12-10T14:35:59","guid":{"rendered":"https:\/\/www.whitesmh.co.uk\/products\/palettengabeln-mit-seitenschieber\/"},"modified":"2024-11-19T11:17:45","modified_gmt":"2024-11-19T11:17:45","slug":"palettengabeln-mit-seitenschieber","status":"publish","type":"product","link":"https:\/\/www.whitesmh.co.uk\/de\/produkt\/palettengabeln-mit-seitenschieber\/","title":{"rendered":"Palettengabeln mit Seitenschieber"},"content":{"rendered":"\n<div class=\"wp-block-columns is-layout-flex wp-container-core-columns-is-layout-28f84493 wp-block-columns-is-layout-flex\">\n<div class=\"wp-block-column is-vertically-aligned-center is-layout-flow wp-block-column-is-layout-flow\">\n<figure class=\"wp-block-image size-full\"><img loading=\"lazy\" decoding=\"async\" width=\"1355\" height=\"1016\" src=\"https:\/\/www.whitesmh.co.uk\/wp-content\/uploads\/Skidsteer-Side-Shift.jpg\" alt=\"\" class=\"wp-image-2006\" srcset=\"https:\/\/www.whitesmh.co.uk\/wp-content\/uploads\/Skidsteer-Side-Shift.jpg 1355w, https:\/\/www.whitesmh.co.uk\/wp-content\/uploads\/Skidsteer-Side-Shift-600x450.jpg 600w, https:\/\/www.whitesmh.co.uk\/wp-content\/uploads\/Skidsteer-Side-Shift-800x600.jpg 800w, https:\/\/www.whitesmh.co.uk\/wp-content\/uploads\/Skidsteer-Side-Shift-768x576.jpg 768w\" sizes=\"auto, (max-width: 800px) 100vw, 800px\" \/><\/figure>\n<\/div>\n\n\n\n<div class=\"wp-block-column is-layout-flow wp-block-column-is-layout-flow\">\n<h2 class=\"wp-block-heading\" style=\"text-transform:uppercase\">SEITENSCHIEBER-PALETTENGABELN<\/h2>\n\n\n\n<p>Die WHITES Side Shift Palettengabeln sind eine fantastische Option f\u00fcr Baustoffh\u00e4ndler, Gartencenter, H\u00e4ndler und andere Standorte, die konsequent mit Gabeln beladen werden. Die Gabeln k\u00f6nnen um 100 mm nach links oder rechts verschoben werden, was ein pr\u00e4zises, enges Stapeln erm\u00f6glicht.  <\/p>\n\n\n\n<ul class=\"wp-block-list\">\n<li>Palettengabeln, Palettengabeltr\u00e4ger und Seitenschiebereinheit im Lieferumfang enthalten<\/li>\n\n\n\n<li>Hydraulisch bet\u00e4tigter Seitenschieber<\/li>\n\n\n\n<li>Positioniert die Ladung schnell und bequem von Ihrer Kabine aus<\/li>\n\n\n\n<li>100 mm Verfahrweg in beide Richtungen von der Mitte<\/li>\n\n\n\n<li>Optionaler \u00dcberlaufschutz<\/li>\n<\/ul>\n\n\n\n<div class=\"wp-block-columns is-layout-flex wp-container-core-columns-is-layout-28f84493 wp-block-columns-is-layout-flex\">\n<div class=\"wp-block-column is-layout-flow wp-block-column-is-layout-flow\" style=\"flex-basis:100%\">\n<figure class=\"wp-block-image size-full is-resized\"><img loading=\"lazy\" decoding=\"async\" width=\"626\" height=\"149\" src=\"https:\/\/www.whitesmh.co.uk\/wp-content\/uploads\/image.png\" alt=\"\" class=\"wp-image-635\" style=\"width:268px;height:auto\" srcset=\"https:\/\/www.whitesmh.co.uk\/wp-content\/uploads\/image.png 626w, https:\/\/www.whitesmh.co.uk\/wp-content\/uploads\/image-600x143.png 600w\" sizes=\"auto, (max-width: 626px) 100vw, 626px\" \/><\/figure>\n<\/div>\n<\/div>\n\n\n\n<div class=\"wp-block-buttons is-layout-flex wp-block-buttons-is-layout-flex\">\n<div class=\"wp-block-button\"><a class=\"wp-block-button__link wp-element-button\" href=\"https:\/\/www.whitesmh.co.uk\/contact\/\">KONTAKTIEREN SIE UNS<\/a><\/div>\n\n\n\n<div class=\"wp-block-button\"><a class=\"wp-block-button__link wp-element-button\" href=\"https:\/\/www.whitesmh.co.uk\/product-support\/\">PRODUKT-SUPPORT<\/a><\/div>\n<\/div>\n<\/div>\n<\/div>\n\n<div class=\"wp-block-group is-layout-flow wp-block-group-is-layout-flow\">\n<div class=\"wp-block-group has-primary-background-color has-background is-layout-flow wp-block-group-is-layout-flow\" style=\"margin-top:30px;margin-bottom:30px;padding-top:var(--wp--preset--spacing--40);padding-right:var(--wp--preset--spacing--40);padding-bottom:var(--wp--preset--spacing--40);padding-left:var(--wp--preset--spacing--40)\">\n<h3 class=\"wp-block-heading\">MODELLE<\/h3>\n<\/div>\n<\/div>\n\n<figure class=\"wp-block-table\"><table><tbody><tr><td class=\"has-text-align-center\" data-align=\"center\"><strong>Teilenummer<\/strong><\/td><td class=\"has-text-align-center\" data-align=\"center\"><strong>Gabell\u00e4nge (mm)<\/strong><\/td><td class=\"has-text-align-center\" data-align=\"center\"><strong>Gabell\u00e4nge (Zoll)<\/strong><\/td><\/tr><tr><td class=\"has-text-align-center\" data-align=\"center\">PF-SS-1100<\/td><td class=\"has-text-align-center\" data-align=\"center\">1100<\/td><td class=\"has-text-align-center\" data-align=\"center\">43<\/td><\/tr><tr><td class=\"has-text-align-center\" data-align=\"center\">PF-SS-1200<\/td><td class=\"has-text-align-center\" data-align=\"center\">1200<\/td><td class=\"has-text-align-center\" data-align=\"center\">47<\/td><\/tr><\/tbody><\/table><\/figure>\n\n<div style=\"height:36px\" aria-hidden=\"true\" class=\"wp-block-spacer\"><\/div>\n\n<div class=\"wp-block-group is-layout-constrained wp-block-group-is-layout-constrained\">\n<figure class=\"wp-block-embed is-type-video is-provider-youtube wp-block-embed-youtube wp-embed-aspect-4-3 wp-has-aspect-ratio\"><div class=\"wp-block-embed__wrapper\">\n<iframe loading=\"lazy\" title=\"SIDE SHIFT PALLET FORKS - MANITOU - TELEHANDLER\" width=\"800\" height=\"600\" src=\"https:\/\/www.youtube.com\/embed\/1d_x336VWnc?feature=oembed\" frameborder=\"0\" allow=\"accelerometer; autoplay; clipboard-write; encrypted-media; gyroscope; picture-in-picture; web-share\" referrerpolicy=\"strict-origin-when-cross-origin\" allowfullscreen><\/iframe>\n<\/div><\/figure>\n<\/div>\n","protected":false},"excerpt":{"rendered":"<p>SEITENSCHIEBER-PALETTENGABELN Die WHITES Side Shift Palettengabeln sind eine fantastische Option f\u00fcr Baustoffh\u00e4ndler, Gartencenter, H\u00e4ndler und andere Standorte, die konsequent mit Gabeln beladen werden. Die Gabeln k\u00f6nnen um 100 mm nach links oder rechts verschoben werden, was ein pr\u00e4zises, enges Stapeln erm\u00f6glicht. MODELLE Teilenummer Gabell\u00e4nge (mm) Gabell\u00e4nge (Zoll) PF-SS-1100 1100 43 PF-SS-1200 1200 47<\/p>\n","protected":false},"featured_media":5721,"template":"","meta":{"_acf_changed":false},"product_brand":[],"product_cat":[309],"product_tag":[],"class_list":{"2":"type-product","7":"product","8":"first","9":"instock","10":"taxable","11":"shipping-taxable","12":"product-type-simple"},"acf":[],"_links":{"self":[{"href":"https:\/\/www.whitesmh.co.uk\/de\/wp-json\/wp\/v2\/product\/5720","targetHints":{"allow":["GET"]}}],"collection":[{"href":"https:\/\/www.whitesmh.co.uk\/de\/wp-json\/wp\/v2\/product"}],"about":[{"href":"https:\/\/www.whitesmh.co.uk\/de\/wp-json\/wp\/v2\/types\/product"}],"wp:featuredmedia":[{"embeddable":true,"href":"https:\/\/www.whitesmh.co.uk\/de\/wp-json\/wp\/v2\/media\/5721"}],"wp:attachment":[{"href":"https:\/\/www.whitesmh.co.uk\/de\/wp-json\/wp\/v2\/media?parent=5720"}],"wp:term":[{"taxonomy":"product_brand","embeddable":true,"href":"https:\/\/www.whitesmh.co.uk\/de\/wp-json\/wp\/v2\/product_brand?post=5720"},{"taxonomy":"product_cat","embeddable":true,"href":"https:\/\/www.whitesmh.co.uk\/de\/wp-json\/wp\/v2\/product_cat?post=5720"},{"taxonomy":"product_tag","embeddable":true,"href":"https:\/\/www.whitesmh.co.uk\/de\/wp-json\/wp\/v2\/product_tag?post=5720"}],"curies":[{"name":"wp","href":"https:\/\/api.w.org\/{rel}","templated":true}]}}