{"id":5684,"date":"2023-12-10T14:15:21","date_gmt":"2023-12-10T14:15:21","guid":{"rendered":"https:\/\/www.whitesmh.co.uk\/products\/schwerlast-gabel-und-greifer\/"},"modified":"2024-11-19T11:19:36","modified_gmt":"2024-11-19T11:19:36","slug":"schwerlast-gabel-und-greifer","status":"publish","type":"product","link":"https:\/\/www.whitesmh.co.uk\/de\/produkt\/schwerlast-gabel-und-greifer\/","title":{"rendered":"Schwerlast-Gabel und Greifer"},"content":{"rendered":"\n<div class=\"wp-block-columns is-layout-flex wp-container-core-columns-is-layout-28f84493 wp-block-columns-is-layout-flex\">\n<div class=\"wp-block-column is-vertically-aligned-center is-layout-flow wp-block-column-is-layout-flow\">\n<figure class=\"wp-block-image size-full\"><img loading=\"lazy\" decoding=\"async\" width=\"1110\" height=\"1110\" src=\"https:\/\/www.whitesmh.co.uk\/wp-content\/uploads\/Skidsteer-Grapple.jpg\" alt=\"\" class=\"wp-image-2350\" srcset=\"https:\/\/www.whitesmh.co.uk\/wp-content\/uploads\/Skidsteer-Grapple.jpg 1110w, https:\/\/www.whitesmh.co.uk\/wp-content\/uploads\/Skidsteer-Grapple-300x300.jpg 300w, https:\/\/www.whitesmh.co.uk\/wp-content\/uploads\/Skidsteer-Grapple-100x100.jpg 100w, https:\/\/www.whitesmh.co.uk\/wp-content\/uploads\/Skidsteer-Grapple-600x600.jpg 600w, https:\/\/www.whitesmh.co.uk\/wp-content\/uploads\/Skidsteer-Grapple-400x400.jpg 400w, https:\/\/www.whitesmh.co.uk\/wp-content\/uploads\/Skidsteer-Grapple-800x800.jpg 800w, https:\/\/www.whitesmh.co.uk\/wp-content\/uploads\/Skidsteer-Grapple-768x768.jpg 768w\" sizes=\"auto, (max-width: 800px) 100vw, 800px\" \/><\/figure>\n<\/div>\n\n\n\n<div class=\"wp-block-column is-layout-flow wp-block-column-is-layout-flow\">\n<h2 class=\"wp-block-heading\" style=\"text-transform:uppercase\">HEAVY DUTY GABEL &amp; GREIFER<\/h2>\n\n\n\n<p>F\u00fcr Kunden, die einen Kompaktlader mit bis zu 1,50 Tonnen Hub betreiben, ist der WHITES Heavy Duty Gabel- und Greifergreifer das ideale Anbauger\u00e4t f\u00fcr Mist- und allgemeine landwirtschaftliche Anwendungen.  <\/p>\n\n\n\n<ul class=\"wp-block-list\">\n<li>Robuste Konstruktion<\/li>\n\n\n\n<li>Leistungsstarker Doppelzylindergreifer<\/li>\n\n\n\n<li>Austauschbare geschmiedete KV-Zinken mit hohem Kohlenstoffgehalt<\/li>\n\n\n\n<li>Profilierte Greiferzinken<\/li>\n\n\n\n<li>Der Greifer \u00f6ffnet sich weit genug, um Rundballen zu greifen &#8211; 1220 mm<\/li>\n\n\n\n<li>Fettstifte<\/li>\n\n\n\n<li>Pads tragen<\/li>\n\n\n\n<li>Verarbeitet landwirtschaftliche Abf\u00e4lle, Ballen und Silage<\/li>\n\n\n\n<li>Geeignet f\u00fcr Maschinen mit einer Betriebskapazit\u00e4t von bis zu 1,5 Tonnen<\/li>\n<\/ul>\n\n\n\n<div class=\"wp-block-columns is-layout-flex wp-container-core-columns-is-layout-28f84493 wp-block-columns-is-layout-flex\">\n<div class=\"wp-block-column is-layout-flow wp-block-column-is-layout-flow\" style=\"flex-basis:100%\">\n<figure class=\"wp-block-image size-full is-resized\"><img loading=\"lazy\" decoding=\"async\" width=\"626\" height=\"149\" src=\"https:\/\/www.whitesmh.co.uk\/wp-content\/uploads\/image.png\" alt=\"\" class=\"wp-image-635\" style=\"width:268px;height:auto\" srcset=\"https:\/\/www.whitesmh.co.uk\/wp-content\/uploads\/image.png 626w, https:\/\/www.whitesmh.co.uk\/wp-content\/uploads\/image-600x143.png 600w\" sizes=\"auto, (max-width: 626px) 100vw, 626px\" \/><\/figure>\n<\/div>\n<\/div>\n\n\n\n<div class=\"wp-block-buttons is-layout-flex wp-block-buttons-is-layout-flex\">\n<div class=\"wp-block-button\"><a class=\"wp-block-button__link wp-element-button\" href=\"https:\/\/www.whitesmh.co.uk\/contact\/\">KONTAKTIEREN SIE UNS<\/a><\/div>\n\n\n\n<div class=\"wp-block-button\"><a class=\"wp-block-button__link wp-element-button\" href=\"https:\/\/www.whitesmh.co.uk\/support\/grapples-product-support\/\">PRODUKT-SUPPORT<\/a><\/div>\n<\/div>\n<\/div>\n<\/div>\n\n<div class=\"wp-block-group is-layout-flow wp-block-group-is-layout-flow\">\n<div class=\"wp-block-group has-primary-background-color has-background is-layout-flow wp-block-group-is-layout-flow\" style=\"margin-top:30px;margin-bottom:30px;padding-top:var(--wp--preset--spacing--40);padding-right:var(--wp--preset--spacing--40);padding-bottom:var(--wp--preset--spacing--40);padding-left:var(--wp--preset--spacing--40)\">\n<h3 class=\"wp-block-heading\">MODELLE<\/h3>\n<\/div>\n<\/div>\n\n<figure class=\"wp-block-table\"><table><tbody><tr><td class=\"has-text-align-center\" data-align=\"center\"><strong>Teilenummer<\/strong><\/td><td class=\"has-text-align-center\" data-align=\"center\"><strong>Breite (mm)<\/strong><\/td><td class=\"has-text-align-center\" data-align=\"center\"><strong>Breite (Zoll)<\/strong><\/td><td class=\"has-text-align-center\" data-align=\"center\"><strong>Greifer-\u00d6ffnung (mm)<\/strong><\/td><td class=\"has-text-align-center\" data-align=\"center\"><strong>Rams<\/strong><\/td><td class=\"has-text-align-center\" data-align=\"center\"><strong>Greifzinken<\/strong><\/td><td class=\"has-text-align-center\" data-align=\"center\"><strong>Basis-Zinken<\/strong><\/td><td class=\"has-text-align-center\" data-align=\"center\"><strong>Anzahl der Zinken<\/strong><\/td><td class=\"has-text-align-center\" data-align=\"center\"><strong>Ungef\u00e4hres Gewicht (KG)<\/strong><\/td><\/tr><tr><td class=\"has-text-align-center\" data-align=\"center\">FG-3K-1525<\/td><td class=\"has-text-align-center\" data-align=\"center\">1525<\/td><td class=\"has-text-align-center\" data-align=\"center\">60<\/td><td class=\"has-text-align-center\" data-align=\"center\">1220<\/td><td class=\"has-text-align-center\" data-align=\"center\">2<\/td><td class=\"has-text-align-center\" data-align=\"center\">Profil<\/td><td class=\"has-text-align-center\" data-align=\"center\">KV<\/td><td class=\"has-text-align-center\" data-align=\"center\">8<\/td><td class=\"has-text-align-center\" data-align=\"center\">260<\/td><\/tr><tr><td class=\"has-text-align-center\" data-align=\"center\">FG-3K-1680<\/td><td class=\"has-text-align-center\" data-align=\"center\">1680<\/td><td class=\"has-text-align-center\" data-align=\"center\">66<\/td><td class=\"has-text-align-center\" data-align=\"center\">1220<\/td><td class=\"has-text-align-center\" data-align=\"center\">2<\/td><td class=\"has-text-align-center\" data-align=\"center\">Profil<\/td><td class=\"has-text-align-center\" data-align=\"center\">KV<\/td><td class=\"has-text-align-center\" data-align=\"center\">9<\/td><td class=\"has-text-align-center\" data-align=\"center\">278<\/td><\/tr><tr><td class=\"has-text-align-center\" data-align=\"center\">FG-3K-1760<\/td><td class=\"has-text-align-center\" data-align=\"center\">1760<\/td><td class=\"has-text-align-center\" data-align=\"center\">69<\/td><td class=\"has-text-align-center\" data-align=\"center\">1220<\/td><td class=\"has-text-align-center\" data-align=\"center\">2<\/td><td class=\"has-text-align-center\" data-align=\"center\">Profil<\/td><td class=\"has-text-align-center\" data-align=\"center\">KV<\/td><td class=\"has-text-align-center\" data-align=\"center\">9<\/td><td class=\"has-text-align-center\" data-align=\"center\">317<\/td><\/tr><tr><td class=\"has-text-align-center\" data-align=\"center\">FG-3K-1850<\/td><td class=\"has-text-align-center\" data-align=\"center\">1850<\/td><td class=\"has-text-align-center\" data-align=\"center\">73<\/td><td class=\"has-text-align-center\" data-align=\"center\">1220<\/td><td class=\"has-text-align-center\" data-align=\"center\">2<\/td><td class=\"has-text-align-center\" data-align=\"center\">Profil<\/td><td class=\"has-text-align-center\" data-align=\"center\">KV<\/td><td class=\"has-text-align-center\" data-align=\"center\">10<\/td><td class=\"has-text-align-center\" data-align=\"center\">331<\/td><\/tr><tr><td class=\"has-text-align-center\" data-align=\"center\">FG-3K-2080<\/td><td class=\"has-text-align-center\" data-align=\"center\">2080<\/td><td class=\"has-text-align-center\" data-align=\"center\">82<\/td><td class=\"has-text-align-center\" data-align=\"center\">1220<\/td><td class=\"has-text-align-center\" data-align=\"center\">2<\/td><td class=\"has-text-align-center\" data-align=\"center\">Profil<\/td><td class=\"has-text-align-center\" data-align=\"center\">KV<\/td><td class=\"has-text-align-center\" data-align=\"center\">11<\/td><td class=\"has-text-align-center\" data-align=\"center\">358<\/td><\/tr><tr><td class=\"has-text-align-center\" data-align=\"center\">FG-3K-2140<\/td><td class=\"has-text-align-center\" data-align=\"center\">2140<\/td><td class=\"has-text-align-center\" data-align=\"center\">84<\/td><td class=\"has-text-align-center\" data-align=\"center\">1220<\/td><td class=\"has-text-align-center\" data-align=\"center\">2<\/td><td class=\"has-text-align-center\" data-align=\"center\">Profil<\/td><td class=\"has-text-align-center\" data-align=\"center\">KV<\/td><td class=\"has-text-align-center\" data-align=\"center\">11<\/td><td class=\"has-text-align-center\" data-align=\"center\">374<\/td><\/tr><\/tbody><\/table><\/figure>\n\n<div class=\"wp-block-group is-layout-constrained wp-block-group-is-layout-constrained\">\n<div class=\"wp-block-group alignfull has-primary-background-color has-background is-layout-flow wp-block-group-is-layout-flow\" style=\"margin-top:30px;margin-bottom:30px;padding-top:var(--wp--preset--spacing--40);padding-right:var(--wp--preset--spacing--40);padding-bottom:var(--wp--preset--spacing--40);padding-left:var(--wp--preset--spacing--40)\">\n<h3 class=\"wp-block-heading alignfull\">GALERIE<\/h3>\n<\/div>\n\n\n\n<figure class=\"wp-block-gallery alignfull has-nested-images columns-4 is-cropped wp-block-gallery-1 is-layout-flex wp-block-gallery-is-layout-flex\">\n<figure class=\"wp-block-image alignfull size-thumbnail\"><a href=\"https:\/\/www.whitesmh.co.uk\/wp-content\/uploads\/IMG_1729-scaled.jpg\"><img loading=\"lazy\" decoding=\"async\" width=\"400\" height=\"400\" data-id=\"2375\" src=\"https:\/\/www.whitesmh.co.uk\/wp-content\/uploads\/IMG_1729-400x400.jpg\" alt=\"\" class=\"wp-image-2375\" srcset=\"https:\/\/www.whitesmh.co.uk\/wp-content\/uploads\/IMG_1729-400x400.jpg 400w, https:\/\/www.whitesmh.co.uk\/wp-content\/uploads\/IMG_1729-scaled-300x300.jpg 300w, https:\/\/www.whitesmh.co.uk\/wp-content\/uploads\/IMG_1729-scaled-100x100.jpg 100w\" sizes=\"auto, (max-width: 400px) 100vw, 400px\" \/><\/a><\/figure>\n\n\n\n<figure class=\"wp-block-image size-thumbnail\"><a href=\"https:\/\/www.whitesmh.co.uk\/wp-content\/uploads\/67-2.jpg\"><img loading=\"lazy\" decoding=\"async\" width=\"400\" height=\"400\" data-id=\"2367\" src=\"https:\/\/www.whitesmh.co.uk\/wp-content\/uploads\/67-2-400x400.jpg\" alt=\"\" class=\"wp-image-2367\" srcset=\"https:\/\/www.whitesmh.co.uk\/wp-content\/uploads\/67-2-400x400.jpg 400w, https:\/\/www.whitesmh.co.uk\/wp-content\/uploads\/67-2-300x300.jpg 300w, https:\/\/www.whitesmh.co.uk\/wp-content\/uploads\/67-2-100x100.jpg 100w\" sizes=\"auto, (max-width: 400px) 100vw, 400px\" \/><\/a><\/figure>\n\n\n\n<figure class=\"wp-block-image size-thumbnail\"><a href=\"https:\/\/www.whitesmh.co.uk\/wp-content\/uploads\/Fork-and-Grapple.jpg\"><img loading=\"lazy\" decoding=\"async\" width=\"400\" height=\"400\" data-id=\"2373\" src=\"https:\/\/www.whitesmh.co.uk\/wp-content\/uploads\/Fork-and-Grapple-400x400.jpg\" alt=\"\" class=\"wp-image-2373\" srcset=\"https:\/\/www.whitesmh.co.uk\/wp-content\/uploads\/Fork-and-Grapple-400x400.jpg 400w, https:\/\/www.whitesmh.co.uk\/wp-content\/uploads\/Fork-and-Grapple-300x300.jpg 300w, https:\/\/www.whitesmh.co.uk\/wp-content\/uploads\/Fork-and-Grapple-100x100.jpg 100w\" sizes=\"auto, (max-width: 400px) 100vw, 400px\" \/><\/a><\/figure>\n\n\n\n<figure class=\"wp-block-image size-thumbnail\"><a href=\"https:\/\/www.whitesmh.co.uk\/wp-content\/uploads\/Fork-and-Grapple2.jpg\"><img loading=\"lazy\" decoding=\"async\" width=\"400\" height=\"400\" data-id=\"2372\" src=\"https:\/\/www.whitesmh.co.uk\/wp-content\/uploads\/Fork-and-Grapple2-400x400.jpg\" alt=\"\" class=\"wp-image-2372\" srcset=\"https:\/\/www.whitesmh.co.uk\/wp-content\/uploads\/Fork-and-Grapple2-400x400.jpg 400w, https:\/\/www.whitesmh.co.uk\/wp-content\/uploads\/Fork-and-Grapple2-300x300.jpg 300w, https:\/\/www.whitesmh.co.uk\/wp-content\/uploads\/Fork-and-Grapple2-100x100.jpg 100w\" sizes=\"auto, (max-width: 400px) 100vw, 400px\" \/><\/a><\/figure>\n\n\n\n<figure class=\"wp-block-image size-thumbnail\"><a href=\"https:\/\/www.whitesmh.co.uk\/wp-content\/uploads\/68-2.jpg\"><img loading=\"lazy\" decoding=\"async\" width=\"400\" height=\"400\" data-id=\"2368\" src=\"https:\/\/www.whitesmh.co.uk\/wp-content\/uploads\/68-2-400x400.jpg\" alt=\"\" class=\"wp-image-2368\" srcset=\"https:\/\/www.whitesmh.co.uk\/wp-content\/uploads\/68-2-400x400.jpg 400w, https:\/\/www.whitesmh.co.uk\/wp-content\/uploads\/68-2-300x300.jpg 300w, https:\/\/www.whitesmh.co.uk\/wp-content\/uploads\/68-2-100x100.jpg 100w\" sizes=\"auto, (max-width: 400px) 100vw, 400px\" \/><\/a><\/figure>\n\n\n\n<figure class=\"wp-block-image size-thumbnail\"><a href=\"https:\/\/www.whitesmh.co.uk\/wp-content\/uploads\/d2efa58a-b50a-484e-938a-6e7d52a1ca28.jpg\"><img loading=\"lazy\" decoding=\"async\" width=\"400\" height=\"400\" data-id=\"2804\" src=\"https:\/\/www.whitesmh.co.uk\/wp-content\/uploads\/d2efa58a-b50a-484e-938a-6e7d52a1ca28-400x400.jpg\" alt=\"\" class=\"wp-image-2804\" srcset=\"https:\/\/www.whitesmh.co.uk\/wp-content\/uploads\/d2efa58a-b50a-484e-938a-6e7d52a1ca28-400x400.jpg 400w, https:\/\/www.whitesmh.co.uk\/wp-content\/uploads\/d2efa58a-b50a-484e-938a-6e7d52a1ca28-300x300.jpg 300w, https:\/\/www.whitesmh.co.uk\/wp-content\/uploads\/d2efa58a-b50a-484e-938a-6e7d52a1ca28-100x100.jpg 100w\" sizes=\"auto, (max-width: 400px) 100vw, 400px\" \/><\/a><\/figure>\n\n\n\n<figure class=\"wp-block-image size-thumbnail\"><a href=\"https:\/\/www.whitesmh.co.uk\/wp-content\/uploads\/IMG_1731-scaled.jpg\"><img loading=\"lazy\" decoding=\"async\" width=\"400\" height=\"400\" data-id=\"2376\" src=\"https:\/\/www.whitesmh.co.uk\/wp-content\/uploads\/IMG_1731-400x400.jpg\" alt=\"\" class=\"wp-image-2376\" srcset=\"https:\/\/www.whitesmh.co.uk\/wp-content\/uploads\/IMG_1731-400x400.jpg 400w, https:\/\/www.whitesmh.co.uk\/wp-content\/uploads\/IMG_1731-scaled-300x300.jpg 300w, https:\/\/www.whitesmh.co.uk\/wp-content\/uploads\/IMG_1731-scaled-100x100.jpg 100w\" sizes=\"auto, (max-width: 400px) 100vw, 400px\" \/><\/a><\/figure>\n\n\n\n<figure class=\"wp-block-image size-thumbnail\"><a href=\"https:\/\/www.whitesmh.co.uk\/wp-content\/uploads\/70-2.jpg\"><img loading=\"lazy\" decoding=\"async\" width=\"400\" height=\"400\" data-id=\"2370\" src=\"https:\/\/www.whitesmh.co.uk\/wp-content\/uploads\/70-2-400x400.jpg\" alt=\"\" class=\"wp-image-2370\" srcset=\"https:\/\/www.whitesmh.co.uk\/wp-content\/uploads\/70-2-400x400.jpg 400w, https:\/\/www.whitesmh.co.uk\/wp-content\/uploads\/70-2-300x300.jpg 300w, https:\/\/www.whitesmh.co.uk\/wp-content\/uploads\/70-2-100x100.jpg 100w\" sizes=\"auto, (max-width: 400px) 100vw, 400px\" \/><\/a><\/figure>\n<\/figure>\n<\/div>\n","protected":false},"excerpt":{"rendered":"<p>HEAVY DUTY GABEL &amp; GREIFER F\u00fcr Kunden, die einen Kompaktlader mit bis zu 1,50 Tonnen Hub betreiben, ist der WHITES Heavy Duty Gabel- und Greifergreifer das ideale Anbauger\u00e4t f\u00fcr Mist- und allgemeine landwirtschaftliche Anwendungen. MODELLE Teilenummer Breite (mm) Breite (Zoll) Greifer-\u00d6ffnung (mm) Rams Greifzinken Basis-Zinken Anzahl der Zinken Ungef\u00e4hres Gewicht (KG) FG-3K-1525 1525 60 1220&hellip;<\/p>\n","protected":false},"featured_media":5696,"template":"","meta":{"_acf_changed":false},"product_brand":[],"product_cat":[309,312],"product_tag":[],"class_list":{"2":"type-product","8":"product","9":"first","10":"instock","11":"taxable","12":"shipping-taxable","13":"product-type-simple"},"acf":[],"_links":{"self":[{"href":"https:\/\/www.whitesmh.co.uk\/de\/wp-json\/wp\/v2\/product\/5684","targetHints":{"allow":["GET"]}}],"collection":[{"href":"https:\/\/www.whitesmh.co.uk\/de\/wp-json\/wp\/v2\/product"}],"about":[{"href":"https:\/\/www.whitesmh.co.uk\/de\/wp-json\/wp\/v2\/types\/product"}],"wp:featuredmedia":[{"embeddable":true,"href":"https:\/\/www.whitesmh.co.uk\/de\/wp-json\/wp\/v2\/media\/5696"}],"wp:attachment":[{"href":"https:\/\/www.whitesmh.co.uk\/de\/wp-json\/wp\/v2\/media?parent=5684"}],"wp:term":[{"taxonomy":"product_brand","embeddable":true,"href":"https:\/\/www.whitesmh.co.uk\/de\/wp-json\/wp\/v2\/product_brand?post=5684"},{"taxonomy":"product_cat","embeddable":true,"href":"https:\/\/www.whitesmh.co.uk\/de\/wp-json\/wp\/v2\/product_cat?post=5684"},{"taxonomy":"product_tag","embeddable":true,"href":"https:\/\/www.whitesmh.co.uk\/de\/wp-json\/wp\/v2\/product_tag?post=5684"}],"curies":[{"name":"wp","href":"https:\/\/api.w.org\/{rel}","templated":true}]}}