{"id":5629,"date":"2023-12-09T22:17:57","date_gmt":"2023-12-09T22:17:57","guid":{"rendered":"https:\/\/www.whitesmh.co.uk\/products\/4-in-1-eimer-2\/"},"modified":"2024-11-19T11:14:54","modified_gmt":"2024-11-19T11:14:54","slug":"4-in-1-eimer-2","status":"publish","type":"product","link":"https:\/\/www.whitesmh.co.uk\/de\/produkt\/4-in-1-eimer-2\/","title":{"rendered":"4 in 1 Eimer"},"content":{"rendered":"\n<div class=\"wp-block-columns is-layout-flex wp-container-core-columns-is-layout-28f84493 wp-block-columns-is-layout-flex\">\n<div class=\"wp-block-column is-vertically-aligned-center is-layout-flow wp-block-column-is-layout-flow\">\n<figure class=\"wp-block-image size-full\"><img loading=\"lazy\" decoding=\"async\" width=\"1156\" height=\"1156\" src=\"https:\/\/www.whitesmh.co.uk\/wp-content\/uploads\/Skidsteer-4-in-1-Bucket.jpg\" alt=\"\" class=\"wp-image-2412\" srcset=\"https:\/\/www.whitesmh.co.uk\/wp-content\/uploads\/Skidsteer-4-in-1-Bucket.jpg 1156w, https:\/\/www.whitesmh.co.uk\/wp-content\/uploads\/Skidsteer-4-in-1-Bucket-300x300.jpg 300w, https:\/\/www.whitesmh.co.uk\/wp-content\/uploads\/Skidsteer-4-in-1-Bucket-100x100.jpg 100w, https:\/\/www.whitesmh.co.uk\/wp-content\/uploads\/Skidsteer-4-in-1-Bucket-600x600.jpg 600w, https:\/\/www.whitesmh.co.uk\/wp-content\/uploads\/Skidsteer-4-in-1-Bucket-400x400.jpg 400w, https:\/\/www.whitesmh.co.uk\/wp-content\/uploads\/Skidsteer-4-in-1-Bucket-800x800.jpg 800w, https:\/\/www.whitesmh.co.uk\/wp-content\/uploads\/Skidsteer-4-in-1-Bucket-768x768.jpg 768w\" sizes=\"auto, (max-width: 800px) 100vw, 800px\" \/><\/figure>\n<\/div>\n\n\n\n<div class=\"wp-block-column is-layout-flow wp-block-column-is-layout-flow\">\n<h2 class=\"wp-block-heading\" style=\"text-transform:uppercase\">4 IN 1 EIMER<\/h2>\n\n\n\n<p>Die WHITES 4-in-1-Schaufel ist in einer Low-Back- und High-Back-Option erh\u00e4ltlich, die zu Ihrer Kompaktladermarke und Ihrem Modell passt. Als wirklich universelles Anbauger\u00e4t k\u00f6nnen massive Produktivit\u00e4tssteigerungen erzielt werden, indem Sie Ihren Kompaktlader mit einer WHITES 4-in-1-Schaufel koppeln.  <\/p>\n\n\n\n<ul class=\"wp-block-list\">\n<li>Erh\u00e4ltlich in Low- und High-Back-Versionen f\u00fcr den Host-Computer<\/li>\n\n\n\n<li>Erm\u00f6glicht dem Benutzer das Greifen, Planieren, Graben und Umhandhaben mit einem Aufsatz<\/li>\n\n\n\n<li>Optionale Schraube an umkehrbarer Schneide<\/li>\n\n\n\n<li>Optionale Grabz\u00e4hne<\/li>\n<\/ul>\n\n\n\n<div class=\"wp-block-columns is-layout-flex wp-container-core-columns-is-layout-28f84493 wp-block-columns-is-layout-flex\">\n<div class=\"wp-block-column is-layout-flow wp-block-column-is-layout-flow\" style=\"flex-basis:100%\">\n<figure class=\"wp-block-image size-full is-resized\"><img loading=\"lazy\" decoding=\"async\" width=\"626\" height=\"149\" src=\"https:\/\/www.whitesmh.co.uk\/wp-content\/uploads\/image.png\" alt=\"\" class=\"wp-image-635\" style=\"width:268px;height:auto\" srcset=\"https:\/\/www.whitesmh.co.uk\/wp-content\/uploads\/image.png 626w, https:\/\/www.whitesmh.co.uk\/wp-content\/uploads\/image-600x143.png 600w\" sizes=\"auto, (max-width: 626px) 100vw, 626px\" \/><\/figure>\n<\/div>\n<\/div>\n\n\n\n<div class=\"wp-block-buttons is-layout-flex wp-block-buttons-is-layout-flex\">\n<div class=\"wp-block-button\"><a class=\"wp-block-button__link wp-element-button\" href=\"https:\/\/www.whitesmh.co.uk\/contact\/\">KONTAKTIEREN SIE UNS<\/a><\/div>\n\n\n\n<div class=\"wp-block-button\"><a class=\"wp-block-button__link wp-element-button\" href=\"https:\/\/www.whitesmh.co.uk\/support\/buckets-product-support\/\">PRODUKT-SUPPORT<\/a><\/div>\n<\/div>\n<\/div>\n<\/div>\n\n<div class=\"wp-block-group is-layout-flow wp-block-group-is-layout-flow\">\n<div class=\"wp-block-group has-primary-background-color has-background is-layout-flow wp-block-group-is-layout-flow\" style=\"margin-top:30px;margin-bottom:30px;padding-top:var(--wp--preset--spacing--40);padding-right:var(--wp--preset--spacing--40);padding-bottom:var(--wp--preset--spacing--40);padding-left:var(--wp--preset--spacing--40)\">\n<h3 class=\"wp-block-heading\">MODELLE MIT NIEDRIGER R\u00dcCKENLEHNE<\/h3>\n<\/div>\n<\/div>\n\n<figure class=\"wp-block-table\"><table><tbody><tr><td class=\"has-text-align-center\" data-align=\"center\"><strong>Teilenummer<\/strong><\/td><td class=\"has-text-align-center\" data-align=\"center\"><strong>Breite (mm)<\/strong><\/td><td class=\"has-text-align-center\" data-align=\"center\"><strong>Breite (Zoll)<\/strong><\/td><td class=\"has-text-align-center\" data-align=\"center\"><strong>Z\u00e4hne<\/strong><\/td><\/tr><tr><td class=\"has-text-align-center\" data-align=\"center\">MB-2G-1080<\/td><td class=\"has-text-align-center\" data-align=\"center\">1080<\/td><td class=\"has-text-align-center\" data-align=\"center\">43<\/td><td class=\"has-text-align-center\" data-align=\"center\">Nein<\/td><\/tr><tr><td class=\"has-text-align-center\" data-align=\"center\">MB-2G-1220<\/td><td class=\"has-text-align-center\" data-align=\"center\">1220<\/td><td class=\"has-text-align-center\" data-align=\"center\">48<\/td><td class=\"has-text-align-center\" data-align=\"center\">Nein<\/td><\/tr><tr><td class=\"has-text-align-center\" data-align=\"center\">MB-3A-1380<\/td><td class=\"has-text-align-center\" data-align=\"center\">1380<\/td><td class=\"has-text-align-center\" data-align=\"center\">54<\/td><td class=\"has-text-align-center\" data-align=\"center\">Nein<\/td><\/tr><tr><td class=\"has-text-align-center\" data-align=\"center\">MB-3A-1525<\/td><td class=\"has-text-align-center\" data-align=\"center\">1525<\/td><td class=\"has-text-align-center\" data-align=\"center\">60<\/td><td class=\"has-text-align-center\" data-align=\"center\">Nein<\/td><\/tr><tr><td class=\"has-text-align-center\" data-align=\"center\">MB-3A-1575<\/td><td class=\"has-text-align-center\" data-align=\"center\">1575<\/td><td class=\"has-text-align-center\" data-align=\"center\">62<\/td><td class=\"has-text-align-center\" data-align=\"center\">Nein<\/td><\/tr><tr><td class=\"has-text-align-center\" data-align=\"center\">MB-3A-1680<\/td><td class=\"has-text-align-center\" data-align=\"center\">1680<\/td><td class=\"has-text-align-center\" data-align=\"center\">66<\/td><td class=\"has-text-align-center\" data-align=\"center\">Nein<\/td><\/tr><tr><td class=\"has-text-align-center\" data-align=\"center\">MB-3A-1850<\/td><td class=\"has-text-align-center\" data-align=\"center\">1850<\/td><td class=\"has-text-align-center\" data-align=\"center\">73<\/td><td class=\"has-text-align-center\" data-align=\"center\">Nein<\/td><\/tr><tr><td class=\"has-text-align-center\" data-align=\"center\">TM-2G-1080<\/td><td class=\"has-text-align-center\" data-align=\"center\">1080<\/td><td class=\"has-text-align-center\" data-align=\"center\">43<\/td><td class=\"has-text-align-center\" data-align=\"center\">Ja<\/td><\/tr><tr><td class=\"has-text-align-center\" data-align=\"center\">TM-2G-1220<\/td><td class=\"has-text-align-center\" data-align=\"center\">1220<\/td><td class=\"has-text-align-center\" data-align=\"center\">48<\/td><td class=\"has-text-align-center\" data-align=\"center\">Ja<\/td><\/tr><tr><td class=\"has-text-align-center\" data-align=\"center\">TM-3A-1380<\/td><td class=\"has-text-align-center\" data-align=\"center\">1380<\/td><td class=\"has-text-align-center\" data-align=\"center\">54<\/td><td class=\"has-text-align-center\" data-align=\"center\">Ja<\/td><\/tr><tr><td class=\"has-text-align-center\" data-align=\"center\">TM-3A-1525<\/td><td class=\"has-text-align-center\" data-align=\"center\">1525<\/td><td class=\"has-text-align-center\" data-align=\"center\">60<\/td><td class=\"has-text-align-center\" data-align=\"center\">Ja<\/td><\/tr><tr><td class=\"has-text-align-center\" data-align=\"center\">Nr. TM-3A-1575<\/td><td class=\"has-text-align-center\" data-align=\"center\">1575<\/td><td class=\"has-text-align-center\" data-align=\"center\">62<\/td><td class=\"has-text-align-center\" data-align=\"center\">Ja<\/td><\/tr><tr><td class=\"has-text-align-center\" data-align=\"center\">TM-3A-1680<\/td><td class=\"has-text-align-center\" data-align=\"center\">1680<\/td><td class=\"has-text-align-center\" data-align=\"center\">66<\/td><td class=\"has-text-align-center\" data-align=\"center\">Ja<\/td><\/tr><tr><td class=\"has-text-align-center\" data-align=\"center\">TM-3A-1850<\/td><td class=\"has-text-align-center\" data-align=\"center\">1850<\/td><td class=\"has-text-align-center\" data-align=\"center\">73<\/td><td class=\"has-text-align-center\" data-align=\"center\">Ja<\/td><\/tr><\/tbody><\/table><\/figure>\n\n<div class=\"wp-block-group is-layout-flow wp-block-group-is-layout-flow\">\n<div class=\"wp-block-group has-primary-background-color has-background is-layout-flow wp-block-group-is-layout-flow\" style=\"margin-top:30px;margin-bottom:30px;padding-top:var(--wp--preset--spacing--40);padding-right:var(--wp--preset--spacing--40);padding-bottom:var(--wp--preset--spacing--40);padding-left:var(--wp--preset--spacing--40)\">\n<h3 class=\"wp-block-heading\">MODELLE MIT HOHER R\u00dcCKENLEHNE<\/h3>\n<\/div>\n<\/div>\n\n<figure class=\"wp-block-table\"><table><tbody><tr><td class=\"has-text-align-center\" data-align=\"center\"><strong>Teilenummer<\/strong><\/td><td class=\"has-text-align-center\" data-align=\"center\"><strong>Breite (mm)<\/strong><\/td><td class=\"has-text-align-center\" data-align=\"center\"><strong>Breite (Zoll)<\/strong><\/td><td class=\"has-text-align-center\" data-align=\"center\"><strong>Z\u00e4hne<\/strong><\/td><\/tr><tr><td class=\"has-text-align-center\" data-align=\"center\">MB-3C-1380<\/td><td class=\"has-text-align-center\" data-align=\"center\">1380<\/td><td class=\"has-text-align-center\" data-align=\"center\">54<\/td><td class=\"has-text-align-center\" data-align=\"center\">Nein<\/td><\/tr><tr><td class=\"has-text-align-center\" data-align=\"center\">MB-3C-1525<\/td><td class=\"has-text-align-center\" data-align=\"center\">1525<\/td><td class=\"has-text-align-center\" data-align=\"center\">60<\/td><td class=\"has-text-align-center\" data-align=\"center\">Nein<\/td><\/tr><tr><td class=\"has-text-align-center\" data-align=\"center\">MB-3C-1575<\/td><td class=\"has-text-align-center\" data-align=\"center\">1575<\/td><td class=\"has-text-align-center\" data-align=\"center\">62<\/td><td class=\"has-text-align-center\" data-align=\"center\">Nein<\/td><\/tr><tr><td class=\"has-text-align-center\" data-align=\"center\">MB-3C-1680<\/td><td class=\"has-text-align-center\" data-align=\"center\">1680<\/td><td class=\"has-text-align-center\" data-align=\"center\">66<\/td><td class=\"has-text-align-center\" data-align=\"center\">Nein<\/td><\/tr><tr><td class=\"has-text-align-center\" data-align=\"center\">MB-3C-1850<\/td><td class=\"has-text-align-center\" data-align=\"center\">1850<\/td><td class=\"has-text-align-center\" data-align=\"center\">73<\/td><td class=\"has-text-align-center\" data-align=\"center\">Nein<\/td><\/tr><tr><td class=\"has-text-align-center\" data-align=\"center\">MB-3H-1850 (HD)<\/td><td class=\"has-text-align-center\" data-align=\"center\">1850<\/td><td class=\"has-text-align-center\" data-align=\"center\">73<\/td><td class=\"has-text-align-center\" data-align=\"center\">Nein<\/td><\/tr><tr><td class=\"has-text-align-center\" data-align=\"center\">MB-3H-2080 (HD)<\/td><td class=\"has-text-align-center\" data-align=\"center\">2080<\/td><td class=\"has-text-align-center\" data-align=\"center\">82<\/td><td class=\"has-text-align-center\" data-align=\"center\">Nein<\/td><\/tr><tr><td class=\"has-text-align-center\" data-align=\"center\">MB-3H-2140 (HD)<\/td><td class=\"has-text-align-center\" data-align=\"center\">2140<\/td><td class=\"has-text-align-center\" data-align=\"center\">84<\/td><td class=\"has-text-align-center\" data-align=\"center\">Nein<\/td><\/tr><tr><td class=\"has-text-align-center\" data-align=\"center\">TM-3C-1380<\/td><td class=\"has-text-align-center\" data-align=\"center\">1380<\/td><td class=\"has-text-align-center\" data-align=\"center\">54<\/td><td class=\"has-text-align-center\" data-align=\"center\">Ja<\/td><\/tr><tr><td class=\"has-text-align-center\" data-align=\"center\">TM-3C-1525<\/td><td class=\"has-text-align-center\" data-align=\"center\">1525<\/td><td class=\"has-text-align-center\" data-align=\"center\">60<\/td><td class=\"has-text-align-center\" data-align=\"center\">Ja<\/td><\/tr><tr><td class=\"has-text-align-center\" data-align=\"center\">TM-3C-1575<\/td><td class=\"has-text-align-center\" data-align=\"center\">1575<\/td><td class=\"has-text-align-center\" data-align=\"center\">62<\/td><td class=\"has-text-align-center\" data-align=\"center\">Ja<\/td><\/tr><tr><td class=\"has-text-align-center\" data-align=\"center\">TM-3C-1680<\/td><td class=\"has-text-align-center\" data-align=\"center\">1680<\/td><td class=\"has-text-align-center\" data-align=\"center\">66<\/td><td class=\"has-text-align-center\" data-align=\"center\">Ja<\/td><\/tr><tr><td class=\"has-text-align-center\" data-align=\"center\">TM-3C-1850<\/td><td class=\"has-text-align-center\" data-align=\"center\">1850<\/td><td class=\"has-text-align-center\" data-align=\"center\">73<\/td><td class=\"has-text-align-center\" data-align=\"center\">Ja<\/td><\/tr><tr><td class=\"has-text-align-center\" data-align=\"center\">TM-3H-1850 (HD)<\/td><td class=\"has-text-align-center\" data-align=\"center\">1850<\/td><td class=\"has-text-align-center\" data-align=\"center\">73<\/td><td class=\"has-text-align-center\" data-align=\"center\">Ja<\/td><\/tr><tr><td class=\"has-text-align-center\" data-align=\"center\">TM-3H-2080 (HD)<\/td><td class=\"has-text-align-center\" data-align=\"center\">2080<\/td><td class=\"has-text-align-center\" data-align=\"center\">82<\/td><td class=\"has-text-align-center\" data-align=\"center\">Ja<\/td><\/tr><tr><td class=\"has-text-align-center\" data-align=\"center\">TM-3H-2140 (HD)<\/td><td class=\"has-text-align-center\" data-align=\"center\">2140<\/td><td class=\"has-text-align-center\" data-align=\"center\">84<\/td><td class=\"has-text-align-center\" data-align=\"center\">Ja<\/td><\/tr><\/tbody><\/table><\/figure>\n\n<div class=\"wp-block-group alignfull is-layout-constrained wp-block-group-is-layout-constrained\">\n<div class=\"wp-block-group has-primary-background-color has-background is-layout-flow wp-block-group-is-layout-flow\" style=\"margin-top:30px;margin-bottom:30px;padding-top:var(--wp--preset--spacing--40);padding-right:var(--wp--preset--spacing--40);padding-bottom:var(--wp--preset--spacing--40);padding-left:var(--wp--preset--spacing--40)\">\n<h3 class=\"wp-block-heading\">GALERIE<\/h3>\n<\/div>\n\n\n\n<figure class=\"wp-block-gallery has-nested-images columns-4 is-cropped wp-block-gallery-1 is-layout-flex wp-block-gallery-is-layout-flex\">\n<figure class=\"wp-block-image size-thumbnail\"><a href=\"https:\/\/www.whitesmh.co.uk\/wp-content\/uploads\/IMG_1866-1-scaled.jpeg\"><img loading=\"lazy\" decoding=\"async\" width=\"400\" height=\"400\" data-id=\"2137\" src=\"https:\/\/www.whitesmh.co.uk\/wp-content\/uploads\/IMG_1866-1-400x400.jpeg\" alt=\"\" class=\"wp-image-2137\" srcset=\"https:\/\/www.whitesmh.co.uk\/wp-content\/uploads\/IMG_1866-1-400x400.jpeg 400w, https:\/\/www.whitesmh.co.uk\/wp-content\/uploads\/IMG_1866-1-scaled-300x300.jpeg 300w, https:\/\/www.whitesmh.co.uk\/wp-content\/uploads\/IMG_1866-1-scaled-100x100.jpeg 100w\" sizes=\"auto, (max-width: 400px) 100vw, 400px\" \/><\/a><\/figure>\n\n\n\n<figure class=\"wp-block-image size-thumbnail\"><a href=\"https:\/\/www.whitesmh.co.uk\/wp-content\/uploads\/DSC_0021-scaled.jpg\"><img loading=\"lazy\" decoding=\"async\" width=\"400\" height=\"400\" data-id=\"2431\" src=\"https:\/\/www.whitesmh.co.uk\/wp-content\/uploads\/DSC_0021-400x400.jpg\" alt=\"\" class=\"wp-image-2431\" srcset=\"https:\/\/www.whitesmh.co.uk\/wp-content\/uploads\/DSC_0021-400x400.jpg 400w, https:\/\/www.whitesmh.co.uk\/wp-content\/uploads\/DSC_0021-scaled-300x300.jpg 300w, https:\/\/www.whitesmh.co.uk\/wp-content\/uploads\/DSC_0021-scaled-100x100.jpg 100w\" sizes=\"auto, (max-width: 400px) 100vw, 400px\" \/><\/a><\/figure>\n\n\n\n<figure class=\"wp-block-image size-thumbnail\"><a href=\"https:\/\/www.whitesmh.co.uk\/wp-content\/uploads\/HIGH-BACK-4IN1-TEETH-GRADING-MUSTANG-scaled.jpg\"><img loading=\"lazy\" decoding=\"async\" width=\"400\" height=\"400\" data-id=\"2394\" src=\"https:\/\/www.whitesmh.co.uk\/wp-content\/uploads\/HIGH-BACK-4IN1-TEETH-GRADING-MUSTANG-400x400.jpg\" alt=\"\" class=\"wp-image-2394\" srcset=\"https:\/\/www.whitesmh.co.uk\/wp-content\/uploads\/HIGH-BACK-4IN1-TEETH-GRADING-MUSTANG-400x400.jpg 400w, https:\/\/www.whitesmh.co.uk\/wp-content\/uploads\/HIGH-BACK-4IN1-TEETH-GRADING-MUSTANG-scaled-300x300.jpg 300w, https:\/\/www.whitesmh.co.uk\/wp-content\/uploads\/HIGH-BACK-4IN1-TEETH-GRADING-MUSTANG-scaled-100x100.jpg 100w\" sizes=\"auto, (max-width: 400px) 100vw, 400px\" \/><\/a><\/figure>\n\n\n\n<figure class=\"wp-block-image size-thumbnail\"><a href=\"https:\/\/www.whitesmh.co.uk\/wp-content\/uploads\/4IN1-HIGH-BACK-HD-BOBCAT-2-scaled.jpg\"><img loading=\"lazy\" decoding=\"async\" width=\"400\" height=\"400\" data-id=\"2392\" src=\"https:\/\/www.whitesmh.co.uk\/wp-content\/uploads\/4IN1-HIGH-BACK-HD-BOBCAT-2-400x400.jpg\" alt=\"\" class=\"wp-image-2392\" srcset=\"https:\/\/www.whitesmh.co.uk\/wp-content\/uploads\/4IN1-HIGH-BACK-HD-BOBCAT-2-400x400.jpg 400w, https:\/\/www.whitesmh.co.uk\/wp-content\/uploads\/4IN1-HIGH-BACK-HD-BOBCAT-2-scaled-300x300.jpg 300w, https:\/\/www.whitesmh.co.uk\/wp-content\/uploads\/4IN1-HIGH-BACK-HD-BOBCAT-2-scaled-100x100.jpg 100w\" sizes=\"auto, (max-width: 400px) 100vw, 400px\" \/><\/a><\/figure>\n\n\n\n<figure class=\"wp-block-image size-thumbnail\"><a href=\"https:\/\/www.whitesmh.co.uk\/wp-content\/uploads\/IMG_6218.jpg\"><img loading=\"lazy\" decoding=\"async\" width=\"400\" height=\"400\" data-id=\"2326\" src=\"https:\/\/www.whitesmh.co.uk\/wp-content\/uploads\/IMG_6218-400x400.jpg\" alt=\"\" class=\"wp-image-2326\" srcset=\"https:\/\/www.whitesmh.co.uk\/wp-content\/uploads\/IMG_6218-400x400.jpg 400w, https:\/\/www.whitesmh.co.uk\/wp-content\/uploads\/IMG_6218-300x300.jpg 300w, https:\/\/www.whitesmh.co.uk\/wp-content\/uploads\/IMG_6218-100x100.jpg 100w\" sizes=\"auto, (max-width: 400px) 100vw, 400px\" \/><\/a><\/figure>\n\n\n\n<figure class=\"wp-block-image size-thumbnail\"><a href=\"https:\/\/www.whitesmh.co.uk\/wp-content\/uploads\/IMG_6217.jpg\"><img loading=\"lazy\" decoding=\"async\" width=\"400\" height=\"400\" data-id=\"2325\" src=\"https:\/\/www.whitesmh.co.uk\/wp-content\/uploads\/IMG_6217-400x400.jpg\" alt=\"\" class=\"wp-image-2325\" srcset=\"https:\/\/www.whitesmh.co.uk\/wp-content\/uploads\/IMG_6217-400x400.jpg 400w, https:\/\/www.whitesmh.co.uk\/wp-content\/uploads\/IMG_6217-300x300.jpg 300w, https:\/\/www.whitesmh.co.uk\/wp-content\/uploads\/IMG_6217-100x100.jpg 100w\" sizes=\"auto, (max-width: 400px) 100vw, 400px\" \/><\/a><\/figure>\n\n\n\n<figure class=\"wp-block-image size-thumbnail\"><a href=\"https:\/\/www.whitesmh.co.uk\/wp-content\/uploads\/IMG_20170208_133251-scaled.jpg\"><img loading=\"lazy\" decoding=\"async\" width=\"400\" height=\"400\" data-id=\"2390\" src=\"https:\/\/www.whitesmh.co.uk\/wp-content\/uploads\/IMG_20170208_133251-400x400.jpg\" alt=\"\" class=\"wp-image-2390\" srcset=\"https:\/\/www.whitesmh.co.uk\/wp-content\/uploads\/IMG_20170208_133251-400x400.jpg 400w, https:\/\/www.whitesmh.co.uk\/wp-content\/uploads\/IMG_20170208_133251-scaled-300x300.jpg 300w, https:\/\/www.whitesmh.co.uk\/wp-content\/uploads\/IMG_20170208_133251-scaled-100x100.jpg 100w\" sizes=\"auto, (max-width: 400px) 100vw, 400px\" \/><\/a><\/figure>\n\n\n\n<figure class=\"wp-block-image size-thumbnail\"><a href=\"https:\/\/www.whitesmh.co.uk\/wp-content\/uploads\/IMG_20170208_133237-scaled.jpg\"><img loading=\"lazy\" decoding=\"async\" width=\"400\" height=\"400\" data-id=\"2389\" src=\"https:\/\/www.whitesmh.co.uk\/wp-content\/uploads\/IMG_20170208_133237-400x400.jpg\" alt=\"\" class=\"wp-image-2389\" srcset=\"https:\/\/www.whitesmh.co.uk\/wp-content\/uploads\/IMG_20170208_133237-400x400.jpg 400w, https:\/\/www.whitesmh.co.uk\/wp-content\/uploads\/IMG_20170208_133237-scaled-300x300.jpg 300w, https:\/\/www.whitesmh.co.uk\/wp-content\/uploads\/IMG_20170208_133237-scaled-100x100.jpg 100w\" sizes=\"auto, (max-width: 400px) 100vw, 400px\" \/><\/a><\/figure>\n<\/figure>\n<\/div>\n\n<div style=\"height:58px\" aria-hidden=\"true\" class=\"wp-block-spacer\"><\/div>\n\n<div class=\"wp-block-group is-layout-constrained wp-block-group-is-layout-constrained\">\n<figure class=\"wp-block-embed is-type-video is-provider-youtube wp-block-embed-youtube wp-embed-aspect-4-3 wp-has-aspect-ratio\"><div class=\"wp-block-embed__wrapper\">\n<iframe loading=\"lazy\" title=\"4IN1 MULTIPURPOSE BUCKET -SKID STEER 4IN1- WHITES 4IN1 BUCKET\" width=\"800\" height=\"600\" src=\"https:\/\/www.youtube.com\/embed\/06t5qXF4mWY?feature=oembed\" frameborder=\"0\" allow=\"accelerometer; autoplay; clipboard-write; encrypted-media; gyroscope; picture-in-picture; web-share\" referrerpolicy=\"strict-origin-when-cross-origin\" allowfullscreen><\/iframe>\n<\/div><\/figure>\n<\/div>\n","protected":false},"excerpt":{"rendered":"<p>4 IN 1 EIMER Die WHITES 4-in-1-Schaufel ist in einer Low-Back- und High-Back-Option erh\u00e4ltlich, die zu Ihrer Kompaktladermarke und Ihrem Modell passt. Als wirklich universelles Anbauger\u00e4t k\u00f6nnen massive Produktivit\u00e4tssteigerungen erzielt werden, indem Sie Ihren Kompaktlader mit einer WHITES 4-in-1-Schaufel koppeln. MODELLE MIT NIEDRIGER R\u00dcCKENLEHNE Teilenummer Breite (mm) Breite (Zoll) Z\u00e4hne MB-2G-1080 1080 43 Nein MB-2G-1220&hellip;<\/p>\n","protected":false},"featured_media":5641,"template":"","meta":{"_acf_changed":false},"product_brand":[],"product_cat":[309],"product_tag":[],"class_list":{"2":"type-product","7":"product","8":"first","9":"instock","10":"taxable","11":"shipping-taxable","12":"product-type-simple"},"acf":[],"_links":{"self":[{"href":"https:\/\/www.whitesmh.co.uk\/de\/wp-json\/wp\/v2\/product\/5629","targetHints":{"allow":["GET"]}}],"collection":[{"href":"https:\/\/www.whitesmh.co.uk\/de\/wp-json\/wp\/v2\/product"}],"about":[{"href":"https:\/\/www.whitesmh.co.uk\/de\/wp-json\/wp\/v2\/types\/product"}],"wp:featuredmedia":[{"embeddable":true,"href":"https:\/\/www.whitesmh.co.uk\/de\/wp-json\/wp\/v2\/media\/5641"}],"wp:attachment":[{"href":"https:\/\/www.whitesmh.co.uk\/de\/wp-json\/wp\/v2\/media?parent=5629"}],"wp:term":[{"taxonomy":"product_brand","embeddable":true,"href":"https:\/\/www.whitesmh.co.uk\/de\/wp-json\/wp\/v2\/product_brand?post=5629"},{"taxonomy":"product_cat","embeddable":true,"href":"https:\/\/www.whitesmh.co.uk\/de\/wp-json\/wp\/v2\/product_cat?post=5629"},{"taxonomy":"product_tag","embeddable":true,"href":"https:\/\/www.whitesmh.co.uk\/de\/wp-json\/wp\/v2\/product_tag?post=5629"}],"curies":[{"name":"wp","href":"https:\/\/api.w.org\/{rel}","templated":true}]}}