{"id":5586,"date":"2023-12-09T22:08:14","date_gmt":"2023-12-09T22:08:14","guid":{"rendered":"https:\/\/www.whitesmh.co.uk\/products\/leichte-materialschaufeln\/"},"modified":"2024-11-19T11:16:18","modified_gmt":"2024-11-19T11:16:18","slug":"leichte-materialschaufeln","status":"publish","type":"product","link":"https:\/\/www.whitesmh.co.uk\/de\/produkt\/leichte-materialschaufeln\/","title":{"rendered":"Leichte Materialschaufeln"},"content":{"rendered":"\n<div class=\"wp-block-columns is-layout-flex wp-container-core-columns-is-layout-28f84493 wp-block-columns-is-layout-flex\">\n<div class=\"wp-block-column is-vertically-aligned-center is-layout-flow wp-block-column-is-layout-flow\">\n<figure class=\"wp-block-image size-full\"><img loading=\"lazy\" decoding=\"async\" width=\"1196\" height=\"1196\" src=\"https:\/\/www.whitesmh.co.uk\/wp-content\/uploads\/Skidsteer-Light-Materials.jpg\" alt=\"\" class=\"wp-image-2353\" srcset=\"https:\/\/www.whitesmh.co.uk\/wp-content\/uploads\/Skidsteer-Light-Materials.jpg 1196w, https:\/\/www.whitesmh.co.uk\/wp-content\/uploads\/Skidsteer-Light-Materials-300x300.jpg 300w, https:\/\/www.whitesmh.co.uk\/wp-content\/uploads\/Skidsteer-Light-Materials-100x100.jpg 100w, https:\/\/www.whitesmh.co.uk\/wp-content\/uploads\/Skidsteer-Light-Materials-600x600.jpg 600w, https:\/\/www.whitesmh.co.uk\/wp-content\/uploads\/Skidsteer-Light-Materials-400x400.jpg 400w, https:\/\/www.whitesmh.co.uk\/wp-content\/uploads\/Skidsteer-Light-Materials-800x800.jpg 800w, https:\/\/www.whitesmh.co.uk\/wp-content\/uploads\/Skidsteer-Light-Materials-768x768.jpg 768w\" sizes=\"auto, (max-width: 800px) 100vw, 800px\" \/><\/figure>\n<\/div>\n\n\n\n<div class=\"wp-block-column is-layout-flow wp-block-column-is-layout-flow\">\n<h2 class=\"wp-block-heading\" style=\"text-transform:uppercase\">LEICHTGUT-SCHAUFELN<\/h2>\n\n\n\n<p>Die WHITES LM-Schaufel ist eine gute Wahl f\u00fcr den Umgang mit leichten Materialien wie Getreide, Futtermitteln und anderem Getreide und erm\u00f6glicht es Ihrem Kompaktlader, mehr zu tun.  <\/p>\n\n\n\n<ul class=\"wp-block-list\">\n<li>Geeignet f\u00fcr Produkte mit geringer Dichte<\/li>\n\n\n\n<li>Ideal f\u00fcr Powder, Schnee und Getreide<\/li>\n\n\n\n<li>Optionale Schraube an umkehrbarer Schneide<\/li>\n<\/ul>\n\n\n\n<div class=\"wp-block-columns is-layout-flex wp-container-core-columns-is-layout-28f84493 wp-block-columns-is-layout-flex\">\n<div class=\"wp-block-column is-layout-flow wp-block-column-is-layout-flow\" style=\"flex-basis:100%\">\n<figure class=\"wp-block-image size-full is-resized\"><img loading=\"lazy\" decoding=\"async\" width=\"626\" height=\"149\" src=\"https:\/\/www.whitesmh.co.uk\/wp-content\/uploads\/image.png\" alt=\"\" class=\"wp-image-635\" style=\"width:268px;height:auto\" srcset=\"https:\/\/www.whitesmh.co.uk\/wp-content\/uploads\/image.png 626w, https:\/\/www.whitesmh.co.uk\/wp-content\/uploads\/image-600x143.png 600w\" sizes=\"auto, (max-width: 626px) 100vw, 626px\" \/><\/figure>\n<\/div>\n<\/div>\n\n\n\n<div class=\"wp-block-buttons is-layout-flex wp-block-buttons-is-layout-flex\">\n<div class=\"wp-block-button\"><a class=\"wp-block-button__link wp-element-button\" href=\"https:\/\/www.whitesmh.co.uk\/contact\/\">KONTAKTIEREN SIE UNS<\/a><\/div>\n\n\n\n<div class=\"wp-block-button\"><a class=\"wp-block-button__link wp-element-button\" href=\"https:\/\/www.whitesmh.co.uk\/product-support\/\">PRODUKT-SUPPORT<\/a><\/div>\n<\/div>\n<\/div>\n<\/div>\n\n<div class=\"wp-block-group is-layout-flow wp-block-group-is-layout-flow\">\n<div class=\"wp-block-group has-primary-background-color has-background is-layout-flow wp-block-group-is-layout-flow\" style=\"margin-top:30px;margin-bottom:30px;padding-top:var(--wp--preset--spacing--40);padding-right:var(--wp--preset--spacing--40);padding-bottom:var(--wp--preset--spacing--40);padding-left:var(--wp--preset--spacing--40)\">\n<h3 class=\"wp-block-heading\">MODELLE<\/h3>\n<\/div>\n<\/div>\n\n<figure class=\"wp-block-table\"><table><tbody><tr><td class=\"has-text-align-center\" data-align=\"center\"><strong>Teilenummer<\/strong><\/td><td class=\"has-text-align-center\" data-align=\"center\"><strong>Breite (mm)<\/strong><\/td><td class=\"has-text-align-center\" data-align=\"center\"><strong>Breite (Zoll)<\/strong><\/td><td class=\"has-text-align-center\" data-align=\"center\"><strong>Fassungsverm\u00f6gen (m3)<\/strong><\/td><\/tr><tr><td class=\"has-text-align-center\" data-align=\"center\">LM-0920<\/td><td class=\"has-text-align-center\" data-align=\"center\">920<\/td><td class=\"has-text-align-center\" data-align=\"center\">36<\/td><td class=\"has-text-align-center\" data-align=\"center\">0,24 m3<\/td><\/tr><tr><td class=\"has-text-align-center\" data-align=\"center\">LM-1080<\/td><td class=\"has-text-align-center\" data-align=\"center\">1080<\/td><td class=\"has-text-align-center\" data-align=\"center\">43<\/td><td class=\"has-text-align-center\" data-align=\"center\">0,26 m3<\/td><\/tr><tr><td class=\"has-text-align-center\" data-align=\"center\">LM-1220<\/td><td class=\"has-text-align-center\" data-align=\"center\">1220<\/td><td class=\"has-text-align-center\" data-align=\"center\">48<\/td><td class=\"has-text-align-center\" data-align=\"center\">0,28 m3<\/td><\/tr><tr><td class=\"has-text-align-center\" data-align=\"center\">LM-1380<\/td><td class=\"has-text-align-center\" data-align=\"center\">1380<\/td><td class=\"has-text-align-center\" data-align=\"center\">54<\/td><td class=\"has-text-align-center\" data-align=\"center\">0,39 m3<\/td><\/tr><tr><td class=\"has-text-align-center\" data-align=\"center\">LM-1525<\/td><td class=\"has-text-align-center\" data-align=\"center\">1525<\/td><td class=\"has-text-align-center\" data-align=\"center\">60<\/td><td class=\"has-text-align-center\" data-align=\"center\">0,52 m3<\/td><\/tr><tr><td class=\"has-text-align-center\" data-align=\"center\">LM-1575<\/td><td class=\"has-text-align-center\" data-align=\"center\">1575<\/td><td class=\"has-text-align-center\" data-align=\"center\">62<\/td><td class=\"has-text-align-center\" data-align=\"center\">0,55 m3<\/td><\/tr><tr><td class=\"has-text-align-center\" data-align=\"center\">LM-1680<\/td><td class=\"has-text-align-center\" data-align=\"center\">1680<\/td><td class=\"has-text-align-center\" data-align=\"center\">66<\/td><td class=\"has-text-align-center\" data-align=\"center\">0,69 m3<\/td><\/tr><tr><td class=\"has-text-align-center\" data-align=\"center\">LM-1760<\/td><td class=\"has-text-align-center\" data-align=\"center\">1760<\/td><td class=\"has-text-align-center\" data-align=\"center\">69<\/td><td class=\"has-text-align-center\" data-align=\"center\">0,81 m3<\/td><\/tr><tr><td class=\"has-text-align-center\" data-align=\"center\">LM-1850<\/td><td class=\"has-text-align-center\" data-align=\"center\">1850<\/td><td class=\"has-text-align-center\" data-align=\"center\">73<\/td><td class=\"has-text-align-center\" data-align=\"center\">0,94 m3<\/td><\/tr><tr><td class=\"has-text-align-center\" data-align=\"center\">LM-2080<\/td><td class=\"has-text-align-center\" data-align=\"center\">2080<\/td><td class=\"has-text-align-center\" data-align=\"center\">82<\/td><td class=\"has-text-align-center\" data-align=\"center\">1,00 m3<\/td><\/tr><tr><td class=\"has-text-align-center\" data-align=\"center\">LM-2140<\/td><td class=\"has-text-align-center\" data-align=\"center\">2140<\/td><td class=\"has-text-align-center\" data-align=\"center\">84<\/td><td class=\"has-text-align-center\" data-align=\"center\">1,14 m3<\/td><\/tr><tr><td class=\"has-text-align-center\" data-align=\"center\">LM-2350<\/td><td class=\"has-text-align-center\" data-align=\"center\">2350<\/td><td class=\"has-text-align-center\" data-align=\"center\">93<\/td><td class=\"has-text-align-center\" data-align=\"center\">1,26 m3<\/td><\/tr><\/tbody><\/table><\/figure>\n","protected":false},"excerpt":{"rendered":"<p>LEICHTGUT-SCHAUFELN Die WHITES LM-Schaufel ist eine gute Wahl f\u00fcr den Umgang mit leichten Materialien wie Getreide, Futtermitteln und anderem Getreide und erm\u00f6glicht es Ihrem Kompaktlader, mehr zu tun. MODELLE Teilenummer Breite (mm) Breite (Zoll) Fassungsverm\u00f6gen (m3) LM-0920 920 36 0,24 m3 LM-1080 1080 43 0,26 m3 LM-1220 1220 48 0,28 m3 LM-1380 1380 54 0,39&hellip;<\/p>\n","protected":false},"featured_media":5587,"template":"","meta":{"_acf_changed":false},"product_brand":[],"product_cat":[309],"product_tag":[],"class_list":{"2":"type-product","7":"product","8":"first","9":"instock","10":"taxable","11":"shipping-taxable","12":"product-type-simple"},"acf":[],"_links":{"self":[{"href":"https:\/\/www.whitesmh.co.uk\/de\/wp-json\/wp\/v2\/product\/5586","targetHints":{"allow":["GET"]}}],"collection":[{"href":"https:\/\/www.whitesmh.co.uk\/de\/wp-json\/wp\/v2\/product"}],"about":[{"href":"https:\/\/www.whitesmh.co.uk\/de\/wp-json\/wp\/v2\/types\/product"}],"wp:featuredmedia":[{"embeddable":true,"href":"https:\/\/www.whitesmh.co.uk\/de\/wp-json\/wp\/v2\/media\/5587"}],"wp:attachment":[{"href":"https:\/\/www.whitesmh.co.uk\/de\/wp-json\/wp\/v2\/media?parent=5586"}],"wp:term":[{"taxonomy":"product_brand","embeddable":true,"href":"https:\/\/www.whitesmh.co.uk\/de\/wp-json\/wp\/v2\/product_brand?post=5586"},{"taxonomy":"product_cat","embeddable":true,"href":"https:\/\/www.whitesmh.co.uk\/de\/wp-json\/wp\/v2\/product_cat?post=5586"},{"taxonomy":"product_tag","embeddable":true,"href":"https:\/\/www.whitesmh.co.uk\/de\/wp-json\/wp\/v2\/product_tag?post=5586"}],"curies":[{"name":"wp","href":"https:\/\/api.w.org\/{rel}","templated":true}]}}