{"id":5490,"date":"2023-12-09T22:04:19","date_gmt":"2023-12-09T22:04:19","guid":{"rendered":"https:\/\/www.whitesmh.co.uk\/products\/loeffel-mit-niedrigem-profil\/"},"modified":"2024-11-19T11:14:15","modified_gmt":"2024-11-19T11:14:15","slug":"loeffel-mit-niedrigem-profil","status":"publish","type":"product","link":"https:\/\/www.whitesmh.co.uk\/de\/produkt\/loeffel-mit-niedrigem-profil\/","title":{"rendered":"L\u00f6ffel mit niedrigem Profil"},"content":{"rendered":"\n<div class=\"wp-block-columns is-layout-flex wp-container-core-columns-is-layout-28f84493 wp-block-columns-is-layout-flex\">\n<div class=\"wp-block-column is-vertically-aligned-center is-layout-flow wp-block-column-is-layout-flow\">\n<figure class=\"wp-block-image size-full\"><img loading=\"lazy\" decoding=\"async\" width=\"618\" height=\"618\" src=\"https:\/\/www.whitesmh.co.uk\/wp-content\/uploads\/Skidsteer-Low-Profile-Bucket.jpg\" alt=\"\" class=\"wp-image-2341\" srcset=\"https:\/\/www.whitesmh.co.uk\/wp-content\/uploads\/Skidsteer-Low-Profile-Bucket.jpg 618w, https:\/\/www.whitesmh.co.uk\/wp-content\/uploads\/Skidsteer-Low-Profile-Bucket-300x300.jpg 300w, https:\/\/www.whitesmh.co.uk\/wp-content\/uploads\/Skidsteer-Low-Profile-Bucket-100x100.jpg 100w, https:\/\/www.whitesmh.co.uk\/wp-content\/uploads\/Skidsteer-Low-Profile-Bucket-600x600.jpg 600w, https:\/\/www.whitesmh.co.uk\/wp-content\/uploads\/Skidsteer-Low-Profile-Bucket-400x400.jpg 400w\" sizes=\"auto, (max-width: 618px) 100vw, 618px\" \/><\/figure>\n<\/div>\n\n\n\n<div class=\"wp-block-column is-layout-flow wp-block-column-is-layout-flow\">\n<h2 class=\"wp-block-heading\" style=\"text-transform:uppercase\">FLACHE SCHAUFELN<\/h2>\n\n\n\n<p>Die WHITES Low Profile Kompaktladerschaufel ist ein allgemein anerkanntes, OEM-vertrauensw\u00fcrdiges Produkt, das den Standard f\u00fcr Kompaktladerschaufeln setzt.<\/p>\n\n\n\n<ul class=\"wp-block-list\">\n<li>Das flache Design erm\u00f6glicht es dem Bediener, die Schneide zu sehen<\/li>\n\n\n\n<li>Schwere Konstruktion<\/li>\n\n\n\n<li>Borw\u00e4rmebehandelte Schneide<\/li>\n\n\n\n<li>Optionale Schraube an umkehrbarer Schneide<\/li>\n\n\n\n<li>Optionale Grabz\u00e4hne<\/li>\n<\/ul>\n\n\n\n<div class=\"wp-block-columns is-layout-flex wp-container-core-columns-is-layout-28f84493 wp-block-columns-is-layout-flex\">\n<div class=\"wp-block-column is-layout-flow wp-block-column-is-layout-flow\" style=\"flex-basis:100%\">\n<figure class=\"wp-block-image size-full is-resized\"><img loading=\"lazy\" decoding=\"async\" width=\"626\" height=\"149\" src=\"https:\/\/www.whitesmh.co.uk\/wp-content\/uploads\/image.png\" alt=\"\" class=\"wp-image-635\" style=\"width:268px;height:auto\" srcset=\"https:\/\/www.whitesmh.co.uk\/wp-content\/uploads\/image.png 626w, https:\/\/www.whitesmh.co.uk\/wp-content\/uploads\/image-600x143.png 600w\" sizes=\"auto, (max-width: 626px) 100vw, 626px\" \/><\/figure>\n<\/div>\n<\/div>\n\n\n\n<div class=\"wp-block-buttons is-layout-flex wp-block-buttons-is-layout-flex\">\n<div class=\"wp-block-button\"><a class=\"wp-block-button__link wp-element-button\" href=\"https:\/\/www.whitesmh.co.uk\/contact\/\">KONTAKTIEREN SIE UNS<\/a><\/div>\n\n\n\n<div class=\"wp-block-button\"><a class=\"wp-block-button__link wp-element-button\" href=\"https:\/\/www.whitesmh.co.uk\/support\/buckets-product-support\/\">PRODUKT-SUPPORT<\/a><\/div>\n<\/div>\n<\/div>\n<\/div>\n\n<div class=\"wp-block-group is-layout-flow wp-block-group-is-layout-flow\">\n<div class=\"wp-block-group has-primary-background-color has-background is-layout-flow wp-block-group-is-layout-flow\" style=\"margin-top:30px;margin-bottom:30px;padding-top:var(--wp--preset--spacing--40);padding-right:var(--wp--preset--spacing--40);padding-bottom:var(--wp--preset--spacing--40);padding-left:var(--wp--preset--spacing--40)\">\n<h3 class=\"wp-block-heading\">MODELLE<\/h3>\n<\/div>\n<\/div>\n\n<figure class=\"wp-block-table\"><table><tbody><tr><td class=\"has-text-align-center\" data-align=\"center\"><strong>Teilenummer<\/strong><\/td><td class=\"has-text-align-center\" data-align=\"center\"><strong>Breite (mm)<\/strong><\/td><td class=\"has-text-align-center\" data-align=\"center\"><strong>Breite (Zoll)<\/strong><\/td><td class=\"has-text-align-center\" data-align=\"center\"><strong>Fassungsverm\u00f6gen (m3)<\/strong><\/td><td class=\"has-text-align-center\" data-align=\"center\"><strong>Z\u00e4hne<\/strong><\/td><\/tr><tr><td class=\"has-text-align-center\" data-align=\"center\">LB-1525<\/td><td class=\"has-text-align-center\" data-align=\"center\">1525<\/td><td class=\"has-text-align-center\" data-align=\"center\">60<\/td><td class=\"has-text-align-center\" data-align=\"center\">0,30 m3<\/td><td class=\"has-text-align-center\" data-align=\"center\">Nein<\/td><\/tr><tr><td class=\"has-text-align-center\" data-align=\"center\">LB-1680<\/td><td class=\"has-text-align-center\" data-align=\"center\">1680<\/td><td class=\"has-text-align-center\" data-align=\"center\">66<\/td><td class=\"has-text-align-center\" data-align=\"center\">0,41 m3<\/td><td class=\"has-text-align-center\" data-align=\"center\">Nein<\/td><\/tr><tr><td class=\"has-text-align-center\" data-align=\"center\">LB-1850<\/td><td class=\"has-text-align-center\" data-align=\"center\">1850<\/td><td class=\"has-text-align-center\" data-align=\"center\">73<\/td><td class=\"has-text-align-center\" data-align=\"center\">0,56 m3<\/td><td class=\"has-text-align-center\" data-align=\"center\">Nein<\/td><\/tr><tr><td class=\"has-text-align-center\" data-align=\"center\">LB-2080<\/td><td class=\"has-text-align-center\" data-align=\"center\">2080<\/td><td class=\"has-text-align-center\" data-align=\"center\">82<\/td><td class=\"has-text-align-center\" data-align=\"center\">0,88 m3<\/td><td class=\"has-text-align-center\" data-align=\"center\">Nein<\/td><\/tr><tr><td class=\"has-text-align-center\" data-align=\"center\">LT-1525<\/td><td class=\"has-text-align-center\" data-align=\"center\">1525<\/td><td class=\"has-text-align-center\" data-align=\"center\">60<\/td><td class=\"has-text-align-center\" data-align=\"center\">0,30 m3<\/td><td class=\"has-text-align-center\" data-align=\"center\">Ja<\/td><\/tr><tr><td class=\"has-text-align-center\" data-align=\"center\">LT-1680<\/td><td class=\"has-text-align-center\" data-align=\"center\">1680<\/td><td class=\"has-text-align-center\" data-align=\"center\">66<\/td><td class=\"has-text-align-center\" data-align=\"center\">0,41 m3<\/td><td class=\"has-text-align-center\" data-align=\"center\">Ja<\/td><\/tr><tr><td class=\"has-text-align-center\" data-align=\"center\">LT-1850<\/td><td class=\"has-text-align-center\" data-align=\"center\">1850<\/td><td class=\"has-text-align-center\" data-align=\"center\">73<\/td><td class=\"has-text-align-center\" data-align=\"center\">0,56 m3<\/td><td class=\"has-text-align-center\" data-align=\"center\">Ja<\/td><\/tr><tr><td class=\"has-text-align-center\" data-align=\"center\">LT-2080<\/td><td class=\"has-text-align-center\" data-align=\"center\">2080<\/td><td class=\"has-text-align-center\" data-align=\"center\">82<\/td><td class=\"has-text-align-center\" data-align=\"center\">0,88 m3<\/td><td class=\"has-text-align-center\" data-align=\"center\">Ja<\/td><\/tr><\/tbody><\/table><\/figure>\n\n<div class=\"wp-block-group is-layout-constrained wp-block-group-is-layout-constrained\">\n<div class=\"wp-block-group alignfull has-primary-background-color has-background is-layout-flow wp-block-group-is-layout-flow\" style=\"margin-top:30px;margin-bottom:30px;padding-top:var(--wp--preset--spacing--40);padding-right:var(--wp--preset--spacing--40);padding-bottom:var(--wp--preset--spacing--40);padding-left:var(--wp--preset--spacing--40)\">\n<h3 class=\"wp-block-heading\">GALERIE<\/h3>\n<\/div>\n\n\n\n<figure class=\"wp-block-gallery alignfull has-nested-images columns-4 is-cropped wp-block-gallery-1 is-layout-flex wp-block-gallery-is-layout-flex\">\n<figure class=\"wp-block-image alignfull size-thumbnail\"><a href=\"https:\/\/www.whitesmh.co.uk\/wp-content\/uploads\/279676890_1403139753491970_7964679238708995728_n-1.jpg\"><img loading=\"lazy\" decoding=\"async\" width=\"400\" height=\"400\" data-id=\"2032\" src=\"https:\/\/www.whitesmh.co.uk\/wp-content\/uploads\/279676890_1403139753491970_7964679238708995728_n-1-400x400.jpg\" alt=\"\" class=\"wp-image-2032\" srcset=\"https:\/\/www.whitesmh.co.uk\/wp-content\/uploads\/279676890_1403139753491970_7964679238708995728_n-1-400x400.jpg 400w, https:\/\/www.whitesmh.co.uk\/wp-content\/uploads\/279676890_1403139753491970_7964679238708995728_n-1-300x300.jpg 300w, https:\/\/www.whitesmh.co.uk\/wp-content\/uploads\/279676890_1403139753491970_7964679238708995728_n-1-100x100.jpg 100w\" sizes=\"auto, (max-width: 400px) 100vw, 400px\" \/><\/a><\/figure>\n\n\n\n<figure class=\"wp-block-image size-thumbnail\"><a href=\"https:\/\/www.whitesmh.co.uk\/wp-content\/uploads\/ae60fa9f-e5e2-4478-a96f-ee005d1af293.jpeg\"><img loading=\"lazy\" decoding=\"async\" width=\"400\" height=\"400\" data-id=\"2084\" src=\"https:\/\/www.whitesmh.co.uk\/wp-content\/uploads\/ae60fa9f-e5e2-4478-a96f-ee005d1af293-400x400.jpeg\" alt=\"\" class=\"wp-image-2084\" srcset=\"https:\/\/www.whitesmh.co.uk\/wp-content\/uploads\/ae60fa9f-e5e2-4478-a96f-ee005d1af293-400x400.jpeg 400w, https:\/\/www.whitesmh.co.uk\/wp-content\/uploads\/ae60fa9f-e5e2-4478-a96f-ee005d1af293-300x300.jpeg 300w, https:\/\/www.whitesmh.co.uk\/wp-content\/uploads\/ae60fa9f-e5e2-4478-a96f-ee005d1af293-100x100.jpeg 100w\" sizes=\"auto, (max-width: 400px) 100vw, 400px\" \/><\/a><\/figure>\n\n\n\n<figure class=\"wp-block-image size-thumbnail\"><a href=\"https:\/\/www.whitesmh.co.uk\/wp-content\/uploads\/1687719393918-1.jpg\"><img loading=\"lazy\" decoding=\"async\" width=\"400\" height=\"400\" data-id=\"2080\" src=\"https:\/\/www.whitesmh.co.uk\/wp-content\/uploads\/1687719393918-1-400x400.jpg\" alt=\"\" class=\"wp-image-2080\" srcset=\"https:\/\/www.whitesmh.co.uk\/wp-content\/uploads\/1687719393918-1-400x400.jpg 400w, https:\/\/www.whitesmh.co.uk\/wp-content\/uploads\/1687719393918-1-300x300.jpg 300w, https:\/\/www.whitesmh.co.uk\/wp-content\/uploads\/1687719393918-1-100x100.jpg 100w\" sizes=\"auto, (max-width: 400px) 100vw, 400px\" \/><\/a><\/figure>\n\n\n\n<figure class=\"wp-block-image size-thumbnail\"><a href=\"https:\/\/www.whitesmh.co.uk\/wp-content\/uploads\/1687719392337-1.jpg\"><img loading=\"lazy\" decoding=\"async\" width=\"400\" height=\"400\" data-id=\"2079\" src=\"https:\/\/www.whitesmh.co.uk\/wp-content\/uploads\/1687719392337-1-400x400.jpg\" alt=\"\" class=\"wp-image-2079\" srcset=\"https:\/\/www.whitesmh.co.uk\/wp-content\/uploads\/1687719392337-1-400x400.jpg 400w, https:\/\/www.whitesmh.co.uk\/wp-content\/uploads\/1687719392337-1-300x300.jpg 300w, https:\/\/www.whitesmh.co.uk\/wp-content\/uploads\/1687719392337-1-100x100.jpg 100w\" sizes=\"auto, (max-width: 400px) 100vw, 400px\" \/><\/a><\/figure>\n\n\n\n<figure class=\"wp-block-image size-thumbnail\"><a href=\"https:\/\/www.whitesmh.co.uk\/wp-content\/uploads\/IMG_2507-scaled.jpeg\"><img loading=\"lazy\" decoding=\"async\" width=\"400\" height=\"400\" data-id=\"2255\" src=\"https:\/\/www.whitesmh.co.uk\/wp-content\/uploads\/IMG_2507-400x400.jpeg\" alt=\"\" class=\"wp-image-2255\" srcset=\"https:\/\/www.whitesmh.co.uk\/wp-content\/uploads\/IMG_2507-400x400.jpeg 400w, https:\/\/www.whitesmh.co.uk\/wp-content\/uploads\/IMG_2507-scaled-300x300.jpeg 300w, https:\/\/www.whitesmh.co.uk\/wp-content\/uploads\/IMG_2507-scaled-100x100.jpeg 100w\" sizes=\"auto, (max-width: 400px) 100vw, 400px\" \/><\/a><\/figure>\n\n\n\n<figure class=\"wp-block-image size-thumbnail\"><a href=\"https:\/\/www.whitesmh.co.uk\/wp-content\/uploads\/IMG_2506-scaled.jpeg\"><img loading=\"lazy\" decoding=\"async\" width=\"400\" height=\"400\" data-id=\"2254\" src=\"https:\/\/www.whitesmh.co.uk\/wp-content\/uploads\/IMG_2506-400x400.jpeg\" alt=\"\" class=\"wp-image-2254\" srcset=\"https:\/\/www.whitesmh.co.uk\/wp-content\/uploads\/IMG_2506-400x400.jpeg 400w, https:\/\/www.whitesmh.co.uk\/wp-content\/uploads\/IMG_2506-scaled-300x300.jpeg 300w, https:\/\/www.whitesmh.co.uk\/wp-content\/uploads\/IMG_2506-scaled-100x100.jpeg 100w\" sizes=\"auto, (max-width: 400px) 100vw, 400px\" \/><\/a><\/figure>\n\n\n\n<figure class=\"wp-block-image size-thumbnail\"><a href=\"https:\/\/www.whitesmh.co.uk\/wp-content\/uploads\/IMG_2512-scaled.jpeg\"><img loading=\"lazy\" decoding=\"async\" width=\"400\" height=\"400\" data-id=\"2256\" src=\"https:\/\/www.whitesmh.co.uk\/wp-content\/uploads\/IMG_2512-400x400.jpeg\" alt=\"\" class=\"wp-image-2256\" srcset=\"https:\/\/www.whitesmh.co.uk\/wp-content\/uploads\/IMG_2512-400x400.jpeg 400w, https:\/\/www.whitesmh.co.uk\/wp-content\/uploads\/IMG_2512-scaled-300x300.jpeg 300w, https:\/\/www.whitesmh.co.uk\/wp-content\/uploads\/IMG_2512-scaled-100x100.jpeg 100w\" sizes=\"auto, (max-width: 400px) 100vw, 400px\" \/><\/a><\/figure>\n\n\n\n<figure class=\"wp-block-image size-thumbnail\"><a href=\"https:\/\/www.whitesmh.co.uk\/wp-content\/uploads\/IMG_2514-scaled.jpeg\"><img loading=\"lazy\" decoding=\"async\" width=\"400\" height=\"400\" data-id=\"2258\" src=\"https:\/\/www.whitesmh.co.uk\/wp-content\/uploads\/IMG_2514-400x400.jpeg\" alt=\"\" class=\"wp-image-2258\" srcset=\"https:\/\/www.whitesmh.co.uk\/wp-content\/uploads\/IMG_2514-400x400.jpeg 400w, https:\/\/www.whitesmh.co.uk\/wp-content\/uploads\/IMG_2514-scaled-300x300.jpeg 300w, https:\/\/www.whitesmh.co.uk\/wp-content\/uploads\/IMG_2514-scaled-100x100.jpeg 100w\" sizes=\"auto, (max-width: 400px) 100vw, 400px\" \/><\/a><\/figure>\n<\/figure>\n<\/div>\n","protected":false},"excerpt":{"rendered":"<p>FLACHE SCHAUFELN Die WHITES Low Profile Kompaktladerschaufel ist ein allgemein anerkanntes, OEM-vertrauensw\u00fcrdiges Produkt, das den Standard f\u00fcr Kompaktladerschaufeln setzt. MODELLE Teilenummer Breite (mm) Breite (Zoll) Fassungsverm\u00f6gen (m3) Z\u00e4hne LB-1525 1525 60 0,30 m3 Nein LB-1680 1680 66 0,41 m3 Nein LB-1850 1850 73 0,56 m3 Nein LB-2080 2080 82 0,88 m3 Nein LT-1525 1525 60&hellip;<\/p>\n","protected":false},"featured_media":5492,"template":"","meta":{"_acf_changed":false},"product_brand":[],"product_cat":[309],"product_tag":[],"class_list":{"2":"type-product","7":"product","8":"first","9":"instock","10":"taxable","11":"shipping-taxable","12":"product-type-simple"},"acf":[],"_links":{"self":[{"href":"https:\/\/www.whitesmh.co.uk\/de\/wp-json\/wp\/v2\/product\/5490","targetHints":{"allow":["GET"]}}],"collection":[{"href":"https:\/\/www.whitesmh.co.uk\/de\/wp-json\/wp\/v2\/product"}],"about":[{"href":"https:\/\/www.whitesmh.co.uk\/de\/wp-json\/wp\/v2\/types\/product"}],"wp:featuredmedia":[{"embeddable":true,"href":"https:\/\/www.whitesmh.co.uk\/de\/wp-json\/wp\/v2\/media\/5492"}],"wp:attachment":[{"href":"https:\/\/www.whitesmh.co.uk\/de\/wp-json\/wp\/v2\/media?parent=5490"}],"wp:term":[{"taxonomy":"product_brand","embeddable":true,"href":"https:\/\/www.whitesmh.co.uk\/de\/wp-json\/wp\/v2\/product_brand?post=5490"},{"taxonomy":"product_cat","embeddable":true,"href":"https:\/\/www.whitesmh.co.uk\/de\/wp-json\/wp\/v2\/product_cat?post=5490"},{"taxonomy":"product_tag","embeddable":true,"href":"https:\/\/www.whitesmh.co.uk\/de\/wp-json\/wp\/v2\/product_tag?post=5490"}],"curies":[{"name":"wp","href":"https:\/\/api.w.org\/{rel}","templated":true}]}}