{"id":5353,"date":"2023-12-08T11:34:36","date_gmt":"2023-12-08T11:34:36","guid":{"rendered":"https:\/\/www.whitesmh.co.uk\/products\/schlegelmaeher\/"},"modified":"2024-11-19T11:24:08","modified_gmt":"2024-11-19T11:24:08","slug":"schlegelmaeher","status":"publish","type":"product","link":"https:\/\/www.whitesmh.co.uk\/de\/produkt\/schlegelmaeher\/","title":{"rendered":"Schlegelm\u00e4her"},"content":{"rendered":"\n<div class=\"wp-block-columns is-layout-flex wp-container-core-columns-is-layout-28f84493 wp-block-columns-is-layout-flex\">\n<div class=\"wp-block-column is-vertically-aligned-center is-layout-flow wp-block-column-is-layout-flow\">\n<figure class=\"wp-block-image size-full\"><img loading=\"lazy\" decoding=\"async\" width=\"2560\" height=\"1920\" src=\"https:\/\/www.whitesmh.co.uk\/wp-content\/uploads\/ea650489-4c31-4887-8e42-8ac5e9886731-scaled.jpeg\" alt=\"\" class=\"wp-image-2858\" srcset=\"https:\/\/www.whitesmh.co.uk\/wp-content\/uploads\/ea650489-4c31-4887-8e42-8ac5e9886731-scaled.jpeg 2560w, https:\/\/www.whitesmh.co.uk\/wp-content\/uploads\/ea650489-4c31-4887-8e42-8ac5e9886731-scaled-600x450.jpeg 600w, https:\/\/www.whitesmh.co.uk\/wp-content\/uploads\/ea650489-4c31-4887-8e42-8ac5e9886731-800x600.jpeg 800w, https:\/\/www.whitesmh.co.uk\/wp-content\/uploads\/ea650489-4c31-4887-8e42-8ac5e9886731-768x576.jpeg 768w\" sizes=\"auto, (max-width: 800px) 100vw, 800px\" \/><\/figure>\n<\/div>\n\n\n\n<div class=\"wp-block-column is-layout-flow wp-block-column-is-layout-flow\">\n<h2 class=\"wp-block-heading\" style=\"text-transform:uppercase\">SCHLEGELM\u00c4HER<\/h2>\n\n\n\n<p>Der Schlegelm\u00e4her WHITES ist ein leistungsstarkes und langlebiges Werkzeug zum S\u00e4ubern von dichten Materialien. Seine brutale Hammermechanik macht die Arbeit mit allen \u00c4sten\/B\u00fcrsten bis zu einem Durchmesser von 80 mm zum Kinderspiel.  <\/p>\n\n\n\n<ul class=\"wp-block-list\">\n<li>Bidirektionaler Motor &#8211; keine Geh\u00e4useablassleitung<\/li>\n\n\n\n<li>Betrieb mit geringem Durchfluss<\/li>\n\n\n\n<li>Schwinghammer-Design<\/li>\n\n\n\n<li>Kann bis zu 80 mm \u00c4ste\/B\u00fcrste schneiden<\/li>\n\n\n\n<li>Walzenverdichter  <\/li>\n<\/ul>\n\n\n\n<div class=\"wp-block-columns is-layout-flex wp-container-core-columns-is-layout-28f84493 wp-block-columns-is-layout-flex\">\n<div class=\"wp-block-column is-layout-flow wp-block-column-is-layout-flow\" style=\"flex-basis:100%\">\n<figure class=\"wp-block-image size-full is-resized\"><img loading=\"lazy\" decoding=\"async\" width=\"626\" height=\"149\" src=\"https:\/\/www.whitesmh.co.uk\/wp-content\/uploads\/image.png\" alt=\"\" class=\"wp-image-635\" style=\"width:268px;height:auto\" srcset=\"https:\/\/www.whitesmh.co.uk\/wp-content\/uploads\/image.png 626w, https:\/\/www.whitesmh.co.uk\/wp-content\/uploads\/image-600x143.png 600w\" sizes=\"auto, (max-width: 626px) 100vw, 626px\" \/><\/figure>\n<\/div>\n<\/div>\n\n\n\n<div class=\"wp-block-buttons is-layout-flex wp-block-buttons-is-layout-flex\">\n<div class=\"wp-block-button\"><a class=\"wp-block-button__link wp-element-button\" href=\"https:\/\/www.whitesmh.co.uk\/contact\/\">KONTAKTIEREN SIE UNS<\/a><\/div>\n<\/div>\n<\/div>\n<\/div>\n\n<div class=\"wp-block-group is-layout-constrained wp-block-group-is-layout-constrained\">\n<div class=\"wp-block-group alignfull has-primary-background-color has-background is-layout-flow wp-block-group-is-layout-flow\" style=\"margin-top:30px;margin-bottom:30px;padding-top:var(--wp--preset--spacing--40);padding-right:var(--wp--preset--spacing--40);padding-bottom:var(--wp--preset--spacing--40);padding-left:var(--wp--preset--spacing--40)\">\n<h3 class=\"wp-block-heading\">MODELLE<\/h3>\n<\/div>\n<\/div>\n\n<figure class=\"wp-block-table\"><table><tbody><tr><td class=\"has-text-align-center\" data-align=\"center\"><strong>Modell<\/strong><\/td><td class=\"has-text-align-center\" data-align=\"center\"><strong>Schnittbreite<\/strong><\/td><td class=\"has-text-align-center\" data-align=\"center\"><strong>Maschinengr\u00f6\u00dfe<\/strong><\/td><td class=\"has-text-align-center\" data-align=\"center\"><strong>Nein. H\u00e4mmer<\/strong><\/td><td class=\"has-text-align-center\" data-align=\"center\"><strong>Maximaler Schnitt<\/strong><\/td><td class=\"has-text-align-center\" data-align=\"center\"><strong>Maximaler Gegendruck<\/strong><\/td><td class=\"has-text-align-center\" data-align=\"center\"><strong>\u00d6l-Durchflussbereich<\/strong><\/td><td class=\"has-text-align-center\" data-align=\"center\"><strong>Gewicht<\/strong><\/td><\/tr><tr><td class=\"has-text-align-center\" data-align=\"center\">FM10-03<\/td><td class=\"has-text-align-center\" data-align=\"center\">850mm<\/td><td class=\"has-text-align-center\" data-align=\"center\">2,5 t &#8211; 4,0 t<\/td><td class=\"has-text-align-center\" data-align=\"center\">16<\/td><td class=\"has-text-align-center\" data-align=\"center\">80mm<\/td><td class=\"has-text-align-center\" data-align=\"center\">8 bar<\/td><td class=\"has-text-align-center\" data-align=\"center\">27 &#8211; 40 l\/min<\/td><td class=\"has-text-align-center\" data-align=\"center\">160kg<\/td><\/tr><\/tbody><\/table><\/figure>\n\n<div class=\"wp-block-group is-layout-flow wp-block-group-is-layout-flow\">\n<div class=\"wp-block-group has-primary-background-color has-background is-layout-flow wp-block-group-is-layout-flow\" style=\"margin-top:30px;margin-bottom:30px;padding-top:var(--wp--preset--spacing--40);padding-right:var(--wp--preset--spacing--40);padding-bottom:var(--wp--preset--spacing--40);padding-left:var(--wp--preset--spacing--40)\">\n<h3 class=\"wp-block-heading\">GALERIE<\/h3>\n<\/div>\n\n\n\n<figure class=\"wp-block-gallery has-nested-images columns-4 is-cropped wp-block-gallery-1 is-layout-flex wp-block-gallery-is-layout-flex\">\n<figure class=\"wp-block-image size-thumbnail\"><a href=\"https:\/\/www.whitesmh.co.uk\/wp-content\/uploads\/IMG_3058-scaled.jpeg\"><img loading=\"lazy\" decoding=\"async\" width=\"400\" height=\"400\" data-id=\"2746\" src=\"https:\/\/www.whitesmh.co.uk\/wp-content\/uploads\/IMG_3058-400x400.jpeg\" alt=\"\" class=\"wp-image-2746\" srcset=\"https:\/\/www.whitesmh.co.uk\/wp-content\/uploads\/IMG_3058-400x400.jpeg 400w, https:\/\/www.whitesmh.co.uk\/wp-content\/uploads\/IMG_3058-scaled-300x300.jpeg 300w, https:\/\/www.whitesmh.co.uk\/wp-content\/uploads\/IMG_3058-scaled-100x100.jpeg 100w\" sizes=\"auto, (max-width: 400px) 100vw, 400px\" \/><\/a><\/figure>\n\n\n\n<figure class=\"wp-block-image size-thumbnail\"><a href=\"https:\/\/www.whitesmh.co.uk\/wp-content\/uploads\/164c27e8-df1a-4a33-adf3-1fafd82a529c.jpeg\"><img decoding=\"async\" data-id=\"2847\" src=\"https:\/\/www.whitesmh.co.uk\/wp-content\/uploads\/164c27e8-df1a-4a33-adf3-1fafd82a529c-400x400.jpeg\" alt=\"\" class=\"wp-image-2847\"\/><\/a><\/figure>\n\n\n\n<figure class=\"wp-block-image size-thumbnail\"><a href=\"https:\/\/www.whitesmh.co.uk\/wp-content\/uploads\/IMG_3056-scaled.jpeg\"><img loading=\"lazy\" decoding=\"async\" width=\"400\" height=\"400\" data-id=\"2744\" src=\"https:\/\/www.whitesmh.co.uk\/wp-content\/uploads\/IMG_3056-400x400.jpeg\" alt=\"\" class=\"wp-image-2744\" srcset=\"https:\/\/www.whitesmh.co.uk\/wp-content\/uploads\/IMG_3056-400x400.jpeg 400w, https:\/\/www.whitesmh.co.uk\/wp-content\/uploads\/IMG_3056-scaled-300x300.jpeg 300w, https:\/\/www.whitesmh.co.uk\/wp-content\/uploads\/IMG_3056-scaled-100x100.jpeg 100w\" sizes=\"auto, (max-width: 400px) 100vw, 400px\" \/><\/a><\/figure>\n\n\n\n<figure class=\"wp-block-image size-thumbnail\"><a href=\"https:\/\/www.whitesmh.co.uk\/wp-content\/uploads\/IMG_2676-1-scaled.jpeg\"><img loading=\"lazy\" decoding=\"async\" width=\"400\" height=\"400\" data-id=\"2743\" src=\"https:\/\/www.whitesmh.co.uk\/wp-content\/uploads\/IMG_2676-1-400x400.jpeg\" alt=\"\" class=\"wp-image-2743\" srcset=\"https:\/\/www.whitesmh.co.uk\/wp-content\/uploads\/IMG_2676-1-400x400.jpeg 400w, https:\/\/www.whitesmh.co.uk\/wp-content\/uploads\/IMG_2676-1-scaled-300x300.jpeg 300w, https:\/\/www.whitesmh.co.uk\/wp-content\/uploads\/IMG_2676-1-scaled-100x100.jpeg 100w\" sizes=\"auto, (max-width: 400px) 100vw, 400px\" \/><\/a><\/figure>\n\n\n\n<figure class=\"wp-block-image size-thumbnail\"><a href=\"https:\/\/www.whitesmh.co.uk\/wp-content\/uploads\/fb2aff86-a6d6-436a-8cd6-c77f64ecdf96-scaled.jpeg\"><img loading=\"lazy\" decoding=\"async\" width=\"400\" height=\"400\" data-id=\"2868\" src=\"https:\/\/www.whitesmh.co.uk\/wp-content\/uploads\/fb2aff86-a6d6-436a-8cd6-c77f64ecdf96-400x400.jpeg\" alt=\"\" class=\"wp-image-2868\" srcset=\"https:\/\/www.whitesmh.co.uk\/wp-content\/uploads\/fb2aff86-a6d6-436a-8cd6-c77f64ecdf96-400x400.jpeg 400w, https:\/\/www.whitesmh.co.uk\/wp-content\/uploads\/fb2aff86-a6d6-436a-8cd6-c77f64ecdf96-scaled-300x300.jpeg 300w, https:\/\/www.whitesmh.co.uk\/wp-content\/uploads\/fb2aff86-a6d6-436a-8cd6-c77f64ecdf96-scaled-100x100.jpeg 100w\" sizes=\"auto, (max-width: 400px) 100vw, 400px\" \/><\/a><\/figure>\n\n\n\n<figure class=\"wp-block-image size-thumbnail\"><a href=\"https:\/\/www.whitesmh.co.uk\/wp-content\/uploads\/IMG_3060-scaled.jpeg\"><img loading=\"lazy\" decoding=\"async\" width=\"400\" height=\"400\" data-id=\"2869\" src=\"https:\/\/www.whitesmh.co.uk\/wp-content\/uploads\/IMG_3060-400x400.jpeg\" alt=\"\" class=\"wp-image-2869\" srcset=\"https:\/\/www.whitesmh.co.uk\/wp-content\/uploads\/IMG_3060-400x400.jpeg 400w, https:\/\/www.whitesmh.co.uk\/wp-content\/uploads\/IMG_3060-scaled-300x300.jpeg 300w, https:\/\/www.whitesmh.co.uk\/wp-content\/uploads\/IMG_3060-scaled-100x100.jpeg 100w\" sizes=\"auto, (max-width: 400px) 100vw, 400px\" \/><\/a><\/figure>\n\n\n\n<figure class=\"wp-block-image size-thumbnail\"><a href=\"https:\/\/www.whitesmh.co.uk\/wp-content\/uploads\/20849c97-c9dd-46be-aaf4-569da05f4521-scaled.jpeg\"><img loading=\"lazy\" decoding=\"async\" width=\"400\" height=\"400\" data-id=\"2867\" src=\"https:\/\/www.whitesmh.co.uk\/wp-content\/uploads\/20849c97-c9dd-46be-aaf4-569da05f4521-400x400.jpeg\" alt=\"\" class=\"wp-image-2867\" srcset=\"https:\/\/www.whitesmh.co.uk\/wp-content\/uploads\/20849c97-c9dd-46be-aaf4-569da05f4521-400x400.jpeg 400w, https:\/\/www.whitesmh.co.uk\/wp-content\/uploads\/20849c97-c9dd-46be-aaf4-569da05f4521-scaled-300x300.jpeg 300w, https:\/\/www.whitesmh.co.uk\/wp-content\/uploads\/20849c97-c9dd-46be-aaf4-569da05f4521-scaled-100x100.jpeg 100w\" sizes=\"auto, (max-width: 400px) 100vw, 400px\" \/><\/a><\/figure>\n\n\n\n<figure class=\"wp-block-image size-thumbnail\"><a href=\"https:\/\/www.whitesmh.co.uk\/wp-content\/uploads\/6e22cb02-7531-454c-a55d-a0ef76282c98-scaled.jpeg\"><img decoding=\"async\" data-id=\"2866\" src=\"https:\/\/www.whitesmh.co.uk\/wp-content\/uploads\/6e22cb02-7531-454c-a55d-a0ef76282c98-400x400.jpeg\" alt=\"\" class=\"wp-image-2866\"\/><\/a><\/figure>\n\n\n\n<figure class=\"wp-block-image size-thumbnail\"><a href=\"https:\/\/www.whitesmh.co.uk\/wp-content\/uploads\/3cb5dc21-7547-4149-b70f-c2c4a2955229.jpeg\"><img loading=\"lazy\" decoding=\"async\" width=\"400\" height=\"400\" data-id=\"2909\" src=\"https:\/\/www.whitesmh.co.uk\/wp-content\/uploads\/3cb5dc21-7547-4149-b70f-c2c4a2955229-400x400.jpeg\" alt=\"\" class=\"wp-image-2909\" srcset=\"https:\/\/www.whitesmh.co.uk\/wp-content\/uploads\/3cb5dc21-7547-4149-b70f-c2c4a2955229-400x400.jpeg 400w, https:\/\/www.whitesmh.co.uk\/wp-content\/uploads\/3cb5dc21-7547-4149-b70f-c2c4a2955229-300x300.jpeg 300w, https:\/\/www.whitesmh.co.uk\/wp-content\/uploads\/3cb5dc21-7547-4149-b70f-c2c4a2955229-100x100.jpeg 100w\" sizes=\"auto, (max-width: 400px) 100vw, 400px\" \/><\/a><\/figure>\n\n\n\n<figure class=\"wp-block-image size-thumbnail\"><a href=\"https:\/\/www.whitesmh.co.uk\/wp-content\/uploads\/4df53a3a-a72c-4a86-ac86-adbee8a29b05.jpeg\"><img loading=\"lazy\" decoding=\"async\" width=\"400\" height=\"400\" data-id=\"2910\" src=\"https:\/\/www.whitesmh.co.uk\/wp-content\/uploads\/4df53a3a-a72c-4a86-ac86-adbee8a29b05-400x400.jpeg\" alt=\"\" class=\"wp-image-2910\" srcset=\"https:\/\/www.whitesmh.co.uk\/wp-content\/uploads\/4df53a3a-a72c-4a86-ac86-adbee8a29b05-400x400.jpeg 400w, https:\/\/www.whitesmh.co.uk\/wp-content\/uploads\/4df53a3a-a72c-4a86-ac86-adbee8a29b05-300x300.jpeg 300w, https:\/\/www.whitesmh.co.uk\/wp-content\/uploads\/4df53a3a-a72c-4a86-ac86-adbee8a29b05-100x100.jpeg 100w\" sizes=\"auto, (max-width: 400px) 100vw, 400px\" \/><\/a><\/figure>\n\n\n\n<figure class=\"wp-block-image size-thumbnail\"><a href=\"https:\/\/www.whitesmh.co.uk\/wp-content\/uploads\/cedd509c-a17b-4429-9838-4d702d41f605.jpeg\"><img loading=\"lazy\" decoding=\"async\" width=\"400\" height=\"400\" data-id=\"2912\" src=\"https:\/\/www.whitesmh.co.uk\/wp-content\/uploads\/cedd509c-a17b-4429-9838-4d702d41f605-400x400.jpeg\" alt=\"\" class=\"wp-image-2912\" srcset=\"https:\/\/www.whitesmh.co.uk\/wp-content\/uploads\/cedd509c-a17b-4429-9838-4d702d41f605-400x400.jpeg 400w, https:\/\/www.whitesmh.co.uk\/wp-content\/uploads\/cedd509c-a17b-4429-9838-4d702d41f605-300x300.jpeg 300w, https:\/\/www.whitesmh.co.uk\/wp-content\/uploads\/cedd509c-a17b-4429-9838-4d702d41f605-100x100.jpeg 100w\" sizes=\"auto, (max-width: 400px) 100vw, 400px\" \/><\/a><\/figure>\n\n\n\n<figure class=\"wp-block-image size-thumbnail\"><a href=\"https:\/\/www.whitesmh.co.uk\/wp-content\/uploads\/893f00f8-164e-466b-8e16-5cf6288c4696.jpeg\"><img loading=\"lazy\" decoding=\"async\" width=\"400\" height=\"400\" data-id=\"2911\" src=\"https:\/\/www.whitesmh.co.uk\/wp-content\/uploads\/893f00f8-164e-466b-8e16-5cf6288c4696-400x400.jpeg\" alt=\"\" class=\"wp-image-2911\" srcset=\"https:\/\/www.whitesmh.co.uk\/wp-content\/uploads\/893f00f8-164e-466b-8e16-5cf6288c4696-400x400.jpeg 400w, https:\/\/www.whitesmh.co.uk\/wp-content\/uploads\/893f00f8-164e-466b-8e16-5cf6288c4696-300x300.jpeg 300w, https:\/\/www.whitesmh.co.uk\/wp-content\/uploads\/893f00f8-164e-466b-8e16-5cf6288c4696-100x100.jpeg 100w\" sizes=\"auto, (max-width: 400px) 100vw, 400px\" \/><\/a><\/figure>\n<\/figure>\n<\/div>\n\n<div class=\"wp-block-group is-layout-constrained wp-block-group-is-layout-constrained\">\n<div class=\"wp-block-group alignfull has-primary-background-color has-background is-layout-flow wp-block-group-is-layout-flow\" style=\"margin-top:30px;margin-bottom:30px;padding-top:var(--wp--preset--spacing--40);padding-right:var(--wp--preset--spacing--40);padding-bottom:var(--wp--preset--spacing--40);padding-left:var(--wp--preset--spacing--40)\">\n<h3 class=\"wp-block-heading\">VIDEO<\/h3>\n<\/div>\n<\/div>\n\n<figure class=\"wp-block-embed is-type-video is-provider-youtube wp-block-embed-youtube wp-embed-aspect-4-3 wp-has-aspect-ratio\"><div class=\"wp-block-embed__wrapper\">\n<iframe loading=\"lazy\" title=\"Whites Material Handling - Flail Mower\" width=\"800\" height=\"600\" src=\"https:\/\/www.youtube.com\/embed\/AXkqbwKeo-U?feature=oembed\" frameborder=\"0\" allow=\"accelerometer; autoplay; clipboard-write; encrypted-media; gyroscope; picture-in-picture; web-share\" referrerpolicy=\"strict-origin-when-cross-origin\" allowfullscreen><\/iframe>\n<\/div><\/figure>\n","protected":false},"excerpt":{"rendered":"<p>SCHLEGELM\u00c4HER Der Schlegelm\u00e4her WHITES ist ein leistungsstarkes und langlebiges Werkzeug zum S\u00e4ubern von dichten Materialien. Seine brutale Hammermechanik macht die Arbeit mit allen \u00c4sten\/B\u00fcrsten bis zu einem Durchmesser von 80 mm zum Kinderspiel. MODELLE Modell Schnittbreite Maschinengr\u00f6\u00dfe Nein. H\u00e4mmer Maximaler Schnitt Maximaler Gegendruck \u00d6l-Durchflussbereich Gewicht FM10-03 850mm 2,5 t &#8211; 4,0 t 16 80mm 8&hellip;<\/p>\n","protected":false},"featured_media":10208,"template":"","meta":{"_acf_changed":false},"product_brand":[],"product_cat":[310,295],"product_tag":[],"class_list":{"2":"type-product","8":"product","9":"first","10":"instock","11":"taxable","12":"shipping-taxable","13":"product-type-simple"},"acf":[],"_links":{"self":[{"href":"https:\/\/www.whitesmh.co.uk\/de\/wp-json\/wp\/v2\/product\/5353","targetHints":{"allow":["GET"]}}],"collection":[{"href":"https:\/\/www.whitesmh.co.uk\/de\/wp-json\/wp\/v2\/product"}],"about":[{"href":"https:\/\/www.whitesmh.co.uk\/de\/wp-json\/wp\/v2\/types\/product"}],"wp:featuredmedia":[{"embeddable":true,"href":"https:\/\/www.whitesmh.co.uk\/de\/wp-json\/wp\/v2\/media\/10208"}],"wp:attachment":[{"href":"https:\/\/www.whitesmh.co.uk\/de\/wp-json\/wp\/v2\/media?parent=5353"}],"wp:term":[{"taxonomy":"product_brand","embeddable":true,"href":"https:\/\/www.whitesmh.co.uk\/de\/wp-json\/wp\/v2\/product_brand?post=5353"},{"taxonomy":"product_cat","embeddable":true,"href":"https:\/\/www.whitesmh.co.uk\/de\/wp-json\/wp\/v2\/product_cat?post=5353"},{"taxonomy":"product_tag","embeddable":true,"href":"https:\/\/www.whitesmh.co.uk\/de\/wp-json\/wp\/v2\/product_tag?post=5353"}],"curies":[{"name":"wp","href":"https:\/\/api.w.org\/{rel}","templated":true}]}}